{"id":936,"date":"2023-08-07T15:34:11","date_gmt":"2023-08-07T15:34:11","guid":{"rendered":"https:\/\/hcxmachinery.com\/?post_type=product&#038;p=936"},"modified":"2025-12-08T07:59:51","modified_gmt":"2025-12-08T07:59:51","slug":"xe215da","status":"publish","type":"product","link":"https:\/\/www.hcxmachinery.com\/pt\/produto\/xe215da\/","title":{"rendered":"21.5T XE215DA Escavadora em Bom Estado Usado Original Para Venda"},"content":{"rendered":"<h2>XE215DA<\/h2>\n<p>A escavadora hidr\u00e1ulica est\u00e1 equipada com um motor de bin\u00e1rio elevado de baixa velocidade com elevada efici\u00eancia e baixo consumo de combust\u00edvel. A grande estrutura inferior e o amortecedor piloto s\u00e3o mais est\u00e1veis e confort\u00e1veis de operar; as pe\u00e7as de manuten\u00e7\u00e3o s\u00e3o movidas para fora, o per\u00edodo de manuten\u00e7\u00e3o \u00e9 alargado, a manuten\u00e7\u00e3o \u00e9 mais conveniente; a adaptabilidade do ambiente \u00e9 melhor. Tem uma variedade de acess\u00f3rios opcionais, bem como fun\u00e7\u00f5es de controlo adaptativo da altitude. Pode ser amplamente utilizado em pequenas e m\u00e9dias obras de terra e pedra, constru\u00e7\u00e3o de estradas e pontes, abertura de valas e constru\u00e7\u00e3o, conserva\u00e7\u00e3o de \u00e1gua em terras agr\u00edcolas, dragagem de rios e constru\u00e7\u00e3o municipal. Tamb\u00e9m pode realizar diferentes opera\u00e7\u00f5es, como escava\u00e7\u00e3o, tritura\u00e7\u00e3o e desmantelamento, e \u00e9 altamente adapt\u00e1vel \u00e0s condi\u00e7\u00f5es de trabalho.<\/p>\n<h2 class=\"fe-bold mb-3\">PAR\u00c2METROS<\/h2>\n<p>&nbsp;<\/p>\n<table class=\"tg\" style=\"height: 2973px;\" width=\"1275\">\n<thead>\n<tr>\n<th class=\"tg-efol\" colspan=\"2\">Modelo de vendas<\/th>\n<th class=\"tg-nltw\" style=\"text-align: left;\">Unidade<\/th>\n<th class=\"tg-nltw\" style=\"text-align: left;\">Medi\u00e7\u00e3o<\/th>\n<\/tr>\n<\/thead>\n<tbody>\n<tr>\n<td class=\"tg-wa1i\" colspan=\"2\">Peso operacional<\/td>\n<td class=\"tg-nrix\">Kg<\/td>\n<td class=\"tg-nrix\">21500<\/td>\n<\/tr>\n<tr>\n<td class=\"tg-wa1i\" colspan=\"2\">Capacidade do balde<\/td>\n<td class=\"tg-nrix\">m\u00b3<\/td>\n<td class=\"tg-nrix\">1.05<\/td>\n<\/tr>\n<tr>\n<td class=\"tg-wa1i\" rowspan=\"10\">Motor<\/td>\n<td class=\"tg-yla0\">Modelo<\/td>\n<td class=\"tg-nrix\">\/<\/td>\n<td class=\"tg-nrix\">QSB7<\/td>\n<\/tr>\n<tr>\n<td class=\"tg-yla0\">Inje\u00e7\u00e3o direta<\/td>\n<td class=\"tg-nrix\">\/<\/td>\n<td class=\"tg-nrix\">\u221a<\/td>\n<\/tr>\n<tr>\n<td class=\"tg-yla0\">Quatro tempos<\/td>\n<td class=\"tg-nrix\">\/<\/td>\n<td class=\"tg-nrix\">\u221a<\/td>\n<\/tr>\n<tr>\n<td class=\"tg-yla0\">Arrefecimento a \u00e1gua<\/td>\n<td class=\"tg-nrix\">\/<\/td>\n<td class=\"tg-nrix\">\u221a<\/td>\n<\/tr>\n<tr>\n<td class=\"tg-yla0\">Turboalimenta\u00e7\u00e3o<\/td>\n<td class=\"tg-nrix\">\/<\/td>\n<td class=\"tg-nrix\">\u221a<\/td>\n<\/tr>\n<tr>\n<td class=\"tg-yla0\">Arrefecimento por ar<\/td>\n<td class=\"tg-nrix\">\/<\/td>\n<td class=\"tg-nrix\">\u221a<\/td>\n<\/tr>\n<tr>\n<td class=\"tg-yla0\">N.\u00ba de cilindros<\/td>\n<td class=\"tg-nrix\">\/<\/td>\n<td class=\"tg-nrix\">6<\/td>\n<\/tr>\n<tr>\n<td class=\"tg-yla0\">Pot\u00eancia de sa\u00edda<\/td>\n<td class=\"tg-nrix\">kw\/rpm<\/td>\n<td class=\"tg-nrix\">135\/2050<\/td>\n<\/tr>\n<tr>\n<td class=\"tg-yla0\">Bin\u00e1rio\/velocidade m\u00e1xima<\/td>\n<td class=\"tg-nrix\">N.m\/rpm<\/td>\n<td class=\"tg-nrix\">740\/900-1600<\/td>\n<\/tr>\n<tr>\n<td class=\"tg-yla0\">Desloca\u00e7\u00e3o<\/td>\n<td class=\"tg-nrix\">L<\/td>\n<td class=\"tg-nrix\">6.7<\/td>\n<\/tr>\n<tr>\n<td class=\"tg-wa1i\" rowspan=\"7\">Desempenho principal<\/td>\n<td class=\"tg-yla0\">Velocidade de desloca\u00e7\u00e3o<\/td>\n<td class=\"tg-nrix\">km\/h<\/td>\n<td class=\"tg-nrix\">5.4\/3.1<\/td>\n<\/tr>\n<tr>\n<td class=\"tg-yla0\">Velocidade de oscila\u00e7\u00e3o<\/td>\n<td class=\"tg-nrix\">r\/min<\/td>\n<td class=\"tg-nrix\">11.8<\/td>\n<\/tr>\n<tr>\n<td class=\"tg-yla0\">Capacidade de classifica\u00e7\u00e3o<\/td>\n<td class=\"tg-nrix\">\u00b0<\/td>\n<td class=\"tg-nrix\">\u226435<\/td>\n<\/tr>\n<tr>\n<td class=\"tg-yla0\">Press\u00e3o no solo<\/td>\n<td class=\"tg-nrix\">kPa<\/td>\n<td class=\"tg-nrix\">47.2<\/td>\n<\/tr>\n<tr>\n<td class=\"tg-yla0\">For\u00e7a de escava\u00e7\u00e3o do balde<\/td>\n<td class=\"tg-nrix\">kN<\/td>\n<td class=\"tg-nrix\">149<\/td>\n<\/tr>\n<tr>\n<td class=\"tg-yla0\">For\u00e7a de escava\u00e7\u00e3o do bra\u00e7o<\/td>\n<td class=\"tg-nrix\">kN<\/td>\n<td class=\"tg-nrix\">111<\/td>\n<\/tr>\n<tr>\n<td class=\"tg-yla0\">For\u00e7a de tra\u00e7\u00e3o m\u00e1xima<\/td>\n<td class=\"tg-nrix\">kN<\/td>\n<td class=\"tg-nrix\">184<\/td>\n<\/tr>\n<tr>\n<td class=\"tg-wa1i\" rowspan=\"6\">Sistema hidr\u00e1ulico<\/td>\n<td class=\"tg-yla0\">Caudal nominal da bomba principal<\/td>\n<td class=\"tg-nrix\">\/<\/td>\n<td class=\"tg-nrix\">\/<\/td>\n<\/tr>\n<tr>\n<td class=\"tg-yla0\">Caudal nominal da bomba principal<\/td>\n<td class=\"tg-nrix\">L\/min<\/td>\n<td class=\"tg-nrix\">2\u00d7216<\/td>\n<\/tr>\n<tr>\n<td class=\"tg-yla0\">Press\u00e3o da v\u00e1lvula de seguran\u00e7a principal<\/td>\n<td class=\"tg-nrix\">MPa<\/td>\n<td class=\"tg-nrix\">34.3\/37<\/td>\n<\/tr>\n<tr>\n<td class=\"tg-yla0\">Press\u00e3o do sistema de desloca\u00e7\u00e3o<\/td>\n<td class=\"tg-nrix\">MPa<\/td>\n<td class=\"tg-nrix\">34.3<\/td>\n<\/tr>\n<tr>\n<td class=\"tg-yla0\">Press\u00e3o do sistema de oscila\u00e7\u00e3o<\/td>\n<td class=\"tg-nrix\">MPa<\/td>\n<td class=\"tg-nrix\">27.5<\/td>\n<\/tr>\n<tr>\n<td class=\"tg-yla0\">Press\u00e3o do sistema piloto<\/td>\n<td class=\"tg-nrix\">MPa<\/td>\n<td class=\"tg-nrix\">3.9<\/td>\n<\/tr>\n<tr>\n<td class=\"tg-wa1i\" rowspan=\"3\">Capacidade de \u00f3leo<\/td>\n<td class=\"tg-yla0\">Capacidade do dep\u00f3sito de combust\u00edvel<\/td>\n<td class=\"tg-nrix\">L<\/td>\n<td class=\"tg-nrix\">400<\/td>\n<\/tr>\n<tr>\n<td class=\"tg-yla0\">Capacidade do dep\u00f3sito hidr\u00e1ulico<\/td>\n<td class=\"tg-nrix\">L<\/td>\n<td class=\"tg-nrix\">220<\/td>\n<\/tr>\n<tr>\n<td class=\"tg-yla0\">Capacidade do \u00f3leo do motor<\/td>\n<td class=\"tg-nrix\">L<\/td>\n<td class=\"tg-nrix\">19.5<\/td>\n<\/tr>\n<tr>\n<td class=\"tg-wa1i\" rowspan=\"13\">Tamanho da apar\u00eancia<\/td>\n<td class=\"tg-yla0\">A Comprimento total<\/td>\n<td class=\"tg-nrix\">mm<\/td>\n<td class=\"tg-nrix\">9625<\/td>\n<\/tr>\n<tr>\n<td class=\"tg-yla0\">B Largura total<\/td>\n<td class=\"tg-nrix\">mm<\/td>\n<td class=\"tg-nrix\">2990<\/td>\n<\/tr>\n<tr>\n<td class=\"tg-yla0\">C Altura total<\/td>\n<td class=\"tg-nrix\">mm<\/td>\n<td class=\"tg-nrix\">3100<\/td>\n<\/tr>\n<tr>\n<td class=\"tg-yla0\">D Largura da plataforma<\/td>\n<td class=\"tg-nrix\">mm<\/td>\n<td class=\"tg-nrix\">2830<\/td>\n<\/tr>\n<tr>\n<td class=\"tg-yla0\">E Comprimento da via<\/td>\n<td class=\"tg-nrix\">mm<\/td>\n<td class=\"tg-nrix\">4255<\/td>\n<\/tr>\n<tr>\n<td class=\"tg-yla0\">F Largura total do quadro<\/td>\n<td class=\"tg-nrix\">mm<\/td>\n<td class=\"tg-nrix\">2990<\/td>\n<\/tr>\n<tr>\n<td class=\"tg-yla0\">G Largura da via<\/td>\n<td class=\"tg-nrix\">mm<\/td>\n<td class=\"tg-nrix\">600<\/td>\n<\/tr>\n<tr>\n<td class=\"tg-yla0\">H Comprimento at\u00e9 ao centro dos rolos<\/td>\n<td class=\"tg-nrix\">mm<\/td>\n<td class=\"tg-nrix\">3462<\/td>\n<\/tr>\n<tr>\n<td class=\"tg-yla0\">I Gabarito da via<\/td>\n<td class=\"tg-nrix\">mm<\/td>\n<td class=\"tg-nrix\">2390<\/td>\n<\/tr>\n<tr>\n<td class=\"tg-yla0\">J Folga do contrapeso<\/td>\n<td class=\"tg-nrix\">mm<\/td>\n<td class=\"tg-nrix\">1050<\/td>\n<\/tr>\n<tr>\n<td class=\"tg-yla0\">K Dist\u00e2ncia m\u00ednima ao solo<\/td>\n<td class=\"tg-nrix\">mm<\/td>\n<td class=\"tg-nrix\">486<\/td>\n<\/tr>\n<tr>\n<td class=\"tg-yla0\">L Raio m\u00ednimo de oscila\u00e7\u00e3o da cauda<\/td>\n<td class=\"tg-nrix\">mm<\/td>\n<td class=\"tg-nrix\">2844<\/td>\n<\/tr>\n<tr>\n<td class=\"tg-yla0\">M Altura da via<\/td>\n<td class=\"tg-nrix\">mm<\/td>\n<td class=\"tg-nrix\">942<\/td>\n<\/tr>\n<tr>\n<td class=\"tg-wa1i\" rowspan=\"7\">\u00c2mbito de aplica\u00e7\u00e3o<\/td>\n<td class=\"tg-yla0\">A Altura m\u00e1xima de escava\u00e7\u00e3o<\/td>\n<td class=\"tg-nrix\">mm<\/td>\n<td class=\"tg-nrix\">9620<\/td>\n<\/tr>\n<tr>\n<td class=\"tg-yla0\">B Altura m\u00e1xima de descarga<\/td>\n<td class=\"tg-nrix\">mm<\/td>\n<td class=\"tg-nrix\">6780<\/td>\n<\/tr>\n<tr>\n<td class=\"tg-yla0\">C Profundidade m\u00e1xima de escava\u00e7\u00e3o<\/td>\n<td class=\"tg-nrix\">mm<\/td>\n<td class=\"tg-nrix\">6680<\/td>\n<\/tr>\n<tr>\n<td class=\"tg-yla0\">D Profundidade m\u00e1xima de corte para um fundo nivelado de 2240 mm (8 p\u00e9s)<\/td>\n<td class=\"tg-nrix\">mm<\/td>\n<td class=\"tg-nrix\">6500<\/td>\n<\/tr>\n<tr>\n<td class=\"tg-yla0\">E Profundidade m\u00e1xima de escava\u00e7\u00e3o vertical da parede<\/td>\n<td class=\"tg-nrix\">mm<\/td>\n<td class=\"tg-nrix\">5715<\/td>\n<\/tr>\n<tr>\n<td class=\"tg-yla0\">Raio m\u00e1ximo de escava\u00e7\u00e3o<\/td>\n<td class=\"tg-nrix\">mm<\/td>\n<td class=\"tg-nrix\">9940<\/td>\n<\/tr>\n<tr>\n<td class=\"tg-yla0\">Raio de oscila\u00e7\u00e3o m\u00ednimo<\/td>\n<td class=\"tg-nrix\">mm<\/td>\n<td class=\"tg-nrix\">3530<\/td>\n<\/tr>\n<tr>\n<td class=\"tg-wa1i\" rowspan=\"3\">Configura\u00e7\u00e3o standard<\/td>\n<td class=\"tg-yla0\">Comprimento da lan\u00e7a<\/td>\n<td class=\"tg-nrix\">mm<\/td>\n<td class=\"tg-8d8j\">5680<\/td>\n<\/tr>\n<tr>\n<td class=\"tg-yla0\">Comprimento do bra\u00e7o<\/td>\n<td class=\"tg-nrix\">mm<\/td>\n<td class=\"tg-8d8j\">2910<\/td>\n<\/tr>\n<tr>\n<td class=\"tg-yla0\">Capacidade do balde<\/td>\n<td class=\"tg-nrix\">m\u00b3<\/td>\n<td class=\"tg-nrix\">1.05<\/td>\n<\/tr>\n<tr>\n<td class=\"tg-wa1i\" rowspan=\"3\">Configura\u00e7\u00e3o opcional<\/td>\n<td class=\"tg-yla0\">Comprimento da lan\u00e7a<\/td>\n<td class=\"tg-nrix\">m\u00b3<\/td>\n<td class=\"tg-8d8j\">\/<\/td>\n<\/tr>\n<tr>\n<td class=\"tg-yla0\">Comprimento do bra\u00e7o<\/td>\n<td class=\"tg-nrix\">m\u00b3<\/td>\n<td class=\"tg-nrix\">2400<\/td>\n<\/tr>\n<tr>\n<td class=\"tg-yla0\">Capacidade do balde<\/td>\n<td class=\"tg-nrix\">m\u00b3<\/td>\n<td class=\"tg-f4yw\">1.2\/1.3 Earth Working bucket<br \/>\n0.93\/1.0 Strengthened bucket<br \/>\n0.9\/1.0 Rock bucket<\/td>\n<\/tr>\n<\/tbody>\n<\/table>\n<p><img fetchpriority=\"high\" decoding=\"async\" class=\"alignnone size-medium wp-image-2451\" src=\"https:\/\/www.hcxmachinery.com\/wp-content\/uploads\/2023\/08\/215DA\u53f3\uff082025.1.10\uff09_WH_800x800px-300x300.webp\" alt=\"\" width=\"300\" height=\"300\" title=\"\" srcset=\"https:\/\/www.hcxmachinery.com\/wp-content\/uploads\/2023\/08\/215DA\u53f3\uff082025.1.10\uff09_WH_800x800px-300x300.webp 300w, https:\/\/www.hcxmachinery.com\/wp-content\/uploads\/2023\/08\/215DA\u53f3\uff082025.1.10\uff09_WH_800x800px-150x150.webp 150w, https:\/\/www.hcxmachinery.com\/wp-content\/uploads\/2023\/08\/215DA\u53f3\uff082025.1.10\uff09_WH_800x800px-768x768.webp 768w, https:\/\/www.hcxmachinery.com\/wp-content\/uploads\/2023\/08\/215DA\u53f3\uff082025.1.10\uff09_WH_800x800px-600x600.webp 600w, https:\/\/www.hcxmachinery.com\/wp-content\/uploads\/2023\/08\/215DA\u53f3\uff082025.1.10\uff09_WH_800x800px-100x100.webp 100w, https:\/\/www.hcxmachinery.com\/wp-content\/uploads\/2023\/08\/215DA\u53f3\uff082025.1.10\uff09_WH_800x800px.webp 800w\" sizes=\"(max-width: 300px) 100vw, 300px\" \/><img decoding=\"async\" class=\"alignnone size-medium wp-image-2452\" src=\"https:\/\/www.hcxmachinery.com\/wp-content\/uploads\/2023\/08\/215DA\u5de62025.1.10_WH_800x800px-300x300.webp\" alt=\"\" width=\"300\" height=\"300\" title=\"\" srcset=\"https:\/\/www.hcxmachinery.com\/wp-content\/uploads\/2023\/08\/215DA\u5de62025.1.10_WH_800x800px-300x300.webp 300w, https:\/\/www.hcxmachinery.com\/wp-content\/uploads\/2023\/08\/215DA\u5de62025.1.10_WH_800x800px-150x150.webp 150w, https:\/\/www.hcxmachinery.com\/wp-content\/uploads\/2023\/08\/215DA\u5de62025.1.10_WH_800x800px-768x768.webp 768w, https:\/\/www.hcxmachinery.com\/wp-content\/uploads\/2023\/08\/215DA\u5de62025.1.10_WH_800x800px-600x600.webp 600w, https:\/\/www.hcxmachinery.com\/wp-content\/uploads\/2023\/08\/215DA\u5de62025.1.10_WH_800x800px-100x100.webp 100w, https:\/\/www.hcxmachinery.com\/wp-content\/uploads\/2023\/08\/215DA\u5de62025.1.10_WH_800x800px.webp 800w\" sizes=\"(max-width: 300px) 100vw, 300px\" \/><img decoding=\"async\" class=\"alignnone size-medium wp-image-2450\" src=\"https:\/\/www.hcxmachinery.com\/wp-content\/uploads\/2023\/08\/215DA\u524d2025.1.10_WH_800x800px-300x300.webp\" alt=\"\" width=\"300\" height=\"300\" title=\"\" srcset=\"https:\/\/www.hcxmachinery.com\/wp-content\/uploads\/2023\/08\/215DA\u524d2025.1.10_WH_800x800px-300x300.webp 300w, https:\/\/www.hcxmachinery.com\/wp-content\/uploads\/2023\/08\/215DA\u524d2025.1.10_WH_800x800px-150x150.webp 150w, https:\/\/www.hcxmachinery.com\/wp-content\/uploads\/2023\/08\/215DA\u524d2025.1.10_WH_800x800px-768x768.webp 768w, https:\/\/www.hcxmachinery.com\/wp-content\/uploads\/2023\/08\/215DA\u524d2025.1.10_WH_800x800px-600x600.webp 600w, https:\/\/www.hcxmachinery.com\/wp-content\/uploads\/2023\/08\/215DA\u524d2025.1.10_WH_800x800px-100x100.webp 100w, https:\/\/www.hcxmachinery.com\/wp-content\/uploads\/2023\/08\/215DA\u524d2025.1.10_WH_800x800px.webp 800w\" sizes=\"(max-width: 300px) 100vw, 300px\" \/><img loading=\"lazy\" decoding=\"async\" class=\"alignnone size-medium wp-image-2445\" src=\"https:\/\/www.hcxmachinery.com\/wp-content\/uploads\/2023\/08\/215DA\u540e2025.1.10_WH_800x800px-300x300.webp\" alt=\"\" width=\"300\" height=\"300\" title=\"\" srcset=\"https:\/\/www.hcxmachinery.com\/wp-content\/uploads\/2023\/08\/215DA\u540e2025.1.10_WH_800x800px-300x300.webp 300w, https:\/\/www.hcxmachinery.com\/wp-content\/uploads\/2023\/08\/215DA\u540e2025.1.10_WH_800x800px-150x150.webp 150w, https:\/\/www.hcxmachinery.com\/wp-content\/uploads\/2023\/08\/215DA\u540e2025.1.10_WH_800x800px-768x768.webp 768w, https:\/\/www.hcxmachinery.com\/wp-content\/uploads\/2023\/08\/215DA\u540e2025.1.10_WH_800x800px-600x600.webp 600w, https:\/\/www.hcxmachinery.com\/wp-content\/uploads\/2023\/08\/215DA\u540e2025.1.10_WH_800x800px-100x100.webp 100w, https:\/\/www.hcxmachinery.com\/wp-content\/uploads\/2023\/08\/215DA\u540e2025.1.10_WH_800x800px.webp 800w\" sizes=\"(max-width: 300px) 100vw, 300px\" \/><img loading=\"lazy\" decoding=\"async\" class=\"alignnone size-medium wp-image-2448\" src=\"https:\/\/www.hcxmachinery.com\/wp-content\/uploads\/2023\/08\/215DA\u9a7e\u9a76\u5ba43\uff082025.1.10\uff09_WH_800x800px-300x300.webp\" alt=\"\" width=\"300\" height=\"300\" title=\"\" srcset=\"https:\/\/www.hcxmachinery.com\/wp-content\/uploads\/2023\/08\/215DA\u9a7e\u9a76\u5ba43\uff082025.1.10\uff09_WH_800x800px-300x300.webp 300w, https:\/\/www.hcxmachinery.com\/wp-content\/uploads\/2023\/08\/215DA\u9a7e\u9a76\u5ba43\uff082025.1.10\uff09_WH_800x800px-150x150.webp 150w, https:\/\/www.hcxmachinery.com\/wp-content\/uploads\/2023\/08\/215DA\u9a7e\u9a76\u5ba43\uff082025.1.10\uff09_WH_800x800px-768x768.webp 768w, https:\/\/www.hcxmachinery.com\/wp-content\/uploads\/2023\/08\/215DA\u9a7e\u9a76\u5ba43\uff082025.1.10\uff09_WH_800x800px-600x600.webp 600w, https:\/\/www.hcxmachinery.com\/wp-content\/uploads\/2023\/08\/215DA\u9a7e\u9a76\u5ba43\uff082025.1.10\uff09_WH_800x800px-100x100.webp 100w, https:\/\/www.hcxmachinery.com\/wp-content\/uploads\/2023\/08\/215DA\u9a7e\u9a76\u5ba43\uff082025.1.10\uff09_WH_800x800px.webp 800w\" sizes=\"(max-width: 300px) 100vw, 300px\" \/> <img loading=\"lazy\" decoding=\"async\" class=\"alignnone size-medium wp-image-2447\" src=\"https:\/\/www.hcxmachinery.com\/wp-content\/uploads\/2023\/08\/215DA\u9a7e\u9a76\u5ba42\uff082025.1.10\uff09_WH_800x800px-300x300.webp\" alt=\"\" width=\"300\" height=\"300\" title=\"\" srcset=\"https:\/\/www.hcxmachinery.com\/wp-content\/uploads\/2023\/08\/215DA\u9a7e\u9a76\u5ba42\uff082025.1.10\uff09_WH_800x800px-300x300.webp 300w, https:\/\/www.hcxmachinery.com\/wp-content\/uploads\/2023\/08\/215DA\u9a7e\u9a76\u5ba42\uff082025.1.10\uff09_WH_800x800px-150x150.webp 150w, https:\/\/www.hcxmachinery.com\/wp-content\/uploads\/2023\/08\/215DA\u9a7e\u9a76\u5ba42\uff082025.1.10\uff09_WH_800x800px-768x768.webp 768w, https:\/\/www.hcxmachinery.com\/wp-content\/uploads\/2023\/08\/215DA\u9a7e\u9a76\u5ba42\uff082025.1.10\uff09_WH_800x800px-600x600.webp 600w, https:\/\/www.hcxmachinery.com\/wp-content\/uploads\/2023\/08\/215DA\u9a7e\u9a76\u5ba42\uff082025.1.10\uff09_WH_800x800px-100x100.webp 100w, https:\/\/www.hcxmachinery.com\/wp-content\/uploads\/2023\/08\/215DA\u9a7e\u9a76\u5ba42\uff082025.1.10\uff09_WH_800x800px.webp 800w\" sizes=\"(max-width: 300px) 100vw, 300px\" \/> <img loading=\"lazy\" decoding=\"async\" class=\"alignnone size-medium wp-image-2446\" src=\"https:\/\/www.hcxmachinery.com\/wp-content\/uploads\/2023\/08\/215DA\u9a7e\u9a76\u5ba41\uff082025.1.10\uff09_WH_800x800px-300x300.webp\" alt=\"\" width=\"300\" height=\"300\" title=\"\" srcset=\"https:\/\/www.hcxmachinery.com\/wp-content\/uploads\/2023\/08\/215DA\u9a7e\u9a76\u5ba41\uff082025.1.10\uff09_WH_800x800px-300x300.webp 300w, https:\/\/www.hcxmachinery.com\/wp-content\/uploads\/2023\/08\/215DA\u9a7e\u9a76\u5ba41\uff082025.1.10\uff09_WH_800x800px-150x150.webp 150w, https:\/\/www.hcxmachinery.com\/wp-content\/uploads\/2023\/08\/215DA\u9a7e\u9a76\u5ba41\uff082025.1.10\uff09_WH_800x800px-768x768.webp 768w, https:\/\/www.hcxmachinery.com\/wp-content\/uploads\/2023\/08\/215DA\u9a7e\u9a76\u5ba41\uff082025.1.10\uff09_WH_800x800px-600x600.webp 600w, https:\/\/www.hcxmachinery.com\/wp-content\/uploads\/2023\/08\/215DA\u9a7e\u9a76\u5ba41\uff082025.1.10\uff09_WH_800x800px-100x100.webp 100w, https:\/\/www.hcxmachinery.com\/wp-content\/uploads\/2023\/08\/215DA\u9a7e\u9a76\u5ba41\uff082025.1.10\uff09_WH_800x800px.webp 800w\" sizes=\"(max-width: 300px) 100vw, 300px\" \/><img loading=\"lazy\" decoding=\"async\" class=\"alignnone size-medium wp-image-2441\" src=\"https:\/\/www.hcxmachinery.com\/wp-content\/uploads\/2023\/08\/215DA\u4fa7\u9762\uff082025.1.10\uff09_WH_800x800px-300x300.webp\" alt=\"\" width=\"300\" height=\"300\" title=\"\" srcset=\"https:\/\/www.hcxmachinery.com\/wp-content\/uploads\/2023\/08\/215DA\u4fa7\u9762\uff082025.1.10\uff09_WH_800x800px-300x300.webp 300w, https:\/\/www.hcxmachinery.com\/wp-content\/uploads\/2023\/08\/215DA\u4fa7\u9762\uff082025.1.10\uff09_WH_800x800px-150x150.webp 150w, https:\/\/www.hcxmachinery.com\/wp-content\/uploads\/2023\/08\/215DA\u4fa7\u9762\uff082025.1.10\uff09_WH_800x800px-768x768.webp 768w, https:\/\/www.hcxmachinery.com\/wp-content\/uploads\/2023\/08\/215DA\u4fa7\u9762\uff082025.1.10\uff09_WH_800x800px-600x600.webp 600w, https:\/\/www.hcxmachinery.com\/wp-content\/uploads\/2023\/08\/215DA\u4fa7\u9762\uff082025.1.10\uff09_WH_800x800px-100x100.webp 100w, https:\/\/www.hcxmachinery.com\/wp-content\/uploads\/2023\/08\/215DA\u4fa7\u9762\uff082025.1.10\uff09_WH_800x800px.webp 800w\" sizes=\"(max-width: 300px) 100vw, 300px\" \/> <img loading=\"lazy\" decoding=\"async\" class=\"alignnone size-medium wp-image-2442\" src=\"https:\/\/www.hcxmachinery.com\/wp-content\/uploads\/2023\/08\/215DA\u94f2\u65972025.1.10_WH_800x800px-300x300.webp\" alt=\"\" width=\"300\" height=\"300\" title=\"\" srcset=\"https:\/\/www.hcxmachinery.com\/wp-content\/uploads\/2023\/08\/215DA\u94f2\u65972025.1.10_WH_800x800px-300x300.webp 300w, https:\/\/www.hcxmachinery.com\/wp-content\/uploads\/2023\/08\/215DA\u94f2\u65972025.1.10_WH_800x800px-150x150.webp 150w, https:\/\/www.hcxmachinery.com\/wp-content\/uploads\/2023\/08\/215DA\u94f2\u65972025.1.10_WH_800x800px-768x768.webp 768w, https:\/\/www.hcxmachinery.com\/wp-content\/uploads\/2023\/08\/215DA\u94f2\u65972025.1.10_WH_800x800px-600x600.webp 600w, https:\/\/www.hcxmachinery.com\/wp-content\/uploads\/2023\/08\/215DA\u94f2\u65972025.1.10_WH_800x800px-100x100.webp 100w, https:\/\/www.hcxmachinery.com\/wp-content\/uploads\/2023\/08\/215DA\u94f2\u65972025.1.10_WH_800x800px.webp 800w\" sizes=\"(max-width: 300px) 100vw, 300px\" \/> <img loading=\"lazy\" decoding=\"async\" class=\"alignnone size-medium wp-image-2443\" src=\"https:\/\/www.hcxmachinery.com\/wp-content\/uploads\/2023\/08\/215DA\u5e95\u76d8\uff082025.1.10\uff09_WH_800x800px-300x300.webp\" alt=\"\" width=\"300\" height=\"300\" title=\"\" srcset=\"https:\/\/www.hcxmachinery.com\/wp-content\/uploads\/2023\/08\/215DA\u5e95\u76d8\uff082025.1.10\uff09_WH_800x800px-300x300.webp 300w, https:\/\/www.hcxmachinery.com\/wp-content\/uploads\/2023\/08\/215DA\u5e95\u76d8\uff082025.1.10\uff09_WH_800x800px-150x150.webp 150w, https:\/\/www.hcxmachinery.com\/wp-content\/uploads\/2023\/08\/215DA\u5e95\u76d8\uff082025.1.10\uff09_WH_800x800px-768x768.webp 768w, https:\/\/www.hcxmachinery.com\/wp-content\/uploads\/2023\/08\/215DA\u5e95\u76d8\uff082025.1.10\uff09_WH_800x800px-600x600.webp 600w, https:\/\/www.hcxmachinery.com\/wp-content\/uploads\/2023\/08\/215DA\u5e95\u76d8\uff082025.1.10\uff09_WH_800x800px-100x100.webp 100w, https:\/\/www.hcxmachinery.com\/wp-content\/uploads\/2023\/08\/215DA\u5e95\u76d8\uff082025.1.10\uff09_WH_800x800px.webp 800w\" sizes=\"(max-width: 300px) 100vw, 300px\" \/> <img loading=\"lazy\" decoding=\"async\" class=\"alignnone size-medium wp-image-2449\" src=\"https:\/\/www.hcxmachinery.com\/wp-content\/uploads\/2023\/08\/215DA\u6ee4\u6cb9\u56682025.1.10_WH_800x800px-300x300.webp\" alt=\"\" width=\"300\" height=\"300\" title=\"\" srcset=\"https:\/\/www.hcxmachinery.com\/wp-content\/uploads\/2023\/08\/215DA\u6ee4\u6cb9\u56682025.1.10_WH_800x800px-300x300.webp 300w, https:\/\/www.hcxmachinery.com\/wp-content\/uploads\/2023\/08\/215DA\u6ee4\u6cb9\u56682025.1.10_WH_800x800px-150x150.webp 150w, https:\/\/www.hcxmachinery.com\/wp-content\/uploads\/2023\/08\/215DA\u6ee4\u6cb9\u56682025.1.10_WH_800x800px-768x768.webp 768w, https:\/\/www.hcxmachinery.com\/wp-content\/uploads\/2023\/08\/215DA\u6ee4\u6cb9\u56682025.1.10_WH_800x800px-600x600.webp 600w, https:\/\/www.hcxmachinery.com\/wp-content\/uploads\/2023\/08\/215DA\u6ee4\u6cb9\u56682025.1.10_WH_800x800px-100x100.webp 100w, https:\/\/www.hcxmachinery.com\/wp-content\/uploads\/2023\/08\/215DA\u6ee4\u6cb9\u56682025.1.10_WH_800x800px.webp 800w\" sizes=\"(max-width: 300px) 100vw, 300px\" \/> <img loading=\"lazy\" decoding=\"async\" class=\"alignnone size-medium wp-image-2444\" src=\"https:\/\/www.hcxmachinery.com\/wp-content\/uploads\/2023\/08\/215DA\u53d1\u52a8\u673a\uff082025.1.10\uff09_WH_800x800px-300x300.webp\" alt=\"\" width=\"300\" height=\"300\" title=\"\" srcset=\"https:\/\/www.hcxmachinery.com\/wp-content\/uploads\/2023\/08\/215DA\u53d1\u52a8\u673a\uff082025.1.10\uff09_WH_800x800px-300x300.webp 300w, https:\/\/www.hcxmachinery.com\/wp-content\/uploads\/2023\/08\/215DA\u53d1\u52a8\u673a\uff082025.1.10\uff09_WH_800x800px-150x150.webp 150w, https:\/\/www.hcxmachinery.com\/wp-content\/uploads\/2023\/08\/215DA\u53d1\u52a8\u673a\uff082025.1.10\uff09_WH_800x800px-768x768.webp 768w, https:\/\/www.hcxmachinery.com\/wp-content\/uploads\/2023\/08\/215DA\u53d1\u52a8\u673a\uff082025.1.10\uff09_WH_800x800px-600x600.webp 600w, https:\/\/www.hcxmachinery.com\/wp-content\/uploads\/2023\/08\/215DA\u53d1\u52a8\u673a\uff082025.1.10\uff09_WH_800x800px-100x100.webp 100w, https:\/\/www.hcxmachinery.com\/wp-content\/uploads\/2023\/08\/215DA\u53d1\u52a8\u673a\uff082025.1.10\uff09_WH_800x800px.webp 800w\" sizes=\"(max-width: 300px) 100vw, 300px\" \/><\/p>","protected":false},"excerpt":{"rendered":"<p>XE215DA The hydraulic excavator is equipped with a low-speed high-torque engine with high efficiency and low fuel\u00a0consumption. The large undercarrige [&hellip;]<\/p>","protected":false},"featured_media":1748,"template":"","meta":{"_acf_changed":false,"site-sidebar-layout":"default","site-content-layout":"","ast-site-content-layout":"default","site-content-style":"default","site-sidebar-style":"default","ast-global-header-display":"","ast-banner-title-visibility":"","ast-main-header-display":"","ast-hfb-above-header-display":"","ast-hfb-below-header-display":"","ast-hfb-mobile-header-display":"","site-post-title":"","ast-breadcrumbs-content":"","ast-featured-img":"","footer-sml-layout":"","theme-transparent-header-meta":"default","adv-header-id-meta":"","stick-header-meta":"default","header-above-stick-meta":"","header-main-stick-meta":"","header-below-stick-meta":"","astra-migrate-meta-layouts":"set","ast-page-background-enabled":"default","ast-page-background-meta":{"desktop":{"background-color":"var(--ast-global-color-4)","background-image":"","background-repeat":"repeat","background-position":"center center","background-size":"auto","background-attachment":"scroll","background-type":"","background-media":"","overlay-type":"","overlay-color":"","overlay-opacity":"","overlay-gradient":""},"tablet":{"background-color":"","background-image":"","background-repeat":"repeat","background-position":"center center","background-size":"auto","background-attachment":"scroll","background-type":"","background-media":"","overlay-type":"","overlay-color":"","overlay-opacity":"","overlay-gradient":""},"mobile":{"background-color":"","background-image":"","background-repeat":"repeat","background-position":"center center","background-size":"auto","background-attachment":"scroll","background-type":"","background-media":"","overlay-type":"","overlay-color":"","overlay-opacity":"","overlay-gradient":""}},"ast-content-background-meta":{"desktop":{"background-color":"var(--ast-global-color-5)","background-image":"","background-repeat":"repeat","background-position":"center center","background-size":"auto","background-attachment":"scroll","background-type":"","background-media":"","overlay-type":"","overlay-color":"","overlay-opacity":"","overlay-gradient":""},"tablet":{"background-color":"var(--ast-global-color-5)","background-image":"","background-repeat":"repeat","background-position":"center center","background-size":"auto","background-attachment":"scroll","background-type":"","background-media":"","overlay-type":"","overlay-color":"","overlay-opacity":"","overlay-gradient":""},"mobile":{"background-color":"var(--ast-global-color-5)","background-image":"","background-repeat":"repeat","background-position":"center center","background-size":"auto","background-attachment":"scroll","background-type":"","background-media":"","overlay-type":"","overlay-color":"","overlay-opacity":"","overlay-gradient":""}}},"product_cat":[19,36],"product_tag":[],"class_list":{"0":"post-936","1":"product","2":"type-product","3":"status-publish","4":"has-post-thumbnail","6":"product_cat-excavator","7":"product_cat-medium-excavator","8":"desktop-align-left","9":"tablet-align-left","10":"mobile-align-left","11":"ast-product-gallery-layout-horizontal-slider","12":"ast-magnify-disabled","13":"ast-product-tabs-layout-horizontal","15":"first","16":"instock","17":"shipping-taxable","18":"product-type-simple"},"acf":[],"_links":{"self":[{"href":"https:\/\/www.hcxmachinery.com\/pt\/wp-json\/wp\/v2\/product\/936"}],"collection":[{"href":"https:\/\/www.hcxmachinery.com\/pt\/wp-json\/wp\/v2\/product"}],"about":[{"href":"https:\/\/www.hcxmachinery.com\/pt\/wp-json\/wp\/v2\/types\/product"}],"version-history":[{"count":26,"href":"https:\/\/www.hcxmachinery.com\/pt\/wp-json\/wp\/v2\/product\/936\/revisions"}],"predecessor-version":[{"id":3323,"href":"https:\/\/www.hcxmachinery.com\/pt\/wp-json\/wp\/v2\/product\/936\/revisions\/3323"}],"wp:featuredmedia":[{"embeddable":true,"href":"https:\/\/www.hcxmachinery.com\/pt\/wp-json\/wp\/v2\/media\/1748"}],"wp:attachment":[{"href":"https:\/\/www.hcxmachinery.com\/pt\/wp-json\/wp\/v2\/media?parent=936"}],"wp:term":[{"taxonomy":"product_cat","embeddable":true,"href":"https:\/\/www.hcxmachinery.com\/pt\/wp-json\/wp\/v2\/product_cat?post=936"},{"taxonomy":"product_tag","embeddable":true,"href":"https:\/\/www.hcxmachinery.com\/pt\/wp-json\/wp\/v2\/product_tag?post=936"}],"curies":[{"name":"wp","href":"https:\/\/api.w.org\/{rel}","templated":true}]}}