{"id":853,"date":"2024-09-16T14:15:24","date_gmt":"2024-09-16T14:15:24","guid":{"rendered":"https:\/\/hcxmachinery.com\/?post_type=product&#038;p=853"},"modified":"2024-12-16T07:03:25","modified_gmt":"2024-12-16T07:03:25","slug":"modelo-de-escavadora-xe490dk","status":"publish","type":"product","link":"https:\/\/www.hcxmachinery.com\/pt\/produto\/modelo-de-escavadora-xe490dk\/","title":{"rendered":"Escavadeira modelo XE490DK de alta qualidade"},"content":{"rendered":"<h2><strong>CARACTER\u00cdSTICAS DO PRODUTO\u00a0<\/strong><\/h2>\n<div class=\"auto-hide-last-sibling-br paragraph-JOTKXA paragraph-element br-paragraph-space\">Trata-se de um produto not\u00e1vel que combina a ess\u00eancia de uma escavadora real com um modelo de fabrico requintado.<\/div>\n<div class=\"auto-hide-last-sibling-br paragraph-JOTKXA paragraph-element br-paragraph-space\">O nosso modelo foi concebido com base numa escavadora XE490DK real. Pode lidar facilmente com terrenos complexos, tal como a sua contraparte real. Com a sua for\u00e7a poderosa, demonstra um excelente desempenho. Cada articula\u00e7\u00e3o do modelo \u00e9 altamente flex\u00edvel, permitindo uma vasta gama de movimentos. Pode ser controlado de forma independente, proporcionando uma experi\u00eancia de funcionamento envolvente. O controlo de rota\u00e7\u00e3o de 680 graus aumenta ainda mais a sua capacidade de manobra.<\/div>\n<p>&nbsp;<\/p>\n<div class=\"auto-hide-last-sibling-br paragraph-JOTKXA paragraph-element br-paragraph-space\">Este modelo \u00e9 fabricado numa escala de 1:18, apresentando um aspeto muito realista. Possui dezasseis canais que reconstituem com precis\u00e3o o funcionamento da m\u00e1quina real. Equipado com uma bateria de l\u00edtio de 7,4 V, garante uma alimenta\u00e7\u00e3o est\u00e1vel e fi\u00e1vel. As luzes LED no bra\u00e7o d\u00e3o-lhe um toque de autenticidade e charme. Fabricado com materiais de alta qualidade, \u00e9 n\u00e3o s\u00f3 robusto como tamb\u00e9m dur\u00e1vel, o que o torna uma escolha ideal para coleccionadores e entusiastas.<\/div>","protected":false},"excerpt":{"rendered":"<p>INTRODU\u00c7\u00c3O DO PRODUTO<br \/>\nEste modelo \u00e9 fabricado numa escala de 1:18, apresentando um aspeto muito realista. Possui dezasseis canais que reconstituem com precis\u00e3o o funcionamento da m\u00e1quina real. Equipado com uma bateria de l\u00edtio de 7,4 V, garante uma alimenta\u00e7\u00e3o est\u00e1vel e fi\u00e1vel. As luzes LED no bra\u00e7o d\u00e3o-lhe um toque de autenticidade e charme. Fabricado com materiais de alta qualidade, \u00e9 n\u00e3o s\u00f3 robusto como tamb\u00e9m dur\u00e1vel, o que o torna uma escolha ideal para coleccionadores e entusiastas.<\/p>","protected":false},"featured_media":1717,"template":"","meta":{"_acf_changed":false,"site-sidebar-layout":"default","site-content-layout":"","ast-site-content-layout":"default","site-content-style":"default","site-sidebar-style":"default","ast-global-header-display":"","ast-banner-title-visibility":"","ast-main-header-display":"","ast-hfb-above-header-display":"","ast-hfb-below-header-display":"","ast-hfb-mobile-header-display":"","site-post-title":"","ast-breadcrumbs-content":"","ast-featured-img":"","footer-sml-layout":"","theme-transparent-header-meta":"default","adv-header-id-meta":"","stick-header-meta":"default","header-above-stick-meta":"","header-main-stick-meta":"","header-below-stick-meta":"","astra-migrate-meta-layouts":"set","ast-page-background-enabled":"default","ast-page-background-meta":{"desktop":{"background-color":"var(--ast-global-color-4)","background-image":"","background-repeat":"repeat","background-position":"center center","background-size":"auto","background-attachment":"scroll","background-type":"","background-media":"","overlay-type":"","overlay-color":"","overlay-opacity":"","overlay-gradient":""},"tablet":{"background-color":"","background-image":"","background-repeat":"repeat","background-position":"center center","background-size":"auto","background-attachment":"scroll","background-type":"","background-media":"","overlay-type":"","overlay-color":"","overlay-opacity":"","overlay-gradient":""},"mobile":{"background-color":"","background-image":"","background-repeat":"repeat","background-position":"center center","background-size":"auto","background-attachment":"scroll","background-type":"","background-media":"","overlay-type":"","overlay-color":"","overlay-opacity":"","overlay-gradient":""}},"ast-content-background-meta":{"desktop":{"background-color":"var(--ast-global-color-5)","background-image":"","background-repeat":"repeat","background-position":"center center","background-size":"auto","background-attachment":"scroll","background-type":"","background-media":"","overlay-type":"","overlay-color":"","overlay-opacity":"","overlay-gradient":""},"tablet":{"background-color":"var(--ast-global-color-5)","background-image":"","background-repeat":"repeat","background-position":"center center","background-size":"auto","background-attachment":"scroll","background-type":"","background-media":"","overlay-type":"","overlay-color":"","overlay-opacity":"","overlay-gradient":""},"mobile":{"background-color":"var(--ast-global-color-5)","background-image":"","background-repeat":"repeat","background-position":"center center","background-size":"auto","background-attachment":"scroll","background-type":"","background-media":"","overlay-type":"","overlay-color":"","overlay-opacity":"","overlay-gradient":""}}},"product_cat":[27],"product_tag":[],"class_list":{"0":"post-853","1":"product","2":"type-product","3":"status-publish","4":"has-post-thumbnail","6":"product_cat-multi-functional-attachment","7":"desktop-align-left","8":"tablet-align-left","9":"mobile-align-left","10":"ast-product-gallery-layout-horizontal-slider","11":"ast-magnify-disabled","12":"ast-product-tabs-layout-horizontal","14":"first","15":"instock","16":"shipping-taxable","17":"product-type-simple"},"acf":[],"_links":{"self":[{"href":"https:\/\/www.hcxmachinery.com\/pt\/wp-json\/wp\/v2\/product\/853"}],"collection":[{"href":"https:\/\/www.hcxmachinery.com\/pt\/wp-json\/wp\/v2\/product"}],"about":[{"href":"https:\/\/www.hcxmachinery.com\/pt\/wp-json\/wp\/v2\/types\/product"}],"version-history":[{"count":7,"href":"https:\/\/www.hcxmachinery.com\/pt\/wp-json\/wp\/v2\/product\/853\/revisions"}],"predecessor-version":[{"id":2146,"href":"https:\/\/www.hcxmachinery.com\/pt\/wp-json\/wp\/v2\/product\/853\/revisions\/2146"}],"wp:featuredmedia":[{"embeddable":true,"href":"https:\/\/www.hcxmachinery.com\/pt\/wp-json\/wp\/v2\/media\/1717"}],"wp:attachment":[{"href":"https:\/\/www.hcxmachinery.com\/pt\/wp-json\/wp\/v2\/media?parent=853"}],"wp:term":[{"taxonomy":"product_cat","embeddable":true,"href":"https:\/\/www.hcxmachinery.com\/pt\/wp-json\/wp\/v2\/product_cat?post=853"},{"taxonomy":"product_tag","embeddable":true,"href":"https:\/\/www.hcxmachinery.com\/pt\/wp-json\/wp\/v2\/product_tag?post=853"}],"curies":[{"name":"wp","href":"https:\/\/api.w.org\/{rel}","templated":true}]}}