{"id":850,"date":"2024-09-16T14:14:00","date_gmt":"2024-09-16T14:14:00","guid":{"rendered":"https:\/\/hcxmachinery.com\/?post_type=product&#038;p=850"},"modified":"2024-12-16T07:36:08","modified_gmt":"2024-12-16T07:36:08","slug":"balde-de-escavadora","status":"publish","type":"product","link":"https:\/\/www.hcxmachinery.com\/pt\/produto\/balde-de-escavadora\/","title":{"rendered":"Balde de escavadeira XCMG em bom estado para venda"},"content":{"rendered":"<h2><strong>CARACTER\u00cdSTICAS DO PRODUTO\u00a0<\/strong><\/h2>\n<div class=\"auto-hide-last-sibling-br paragraph-JOTKXA paragraph-element br-paragraph-space\">O balde para escavadora que oferecemos apresenta uma forma racionalmente concebida, que \u00e9 cuidadosamente projectada para melhorar a sua efici\u00eancia e desempenho de escava\u00e7\u00e3o. \u00c9 constru\u00eddo com materiais de alta resist\u00eancia e dur\u00e1veis, tornando-o extremamente firme e altamente resistente ao desgaste. Isto permite-lhe suportar as condi\u00e7\u00f5es de trabalho mais dif\u00edceis e cargas pesadas sem se deformar ou desgastar facilmente.<\/div>\n<div><\/div>\n<div class=\"auto-hide-last-sibling-br paragraph-JOTKXA paragraph-element br-paragraph-space\">O balde foi tamb\u00e9m concebido para uma substitui\u00e7\u00e3o f\u00e1cil, permitindo uma instala\u00e7\u00e3o e remo\u00e7\u00e3o r\u00e1pidas e c\u00f3modas, o que ajuda a minimizar o tempo de inatividade e os custos de manuten\u00e7\u00e3o. Com a sua excelente qualidade e durabilidade, promete uma longa vida \u00fatil, proporcionando um desempenho fi\u00e1vel e consistente durante toda a sua utiliza\u00e7\u00e3o. Quer seja para escava\u00e7\u00e3o, carregamento ou outras tarefas de movimenta\u00e7\u00e3o de terras, este balde para escavadora \u00e9 uma excelente escolha para aumentar a produtividade e garantir o bom funcionamento da sua escavadora.<\/div>","protected":false},"excerpt":{"rendered":"<p>INTRODU\u00c7\u00c3O DO PRODUTO<br \/>\nO balde para escavadora que oferecemos apresenta uma forma racionalmente concebida, que \u00e9 cuidadosamente projectada para melhorar a sua efici\u00eancia e desempenho de escava\u00e7\u00e3o. \u00c9 constru\u00eddo com materiais de alta resist\u00eancia e dur\u00e1veis, tornando-o extremamente firme e altamente resistente ao desgaste. Isto permite-lhe suportar as condi\u00e7\u00f5es de trabalho mais dif\u00edceis e cargas pesadas sem se deformar ou desgastar facilmente.<\/p>","protected":false},"featured_media":1719,"template":"","meta":{"_acf_changed":false,"site-sidebar-layout":"default","site-content-layout":"","ast-site-content-layout":"default","site-content-style":"default","site-sidebar-style":"default","ast-global-header-display":"","ast-banner-title-visibility":"","ast-main-header-display":"","ast-hfb-above-header-display":"","ast-hfb-below-header-display":"","ast-hfb-mobile-header-display":"","site-post-title":"","ast-breadcrumbs-content":"","ast-featured-img":"","footer-sml-layout":"","theme-transparent-header-meta":"default","adv-header-id-meta":"","stick-header-meta":"default","header-above-stick-meta":"","header-main-stick-meta":"","header-below-stick-meta":"","astra-migrate-meta-layouts":"set","ast-page-background-enabled":"default","ast-page-background-meta":{"desktop":{"background-color":"var(--ast-global-color-4)","background-image":"","background-repeat":"repeat","background-position":"center center","background-size":"auto","background-attachment":"scroll","background-type":"","background-media":"","overlay-type":"","overlay-color":"","overlay-opacity":"","overlay-gradient":""},"tablet":{"background-color":"","background-image":"","background-repeat":"repeat","background-position":"center center","background-size":"auto","background-attachment":"scroll","background-type":"","background-media":"","overlay-type":"","overlay-color":"","overlay-opacity":"","overlay-gradient":""},"mobile":{"background-color":"","background-image":"","background-repeat":"repeat","background-position":"center center","background-size":"auto","background-attachment":"scroll","background-type":"","background-media":"","overlay-type":"","overlay-color":"","overlay-opacity":"","overlay-gradient":""}},"ast-content-background-meta":{"desktop":{"background-color":"var(--ast-global-color-5)","background-image":"","background-repeat":"repeat","background-position":"center center","background-size":"auto","background-attachment":"scroll","background-type":"","background-media":"","overlay-type":"","overlay-color":"","overlay-opacity":"","overlay-gradient":""},"tablet":{"background-color":"var(--ast-global-color-5)","background-image":"","background-repeat":"repeat","background-position":"center center","background-size":"auto","background-attachment":"scroll","background-type":"","background-media":"","overlay-type":"","overlay-color":"","overlay-opacity":"","overlay-gradient":""},"mobile":{"background-color":"var(--ast-global-color-5)","background-image":"","background-repeat":"repeat","background-position":"center center","background-size":"auto","background-attachment":"scroll","background-type":"","background-media":"","overlay-type":"","overlay-color":"","overlay-opacity":"","overlay-gradient":""}}},"product_cat":[27],"product_tag":[],"class_list":{"0":"post-850","1":"product","2":"type-product","3":"status-publish","4":"has-post-thumbnail","6":"product_cat-multi-functional-attachment","7":"desktop-align-left","8":"tablet-align-left","9":"mobile-align-left","10":"ast-product-gallery-layout-horizontal-slider","11":"ast-product-gallery-with-no-image","12":"ast-magnify-disabled","13":"ast-product-tabs-layout-horizontal","15":"first","16":"instock","17":"shipping-taxable","18":"product-type-simple"},"acf":[],"_links":{"self":[{"href":"https:\/\/www.hcxmachinery.com\/pt\/wp-json\/wp\/v2\/product\/850"}],"collection":[{"href":"https:\/\/www.hcxmachinery.com\/pt\/wp-json\/wp\/v2\/product"}],"about":[{"href":"https:\/\/www.hcxmachinery.com\/pt\/wp-json\/wp\/v2\/types\/product"}],"version-history":[{"count":10,"href":"https:\/\/www.hcxmachinery.com\/pt\/wp-json\/wp\/v2\/product\/850\/revisions"}],"predecessor-version":[{"id":2161,"href":"https:\/\/www.hcxmachinery.com\/pt\/wp-json\/wp\/v2\/product\/850\/revisions\/2161"}],"wp:featuredmedia":[{"embeddable":true,"href":"https:\/\/www.hcxmachinery.com\/pt\/wp-json\/wp\/v2\/media\/1719"}],"wp:attachment":[{"href":"https:\/\/www.hcxmachinery.com\/pt\/wp-json\/wp\/v2\/media?parent=850"}],"wp:term":[{"taxonomy":"product_cat","embeddable":true,"href":"https:\/\/www.hcxmachinery.com\/pt\/wp-json\/wp\/v2\/product_cat?post=850"},{"taxonomy":"product_tag","embeddable":true,"href":"https:\/\/www.hcxmachinery.com\/pt\/wp-json\/wp\/v2\/product_tag?post=850"}],"curies":[{"name":"wp","href":"https:\/\/api.w.org\/{rel}","templated":true}]}}