{"id":844,"date":"2024-09-16T14:10:18","date_gmt":"2024-09-16T14:10:18","guid":{"rendered":"https:\/\/hcxmachinery.com\/?post_type=product&#038;p=844"},"modified":"2024-12-16T07:34:54","modified_gmt":"2024-12-16T07:34:54","slug":"cadeia-de-carris","status":"publish","type":"product","link":"https:\/\/www.hcxmachinery.com\/pt\/produto\/cadeia-de-carris\/","title":{"rendered":"Corrente de esteira dur\u00e1vel e econ\u00f3mica para venda"},"content":{"rendered":"<h2>CARACTER\u00cdSTICAS DO PRODUTO<\/h2>\n<div class=\"inter-hOmJ9L\">\n<div class=\"container-BwY979\">\n<div class=\"item-mSprm1\">\n<div class=\"container-rBgb6B chrome70-container leftVisible-RT0C1Y undefined\">\n<div class=\"inner-LOKNYu inner-item-AQrr_W\" data-target-id=\"message-box-target-id\" data-testid=\"union_message\">\n<div class=\"message-block-container-CKPFh2\" data-testid=\"message-block-container\">\n<div class=\"message-box-y4MH8s\" data-testid=\"receive_message\">\n<div class=\"message-box-content-wrapper-fgNGpz\">\n<div class=\"message-content message-box-content-xoCEoU receive-message-box-content-bNaFpa samantha-message-box-content-gWlptz\" data-testid=\"message_content\">\n<div class=\"container-ZYIsnH flow-markdown-body theme-samantha-Nbr9UN\" dir=\"ltr\" data-testid=\"message_text_content\" data-show-indicator=\"false\">\n<div class=\"auto-hide-last-sibling-br paragraph-JOTKXA paragraph-element br-paragraph-space\">A nossa corrente para rastos de escavadoras foi concebida para cumprir os mais elevados padr\u00f5es. Apresenta uma excelente resist\u00eancia ao desgaste, permitindo-lhe suportar fric\u00e7\u00e3o cont\u00ednua e cargas pesadas durante o funcionamento. Com excelentes propriedades mec\u00e2nicas, garante um desempenho fi\u00e1vel e durabilidade. O longo ciclo de substitui\u00e7\u00e3o reduz significativamente o tempo de inatividade e a frequ\u00eancia de manuten\u00e7\u00e3o. Al\u00e9m disso, o seu baixo custo de manuten\u00e7\u00e3o faz com que seja uma escolha rent\u00e1vel para os propriet\u00e1rios de escavadoras, proporcionando um apoio fi\u00e1vel para v\u00e1rias tarefas de constru\u00e7\u00e3o e movimenta\u00e7\u00e3o de terras.<\/div>\n<\/div>\n<\/div>\n<\/div>\n<div class=\"answer-action-bar-wEWc6C bottom-action-bar-wrapper-qtqrci large-space-b582O0 answer-action-bar\" data-testid=\"message_action_bar\">\n<div class=\"container-seCXVJ container-TRt1mF bottom-action-bar-iUQiGg\">\n<div class=\"left-Qpwvoi\"><\/div>\n<\/div>\n<\/div>\n<\/div>\n<\/div>\n<\/div>\n<\/div>\n<\/div>\n<\/div>\n<\/div>\n<div class=\"top-JSf3Yc\">\n<div class=\"container-rBgb6B chrome70-container leftVisible-RT0C1Y undefined\"><\/div>\n<\/div>","protected":false},"excerpt":{"rendered":"<p>INTRODU\u00c7\u00c3O DO PRODUTO<\/p>\n<p><span style=\"font-size: 16px\">A nossa corrente para rastos de escavadoras foi concebida para cumprir os mais elevados padr\u00f5es. Apresenta uma excelente resist\u00eancia ao desgaste, permitindo-lhe suportar fric\u00e7\u00e3o cont\u00ednua e cargas pesadas durante o funcionamento. Com excelentes propriedades mec\u00e2nicas, garante um desempenho fi\u00e1vel e durabilidade. O longo ciclo de substitui\u00e7\u00e3o reduz significativamente o tempo de inatividade e a frequ\u00eancia de manuten\u00e7\u00e3o. Al\u00e9m disso, o seu baixo custo de manuten\u00e7\u00e3o faz com que seja uma escolha rent\u00e1vel para os propriet\u00e1rios de escavadoras, proporcionando um apoio fi\u00e1vel para v\u00e1rias tarefas de constru\u00e7\u00e3o e movimenta\u00e7\u00e3o de terras.<\/span><\/p>\n<div class=\"inter-hOmJ9L\">\n<div class=\"container-BwY979\">\n<div class=\"item-mSprm1\">\n<div class=\"container-rBgb6B chrome70-container leftVisible-RT0C1Y undefined\">\n<div class=\"inner-LOKNYu inner-item-AQrr_W\" data-target-id=\"message-box-target-id\" data-testid=\"union_message\">\n<div class=\"message-block-container-CKPFh2\" data-testid=\"message-block-container\">\n<div class=\"message-box-y4MH8s\" data-testid=\"receive_message\">\n<div class=\"answer-action-bar-wEWc6C bottom-action-bar-wrapper-qtqrci large-space-b582O0 answer-action-bar\" data-testid=\"message_action_bar\">\n<div class=\"container-seCXVJ container-TRt1mF bottom-action-bar-iUQiGg\">\n<div class=\"left-Qpwvoi\"><\/div>\n<\/div>\n<\/div>\n<\/div>\n<\/div>\n<\/div>\n<\/div>\n<\/div>\n<\/div>\n<\/div>\n<div class=\"top-JSf3Yc\">\n<div class=\"container-rBgb6B chrome70-container leftVisible-RT0C1Y undefined\"><\/div>\n<\/div>","protected":false},"featured_media":1721,"template":"","meta":{"_acf_changed":false,"site-sidebar-layout":"default","site-content-layout":"","ast-site-content-layout":"default","site-content-style":"default","site-sidebar-style":"default","ast-global-header-display":"","ast-banner-title-visibility":"","ast-main-header-display":"","ast-hfb-above-header-display":"","ast-hfb-below-header-display":"","ast-hfb-mobile-header-display":"","site-post-title":"","ast-breadcrumbs-content":"","ast-featured-img":"","footer-sml-layout":"","theme-transparent-header-meta":"default","adv-header-id-meta":"","stick-header-meta":"default","header-above-stick-meta":"","header-main-stick-meta":"","header-below-stick-meta":"","astra-migrate-meta-layouts":"set","ast-page-background-enabled":"default","ast-page-background-meta":{"desktop":{"background-color":"var(--ast-global-color-4)","background-image":"","background-repeat":"repeat","background-position":"center center","background-size":"auto","background-attachment":"scroll","background-type":"","background-media":"","overlay-type":"","overlay-color":"","overlay-opacity":"","overlay-gradient":""},"tablet":{"background-color":"","background-image":"","background-repeat":"repeat","background-position":"center center","background-size":"auto","background-attachment":"scroll","background-type":"","background-media":"","overlay-type":"","overlay-color":"","overlay-opacity":"","overlay-gradient":""},"mobile":{"background-color":"","background-image":"","background-repeat":"repeat","background-position":"center center","background-size":"auto","background-attachment":"scroll","background-type":"","background-media":"","overlay-type":"","overlay-color":"","overlay-opacity":"","overlay-gradient":""}},"ast-content-background-meta":{"desktop":{"background-color":"var(--ast-global-color-5)","background-image":"","background-repeat":"repeat","background-position":"center center","background-size":"auto","background-attachment":"scroll","background-type":"","background-media":"","overlay-type":"","overlay-color":"","overlay-opacity":"","overlay-gradient":""},"tablet":{"background-color":"var(--ast-global-color-5)","background-image":"","background-repeat":"repeat","background-position":"center center","background-size":"auto","background-attachment":"scroll","background-type":"","background-media":"","overlay-type":"","overlay-color":"","overlay-opacity":"","overlay-gradient":""},"mobile":{"background-color":"var(--ast-global-color-5)","background-image":"","background-repeat":"repeat","background-position":"center center","background-size":"auto","background-attachment":"scroll","background-type":"","background-media":"","overlay-type":"","overlay-color":"","overlay-opacity":"","overlay-gradient":""}}},"product_cat":[27],"product_tag":[],"class_list":{"0":"post-844","1":"product","2":"type-product","3":"status-publish","4":"has-post-thumbnail","6":"product_cat-multi-functional-attachment","7":"desktop-align-left","8":"tablet-align-left","9":"mobile-align-left","10":"ast-product-gallery-layout-horizontal-slider","11":"ast-product-gallery-with-no-image","12":"ast-magnify-disabled","13":"ast-product-tabs-layout-horizontal","15":"first","16":"instock","17":"shipping-taxable","18":"product-type-simple"},"acf":[],"_links":{"self":[{"href":"https:\/\/www.hcxmachinery.com\/pt\/wp-json\/wp\/v2\/product\/844"}],"collection":[{"href":"https:\/\/www.hcxmachinery.com\/pt\/wp-json\/wp\/v2\/product"}],"about":[{"href":"https:\/\/www.hcxmachinery.com\/pt\/wp-json\/wp\/v2\/types\/product"}],"version-history":[{"count":7,"href":"https:\/\/www.hcxmachinery.com\/pt\/wp-json\/wp\/v2\/product\/844\/revisions"}],"predecessor-version":[{"id":2160,"href":"https:\/\/www.hcxmachinery.com\/pt\/wp-json\/wp\/v2\/product\/844\/revisions\/2160"}],"wp:featuredmedia":[{"embeddable":true,"href":"https:\/\/www.hcxmachinery.com\/pt\/wp-json\/wp\/v2\/media\/1721"}],"wp:attachment":[{"href":"https:\/\/www.hcxmachinery.com\/pt\/wp-json\/wp\/v2\/media?parent=844"}],"wp:term":[{"taxonomy":"product_cat","embeddable":true,"href":"https:\/\/www.hcxmachinery.com\/pt\/wp-json\/wp\/v2\/product_cat?post=844"},{"taxonomy":"product_tag","embeddable":true,"href":"https:\/\/www.hcxmachinery.com\/pt\/wp-json\/wp\/v2\/product_tag?post=844"}],"curies":[{"name":"wp","href":"https:\/\/api.w.org\/{rel}","templated":true}]}}