{"id":830,"date":"2024-09-16T13:55:35","date_gmt":"2024-09-16T13:55:35","guid":{"rendered":"https:\/\/hcxmachinery.com\/?post_type=product&#038;p=830"},"modified":"2024-12-20T07:00:21","modified_gmt":"2024-12-20T07:00:21","slug":"acoplador-rapido","status":"publish","type":"product","link":"https:\/\/www.hcxmachinery.com\/pt\/produto\/acoplador-rapido\/","title":{"rendered":"Acoplador r\u00e1pido hidr\u00e1ulico de boa qualidade XCMG-K200"},"content":{"rendered":"<h2><strong>CARACTER\u00cdSTICAS DO PRODUTO<\/strong><\/h2>\n<p>Este produto tem as vantagens de uma vasta gama de aplica\u00e7\u00f5es, seguran\u00e7a e fiabilidade, melhoria da efici\u00eancia do trabalho e durabilidade.<\/p>\n<h2>PAR\u00c2METROS<\/h2>\n<div class=\"123\">\n<table width=\"873\">\n<tbody>\n<tr>\n<td width=\"99\">N\u00famero de s\u00e9rie<\/td>\n<td width=\"295\">Modelo do produto<\/td>\n<td width=\"158\">\u00a0Tonelagem aplic\u00e1vel (T)<\/td>\n<td width=\"72\">Comprimento<\/td>\n<td width=\"72\">\u00a0Largura<\/td>\n<td width=\"72\">Altura<\/td>\n<td width=\"105\">\u00a0Peso (KG)<\/td>\n<\/tr>\n<tr>\n<td>1<\/td>\n<td>\u00a0Acoplador r\u00e1pido mec\u00e2nico XCMG-K30<\/td>\n<td>4-6T<\/td>\n<td>60<\/td>\n<td>35<\/td>\n<td>35<\/td>\n<td>70KG<\/td>\n<\/tr>\n<tr>\n<td>2<\/td>\n<td>Acoplador r\u00e1pido mec\u00e2nico XCMG-K40<\/td>\n<td>7-8T<\/td>\n<td>60<\/td>\n<td>35<\/td>\n<td>35<\/td>\n<td>80KG<\/td>\n<\/tr>\n<tr>\n<td>3<\/td>\n<td>Acoplador r\u00e1pido mec\u00e2nico XCMG-K150<\/td>\n<td>13-15T<\/td>\n<td>85<\/td>\n<td>40<\/td>\n<td>45<\/td>\n<td>200KG<\/td>\n<\/tr>\n<tr>\n<td>4<\/td>\n<td>Acoplador r\u00e1pido hidr\u00e1ulico XCMG-K200<\/td>\n<td>20-23T<\/td>\n<td>105<\/td>\n<td>50<\/td>\n<td>60<\/td>\n<td>400KG<\/td>\n<\/tr>\n<\/tbody>\n<\/table>\n<\/div>\n<p>&nbsp;<\/p>","protected":false},"excerpt":{"rendered":"<p><strong>INTRODU\u00c7\u00c3O DO PRODUTO<\/strong><br \/>\nO produto \u00e9 fabricado em a\u00e7o mangan\u00eas de elevada resist\u00eancia e com um design mec\u00e2nico integrado. \u00c9 dur\u00e1vel e adequado para os requisitos de montagem de escavadoras de v\u00e1rias tonelagens. Em compara\u00e7\u00e3o com a forma tradicional de substitui\u00e7\u00e3o de acess\u00f3rios, pode ser conclu\u00edda numa \u00fanica opera\u00e7\u00e3o, o que reduz significativamente o tempo de substitui\u00e7\u00e3o de acess\u00f3rios e melhora a efici\u00eancia do trabalho. Reduz a depend\u00eancia dos acess\u00f3rios de substitui\u00e7\u00e3o tradicionais dos seres humanos e melhora significativamente o desempenho de seguran\u00e7a.<\/p>\n<p>&nbsp;<\/p>","protected":false},"featured_media":1949,"template":"","meta":{"_acf_changed":false,"site-sidebar-layout":"default","site-content-layout":"","ast-site-content-layout":"default","site-content-style":"default","site-sidebar-style":"default","ast-global-header-display":"","ast-banner-title-visibility":"","ast-main-header-display":"","ast-hfb-above-header-display":"","ast-hfb-below-header-display":"","ast-hfb-mobile-header-display":"","site-post-title":"","ast-breadcrumbs-content":"","ast-featured-img":"","footer-sml-layout":"","theme-transparent-header-meta":"default","adv-header-id-meta":"","stick-header-meta":"default","header-above-stick-meta":"","header-main-stick-meta":"","header-below-stick-meta":"","astra-migrate-meta-layouts":"set","ast-page-background-enabled":"default","ast-page-background-meta":{"desktop":{"background-color":"var(--ast-global-color-4)","background-image":"","background-repeat":"repeat","background-position":"center center","background-size":"auto","background-attachment":"scroll","background-type":"","background-media":"","overlay-type":"","overlay-color":"","overlay-opacity":"","overlay-gradient":""},"tablet":{"background-color":"","background-image":"","background-repeat":"repeat","background-position":"center center","background-size":"auto","background-attachment":"scroll","background-type":"","background-media":"","overlay-type":"","overlay-color":"","overlay-opacity":"","overlay-gradient":""},"mobile":{"background-color":"","background-image":"","background-repeat":"repeat","background-position":"center center","background-size":"auto","background-attachment":"scroll","background-type":"","background-media":"","overlay-type":"","overlay-color":"","overlay-opacity":"","overlay-gradient":""}},"ast-content-background-meta":{"desktop":{"background-color":"var(--ast-global-color-5)","background-image":"","background-repeat":"repeat","background-position":"center center","background-size":"auto","background-attachment":"scroll","background-type":"","background-media":"","overlay-type":"","overlay-color":"","overlay-opacity":"","overlay-gradient":""},"tablet":{"background-color":"var(--ast-global-color-5)","background-image":"","background-repeat":"repeat","background-position":"center center","background-size":"auto","background-attachment":"scroll","background-type":"","background-media":"","overlay-type":"","overlay-color":"","overlay-opacity":"","overlay-gradient":""},"mobile":{"background-color":"var(--ast-global-color-5)","background-image":"","background-repeat":"repeat","background-position":"center center","background-size":"auto","background-attachment":"scroll","background-type":"","background-media":"","overlay-type":"","overlay-color":"","overlay-opacity":"","overlay-gradient":""}}},"product_cat":[27],"product_tag":[],"class_list":{"0":"post-830","1":"product","2":"type-product","3":"status-publish","4":"has-post-thumbnail","6":"product_cat-multi-functional-attachment","7":"desktop-align-left","8":"tablet-align-left","9":"mobile-align-left","10":"ast-product-gallery-layout-horizontal-slider","11":"ast-magnify-disabled","12":"ast-product-tabs-layout-horizontal","14":"first","15":"instock","16":"shipping-taxable","17":"product-type-simple"},"acf":[],"_links":{"self":[{"href":"https:\/\/www.hcxmachinery.com\/pt\/wp-json\/wp\/v2\/product\/830"}],"collection":[{"href":"https:\/\/www.hcxmachinery.com\/pt\/wp-json\/wp\/v2\/product"}],"about":[{"href":"https:\/\/www.hcxmachinery.com\/pt\/wp-json\/wp\/v2\/types\/product"}],"version-history":[{"count":6,"href":"https:\/\/www.hcxmachinery.com\/pt\/wp-json\/wp\/v2\/product\/830\/revisions"}],"predecessor-version":[{"id":2316,"href":"https:\/\/www.hcxmachinery.com\/pt\/wp-json\/wp\/v2\/product\/830\/revisions\/2316"}],"wp:featuredmedia":[{"embeddable":true,"href":"https:\/\/www.hcxmachinery.com\/pt\/wp-json\/wp\/v2\/media\/1949"}],"wp:attachment":[{"href":"https:\/\/www.hcxmachinery.com\/pt\/wp-json\/wp\/v2\/media?parent=830"}],"wp:term":[{"taxonomy":"product_cat","embeddable":true,"href":"https:\/\/www.hcxmachinery.com\/pt\/wp-json\/wp\/v2\/product_cat?post=830"},{"taxonomy":"product_tag","embeddable":true,"href":"https:\/\/www.hcxmachinery.com\/pt\/wp-json\/wp\/v2\/product_tag?post=830"}],"curies":[{"name":"wp","href":"https:\/\/api.w.org\/{rel}","templated":true}]}}