{"id":792,"date":"2022-08-06T20:12:44","date_gmt":"2022-08-06T20:12:44","guid":{"rendered":"https:\/\/hcxmachinery.com\/?post_type=product&#038;p=792"},"modified":"2025-12-13T03:45:55","modified_gmt":"2025-12-13T03:45:55","slug":"xe490dk","status":"publish","type":"product","link":"https:\/\/www.hcxmachinery.com\/pt\/produto\/xe490dk\/","title":{"rendered":"XE490DK Escavadora usada M\u00e1quina de constru\u00e7\u00e3o dur\u00e1vel para venda"},"content":{"rendered":"<h2><strong>XE490DK<\/strong><\/h2>\n<p>A escavadora hidr\u00e1ulica XE490DK \u00e9 o modelo l\u00edder de escavadoras de grande porte lan\u00e7ado pelo departamento de escavadoras da XCMG. O produto integra a valiosa experi\u00eancia adquirida pela XCMG em anos de pesquisa e desenvolvimento de produtos para escavadeiras, e adota m\u00e9todos avan\u00e7ados de projeto e fabrica\u00e7\u00e3o. Enquanto isso, o produto adere ao conceito de design de \"alta efici\u00eancia, alta seguran\u00e7a, baixo carbono e prote\u00e7\u00e3o ambiental\", e tem capacidade perfeita de opera\u00e7\u00e3o em minas. Pode ser usado em opera\u00e7\u00f5es de minas, constru\u00e7\u00e3o municipal, constru\u00e7\u00e3o de estradas e pontes, escava\u00e7\u00e3o e valas, constru\u00e7\u00e3o de conserva\u00e7\u00e3o de \u00e1gua em terras agr\u00edcolas, etc.<\/p>\n<h2 class=\"fe-bold mb-3\">PAR\u00c2METROS<\/h2>\n<p>&nbsp;<\/p>\n<table class=\"tg\">\n<thead>\n<tr>\n<th class=\"tg-i231\" colspan=\"2\">Modelo de vendas<\/th>\n<th class=\"tg-ukly\">Unidade<\/th>\n<th class=\"tg-oov0\"><span style=\"color: #343434\">Medi\u00e7\u00e3o<\/span><\/th>\n<\/tr>\n<\/thead>\n<tbody>\n<tr>\n<td class=\"tg-wa1i\" colspan=\"2\">Peso operacional<\/td>\n<td class=\"tg-nrix\">Kg<\/td>\n<td class=\"tg-f4yw\">48100<\/td>\n<\/tr>\n<tr>\n<td class=\"tg-wa1i\" colspan=\"2\">Capacidade do balde<\/td>\n<td class=\"tg-nrix\">m\u00b3<\/td>\n<td class=\"tg-7yig\">2.3-3.1<\/td>\n<\/tr>\n<tr>\n<td class=\"tg-wa1i\" rowspan=\"10\">Motor<\/td>\n<td class=\"tg-yla0\">Modelo<\/td>\n<td class=\"tg-nrix\">\/<\/td>\n<td class=\"tg-f4yw\">QSM11-375<\/td>\n<\/tr>\n<tr>\n<td class=\"tg-yla0\">Inje\u00e7\u00e3o direta<\/td>\n<td class=\"tg-nrix\">\/<\/td>\n<td class=\"tg-f4yw\">\u221a<\/td>\n<\/tr>\n<tr>\n<td class=\"tg-yla0\">Quatro tempos<\/td>\n<td class=\"tg-nrix\">\/<\/td>\n<td class=\"tg-f4yw\">\u221a<\/td>\n<\/tr>\n<tr>\n<td class=\"tg-yla0\">Arrefecimento a \u00e1gua<\/td>\n<td class=\"tg-nrix\">\/<\/td>\n<td class=\"tg-f4yw\">\u221a<\/td>\n<\/tr>\n<tr>\n<td class=\"tg-yla0\">Turboalimenta\u00e7\u00e3o<\/td>\n<td class=\"tg-nrix\">\/<\/td>\n<td class=\"tg-f4yw\">\u221a<\/td>\n<\/tr>\n<tr>\n<td class=\"tg-yla0\">Arrefecimento por ar<\/td>\n<td class=\"tg-nrix\">\/<\/td>\n<td class=\"tg-f4yw\">\u221a<\/td>\n<\/tr>\n<tr>\n<td class=\"tg-yla0\">N.\u00ba de cilindros<\/td>\n<td class=\"tg-nrix\">\/<\/td>\n<td class=\"tg-f4yw\">6<\/td>\n<\/tr>\n<tr>\n<td class=\"tg-yla0\">Pot\u00eancia de sa\u00edda<\/td>\n<td class=\"tg-nrix\">kw\/rpm<\/td>\n<td class=\"tg-f4yw\">280\/2000<\/td>\n<\/tr>\n<tr>\n<td class=\"tg-yla0\">Bin\u00e1rio\/velocidade m\u00e1xima<\/td>\n<td class=\"tg-nrix\">N.m\/rpm<\/td>\n<td class=\"tg-f4yw\">1898\/1300<\/td>\n<\/tr>\n<tr>\n<td class=\"tg-yla0\">Desloca\u00e7\u00e3o<\/td>\n<td class=\"tg-nrix\">L<\/td>\n<td class=\"tg-f4yw\">11<\/td>\n<\/tr>\n<tr>\n<td class=\"tg-wa1i\" rowspan=\"7\">Desempenho principal<\/td>\n<td class=\"tg-yla0\">Velocidade de desloca\u00e7\u00e3o<\/td>\n<td class=\"tg-nrix\">km\/h<\/td>\n<td class=\"tg-f4yw\">5.4\/3.2<\/td>\n<\/tr>\n<tr>\n<td class=\"tg-yla0\">Velocidade de oscila\u00e7\u00e3o<\/td>\n<td class=\"tg-nrix\">r\/min<\/td>\n<td class=\"tg-f4yw\">9.2<\/td>\n<\/tr>\n<tr>\n<td class=\"tg-yla0\">Capacidade de classifica\u00e7\u00e3o<\/td>\n<td class=\"tg-nrix\">\u00b0<\/td>\n<td class=\"tg-f4yw\">35<\/td>\n<\/tr>\n<tr>\n<td class=\"tg-yla0\">Press\u00e3o no solo<\/td>\n<td class=\"tg-nrix\">kPa<\/td>\n<td class=\"tg-f4yw\">85<\/td>\n<\/tr>\n<tr>\n<td class=\"tg-yla0\">For\u00e7a de escava\u00e7\u00e3o do balde<\/td>\n<td class=\"tg-nrix\">kN<\/td>\n<td class=\"tg-f4yw\">301<\/td>\n<\/tr>\n<tr>\n<td class=\"tg-yla0\">For\u00e7a de escava\u00e7\u00e3o do bra\u00e7o<\/td>\n<td class=\"tg-nrix\">kN<\/td>\n<td class=\"tg-f4yw\">248<\/td>\n<\/tr>\n<tr>\n<td class=\"tg-yla0\">For\u00e7a de tra\u00e7\u00e3o m\u00e1xima<\/td>\n<td class=\"tg-nrix\">kN<\/td>\n<td class=\"tg-f4yw\">338<\/td>\n<\/tr>\n<tr>\n<td class=\"tg-wa1i\" rowspan=\"6\">Sistema hidr\u00e1ulico<\/td>\n<td class=\"tg-yla0\">Caudal nominal da bomba principal<\/td>\n<td class=\"tg-nrix\">\/<\/td>\n<td class=\"tg-nrix\">2\u00d7<br \/>\nBombas de \u00eambolo<\/td>\n<\/tr>\n<tr>\n<td class=\"tg-yla0\">Caudal nominal da bomba principal<\/td>\n<td class=\"tg-nrix\">L\/min<\/td>\n<td class=\"tg-f4yw\">2\u00d7360<\/td>\n<\/tr>\n<tr>\n<td class=\"tg-yla0\">Press\u00e3o da v\u00e1lvula de seguran\u00e7a principal<\/td>\n<td class=\"tg-nrix\">MPa<\/td>\n<td class=\"tg-f4yw\">34.3\/37<\/td>\n<\/tr>\n<tr>\n<td class=\"tg-yla0\">Press\u00e3o do sistema de desloca\u00e7\u00e3o<\/td>\n<td class=\"tg-nrix\">MPa<\/td>\n<td class=\"tg-f4yw\">34.3<\/td>\n<\/tr>\n<tr>\n<td class=\"tg-yla0\">Press\u00e3o do sistema de oscila\u00e7\u00e3o<\/td>\n<td class=\"tg-nrix\">MPa<\/td>\n<td class=\"tg-f4yw\">31<\/td>\n<\/tr>\n<tr>\n<td class=\"tg-yla0\">Press\u00e3o do sistema piloto<\/td>\n<td class=\"tg-nrix\">MPa<\/td>\n<td class=\"tg-f4yw\">3.9<\/td>\n<\/tr>\n<tr>\n<td class=\"tg-wa1i\" rowspan=\"3\">Capacidade de \u00f3leo<\/td>\n<td class=\"tg-yla0\">Capacidade do dep\u00f3sito de combust\u00edvel<\/td>\n<td class=\"tg-nrix\">L<\/td>\n<td class=\"tg-f4yw\">725<\/td>\n<\/tr>\n<tr>\n<td class=\"tg-yla0\">Capacidade do dep\u00f3sito hidr\u00e1ulico<\/td>\n<td class=\"tg-nrix\">L<\/td>\n<td class=\"tg-f4yw\">430<\/td>\n<\/tr>\n<tr>\n<td class=\"tg-yla0\">Capacidade do \u00f3leo do motor<\/td>\n<td class=\"tg-nrix\">L<\/td>\n<td class=\"tg-f4yw\">38<\/td>\n<\/tr>\n<tr>\n<td class=\"tg-wa1i\" rowspan=\"13\">Tamanho da apar\u00eancia<\/td>\n<td class=\"tg-yla0\">A Comprimento total<\/td>\n<td class=\"tg-nrix\">mm<\/td>\n<td class=\"tg-f4yw\">11805<\/td>\n<\/tr>\n<tr>\n<td class=\"tg-yla0\">B Largura total<\/td>\n<td class=\"tg-nrix\">mm<\/td>\n<td class=\"tg-f4yw\">3582<\/td>\n<\/tr>\n<tr>\n<td class=\"tg-yla0\">C Altura total<\/td>\n<td class=\"tg-nrix\">mm<\/td>\n<td class=\"tg-f4yw\">3890<\/td>\n<\/tr>\n<tr>\n<td class=\"tg-yla0\">D Largura da plataforma<\/td>\n<td class=\"tg-nrix\">mm<\/td>\n<td class=\"tg-f4yw\">3095<\/td>\n<\/tr>\n<tr>\n<td class=\"tg-yla0\">E Comprimento da via<\/td>\n<td class=\"tg-nrix\">mm<\/td>\n<td class=\"tg-f4yw\">5353<\/td>\n<\/tr>\n<tr>\n<td class=\"tg-yla0\">F Largura total do quadro<\/td>\n<td class=\"tg-nrix\">mm<\/td>\n<td class=\"tg-f4yw\">3582<\/td>\n<\/tr>\n<tr>\n<td class=\"tg-yla0\">G Largura da via<\/td>\n<td class=\"tg-nrix\">mm<\/td>\n<td class=\"tg-f4yw\">600<\/td>\n<\/tr>\n<tr>\n<td class=\"tg-yla0\">H Comprimento at\u00e9 ao centro dos rolos<\/td>\n<td class=\"tg-nrix\">mm<\/td>\n<td class=\"tg-f4yw\">4292<\/td>\n<\/tr>\n<tr>\n<td class=\"tg-yla0\">I Gabarito da via<\/td>\n<td class=\"tg-nrix\">mm<\/td>\n<td class=\"tg-f4yw\">2750<\/td>\n<\/tr>\n<tr>\n<td class=\"tg-yla0\">J Folga do contrapeso<\/td>\n<td class=\"tg-nrix\">mm<\/td>\n<td class=\"tg-f4yw\">1324<\/td>\n<\/tr>\n<tr>\n<td class=\"tg-yla0\">K Dist\u00e2ncia m\u00ednima ao solo<\/td>\n<td class=\"tg-nrix\">mm<\/td>\n<td class=\"tg-f4yw\">519<\/td>\n<\/tr>\n<tr>\n<td class=\"tg-yla0\">L Raio m\u00ednimo de oscila\u00e7\u00e3o da cauda<\/td>\n<td class=\"tg-nrix\">mm<\/td>\n<td class=\"tg-f4yw\">3800<\/td>\n<\/tr>\n<tr>\n<td class=\"tg-yla0\">M Altura da via<\/td>\n<td class=\"tg-nrix\">mm<\/td>\n<td class=\"tg-f4yw\">1198<\/td>\n<\/tr>\n<tr>\n<td class=\"tg-wa1i\" rowspan=\"7\">\u00c2mbito de aplica\u00e7\u00e3o<\/td>\n<td class=\"tg-yla0\">A Altura m\u00e1xima de escava\u00e7\u00e3o<\/td>\n<td class=\"tg-nrix\">mm<\/td>\n<td class=\"tg-f4yw\">9855<\/td>\n<\/tr>\n<tr>\n<td class=\"tg-yla0\">B Altura m\u00e1xima de descarga<\/td>\n<td class=\"tg-nrix\">mm<\/td>\n<td class=\"tg-f4yw\">6890<\/td>\n<\/tr>\n<tr>\n<td class=\"tg-yla0\">C Profundidade m\u00e1xima de escava\u00e7\u00e3o<\/td>\n<td class=\"tg-nrix\">mm<\/td>\n<td class=\"tg-f4yw\">7000<\/td>\n<\/tr>\n<tr>\n<td class=\"tg-yla0\">D Profundidade m\u00e1xima de corte para um fundo nivelado de 2240 mm (8 p\u00e9s)<\/td>\n<td class=\"tg-nrix\">mm<\/td>\n<td class=\"tg-f4yw\">6900<\/td>\n<\/tr>\n<tr>\n<td class=\"tg-yla0\">E Profundidade m\u00e1xima de escava\u00e7\u00e3o vertical da parede<\/td>\n<td class=\"tg-nrix\">mm<\/td>\n<td class=\"tg-f4yw\">4500<\/td>\n<\/tr>\n<tr>\n<td class=\"tg-yla0\">Raio m\u00e1ximo de escava\u00e7\u00e3o<\/td>\n<td class=\"tg-nrix\">mm<\/td>\n<td class=\"tg-f4yw\">10855<\/td>\n<\/tr>\n<tr>\n<td class=\"tg-yla0\">Raio de oscila\u00e7\u00e3o m\u00ednimo<\/td>\n<td class=\"tg-nrix\">mm<\/td>\n<td class=\"tg-f4yw\">4580<\/td>\n<\/tr>\n<tr>\n<td class=\"tg-wa1i\" rowspan=\"3\">Configura\u00e7\u00e3o standard<\/td>\n<td class=\"tg-yla0\">Comprimento da lan\u00e7a<\/td>\n<td class=\"tg-nrix\">mm<\/td>\n<td class=\"tg-f4yw\">6670<\/td>\n<\/tr>\n<tr>\n<td class=\"tg-yla0\">Comprimento do bra\u00e7o<\/td>\n<td class=\"tg-nrix\">mm<\/td>\n<td class=\"tg-f4yw\">2900<\/td>\n<\/tr>\n<tr>\n<td class=\"tg-yla0\">Capacidade do balde<\/td>\n<td class=\"tg-nrix\">m\u00b3<\/td>\n<td class=\"tg-f4yw\">2.5<\/td>\n<\/tr>\n<tr>\n<td class=\"tg-wa1i\" rowspan=\"3\">Configura\u00e7\u00e3o opcional<\/td>\n<td class=\"tg-yla0\">Comprimento da lan\u00e7a<\/td>\n<td class=\"tg-nrix\">m\u00b3<\/td>\n<td class=\"tg-f4yw\">7060<\/td>\n<\/tr>\n<tr>\n<td class=\"tg-yla0\">Comprimento do bra\u00e7o<\/td>\n<td class=\"tg-nrix\">m\u00b3<\/td>\n<td class=\"tg-f4yw\">2400\/3380<\/td>\n<\/tr>\n<tr>\n<td class=\"tg-yla0\">Capacidade do balde<\/td>\n<td class=\"tg-nrix\">m\u00b3<\/td>\n<td class=\"tg-f4yw\">2.3 Balde de pedra<br \/>\n2.5 Balde refor\u00e7ado<br \/>\n3.1 Balde refor\u00e7ado<\/td>\n<\/tr>\n<\/tbody>\n<\/table>\n<p><img fetchpriority=\"high\" decoding=\"async\" class=\"alignnone size-medium wp-image-3380\" src=\"https:\/\/www.hcxmachinery.com\/wp-content\/uploads\/2022\/08\/XE500DK\u8be6\u60c5\u56fe-7-300x300.webp\" alt=\"\" width=\"300\" height=\"300\" title=\"\" srcset=\"https:\/\/www.hcxmachinery.com\/wp-content\/uploads\/2022\/08\/XE500DK\u8be6\u60c5\u56fe-7-300x300.webp 300w, https:\/\/www.hcxmachinery.com\/wp-content\/uploads\/2022\/08\/XE500DK\u8be6\u60c5\u56fe-7-150x150.webp 150w, https:\/\/www.hcxmachinery.com\/wp-content\/uploads\/2022\/08\/XE500DK\u8be6\u60c5\u56fe-7-768x768.webp 768w, https:\/\/www.hcxmachinery.com\/wp-content\/uploads\/2022\/08\/XE500DK\u8be6\u60c5\u56fe-7-12x12.webp 12w, https:\/\/www.hcxmachinery.com\/wp-content\/uploads\/2022\/08\/XE500DK\u8be6\u60c5\u56fe-7-600x600.webp 600w, https:\/\/www.hcxmachinery.com\/wp-content\/uploads\/2022\/08\/XE500DK\u8be6\u60c5\u56fe-7-100x100.webp 100w, https:\/\/www.hcxmachinery.com\/wp-content\/uploads\/2022\/08\/XE500DK\u8be6\u60c5\u56fe-7.webp 800w\" sizes=\"(max-width: 300px) 100vw, 300px\" \/> <img decoding=\"async\" class=\"alignnone size-medium wp-image-3379\" src=\"https:\/\/www.hcxmachinery.com\/wp-content\/uploads\/2022\/08\/XE500DK\u8be6\u60c5\u56fe-6-300x300.webp\" alt=\"\" width=\"300\" height=\"300\" title=\"\" srcset=\"https:\/\/www.hcxmachinery.com\/wp-content\/uploads\/2022\/08\/XE500DK\u8be6\u60c5\u56fe-6-300x300.webp 300w, https:\/\/www.hcxmachinery.com\/wp-content\/uploads\/2022\/08\/XE500DK\u8be6\u60c5\u56fe-6-150x150.webp 150w, https:\/\/www.hcxmachinery.com\/wp-content\/uploads\/2022\/08\/XE500DK\u8be6\u60c5\u56fe-6-768x768.webp 768w, https:\/\/www.hcxmachinery.com\/wp-content\/uploads\/2022\/08\/XE500DK\u8be6\u60c5\u56fe-6-12x12.webp 12w, https:\/\/www.hcxmachinery.com\/wp-content\/uploads\/2022\/08\/XE500DK\u8be6\u60c5\u56fe-6-600x600.webp 600w, https:\/\/www.hcxmachinery.com\/wp-content\/uploads\/2022\/08\/XE500DK\u8be6\u60c5\u56fe-6-100x100.webp 100w, https:\/\/www.hcxmachinery.com\/wp-content\/uploads\/2022\/08\/XE500DK\u8be6\u60c5\u56fe-6.webp 800w\" sizes=\"(max-width: 300px) 100vw, 300px\" \/> <img decoding=\"async\" class=\"alignnone size-medium wp-image-3378\" src=\"https:\/\/www.hcxmachinery.com\/wp-content\/uploads\/2022\/08\/XE500DK\u8be6\u60c5\u56fe-5-300x300.webp\" alt=\"\" width=\"300\" height=\"300\" title=\"\" srcset=\"https:\/\/www.hcxmachinery.com\/wp-content\/uploads\/2022\/08\/XE500DK\u8be6\u60c5\u56fe-5-300x300.webp 300w, https:\/\/www.hcxmachinery.com\/wp-content\/uploads\/2022\/08\/XE500DK\u8be6\u60c5\u56fe-5-150x150.webp 150w, https:\/\/www.hcxmachinery.com\/wp-content\/uploads\/2022\/08\/XE500DK\u8be6\u60c5\u56fe-5-768x768.webp 768w, https:\/\/www.hcxmachinery.com\/wp-content\/uploads\/2022\/08\/XE500DK\u8be6\u60c5\u56fe-5-12x12.webp 12w, https:\/\/www.hcxmachinery.com\/wp-content\/uploads\/2022\/08\/XE500DK\u8be6\u60c5\u56fe-5-600x600.webp 600w, https:\/\/www.hcxmachinery.com\/wp-content\/uploads\/2022\/08\/XE500DK\u8be6\u60c5\u56fe-5-100x100.webp 100w, https:\/\/www.hcxmachinery.com\/wp-content\/uploads\/2022\/08\/XE500DK\u8be6\u60c5\u56fe-5.webp 800w\" sizes=\"(max-width: 300px) 100vw, 300px\" \/> <img loading=\"lazy\" decoding=\"async\" class=\"alignnone size-medium wp-image-3377\" src=\"https:\/\/www.hcxmachinery.com\/wp-content\/uploads\/2022\/08\/XE500DK\u8be6\u60c5\u56fe-4-300x300.webp\" alt=\"\" width=\"300\" height=\"300\" title=\"\" srcset=\"https:\/\/www.hcxmachinery.com\/wp-content\/uploads\/2022\/08\/XE500DK\u8be6\u60c5\u56fe-4-300x300.webp 300w, https:\/\/www.hcxmachinery.com\/wp-content\/uploads\/2022\/08\/XE500DK\u8be6\u60c5\u56fe-4-150x150.webp 150w, https:\/\/www.hcxmachinery.com\/wp-content\/uploads\/2022\/08\/XE500DK\u8be6\u60c5\u56fe-4-768x768.webp 768w, https:\/\/www.hcxmachinery.com\/wp-content\/uploads\/2022\/08\/XE500DK\u8be6\u60c5\u56fe-4-12x12.webp 12w, https:\/\/www.hcxmachinery.com\/wp-content\/uploads\/2022\/08\/XE500DK\u8be6\u60c5\u56fe-4-600x600.webp 600w, https:\/\/www.hcxmachinery.com\/wp-content\/uploads\/2022\/08\/XE500DK\u8be6\u60c5\u56fe-4-100x100.webp 100w, https:\/\/www.hcxmachinery.com\/wp-content\/uploads\/2022\/08\/XE500DK\u8be6\u60c5\u56fe-4.webp 800w\" sizes=\"(max-width: 300px) 100vw, 300px\" \/> <img loading=\"lazy\" decoding=\"async\" class=\"alignnone size-medium wp-image-3376\" src=\"https:\/\/www.hcxmachinery.com\/wp-content\/uploads\/2022\/08\/XE500DK\u8be6\u60c5\u56fe-3-300x300.webp\" alt=\"\" width=\"300\" height=\"300\" title=\"\" srcset=\"https:\/\/www.hcxmachinery.com\/wp-content\/uploads\/2022\/08\/XE500DK\u8be6\u60c5\u56fe-3-300x300.webp 300w, https:\/\/www.hcxmachinery.com\/wp-content\/uploads\/2022\/08\/XE500DK\u8be6\u60c5\u56fe-3-150x150.webp 150w, https:\/\/www.hcxmachinery.com\/wp-content\/uploads\/2022\/08\/XE500DK\u8be6\u60c5\u56fe-3-768x768.webp 768w, https:\/\/www.hcxmachinery.com\/wp-content\/uploads\/2022\/08\/XE500DK\u8be6\u60c5\u56fe-3-12x12.webp 12w, https:\/\/www.hcxmachinery.com\/wp-content\/uploads\/2022\/08\/XE500DK\u8be6\u60c5\u56fe-3-600x600.webp 600w, https:\/\/www.hcxmachinery.com\/wp-content\/uploads\/2022\/08\/XE500DK\u8be6\u60c5\u56fe-3-100x100.webp 100w, https:\/\/www.hcxmachinery.com\/wp-content\/uploads\/2022\/08\/XE500DK\u8be6\u60c5\u56fe-3.webp 800w\" sizes=\"(max-width: 300px) 100vw, 300px\" \/> <img loading=\"lazy\" decoding=\"async\" class=\"alignnone size-medium wp-image-3375\" src=\"https:\/\/www.hcxmachinery.com\/wp-content\/uploads\/2022\/08\/XE500DK\u8be6\u60c5\u56fe-2-300x300.webp\" alt=\"\" width=\"300\" height=\"300\" title=\"\" srcset=\"https:\/\/www.hcxmachinery.com\/wp-content\/uploads\/2022\/08\/XE500DK\u8be6\u60c5\u56fe-2-300x300.webp 300w, https:\/\/www.hcxmachinery.com\/wp-content\/uploads\/2022\/08\/XE500DK\u8be6\u60c5\u56fe-2-150x150.webp 150w, https:\/\/www.hcxmachinery.com\/wp-content\/uploads\/2022\/08\/XE500DK\u8be6\u60c5\u56fe-2-768x768.webp 768w, https:\/\/www.hcxmachinery.com\/wp-content\/uploads\/2022\/08\/XE500DK\u8be6\u60c5\u56fe-2-12x12.webp 12w, https:\/\/www.hcxmachinery.com\/wp-content\/uploads\/2022\/08\/XE500DK\u8be6\u60c5\u56fe-2-600x600.webp 600w, https:\/\/www.hcxmachinery.com\/wp-content\/uploads\/2022\/08\/XE500DK\u8be6\u60c5\u56fe-2-100x100.webp 100w, https:\/\/www.hcxmachinery.com\/wp-content\/uploads\/2022\/08\/XE500DK\u8be6\u60c5\u56fe-2.webp 800w\" sizes=\"(max-width: 300px) 100vw, 300px\" \/> <img loading=\"lazy\" decoding=\"async\" class=\"alignnone size-medium wp-image-3374\" src=\"https:\/\/www.hcxmachinery.com\/wp-content\/uploads\/2022\/08\/XE500DK\u8be6\u60c5\u56fe-1-300x300.webp\" alt=\"\" width=\"300\" height=\"300\" title=\"\" srcset=\"https:\/\/www.hcxmachinery.com\/wp-content\/uploads\/2022\/08\/XE500DK\u8be6\u60c5\u56fe-1-300x300.webp 300w, https:\/\/www.hcxmachinery.com\/wp-content\/uploads\/2022\/08\/XE500DK\u8be6\u60c5\u56fe-1-150x150.webp 150w, https:\/\/www.hcxmachinery.com\/wp-content\/uploads\/2022\/08\/XE500DK\u8be6\u60c5\u56fe-1-768x768.webp 768w, https:\/\/www.hcxmachinery.com\/wp-content\/uploads\/2022\/08\/XE500DK\u8be6\u60c5\u56fe-1-12x12.webp 12w, https:\/\/www.hcxmachinery.com\/wp-content\/uploads\/2022\/08\/XE500DK\u8be6\u60c5\u56fe-1-600x600.webp 600w, https:\/\/www.hcxmachinery.com\/wp-content\/uploads\/2022\/08\/XE500DK\u8be6\u60c5\u56fe-1-100x100.webp 100w, https:\/\/www.hcxmachinery.com\/wp-content\/uploads\/2022\/08\/XE500DK\u8be6\u60c5\u56fe-1.webp 800w\" sizes=\"(max-width: 300px) 100vw, 300px\" \/><\/p>","protected":false},"excerpt":{"rendered":"<p>XE490DK XE490DK hydraulic excavator is the leading models of large excavators launched by XCMG excavator department. The product integrates the [&hellip;]<\/p>","protected":false},"featured_media":1919,"template":"","meta":{"_acf_changed":false,"site-sidebar-layout":"default","site-content-layout":"","ast-site-content-layout":"default","site-content-style":"default","site-sidebar-style":"default","ast-global-header-display":"","ast-banner-title-visibility":"","ast-main-header-display":"","ast-hfb-above-header-display":"","ast-hfb-below-header-display":"","ast-hfb-mobile-header-display":"","site-post-title":"","ast-breadcrumbs-content":"","ast-featured-img":"","footer-sml-layout":"","theme-transparent-header-meta":"default","adv-header-id-meta":"","stick-header-meta":"default","header-above-stick-meta":"","header-main-stick-meta":"","header-below-stick-meta":"","astra-migrate-meta-layouts":"set","ast-page-background-enabled":"default","ast-page-background-meta":{"desktop":{"background-color":"var(--ast-global-color-4)","background-image":"","background-repeat":"repeat","background-position":"center center","background-size":"auto","background-attachment":"scroll","background-type":"","background-media":"","overlay-type":"","overlay-color":"","overlay-opacity":"","overlay-gradient":""},"tablet":{"background-color":"","background-image":"","background-repeat":"repeat","background-position":"center center","background-size":"auto","background-attachment":"scroll","background-type":"","background-media":"","overlay-type":"","overlay-color":"","overlay-opacity":"","overlay-gradient":""},"mobile":{"background-color":"","background-image":"","background-repeat":"repeat","background-position":"center center","background-size":"auto","background-attachment":"scroll","background-type":"","background-media":"","overlay-type":"","overlay-color":"","overlay-opacity":"","overlay-gradient":""}},"ast-content-background-meta":{"desktop":{"background-color":"var(--ast-global-color-5)","background-image":"","background-repeat":"repeat","background-position":"center center","background-size":"auto","background-attachment":"scroll","background-type":"","background-media":"","overlay-type":"","overlay-color":"","overlay-opacity":"","overlay-gradient":""},"tablet":{"background-color":"var(--ast-global-color-5)","background-image":"","background-repeat":"repeat","background-position":"center center","background-size":"auto","background-attachment":"scroll","background-type":"","background-media":"","overlay-type":"","overlay-color":"","overlay-opacity":"","overlay-gradient":""},"mobile":{"background-color":"var(--ast-global-color-5)","background-image":"","background-repeat":"repeat","background-position":"center center","background-size":"auto","background-attachment":"scroll","background-type":"","background-media":"","overlay-type":"","overlay-color":"","overlay-opacity":"","overlay-gradient":""}}},"product_cat":[19,37],"product_tag":[],"class_list":{"0":"post-792","1":"product","2":"type-product","3":"status-publish","4":"has-post-thumbnail","6":"product_cat-excavator","7":"product_cat-big-excavator","8":"desktop-align-left","9":"tablet-align-left","10":"mobile-align-left","11":"ast-product-gallery-layout-horizontal-slider","12":"ast-magnify-disabled","13":"ast-product-tabs-layout-horizontal","15":"first","16":"instock","17":"shipping-taxable","18":"product-type-simple"},"acf":[],"_links":{"self":[{"href":"https:\/\/www.hcxmachinery.com\/pt\/wp-json\/wp\/v2\/product\/792"}],"collection":[{"href":"https:\/\/www.hcxmachinery.com\/pt\/wp-json\/wp\/v2\/product"}],"about":[{"href":"https:\/\/www.hcxmachinery.com\/pt\/wp-json\/wp\/v2\/types\/product"}],"version-history":[{"count":20,"href":"https:\/\/www.hcxmachinery.com\/pt\/wp-json\/wp\/v2\/product\/792\/revisions"}],"predecessor-version":[{"id":3381,"href":"https:\/\/www.hcxmachinery.com\/pt\/wp-json\/wp\/v2\/product\/792\/revisions\/3381"}],"wp:featuredmedia":[{"embeddable":true,"href":"https:\/\/www.hcxmachinery.com\/pt\/wp-json\/wp\/v2\/media\/1919"}],"wp:attachment":[{"href":"https:\/\/www.hcxmachinery.com\/pt\/wp-json\/wp\/v2\/media?parent=792"}],"wp:term":[{"taxonomy":"product_cat","embeddable":true,"href":"https:\/\/www.hcxmachinery.com\/pt\/wp-json\/wp\/v2\/product_cat?post=792"},{"taxonomy":"product_tag","embeddable":true,"href":"https:\/\/www.hcxmachinery.com\/pt\/wp-json\/wp\/v2\/product_tag?post=792"}],"curies":[{"name":"wp","href":"https:\/\/api.w.org\/{rel}","templated":true}]}}