{"id":786,"date":"2023-08-05T20:07:01","date_gmt":"2023-08-05T20:07:01","guid":{"rendered":"https:\/\/hcxmachinery.com\/?post_type=product&#038;p=786"},"modified":"2025-12-08T08:00:05","modified_gmt":"2025-12-08T08:00:05","slug":"xe270dk","status":"publish","type":"product","link":"https:\/\/www.hcxmachinery.com\/pt\/produto\/xe270dk\/","title":{"rendered":"Escavadora de lagartas XE270DK com baixo consumo de combust\u00edvel para venda"},"content":{"rendered":"<h2><strong>XE270DK<\/strong><\/h2>\n<p>A escavadora hidr\u00e1ulica XE270DK \u00e9 um produto modificado da s\u00e9rie DK da XCMG, que foi especialmente concebida para opera\u00e7\u00f5es pesadas em minas e pedreiras de pequena e m\u00e9dia dimens\u00e3o. Com base em \"eficiente, fi\u00e1vel, inteligente e com poupan\u00e7a de energia\", o desempenho do produto \u00e9 aprofundado. Atrav\u00e9s da otimiza\u00e7\u00e3o do programa, a velocidade de opera\u00e7\u00e3o \u00e9 emparelhada com o consumo de combust\u00edvel adapt\u00e1vel em todos os modos de trabalho, e o consumo de combust\u00edvel ser\u00e1 reduzido em 6% sem afetar a efici\u00eancia. Com lan\u00e7a e bra\u00e7o refor\u00e7ados, balde de rocha padr\u00e3o de 1,3m\u00b3 e forma de balde optimizada, a resist\u00eancia de escava\u00e7\u00e3o ser\u00e1 reduzida e a durabilidade ser\u00e1 duplicada. Pode ser amplamente utilizado em trabalhos de terra e pedra, constru\u00e7\u00e3o municipal, constru\u00e7\u00e3o de estradas e pontes, abertura de valas e constru\u00e7\u00e3o de canais, constru\u00e7\u00e3o de conserva\u00e7\u00e3o de \u00e1gua em terras agr\u00edcolas, pequenas opera\u00e7\u00f5es de minas e outros projectos.<\/p>\n<h2 class=\"fe-bold mb-3\">PAR\u00c2METROS<\/h2>\n<p>&nbsp;<\/p>\n<table class=\"tg\">\n<thead>\n<tr>\n<th class=\"tg-i231\" colspan=\"2\">Modelo de vendas<\/th>\n<th class=\"tg-jvoc\">Unidade<\/th>\n<th class=\"tg-wa1i\">Medi\u00e7\u00e3o<\/th>\n<\/tr>\n<\/thead>\n<tbody>\n<tr>\n<td class=\"tg-wa1i\" colspan=\"2\">Peso operacional<\/td>\n<td class=\"tg-nrix\">Kg<\/td>\n<td class=\"tg-nrix\">26500<\/td>\n<\/tr>\n<tr>\n<td class=\"tg-wa1i\" colspan=\"2\">Capacidade do balde<\/td>\n<td class=\"tg-nrix\">m\u00b3<\/td>\n<td class=\"tg-nrix\">1.1-1.5<\/td>\n<\/tr>\n<tr>\n<td class=\"tg-wa1i\" rowspan=\"10\">Motor<\/td>\n<td class=\"tg-yla0\">Modelo<\/td>\n<td class=\"tg-nrix\">\/<\/td>\n<td class=\"tg-nrix\">QSB7<\/td>\n<\/tr>\n<tr>\n<td class=\"tg-yla0\">Inje\u00e7\u00e3o direta<\/td>\n<td class=\"tg-nrix\">\/<\/td>\n<td class=\"tg-nrix\">\u221a<\/td>\n<\/tr>\n<tr>\n<td class=\"tg-yla0\">Quatro tempos<\/td>\n<td class=\"tg-nrix\">\/<\/td>\n<td class=\"tg-nrix\">\u221a<\/td>\n<\/tr>\n<tr>\n<td class=\"tg-yla0\">Arrefecimento a \u00e1gua<\/td>\n<td class=\"tg-nrix\">\/<\/td>\n<td class=\"tg-nrix\">\u221a<\/td>\n<\/tr>\n<tr>\n<td class=\"tg-yla0\">Turboalimenta\u00e7\u00e3o<\/td>\n<td class=\"tg-nrix\">\/<\/td>\n<td class=\"tg-nrix\">\u221a<\/td>\n<\/tr>\n<tr>\n<td class=\"tg-yla0\">Arrefecimento por ar<\/td>\n<td class=\"tg-nrix\">\/<\/td>\n<td class=\"tg-nrix\">\u221a<\/td>\n<\/tr>\n<tr>\n<td class=\"tg-yla0\">N.\u00ba de cilindros<\/td>\n<td class=\"tg-nrix\">\/<\/td>\n<td class=\"tg-nrix\">6<\/td>\n<\/tr>\n<tr>\n<td class=\"tg-yla0\">Pot\u00eancia de sa\u00edda<\/td>\n<td class=\"tg-nrix\">kw\/rpm<\/td>\n<td class=\"tg-nrix\">150\/2050<\/td>\n<\/tr>\n<tr>\n<td class=\"tg-yla0\">Bin\u00e1rio\/velocidade m\u00e1xima<\/td>\n<td class=\"tg-nrix\">N.m\/rpm<\/td>\n<td class=\"tg-nrix\">825\/1250<\/td>\n<\/tr>\n<tr>\n<td class=\"tg-yla0\">Desloca\u00e7\u00e3o<\/td>\n<td class=\"tg-nrix\">L<\/td>\n<td class=\"tg-nrix\">6.7<\/td>\n<\/tr>\n<tr>\n<td class=\"tg-wa1i\" rowspan=\"7\">Desempenho principal<\/td>\n<td class=\"tg-yla0\">Velocidade de desloca\u00e7\u00e3o<\/td>\n<td class=\"tg-nrix\">km\/h<\/td>\n<td class=\"tg-nrix\">6.1\/3.8<\/td>\n<\/tr>\n<tr>\n<td class=\"tg-yla0\">Velocidade de oscila\u00e7\u00e3o<\/td>\n<td class=\"tg-nrix\">r\/min<\/td>\n<td class=\"tg-nrix\">11.4<\/td>\n<\/tr>\n<tr>\n<td class=\"tg-yla0\">Capacidade de classifica\u00e7\u00e3o<\/td>\n<td class=\"tg-nrix\">\u00b0<\/td>\n<td class=\"tg-nrix\">35<\/td>\n<\/tr>\n<tr>\n<td class=\"tg-yla0\">Press\u00e3o no solo<\/td>\n<td class=\"tg-nrix\">kPa<\/td>\n<td class=\"tg-nrix\">52.1<\/td>\n<\/tr>\n<tr>\n<td class=\"tg-yla0\">For\u00e7a de escava\u00e7\u00e3o do balde<\/td>\n<td class=\"tg-nrix\">kN<\/td>\n<td class=\"tg-nrix\">185<\/td>\n<\/tr>\n<tr>\n<td class=\"tg-yla0\">For\u00e7a de escava\u00e7\u00e3o do bra\u00e7o<\/td>\n<td class=\"tg-nrix\">kN<\/td>\n<td class=\"tg-nrix\">129<\/td>\n<\/tr>\n<tr>\n<td class=\"tg-yla0\">For\u00e7a de tra\u00e7\u00e3o m\u00e1xima<\/td>\n<td class=\"tg-nrix\">kN<\/td>\n<td class=\"tg-nrix\">220<\/td>\n<\/tr>\n<tr>\n<td class=\"tg-wa1i\" rowspan=\"6\">Sistema hidr\u00e1ulico<\/td>\n<td class=\"tg-yla0\">Caudal nominal da bomba principal<\/td>\n<td class=\"tg-nrix\">\/<\/td>\n<td class=\"tg-nrix\">\/<\/td>\n<\/tr>\n<tr>\n<td class=\"tg-yla0\">Caudal nominal da bomba principal<\/td>\n<td class=\"tg-nrix\">L\/min<\/td>\n<td class=\"tg-nrix\">2\u00d7259<\/td>\n<\/tr>\n<tr>\n<td class=\"tg-yla0\">Press\u00e3o da v\u00e1lvula de seguran\u00e7a principal<\/td>\n<td class=\"tg-nrix\">MPa<\/td>\n<td class=\"tg-nrix\">34.3\/37<\/td>\n<\/tr>\n<tr>\n<td class=\"tg-yla0\">Press\u00e3o do sistema de desloca\u00e7\u00e3o<\/td>\n<td class=\"tg-nrix\">MPa<\/td>\n<td class=\"tg-nrix\">34.3<\/td>\n<\/tr>\n<tr>\n<td class=\"tg-yla0\">Press\u00e3o do sistema de oscila\u00e7\u00e3o<\/td>\n<td class=\"tg-nrix\">MPa<\/td>\n<td class=\"tg-nrix\">25<\/td>\n<\/tr>\n<tr>\n<td class=\"tg-yla0\">Press\u00e3o do sistema piloto<\/td>\n<td class=\"tg-nrix\">MPa<\/td>\n<td class=\"tg-nrix\">3.9<\/td>\n<\/tr>\n<tr>\n<td class=\"tg-wa1i\" rowspan=\"3\">Capacidade de \u00f3leo<\/td>\n<td class=\"tg-yla0\">Capacidade do dep\u00f3sito de combust\u00edvel<\/td>\n<td class=\"tg-nrix\">L<\/td>\n<td class=\"tg-nrix\">400<\/td>\n<\/tr>\n<tr>\n<td class=\"tg-yla0\">Capacidade do dep\u00f3sito hidr\u00e1ulico<\/td>\n<td class=\"tg-nrix\">L<\/td>\n<td class=\"tg-nrix\">220<\/td>\n<\/tr>\n<tr>\n<td class=\"tg-yla0\">Capacidade do \u00f3leo do motor<\/td>\n<td class=\"tg-nrix\">L<\/td>\n<td class=\"tg-nrix\">19.5<\/td>\n<\/tr>\n<tr>\n<td class=\"tg-wa1i\" rowspan=\"13\">Tamanho da apar\u00eancia<\/td>\n<td class=\"tg-yla0\">A Comprimento total<\/td>\n<td class=\"tg-nrix\">mm<\/td>\n<td class=\"tg-nrix\">10170<\/td>\n<\/tr>\n<tr>\n<td class=\"tg-yla0\">B Largura total<\/td>\n<td class=\"tg-nrix\">mm<\/td>\n<td class=\"tg-nrix\">3190<\/td>\n<\/tr>\n<tr>\n<td class=\"tg-yla0\">C Altura total<\/td>\n<td class=\"tg-nrix\">mm<\/td>\n<td class=\"tg-nrix\">3175<\/td>\n<\/tr>\n<tr>\n<td class=\"tg-yla0\">D Largura da plataforma<\/td>\n<td class=\"tg-nrix\">mm<\/td>\n<td class=\"tg-nrix\">2995<\/td>\n<\/tr>\n<tr>\n<td class=\"tg-yla0\">E Comprimento da via<\/td>\n<td class=\"tg-nrix\">mm<\/td>\n<td class=\"tg-nrix\">4640<\/td>\n<\/tr>\n<tr>\n<td class=\"tg-yla0\">F Largura total do quadro<\/td>\n<td class=\"tg-nrix\">mm<\/td>\n<td class=\"tg-nrix\">3190<\/td>\n<\/tr>\n<tr>\n<td class=\"tg-yla0\">G Largura da via<\/td>\n<td class=\"tg-nrix\">mm<\/td>\n<td class=\"tg-nrix\">600<\/td>\n<\/tr>\n<tr>\n<td class=\"tg-yla0\">H Comprimento at\u00e9 ao centro dos rolos<\/td>\n<td class=\"tg-nrix\">mm<\/td>\n<td class=\"tg-nrix\">3790<\/td>\n<\/tr>\n<tr>\n<td class=\"tg-yla0\">I Gabarito da via<\/td>\n<td class=\"tg-nrix\">mm<\/td>\n<td class=\"tg-nrix\">2590<\/td>\n<\/tr>\n<tr>\n<td class=\"tg-yla0\">J Folga do contrapeso<\/td>\n<td class=\"tg-nrix\">mm<\/td>\n<td class=\"tg-nrix\">1090<\/td>\n<\/tr>\n<tr>\n<td class=\"tg-yla0\">K Dist\u00e2ncia m\u00ednima ao solo<\/td>\n<td class=\"tg-nrix\">mm<\/td>\n<td class=\"tg-nrix\">495<\/td>\n<\/tr>\n<tr>\n<td class=\"tg-yla0\">L Raio m\u00ednimo de oscila\u00e7\u00e3o da cauda<\/td>\n<td class=\"tg-nrix\">mm<\/td>\n<td class=\"tg-nrix\">2955<\/td>\n<\/tr>\n<tr>\n<td class=\"tg-yla0\">M Altura da via<\/td>\n<td class=\"tg-nrix\">mm<\/td>\n<td class=\"tg-nrix\">988<\/td>\n<\/tr>\n<tr>\n<td class=\"tg-wa1i\" rowspan=\"7\">\u00c2mbito de aplica\u00e7\u00e3o<\/td>\n<td class=\"tg-yla0\">A Altura m\u00e1xima de escava\u00e7\u00e3o<\/td>\n<td class=\"tg-nrix\">mm<\/td>\n<td class=\"tg-nrix\">10095<\/td>\n<\/tr>\n<tr>\n<td class=\"tg-yla0\">B Altura m\u00e1xima de descarga<\/td>\n<td class=\"tg-nrix\">mm<\/td>\n<td class=\"tg-nrix\">7170<\/td>\n<\/tr>\n<tr>\n<td class=\"tg-yla0\">C Profundidade m\u00e1xima de escava\u00e7\u00e3o<\/td>\n<td class=\"tg-nrix\">mm<\/td>\n<td class=\"tg-nrix\">6925<\/td>\n<\/tr>\n<tr>\n<td class=\"tg-yla0\">D Profundidade m\u00e1xima de corte para um fundo nivelado de 2240 mm (8 p\u00e9s)<\/td>\n<td class=\"tg-nrix\">mm<\/td>\n<td class=\"tg-nrix\">6705<\/td>\n<\/tr>\n<tr>\n<td class=\"tg-yla0\">E Profundidade m\u00e1xima de escava\u00e7\u00e3o vertical da parede<\/td>\n<td class=\"tg-nrix\">mm<\/td>\n<td class=\"tg-nrix\">5520<\/td>\n<\/tr>\n<tr>\n<td class=\"tg-yla0\">Raio m\u00e1ximo de escava\u00e7\u00e3o<\/td>\n<td class=\"tg-nrix\">mm<\/td>\n<td class=\"tg-nrix\">10240<\/td>\n<\/tr>\n<tr>\n<td class=\"tg-yla0\">Raio de oscila\u00e7\u00e3o m\u00ednimo<\/td>\n<td class=\"tg-nrix\">mm<\/td>\n<td class=\"tg-nrix\">3510<\/td>\n<\/tr>\n<tr>\n<td class=\"tg-wa1i\" rowspan=\"3\">Configura\u00e7\u00e3o standard<\/td>\n<td class=\"tg-yla0\">Comprimento da lan\u00e7a<\/td>\n<td class=\"tg-nrix\">mm<\/td>\n<td class=\"tg-nrix\">6000<\/td>\n<\/tr>\n<tr>\n<td class=\"tg-yla0\">Comprimento do bra\u00e7o<\/td>\n<td class=\"tg-nrix\">mm<\/td>\n<td class=\"tg-nrix\">2964<\/td>\n<\/tr>\n<tr>\n<td class=\"tg-yla0\">Capacidade do balde<\/td>\n<td class=\"tg-nrix\">m\u00b3<\/td>\n<td class=\"tg-baqh\">1.4 balde refor\u00e7ado<\/td>\n<\/tr>\n<tr>\n<td class=\"tg-wa1i\" rowspan=\"3\">Configura\u00e7\u00e3o opcional<\/td>\n<td class=\"tg-yla0\">Comprimento da lan\u00e7a<\/td>\n<td class=\"tg-nrix\">m\u00b3<\/td>\n<td class=\"tg-nrix\">\/<\/td>\n<\/tr>\n<tr>\n<td class=\"tg-yla0\">Comprimento do bra\u00e7o<\/td>\n<td class=\"tg-nrix\">m\u00b3<\/td>\n<td class=\"tg-nrix\">2500<\/td>\n<\/tr>\n<tr>\n<td class=\"tg-yla0\">Capacidade do balde<\/td>\n<td class=\"tg-nrix\">m\u00b3<\/td>\n<td class=\"tg-baqh\">1.1 Balde de pedra<\/p>\n<p>1.3\/1.4\/1.5 Balde de terraplenagem<\/td>\n<\/tr>\n<\/tbody>\n<\/table>\n<p><img fetchpriority=\"high\" decoding=\"async\" class=\"alignnone size-medium wp-image-1863\" src=\"https:\/\/www.hcxmachinery.com\/wp-content\/uploads\/2023\/08\/270DK\u4e0b\u8f66_WH_800x800px-300x300.webp\" alt=\"\" width=\"300\" height=\"300\" title=\"\" srcset=\"https:\/\/www.hcxmachinery.com\/wp-content\/uploads\/2023\/08\/270DK\u4e0b\u8f66_WH_800x800px-300x300.webp 300w, https:\/\/www.hcxmachinery.com\/wp-content\/uploads\/2023\/08\/270DK\u4e0b\u8f66_WH_800x800px-150x150.webp 150w, https:\/\/www.hcxmachinery.com\/wp-content\/uploads\/2023\/08\/270DK\u4e0b\u8f66_WH_800x800px-768x768.webp 768w, https:\/\/www.hcxmachinery.com\/wp-content\/uploads\/2023\/08\/270DK\u4e0b\u8f66_WH_800x800px-600x600.webp 600w, https:\/\/www.hcxmachinery.com\/wp-content\/uploads\/2023\/08\/270DK\u4e0b\u8f66_WH_800x800px-100x100.webp 100w, https:\/\/www.hcxmachinery.com\/wp-content\/uploads\/2023\/08\/270DK\u4e0b\u8f66_WH_800x800px.webp 800w\" sizes=\"(max-width: 300px) 100vw, 300px\" \/> <img decoding=\"async\" class=\"alignnone size-medium wp-image-1862\" src=\"https:\/\/www.hcxmachinery.com\/wp-content\/uploads\/2023\/08\/270DK\u9a7e\u9a76\u5ba43_WH_800x800px-300x300.webp\" alt=\"\" width=\"300\" height=\"300\" title=\"\" srcset=\"https:\/\/www.hcxmachinery.com\/wp-content\/uploads\/2023\/08\/270DK\u9a7e\u9a76\u5ba43_WH_800x800px-300x300.webp 300w, https:\/\/www.hcxmachinery.com\/wp-content\/uploads\/2023\/08\/270DK\u9a7e\u9a76\u5ba43_WH_800x800px-150x150.webp 150w, https:\/\/www.hcxmachinery.com\/wp-content\/uploads\/2023\/08\/270DK\u9a7e\u9a76\u5ba43_WH_800x800px-768x768.webp 768w, https:\/\/www.hcxmachinery.com\/wp-content\/uploads\/2023\/08\/270DK\u9a7e\u9a76\u5ba43_WH_800x800px-600x600.webp 600w, https:\/\/www.hcxmachinery.com\/wp-content\/uploads\/2023\/08\/270DK\u9a7e\u9a76\u5ba43_WH_800x800px-100x100.webp 100w, https:\/\/www.hcxmachinery.com\/wp-content\/uploads\/2023\/08\/270DK\u9a7e\u9a76\u5ba43_WH_800x800px.webp 800w\" sizes=\"(max-width: 300px) 100vw, 300px\" \/> <img decoding=\"async\" class=\"alignnone size-medium wp-image-1861\" src=\"https:\/\/www.hcxmachinery.com\/wp-content\/uploads\/2023\/08\/270DK\u9a7e\u9a76\u5ba42_WH_800x800px-300x300.webp\" alt=\"\" width=\"300\" height=\"300\" title=\"\" srcset=\"https:\/\/www.hcxmachinery.com\/wp-content\/uploads\/2023\/08\/270DK\u9a7e\u9a76\u5ba42_WH_800x800px-300x300.webp 300w, https:\/\/www.hcxmachinery.com\/wp-content\/uploads\/2023\/08\/270DK\u9a7e\u9a76\u5ba42_WH_800x800px-150x150.webp 150w, https:\/\/www.hcxmachinery.com\/wp-content\/uploads\/2023\/08\/270DK\u9a7e\u9a76\u5ba42_WH_800x800px-768x768.webp 768w, https:\/\/www.hcxmachinery.com\/wp-content\/uploads\/2023\/08\/270DK\u9a7e\u9a76\u5ba42_WH_800x800px-600x600.webp 600w, https:\/\/www.hcxmachinery.com\/wp-content\/uploads\/2023\/08\/270DK\u9a7e\u9a76\u5ba42_WH_800x800px-100x100.webp 100w, https:\/\/www.hcxmachinery.com\/wp-content\/uploads\/2023\/08\/270DK\u9a7e\u9a76\u5ba42_WH_800x800px.webp 800w\" sizes=\"(max-width: 300px) 100vw, 300px\" \/> <img loading=\"lazy\" decoding=\"async\" class=\"alignnone size-medium wp-image-1860\" src=\"https:\/\/www.hcxmachinery.com\/wp-content\/uploads\/2023\/08\/270DK\u9a7e\u9a76\u5ba4_WH_800x800px-300x300.webp\" alt=\"\" width=\"300\" height=\"300\" title=\"\" srcset=\"https:\/\/www.hcxmachinery.com\/wp-content\/uploads\/2023\/08\/270DK\u9a7e\u9a76\u5ba4_WH_800x800px-300x300.webp 300w, https:\/\/www.hcxmachinery.com\/wp-content\/uploads\/2023\/08\/270DK\u9a7e\u9a76\u5ba4_WH_800x800px-150x150.webp 150w, https:\/\/www.hcxmachinery.com\/wp-content\/uploads\/2023\/08\/270DK\u9a7e\u9a76\u5ba4_WH_800x800px-768x768.webp 768w, https:\/\/www.hcxmachinery.com\/wp-content\/uploads\/2023\/08\/270DK\u9a7e\u9a76\u5ba4_WH_800x800px-600x600.webp 600w, https:\/\/www.hcxmachinery.com\/wp-content\/uploads\/2023\/08\/270DK\u9a7e\u9a76\u5ba4_WH_800x800px-100x100.webp 100w, https:\/\/www.hcxmachinery.com\/wp-content\/uploads\/2023\/08\/270DK\u9a7e\u9a76\u5ba4_WH_800x800px.webp 800w\" sizes=\"(max-width: 300px) 100vw, 300px\" \/> <img loading=\"lazy\" decoding=\"async\" class=\"alignnone size-medium wp-image-1859\" src=\"https:\/\/www.hcxmachinery.com\/wp-content\/uploads\/2023\/08\/270DK\u53d1\u52a8\u673a_WH_800x800px-300x300.webp\" alt=\"\" width=\"300\" height=\"300\" title=\"\" srcset=\"https:\/\/www.hcxmachinery.com\/wp-content\/uploads\/2023\/08\/270DK\u53d1\u52a8\u673a_WH_800x800px-300x300.webp 300w, https:\/\/www.hcxmachinery.com\/wp-content\/uploads\/2023\/08\/270DK\u53d1\u52a8\u673a_WH_800x800px-150x150.webp 150w, https:\/\/www.hcxmachinery.com\/wp-content\/uploads\/2023\/08\/270DK\u53d1\u52a8\u673a_WH_800x800px-768x768.webp 768w, https:\/\/www.hcxmachinery.com\/wp-content\/uploads\/2023\/08\/270DK\u53d1\u52a8\u673a_WH_800x800px-600x600.webp 600w, https:\/\/www.hcxmachinery.com\/wp-content\/uploads\/2023\/08\/270DK\u53d1\u52a8\u673a_WH_800x800px-100x100.webp 100w, https:\/\/www.hcxmachinery.com\/wp-content\/uploads\/2023\/08\/270DK\u53d1\u52a8\u673a_WH_800x800px.webp 800w\" sizes=\"(max-width: 300px) 100vw, 300px\" \/> <img loading=\"lazy\" decoding=\"async\" class=\"alignnone size-medium wp-image-1858\" src=\"https:\/\/www.hcxmachinery.com\/wp-content\/uploads\/2023\/08\/270DK\u5e95\u76d8_WH_800x800px-300x300.webp\" alt=\"\" width=\"300\" height=\"300\" title=\"\" srcset=\"https:\/\/www.hcxmachinery.com\/wp-content\/uploads\/2023\/08\/270DK\u5e95\u76d8_WH_800x800px-300x300.webp 300w, https:\/\/www.hcxmachinery.com\/wp-content\/uploads\/2023\/08\/270DK\u5e95\u76d8_WH_800x800px-150x150.webp 150w, https:\/\/www.hcxmachinery.com\/wp-content\/uploads\/2023\/08\/270DK\u5e95\u76d8_WH_800x800px-768x768.webp 768w, https:\/\/www.hcxmachinery.com\/wp-content\/uploads\/2023\/08\/270DK\u5e95\u76d8_WH_800x800px-600x600.webp 600w, https:\/\/www.hcxmachinery.com\/wp-content\/uploads\/2023\/08\/270DK\u5e95\u76d8_WH_800x800px-100x100.webp 100w, https:\/\/www.hcxmachinery.com\/wp-content\/uploads\/2023\/08\/270DK\u5e95\u76d8_WH_800x800px.webp 800w\" sizes=\"(max-width: 300px) 100vw, 300px\" \/> <img loading=\"lazy\" decoding=\"async\" class=\"alignnone size-medium wp-image-1857\" src=\"https:\/\/www.hcxmachinery.com\/wp-content\/uploads\/2023\/08\/270DK\u4fa7\u97622_WH_800x800px-300x300.webp\" alt=\"\" width=\"300\" height=\"300\" title=\"\" srcset=\"https:\/\/www.hcxmachinery.com\/wp-content\/uploads\/2023\/08\/270DK\u4fa7\u97622_WH_800x800px-300x300.webp 300w, https:\/\/www.hcxmachinery.com\/wp-content\/uploads\/2023\/08\/270DK\u4fa7\u97622_WH_800x800px-150x150.webp 150w, https:\/\/www.hcxmachinery.com\/wp-content\/uploads\/2023\/08\/270DK\u4fa7\u97622_WH_800x800px-768x768.webp 768w, https:\/\/www.hcxmachinery.com\/wp-content\/uploads\/2023\/08\/270DK\u4fa7\u97622_WH_800x800px-600x600.webp 600w, https:\/\/www.hcxmachinery.com\/wp-content\/uploads\/2023\/08\/270DK\u4fa7\u97622_WH_800x800px-100x100.webp 100w, https:\/\/www.hcxmachinery.com\/wp-content\/uploads\/2023\/08\/270DK\u4fa7\u97622_WH_800x800px.webp 800w\" sizes=\"(max-width: 300px) 100vw, 300px\" \/> <img loading=\"lazy\" decoding=\"async\" class=\"alignnone size-medium wp-image-1856\" src=\"https:\/\/www.hcxmachinery.com\/wp-content\/uploads\/2023\/08\/270DK\u4fa7\u97621_WH_800x800px-300x300.webp\" alt=\"\" width=\"300\" height=\"300\" title=\"\" srcset=\"https:\/\/www.hcxmachinery.com\/wp-content\/uploads\/2023\/08\/270DK\u4fa7\u97621_WH_800x800px-300x300.webp 300w, https:\/\/www.hcxmachinery.com\/wp-content\/uploads\/2023\/08\/270DK\u4fa7\u97621_WH_800x800px-150x150.webp 150w, https:\/\/www.hcxmachinery.com\/wp-content\/uploads\/2023\/08\/270DK\u4fa7\u97621_WH_800x800px-768x768.webp 768w, https:\/\/www.hcxmachinery.com\/wp-content\/uploads\/2023\/08\/270DK\u4fa7\u97621_WH_800x800px-600x600.webp 600w, https:\/\/www.hcxmachinery.com\/wp-content\/uploads\/2023\/08\/270DK\u4fa7\u97621_WH_800x800px-100x100.webp 100w, https:\/\/www.hcxmachinery.com\/wp-content\/uploads\/2023\/08\/270DK\u4fa7\u97621_WH_800x800px.webp 800w\" sizes=\"(max-width: 300px) 100vw, 300px\" \/> <img loading=\"lazy\" decoding=\"async\" class=\"alignnone size-medium wp-image-1855\" src=\"https:\/\/www.hcxmachinery.com\/wp-content\/uploads\/2023\/08\/270DK\u4fa7\u540e_WH_800x800px-300x300.webp\" alt=\"\" width=\"300\" height=\"300\" title=\"\" srcset=\"https:\/\/www.hcxmachinery.com\/wp-content\/uploads\/2023\/08\/270DK\u4fa7\u540e_WH_800x800px-300x300.webp 300w, https:\/\/www.hcxmachinery.com\/wp-content\/uploads\/2023\/08\/270DK\u4fa7\u540e_WH_800x800px-150x150.webp 150w, https:\/\/www.hcxmachinery.com\/wp-content\/uploads\/2023\/08\/270DK\u4fa7\u540e_WH_800x800px-768x768.webp 768w, https:\/\/www.hcxmachinery.com\/wp-content\/uploads\/2023\/08\/270DK\u4fa7\u540e_WH_800x800px-600x600.webp 600w, https:\/\/www.hcxmachinery.com\/wp-content\/uploads\/2023\/08\/270DK\u4fa7\u540e_WH_800x800px-100x100.webp 100w, https:\/\/www.hcxmachinery.com\/wp-content\/uploads\/2023\/08\/270DK\u4fa7\u540e_WH_800x800px.webp 800w\" sizes=\"(max-width: 300px) 100vw, 300px\" \/><\/p>","protected":false},"excerpt":{"rendered":"<p>XE270DK XE270DK hydraulic excavator is a modified product of XCMG\u2019s DK series, which is specially designed for heavy-duty operations in [&hellip;]<\/p>","protected":false},"featured_media":1854,"template":"","meta":{"_acf_changed":false,"site-sidebar-layout":"default","site-content-layout":"","ast-site-content-layout":"default","site-content-style":"default","site-sidebar-style":"default","ast-global-header-display":"","ast-banner-title-visibility":"","ast-main-header-display":"","ast-hfb-above-header-display":"","ast-hfb-below-header-display":"","ast-hfb-mobile-header-display":"","site-post-title":"","ast-breadcrumbs-content":"","ast-featured-img":"","footer-sml-layout":"","theme-transparent-header-meta":"default","adv-header-id-meta":"","stick-header-meta":"default","header-above-stick-meta":"","header-main-stick-meta":"","header-below-stick-meta":"","astra-migrate-meta-layouts":"set","ast-page-background-enabled":"default","ast-page-background-meta":{"desktop":{"background-color":"var(--ast-global-color-4)","background-image":"","background-repeat":"repeat","background-position":"center center","background-size":"auto","background-attachment":"scroll","background-type":"","background-media":"","overlay-type":"","overlay-color":"","overlay-opacity":"","overlay-gradient":""},"tablet":{"background-color":"","background-image":"","background-repeat":"repeat","background-position":"center center","background-size":"auto","background-attachment":"scroll","background-type":"","background-media":"","overlay-type":"","overlay-color":"","overlay-opacity":"","overlay-gradient":""},"mobile":{"background-color":"","background-image":"","background-repeat":"repeat","background-position":"center center","background-size":"auto","background-attachment":"scroll","background-type":"","background-media":"","overlay-type":"","overlay-color":"","overlay-opacity":"","overlay-gradient":""}},"ast-content-background-meta":{"desktop":{"background-color":"var(--ast-global-color-5)","background-image":"","background-repeat":"repeat","background-position":"center center","background-size":"auto","background-attachment":"scroll","background-type":"","background-media":"","overlay-type":"","overlay-color":"","overlay-opacity":"","overlay-gradient":""},"tablet":{"background-color":"var(--ast-global-color-5)","background-image":"","background-repeat":"repeat","background-position":"center center","background-size":"auto","background-attachment":"scroll","background-type":"","background-media":"","overlay-type":"","overlay-color":"","overlay-opacity":"","overlay-gradient":""},"mobile":{"background-color":"var(--ast-global-color-5)","background-image":"","background-repeat":"repeat","background-position":"center center","background-size":"auto","background-attachment":"scroll","background-type":"","background-media":"","overlay-type":"","overlay-color":"","overlay-opacity":"","overlay-gradient":""}}},"product_cat":[19,36],"product_tag":[],"class_list":{"0":"post-786","1":"product","2":"type-product","3":"status-publish","4":"has-post-thumbnail","6":"product_cat-excavator","7":"product_cat-medium-excavator","8":"desktop-align-left","9":"tablet-align-left","10":"mobile-align-left","11":"ast-product-gallery-layout-horizontal-slider","12":"ast-magnify-disabled","13":"ast-product-tabs-layout-horizontal","15":"first","16":"instock","17":"shipping-taxable","18":"product-type-simple"},"acf":[],"_links":{"self":[{"href":"https:\/\/www.hcxmachinery.com\/pt\/wp-json\/wp\/v2\/product\/786"}],"collection":[{"href":"https:\/\/www.hcxmachinery.com\/pt\/wp-json\/wp\/v2\/product"}],"about":[{"href":"https:\/\/www.hcxmachinery.com\/pt\/wp-json\/wp\/v2\/types\/product"}],"version-history":[{"count":18,"href":"https:\/\/www.hcxmachinery.com\/pt\/wp-json\/wp\/v2\/product\/786\/revisions"}],"predecessor-version":[{"id":3325,"href":"https:\/\/www.hcxmachinery.com\/pt\/wp-json\/wp\/v2\/product\/786\/revisions\/3325"}],"wp:featuredmedia":[{"embeddable":true,"href":"https:\/\/www.hcxmachinery.com\/pt\/wp-json\/wp\/v2\/media\/1854"}],"wp:attachment":[{"href":"https:\/\/www.hcxmachinery.com\/pt\/wp-json\/wp\/v2\/media?parent=786"}],"wp:term":[{"taxonomy":"product_cat","embeddable":true,"href":"https:\/\/www.hcxmachinery.com\/pt\/wp-json\/wp\/v2\/product_cat?post=786"},{"taxonomy":"product_tag","embeddable":true,"href":"https:\/\/www.hcxmachinery.com\/pt\/wp-json\/wp\/v2\/product_tag?post=786"}],"curies":[{"name":"wp","href":"https:\/\/api.w.org\/{rel}","templated":true}]}}