{"id":312,"date":"2023-09-08T20:00:39","date_gmt":"2023-09-08T20:00:39","guid":{"rendered":"https:\/\/hcxmachinery.com\/?post_type=product&#038;p=312"},"modified":"2025-12-08T08:14:38","modified_gmt":"2025-12-08T08:14:38","slug":"xe17u","status":"publish","type":"product","link":"https:\/\/www.hcxmachinery.com\/pt\/produto\/xe17u\/","title":{"rendered":"Escavadora XCMG 75DA usada em bom estado para venda"},"content":{"rendered":"<h2><strong>XE75DA<\/strong><\/h2>\n<p>Esta escavadora hidr\u00e1ulica pode ser utilizada para escava\u00e7\u00e3o, carregamento, abertura de valas, tritura\u00e7\u00e3o, perfura\u00e7\u00e3o, corte de clipes, eleva\u00e7\u00e3o e outras fun\u00e7\u00f5es, que tem desempenhado um papel cada vez mais importante na energia hidroel\u00e9trica, transporte, municipal, jardim, reconstru\u00e7\u00e3o de terras agr\u00edcolas, oleoduto e outros campos de constru\u00e7\u00e3o e produ\u00e7\u00e3o em pequena escala. Adopta o motor japon\u00eas Kubota V2607 para cumprir a norma de emiss\u00f5es National 3. O motor apresenta baixo consumo de energia, resposta r\u00e1pida, controlo preciso e pequeno impacto, e mant\u00e9m uma forte for\u00e7a de escava\u00e7\u00e3o e excelente efici\u00eancia operacional. Ao adotar uma nova gera\u00e7\u00e3o de sistema hidr\u00e1ulico de dete\u00e7\u00e3o de carga, a perda de press\u00e3o do sistema \u00e9 muito menor. Com tr\u00eas partes estruturais principais melhoradas e optimizadas, \u00e9 mais fi\u00e1vel e dur\u00e1vel. Com o cap\u00f4 traseiro e a porta lateral totalmente abertos, os pontos de manuten\u00e7\u00e3o di\u00e1ria est\u00e3o ao alcance.<\/p>\n<h2 class=\"fe-bold mb-3\">PAR\u00c2METROS<\/h2>\n<div>\n<table class=\"table table-bordered\">\n<tbody>\n<tr style=\"height: 24.00pt;\">\n<td class=\"et4\" style=\"height: 24.00pt; width: 399.35pt;\" colspan=\"2\" width=\"798\" height=\"48\">Modelo de vendas<\/td>\n<td class=\"et6\" style=\"width: 114.70pt;\" width=\"229\">Unidade<\/td>\n<td class=\"et7\" style=\"width: 105.90pt;\" width=\"211\">Medi\u00e7\u00e3o<\/td>\n<\/tr>\n<tr style=\"height: 17.50pt;\">\n<td class=\"et8\" style=\"height: 17.50pt;\" colspan=\"2\" height=\"35\">Peso operacional<\/td>\n<td class=\"et10\">Kg<\/td>\n<td class=\"et11\" style=\"width: 105.90pt;\" width=\"211\">7460<\/td>\n<\/tr>\n<tr style=\"height: 17.50pt;\">\n<td class=\"et8\" style=\"height: 17.50pt;\" colspan=\"2\" height=\"35\">Capacidade do balde<\/td>\n<td class=\"et10\">m\u00b3<\/td>\n<td class=\"et11\" style=\"width: 105.90pt;\" width=\"211\">0.3<\/td>\n<\/tr>\n<tr style=\"height: 17.50pt;\">\n<td class=\"et12\" style=\"height: 175.00pt; width: 154.10pt;\" rowspan=\"10\" width=\"308\" height=\"350\">Motor<\/td>\n<td class=\"et13\">Modelo<\/td>\n<td class=\"et10\">\/<\/td>\n<td class=\"et14\" style=\"width: 105.90pt;\" width=\"211\">V2607-DI-TE3B<\/td>\n<\/tr>\n<tr style=\"height: 17.50pt;\">\n<td class=\"et13\">Inje\u00e7\u00e3o direta<\/td>\n<td class=\"et10\">\/<\/td>\n<td class=\"et11\" style=\"width: 105.90pt;\" width=\"211\">\u221a<\/td>\n<\/tr>\n<tr style=\"height: 17.50pt;\">\n<td class=\"et13\">Quatro tempos<\/td>\n<td class=\"et10\">\/<\/td>\n<td class=\"et11\" style=\"width: 105.90pt;\" width=\"211\">\u221a<\/td>\n<\/tr>\n<tr style=\"height: 17.50pt;\">\n<td class=\"et13\">Arrefecimento a \u00e1gua<\/td>\n<td class=\"et10\">\/<\/td>\n<td class=\"et11\" style=\"width: 105.90pt;\" width=\"211\">\u221a<\/td>\n<\/tr>\n<tr style=\"height: 17.50pt;\">\n<td class=\"et13\">Turboalimenta\u00e7\u00e3o<\/td>\n<td class=\"et10\">\/<\/td>\n<td class=\"et11\" style=\"width: 105.90pt;\" width=\"211\">\u221a<\/td>\n<\/tr>\n<tr style=\"height: 17.50pt;\">\n<td class=\"et13\">Arrefecimento por ar<\/td>\n<td class=\"et10\">\/<\/td>\n<td class=\"et11\" style=\"width: 105.90pt;\" width=\"211\">4<\/td>\n<\/tr>\n<tr style=\"height: 17.50pt;\">\n<td class=\"et13\">N.\u00ba de cilindros<\/td>\n<td class=\"et10\">\/<\/td>\n<td class=\"et14\" style=\"width: 105.90pt;\" width=\"211\">42.4\/2000<\/td>\n<\/tr>\n<tr style=\"height: 17.50pt;\">\n<td class=\"et13\">Pot\u00eancia de sa\u00edda<\/td>\n<td class=\"et10\">kw\/rpm<\/td>\n<td class=\"et11\" style=\"width: 105.90pt;\" width=\"211\">222.5\/1600<\/td>\n<\/tr>\n<tr style=\"height: 17.50pt;\">\n<td class=\"et13\">Bin\u00e1rio\/velocidade m\u00e1xima<\/td>\n<td class=\"et10\">N.m\/rpm<\/td>\n<td class=\"et11\" style=\"width: 105.90pt;\" width=\"211\">2.615<\/td>\n<\/tr>\n<tr style=\"height: 17.50pt;\">\n<td class=\"et13\">Desloca\u00e7\u00e3o<\/td>\n<td class=\"et10\">L<\/td>\n<td class=\"et11\" style=\"width: 105.90pt;\" width=\"211\">5.4\/2.9<\/td>\n<\/tr>\n<tr style=\"height: 17.50pt;\">\n<td class=\"et12\" style=\"height: 122.50pt; width: 154.10pt;\" rowspan=\"7\" width=\"308\" height=\"245\">Desempenho principal<\/td>\n<td class=\"et13\">Velocidade de desloca\u00e7\u00e3o<\/td>\n<td class=\"et10\">km\/h<\/td>\n<td class=\"et11\" style=\"width: 105.90pt;\" width=\"211\">10<\/td>\n<\/tr>\n<tr style=\"height: 17.50pt;\">\n<td class=\"et13\">Velocidade de oscila\u00e7\u00e3o<\/td>\n<td class=\"et10\">r\/min<\/td>\n<td class=\"et11\" style=\"width: 105.90pt;\" width=\"211\">35<\/td>\n<\/tr>\n<tr style=\"height: 17.50pt;\">\n<td class=\"et13\">Capacidade de classifica\u00e7\u00e3o<\/td>\n<td class=\"et10\">\u00b0<\/td>\n<td class=\"et11\" style=\"width: 105.90pt;\" width=\"211\">33.5<\/td>\n<\/tr>\n<tr style=\"height: 17.50pt;\">\n<td class=\"et13\">Press\u00e3o no solo<\/td>\n<td class=\"et10\">kPa<\/td>\n<td class=\"et11\" style=\"width: 105.90pt;\" width=\"211\">57<\/td>\n<\/tr>\n<tr style=\"height: 17.50pt;\">\n<td class=\"et13\">For\u00e7a de escava\u00e7\u00e3o do balde<\/td>\n<td class=\"et10\">kN<\/td>\n<td class=\"et14\" style=\"width: 105.90pt;\" width=\"211\">38<\/td>\n<\/tr>\n<tr style=\"height: 17.50pt;\">\n<td class=\"et15\" style=\"width: 245.25pt;\" width=\"490\">For\u00e7a de escava\u00e7\u00e3o do bra\u00e7o<\/td>\n<td class=\"et10\">kN<\/td>\n<td class=\"et11\" style=\"width: 105.90pt;\" width=\"211\">68.3<\/td>\n<\/tr>\n<tr style=\"height: 17.50pt;\">\n<td class=\"et15\" style=\"width: 245.25pt;\" width=\"490\">For\u00e7a de tra\u00e7\u00e3o m\u00e1xima<\/td>\n<td class=\"et10\">kN<\/td>\n<td class=\"et11\" style=\"width: 105.90pt;\" width=\"211\">160<\/td>\n<\/tr>\n<tr style=\"height: 28.50pt;\">\n<td class=\"et12\" style=\"height: 118.00pt; width: 154.10pt;\" rowspan=\"6\" width=\"308\" height=\"236\">Sistema hidr\u00e1ulico<\/td>\n<td class=\"et13\">Caudal nominal da bomba principal<\/td>\n<td class=\"et10\">\/<\/td>\n<td class=\"et14\" style=\"width: 105.90pt;\" width=\"211\">28<\/td>\n<\/tr>\n<tr style=\"height: 19.50pt;\">\n<td class=\"et13\">Caudal nominal da bomba principal<\/td>\n<td class=\"et10\">L\/min<\/td>\n<td class=\"et14\" style=\"width: 105.90pt;\" width=\"211\">27.4<\/td>\n<\/tr>\n<tr style=\"height: 17.50pt;\">\n<td class=\"et13\">Press\u00e3o da v\u00e1lvula de seguran\u00e7a principal<\/td>\n<td class=\"et10\">MPa<\/td>\n<td class=\"et14\" style=\"width: 105.90pt;\" width=\"211\">18.6<\/td>\n<\/tr>\n<tr style=\"height: 17.50pt;\">\n<td class=\"et13\">Press\u00e3o do sistema de desloca\u00e7\u00e3o<\/td>\n<td class=\"et10\">MPa<\/td>\n<td class=\"et14\" style=\"width: 105.90pt;\" width=\"211\">3.5<\/td>\n<\/tr>\n<tr style=\"height: 17.50pt;\">\n<td class=\"et13\">Press\u00e3o do sistema de oscila\u00e7\u00e3o<\/td>\n<td class=\"et10\">MPa<\/td>\n<td class=\"et11\" style=\"width: 105.90pt;\" width=\"211\">130<\/td>\n<\/tr>\n<tr style=\"height: 17.50pt;\">\n<td class=\"et13\">Press\u00e3o do sistema piloto<\/td>\n<td class=\"et10\">MPa<\/td>\n<td class=\"et14\" style=\"width: 105.90pt;\" width=\"211\">76<\/td>\n<\/tr>\n<tr style=\"height: 17.50pt;\">\n<td class=\"et12\" style=\"height: 52.50pt; width: 154.10pt;\" rowspan=\"3\" width=\"308\" height=\"105\">Capacidade de \u00f3leo<\/td>\n<td class=\"et13\">Capacidade do dep\u00f3sito de combust\u00edvel<\/td>\n<td class=\"et10\">L<\/td>\n<td class=\"et11\" style=\"width: 105.90pt;\" width=\"211\">10<\/td>\n<\/tr>\n<tr style=\"height: 17.50pt;\">\n<td class=\"et13\">Capacidade do dep\u00f3sito hidr\u00e1ulico<\/td>\n<td class=\"et10\">L<\/td>\n<td class=\"et11\" style=\"width: 105.90pt;\" width=\"211\">6150<\/td>\n<\/tr>\n<tr style=\"height: 17.50pt;\">\n<td class=\"et13\">Capacidade do \u00f3leo do motor<\/td>\n<td class=\"et10\">L<\/td>\n<td class=\"et11\" style=\"width: 105.90pt;\" width=\"211\">2230<\/td>\n<\/tr>\n<tr style=\"height: 17.50pt;\">\n<td class=\"et12\" style=\"height: 229.50pt; width: 154.10pt;\" rowspan=\"13\" width=\"308\" height=\"459\">Tamanho da apar\u00eancia<\/td>\n<td class=\"et13\">A Comprimento total<\/td>\n<td class=\"et10\">mm<\/td>\n<td class=\"et11\" style=\"width: 105.90pt;\" width=\"211\">2685<\/td>\n<\/tr>\n<tr style=\"height: 17.50pt;\">\n<td class=\"et13\">B Largura total<\/td>\n<td class=\"et10\">mm<\/td>\n<td class=\"et11\" style=\"width: 105.90pt;\" width=\"211\">2070<\/td>\n<\/tr>\n<tr style=\"height: 19.50pt;\">\n<td class=\"et13\">C Altura total<\/td>\n<td class=\"et10\">mm<\/td>\n<td class=\"et11\" style=\"width: 105.90pt;\" width=\"211\">2200<\/td>\n<\/tr>\n<tr style=\"height: 17.50pt;\">\n<td class=\"et13\">D Largura da plataforma<\/td>\n<td class=\"et10\">mm<\/td>\n<td class=\"et11\" style=\"width: 105.90pt;\" width=\"211\">450<\/td>\n<\/tr>\n<tr style=\"height: 17.50pt;\">\n<td class=\"et13\">E Comprimento da via<\/td>\n<td class=\"et10\">mm<\/td>\n<td class=\"et11\" style=\"width: 105.90pt;\" width=\"211\">2195<\/td>\n<\/tr>\n<tr style=\"height: 17.50pt;\">\n<td class=\"et13\">F Largura total do quadro<\/td>\n<td class=\"et10\">mm<\/td>\n<td class=\"et11\" style=\"width: 105.90pt;\" width=\"211\">1750<\/td>\n<\/tr>\n<tr style=\"height: 17.50pt;\">\n<td class=\"et13\">G Largura da via<\/td>\n<td class=\"et10\">mm<\/td>\n<td class=\"et11\" style=\"width: 105.90pt;\" width=\"211\">815<\/td>\n<\/tr>\n<tr style=\"height: 17.50pt;\">\n<td class=\"et13\">H Comprimento at\u00e9 ao centro dos rolos<\/td>\n<td class=\"et10\">mm<\/td>\n<td class=\"et11\" style=\"width: 105.90pt;\" width=\"211\">380<\/td>\n<\/tr>\n<tr style=\"height: 17.50pt;\">\n<td class=\"et13\">I Gabarito da via<\/td>\n<td class=\"et10\">mm<\/td>\n<td class=\"et11\" style=\"width: 105.90pt;\" width=\"211\">2200\/396<\/td>\n<\/tr>\n<tr style=\"height: 17.50pt;\">\n<td class=\"et13\">J Folga do contrapeso<\/td>\n<td class=\"et10\">mm<\/td>\n<td class=\"et11\" style=\"width: 105.90pt;\" width=\"211\">7085<\/td>\n<\/tr>\n<tr style=\"height: 17.50pt;\">\n<td class=\"et13\">K Dist\u00e2ncia m\u00ednima ao solo<\/td>\n<td class=\"et10\">mm<\/td>\n<td class=\"et11\" style=\"width: 105.90pt;\" width=\"211\">5160<\/td>\n<\/tr>\n<tr style=\"height: 17.50pt;\">\n<td class=\"et13\">L Raio m\u00ednimo de oscila\u00e7\u00e3o da cauda<\/td>\n<td class=\"et10\">mm<\/td>\n<td class=\"et11\" style=\"width: 105.90pt;\" width=\"211\">4020<\/td>\n<\/tr>\n<tr style=\"height: 17.50pt;\">\n<td class=\"et13\">M Altura da via<\/td>\n<td class=\"et10\">mm<\/td>\n<td class=\"et11\" style=\"width: 105.90pt;\" width=\"211\">2920<\/td>\n<\/tr>\n<tr style=\"height: 17.50pt;\">\n<td class=\"et12\" style=\"height: 133.00pt; width: 154.10pt;\" rowspan=\"7\" width=\"308\" height=\"266\">\u00c2mbito de aplica\u00e7\u00e3o<\/td>\n<td class=\"et13\">A Altura m\u00e1xima de escava\u00e7\u00e3o<\/td>\n<td class=\"et10\">mm<\/td>\n<td class=\"et11\" style=\"width: 105.90pt;\" width=\"211\">6260<\/td>\n<\/tr>\n<tr style=\"height: 17.50pt;\">\n<td class=\"et13\">B Altura m\u00e1xima de descarga<\/td>\n<td class=\"et10\">mm<\/td>\n<td class=\"et11\" style=\"width: 105.90pt;\" width=\"211\">1818<\/td>\n<\/tr>\n<tr style=\"height: 17.50pt;\">\n<td class=\"et13\">C Profundidade m\u00e1xima de escava\u00e7\u00e3o<\/td>\n<td class=\"et10\">mm<\/td>\n<td class=\"et11\" style=\"width: 105.90pt;\" width=\"211\">1800<\/td>\n<\/tr>\n<tr style=\"height: 28.00pt;\">\n<td class=\"et16\" style=\"width: 245.25pt;\" width=\"490\">D Profundidade m\u00e1xima de corte para um fundo nivelado de 2240 mm (8 p\u00e9s)<\/td>\n<td class=\"et10\">mm<\/td>\n<td class=\"et11\" style=\"width: 105.90pt;\" width=\"211\">363<\/td>\n<\/tr>\n<tr style=\"height: 17.50pt;\">\n<td class=\"et13\">E Profundidade m\u00e1xima de escava\u00e7\u00e3o vertical da parede<\/td>\n<td class=\"et10\">mm<\/td>\n<td class=\"et11\" style=\"width: 105.90pt;\" width=\"211\">346<\/td>\n<\/tr>\n<tr style=\"height: 17.50pt;\">\n<td class=\"et15\" style=\"width: 245.25pt;\" width=\"490\">Raio m\u00e1ximo de escava\u00e7\u00e3o<\/td>\n<td class=\"et10\">mm<\/td>\n<td class=\"et11\" style=\"width: 105.90pt;\" width=\"211\">3720<\/td>\n<\/tr>\n<tr style=\"height: 17.50pt;\">\n<td class=\"et15\" style=\"width: 245.25pt;\" width=\"490\">Raio de oscila\u00e7\u00e3o m\u00ednimo<\/td>\n<td class=\"et10\">mm<\/td>\n<td class=\"et11\" style=\"width: 105.90pt;\" width=\"211\">1622<\/td>\n<\/tr>\n<tr style=\"height: 17.50pt;\">\n<td class=\"et12\" style=\"height: 63.00pt; width: 154.10pt;\" rowspan=\"3\" width=\"308\" height=\"126\">Configura\u00e7\u00e3o standard<\/td>\n<td class=\"et15\" style=\"width: 245.25pt;\" width=\"490\">Comprimento da lan\u00e7a<\/td>\n<td class=\"et11\" style=\"width: 114.70pt;\" width=\"229\">mm<\/td>\n<td class=\"et11\" style=\"width: 105.90pt;\" width=\"211\">0.3<\/td>\n<\/tr>\n<tr style=\"height: 28.00pt;\">\n<td class=\"et15\" style=\"width: 245.25pt;\" width=\"490\">Comprimento do bra\u00e7o<\/td>\n<td class=\"et11\" style=\"width: 114.70pt;\" width=\"229\">mm<\/td>\n<td class=\"et11\" style=\"width: 105.90pt;\" width=\"211\">0.18<br \/>\nBalde estreito<\/td>\n<\/tr>\n<tr style=\"height: 17.50pt;\">\n<td class=\"et15\" style=\"width: 245.25pt;\" width=\"490\">Capacidade do balde<\/td>\n<td class=\"et11\" style=\"width: 114.70pt;\" width=\"229\">m\u00b3<\/td>\n<td class=\"et11\" style=\"width: 105.90pt;\" width=\"211\">\/<\/td>\n<\/tr>\n<tr style=\"height: 56.00pt;\">\n<td class=\"et12\" style=\"height: 145.50pt; width: 154.10pt;\" rowspan=\"3\" width=\"308\" height=\"291\">Configura\u00e7\u00e3o opcional<\/td>\n<td class=\"et15\" style=\"width: 245.25pt;\" width=\"490\">Comprimento da lan\u00e7a<\/td>\n<td class=\"et11\" style=\"width: 114.70pt;\" width=\"229\">m\u00b3<\/td>\n<td class=\"et11\" style=\"width: 105.90pt;\" width=\"211\">Martelo de rutura,<br \/>\nAcoplamento r\u00e1pido mec\u00e2nico, bloco de rastos de borracha<\/td>\n<\/tr>\n<tr style=\"height: 17.50pt;\">\n<td class=\"et15\" style=\"width: 245.25pt;\" width=\"490\">Comprimento do bra\u00e7o<\/td>\n<td class=\"et11\" style=\"width: 114.70pt;\" width=\"229\">m\u00b3<\/td>\n<td class=\"et17\">\/<\/td>\n<\/tr>\n<tr style=\"height: 72.00pt;\">\n<td class=\"et15\" style=\"width: 245.25pt;\" width=\"490\">Capacidade do balde<\/td>\n<td class=\"et11\" style=\"width: 114.70pt;\" width=\"229\">m\u00b3<\/td>\n<td class=\"et17\">\/<\/td>\n<\/tr>\n<\/tbody>\n<\/table>\n<\/div>","protected":false},"excerpt":{"rendered":"<p>XE75DA This hydraulic excavator can be used for digging, loading, ditching, crushing, drilling, clip cutting, lifting and other functions, which [&hellip;]<\/p>","protected":false},"featured_media":2251,"template":"","meta":{"_acf_changed":false,"site-sidebar-layout":"default","site-content-layout":"","ast-site-content-layout":"default","site-content-style":"default","site-sidebar-style":"default","ast-global-header-display":"","ast-banner-title-visibility":"","ast-main-header-display":"","ast-hfb-above-header-display":"","ast-hfb-below-header-display":"","ast-hfb-mobile-header-display":"","site-post-title":"","ast-breadcrumbs-content":"","ast-featured-img":"","footer-sml-layout":"","theme-transparent-header-meta":"default","adv-header-id-meta":"","stick-header-meta":"default","header-above-stick-meta":"","header-main-stick-meta":"","header-below-stick-meta":"","astra-migrate-meta-layouts":"set","ast-page-background-enabled":"default","ast-page-background-meta":{"desktop":{"background-color":"var(--ast-global-color-4)","background-image":"","background-repeat":"repeat","background-position":"center center","background-size":"auto","background-attachment":"scroll","background-type":"","background-media":"","overlay-type":"","overlay-color":"","overlay-opacity":"","overlay-gradient":""},"tablet":{"background-color":"","background-image":"","background-repeat":"repeat","background-position":"center center","background-size":"auto","background-attachment":"scroll","background-type":"","background-media":"","overlay-type":"","overlay-color":"","overlay-opacity":"","overlay-gradient":""},"mobile":{"background-color":"","background-image":"","background-repeat":"repeat","background-position":"center center","background-size":"auto","background-attachment":"scroll","background-type":"","background-media":"","overlay-type":"","overlay-color":"","overlay-opacity":"","overlay-gradient":""}},"ast-content-background-meta":{"desktop":{"background-color":"var(--ast-global-color-5)","background-image":"","background-repeat":"repeat","background-position":"center center","background-size":"auto","background-attachment":"scroll","background-type":"","background-media":"","overlay-type":"","overlay-color":"","overlay-opacity":"","overlay-gradient":""},"tablet":{"background-color":"var(--ast-global-color-5)","background-image":"","background-repeat":"repeat","background-position":"center center","background-size":"auto","background-attachment":"scroll","background-type":"","background-media":"","overlay-type":"","overlay-color":"","overlay-opacity":"","overlay-gradient":""},"mobile":{"background-color":"var(--ast-global-color-5)","background-image":"","background-repeat":"repeat","background-position":"center center","background-size":"auto","background-attachment":"scroll","background-type":"","background-media":"","overlay-type":"","overlay-color":"","overlay-opacity":"","overlay-gradient":""}}},"product_cat":[19,35],"product_tag":[],"class_list":{"0":"post-312","1":"product","2":"type-product","3":"status-publish","4":"has-post-thumbnail","6":"product_cat-excavator","7":"product_cat-small-excavator","8":"desktop-align-left","9":"tablet-align-left","10":"mobile-align-left","11":"ast-product-gallery-layout-horizontal-slider","12":"ast-magnify-disabled","13":"ast-product-tabs-layout-horizontal","15":"first","16":"instock","17":"shipping-taxable","18":"product-type-simple"},"acf":[],"_links":{"self":[{"href":"https:\/\/www.hcxmachinery.com\/pt\/wp-json\/wp\/v2\/product\/312"}],"collection":[{"href":"https:\/\/www.hcxmachinery.com\/pt\/wp-json\/wp\/v2\/product"}],"about":[{"href":"https:\/\/www.hcxmachinery.com\/pt\/wp-json\/wp\/v2\/types\/product"}],"version-history":[{"count":27,"href":"https:\/\/www.hcxmachinery.com\/pt\/wp-json\/wp\/v2\/product\/312\/revisions"}],"predecessor-version":[{"id":3334,"href":"https:\/\/www.hcxmachinery.com\/pt\/wp-json\/wp\/v2\/product\/312\/revisions\/3334"}],"wp:featuredmedia":[{"embeddable":true,"href":"https:\/\/www.hcxmachinery.com\/pt\/wp-json\/wp\/v2\/media\/2251"}],"wp:attachment":[{"href":"https:\/\/www.hcxmachinery.com\/pt\/wp-json\/wp\/v2\/media?parent=312"}],"wp:term":[{"taxonomy":"product_cat","embeddable":true,"href":"https:\/\/www.hcxmachinery.com\/pt\/wp-json\/wp\/v2\/product_cat?post=312"},{"taxonomy":"product_tag","embeddable":true,"href":"https:\/\/www.hcxmachinery.com\/pt\/wp-json\/wp\/v2\/product_tag?post=312"}],"curies":[{"name":"wp","href":"https:\/\/api.w.org\/{rel}","templated":true}]}}