{"id":2740,"date":"2025-05-22T08:58:03","date_gmt":"2025-05-22T08:58:03","guid":{"rendered":"https:\/\/www.hcxmachinery.com\/?post_type=product&#038;p=2740"},"modified":"2025-12-30T02:55:38","modified_gmt":"2025-12-30T02:55:38","slug":"escavadora-xe335gk-usada-de-boa-qualidade-para-venda","status":"publish","type":"product","link":"https:\/\/www.hcxmachinery.com\/pt\/produto\/escavadora-xe335gk-usada-de-boa-qualidade-para-venda\/","title":{"rendered":"Escavadora XE335GK usada de boa qualidade para venda"},"content":{"rendered":"<h1>XE335GK<\/h1>\n<p>A escavadora hidr\u00e1ulica est\u00e1 equipada com um motor de bin\u00e1rio elevado de baixa velocidade com elevada efici\u00eancia e baixo consumo de combust\u00edvel. A grande estrutura inferior e o amortecedor piloto s\u00e3o mais est\u00e1veis e confort\u00e1veis de operar; as pe\u00e7as de manuten\u00e7\u00e3o s\u00e3o movidas para fora, o per\u00edodo de manuten\u00e7\u00e3o \u00e9 prolongado, a manuten\u00e7\u00e3o \u00e9 mais conveniente; uma variedade de acess\u00f3rios opcionais, bem como fun\u00e7\u00f5es de controlo adaptativo de altitude, a adaptabilidade do ambiente \u00e9 melhor. Pode ser amplamente utilizado em pequenas e m\u00e9dias obras de terra e pedra, constru\u00e7\u00e3o de estradas e pontes, abertura de valas e constru\u00e7\u00e3o, conserva\u00e7\u00e3o de \u00e1gua em terras agr\u00edcolas, dragagem de rios e constru\u00e7\u00e3o municipal. Tamb\u00e9m pode realizar diferentes opera\u00e7\u00f5es, como escava\u00e7\u00e3o, tritura\u00e7\u00e3o e desmontagem, e \u00e9 altamente adapt\u00e1vel \u00e0s condi\u00e7\u00f5es de trabalho.<\/p>\n<h1>PAR\u00c2METROS<\/h1>\n<table>\n<tbody>\n<tr>\n<td width=\"0\"><\/td>\n<td colspan=\"2\" width=\"379\">\u00a0Modelo<\/td>\n<td width=\"56\">Unidade<\/td>\n<td width=\"122\"><strong><b>XE<\/b><\/strong><strong><b>335GK<\/b><\/strong><\/td>\n<td width=\"0\"><\/td>\n<\/tr>\n<tr>\n<td width=\"0\"><\/td>\n<td colspan=\"2\" width=\"379\">Peso operacional<\/td>\n<td width=\"56\">Kg<\/td>\n<td width=\"122\">33500<\/td>\n<td width=\"0\"><\/td>\n<\/tr>\n<tr>\n<td width=\"0\"><\/td>\n<td colspan=\"2\" width=\"379\">Capacidade do balde<\/td>\n<td width=\"56\">m\u00b3<\/td>\n<td width=\"122\">1.6<\/td>\n<td width=\"0\"><\/td>\n<\/tr>\n<tr>\n<td colspan=\"2\" width=\"98\">\u00a0Motor<\/td>\n<td width=\"281\">Modelo<\/td>\n<td width=\"56\">\/<\/td>\n<td colspan=\"2\" width=\"123\">Cummins L9<\/td>\n<\/tr>\n<tr>\n<td colspan=\"2\" width=\"98\"><\/td>\n<td width=\"281\">Inje\u00e7\u00e3o el\u00e9ctrica<\/td>\n<td width=\"56\">\/<\/td>\n<td colspan=\"2\" width=\"123\">\u221a<\/td>\n<\/tr>\n<tr>\n<td colspan=\"2\" width=\"98\"><\/td>\n<td width=\"281\">Quatro tempos<\/td>\n<td width=\"56\">\/<\/td>\n<td colspan=\"2\" width=\"123\">\u221a<\/td>\n<\/tr>\n<tr>\n<td colspan=\"2\" width=\"98\"><\/td>\n<td width=\"281\">\u00a0Arrefecimento a \u00e1gua<\/td>\n<td width=\"56\">\/<\/td>\n<td colspan=\"2\" width=\"123\">\u221a<\/td>\n<\/tr>\n<tr>\n<td colspan=\"2\" width=\"98\"><\/td>\n<td width=\"281\">Turboalimenta\u00e7\u00e3o<\/td>\n<td width=\"56\">\/<\/td>\n<td colspan=\"2\" width=\"123\">\u221a<\/td>\n<\/tr>\n<tr>\n<td colspan=\"2\" width=\"98\"><\/td>\n<td width=\"281\">Intercooler ar-ar<\/td>\n<td width=\"56\">\/<\/td>\n<td colspan=\"2\" width=\"123\">\u221a<\/td>\n<\/tr>\n<tr>\n<td colspan=\"2\" width=\"98\"><\/td>\n<td width=\"281\">\u00a0N.\u00ba de cilindros<\/td>\n<td width=\"56\">\/<\/td>\n<td colspan=\"2\" width=\"123\">6<\/td>\n<\/tr>\n<tr>\n<td colspan=\"2\" width=\"98\"><\/td>\n<td width=\"281\">\u00a0Pot\u00eancia\/velocidade nominal\uff08ISO\uff09<\/td>\n<td width=\"56\">kw\/rpm<\/td>\n<td colspan=\"2\" width=\"123\">219\/1900<\/td>\n<\/tr>\n<tr>\n<td colspan=\"2\" width=\"98\"><\/td>\n<td width=\"281\">\u00a0Bin\u00e1rio\/velocidade m\u00e1xima<\/td>\n<td width=\"56\">N.m<\/td>\n<td colspan=\"2\" width=\"123\">1388\/1100<\/td>\n<\/tr>\n<tr>\n<td colspan=\"2\" width=\"98\"><\/td>\n<td width=\"281\">\u00a0Desloca\u00e7\u00e3o<\/td>\n<td width=\"56\">L<\/td>\n<td colspan=\"2\" width=\"123\">8.9<\/td>\n<\/tr>\n<tr>\n<td colspan=\"2\" width=\"98\">Desempenho principal<\/td>\n<td width=\"281\">Velocidade de desloca\u00e7\u00e3o\uff08H\/L)<\/td>\n<td width=\"56\">km\/h<\/td>\n<td colspan=\"2\" width=\"123\">5.5\/3.3<\/td>\n<\/tr>\n<tr>\n<td colspan=\"2\" width=\"98\"><\/td>\n<td width=\"281\">\u00a0Velocidade de oscila\u00e7\u00e3o<\/td>\n<td width=\"56\">r\/min<\/td>\n<td colspan=\"2\" width=\"123\">10.5<\/td>\n<\/tr>\n<tr>\n<td colspan=\"2\" width=\"98\"><\/td>\n<td width=\"281\">Capacidade de classifica\u00e7\u00e3o<\/td>\n<td width=\"56\">\u00b0<\/td>\n<td colspan=\"2\" width=\"123\">\u226435<\/td>\n<\/tr>\n<tr>\n<td colspan=\"2\" width=\"98\"><\/td>\n<td width=\"281\">Press\u00e3o no solo<\/td>\n<td width=\"56\">kPa<\/td>\n<td colspan=\"2\" width=\"123\">59.5<\/td>\n<\/tr>\n<tr>\n<td colspan=\"2\" width=\"98\"><\/td>\n<td width=\"281\">For\u00e7a de escava\u00e7\u00e3o do balde<\/td>\n<td width=\"56\">kN<\/td>\n<td colspan=\"2\" width=\"123\">206<\/td>\n<\/tr>\n<tr>\n<td colspan=\"2\" width=\"98\"><\/td>\n<td width=\"281\">For\u00e7a de escava\u00e7\u00e3o do bra\u00e7o<\/td>\n<td width=\"56\">kN<\/td>\n<td colspan=\"2\" width=\"123\">160<\/td>\n<\/tr>\n<tr>\n<td colspan=\"2\" width=\"98\"><\/td>\n<td width=\"281\">\u00a0For\u00e7a de tra\u00e7\u00e3o m\u00e1xima<\/td>\n<td width=\"56\">kN<\/td>\n<td colspan=\"2\" width=\"123\">257<\/td>\n<\/tr>\n<tr>\n<td colspan=\"2\" width=\"98\">Sistema hidr\u00e1ulico<\/td>\n<td width=\"281\">Bomba principal<\/td>\n<td width=\"56\">\/<\/td>\n<td colspan=\"2\" width=\"123\">&nbsp;<\/p>\n<p>Duas bombas de pist\u00e3o<\/td>\n<\/tr>\n<tr>\n<td colspan=\"2\" width=\"98\"><\/td>\n<td width=\"281\">Caudal nominal da bomba principal<\/td>\n<td width=\"56\">L\/min<\/td>\n<td colspan=\"2\" width=\"123\">2\u00d7306<\/td>\n<\/tr>\n<tr>\n<td colspan=\"2\" width=\"98\"><\/td>\n<td width=\"281\">Press\u00e3o da v\u00e1lvula de seguran\u00e7a principal<\/td>\n<td width=\"56\">MPa<\/td>\n<td colspan=\"2\" width=\"123\">34.3\/37<\/td>\n<\/tr>\n<tr>\n<td colspan=\"2\" width=\"98\"><\/td>\n<td width=\"281\">Press\u00e3o do sistema de desloca\u00e7\u00e3o<\/td>\n<td width=\"56\">MPa<\/td>\n<td colspan=\"2\" width=\"123\">34.3<\/td>\n<\/tr>\n<tr>\n<td colspan=\"2\" width=\"98\"><\/td>\n<td width=\"281\">Press\u00e3o do sistema de oscila\u00e7\u00e3o<\/td>\n<td width=\"56\">MPa<\/td>\n<td colspan=\"2\" width=\"123\">30<\/td>\n<\/tr>\n<tr>\n<td colspan=\"2\" width=\"98\"><\/td>\n<td width=\"281\">Press\u00e3o do sistema piloto<\/td>\n<td width=\"56\">MPa<\/td>\n<td colspan=\"2\" width=\"123\">3.9<\/td>\n<\/tr>\n<tr>\n<td colspan=\"2\" width=\"98\">Capacidade de \u00f3leo<\/td>\n<td width=\"281\">Capacidade do dep\u00f3sito de combust\u00edvel<\/td>\n<td width=\"56\">L<\/td>\n<td colspan=\"2\" width=\"123\">536<\/td>\n<\/tr>\n<tr>\n<td colspan=\"2\" width=\"98\"><\/td>\n<td width=\"281\">Capacidade do dep\u00f3sito hidr\u00e1ulico<\/td>\n<td width=\"56\">L<\/td>\n<td colspan=\"2\" width=\"123\">320<\/td>\n<\/tr>\n<tr>\n<td colspan=\"2\" width=\"98\"><\/td>\n<td width=\"281\">Capacidade do \u00f3leo do motor<\/td>\n<td width=\"56\">L<\/td>\n<td colspan=\"2\" width=\"123\">38<\/td>\n<\/tr>\n<tr>\n<td colspan=\"2\" width=\"98\">Tamanho da apar\u00eancia<\/td>\n<td width=\"281\">A Comprimento total<\/td>\n<td width=\"56\">mm<\/td>\n<td colspan=\"2\" width=\"123\">10713<\/td>\n<\/tr>\n<tr>\n<td colspan=\"2\" width=\"98\"><\/td>\n<td width=\"281\">B Largura total<\/td>\n<td width=\"56\">mm<\/td>\n<td colspan=\"2\" width=\"123\">3190<\/td>\n<\/tr>\n<tr>\n<td colspan=\"2\" width=\"98\"><\/td>\n<td width=\"281\">C Altura total<\/td>\n<td width=\"56\">mm<\/td>\n<td colspan=\"2\" width=\"123\">3634<\/td>\n<\/tr>\n<tr>\n<td colspan=\"2\" width=\"98\"><\/td>\n<td width=\"281\">D Largura da plataforma<\/td>\n<td width=\"56\">mm<\/td>\n<td colspan=\"2\" width=\"123\">2970<\/td>\n<\/tr>\n<tr>\n<td colspan=\"2\" width=\"98\"><\/td>\n<td width=\"281\">E Comprimento da via<\/td>\n<td width=\"56\">mm<\/td>\n<td colspan=\"2\" width=\"123\">4945<\/td>\n<\/tr>\n<tr>\n<td colspan=\"2\" width=\"98\"><\/td>\n<td width=\"281\">F Largura total do quadro<\/td>\n<td width=\"56\">mm<\/td>\n<td colspan=\"2\" width=\"123\">3190<\/td>\n<\/tr>\n<tr>\n<td colspan=\"2\" width=\"98\"><\/td>\n<td width=\"281\">G Largura do sapato de rasto<\/td>\n<td width=\"56\">mm<\/td>\n<td colspan=\"2\" width=\"123\">600<\/td>\n<\/tr>\n<tr>\n<td colspan=\"2\" width=\"98\"><\/td>\n<td width=\"281\">H Base da roda da lagartas<\/td>\n<td width=\"56\">mm<\/td>\n<td colspan=\"2\" width=\"123\">4028<\/td>\n<\/tr>\n<tr>\n<td colspan=\"2\" width=\"98\"><\/td>\n<td width=\"281\">I Gabarito da via<\/td>\n<td width=\"56\">mm<\/td>\n<td colspan=\"2\" width=\"123\">2590<\/td>\n<\/tr>\n<tr>\n<td colspan=\"2\" width=\"98\"><\/td>\n<td width=\"281\">J Folga do contrapeso<\/td>\n<td width=\"56\">mm<\/td>\n<td colspan=\"2\" width=\"123\">1200<\/td>\n<\/tr>\n<tr>\n<td colspan=\"2\" width=\"98\"><\/td>\n<td width=\"281\">K Dist\u00e2ncia m\u00ednima ao solo<\/td>\n<td width=\"56\">mm<\/td>\n<td colspan=\"2\" width=\"123\">538<\/td>\n<\/tr>\n<tr>\n<td colspan=\"2\" width=\"98\"><\/td>\n<td width=\"281\">L Raio m\u00ednimo de oscila\u00e7\u00e3o da cauda<\/td>\n<td width=\"56\">mm<\/td>\n<td colspan=\"2\" width=\"123\">3380<\/td>\n<\/tr>\n<tr>\n<td colspan=\"2\" width=\"98\"><\/td>\n<td width=\"281\">M Altura da via<\/td>\n<td width=\"56\">mm<\/td>\n<td colspan=\"2\" width=\"123\">1084<\/td>\n<\/tr>\n<tr>\n<td colspan=\"2\" width=\"98\">\u00c2mbito de aplica\u00e7\u00e3o<\/td>\n<td width=\"281\">A Altura m\u00e1xima de escava\u00e7\u00e3o<\/td>\n<td width=\"56\">mm<\/td>\n<td colspan=\"2\" width=\"123\">10174<\/td>\n<\/tr>\n<tr>\n<td colspan=\"2\" width=\"98\"><\/td>\n<td width=\"281\">B Altura m\u00e1xima de descarga<\/td>\n<td width=\"56\">mm<\/td>\n<td colspan=\"2\" width=\"123\">7065<\/td>\n<\/tr>\n<tr>\n<td colspan=\"2\" width=\"98\"><\/td>\n<td width=\"281\">C Profundidade m\u00e1xima de escava\u00e7\u00e3o<\/td>\n<td width=\"56\">mm<\/td>\n<td colspan=\"2\" width=\"123\">6725<\/td>\n<\/tr>\n<tr>\n<td colspan=\"2\" width=\"98\"><\/td>\n<td width=\"281\">D Profundidade m\u00e1xima de corte para um fundo nivelado de 2240 mm (8 p\u00e9s)<\/td>\n<td width=\"56\">mm<\/td>\n<td colspan=\"2\" width=\"123\">6568<\/td>\n<\/tr>\n<tr>\n<td colspan=\"2\" width=\"98\"><\/td>\n<td width=\"281\">E Raio m\u00e1ximo de escava\u00e7\u00e3o<\/td>\n<td width=\"56\">mm<\/td>\n<td colspan=\"2\" width=\"123\">10420<\/td>\n<\/tr>\n<tr>\n<td colspan=\"2\" width=\"98\"><\/td>\n<td width=\"281\">F Raio m\u00ednimo de oscila\u00e7\u00e3o<\/td>\n<td width=\"56\">mm<\/td>\n<td colspan=\"2\" width=\"123\">3920<\/td>\n<\/tr>\n<tr>\n<td colspan=\"2\" width=\"98\">Padr\u00e3o<\/td>\n<td width=\"281\">Comprimento da lan\u00e7a<\/td>\n<td width=\"56\">mm<\/td>\n<td colspan=\"2\" width=\"123\">6150<\/td>\n<\/tr>\n<tr>\n<td colspan=\"2\" width=\"98\"><\/td>\n<td width=\"281\">Comprimento do bra\u00e7o<\/td>\n<td width=\"56\">mm<\/td>\n<td colspan=\"2\" width=\"123\">2900<\/td>\n<\/tr>\n<tr>\n<td colspan=\"2\" width=\"98\"><\/td>\n<td width=\"281\">Capacidade do balde<\/td>\n<td width=\"56\">m\u00b3<\/td>\n<td colspan=\"2\" width=\"123\">1.6-1.9<\/td>\n<\/tr>\n<tr>\n<td colspan=\"2\" width=\"98\">Opcional<\/td>\n<td width=\"281\">Comprimento da lan\u00e7a<\/td>\n<td width=\"56\">mm<\/td>\n<td colspan=\"2\" width=\"123\"><\/td>\n<\/tr>\n<tr>\n<td colspan=\"2\" width=\"98\"><\/td>\n<td width=\"281\">Comprimento do bra\u00e7o<\/td>\n<td width=\"56\">mm<\/td>\n<td colspan=\"2\" width=\"123\"><\/td>\n<\/tr>\n<tr>\n<td colspan=\"2\" width=\"98\"><\/td>\n<td width=\"281\">Capacidade do balde<\/td>\n<td width=\"56\">m\u00b3<\/td>\n<td colspan=\"2\" width=\"123\"><\/td>\n<\/tr>\n<\/tbody>\n<\/table>\n<p><img fetchpriority=\"high\" decoding=\"async\" class=\"alignnone size-medium wp-image-2744\" src=\"https:\/\/www.hcxmachinery.com\/wp-content\/uploads\/2025\/05\/XE335GK-03_\u526f\u672c_WH_800x800px-300x300.webp\" alt=\"\" width=\"300\" height=\"300\" title=\"\" srcset=\"https:\/\/www.hcxmachinery.com\/wp-content\/uploads\/2025\/05\/XE335GK-03_\u526f\u672c_WH_800x800px-300x300.webp 300w, https:\/\/www.hcxmachinery.com\/wp-content\/uploads\/2025\/05\/XE335GK-03_\u526f\u672c_WH_800x800px-150x150.webp 150w, https:\/\/www.hcxmachinery.com\/wp-content\/uploads\/2025\/05\/XE335GK-03_\u526f\u672c_WH_800x800px-768x768.webp 768w, https:\/\/www.hcxmachinery.com\/wp-content\/uploads\/2025\/05\/XE335GK-03_\u526f\u672c_WH_800x800px-600x600.webp 600w, https:\/\/www.hcxmachinery.com\/wp-content\/uploads\/2025\/05\/XE335GK-03_\u526f\u672c_WH_800x800px-100x100.webp 100w, https:\/\/www.hcxmachinery.com\/wp-content\/uploads\/2025\/05\/XE335GK-03_\u526f\u672c_WH_800x800px.webp 800w\" sizes=\"(max-width: 300px) 100vw, 300px\" \/> <img decoding=\"async\" class=\"alignnone size-medium wp-image-2743\" src=\"https:\/\/www.hcxmachinery.com\/wp-content\/uploads\/2025\/05\/XE335GK-02_WH_800x800px-300x300.webp\" alt=\"\" width=\"300\" height=\"300\" title=\"\" srcset=\"https:\/\/www.hcxmachinery.com\/wp-content\/uploads\/2025\/05\/XE335GK-02_WH_800x800px-300x300.webp 300w, https:\/\/www.hcxmachinery.com\/wp-content\/uploads\/2025\/05\/XE335GK-02_WH_800x800px-150x150.webp 150w, https:\/\/www.hcxmachinery.com\/wp-content\/uploads\/2025\/05\/XE335GK-02_WH_800x800px-768x768.webp 768w, https:\/\/www.hcxmachinery.com\/wp-content\/uploads\/2025\/05\/XE335GK-02_WH_800x800px-600x600.webp 600w, https:\/\/www.hcxmachinery.com\/wp-content\/uploads\/2025\/05\/XE335GK-02_WH_800x800px-100x100.webp 100w, https:\/\/www.hcxmachinery.com\/wp-content\/uploads\/2025\/05\/XE335GK-02_WH_800x800px.webp 800w\" sizes=\"(max-width: 300px) 100vw, 300px\" \/> <img decoding=\"async\" class=\"alignnone size-medium wp-image-2742\" src=\"https:\/\/www.hcxmachinery.com\/wp-content\/uploads\/2025\/05\/XE335GK-01_\u526f\u672c_WH_800x800px-300x300.webp\" alt=\"\" width=\"300\" height=\"300\" title=\"\"><\/p>","protected":false},"excerpt":{"rendered":"<p>XE335GK The hydraulic excavator is equipped with a low-speed high-torque engine with high efficiency and low fuelconsumption. The large undercarrige [&hellip;]<\/p>","protected":false},"featured_media":2741,"template":"","meta":{"_acf_changed":false,"site-sidebar-layout":"default","site-content-layout":"","ast-site-content-layout":"default","site-content-style":"default","site-sidebar-style":"default","ast-global-header-display":"","ast-banner-title-visibility":"","ast-main-header-display":"","ast-hfb-above-header-display":"","ast-hfb-below-header-display":"","ast-hfb-mobile-header-display":"","site-post-title":"","ast-breadcrumbs-content":"","ast-featured-img":"","footer-sml-layout":"","theme-transparent-header-meta":"default","adv-header-id-meta":"","stick-header-meta":"default","header-above-stick-meta":"","header-main-stick-meta":"","header-below-stick-meta":"","astra-migrate-meta-layouts":"set","ast-page-background-enabled":"default","ast-page-background-meta":{"desktop":{"background-color":"var(--ast-global-color-4)","background-image":"","background-repeat":"repeat","background-position":"center center","background-size":"auto","background-attachment":"scroll","background-type":"","background-media":"","overlay-type":"","overlay-color":"","overlay-opacity":"","overlay-gradient":""},"tablet":{"background-color":"","background-image":"","background-repeat":"repeat","background-position":"center center","background-size":"auto","background-attachment":"scroll","background-type":"","background-media":"","overlay-type":"","overlay-color":"","overlay-opacity":"","overlay-gradient":""},"mobile":{"background-color":"","background-image":"","background-repeat":"repeat","background-position":"center center","background-size":"auto","background-attachment":"scroll","background-type":"","background-media":"","overlay-type":"","overlay-color":"","overlay-opacity":"","overlay-gradient":""}},"ast-content-background-meta":{"desktop":{"background-color":"var(--ast-global-color-5)","background-image":"","background-repeat":"repeat","background-position":"center center","background-size":"auto","background-attachment":"scroll","background-type":"","background-media":"","overlay-type":"","overlay-color":"","overlay-opacity":"","overlay-gradient":""},"tablet":{"background-color":"var(--ast-global-color-5)","background-image":"","background-repeat":"repeat","background-position":"center center","background-size":"auto","background-attachment":"scroll","background-type":"","background-media":"","overlay-type":"","overlay-color":"","overlay-opacity":"","overlay-gradient":""},"mobile":{"background-color":"var(--ast-global-color-5)","background-image":"","background-repeat":"repeat","background-position":"center center","background-size":"auto","background-attachment":"scroll","background-type":"","background-media":"","overlay-type":"","overlay-color":"","overlay-opacity":"","overlay-gradient":""}}},"product_cat":[19,37],"product_tag":[],"class_list":{"0":"post-2740","1":"product","2":"type-product","3":"status-publish","4":"has-post-thumbnail","6":"product_cat-excavator","7":"product_cat-big-excavator","8":"desktop-align-left","9":"tablet-align-left","10":"mobile-align-left","11":"ast-product-gallery-layout-horizontal-slider","12":"ast-magnify-disabled","13":"ast-product-tabs-layout-horizontal","15":"first","16":"instock","17":"shipping-taxable","18":"product-type-simple"},"acf":[],"_links":{"self":[{"href":"https:\/\/www.hcxmachinery.com\/pt\/wp-json\/wp\/v2\/product\/2740"}],"collection":[{"href":"https:\/\/www.hcxmachinery.com\/pt\/wp-json\/wp\/v2\/product"}],"about":[{"href":"https:\/\/www.hcxmachinery.com\/pt\/wp-json\/wp\/v2\/types\/product"}],"version-history":[{"count":9,"href":"https:\/\/www.hcxmachinery.com\/pt\/wp-json\/wp\/v2\/product\/2740\/revisions"}],"predecessor-version":[{"id":3433,"href":"https:\/\/www.hcxmachinery.com\/pt\/wp-json\/wp\/v2\/product\/2740\/revisions\/3433"}],"wp:featuredmedia":[{"embeddable":true,"href":"https:\/\/www.hcxmachinery.com\/pt\/wp-json\/wp\/v2\/media\/2741"}],"wp:attachment":[{"href":"https:\/\/www.hcxmachinery.com\/pt\/wp-json\/wp\/v2\/media?parent=2740"}],"wp:term":[{"taxonomy":"product_cat","embeddable":true,"href":"https:\/\/www.hcxmachinery.com\/pt\/wp-json\/wp\/v2\/product_cat?post=2740"},{"taxonomy":"product_tag","embeddable":true,"href":"https:\/\/www.hcxmachinery.com\/pt\/wp-json\/wp\/v2\/product_tag?post=2740"}],"curies":[{"name":"wp","href":"https:\/\/api.w.org\/{rel}","templated":true}]}}