{"id":2715,"date":"2025-05-16T06:52:52","date_gmt":"2025-05-16T06:52:52","guid":{"rendered":"https:\/\/www.hcxmachinery.com\/?post_type=product&#038;p=2715"},"modified":"2025-12-30T03:39:07","modified_gmt":"2025-12-30T03:39:07","slug":"escavadora-de-lagartas-xe270gk","status":"publish","type":"product","link":"https:\/\/www.hcxmachinery.com\/pt\/produto\/escavadora-de-lagartas-xe270gk\/","title":{"rendered":"Escavadora XE270GK usada de alta qualidade para venda"},"content":{"rendered":"<h2>XE270GK<\/h2>\n<div class=\"ace-line\" dir=\"auto\" data-node=\"true\"><span data-leaf=\"true\"><span class=\"lb\">A XE270GK \u00e9 uma escavadeira de m\u00e9dio porte da classe \"G\" de 27T desenvolvida recentemente pela XCMG. Ela combina v\u00e1rias tecnologias de ponta e oferece in\u00fameras vantagens.<\/span><\/span><span data-string=\"true\" data-enter=\"true\" data-leaf=\"true\">\u200b<\/span><\/div>\n<div class=\"ace-line heading-h2\" dir=\"auto\" data-node=\"true\"><span data-leaf=\"true\"><span class=\"lb\">Desempenho de alta efici\u00eancia\uff1a<\/span><\/span><span data-string=\"true\" data-enter=\"true\" data-leaf=\"true\">\u200b<\/span><\/div>\n<div class=\"ace-line\" dir=\"auto\" data-node=\"true\"><span data-leaf=\"true\"><span class=\"lb\">Equipado com o motor B7 personalizado exclusivo da XCMG, o bin\u00e1rio \u00e9 aumentado em 15%. O exclusivo \"Sistema de Controlo Inteligente Feed-Forward (PIC)\" reduz o tempo de resposta transit\u00f3ria do motor em mais de 90%, garantindo pot\u00eancia suficiente e resposta r\u00e1pida, mesmo sob cargas pesadas. O sistema hidr\u00e1ulico de fluxo positivo controlado eletronicamente melhora a efici\u00eancia geral e o manuseamento.<\/span><\/span><span data-string=\"true\" data-enter=\"true\" data-leaf=\"true\">\u200b<\/span><\/div>\n<div class=\"ace-line\" dir=\"auto\" data-node=\"true\"><\/div>\n<h2>PAR\u00c2METROS<\/h2>\n<p>&nbsp;<\/p>\n<table>\n<tbody>\n<tr>\n<td width=\"379\">Modelo<\/td>\n<td width=\"56\">Unidade<\/td>\n<td width=\"122\"><strong><b>XE270GK<\/b><\/strong><\/td>\n<\/tr>\n<tr>\n<td width=\"379\">\u00a0Peso operacional<\/td>\n<td width=\"56\">Kg<\/td>\n<td width=\"122\">26500<\/td>\n<\/tr>\n<tr>\n<td width=\"379\">Capacidade do balde<\/td>\n<td width=\"56\">m\u00b3<\/td>\n<td width=\"122\">1.0\uff5e1.6<\/td>\n<\/tr>\n<\/tbody>\n<\/table>\n<table>\n<tbody>\n<tr>\n<td colspan=\"2\" rowspan=\"10\" width=\"98\">Motor<\/td>\n<td width=\"281\">Modelo<\/td>\n<td width=\"56\">\/<\/td>\n<td colspan=\"2\" width=\"123\">Cummins B7<\/td>\n<\/tr>\n<tr>\n<td width=\"281\">Inje\u00e7\u00e3o el\u00e9ctrica<\/td>\n<td width=\"56\">\/<\/td>\n<td colspan=\"2\" width=\"123\">\u221a<\/td>\n<\/tr>\n<tr>\n<td width=\"281\">Quatro tempos<\/td>\n<td width=\"56\">\/<\/td>\n<td colspan=\"2\" width=\"123\">\u221a<\/td>\n<\/tr>\n<tr>\n<td width=\"281\">\u00a0Arrefecimento a \u00e1gua<\/td>\n<td width=\"56\">\/<\/td>\n<td colspan=\"2\" width=\"123\">\u221a<\/td>\n<\/tr>\n<tr>\n<td width=\"281\">Turboalimenta\u00e7\u00e3o<\/td>\n<td width=\"56\">\/<\/td>\n<td colspan=\"2\" width=\"123\">\u221a<\/td>\n<\/tr>\n<tr>\n<td width=\"281\">Intercooler ar-ar<\/td>\n<td width=\"56\">\/<\/td>\n<td colspan=\"2\" width=\"123\">\u221a<\/td>\n<\/tr>\n<tr>\n<td width=\"281\">\u00a0N.\u00ba de cilindros<\/td>\n<td width=\"56\">\/<\/td>\n<td colspan=\"2\" width=\"123\">6<\/td>\n<\/tr>\n<tr>\n<td width=\"281\">\u00a0Pot\u00eancia\/velocidade nominal\uff08ISO\uff09<\/td>\n<td width=\"56\">kw\/rpm<\/td>\n<td colspan=\"2\" width=\"123\">150\/2000<\/td>\n<\/tr>\n<tr>\n<td width=\"281\">\u00a0Bin\u00e1rio\/velocidade m\u00e1xima<\/td>\n<td width=\"56\">N.m<\/td>\n<td colspan=\"2\" width=\"123\">890\/1200<\/td>\n<\/tr>\n<tr>\n<td width=\"281\">\u00a0Desloca\u00e7\u00e3o<\/td>\n<td width=\"56\">L<\/td>\n<td colspan=\"2\" width=\"123\">6.7<\/td>\n<\/tr>\n<tr>\n<td colspan=\"2\" rowspan=\"7\" width=\"98\">Desempenho principal<\/td>\n<td width=\"281\">Velocidade de desloca\u00e7\u00e3o\uff08H\/L)<\/td>\n<td width=\"56\">km\/h<\/td>\n<td colspan=\"2\" width=\"123\">5.3\/3.4<\/td>\n<\/tr>\n<tr>\n<td width=\"281\">\u00a0Velocidade de oscila\u00e7\u00e3o<\/td>\n<td width=\"56\">r\/min<\/td>\n<td colspan=\"2\" width=\"123\">10.5<\/td>\n<\/tr>\n<tr>\n<td width=\"281\">Capacidade de classifica\u00e7\u00e3o<\/td>\n<td width=\"56\">\u00b0<\/td>\n<td colspan=\"2\" width=\"123\">\u226435<\/td>\n<\/tr>\n<tr>\n<td width=\"281\">Press\u00e3o no solo<\/td>\n<td width=\"56\">kPa<\/td>\n<td colspan=\"2\" width=\"123\">51<\/td>\n<\/tr>\n<tr>\n<td width=\"281\">For\u00e7a de escava\u00e7\u00e3o do balde<\/td>\n<td width=\"56\">kN<\/td>\n<td colspan=\"2\" width=\"123\">185<\/td>\n<\/tr>\n<tr>\n<td width=\"281\">For\u00e7a de escava\u00e7\u00e3o do bra\u00e7o<\/td>\n<td width=\"56\">kN<\/td>\n<td colspan=\"2\" width=\"123\">129<\/td>\n<\/tr>\n<tr>\n<td width=\"281\">\u00a0For\u00e7a de tra\u00e7\u00e3o m\u00e1xima<\/td>\n<td width=\"56\">kN<\/td>\n<td colspan=\"2\" width=\"123\">221<\/td>\n<\/tr>\n<tr>\n<td colspan=\"2\" rowspan=\"6\" width=\"98\">Sistema hidr\u00e1ulico<\/td>\n<td width=\"281\">Bomba principal<\/td>\n<td width=\"56\">\/<\/td>\n<td colspan=\"2\" width=\"123\">Duas bombas de pist\u00e3o<\/td>\n<\/tr>\n<tr>\n<td width=\"281\">Caudal nominal da bomba principal<\/td>\n<td width=\"56\">L\/min<\/td>\n<td colspan=\"2\" width=\"123\">2\u00d7252<\/td>\n<\/tr>\n<tr>\n<td width=\"281\">Press\u00e3o da v\u00e1lvula de seguran\u00e7a principal<\/td>\n<td width=\"56\">MPa<\/td>\n<td colspan=\"2\" width=\"123\">34.3\/37<\/td>\n<\/tr>\n<tr>\n<td width=\"281\">Press\u00e3o do sistema de desloca\u00e7\u00e3o<\/td>\n<td width=\"56\">MPa<\/td>\n<td colspan=\"2\" width=\"123\">34.3<\/td>\n<\/tr>\n<tr>\n<td width=\"281\">Press\u00e3o do sistema de oscila\u00e7\u00e3o<\/td>\n<td width=\"56\">MPa<\/td>\n<td colspan=\"2\" width=\"123\">28.8<\/td>\n<\/tr>\n<tr>\n<td width=\"281\">Press\u00e3o do sistema piloto<\/td>\n<td width=\"56\">MPa<\/td>\n<td colspan=\"2\" width=\"123\">3.9<\/td>\n<\/tr>\n<tr>\n<td colspan=\"2\" rowspan=\"3\" width=\"98\">Capacidade de \u00f3leo<\/td>\n<td width=\"281\">Capacidade do dep\u00f3sito de combust\u00edvel<\/td>\n<td width=\"56\">L<\/td>\n<td colspan=\"2\" width=\"123\">400<\/td>\n<\/tr>\n<tr>\n<td width=\"281\">Capacidade do dep\u00f3sito hidr\u00e1ulico<\/td>\n<td width=\"56\">L<\/td>\n<td colspan=\"2\" width=\"123\">150<\/td>\n<\/tr>\n<tr>\n<td width=\"281\">Capacidade do \u00f3leo do motor<\/td>\n<td width=\"56\">L<\/td>\n<td colspan=\"2\" width=\"123\">35<\/td>\n<\/tr>\n<tr>\n<td colspan=\"2\" rowspan=\"13\" width=\"98\">Tamanho da apar\u00eancia<\/td>\n<td width=\"281\">A Comprimento total<\/td>\n<td width=\"56\">mm<\/td>\n<td colspan=\"2\" width=\"123\">10250<\/td>\n<\/tr>\n<tr>\n<td width=\"281\">B Largura total<\/td>\n<td width=\"56\">mm<\/td>\n<td colspan=\"2\" width=\"123\">3190<\/td>\n<\/tr>\n<tr>\n<td width=\"281\">C Altura total<\/td>\n<td width=\"56\">mm<\/td>\n<td colspan=\"2\" width=\"123\">3300<\/td>\n<\/tr>\n<tr>\n<td width=\"281\">D Largura da plataforma<\/td>\n<td width=\"56\">mm<\/td>\n<td colspan=\"2\" width=\"123\">2995<\/td>\n<\/tr>\n<tr>\n<td width=\"281\">E Comprimento da via<\/td>\n<td width=\"56\">mm<\/td>\n<td colspan=\"2\" width=\"123\">4635<\/td>\n<\/tr>\n<tr>\n<td width=\"281\">F Largura total do quadro<\/td>\n<td width=\"56\">mm<\/td>\n<td colspan=\"2\" width=\"123\">3190<\/td>\n<\/tr>\n<tr>\n<td width=\"281\">G Largura do sapato de rasto<\/td>\n<td width=\"56\">mm<\/td>\n<td colspan=\"2\" width=\"123\">600<\/td>\n<\/tr>\n<tr>\n<td width=\"281\">H Base da roda da lagartas<\/td>\n<td width=\"56\">mm<\/td>\n<td colspan=\"2\" width=\"123\">3841<\/td>\n<\/tr>\n<tr>\n<td width=\"281\">I Gabarito da via<\/td>\n<td width=\"56\">mm<\/td>\n<td colspan=\"2\" width=\"123\">2590<\/td>\n<\/tr>\n<tr>\n<td width=\"281\">J Folga do contrapeso<\/td>\n<td width=\"56\">mm<\/td>\n<td colspan=\"2\" width=\"123\">1140<\/td>\n<\/tr>\n<tr>\n<td width=\"281\">K Dist\u00e2ncia m\u00ednima ao solo<\/td>\n<td width=\"56\">mm<\/td>\n<td colspan=\"2\" width=\"123\">490<\/td>\n<\/tr>\n<tr>\n<td width=\"281\">L Raio m\u00ednimo de oscila\u00e7\u00e3o da cauda<\/td>\n<td width=\"56\">mm<\/td>\n<td colspan=\"2\" width=\"123\">3025<\/td>\n<\/tr>\n<tr>\n<td width=\"281\">M Altura da via<\/td>\n<td width=\"56\">mm<\/td>\n<td colspan=\"2\" width=\"123\">945<\/td>\n<\/tr>\n<tr>\n<td colspan=\"2\" rowspan=\"6\" width=\"98\">\u00c2mbito de aplica\u00e7\u00e3o<\/td>\n<td width=\"281\">A Altura m\u00e1xima de escava\u00e7\u00e3o<\/td>\n<td width=\"56\">mm<\/td>\n<td colspan=\"2\" width=\"123\">10095<\/td>\n<\/tr>\n<tr>\n<td width=\"281\">B Altura m\u00e1xima de descarga<\/td>\n<td width=\"56\">mm<\/td>\n<td colspan=\"2\" width=\"123\">7170<\/td>\n<\/tr>\n<tr>\n<td width=\"281\">C Profundidade m\u00e1xima de escava\u00e7\u00e3o<\/td>\n<td width=\"56\">mm<\/td>\n<td colspan=\"2\" width=\"123\">6925<\/td>\n<\/tr>\n<tr>\n<td width=\"281\">D Profundidade m\u00e1xima de corte para um fundo nivelado de 2240 mm (8 p\u00e9s)<\/td>\n<td width=\"56\">mm<\/td>\n<td colspan=\"2\" width=\"123\">6985<\/td>\n<\/tr>\n<tr>\n<td width=\"281\">E Raio m\u00e1ximo de escava\u00e7\u00e3o<\/td>\n<td width=\"56\">mm<\/td>\n<td colspan=\"2\" width=\"123\">10240<\/td>\n<\/tr>\n<tr>\n<td width=\"281\">F Raio m\u00ednimo de oscila\u00e7\u00e3o<\/td>\n<td width=\"56\">mm<\/td>\n<td colspan=\"2\" width=\"123\">3490<\/td>\n<\/tr>\n<tr>\n<td colspan=\"2\" rowspan=\"3\" width=\"98\">Padr\u00e3o<\/td>\n<td width=\"281\">Comprimento da lan\u00e7a<\/td>\n<td width=\"56\">mm<\/td>\n<td colspan=\"2\" width=\"123\">6000<\/td>\n<\/tr>\n<tr>\n<td width=\"281\">Comprimento do bra\u00e7o<\/td>\n<td width=\"56\">mm<\/td>\n<td colspan=\"2\" width=\"123\">2964<\/td>\n<\/tr>\n<tr>\n<td width=\"281\">Capacidade do balde<\/td>\n<td width=\"56\">m\u00b3<\/td>\n<td colspan=\"2\" width=\"123\">1.4(\u52a0\u5f3a\u6597)<\/td>\n<\/tr>\n<tr>\n<td colspan=\"2\" rowspan=\"3\" width=\"98\">Opcional<\/td>\n<td width=\"281\">Comprimento da lan\u00e7a<\/td>\n<td width=\"56\">mm<\/td>\n<td colspan=\"2\" width=\"123\">\/<\/td>\n<\/tr>\n<tr>\n<td width=\"281\">Comprimento do bra\u00e7o<\/td>\n<td width=\"56\">mm<\/td>\n<td colspan=\"2\" width=\"123\">2500<\/td>\n<\/tr>\n<tr>\n<td width=\"281\">Capacidade do balde<\/td>\n<td width=\"56\">m\u00b3<\/td>\n<td colspan=\"2\" width=\"123\">1.2\uff5e1.6(\u571f\u65b9\u6597)<\/p>\n<p>1.1\uff5e1.5(\u52a0\u5f3a\u6597)<\/p>\n<p>1.1\uff5e1.3(\u5ca9\u77f3\u6597)<\/td>\n<\/tr>\n<\/tbody>\n<\/table>\n<p>&nbsp;<\/p>\n<p><strong><b>XE270GK <\/b><\/strong><strong><b>Escavadora de lagartas<\/b><\/strong><strong><b>\u00a0Listas de pe\u00e7as principais<\/b><\/strong><\/p>\n<table>\n<tbody>\n<tr>\n<td width=\"54\"><strong>N\u00e3o.<\/strong><\/td>\n<td width=\"267\"><strong>Nome da pe\u00e7a<\/strong><\/td>\n<td width=\"150\"><strong>Fabricante<\/strong><\/td>\n<td width=\"96\"><strong>Observa\u00e7\u00f5es<\/strong><\/td>\n<\/tr>\n<tr>\n<td width=\"54\">1<\/td>\n<td width=\"267\">Motor<\/td>\n<td width=\"150\">\u00a0Guangxi Cummins<\/td>\n<td width=\"96\"><\/td>\n<\/tr>\n<tr>\n<td width=\"54\">2<\/td>\n<td width=\"267\">Bomba principal<\/td>\n<td width=\"150\">Jap\u00e3o Kawasaki<\/td>\n<td width=\"96\"><\/td>\n<\/tr>\n<tr>\n<td width=\"54\">3<\/td>\n<td width=\"267\">V\u00e1lvula principal<\/td>\n<td width=\"150\">Jap\u00e3o Kawasaki<\/td>\n<td width=\"96\"><\/td>\n<\/tr>\n<tr>\n<td width=\"54\">4<\/td>\n<td width=\"267\">Motor de lagartas<\/td>\n<td width=\"150\">Coreia Mottrol<\/td>\n<td width=\"96\"><\/td>\n<\/tr>\n<tr>\n<td width=\"54\">5<\/td>\n<td width=\"267\">Motor de balan\u00e7o<\/td>\n<td width=\"150\">Jap\u00e3o Kawasaki<\/td>\n<td width=\"96\"><\/td>\n<\/tr>\n<tr>\n<td width=\"54\">6<\/td>\n<td width=\"267\">AC<\/td>\n<td width=\"150\">TAYBO\uff08Shanghai\uff09<\/td>\n<td width=\"96\"><\/td>\n<\/tr>\n<tr>\n<td width=\"54\">7<\/td>\n<td width=\"267\">Roda dentada, polia, rolo de suporte, rolo de lagartas e lagartas<\/td>\n<td width=\"150\">XCMG<\/td>\n<td width=\"96\"><\/td>\n<\/tr>\n<\/tbody>\n<\/table>\n<p><strong><b> <img fetchpriority=\"high\" decoding=\"async\" class=\"alignnone size-medium wp-image-2721\" src=\"https:\/\/www.hcxmachinery.com\/wp-content\/uploads\/2025\/05\/XE270GK-06_WH_800x800px-300x300.jpg\" alt=\"\" width=\"300\" height=\"300\" title=\"\" srcset=\"https:\/\/www.hcxmachinery.com\/wp-content\/uploads\/2025\/05\/XE270GK-06_WH_800x800px-300x300.jpg 300w, https:\/\/www.hcxmachinery.com\/wp-content\/uploads\/2025\/05\/XE270GK-06_WH_800x800px-150x150.jpg 150w, https:\/\/www.hcxmachinery.com\/wp-content\/uploads\/2025\/05\/XE270GK-06_WH_800x800px-768x768.jpg 768w, https:\/\/www.hcxmachinery.com\/wp-content\/uploads\/2025\/05\/XE270GK-06_WH_800x800px-600x600.jpg 600w, https:\/\/www.hcxmachinery.com\/wp-content\/uploads\/2025\/05\/XE270GK-06_WH_800x800px-100x100.jpg 100w, https:\/\/www.hcxmachinery.com\/wp-content\/uploads\/2025\/05\/XE270GK-06_WH_800x800px.jpg 800w\" sizes=\"(max-width: 300px) 100vw, 300px\" \/> <img decoding=\"async\" class=\"alignnone size-medium wp-image-2720\" src=\"https:\/\/www.hcxmachinery.com\/wp-content\/uploads\/2025\/05\/XE270GK-05_WH_800x800px-300x300.jpg\" alt=\"\" width=\"300\" height=\"300\" title=\"\" srcset=\"https:\/\/www.hcxmachinery.com\/wp-content\/uploads\/2025\/05\/XE270GK-05_WH_800x800px-300x300.jpg 300w, https:\/\/www.hcxmachinery.com\/wp-content\/uploads\/2025\/05\/XE270GK-05_WH_800x800px-150x150.jpg 150w, https:\/\/www.hcxmachinery.com\/wp-content\/uploads\/2025\/05\/XE270GK-05_WH_800x800px-768x768.jpg 768w, https:\/\/www.hcxmachinery.com\/wp-content\/uploads\/2025\/05\/XE270GK-05_WH_800x800px-600x600.jpg 600w, https:\/\/www.hcxmachinery.com\/wp-content\/uploads\/2025\/05\/XE270GK-05_WH_800x800px-100x100.jpg 100w, https:\/\/www.hcxmachinery.com\/wp-content\/uploads\/2025\/05\/XE270GK-05_WH_800x800px.jpg 800w\" sizes=\"(max-width: 300px) 100vw, 300px\" \/> <img decoding=\"async\" class=\"alignnone size-medium wp-image-2719\" src=\"https:\/\/www.hcxmachinery.com\/wp-content\/uploads\/2025\/05\/XE270GK-04_WH_800x800px-300x300.jpg\" alt=\"\" width=\"300\" height=\"300\" title=\"\" srcset=\"https:\/\/www.hcxmachinery.com\/wp-content\/uploads\/2025\/05\/XE270GK-04_WH_800x800px-300x300.jpg 300w, https:\/\/www.hcxmachinery.com\/wp-content\/uploads\/2025\/05\/XE270GK-04_WH_800x800px-150x150.jpg 150w, https:\/\/www.hcxmachinery.com\/wp-content\/uploads\/2025\/05\/XE270GK-04_WH_800x800px-768x768.jpg 768w, https:\/\/www.hcxmachinery.com\/wp-content\/uploads\/2025\/05\/XE270GK-04_WH_800x800px-600x600.jpg 600w, https:\/\/www.hcxmachinery.com\/wp-content\/uploads\/2025\/05\/XE270GK-04_WH_800x800px-100x100.jpg 100w, https:\/\/www.hcxmachinery.com\/wp-content\/uploads\/2025\/05\/XE270GK-04_WH_800x800px.jpg 800w\" sizes=\"(max-width: 300px) 100vw, 300px\" \/> <img loading=\"lazy\" decoding=\"async\" class=\"alignnone size-medium wp-image-2718\" src=\"https:\/\/www.hcxmachinery.com\/wp-content\/uploads\/2025\/05\/XE270GK-03_WH_800x800px-300x300.jpg\" alt=\"\" width=\"300\" height=\"300\" title=\"\" srcset=\"https:\/\/www.hcxmachinery.com\/wp-content\/uploads\/2025\/05\/XE270GK-03_WH_800x800px-300x300.jpg 300w, https:\/\/www.hcxmachinery.com\/wp-content\/uploads\/2025\/05\/XE270GK-03_WH_800x800px-150x150.jpg 150w, https:\/\/www.hcxmachinery.com\/wp-content\/uploads\/2025\/05\/XE270GK-03_WH_800x800px-768x768.jpg 768w, https:\/\/www.hcxmachinery.com\/wp-content\/uploads\/2025\/05\/XE270GK-03_WH_800x800px-600x600.jpg 600w, https:\/\/www.hcxmachinery.com\/wp-content\/uploads\/2025\/05\/XE270GK-03_WH_800x800px-100x100.jpg 100w, https:\/\/www.hcxmachinery.com\/wp-content\/uploads\/2025\/05\/XE270GK-03_WH_800x800px.jpg 800w\" sizes=\"(max-width: 300px) 100vw, 300px\" \/> <img loading=\"lazy\" decoding=\"async\" class=\"alignnone size-medium wp-image-2717\" src=\"https:\/\/www.hcxmachinery.com\/wp-content\/uploads\/2025\/05\/XE270GK-02_WH_800x800px-300x300.jpg\" alt=\"\" width=\"300\" height=\"300\" title=\"\" srcset=\"https:\/\/www.hcxmachinery.com\/wp-content\/uploads\/2025\/05\/XE270GK-02_WH_800x800px-300x300.jpg 300w, https:\/\/www.hcxmachinery.com\/wp-content\/uploads\/2025\/05\/XE270GK-02_WH_800x800px-150x150.jpg 150w, https:\/\/www.hcxmachinery.com\/wp-content\/uploads\/2025\/05\/XE270GK-02_WH_800x800px-768x768.jpg 768w, https:\/\/www.hcxmachinery.com\/wp-content\/uploads\/2025\/05\/XE270GK-02_WH_800x800px-600x600.jpg 600w, https:\/\/www.hcxmachinery.com\/wp-content\/uploads\/2025\/05\/XE270GK-02_WH_800x800px-100x100.jpg 100w, https:\/\/www.hcxmachinery.com\/wp-content\/uploads\/2025\/05\/XE270GK-02_WH_800x800px.jpg 800w\" sizes=\"(max-width: 300px) 100vw, 300px\" \/> <img loading=\"lazy\" decoding=\"async\" class=\"alignnone size-medium wp-image-2716\" src=\"https:\/\/www.hcxmachinery.com\/wp-content\/uploads\/2025\/05\/XE270GK-01_WH_800x800px-300x300.jpg\" alt=\"\" width=\"300\" height=\"300\" title=\"\" srcset=\"https:\/\/www.hcxmachinery.com\/wp-content\/uploads\/2025\/05\/XE270GK-01_WH_800x800px-300x300.jpg 300w, https:\/\/www.hcxmachinery.com\/wp-content\/uploads\/2025\/05\/XE270GK-01_WH_800x800px-150x150.jpg 150w, https:\/\/www.hcxmachinery.com\/wp-content\/uploads\/2025\/05\/XE270GK-01_WH_800x800px-768x768.jpg 768w, https:\/\/www.hcxmachinery.com\/wp-content\/uploads\/2025\/05\/XE270GK-01_WH_800x800px-600x600.jpg 600w, https:\/\/www.hcxmachinery.com\/wp-content\/uploads\/2025\/05\/XE270GK-01_WH_800x800px-100x100.jpg 100w, https:\/\/www.hcxmachinery.com\/wp-content\/uploads\/2025\/05\/XE270GK-01_WH_800x800px.jpg 800w\" sizes=\"(max-width: 300px) 100vw, 300px\" \/><\/b><\/strong><\/p>","protected":false},"excerpt":{"rendered":"<div class=\"auto-hide-last-sibling-br paragraph-qzbcQC paragraph-element br-paragraph-space\">The 27T-class XE270GK from XCMG packs a punch. Its custom B7 engine boosts torque by 15% and, with PIC tech, cuts engine response time by 90%. An electro-controlled hydraulic system ensures efficiency.<\/div>\n<p>&nbsp;<\/p>\n<div class=\"auto-hide-last-sibling-br paragraph-qzbcQC paragraph-element br-paragraph-space\">Built tough to handle heavy-duty tasks, it has a 1.4m\u00b3 reinforced bucket. The cab offers safety, comfort, and easy operation with its touch screen. Ideal for muck, construction, mining, and more.<\/div>","protected":false},"featured_media":1916,"template":"","meta":{"_acf_changed":false,"site-sidebar-layout":"default","site-content-layout":"","ast-site-content-layout":"default","site-content-style":"default","site-sidebar-style":"default","ast-global-header-display":"","ast-banner-title-visibility":"","ast-main-header-display":"","ast-hfb-above-header-display":"","ast-hfb-below-header-display":"","ast-hfb-mobile-header-display":"","site-post-title":"","ast-breadcrumbs-content":"","ast-featured-img":"","footer-sml-layout":"","theme-transparent-header-meta":"default","adv-header-id-meta":"","stick-header-meta":"default","header-above-stick-meta":"","header-main-stick-meta":"","header-below-stick-meta":"","astra-migrate-meta-layouts":"set","ast-page-background-enabled":"default","ast-page-background-meta":{"desktop":{"background-color":"var(--ast-global-color-4)","background-image":"","background-repeat":"repeat","background-position":"center center","background-size":"auto","background-attachment":"scroll","background-type":"","background-media":"","overlay-type":"","overlay-color":"","overlay-opacity":"","overlay-gradient":""},"tablet":{"background-color":"","background-image":"","background-repeat":"repeat","background-position":"center center","background-size":"auto","background-attachment":"scroll","background-type":"","background-media":"","overlay-type":"","overlay-color":"","overlay-opacity":"","overlay-gradient":""},"mobile":{"background-color":"","background-image":"","background-repeat":"repeat","background-position":"center center","background-size":"auto","background-attachment":"scroll","background-type":"","background-media":"","overlay-type":"","overlay-color":"","overlay-opacity":"","overlay-gradient":""}},"ast-content-background-meta":{"desktop":{"background-color":"var(--ast-global-color-5)","background-image":"","background-repeat":"repeat","background-position":"center center","background-size":"auto","background-attachment":"scroll","background-type":"","background-media":"","overlay-type":"","overlay-color":"","overlay-opacity":"","overlay-gradient":""},"tablet":{"background-color":"var(--ast-global-color-5)","background-image":"","background-repeat":"repeat","background-position":"center center","background-size":"auto","background-attachment":"scroll","background-type":"","background-media":"","overlay-type":"","overlay-color":"","overlay-opacity":"","overlay-gradient":""},"mobile":{"background-color":"var(--ast-global-color-5)","background-image":"","background-repeat":"repeat","background-position":"center center","background-size":"auto","background-attachment":"scroll","background-type":"","background-media":"","overlay-type":"","overlay-color":"","overlay-opacity":"","overlay-gradient":""}}},"product_cat":[19,36],"product_tag":[],"class_list":{"0":"post-2715","1":"product","2":"type-product","3":"status-publish","4":"has-post-thumbnail","6":"product_cat-excavator","7":"product_cat-medium-excavator","8":"desktop-align-left","9":"tablet-align-left","10":"mobile-align-left","11":"ast-product-gallery-layout-horizontal-slider","12":"ast-magnify-disabled","13":"ast-product-tabs-layout-horizontal","15":"first","16":"instock","17":"shipping-taxable","18":"product-type-simple"},"acf":[],"_links":{"self":[{"href":"https:\/\/www.hcxmachinery.com\/pt\/wp-json\/wp\/v2\/product\/2715"}],"collection":[{"href":"https:\/\/www.hcxmachinery.com\/pt\/wp-json\/wp\/v2\/product"}],"about":[{"href":"https:\/\/www.hcxmachinery.com\/pt\/wp-json\/wp\/v2\/types\/product"}],"version-history":[{"count":10,"href":"https:\/\/www.hcxmachinery.com\/pt\/wp-json\/wp\/v2\/product\/2715\/revisions"}],"predecessor-version":[{"id":3452,"href":"https:\/\/www.hcxmachinery.com\/pt\/wp-json\/wp\/v2\/product\/2715\/revisions\/3452"}],"wp:featuredmedia":[{"embeddable":true,"href":"https:\/\/www.hcxmachinery.com\/pt\/wp-json\/wp\/v2\/media\/1916"}],"wp:attachment":[{"href":"https:\/\/www.hcxmachinery.com\/pt\/wp-json\/wp\/v2\/media?parent=2715"}],"wp:term":[{"taxonomy":"product_cat","embeddable":true,"href":"https:\/\/www.hcxmachinery.com\/pt\/wp-json\/wp\/v2\/product_cat?post=2715"},{"taxonomy":"product_tag","embeddable":true,"href":"https:\/\/www.hcxmachinery.com\/pt\/wp-json\/wp\/v2\/product_tag?post=2715"}],"curies":[{"name":"wp","href":"https:\/\/api.w.org\/{rel}","templated":true}]}}