{"id":2635,"date":"2025-04-28T03:25:11","date_gmt":"2025-04-28T03:25:11","guid":{"rendered":"https:\/\/www.hcxmachinery.com\/?post_type=product&#038;p=2635"},"modified":"2025-12-30T03:05:10","modified_gmt":"2025-12-30T03:05:10","slug":"escavadora-xe155ga-usada-de-boa-qualidade-para-venda","status":"publish","type":"product","link":"https:\/\/www.hcxmachinery.com\/pt\/produto\/escavadora-xe155ga-usada-de-boa-qualidade-para-venda\/","title":{"rendered":"Escavadora XE155GA usada de boa qualidade para venda"},"content":{"rendered":"<h1>XE155GA<\/h1>\n<p>A escavadora hidr\u00e1ulica est\u00e1 equipada com um motor de bin\u00e1rio elevado de baixa velocidade com elevada efici\u00eancia e baixo consumo de combust\u00edvel. A grande estrutura inferior e o amortecedor piloto s\u00e3o mais est\u00e1veis e confort\u00e1veis de operar; as pe\u00e7as de manuten\u00e7\u00e3o s\u00e3o movidas para fora, o per\u00edodo de manuten\u00e7\u00e3o \u00e9 prolongado, a manuten\u00e7\u00e3o \u00e9 mais conveniente; uma variedade de acess\u00f3rios opcionais, bem como fun\u00e7\u00f5es de controlo adaptativo de altitude, a adaptabilidade do ambiente \u00e9 melhor. Pode ser amplamente utilizado em pequenas e m\u00e9dias obras de terra e pedra, constru\u00e7\u00e3o de estradas e pontes, abertura de valas e constru\u00e7\u00e3o, conserva\u00e7\u00e3o de \u00e1gua em terras agr\u00edcolas, dragagem de rios e constru\u00e7\u00e3o municipal. Tamb\u00e9m pode realizar diferentes opera\u00e7\u00f5es, como escava\u00e7\u00e3o, tritura\u00e7\u00e3o e desmontagem, e \u00e9 altamente adapt\u00e1vel \u00e0s condi\u00e7\u00f5es de trabalho.<\/p>\n<h1>PAR\u00c2METROS<\/h1>\n<table>\n<tbody>\n<tr>\n<td colspan=\"2\" width=\"69.3600%\">Modelo<\/td>\n<td width=\"10.2000%\">Unidade<\/td>\n<td width=\"20.4200%\"><strong><b>XE155GA<\/b><\/strong><\/td>\n<\/tr>\n<tr>\n<td colspan=\"2\" width=\"69.3600%\">\u00a0Peso operacional<\/td>\n<td width=\"10.2000%\">Kg<\/td>\n<td width=\"20.4200%\">14600<\/td>\n<\/tr>\n<tr>\n<td colspan=\"2\" width=\"69.3600%\">Capacidade do balde<\/td>\n<td width=\"10.2000%\">m\u00b3<\/td>\n<td width=\"20.4200%\">0.32\uff5e0.72<\/td>\n<\/tr>\n<tr>\n<td rowspan=\"10\" width=\"14.9800%\">\u00a0Motor<\/td>\n<td width=\"54.3800%\">Modelo<\/td>\n<td width=\"10.2000%\">\/<\/td>\n<td width=\"20.4200%\">F4.5CS4129<\/td>\n<\/tr>\n<tr>\n<td width=\"54.3800%\">Inje\u00e7\u00e3o direta<\/td>\n<td width=\"10.2000%\">\/<\/td>\n<td width=\"20.4200%\">\u221a<\/td>\n<\/tr>\n<tr>\n<td width=\"54.3800%\">Quatro tempos<\/td>\n<td width=\"10.2000%\">\/<\/td>\n<td width=\"20.4200%\">\u221a<\/td>\n<\/tr>\n<tr>\n<td width=\"54.3800%\">\u00a0Refrigerado a \u00e1gua<\/td>\n<td width=\"10.2000%\">\/<\/td>\n<td width=\"20.4200%\">\u221a<\/td>\n<\/tr>\n<tr>\n<td width=\"54.3800%\">Turbocompressor<\/td>\n<td width=\"10.2000%\">\/<\/td>\n<td width=\"20.4200%\">\u221a<\/td>\n<\/tr>\n<tr>\n<td width=\"54.3800%\">Intercooler ar-ar<\/td>\n<td width=\"10.2000%\">\/<\/td>\n<td width=\"20.4200%\">\u221a<\/td>\n<\/tr>\n<tr>\n<td width=\"54.3800%\">\u00a0N\u00famero de cilindros<\/td>\n<td width=\"10.2000%\">\/<\/td>\n<td width=\"20.4200%\">4<\/td>\n<\/tr>\n<tr>\n<td width=\"54.3800%\">\u00a0Pot\u00eancia\/velocidade nominal\uff08ISO\uff09<\/td>\n<td width=\"10.2000%\">kw\/rpm<\/td>\n<td width=\"20.4200%\">96\/2200<\/td>\n<\/tr>\n<tr>\n<td width=\"54.3800%\">\u00a0Bin\u00e1rio\/velocidade m\u00e1xima<\/td>\n<td width=\"10.2000%\">N.m<\/td>\n<td width=\"20.4200%\">570\/1300<\/td>\n<\/tr>\n<tr>\n<td width=\"54.3800%\">\u00a0Deslocamento do pist\u00e3o<\/td>\n<td width=\"10.2000%\">L<\/td>\n<td width=\"20.4200%\">4.5<\/td>\n<\/tr>\n<tr>\n<td rowspan=\"7\" width=\"14.9800%\">Desempenho principal<\/td>\n<td width=\"54.3800%\">\u00a0Velocidade de desloca\u00e7\u00e3o\uff08H\/L)<\/td>\n<td width=\"10.2000%\">km\/h<\/td>\n<td width=\"20.4200%\">5.3\/3.0<\/td>\n<\/tr>\n<tr>\n<td width=\"54.3800%\">\u00a0Velocidade de oscila\u00e7\u00e3o<\/td>\n<td width=\"10.2000%\">r\/min<\/td>\n<td width=\"20.4200%\">11<\/td>\n<\/tr>\n<tr>\n<td width=\"54.3800%\">Capacidade de classifica\u00e7\u00e3o<\/td>\n<td width=\"10.2000%\">\u00b0<\/td>\n<td width=\"20.4200%\">\u226435<\/td>\n<\/tr>\n<tr>\n<td width=\"54.3800%\">Press\u00e3o no solo<\/td>\n<td width=\"10.2000%\">kPa<\/td>\n<td width=\"20.4200%\">37<\/td>\n<\/tr>\n<tr>\n<td width=\"54.3800%\">For\u00e7a de escava\u00e7\u00e3o do balde<\/td>\n<td width=\"10.2000%\">kN<\/td>\n<td width=\"20.4200%\">107<\/td>\n<\/tr>\n<tr>\n<td width=\"54.3800%\">For\u00e7a de escava\u00e7\u00e3o do bra\u00e7o<\/td>\n<td width=\"10.2000%\">kN<\/td>\n<td width=\"20.4200%\">80<\/td>\n<\/tr>\n<tr>\n<td width=\"54.3800%\">\u00a0For\u00e7a de tra\u00e7\u00e3o m\u00e1xima<\/td>\n<td width=\"10.2000%\">kN<\/td>\n<td width=\"20.4200%\">134<\/td>\n<\/tr>\n<tr>\n<td rowspan=\"6\" width=\"14.9800%\">Sistema hidr\u00e1ulico<\/td>\n<td width=\"54.3800%\">Bomba principal<\/td>\n<td width=\"10.2000%\">\/<\/td>\n<td width=\"20.4200%\">Bomba 2\u00d7Vari\u00e1vel<\/td>\n<\/tr>\n<tr>\n<td width=\"54.3800%\">Caudal nominal da bomba principal<\/td>\n<td width=\"10.2000%\">L\/min<\/td>\n<td width=\"20.4200%\">2\u00d7129<\/td>\n<\/tr>\n<tr>\n<td width=\"54.3800%\">Press\u00e3o de regula\u00e7\u00e3o da v\u00e1lvula de al\u00edvio<\/td>\n<td width=\"10.2000%\">MPa<\/td>\n<td width=\"20.4200%\">34.3\/37<\/td>\n<\/tr>\n<tr>\n<td width=\"54.3800%\">Press\u00e3o do sistema de desloca\u00e7\u00e3o<\/td>\n<td width=\"10.2000%\">MPa<\/td>\n<td width=\"20.4200%\">34.4<\/td>\n<\/tr>\n<tr>\n<td width=\"54.3800%\">Press\u00e3o do sistema de oscila\u00e7\u00e3o<\/td>\n<td width=\"10.2000%\">MPa<\/td>\n<td width=\"20.4200%\">25<\/td>\n<\/tr>\n<tr>\n<td width=\"54.3800%\">Press\u00e3o do sistema piloto<\/td>\n<td width=\"10.2000%\">MPa<\/td>\n<td width=\"20.4200%\">3.9<\/td>\n<\/tr>\n<tr>\n<td rowspan=\"3\" width=\"14.9800%\">Capacidade de \u00f3leo<\/td>\n<td width=\"54.3800%\">Capacidade do dep\u00f3sito de combust\u00edvel<\/td>\n<td width=\"10.2000%\">L<\/td>\n<td width=\"20.4200%\">240<\/td>\n<\/tr>\n<tr>\n<td width=\"54.3800%\">Capacidade do dep\u00f3sito hidr\u00e1ulico<\/td>\n<td width=\"10.2000%\">L<\/td>\n<td width=\"20.4200%\">95<\/td>\n<\/tr>\n<tr>\n<td width=\"54.3800%\">Capacidade do \u00f3leo do motor<\/td>\n<td width=\"10.2000%\">L<\/td>\n<td width=\"20.4200%\">11<\/td>\n<\/tr>\n<tr>\n<td rowspan=\"13\" width=\"14.9800%\">Tamanho da apar\u00eancia<\/td>\n<td width=\"54.3800%\">Comprimento total<\/td>\n<td width=\"10.2000%\">mm<\/td>\n<td width=\"20.4200%\">7825<\/td>\n<\/tr>\n<tr>\n<td width=\"54.3800%\">Largura total<\/td>\n<td width=\"10.2000%\">mm<\/td>\n<td width=\"20.4200%\">2590<\/td>\n<\/tr>\n<tr>\n<td width=\"54.3800%\">\u00a0Altura total<\/td>\n<td width=\"10.2000%\">mm<\/td>\n<td width=\"20.4200%\">2950<\/td>\n<\/tr>\n<tr>\n<td width=\"54.3800%\">\u00a0Largura da plataforma<\/td>\n<td width=\"10.2000%\">mm<\/td>\n<td width=\"20.4200%\">2490<\/td>\n<\/tr>\n<tr>\n<td width=\"54.3800%\">Comprimento da via<\/td>\n<td width=\"10.2000%\">mm<\/td>\n<td width=\"20.4200%\">3648<\/td>\n<\/tr>\n<tr>\n<td width=\"54.3800%\">Largura total do material rodante<\/td>\n<td width=\"10.2000%\">mm<\/td>\n<td width=\"20.4200%\">2490<\/td>\n<\/tr>\n<tr>\n<td width=\"54.3800%\">Largura do sapato de rasto<\/td>\n<td width=\"10.2000%\">mm<\/td>\n<td width=\"20.4200%\">600<\/td>\n<\/tr>\n<tr>\n<td width=\"54.3800%\">Dist\u00e2ncia do copo<\/td>\n<td width=\"10.2000%\">mm<\/td>\n<td width=\"20.4200%\">2918<\/td>\n<\/tr>\n<tr>\n<td width=\"54.3800%\">Bitola da via<\/td>\n<td width=\"10.2000%\">mm<\/td>\n<td width=\"20.4200%\">1990<\/td>\n<\/tr>\n<tr>\n<td width=\"54.3800%\">\u00a0Folga do contrapeso<\/td>\n<td width=\"10.2000%\">mm<\/td>\n<td width=\"20.4200%\">931<\/td>\n<\/tr>\n<tr>\n<td width=\"54.3800%\">Dist\u00e2ncia m\u00ednima ao solo<\/td>\n<td width=\"10.2000%\">mm<\/td>\n<td width=\"20.4200%\">466<\/td>\n<\/tr>\n<tr>\n<td width=\"54.3800%\">Raio m\u00ednimo de rota\u00e7\u00e3o da cauda<\/td>\n<td width=\"10.2000%\">mm<\/td>\n<td width=\"20.4200%\">2360<\/td>\n<\/tr>\n<tr>\n<td width=\"54.3800%\">Altura da via<\/td>\n<td width=\"10.2000%\">mm<\/td>\n<td width=\"20.4200%\">802<\/td>\n<\/tr>\n<tr>\n<td rowspan=\"7\" width=\"14.9800%\">\u00c2mbito de aplica\u00e7\u00e3o<\/td>\n<td width=\"54.3800%\">Altura m\u00e1xima de escava\u00e7\u00e3o<\/td>\n<td width=\"10.2000%\">mm<\/td>\n<td width=\"20.4200%\">8620<\/td>\n<\/tr>\n<tr>\n<td width=\"54.3800%\">Altura m\u00e1xima de despejo<\/td>\n<td width=\"10.2000%\">mm<\/td>\n<td width=\"20.4200%\">6175<\/td>\n<\/tr>\n<tr>\n<td width=\"54.3800%\">Profundidade m\u00e1xima de escava\u00e7\u00e3o<\/td>\n<td width=\"10.2000%\">mm<\/td>\n<td width=\"20.4200%\">5545<\/td>\n<\/tr>\n<tr>\n<td width=\"54.3800%\">Profundidade m\u00e1xima de corte para um fundo nivelado de 8 p\u00e9s<\/td>\n<td width=\"10.2000%\">mm<\/td>\n<td width=\"20.4200%\">5335<\/td>\n<\/tr>\n<tr>\n<td width=\"54.3800%\">Profundidade m\u00e1xima de escava\u00e7\u00e3o vertical<\/td>\n<td width=\"10.2000%\">mm<\/td>\n<td width=\"20.4200%\">4575<\/td>\n<\/tr>\n<tr>\n<td width=\"54.3800%\">Raio m\u00e1ximo de escava\u00e7\u00e3o<\/td>\n<td width=\"10.2000%\">mm<\/td>\n<td width=\"20.4200%\">8295<\/td>\n<\/tr>\n<tr>\n<td width=\"54.3800%\">Raio m\u00ednimo de oscila\u00e7\u00e3o<\/td>\n<td width=\"10.2000%\">mm<\/td>\n<td width=\"20.4200%\">2445<\/td>\n<\/tr>\n<tr>\n<td rowspan=\"3\" width=\"14.9800%\">Padr\u00e3o<\/td>\n<td width=\"54.3800%\">Comprimento da lan\u00e7a<\/td>\n<td width=\"10.2000%\">mm<\/td>\n<td width=\"20.4200%\">4600<\/td>\n<\/tr>\n<tr>\n<td width=\"54.3800%\">Comprimento do bra\u00e7o<\/td>\n<td width=\"10.2000%\">mm<\/td>\n<td width=\"20.4200%\">2520<\/td>\n<\/tr>\n<tr>\n<td width=\"54.3800%\">Capacidade do balde<\/td>\n<td width=\"10.2000%\">m\u00b3<\/td>\n<td width=\"20.4200%\">0,65(Refor\u00e7ar o balde)<\/td>\n<\/tr>\n<tr>\n<td rowspan=\"3\" width=\"14.9800%\">Opcional<\/td>\n<td width=\"54.3800%\">Comprimento da lan\u00e7a<\/td>\n<td width=\"10.2000%\">mm<\/td>\n<td width=\"20.4200%\">&#8211;<\/td>\n<\/tr>\n<tr>\n<td width=\"54.3800%\">Comprimento do bra\u00e7o<\/td>\n<td width=\"10.2000%\">mm<\/td>\n<td width=\"20.4200%\">2100\/3010<\/td>\n<\/tr>\n<tr>\n<td width=\"54.3800%\">Capacidade do balde<\/td>\n<td width=\"10.2000%\">m\u00b3<\/td>\n<td width=\"20.4200%\">0.32\/0.4\/0.61\/0.72(Earthwork bucket)<\/p>\n<p>0.52\uff08balde de pedra\uff09<\/td>\n<\/tr>\n<\/tbody>\n<\/table>\n<p><img fetchpriority=\"high\" decoding=\"async\" class=\"alignnone size-medium wp-image-2666\" src=\"https:\/\/www.hcxmachinery.com\/wp-content\/uploads\/2025\/04\/XE155GA-01_WH_800x800px-300x300.jpg\" alt=\"\" width=\"300\" height=\"300\" title=\"\" srcset=\"https:\/\/www.hcxmachinery.com\/wp-content\/uploads\/2025\/04\/XE155GA-01_WH_800x800px-300x300.jpg 300w, https:\/\/www.hcxmachinery.com\/wp-content\/uploads\/2025\/04\/XE155GA-01_WH_800x800px-150x150.jpg 150w, https:\/\/www.hcxmachinery.com\/wp-content\/uploads\/2025\/04\/XE155GA-01_WH_800x800px-768x768.jpg 768w, https:\/\/www.hcxmachinery.com\/wp-content\/uploads\/2025\/04\/XE155GA-01_WH_800x800px-600x600.jpg 600w, https:\/\/www.hcxmachinery.com\/wp-content\/uploads\/2025\/04\/XE155GA-01_WH_800x800px-100x100.jpg 100w, https:\/\/www.hcxmachinery.com\/wp-content\/uploads\/2025\/04\/XE155GA-01_WH_800x800px.jpg 800w\" sizes=\"(max-width: 300px) 100vw, 300px\" \/> <img decoding=\"async\" class=\"alignnone size-medium wp-image-2667\" src=\"https:\/\/www.hcxmachinery.com\/wp-content\/uploads\/2025\/04\/XE155GA-02_WH_800x800px-300x300.jpg\" alt=\"\" width=\"300\" height=\"300\" title=\"\" srcset=\"https:\/\/www.hcxmachinery.com\/wp-content\/uploads\/2025\/04\/XE155GA-02_WH_800x800px-300x300.jpg 300w, https:\/\/www.hcxmachinery.com\/wp-content\/uploads\/2025\/04\/XE155GA-02_WH_800x800px-150x150.jpg 150w, https:\/\/www.hcxmachinery.com\/wp-content\/uploads\/2025\/04\/XE155GA-02_WH_800x800px-768x768.jpg 768w, https:\/\/www.hcxmachinery.com\/wp-content\/uploads\/2025\/04\/XE155GA-02_WH_800x800px-600x600.jpg 600w, https:\/\/www.hcxmachinery.com\/wp-content\/uploads\/2025\/04\/XE155GA-02_WH_800x800px-100x100.jpg 100w, https:\/\/www.hcxmachinery.com\/wp-content\/uploads\/2025\/04\/XE155GA-02_WH_800x800px.jpg 800w\" sizes=\"(max-width: 300px) 100vw, 300px\" \/> <img decoding=\"async\" class=\"alignnone size-medium wp-image-2668\" src=\"https:\/\/www.hcxmachinery.com\/wp-content\/uploads\/2025\/04\/XE155GA-03_WH_800x800px-300x300.jpg\" alt=\"\" width=\"300\" height=\"300\" title=\"\" srcset=\"https:\/\/www.hcxmachinery.com\/wp-content\/uploads\/2025\/04\/XE155GA-03_WH_800x800px-300x300.jpg 300w, https:\/\/www.hcxmachinery.com\/wp-content\/uploads\/2025\/04\/XE155GA-03_WH_800x800px-150x150.jpg 150w, https:\/\/www.hcxmachinery.com\/wp-content\/uploads\/2025\/04\/XE155GA-03_WH_800x800px-768x768.jpg 768w, https:\/\/www.hcxmachinery.com\/wp-content\/uploads\/2025\/04\/XE155GA-03_WH_800x800px-600x600.jpg 600w, https:\/\/www.hcxmachinery.com\/wp-content\/uploads\/2025\/04\/XE155GA-03_WH_800x800px-100x100.jpg 100w, https:\/\/www.hcxmachinery.com\/wp-content\/uploads\/2025\/04\/XE155GA-03_WH_800x800px.jpg 800w\" sizes=\"(max-width: 300px) 100vw, 300px\" \/> <img loading=\"lazy\" decoding=\"async\" class=\"alignnone size-medium wp-image-2669\" src=\"https:\/\/www.hcxmachinery.com\/wp-content\/uploads\/2025\/04\/XE155GA-04_WH_800x800px-300x300.jpg\" alt=\"\" width=\"300\" height=\"300\" title=\"\" srcset=\"https:\/\/www.hcxmachinery.com\/wp-content\/uploads\/2025\/04\/XE155GA-04_WH_800x800px-300x300.jpg 300w, https:\/\/www.hcxmachinery.com\/wp-content\/uploads\/2025\/04\/XE155GA-04_WH_800x800px-150x150.jpg 150w, https:\/\/www.hcxmachinery.com\/wp-content\/uploads\/2025\/04\/XE155GA-04_WH_800x800px-768x768.jpg 768w, https:\/\/www.hcxmachinery.com\/wp-content\/uploads\/2025\/04\/XE155GA-04_WH_800x800px-600x600.jpg 600w, https:\/\/www.hcxmachinery.com\/wp-content\/uploads\/2025\/04\/XE155GA-04_WH_800x800px-100x100.jpg 100w, https:\/\/www.hcxmachinery.com\/wp-content\/uploads\/2025\/04\/XE155GA-04_WH_800x800px.jpg 800w\" sizes=\"(max-width: 300px) 100vw, 300px\" \/><\/p>","protected":false},"excerpt":{"rendered":"<p>XE155GA The hydraulic excavator is equipped with a low-speed high-torque engine with high efficiency and low fuelconsumption. The large undercarrige [&hellip;]<\/p>","protected":false},"featured_media":2636,"template":"","meta":{"_acf_changed":false,"site-sidebar-layout":"default","site-content-layout":"","ast-site-content-layout":"default","site-content-style":"default","site-sidebar-style":"default","ast-global-header-display":"","ast-banner-title-visibility":"","ast-main-header-display":"","ast-hfb-above-header-display":"","ast-hfb-below-header-display":"","ast-hfb-mobile-header-display":"","site-post-title":"","ast-breadcrumbs-content":"","ast-featured-img":"","footer-sml-layout":"","theme-transparent-header-meta":"default","adv-header-id-meta":"","stick-header-meta":"default","header-above-stick-meta":"","header-main-stick-meta":"","header-below-stick-meta":"","astra-migrate-meta-layouts":"set","ast-page-background-enabled":"default","ast-page-background-meta":{"desktop":{"background-color":"var(--ast-global-color-4)","background-image":"","background-repeat":"repeat","background-position":"center center","background-size":"auto","background-attachment":"scroll","background-type":"","background-media":"","overlay-type":"","overlay-color":"","overlay-opacity":"","overlay-gradient":""},"tablet":{"background-color":"","background-image":"","background-repeat":"repeat","background-position":"center center","background-size":"auto","background-attachment":"scroll","background-type":"","background-media":"","overlay-type":"","overlay-color":"","overlay-opacity":"","overlay-gradient":""},"mobile":{"background-color":"","background-image":"","background-repeat":"repeat","background-position":"center center","background-size":"auto","background-attachment":"scroll","background-type":"","background-media":"","overlay-type":"","overlay-color":"","overlay-opacity":"","overlay-gradient":""}},"ast-content-background-meta":{"desktop":{"background-color":"var(--ast-global-color-5)","background-image":"","background-repeat":"repeat","background-position":"center center","background-size":"auto","background-attachment":"scroll","background-type":"","background-media":"","overlay-type":"","overlay-color":"","overlay-opacity":"","overlay-gradient":""},"tablet":{"background-color":"var(--ast-global-color-5)","background-image":"","background-repeat":"repeat","background-position":"center center","background-size":"auto","background-attachment":"scroll","background-type":"","background-media":"","overlay-type":"","overlay-color":"","overlay-opacity":"","overlay-gradient":""},"mobile":{"background-color":"var(--ast-global-color-5)","background-image":"","background-repeat":"repeat","background-position":"center center","background-size":"auto","background-attachment":"scroll","background-type":"","background-media":"","overlay-type":"","overlay-color":"","overlay-opacity":"","overlay-gradient":""}}},"product_cat":[36],"product_tag":[],"class_list":{"0":"post-2635","1":"product","2":"type-product","3":"status-publish","4":"has-post-thumbnail","6":"product_cat-medium-excavator","7":"desktop-align-left","8":"tablet-align-left","9":"mobile-align-left","10":"ast-product-gallery-layout-horizontal-slider","11":"ast-magnify-disabled","12":"ast-product-tabs-layout-horizontal","14":"first","15":"instock","16":"shipping-taxable","17":"product-type-simple"},"acf":[],"_links":{"self":[{"href":"https:\/\/www.hcxmachinery.com\/pt\/wp-json\/wp\/v2\/product\/2635"}],"collection":[{"href":"https:\/\/www.hcxmachinery.com\/pt\/wp-json\/wp\/v2\/product"}],"about":[{"href":"https:\/\/www.hcxmachinery.com\/pt\/wp-json\/wp\/v2\/types\/product"}],"version-history":[{"count":7,"href":"https:\/\/www.hcxmachinery.com\/pt\/wp-json\/wp\/v2\/product\/2635\/revisions"}],"predecessor-version":[{"id":3442,"href":"https:\/\/www.hcxmachinery.com\/pt\/wp-json\/wp\/v2\/product\/2635\/revisions\/3442"}],"wp:featuredmedia":[{"embeddable":true,"href":"https:\/\/www.hcxmachinery.com\/pt\/wp-json\/wp\/v2\/media\/2636"}],"wp:attachment":[{"href":"https:\/\/www.hcxmachinery.com\/pt\/wp-json\/wp\/v2\/media?parent=2635"}],"wp:term":[{"taxonomy":"product_cat","embeddable":true,"href":"https:\/\/www.hcxmachinery.com\/pt\/wp-json\/wp\/v2\/product_cat?post=2635"},{"taxonomy":"product_tag","embeddable":true,"href":"https:\/\/www.hcxmachinery.com\/pt\/wp-json\/wp\/v2\/product_tag?post=2635"}],"curies":[{"name":"wp","href":"https:\/\/api.w.org\/{rel}","templated":true}]}}