{"id":2612,"date":"2025-04-19T06:11:33","date_gmt":"2025-04-19T06:11:33","guid":{"rendered":"https:\/\/www.hcxmachinery.com\/?post_type=product&#038;p=2612"},"modified":"2025-12-30T03:51:48","modified_gmt":"2025-12-30T03:51:48","slug":"escavadora-de-lagartas-xe75g","status":"publish","type":"product","link":"https:\/\/www.hcxmachinery.com\/pt\/produto\/escavadora-de-lagartas-xe75g\/","title":{"rendered":"Escavadeira usada XE75GA de alta qualidade para venda"},"content":{"rendered":"<h2>XE75GA<\/h2>\n<p>A escavadora hidr\u00e1ulica est\u00e1 equipada com um motor turboalimentado Weichai, que tem uma reserva de bin\u00e1rio suficiente a baixa velocidade, pot\u00eancia forte, boa economia de combust\u00edvel, baixo ru\u00eddo e pequenas vibra\u00e7\u00f5es. Emparelhado com uma bomba principal de grande deslocamento controlada eletronicamente, o consumo geral de combust\u00edvel da m\u00e1quina \u00e9 baixo.<\/p>\n<p>Pe\u00e7as opcionais: Podem ser instaladas tubagens opcionais para o martelo demolidor, martelos demolidores, acopladores r\u00e1pidos mec\u00e2nicos, acopladores r\u00e1pidos hidr\u00e1ulicos, cal\u00e7os de borracha para rastos, etc., para alargar o campo de aplica\u00e7\u00e3o da m\u00e1quina.<\/p>\n<h2>PAR\u00c2METROS<\/h2>\n<table>\n<tbody>\n<tr>\n<td colspan=\"3\" width=\"78.0600%\">\u00a0Modelo<\/td>\n<td width=\"8.6400%\">Unidade<\/td>\n<td width=\"13.3000%\">XE75G<\/td>\n<\/tr>\n<tr>\n<td colspan=\"3\" width=\"78.0600%\">\u00a0Peso operacional<\/td>\n<td width=\"8.6400%\">Kg<\/td>\n<td width=\"13.3000%\">7680<\/td>\n<\/tr>\n<tr>\n<td colspan=\"3\" width=\"78.0600%\">Capacidade do balde<\/td>\n<td width=\"8.6400%\">m\u00b3<\/td>\n<td width=\"13.3000%\">0.32<\/td>\n<\/tr>\n<tr>\n<td rowspan=\"10\" width=\"11.3000%\">\u00a0Motor<\/td>\n<td colspan=\"2\" width=\"66.7600%\">Modelo<\/td>\n<td width=\"8.6400%\">\/<\/td>\n<td width=\"13.3000%\">WP3.2<\/td>\n<\/tr>\n<tr>\n<td colspan=\"2\" width=\"66.7600%\">Inje\u00e7\u00e3o direta<\/td>\n<td width=\"8.6400%\">\/<\/td>\n<td width=\"13.3000%\">\u221a<\/td>\n<\/tr>\n<tr>\n<td colspan=\"2\" width=\"66.7600%\">Quatro tempos<\/td>\n<td width=\"8.6400%\">\/<\/td>\n<td width=\"13.3000%\">\u221a<\/td>\n<\/tr>\n<tr>\n<td colspan=\"2\" width=\"66.7600%\">Refrigerado a \u00e1gua<\/td>\n<td width=\"8.6400%\">\/<\/td>\n<td width=\"13.3000%\">\u221a<\/td>\n<\/tr>\n<tr>\n<td colspan=\"2\" width=\"66.7600%\">Turbocompressor<\/td>\n<td width=\"8.6400%\">\/<\/td>\n<td width=\"13.3000%\">\u221a<\/td>\n<\/tr>\n<tr>\n<td colspan=\"2\" width=\"66.7600%\">Intercooler ar-ar<\/td>\n<td width=\"8.6400%\">\/<\/td>\n<td width=\"13.3000%\">\/<\/td>\n<\/tr>\n<tr>\n<td colspan=\"2\" width=\"66.7600%\">\u00a0N\u00famero de cilindros<\/td>\n<td width=\"8.6400%\">\/<\/td>\n<td width=\"13.3000%\">4<\/td>\n<\/tr>\n<tr>\n<td colspan=\"2\" width=\"66.7600%\">\u00a0Pot\u00eancia nominal\/velocidade<\/td>\n<td width=\"8.6400%\">kw\/rpm<\/td>\n<td width=\"13.3000%\">36.8\/2200<\/td>\n<\/tr>\n<tr>\n<td colspan=\"2\" width=\"66.7600%\">Bin\u00e1rio\/velocidade m\u00e1xima<\/td>\n<td width=\"8.6400%\">N.m<\/td>\n<td width=\"13.3000%\">240\/1200-1400<\/td>\n<\/tr>\n<tr>\n<td colspan=\"2\" width=\"66.7600%\">\u00a0Deslocamento do pist\u00e3o<\/td>\n<td width=\"8.6400%\">L<\/td>\n<td width=\"13.3000%\">3.17<\/td>\n<\/tr>\n<tr>\n<td rowspan=\"9\" width=\"11.3000%\">Desempenho principal<\/td>\n<td colspan=\"2\" width=\"66.7600%\">Velocidade de desloca\u00e7\u00e3o\uff08H\/L)<\/td>\n<td width=\"8.6400%\">km\/h<\/td>\n<td width=\"13.3000%\">4.3\/2.5<\/td>\n<\/tr>\n<tr>\n<td colspan=\"2\" width=\"66.7600%\">\u00a0Velocidade de oscila\u00e7\u00e3o<\/td>\n<td width=\"8.6400%\">r\/min<\/td>\n<td width=\"13.3000%\">11<\/td>\n<\/tr>\n<tr>\n<td colspan=\"2\" width=\"66.7600%\">Capacidade de classifica\u00e7\u00e3o<\/td>\n<td width=\"8.6400%\">\u00b0<\/td>\n<td width=\"13.3000%\">\u226435<\/td>\n<\/tr>\n<tr>\n<td colspan=\"2\" width=\"66.7600%\">Press\u00e3o no solo<\/td>\n<td width=\"8.6400%\">kPa<\/td>\n<td width=\"13.3000%\">33.5<\/td>\n<\/tr>\n<tr>\n<td colspan=\"2\" width=\"66.7600%\">For\u00e7a de escava\u00e7\u00e3o do balde<\/td>\n<td width=\"8.6400%\">kN<\/td>\n<td width=\"13.3000%\">57<\/td>\n<\/tr>\n<tr>\n<td colspan=\"2\" width=\"66.7600%\">For\u00e7a de escava\u00e7\u00e3o do bra\u00e7o<\/td>\n<td width=\"8.6400%\">kN<\/td>\n<td width=\"13.3000%\">38<\/td>\n<\/tr>\n<tr>\n<td colspan=\"2\" width=\"66.7600%\">\u00a0For\u00e7a de tra\u00e7\u00e3o m\u00e1xima<\/td>\n<td width=\"8.6400%\">kN<\/td>\n<td width=\"13.3000%\">68.3<\/td>\n<\/tr>\n<tr>\n<td colspan=\"2\" width=\"66.7600%\">Desloca\u00e7\u00e3o da lan\u00e7a\uff08Esquerda\uff09<\/td>\n<td width=\"8.6400%\">\u00b0<\/td>\n<td width=\"13.3000%\">\/<\/td>\n<\/tr>\n<tr>\n<td colspan=\"2\" width=\"66.7600%\">Desloca\u00e7\u00e3o da lan\u00e7a\uff08Direita\uff09<\/td>\n<td width=\"8.6400%\">\u00b0<\/td>\n<td width=\"13.3000%\">\/<\/td>\n<\/tr>\n<tr>\n<td rowspan=\"6\" width=\"11.3000%\">Sistema hidr\u00e1ulico<\/td>\n<td colspan=\"2\" width=\"66.7600%\">Bomba principal<\/td>\n<td width=\"8.6400%\">\/<\/td>\n<td width=\"13.3000%\">\u67f1\u585e\u6cf5<\/td>\n<\/tr>\n<tr>\n<td colspan=\"2\" width=\"66.7600%\">Caudal nominal da bomba principal<\/td>\n<td width=\"8.6400%\">L\/min<\/td>\n<td width=\"13.3000%\">176<\/td>\n<\/tr>\n<tr>\n<td colspan=\"2\" width=\"66.7600%\">Press\u00e3o de regula\u00e7\u00e3o da v\u00e1lvula de al\u00edvio<\/td>\n<td width=\"8.6400%\">MPa<\/td>\n<td width=\"13.3000%\">28<\/td>\n<\/tr>\n<tr>\n<td colspan=\"2\" width=\"66.7600%\">Press\u00e3o do sistema de desloca\u00e7\u00e3o<\/td>\n<td width=\"8.6400%\">MPa<\/td>\n<td width=\"13.3000%\">27.5<\/td>\n<\/tr>\n<tr>\n<td colspan=\"2\" width=\"66.7600%\">Press\u00e3o do sistema de oscila\u00e7\u00e3o<\/td>\n<td width=\"8.6400%\">MPa<\/td>\n<td width=\"13.3000%\">20.6<\/td>\n<\/tr>\n<tr>\n<td colspan=\"2\" width=\"66.7600%\">Press\u00e3o do sistema piloto<\/td>\n<td width=\"8.6400%\">MPa<\/td>\n<td width=\"13.3000%\">3.5<\/td>\n<\/tr>\n<tr>\n<td rowspan=\"3\" width=\"11.3000%\">Capacidade de \u00f3leo<\/td>\n<td colspan=\"2\" width=\"66.7600%\">Capacidade do dep\u00f3sito de combust\u00edvel<\/td>\n<td width=\"8.6400%\">L<\/td>\n<td width=\"13.3000%\">170<\/td>\n<\/tr>\n<tr>\n<td colspan=\"2\" width=\"66.7600%\">Capacidade do dep\u00f3sito hidr\u00e1ulico<\/td>\n<td width=\"8.6400%\">L<\/td>\n<td width=\"13.3000%\">76<\/td>\n<\/tr>\n<tr>\n<td colspan=\"2\" width=\"66.7600%\">Capacidade do \u00f3leo do motor<\/td>\n<td width=\"8.6400%\">L<\/td>\n<td width=\"13.3000%\">10<\/td>\n<\/tr>\n<tr>\n<td rowspan=\"13\" width=\"11.3000%\">Tamanho da apar\u00eancia<\/td>\n<td width=\"8.9200%\">A<\/td>\n<td width=\"57.8400%\">\u00a0Comprimento total<\/td>\n<td width=\"8.6400%\">mm<\/td>\n<td width=\"13.3000%\">6185<\/td>\n<\/tr>\n<tr>\n<td width=\"8.9200%\">B<\/td>\n<td width=\"57.8400%\">\u00a0Largura total<\/td>\n<td width=\"8.6400%\">mm<\/td>\n<td width=\"13.3000%\">2265<\/td>\n<\/tr>\n<tr>\n<td width=\"8.9200%\">C<\/td>\n<td width=\"57.8400%\">Altura total<\/td>\n<td width=\"8.6400%\">mm<\/td>\n<td width=\"13.3000%\">2645<\/td>\n<\/tr>\n<tr>\n<td width=\"8.9200%\">D<\/td>\n<td width=\"57.8400%\">\u00a0Largura da plataforma<\/td>\n<td width=\"8.6400%\">mm<\/td>\n<td width=\"13.3000%\">2260<\/td>\n<\/tr>\n<tr>\n<td width=\"8.9200%\">E<\/td>\n<td width=\"57.8400%\">Comprimento da via<\/td>\n<td width=\"8.6400%\">mm<\/td>\n<td width=\"13.3000%\">2825<\/td>\n<\/tr>\n<tr>\n<td width=\"8.9200%\">F<\/td>\n<td width=\"57.8400%\">Largura total do material rodante<\/td>\n<td width=\"8.6400%\">mm<\/td>\n<td width=\"13.3000%\">2250<\/td>\n<\/tr>\n<tr>\n<td width=\"8.9200%\">G<\/td>\n<td width=\"57.8400%\">Largura do sapato de rasto<\/td>\n<td width=\"8.6400%\">mm<\/td>\n<td width=\"13.3000%\">450<\/td>\n<\/tr>\n<tr>\n<td width=\"8.9200%\">H<\/td>\n<td width=\"57.8400%\">Dist\u00e2ncia do copo<\/td>\n<td width=\"8.6400%\">mm<\/td>\n<td width=\"13.3000%\">2195<\/td>\n<\/tr>\n<tr>\n<td width=\"8.9200%\">I<\/td>\n<td width=\"57.8400%\">Bitola da via<\/td>\n<td width=\"8.6400%\">mm<\/td>\n<td width=\"13.3000%\">1800<\/td>\n<\/tr>\n<tr>\n<td width=\"8.9200%\">J<\/td>\n<td width=\"57.8400%\">Folga do contrapeso<\/td>\n<td width=\"8.6400%\">mm<\/td>\n<td width=\"13.3000%\">813<\/td>\n<\/tr>\n<tr>\n<td width=\"8.9200%\">K<\/td>\n<td width=\"57.8400%\">Dist\u00e2ncia m\u00ednima ao solo<\/td>\n<td width=\"8.6400%\">mm<\/td>\n<td width=\"13.3000%\">385<\/td>\n<\/tr>\n<tr>\n<td width=\"8.9200%\">L<\/td>\n<td width=\"57.8400%\">Raio m\u00ednimo de rota\u00e7\u00e3o da cauda<\/td>\n<td width=\"8.6400%\">mm<\/td>\n<td width=\"13.3000%\">1840<\/td>\n<\/tr>\n<tr>\n<td width=\"8.9200%\">M<\/td>\n<td width=\"57.8400%\">\u00a0Altura da via<\/td>\n<td width=\"8.6400%\">mm<\/td>\n<td width=\"13.3000%\">696<\/td>\n<\/tr>\n<tr>\n<td rowspan=\"8\" width=\"11.3000%\">\u00c2mbito de aplica\u00e7\u00e3o<\/td>\n<td width=\"8.9200%\">A<\/td>\n<td width=\"57.8400%\">Altura m\u00e1xima de escava\u00e7\u00e3o<\/td>\n<td width=\"8.6400%\">mm<\/td>\n<td width=\"13.3000%\">7085<\/td>\n<\/tr>\n<tr>\n<td width=\"8.9200%\">B<\/td>\n<td width=\"57.8400%\">Altura m\u00e1xima de despejo<\/td>\n<td width=\"8.6400%\">mm<\/td>\n<td width=\"13.3000%\">5160<\/td>\n<\/tr>\n<tr>\n<td width=\"8.9200%\">C<\/td>\n<td width=\"57.8400%\">Profundidade m\u00e1xima de escava\u00e7\u00e3o<\/td>\n<td width=\"8.6400%\">mm<\/td>\n<td width=\"13.3000%\">4020<\/td>\n<\/tr>\n<tr>\n<td width=\"8.9200%\">E<\/td>\n<td width=\"57.8400%\">\u00a0Profundidade m\u00e1xima de escava\u00e7\u00e3o vertical da parede<\/td>\n<td width=\"8.6400%\">mm<\/td>\n<td width=\"13.3000%\">2960<\/td>\n<\/tr>\n<tr>\n<td width=\"8.9200%\">F<\/td>\n<td width=\"57.8400%\">Alcance m\u00e1ximo de escava\u00e7\u00e3o<\/td>\n<td width=\"8.6400%\">mm<\/td>\n<td width=\"13.3000%\">6260<\/td>\n<\/tr>\n<tr>\n<td width=\"8.9200%\">G<\/td>\n<td width=\"57.8400%\">Raio m\u00ednimo de oscila\u00e7\u00e3o<\/td>\n<td width=\"8.6400%\">mm<\/td>\n<td width=\"13.3000%\">1818<\/td>\n<\/tr>\n<tr>\n<td width=\"8.9200%\">H<\/td>\n<td width=\"57.8400%\">Altura m\u00e1xima de eleva\u00e7\u00e3o do bulldozer<\/td>\n<td width=\"8.6400%\">mm<\/td>\n<td width=\"13.3000%\">440<\/td>\n<\/tr>\n<tr>\n<td width=\"8.9200%\">I<\/td>\n<td width=\"57.8400%\">\u00a0Profundidade m\u00e1xima de corte do trator<\/td>\n<td width=\"8.6400%\">mm<\/td>\n<td width=\"13.3000%\">445<\/td>\n<\/tr>\n<tr>\n<td rowspan=\"6\" width=\"11.3000%\">Equipamento<\/td>\n<td rowspan=\"3\" width=\"8.9200%\">Padr\u00e3o<\/td>\n<td width=\"57.8400%\">Comprimento da lan\u00e7a<\/td>\n<td width=\"8.6400%\">mm<\/td>\n<td width=\"13.3000%\">3720<\/td>\n<\/tr>\n<tr>\n<td width=\"57.8400%\">Comprimento do bra\u00e7o<\/td>\n<td width=\"8.6400%\">mm<\/td>\n<td width=\"13.3000%\">1622<\/td>\n<\/tr>\n<tr>\n<td width=\"57.8400%\">Capacidade do balde<\/td>\n<td width=\"8.6400%\">m\u00b3<\/td>\n<td width=\"13.3000%\">0.32<\/td>\n<\/tr>\n<tr>\n<td rowspan=\"3\" width=\"8.9200%\">Opcional<\/td>\n<td width=\"57.8400%\">Comprimento da lan\u00e7a<\/td>\n<td width=\"8.6400%\">m\u00b3<\/td>\n<td width=\"13.3000%\">\/<\/td>\n<\/tr>\n<tr>\n<td width=\"57.8400%\">Comprimento do bra\u00e7o<\/td>\n<td width=\"8.6400%\">m\u00b3<\/td>\n<td width=\"13.3000%\">\/<\/td>\n<\/tr>\n<tr>\n<td width=\"57.8400%\">Capacidade do balde<\/td>\n<td width=\"8.6400%\">m\u00b3<\/td>\n<td width=\"13.3000%\">\/<\/td>\n<\/tr>\n<\/tbody>\n<\/table>\n<table style=\"height: 512px\" width=\"1157\">\n<tbody>\n<tr>\n<td width=\"12.9400%\">N\u00e3o.<\/td>\n<td width=\"39.9200%\">Nome da pe\u00e7a<\/td>\n<td width=\"29.9200%\">Marca<\/td>\n<td width=\"17.2200%\">&nbsp;<\/p>\n<p>Observa\u00e7\u00f5es<\/td>\n<\/tr>\n<tr>\n<td width=\"12.9400%\">1<\/td>\n<td width=\"39.9200%\">Motor<\/td>\n<td width=\"29.9200%\">Weichai<\/td>\n<td width=\"17.2200%\"><\/td>\n<\/tr>\n<tr>\n<td width=\"12.9400%\">2<\/td>\n<td width=\"39.9200%\">Bomba principal<\/td>\n<td width=\"29.9200%\">XCMG<\/td>\n<td width=\"17.2200%\"><\/td>\n<\/tr>\n<tr>\n<td width=\"12.9400%\">3<\/td>\n<td width=\"39.9200%\">V\u00e1lvula principal<\/td>\n<td width=\"29.9200%\">XCMG<\/td>\n<td width=\"17.2200%\"><\/td>\n<\/tr>\n<tr>\n<td width=\"12.9400%\">4<\/td>\n<td width=\"39.9200%\">Motor de lagartas<\/td>\n<td width=\"29.9200%\">XCMG<\/td>\n<td width=\"17.2200%\"><\/td>\n<\/tr>\n<tr>\n<td width=\"12.9400%\">5<\/td>\n<td width=\"39.9200%\">Motor de balan\u00e7o<\/td>\n<td width=\"29.9200%\">XCMG<\/td>\n<td width=\"17.2200%\"><\/td>\n<\/tr>\n<tr>\n<td width=\"12.9400%\">6<\/td>\n<td width=\"39.9200%\">Roda dentada, polia, rolo de suporte, rolo de lagartas e lagartas<\/td>\n<td width=\"29.9200%\">XCMG<\/td>\n<td width=\"17.2200%\"><\/td>\n<\/tr>\n<\/tbody>\n<\/table>\n<p><img fetchpriority=\"high\" decoding=\"async\" class=\"alignnone size-medium wp-image-2617\" src=\"https:\/\/www.hcxmachinery.com\/wp-content\/uploads\/2025\/04\/XE75GA-05_WH_800x800px-300x300.webp\" alt=\"\" width=\"300\" height=\"300\" title=\"\" srcset=\"https:\/\/www.hcxmachinery.com\/wp-content\/uploads\/2025\/04\/XE75GA-05_WH_800x800px-300x300.webp 300w, https:\/\/www.hcxmachinery.com\/wp-content\/uploads\/2025\/04\/XE75GA-05_WH_800x800px-150x150.webp 150w, https:\/\/www.hcxmachinery.com\/wp-content\/uploads\/2025\/04\/XE75GA-05_WH_800x800px-768x768.webp 768w, https:\/\/www.hcxmachinery.com\/wp-content\/uploads\/2025\/04\/XE75GA-05_WH_800x800px-600x600.webp 600w, https:\/\/www.hcxmachinery.com\/wp-content\/uploads\/2025\/04\/XE75GA-05_WH_800x800px-100x100.webp 100w, https:\/\/www.hcxmachinery.com\/wp-content\/uploads\/2025\/04\/XE75GA-05_WH_800x800px.webp 800w\" sizes=\"(max-width: 300px) 100vw, 300px\" \/> <img decoding=\"async\" class=\"alignnone size-medium wp-image-2616\" src=\"https:\/\/www.hcxmachinery.com\/wp-content\/uploads\/2025\/04\/XE75GA-04_WH_800x800px-300x300.webp\" alt=\"\" width=\"300\" height=\"300\" title=\"\" srcset=\"https:\/\/www.hcxmachinery.com\/wp-content\/uploads\/2025\/04\/XE75GA-04_WH_800x800px-300x300.webp 300w, https:\/\/www.hcxmachinery.com\/wp-content\/uploads\/2025\/04\/XE75GA-04_WH_800x800px-150x150.webp 150w, https:\/\/www.hcxmachinery.com\/wp-content\/uploads\/2025\/04\/XE75GA-04_WH_800x800px-768x768.webp 768w, https:\/\/www.hcxmachinery.com\/wp-content\/uploads\/2025\/04\/XE75GA-04_WH_800x800px-600x600.webp 600w, https:\/\/www.hcxmachinery.com\/wp-content\/uploads\/2025\/04\/XE75GA-04_WH_800x800px-100x100.webp 100w, https:\/\/www.hcxmachinery.com\/wp-content\/uploads\/2025\/04\/XE75GA-04_WH_800x800px.webp 800w\" sizes=\"(max-width: 300px) 100vw, 300px\" \/> <img decoding=\"async\" class=\"alignnone size-medium wp-image-2615\" src=\"https:\/\/www.hcxmachinery.com\/wp-content\/uploads\/2025\/04\/XE75GA-03_WH_800x800px-300x300.webp\" alt=\"\" width=\"300\" height=\"300\" title=\"\" srcset=\"https:\/\/www.hcxmachinery.com\/wp-content\/uploads\/2025\/04\/XE75GA-03_WH_800x800px-300x300.webp 300w, https:\/\/www.hcxmachinery.com\/wp-content\/uploads\/2025\/04\/XE75GA-03_WH_800x800px-150x150.webp 150w, https:\/\/www.hcxmachinery.com\/wp-content\/uploads\/2025\/04\/XE75GA-03_WH_800x800px-768x768.webp 768w, https:\/\/www.hcxmachinery.com\/wp-content\/uploads\/2025\/04\/XE75GA-03_WH_800x800px-600x600.webp 600w, https:\/\/www.hcxmachinery.com\/wp-content\/uploads\/2025\/04\/XE75GA-03_WH_800x800px-100x100.webp 100w, https:\/\/www.hcxmachinery.com\/wp-content\/uploads\/2025\/04\/XE75GA-03_WH_800x800px.webp 800w\" sizes=\"(max-width: 300px) 100vw, 300px\" \/> <img loading=\"lazy\" decoding=\"async\" class=\"alignnone size-medium wp-image-2614\" src=\"https:\/\/www.hcxmachinery.com\/wp-content\/uploads\/2025\/04\/XE75GA-02_WH_800x800px-300x300.webp\" alt=\"\" width=\"300\" height=\"300\" title=\"\" srcset=\"https:\/\/www.hcxmachinery.com\/wp-content\/uploads\/2025\/04\/XE75GA-02_WH_800x800px-300x300.webp 300w, https:\/\/www.hcxmachinery.com\/wp-content\/uploads\/2025\/04\/XE75GA-02_WH_800x800px-150x150.webp 150w, https:\/\/www.hcxmachinery.com\/wp-content\/uploads\/2025\/04\/XE75GA-02_WH_800x800px-768x768.webp 768w, https:\/\/www.hcxmachinery.com\/wp-content\/uploads\/2025\/04\/XE75GA-02_WH_800x800px-600x600.webp 600w, https:\/\/www.hcxmachinery.com\/wp-content\/uploads\/2025\/04\/XE75GA-02_WH_800x800px-100x100.webp 100w, https:\/\/www.hcxmachinery.com\/wp-content\/uploads\/2025\/04\/XE75GA-02_WH_800x800px.webp 800w\" sizes=\"(max-width: 300px) 100vw, 300px\" \/> <img loading=\"lazy\" decoding=\"async\" class=\"alignnone size-medium wp-image-2613\" src=\"https:\/\/www.hcxmachinery.com\/wp-content\/uploads\/2025\/04\/XE75GA-01_WH_800x800px-300x300.webp\" alt=\"escavadora usada\" width=\"300\" height=\"300\" title=\"\" srcset=\"https:\/\/www.hcxmachinery.com\/wp-content\/uploads\/2025\/04\/XE75GA-01_WH_800x800px-300x300.webp 300w, https:\/\/www.hcxmachinery.com\/wp-content\/uploads\/2025\/04\/XE75GA-01_WH_800x800px-150x150.webp 150w, https:\/\/www.hcxmachinery.com\/wp-content\/uploads\/2025\/04\/XE75GA-01_WH_800x800px-768x768.webp 768w, https:\/\/www.hcxmachinery.com\/wp-content\/uploads\/2025\/04\/XE75GA-01_WH_800x800px-600x600.webp 600w, https:\/\/www.hcxmachinery.com\/wp-content\/uploads\/2025\/04\/XE75GA-01_WH_800x800px-100x100.webp 100w, https:\/\/www.hcxmachinery.com\/wp-content\/uploads\/2025\/04\/XE75GA-01_WH_800x800px.webp 800w\" sizes=\"(max-width: 300px) 100vw, 300px\" \/><\/p>","protected":false},"excerpt":{"rendered":"<p>The XE75GA crawler excavator, weighing 7700 kg with a 0.32 m\u00b3 bucket capacity, is a compact yet powerful hydraulic machine. Powered by a Kubota turbocharged engine (36 kW at 2000 rpm), it offers ample low-speed torque, good fuel economy, and low noise. The combination of a large-displacement electronically controlled main pump and optimized main valve ensures excellent control, fast response, and energy savings. Its reinforced working device withstands harsh conditions, with the bucket&#8217;s wear resistance increased by over 10%. The high-torque automatic two-speed motor enables powerful and efficient walking. The redesigned cab features a beige interior, cup holders, and storage space, providing a luxurious feel. With vehicle-level NVH optimization, it&#8217;s quieter and more comfortable. Intelligent one-button start, a new color large-screen LCD monitor, and new suspension seats enhance the operator experience. A high-power air-conditioner and fresh-air system maintain a pleasant working environment. Maintenance is a breeze with a large hood opening and easy access to filters and internal components. Optional accessories like crushing pipes, hammers, and quick-change devices expand its applications.<\/p>","protected":false},"featured_media":2618,"template":"","meta":{"_acf_changed":false,"site-sidebar-layout":"default","site-content-layout":"","ast-site-content-layout":"default","site-content-style":"default","site-sidebar-style":"default","ast-global-header-display":"","ast-banner-title-visibility":"","ast-main-header-display":"","ast-hfb-above-header-display":"","ast-hfb-below-header-display":"","ast-hfb-mobile-header-display":"","site-post-title":"","ast-breadcrumbs-content":"","ast-featured-img":"","footer-sml-layout":"","theme-transparent-header-meta":"default","adv-header-id-meta":"","stick-header-meta":"default","header-above-stick-meta":"","header-main-stick-meta":"","header-below-stick-meta":"","astra-migrate-meta-layouts":"set","ast-page-background-enabled":"default","ast-page-background-meta":{"desktop":{"background-color":"var(--ast-global-color-4)","background-image":"","background-repeat":"repeat","background-position":"center center","background-size":"auto","background-attachment":"scroll","background-type":"","background-media":"","overlay-type":"","overlay-color":"","overlay-opacity":"","overlay-gradient":""},"tablet":{"background-color":"","background-image":"","background-repeat":"repeat","background-position":"center center","background-size":"auto","background-attachment":"scroll","background-type":"","background-media":"","overlay-type":"","overlay-color":"","overlay-opacity":"","overlay-gradient":""},"mobile":{"background-color":"","background-image":"","background-repeat":"repeat","background-position":"center center","background-size":"auto","background-attachment":"scroll","background-type":"","background-media":"","overlay-type":"","overlay-color":"","overlay-opacity":"","overlay-gradient":""}},"ast-content-background-meta":{"desktop":{"background-color":"var(--ast-global-color-5)","background-image":"","background-repeat":"repeat","background-position":"center center","background-size":"auto","background-attachment":"scroll","background-type":"","background-media":"","overlay-type":"","overlay-color":"","overlay-opacity":"","overlay-gradient":""},"tablet":{"background-color":"var(--ast-global-color-5)","background-image":"","background-repeat":"repeat","background-position":"center center","background-size":"auto","background-attachment":"scroll","background-type":"","background-media":"","overlay-type":"","overlay-color":"","overlay-opacity":"","overlay-gradient":""},"mobile":{"background-color":"var(--ast-global-color-5)","background-image":"","background-repeat":"repeat","background-position":"center center","background-size":"auto","background-attachment":"scroll","background-type":"","background-media":"","overlay-type":"","overlay-color":"","overlay-opacity":"","overlay-gradient":""}}},"product_cat":[19,35],"product_tag":[],"class_list":{"0":"post-2612","1":"product","2":"type-product","3":"status-publish","4":"has-post-thumbnail","6":"product_cat-excavator","7":"product_cat-small-excavator","8":"desktop-align-left","9":"tablet-align-left","10":"mobile-align-left","11":"ast-product-gallery-layout-horizontal-slider","12":"ast-magnify-disabled","13":"ast-product-tabs-layout-horizontal","15":"first","16":"instock","17":"shipping-taxable","18":"product-type-simple"},"acf":[],"_links":{"self":[{"href":"https:\/\/www.hcxmachinery.com\/pt\/wp-json\/wp\/v2\/product\/2612"}],"collection":[{"href":"https:\/\/www.hcxmachinery.com\/pt\/wp-json\/wp\/v2\/product"}],"about":[{"href":"https:\/\/www.hcxmachinery.com\/pt\/wp-json\/wp\/v2\/types\/product"}],"version-history":[{"count":11,"href":"https:\/\/www.hcxmachinery.com\/pt\/wp-json\/wp\/v2\/product\/2612\/revisions"}],"predecessor-version":[{"id":3459,"href":"https:\/\/www.hcxmachinery.com\/pt\/wp-json\/wp\/v2\/product\/2612\/revisions\/3459"}],"wp:featuredmedia":[{"embeddable":true,"href":"https:\/\/www.hcxmachinery.com\/pt\/wp-json\/wp\/v2\/media\/2618"}],"wp:attachment":[{"href":"https:\/\/www.hcxmachinery.com\/pt\/wp-json\/wp\/v2\/media?parent=2612"}],"wp:term":[{"taxonomy":"product_cat","embeddable":true,"href":"https:\/\/www.hcxmachinery.com\/pt\/wp-json\/wp\/v2\/product_cat?post=2612"},{"taxonomy":"product_tag","embeddable":true,"href":"https:\/\/www.hcxmachinery.com\/pt\/wp-json\/wp\/v2\/product_tag?post=2612"}],"curies":[{"name":"wp","href":"https:\/\/api.w.org\/{rel}","templated":true}]}}