{"id":2007,"date":"2024-12-16T01:53:22","date_gmt":"2024-12-16T01:53:22","guid":{"rendered":"https:\/\/www.hcxmachinery.com\/?post_type=product&#038;p=2007"},"modified":"2025-12-08T08:08:16","modified_gmt":"2025-12-08T08:08:16","slug":"boa-qualidade-xe335e-escavadora-usada-para-venda","status":"publish","type":"product","link":"https:\/\/www.hcxmachinery.com\/pt\/produto\/boa-qualidade-xe335e-escavadora-usada-para-venda\/","title":{"rendered":"Escavadeira usada de boa qualidade XE335E para venda"},"content":{"rendered":"<h2>XE335E<\/h2>\n<p>1. mais economia de energia e favor\u00e1vel ao meio ambiente: motor especial XCMG com curva de torque personalizada, torque alto em baixa velocidade, boa economia, modo de pot\u00eancia constante em faixa de velocidade espec\u00edfica e ainda mant\u00e9m forte pot\u00eancia de sa\u00edda durante carga pesada e baixa velocidade.<\/p>\n<p>2. mais fi\u00e1vel e dur\u00e1vel: a estrutura em X refor\u00e7ada e as quatro rodas e uma correia tornam a qualidade mais fi\u00e1vel; a estrutura de fundi\u00e7\u00e3o de uma pe\u00e7a do bra\u00e7o m\u00f3vel e da barra do balde torna a for\u00e7a mais uniforme e a vida \u00fatil mais longa; a estrutura de arco duplo do balde de grande capacidade reduz eficazmente a resist\u00eancia \u00e0 escava\u00e7\u00e3o e torna a opera\u00e7\u00e3o mais eficiente.<\/p>\n<p>3. controlo mais inteligente: O sistema XEICS com direitos de propriedade intelectual independentes adopta a comunica\u00e7\u00e3o CAN bus para realizar a fun\u00e7\u00e3o de controlo correspondente, que se adapta eficazmente ao ambiente de trabalho, \u00e0s condi\u00e7\u00f5es de trabalho e \u00e0 carga de trabalho.<\/p>\n<p>4. mais confort\u00e1vel e seguro: cabina pressurizada, garante eficazmente a limpeza da cabina; amortecedor selado a \u00f3leo de silicone importado, assento com suspens\u00e3o a g\u00e1s, opera\u00e7\u00e3o mais confort\u00e1vel; estrutura da cabina de absor\u00e7\u00e3o de alta energia, nova estrutura de prote\u00e7\u00e3o, mais segura e mais fi\u00e1vel.<\/p>\n<p><img fetchpriority=\"high\" decoding=\"async\" class=\"alignnone size-medium wp-image-2012\" src=\"https:\/\/www.hcxmachinery.com\/wp-content\/uploads\/2024\/12\/335\u4ea7\u54c1\u7ec6\u8282\u56fe1_WH_800x800px-300x300.webp\" alt=\"\" width=\"300\" height=\"300\" title=\"\" srcset=\"https:\/\/www.hcxmachinery.com\/wp-content\/uploads\/2024\/12\/335\u4ea7\u54c1\u7ec6\u8282\u56fe1_WH_800x800px-300x300.webp 300w, https:\/\/www.hcxmachinery.com\/wp-content\/uploads\/2024\/12\/335\u4ea7\u54c1\u7ec6\u8282\u56fe1_WH_800x800px-150x150.webp 150w, https:\/\/www.hcxmachinery.com\/wp-content\/uploads\/2024\/12\/335\u4ea7\u54c1\u7ec6\u8282\u56fe1_WH_800x800px-768x768.webp 768w, https:\/\/www.hcxmachinery.com\/wp-content\/uploads\/2024\/12\/335\u4ea7\u54c1\u7ec6\u8282\u56fe1_WH_800x800px-600x600.webp 600w, https:\/\/www.hcxmachinery.com\/wp-content\/uploads\/2024\/12\/335\u4ea7\u54c1\u7ec6\u8282\u56fe1_WH_800x800px-100x100.webp 100w, https:\/\/www.hcxmachinery.com\/wp-content\/uploads\/2024\/12\/335\u4ea7\u54c1\u7ec6\u8282\u56fe1_WH_800x800px.webp 800w\" sizes=\"(max-width: 300px) 100vw, 300px\" \/> <img decoding=\"async\" class=\"alignnone size-medium wp-image-2013\" src=\"https:\/\/www.hcxmachinery.com\/wp-content\/uploads\/2024\/12\/335\u4ea7\u54c1\u7ec6\u8282\u56fe2_WH_800x800px-300x300.webp\" alt=\"\" width=\"300\" height=\"300\" title=\"\" srcset=\"https:\/\/www.hcxmachinery.com\/wp-content\/uploads\/2024\/12\/335\u4ea7\u54c1\u7ec6\u8282\u56fe2_WH_800x800px-300x300.webp 300w, https:\/\/www.hcxmachinery.com\/wp-content\/uploads\/2024\/12\/335\u4ea7\u54c1\u7ec6\u8282\u56fe2_WH_800x800px-150x150.webp 150w, https:\/\/www.hcxmachinery.com\/wp-content\/uploads\/2024\/12\/335\u4ea7\u54c1\u7ec6\u8282\u56fe2_WH_800x800px-768x768.webp 768w, https:\/\/www.hcxmachinery.com\/wp-content\/uploads\/2024\/12\/335\u4ea7\u54c1\u7ec6\u8282\u56fe2_WH_800x800px-600x600.webp 600w, https:\/\/www.hcxmachinery.com\/wp-content\/uploads\/2024\/12\/335\u4ea7\u54c1\u7ec6\u8282\u56fe2_WH_800x800px-100x100.webp 100w, https:\/\/www.hcxmachinery.com\/wp-content\/uploads\/2024\/12\/335\u4ea7\u54c1\u7ec6\u8282\u56fe2_WH_800x800px.webp 800w\" sizes=\"(max-width: 300px) 100vw, 300px\" \/> <img decoding=\"async\" class=\"alignnone size-medium wp-image-2014\" src=\"https:\/\/www.hcxmachinery.com\/wp-content\/uploads\/2024\/12\/335\u4ea7\u54c1\u7ec6\u8282\u56fe3_WH_800x800px-300x300.webp\" alt=\"\" width=\"300\" height=\"300\" title=\"\" srcset=\"https:\/\/www.hcxmachinery.com\/wp-content\/uploads\/2024\/12\/335\u4ea7\u54c1\u7ec6\u8282\u56fe3_WH_800x800px-300x300.webp 300w, https:\/\/www.hcxmachinery.com\/wp-content\/uploads\/2024\/12\/335\u4ea7\u54c1\u7ec6\u8282\u56fe3_WH_800x800px-150x150.webp 150w, https:\/\/www.hcxmachinery.com\/wp-content\/uploads\/2024\/12\/335\u4ea7\u54c1\u7ec6\u8282\u56fe3_WH_800x800px-768x768.webp 768w, https:\/\/www.hcxmachinery.com\/wp-content\/uploads\/2024\/12\/335\u4ea7\u54c1\u7ec6\u8282\u56fe3_WH_800x800px-600x600.webp 600w, https:\/\/www.hcxmachinery.com\/wp-content\/uploads\/2024\/12\/335\u4ea7\u54c1\u7ec6\u8282\u56fe3_WH_800x800px-100x100.webp 100w, https:\/\/www.hcxmachinery.com\/wp-content\/uploads\/2024\/12\/335\u4ea7\u54c1\u7ec6\u8282\u56fe3_WH_800x800px.webp 800w\" sizes=\"(max-width: 300px) 100vw, 300px\" \/> <img loading=\"lazy\" decoding=\"async\" class=\"alignnone size-medium wp-image-2015\" src=\"https:\/\/www.hcxmachinery.com\/wp-content\/uploads\/2024\/12\/335\u4ea7\u54c1\u7ec6\u8282\u56fe4_WH_800x800px-300x300.webp\" alt=\"\" width=\"300\" height=\"300\" title=\"\" srcset=\"https:\/\/www.hcxmachinery.com\/wp-content\/uploads\/2024\/12\/335\u4ea7\u54c1\u7ec6\u8282\u56fe4_WH_800x800px-300x300.webp 300w, https:\/\/www.hcxmachinery.com\/wp-content\/uploads\/2024\/12\/335\u4ea7\u54c1\u7ec6\u8282\u56fe4_WH_800x800px-150x150.webp 150w, https:\/\/www.hcxmachinery.com\/wp-content\/uploads\/2024\/12\/335\u4ea7\u54c1\u7ec6\u8282\u56fe4_WH_800x800px-768x768.webp 768w, https:\/\/www.hcxmachinery.com\/wp-content\/uploads\/2024\/12\/335\u4ea7\u54c1\u7ec6\u8282\u56fe4_WH_800x800px-600x600.webp 600w, https:\/\/www.hcxmachinery.com\/wp-content\/uploads\/2024\/12\/335\u4ea7\u54c1\u7ec6\u8282\u56fe4_WH_800x800px-100x100.webp 100w, https:\/\/www.hcxmachinery.com\/wp-content\/uploads\/2024\/12\/335\u4ea7\u54c1\u7ec6\u8282\u56fe4_WH_800x800px.webp 800w\" sizes=\"(max-width: 300px) 100vw, 300px\" \/> <img loading=\"lazy\" decoding=\"async\" class=\"alignnone size-medium wp-image-2016\" src=\"https:\/\/www.hcxmachinery.com\/wp-content\/uploads\/2024\/12\/335\u4ea7\u54c1\u7ec6\u8282\u56fe5_WH_800x800px-300x300.webp\" alt=\"\" width=\"300\" height=\"300\" title=\"\" srcset=\"https:\/\/www.hcxmachinery.com\/wp-content\/uploads\/2024\/12\/335\u4ea7\u54c1\u7ec6\u8282\u56fe5_WH_800x800px-300x300.webp 300w, https:\/\/www.hcxmachinery.com\/wp-content\/uploads\/2024\/12\/335\u4ea7\u54c1\u7ec6\u8282\u56fe5_WH_800x800px-150x150.webp 150w, https:\/\/www.hcxmachinery.com\/wp-content\/uploads\/2024\/12\/335\u4ea7\u54c1\u7ec6\u8282\u56fe5_WH_800x800px-768x768.webp 768w, https:\/\/www.hcxmachinery.com\/wp-content\/uploads\/2024\/12\/335\u4ea7\u54c1\u7ec6\u8282\u56fe5_WH_800x800px-600x600.webp 600w, https:\/\/www.hcxmachinery.com\/wp-content\/uploads\/2024\/12\/335\u4ea7\u54c1\u7ec6\u8282\u56fe5_WH_800x800px-100x100.webp 100w, https:\/\/www.hcxmachinery.com\/wp-content\/uploads\/2024\/12\/335\u4ea7\u54c1\u7ec6\u8282\u56fe5_WH_800x800px.webp 800w\" sizes=\"(max-width: 300px) 100vw, 300px\" \/> <img loading=\"lazy\" decoding=\"async\" class=\"alignnone size-medium wp-image-2017\" src=\"https:\/\/www.hcxmachinery.com\/wp-content\/uploads\/2024\/12\/335\u4ea7\u54c1\u7ec6\u8282\u56fe6_WH_800x800px-300x300.webp\" alt=\"\" width=\"300\" height=\"300\" title=\"\" srcset=\"https:\/\/www.hcxmachinery.com\/wp-content\/uploads\/2024\/12\/335\u4ea7\u54c1\u7ec6\u8282\u56fe6_WH_800x800px-300x300.webp 300w, https:\/\/www.hcxmachinery.com\/wp-content\/uploads\/2024\/12\/335\u4ea7\u54c1\u7ec6\u8282\u56fe6_WH_800x800px-150x150.webp 150w, https:\/\/www.hcxmachinery.com\/wp-content\/uploads\/2024\/12\/335\u4ea7\u54c1\u7ec6\u8282\u56fe6_WH_800x800px-768x768.webp 768w, https:\/\/www.hcxmachinery.com\/wp-content\/uploads\/2024\/12\/335\u4ea7\u54c1\u7ec6\u8282\u56fe6_WH_800x800px-600x600.webp 600w, https:\/\/www.hcxmachinery.com\/wp-content\/uploads\/2024\/12\/335\u4ea7\u54c1\u7ec6\u8282\u56fe6_WH_800x800px-100x100.webp 100w, https:\/\/www.hcxmachinery.com\/wp-content\/uploads\/2024\/12\/335\u4ea7\u54c1\u7ec6\u8282\u56fe6_WH_800x800px.webp 800w\" sizes=\"(max-width: 300px) 100vw, 300px\" \/> <img loading=\"lazy\" decoding=\"async\" class=\"alignnone size-medium wp-image-2018\" src=\"https:\/\/www.hcxmachinery.com\/wp-content\/uploads\/2024\/12\/335\u4ea7\u54c1\u7ec6\u8282\u56fe7_WH_800x800px-300x300.webp\" alt=\"\" width=\"300\" height=\"300\" title=\"\" srcset=\"https:\/\/www.hcxmachinery.com\/wp-content\/uploads\/2024\/12\/335\u4ea7\u54c1\u7ec6\u8282\u56fe7_WH_800x800px-300x300.webp 300w, https:\/\/www.hcxmachinery.com\/wp-content\/uploads\/2024\/12\/335\u4ea7\u54c1\u7ec6\u8282\u56fe7_WH_800x800px-150x150.webp 150w, https:\/\/www.hcxmachinery.com\/wp-content\/uploads\/2024\/12\/335\u4ea7\u54c1\u7ec6\u8282\u56fe7_WH_800x800px-768x768.webp 768w, https:\/\/www.hcxmachinery.com\/wp-content\/uploads\/2024\/12\/335\u4ea7\u54c1\u7ec6\u8282\u56fe7_WH_800x800px-600x600.webp 600w, https:\/\/www.hcxmachinery.com\/wp-content\/uploads\/2024\/12\/335\u4ea7\u54c1\u7ec6\u8282\u56fe7_WH_800x800px-100x100.webp 100w, https:\/\/www.hcxmachinery.com\/wp-content\/uploads\/2024\/12\/335\u4ea7\u54c1\u7ec6\u8282\u56fe7_WH_800x800px.webp 800w\" sizes=\"(max-width: 300px) 100vw, 300px\" \/> <img loading=\"lazy\" decoding=\"async\" class=\"alignnone size-medium wp-image-2019\" src=\"https:\/\/www.hcxmachinery.com\/wp-content\/uploads\/2024\/12\/335\u4ea7\u54c1\u7ec6\u8282\u56fe8_WH_800x800px-300x300.webp\" alt=\"\" width=\"300\" height=\"300\" title=\"\" srcset=\"https:\/\/www.hcxmachinery.com\/wp-content\/uploads\/2024\/12\/335\u4ea7\u54c1\u7ec6\u8282\u56fe8_WH_800x800px-300x300.webp 300w, https:\/\/www.hcxmachinery.com\/wp-content\/uploads\/2024\/12\/335\u4ea7\u54c1\u7ec6\u8282\u56fe8_WH_800x800px-150x150.webp 150w, https:\/\/www.hcxmachinery.com\/wp-content\/uploads\/2024\/12\/335\u4ea7\u54c1\u7ec6\u8282\u56fe8_WH_800x800px-768x768.webp 768w, https:\/\/www.hcxmachinery.com\/wp-content\/uploads\/2024\/12\/335\u4ea7\u54c1\u7ec6\u8282\u56fe8_WH_800x800px-600x600.webp 600w, https:\/\/www.hcxmachinery.com\/wp-content\/uploads\/2024\/12\/335\u4ea7\u54c1\u7ec6\u8282\u56fe8_WH_800x800px-100x100.webp 100w, https:\/\/www.hcxmachinery.com\/wp-content\/uploads\/2024\/12\/335\u4ea7\u54c1\u7ec6\u8282\u56fe8_WH_800x800px.webp 800w\" sizes=\"(max-width: 300px) 100vw, 300px\" \/> <img loading=\"lazy\" decoding=\"async\" class=\"alignnone size-medium wp-image-2020\" src=\"https:\/\/www.hcxmachinery.com\/wp-content\/uploads\/2024\/12\/335\u4ea7\u54c1\u7ec6\u8282\u56fe9_WH_800x800px-300x300.webp\" alt=\"\" width=\"300\" height=\"300\" title=\"\" srcset=\"https:\/\/www.hcxmachinery.com\/wp-content\/uploads\/2024\/12\/335\u4ea7\u54c1\u7ec6\u8282\u56fe9_WH_800x800px-300x300.webp 300w, https:\/\/www.hcxmachinery.com\/wp-content\/uploads\/2024\/12\/335\u4ea7\u54c1\u7ec6\u8282\u56fe9_WH_800x800px-150x150.webp 150w, https:\/\/www.hcxmachinery.com\/wp-content\/uploads\/2024\/12\/335\u4ea7\u54c1\u7ec6\u8282\u56fe9_WH_800x800px-768x768.webp 768w, https:\/\/www.hcxmachinery.com\/wp-content\/uploads\/2024\/12\/335\u4ea7\u54c1\u7ec6\u8282\u56fe9_WH_800x800px-600x600.webp 600w, https:\/\/www.hcxmachinery.com\/wp-content\/uploads\/2024\/12\/335\u4ea7\u54c1\u7ec6\u8282\u56fe9_WH_800x800px-100x100.webp 100w, https:\/\/www.hcxmachinery.com\/wp-content\/uploads\/2024\/12\/335\u4ea7\u54c1\u7ec6\u8282\u56fe9_WH_800x800px.webp 800w\" sizes=\"(max-width: 300px) 100vw, 300px\" \/><\/p>\n<h2><\/h2>\n<p>&nbsp;<\/p>","protected":false},"excerpt":{"rendered":"<p>XE335E 1.More energy-saving and environment-friendly: XCMG special motor with customized torque curve, low-speed high torque, good economy, constant power mode [&hellip;]<\/p>","protected":false},"featured_media":2011,"template":"","meta":{"_acf_changed":false,"site-sidebar-layout":"default","site-content-layout":"","ast-site-content-layout":"default","site-content-style":"default","site-sidebar-style":"default","ast-global-header-display":"","ast-banner-title-visibility":"","ast-main-header-display":"","ast-hfb-above-header-display":"","ast-hfb-below-header-display":"","ast-hfb-mobile-header-display":"","site-post-title":"","ast-breadcrumbs-content":"","ast-featured-img":"","footer-sml-layout":"","theme-transparent-header-meta":"default","adv-header-id-meta":"","stick-header-meta":"default","header-above-stick-meta":"","header-main-stick-meta":"","header-below-stick-meta":"","astra-migrate-meta-layouts":"set","ast-page-background-enabled":"default","ast-page-background-meta":{"desktop":{"background-color":"var(--ast-global-color-4)","background-image":"","background-repeat":"repeat","background-position":"center center","background-size":"auto","background-attachment":"scroll","background-type":"","background-media":"","overlay-type":"","overlay-color":"","overlay-opacity":"","overlay-gradient":""},"tablet":{"background-color":"","background-image":"","background-repeat":"repeat","background-position":"center center","background-size":"auto","background-attachment":"scroll","background-type":"","background-media":"","overlay-type":"","overlay-color":"","overlay-opacity":"","overlay-gradient":""},"mobile":{"background-color":"","background-image":"","background-repeat":"repeat","background-position":"center center","background-size":"auto","background-attachment":"scroll","background-type":"","background-media":"","overlay-type":"","overlay-color":"","overlay-opacity":"","overlay-gradient":""}},"ast-content-background-meta":{"desktop":{"background-color":"var(--ast-global-color-5)","background-image":"","background-repeat":"repeat","background-position":"center center","background-size":"auto","background-attachment":"scroll","background-type":"","background-media":"","overlay-type":"","overlay-color":"","overlay-opacity":"","overlay-gradient":""},"tablet":{"background-color":"var(--ast-global-color-5)","background-image":"","background-repeat":"repeat","background-position":"center center","background-size":"auto","background-attachment":"scroll","background-type":"","background-media":"","overlay-type":"","overlay-color":"","overlay-opacity":"","overlay-gradient":""},"mobile":{"background-color":"var(--ast-global-color-5)","background-image":"","background-repeat":"repeat","background-position":"center center","background-size":"auto","background-attachment":"scroll","background-type":"","background-media":"","overlay-type":"","overlay-color":"","overlay-opacity":"","overlay-gradient":""}}},"product_cat":[19,39],"product_tag":[],"class_list":{"0":"post-2007","1":"product","2":"type-product","3":"status-publish","4":"has-post-thumbnail","6":"product_cat-excavator","7":"product_cat-new-energy-excavator","8":"desktop-align-left","9":"tablet-align-left","10":"mobile-align-left","11":"ast-product-gallery-layout-horizontal-slider","12":"ast-magnify-disabled","13":"ast-product-tabs-layout-horizontal","15":"first","16":"instock","17":"shipping-taxable","18":"product-type-simple"},"acf":[],"_links":{"self":[{"href":"https:\/\/www.hcxmachinery.com\/pt\/wp-json\/wp\/v2\/product\/2007"}],"collection":[{"href":"https:\/\/www.hcxmachinery.com\/pt\/wp-json\/wp\/v2\/product"}],"about":[{"href":"https:\/\/www.hcxmachinery.com\/pt\/wp-json\/wp\/v2\/types\/product"}],"version-history":[{"count":9,"href":"https:\/\/www.hcxmachinery.com\/pt\/wp-json\/wp\/v2\/product\/2007\/revisions"}],"predecessor-version":[{"id":3330,"href":"https:\/\/www.hcxmachinery.com\/pt\/wp-json\/wp\/v2\/product\/2007\/revisions\/3330"}],"wp:featuredmedia":[{"embeddable":true,"href":"https:\/\/www.hcxmachinery.com\/pt\/wp-json\/wp\/v2\/media\/2011"}],"wp:attachment":[{"href":"https:\/\/www.hcxmachinery.com\/pt\/wp-json\/wp\/v2\/media?parent=2007"}],"wp:term":[{"taxonomy":"product_cat","embeddable":true,"href":"https:\/\/www.hcxmachinery.com\/pt\/wp-json\/wp\/v2\/product_cat?post=2007"},{"taxonomy":"product_tag","embeddable":true,"href":"https:\/\/www.hcxmachinery.com\/pt\/wp-json\/wp\/v2\/product_tag?post=2007"}],"curies":[{"name":"wp","href":"https:\/\/api.w.org\/{rel}","templated":true}]}}