{"id":1875,"date":"2024-12-16T01:04:54","date_gmt":"2024-12-16T01:04:54","guid":{"rendered":"https:\/\/www.hcxmachinery.com\/?post_type=product&#038;p=1875"},"modified":"2025-12-30T03:41:34","modified_gmt":"2025-12-30T03:41:34","slug":"escavadora-maritima-xe220sl","status":"publish","type":"product","link":"https:\/\/www.hcxmachinery.com\/pt\/produto\/escavadora-maritima-xe220sl\/","title":{"rendered":"Escavadeira mar\u00edtima XE220SL de boa qualidade"},"content":{"rendered":"<h2 class=\"auto-hide-last-sibling-br paragraph-JOTKXA paragraph-element br-paragraph-space\">XE220SL<\/h2>\n<div class=\"auto-hide-last-sibling-br paragraph-JOTKXA paragraph-element br-paragraph-space\">A s\u00e9rie de linhas de produtos de escavadoras mar\u00edtimas com a mais forte adaptabilidade na ind\u00fastria pode fornecer requisitos personalizados. S\u00e3o aplic\u00e1veis \u00e0 escava\u00e7\u00e3o de rios, dragagem, repara\u00e7\u00e3o de taludes, constru\u00e7\u00e3o de aterros e constru\u00e7\u00e3o de condutas de drenagem; preven\u00e7\u00e3o de inunda\u00e7\u00f5es e trabalhos de salvamento e limpeza de emerg\u00eancia, tratamento de plan\u00edcies de mar\u00e9 costeiras e projectos de recupera\u00e7\u00e3o mar\u00edtima, bem como projectos de localiza\u00e7\u00e3o de po\u00e7os em campos de petr\u00f3leo e g\u00e1s em mar raso.<\/div>\n<div class=\"auto-hide-last-sibling-br paragraph-JOTKXA paragraph-element br-paragraph-space\">Os nossos principais clientes s\u00e3o empresas municipais de manuten\u00e7\u00e3o, grandes projectos de constru\u00e7\u00e3o de tratamento de plan\u00edcies de mar\u00e9 e de recupera\u00e7\u00e3o de mares e opera\u00e7\u00f5es de salvamento de emerg\u00eancia.<\/div>\n<div><\/div>\n<div>\n<table width=\"362\">\n<tbody>\n<tr>\n<td colspan=\"2\" width=\"362\">\n<h1>PAR\u00c2METROS<\/h1>\n<\/td>\n<\/tr>\n<tr>\n<td width=\"253\">Modelo<\/td>\n<td width=\"109\">XE220SL<\/td>\n<\/tr>\n<tr>\n<td width=\"253\">Peso bruto (kg)<\/td>\n<td width=\"109\">30600<\/td>\n<\/tr>\n<tr>\n<td width=\"253\">Capacidade do balde (m\u00b3)<\/td>\n<td width=\"109\">0.8<\/td>\n<\/tr>\n<tr>\n<td width=\"253\">Raio m\u00e1ximo de escava\u00e7\u00e3o (mm)<\/td>\n<td width=\"109\">12090<\/td>\n<\/tr>\n<tr>\n<td width=\"253\">Capacidade do dep\u00f3sito de gas\u00f3leo (L)<\/td>\n<td width=\"109\">1200<\/td>\n<\/tr>\n<\/tbody>\n<\/table>\n<p>&nbsp;<\/p>\n<\/div>","protected":false},"excerpt":{"rendered":"<p class=\"auto-hide-last-sibling-br paragraph-JOTKXA paragraph-element br-paragraph-space\">INTRODU\u00c7\u00c3O DO PRODUTO<\/p>\n<div class=\"auto-hide-last-sibling-br paragraph-JOTKXA paragraph-element br-paragraph-space\">A s\u00e9rie de linhas de produtos de escavadoras mar\u00edtimas com a mais forte adaptabilidade na ind\u00fastria pode fornecer requisitos personalizados. S\u00e3o aplic\u00e1veis \u00e0 escava\u00e7\u00e3o de rios, dragagem, repara\u00e7\u00e3o de taludes, constru\u00e7\u00e3o de aterros e constru\u00e7\u00e3o de condutas de drenagem; preven\u00e7\u00e3o de inunda\u00e7\u00f5es e trabalhos de salvamento e limpeza de emerg\u00eancia, tratamento de plan\u00edcies de mar\u00e9 costeiras e projectos de recupera\u00e7\u00e3o mar\u00edtima, bem como projectos de localiza\u00e7\u00e3o de po\u00e7os em campos de petr\u00f3leo e g\u00e1s em mar raso.<\/div>","protected":false},"featured_media":1876,"template":"","meta":{"_acf_changed":false,"site-sidebar-layout":"default","site-content-layout":"","ast-site-content-layout":"default","site-content-style":"default","site-sidebar-style":"default","ast-global-header-display":"","ast-banner-title-visibility":"","ast-main-header-display":"","ast-hfb-above-header-display":"","ast-hfb-below-header-display":"","ast-hfb-mobile-header-display":"","site-post-title":"","ast-breadcrumbs-content":"","ast-featured-img":"","footer-sml-layout":"","theme-transparent-header-meta":"default","adv-header-id-meta":"","stick-header-meta":"default","header-above-stick-meta":"","header-main-stick-meta":"","header-below-stick-meta":"","astra-migrate-meta-layouts":"set","ast-page-background-enabled":"default","ast-page-background-meta":{"desktop":{"background-color":"var(--ast-global-color-4)","background-image":"","background-repeat":"repeat","background-position":"center center","background-size":"auto","background-attachment":"scroll","background-type":"","background-media":"","overlay-type":"","overlay-color":"","overlay-opacity":"","overlay-gradient":""},"tablet":{"background-color":"","background-image":"","background-repeat":"repeat","background-position":"center center","background-size":"auto","background-attachment":"scroll","background-type":"","background-media":"","overlay-type":"","overlay-color":"","overlay-opacity":"","overlay-gradient":""},"mobile":{"background-color":"","background-image":"","background-repeat":"repeat","background-position":"center center","background-size":"auto","background-attachment":"scroll","background-type":"","background-media":"","overlay-type":"","overlay-color":"","overlay-opacity":"","overlay-gradient":""}},"ast-content-background-meta":{"desktop":{"background-color":"var(--ast-global-color-5)","background-image":"","background-repeat":"repeat","background-position":"center center","background-size":"auto","background-attachment":"scroll","background-type":"","background-media":"","overlay-type":"","overlay-color":"","overlay-opacity":"","overlay-gradient":""},"tablet":{"background-color":"var(--ast-global-color-5)","background-image":"","background-repeat":"repeat","background-position":"center center","background-size":"auto","background-attachment":"scroll","background-type":"","background-media":"","overlay-type":"","overlay-color":"","overlay-opacity":"","overlay-gradient":""},"mobile":{"background-color":"var(--ast-global-color-5)","background-image":"","background-repeat":"repeat","background-position":"center center","background-size":"auto","background-attachment":"scroll","background-type":"","background-media":"","overlay-type":"","overlay-color":"","overlay-opacity":"","overlay-gradient":""}}},"product_cat":[40],"product_tag":[],"class_list":{"0":"post-1875","1":"product","2":"type-product","3":"status-publish","4":"has-post-thumbnail","6":"product_cat-special-operations-excavator","7":"desktop-align-left","8":"tablet-align-left","9":"mobile-align-left","10":"ast-product-gallery-layout-horizontal-slider","11":"ast-product-gallery-with-no-image","12":"ast-magnify-disabled","13":"ast-product-tabs-layout-horizontal","15":"first","16":"instock","17":"shipping-taxable","18":"product-type-simple"},"acf":[],"_links":{"self":[{"href":"https:\/\/www.hcxmachinery.com\/pt\/wp-json\/wp\/v2\/product\/1875"}],"collection":[{"href":"https:\/\/www.hcxmachinery.com\/pt\/wp-json\/wp\/v2\/product"}],"about":[{"href":"https:\/\/www.hcxmachinery.com\/pt\/wp-json\/wp\/v2\/types\/product"}],"version-history":[{"count":16,"href":"https:\/\/www.hcxmachinery.com\/pt\/wp-json\/wp\/v2\/product\/1875\/revisions"}],"predecessor-version":[{"id":3454,"href":"https:\/\/www.hcxmachinery.com\/pt\/wp-json\/wp\/v2\/product\/1875\/revisions\/3454"}],"wp:featuredmedia":[{"embeddable":true,"href":"https:\/\/www.hcxmachinery.com\/pt\/wp-json\/wp\/v2\/media\/1876"}],"wp:attachment":[{"href":"https:\/\/www.hcxmachinery.com\/pt\/wp-json\/wp\/v2\/media?parent=1875"}],"wp:term":[{"taxonomy":"product_cat","embeddable":true,"href":"https:\/\/www.hcxmachinery.com\/pt\/wp-json\/wp\/v2\/product_cat?post=1875"},{"taxonomy":"product_tag","embeddable":true,"href":"https:\/\/www.hcxmachinery.com\/pt\/wp-json\/wp\/v2\/product_tag?post=1875"}],"curies":[{"name":"wp","href":"https:\/\/api.w.org\/{rel}","templated":true}]}}