{"id":1870,"date":"2024-12-16T00:55:50","date_gmt":"2024-12-16T00:55:50","guid":{"rendered":"https:\/\/www.hcxmachinery.com\/?post_type=product&#038;p=1870"},"modified":"2025-12-08T08:14:15","modified_gmt":"2025-12-08T08:14:15","slug":"xe600em-crawler-grabber","status":"publish","type":"product","link":"https:\/\/www.hcxmachinery.com\/pt\/produto\/xe600em-crawler-grabber\/","title":{"rendered":"M\u00e1quina de extra\u00e7\u00e3o de material sobre lagartas XE600EM de alta qualidade"},"content":{"rendered":"<h2 class=\"auto-hide-last-sibling-br paragraph-JOTKXA paragraph-element br-paragraph-space\">CARACTER\u00cdSTICAS DO PRODUTO<\/h2>\n<div class=\"auto-hide-last-sibling-br paragraph-JOTKXA paragraph-element br-paragraph-space\">A m\u00e1quina de captura de material XCMG \u00e9 um produto totalmente novo desenvolvido independentemente pelo Grupo XCMG. Tem maior pot\u00eancia, menor consumo de combust\u00edvel e melhor desempenho de trabalho, e pode atender a uma variedade de requisitos de opera\u00e7\u00e3o diferentes. A sua adaptabilidade \u00e0s condi\u00e7\u00f5es de trabalho foi melhorada.<\/div>\n<div class=\"auto-hide-last-sibling-br paragraph-JOTKXA paragraph-element br-paragraph-space\">A m\u00e1quina est\u00e1 equipada com uma garra de cinco dentes em flor de ameixa como padr\u00e3o, que \u00e9 adequada para o carregamento, descarregamento, empilhamento e transbordo de materiais como sucata de a\u00e7o, materiais fragmentados e madeira em empresas sider\u00fargicas, portos, cais, portos ferrovi\u00e1rios e p\u00e1tios de carga. E pode ser opcionalmente equipado com v\u00e1rias ferramentas de trabalho, tais como garras de concha, garras de madeira, ventosas el\u00e9ctricas e aparelhos de eleva\u00e7\u00e3o para conseguir agarrar, carregar, descarregar e separar v\u00e1rios materiais, tais como carv\u00e3o bruto, troncos, metais, aparas de madeira e forragem, satisfazendo as necessidades dos clientes em v\u00e1rias condi\u00e7\u00f5es de trabalho. O peso operacional desta m\u00e1quina de agarrar materiais XE600EM \u00e9 de 60.000 kg. A capacidade da garra de flor de ameixa \u00e9 de 1,0 m\u00b3, e a pot\u00eancia nominal do motor el\u00e9trico \u00e9 de 200 kW a 1485 rpm.<\/div>\n<div><\/div>\n<h2>PAR\u00c2METROS<\/h2>\n<div>\n<table width=\"355\">\n<tbody>\n<tr>\n<td colspan=\"3\" width=\"355\">\n<h5>Motor el\u00e9trico<\/h5>\n<\/td>\n<\/tr>\n<tr>\n<td width=\"156\">Modelo<\/td>\n<td width=\"78\">\/<\/td>\n<td width=\"121\">\u00a0YE3-315<\/td>\n<\/tr>\n<tr>\n<td width=\"156\">Pot\u00eancia nominal \/ velocidade de rota\u00e7\u00e3o<\/td>\n<td width=\"78\">kw\/rpm<\/td>\n<td width=\"121\">\u00a0200\/1485<\/td>\n<\/tr>\n<tr>\n<td width=\"156\">Tens\u00e3o<\/td>\n<td width=\"78\">V<\/td>\n<td width=\"121\">\u00a0\u00a0 380<\/td>\n<\/tr>\n<tr>\n<td width=\"156\">N\u00famero de fases<\/td>\n<td width=\"78\"><\/td>\n<td width=\"121\">\u00a0\u00a0 Trif\u00e1sico<\/td>\n<\/tr>\n<tr>\n<td width=\"156\">Formul\u00e1rio atual<\/td>\n<td width=\"78\"><\/td>\n<td width=\"121\">\u00a0\u00a0 CA (corrente alternada)<\/td>\n<\/tr>\n<tr>\n<td colspan=\"3\" width=\"355\">\n<h5>Desempenho principal<\/h5>\n<\/td>\n<\/tr>\n<tr>\n<td width=\"156\">Velocidade de desloca\u00e7\u00e3o<\/td>\n<td width=\"78\">km\/h<\/td>\n<td width=\"121\">\u00a0 5.4\/3.2<\/td>\n<\/tr>\n<tr>\n<td width=\"156\">Velocidade de oscila\u00e7\u00e3o<\/td>\n<td width=\"78\">r\/min<\/td>\n<td width=\"121\">\u00a0\u00a0 00-8<\/td>\n<\/tr>\n<tr>\n<td width=\"156\">Capacidade de escalada<\/td>\n<td width=\"78\">%<\/td>\n<td width=\"121\">\u00a0\u00a0 40<\/td>\n<\/tr>\n<tr>\n<td width=\"156\">For\u00e7a de tra\u00e7\u00e3o m\u00e1xima<\/td>\n<td width=\"78\">kN<\/td>\n<td width=\"121\">\u00a0\u00a0 335<\/td>\n<\/tr>\n<tr>\n<td width=\"156\">Press\u00e3o no solo<\/td>\n<td width=\"78\">kPa<\/td>\n<td width=\"121\">\u00a0\u00a0 105<\/td>\n<\/tr>\n<tr>\n<td colspan=\"3\" width=\"355\">\n<h5>Sistema hidr\u00e1ulico<\/h5>\n<\/td>\n<\/tr>\n<tr>\n<td width=\"156\">Caudal nominal da bomba principal<\/td>\n<td width=\"78\">L\/min<\/td>\n<td width=\"121\">\u00a0 2\u00d7314<\/td>\n<\/tr>\n<tr>\n<td width=\"156\">Press\u00e3o da v\u00e1lvula de al\u00edvio principal<\/td>\n<td width=\"78\">MPa<\/td>\n<td width=\"121\">\u00a034.3\/37<\/td>\n<\/tr>\n<tr>\n<td width=\"156\">Press\u00e3o da v\u00e1lvula do sistema de desloca\u00e7\u00e3o<\/td>\n<td width=\"78\">MPa<\/td>\n<td width=\"121\">\u00a0\u00a0 34.3<\/td>\n<\/tr>\n<tr>\n<td width=\"156\">Press\u00e3o do sistema de oscila\u00e7\u00e3o<\/td>\n<td width=\"78\">MPa<\/td>\n<td width=\"121\">\u00a0\u00a0 26.5<\/td>\n<\/tr>\n<tr>\n<td width=\"156\">Press\u00e3o do sistema piloto<\/td>\n<td width=\"78\">MPa<\/td>\n<td width=\"121\">\u00a0\u00a0 3.9<\/td>\n<\/tr>\n<tr>\n<td colspan=\"3\" width=\"355\">\n<h5>Capacidade de \u00f3leo<\/h5>\n<\/td>\n<\/tr>\n<tr>\n<td width=\"156\">Volume do dep\u00f3sito de \u00f3leo hidr\u00e1ulico<\/td>\n<td width=\"78\">L<\/td>\n<td width=\"121\">\u00a0\u00a0 430<\/td>\n<\/tr>\n<tr>\n<td colspan=\"3\" width=\"355\">\n<h5>Dimens\u00e3o<\/h5>\n<\/td>\n<\/tr>\n<tr>\n<td width=\"156\">Comprimento total (incluindo o tambor do cabo)<\/td>\n<td width=\"78\">mm<\/td>\n<td width=\"121\">15365<\/td>\n<\/tr>\n<tr>\n<td width=\"156\">Largura total<\/td>\n<td width=\"78\">mm<\/td>\n<td width=\"121\">4400<\/td>\n<\/tr>\n<tr>\n<td width=\"156\">Altura total<\/td>\n<td width=\"78\">mm<\/td>\n<td width=\"121\">3410<\/td>\n<\/tr>\n<tr>\n<td colspan=\"3\" width=\"355\">\n<h5>Gama de trabalho<\/h5>\n<\/td>\n<\/tr>\n<tr>\n<td width=\"156\">Altura m\u00e1xima de eleva\u00e7\u00e3o<\/td>\n<td width=\"78\">mm<\/td>\n<td width=\"121\">12175<\/td>\n<\/tr>\n<tr>\n<td width=\"156\">Profundidade m\u00e1xima de escava\u00e7\u00e3o<\/td>\n<td width=\"78\">mm<\/td>\n<td width=\"121\">9160<\/td>\n<\/tr>\n<tr>\n<td width=\"156\">Raio m\u00e1ximo de escava\u00e7\u00e3o<\/td>\n<td width=\"78\">mm<\/td>\n<td width=\"121\">16290<\/td>\n<\/tr>\n<tr>\n<td colspan=\"2\" width=\"234\">Carga te\u00f3rica no raio m\u00e1ximo de trabalho (incluindo a garra)T<\/td>\n<td width=\"121\">4.8<\/td>\n<\/tr>\n<tr>\n<td colspan=\"3\" width=\"355\">\n<h5>Equipamento opcional<\/h5>\n<\/td>\n<\/tr>\n<tr>\n<td width=\"156\">Capacidade do balde para garra do tipo concha<\/td>\n<td width=\"78\">m\u00b3<\/td>\n<td width=\"121\">1.5~3<\/td>\n<\/tr>\n<\/tbody>\n<\/table>\n<\/div>","protected":false},"excerpt":{"rendered":"<p class=\"auto-hide-last-sibling-br paragraph-JOTKXA paragraph-element br-paragraph-space\">INTRODU\u00c7\u00c3O DO PRODUTO<\/p>\n<p>The operating weight of this material-grabbing machine XE600EM is 60,000 Kg. The capacity of the plum-blossom grab is 1.0 m\u00b3, and the rated power of the electric motor is 200 kW at 1485 rpm.<\/p>","protected":false},"featured_media":1871,"template":"","meta":{"_acf_changed":false,"site-sidebar-layout":"default","site-content-layout":"","ast-site-content-layout":"default","site-content-style":"default","site-sidebar-style":"default","ast-global-header-display":"","ast-banner-title-visibility":"","ast-main-header-display":"","ast-hfb-above-header-display":"","ast-hfb-below-header-display":"","ast-hfb-mobile-header-display":"","site-post-title":"","ast-breadcrumbs-content":"","ast-featured-img":"","footer-sml-layout":"","theme-transparent-header-meta":"default","adv-header-id-meta":"","stick-header-meta":"default","header-above-stick-meta":"","header-main-stick-meta":"","header-below-stick-meta":"","astra-migrate-meta-layouts":"set","ast-page-background-enabled":"default","ast-page-background-meta":{"desktop":{"background-color":"var(--ast-global-color-4)","background-image":"","background-repeat":"repeat","background-position":"center center","background-size":"auto","background-attachment":"scroll","background-type":"","background-media":"","overlay-type":"","overlay-color":"","overlay-opacity":"","overlay-gradient":""},"tablet":{"background-color":"","background-image":"","background-repeat":"repeat","background-position":"center center","background-size":"auto","background-attachment":"scroll","background-type":"","background-media":"","overlay-type":"","overlay-color":"","overlay-opacity":"","overlay-gradient":""},"mobile":{"background-color":"","background-image":"","background-repeat":"repeat","background-position":"center center","background-size":"auto","background-attachment":"scroll","background-type":"","background-media":"","overlay-type":"","overlay-color":"","overlay-opacity":"","overlay-gradient":""}},"ast-content-background-meta":{"desktop":{"background-color":"var(--ast-global-color-5)","background-image":"","background-repeat":"repeat","background-position":"center center","background-size":"auto","background-attachment":"scroll","background-type":"","background-media":"","overlay-type":"","overlay-color":"","overlay-opacity":"","overlay-gradient":""},"tablet":{"background-color":"var(--ast-global-color-5)","background-image":"","background-repeat":"repeat","background-position":"center center","background-size":"auto","background-attachment":"scroll","background-type":"","background-media":"","overlay-type":"","overlay-color":"","overlay-opacity":"","overlay-gradient":""},"mobile":{"background-color":"var(--ast-global-color-5)","background-image":"","background-repeat":"repeat","background-position":"center center","background-size":"auto","background-attachment":"scroll","background-type":"","background-media":"","overlay-type":"","overlay-color":"","overlay-opacity":"","overlay-gradient":""}}},"product_cat":[40],"product_tag":[],"class_list":{"0":"post-1870","1":"product","2":"type-product","3":"status-publish","4":"has-post-thumbnail","6":"product_cat-special-operations-excavator","7":"desktop-align-left","8":"tablet-align-left","9":"mobile-align-left","10":"ast-product-gallery-layout-horizontal-slider","11":"ast-product-gallery-with-no-image","12":"ast-magnify-disabled","13":"ast-product-tabs-layout-horizontal","15":"first","16":"instock","17":"shipping-taxable","18":"product-type-simple"},"acf":[],"_links":{"self":[{"href":"https:\/\/www.hcxmachinery.com\/pt\/wp-json\/wp\/v2\/product\/1870"}],"collection":[{"href":"https:\/\/www.hcxmachinery.com\/pt\/wp-json\/wp\/v2\/product"}],"about":[{"href":"https:\/\/www.hcxmachinery.com\/pt\/wp-json\/wp\/v2\/types\/product"}],"version-history":[{"count":14,"href":"https:\/\/www.hcxmachinery.com\/pt\/wp-json\/wp\/v2\/product\/1870\/revisions"}],"predecessor-version":[{"id":3332,"href":"https:\/\/www.hcxmachinery.com\/pt\/wp-json\/wp\/v2\/product\/1870\/revisions\/3332"}],"wp:featuredmedia":[{"embeddable":true,"href":"https:\/\/www.hcxmachinery.com\/pt\/wp-json\/wp\/v2\/media\/1871"}],"wp:attachment":[{"href":"https:\/\/www.hcxmachinery.com\/pt\/wp-json\/wp\/v2\/media?parent=1870"}],"wp:term":[{"taxonomy":"product_cat","embeddable":true,"href":"https:\/\/www.hcxmachinery.com\/pt\/wp-json\/wp\/v2\/product_cat?post=1870"},{"taxonomy":"product_tag","embeddable":true,"href":"https:\/\/www.hcxmachinery.com\/pt\/wp-json\/wp\/v2\/product_tag?post=1870"}],"curies":[{"name":"wp","href":"https:\/\/api.w.org\/{rel}","templated":true}]}}