{"id":1279,"date":"2024-10-31T13:29:22","date_gmt":"2024-10-31T13:29:22","guid":{"rendered":"https:\/\/hcxmachinery.com\/?post_type=product&#038;p=1279"},"modified":"2025-12-08T08:14:11","modified_gmt":"2025-12-08T08:14:11","slug":"xe150wd","status":"publish","type":"product","link":"https:\/\/www.hcxmachinery.com\/pt\/produto\/xe150wd\/","title":{"rendered":"Escavadora de rodas hidr\u00e1ulica XCMG 150WD usada em bom estado para venda"},"content":{"rendered":"<h2>XE150WD<\/h2>\n<p>A escavadora hidr\u00e1ulica est\u00e1 equipada com um motor de bin\u00e1rio elevado de baixa velocidade com elevada efici\u00eancia e baixo consumo de combust\u00edvel. A grande estrutura inferior e o amortecedor piloto s\u00e3o mais est\u00e1veis e confort\u00e1veis de operar; as pe\u00e7as de manuten\u00e7\u00e3o s\u00e3o movidas para fora, o per\u00edodo de manuten\u00e7\u00e3o \u00e9 prolongado, a manuten\u00e7\u00e3o \u00e9 mais conveniente; uma variedade de acess\u00f3rios opcionais, bem como fun\u00e7\u00f5es de controlo adaptativo de altitude, a adaptabilidade do ambiente \u00e9 melhor. Pode ser amplamente utilizado em pequenas e m\u00e9dias obras de terra e pedra, constru\u00e7\u00e3o de estradas e pontes, abertura de valas e constru\u00e7\u00e3o, conserva\u00e7\u00e3o de \u00e1gua em terras agr\u00edcolas, dragagem de rios e constru\u00e7\u00e3o municipal. Tamb\u00e9m pode realizar diferentes opera\u00e7\u00f5es, como escava\u00e7\u00e3o, tritura\u00e7\u00e3o e desmontagem, e \u00e9 altamente adapt\u00e1vel \u00e0s condi\u00e7\u00f5es de trabalho.<\/p>\n<h2 class=\"fe-bold mb-3\">PAR\u00c2METROS<\/h2>\n<div class=\"scrollable-div\">\n<table width=\"1041\">\n<tbody>\n<tr>\n<td colspan=\"2\" width=\"686\">Modelo<\/td>\n<td width=\"143\">Unidade<\/td>\n<td width=\"211\">\u00a0Medi\u00e7\u00e3o<\/td>\n<\/tr>\n<tr>\n<td colspan=\"2\">Peso operacional<\/td>\n<td>Kg<\/td>\n<td>20200<\/td>\n<\/tr>\n<tr>\n<td colspan=\"2\">Capacidade do balde<\/td>\n<td>m\u00b3<\/td>\n<td>0.86<\/td>\n<\/tr>\n<tr>\n<td rowspan=\"5\" width=\"204\">Motor<\/td>\n<td>Modelo<\/td>\n<td>\/<\/td>\n<td>6B5.9<\/td>\n<\/tr>\n<tr>\n<td>Pot\u00eancia de sa\u00edda<\/td>\n<td>kW\/r\/min<\/td>\n<td>133\/2000<\/td>\n<\/tr>\n<tr>\n<td>Bin\u00e1rio\/velocidade m\u00e1xima<\/td>\n<td>N.m<\/td>\n<td>708\/1500<\/td>\n<\/tr>\n<tr>\n<td>\u00a0Desloca\u00e7\u00e3o<\/td>\n<td>L<\/td>\n<td>5.9<\/td>\n<\/tr>\n<tr>\n<td>Dep\u00f3sito de combust\u00edvel<\/td>\n<td>L<\/td>\n<td>305<\/td>\n<\/tr>\n<tr>\n<td rowspan=\"9\" width=\"204\">Desempenho principal<\/td>\n<td>Caudal nominal<\/td>\n<td>L\/min<\/td>\n<td>2\u00d7220<\/td>\n<\/tr>\n<tr>\n<td>Press\u00e3o de trabalho<\/td>\n<td>MPa<\/td>\n<td>31.4\/34.3<\/td>\n<\/tr>\n<tr>\n<td>\u00a0Dep\u00f3sito hidr\u00e1ulico<\/td>\n<td>L<\/td>\n<td>202<\/td>\n<\/tr>\n<tr>\n<td>\u00a0Velocidade de oscila\u00e7\u00e3o<\/td>\n<td>r\/min<\/td>\n<td>13<\/td>\n<\/tr>\n<tr>\n<td>\u00a0For\u00e7a de escava\u00e7\u00e3o do balde<\/td>\n<td>kN<\/td>\n<td>115<\/td>\n<\/tr>\n<tr>\n<td>\u00a0For\u00e7a de escava\u00e7\u00e3o do bra\u00e7o<\/td>\n<td>kN<\/td>\n<td>91<\/td>\n<\/tr>\n<tr>\n<td>\u00a0Raio de viragem m\u00ednimo<\/td>\n<td>mm<\/td>\n<td>6500<\/td>\n<\/tr>\n<tr>\n<td>\u00a0Velocidade de desloca\u00e7\u00e3o<\/td>\n<td>km\/h<\/td>\n<td>9.5\/31<\/td>\n<\/tr>\n<tr>\n<td>\u00a0Capacidade de classifica\u00e7\u00e3o<\/td>\n<td>%<\/td>\n<td>70%<\/td>\n<\/tr>\n<tr>\n<td width=\"204\">Sistema hidr\u00e1ulico<\/td>\n<td>\u00a0Bomba principal\/Bomba piloto<\/td>\n<td>\/<\/td>\n<td width=\"211\">2 Bombas de \u00eambolo<\/td>\n<\/tr>\n<tr>\n<td rowspan=\"13\" width=\"204\">Tamanho da apar\u00eancia<\/td>\n<td>A Comprimento total<\/td>\n<td>mm<\/td>\n<td>9597<\/td>\n<\/tr>\n<tr>\n<td>B Largura total<\/td>\n<td>mm<\/td>\n<td>2552<\/td>\n<\/tr>\n<tr>\n<td>C Altura total<\/td>\n<td>mm<\/td>\n<td>3590<\/td>\n<\/tr>\n<tr>\n<td>D Folga do contrapeso<\/td>\n<td>mm<\/td>\n<td>1250<\/td>\n<\/tr>\n<tr>\n<td>E Dist\u00e2ncia m\u00ednima ao solo<\/td>\n<td>mm<\/td>\n<td>340<\/td>\n<\/tr>\n<tr>\n<td>Raio de viragem da cauda F<\/td>\n<td>mm<\/td>\n<td>2820<\/td>\n<\/tr>\n<tr>\n<td>G Comprimento at\u00e9 ao centro dos rolos<\/td>\n<td>mm<\/td>\n<td>2850<\/td>\n<\/tr>\n<tr>\n<td>H Largura do piso<\/td>\n<td>mm<\/td>\n<td>1890<\/td>\n<\/tr>\n<tr>\n<td>I Largura do quadro<\/td>\n<td>mm<\/td>\n<td>2495<\/td>\n<\/tr>\n<tr>\n<td width=\"481\">J Dist\u00e2ncia da ponte dianteira ao centro rotativo<\/td>\n<td>mm<\/td>\n<td>1550<\/td>\n<\/tr>\n<tr>\n<td>K Altura do capuz<\/td>\n<td>mm<\/td>\n<td>2542<\/td>\n<\/tr>\n<tr>\n<td>L Profundidade m\u00e1xima de escava\u00e7\u00e3o do bulldozer<\/td>\n<td>mm<\/td>\n<td>145<\/td>\n<\/tr>\n<tr>\n<td>Dozer (largura\/altura)<\/td>\n<td>mm<\/td>\n<td>2495\/566<\/td>\n<\/tr>\n<tr>\n<td rowspan=\"8\" width=\"204\">\u00c2mbito de aplica\u00e7\u00e3o<\/td>\n<td>A Raio m\u00e1ximo de escava\u00e7\u00e3o<\/td>\n<td>mm<\/td>\n<td>9840<\/td>\n<\/tr>\n<tr>\n<td>B Dist\u00e2ncia m\u00e1xima de escava\u00e7\u00e3o<\/td>\n<td>mm<\/td>\n<td>9638<\/td>\n<\/tr>\n<tr>\n<td>C Altura m\u00e1xima de escava\u00e7\u00e3o<\/td>\n<td>mm<\/td>\n<td>9000<\/td>\n<\/tr>\n<tr>\n<td>D Altura m\u00e1xima de despejo<\/td>\n<td>mm<\/td>\n<td>7000<\/td>\n<\/tr>\n<tr>\n<td>E Profundidade m\u00e1xima de escava\u00e7\u00e3o<\/td>\n<td>mm<\/td>\n<td>6460<\/td>\n<\/tr>\n<tr>\n<td width=\"481\">F Profundidade m\u00e1xima de corte para um fundo nivelado de 2240 mm (8 p\u00e9s)<\/td>\n<td>mm<\/td>\n<td>6285<\/td>\n<\/tr>\n<tr>\n<td>G Profundidade m\u00e1xima de escava\u00e7\u00e3o vertical da parede<\/td>\n<td>mm<\/td>\n<td>5810<\/td>\n<\/tr>\n<tr>\n<td>H Altura m\u00e1xima de eleva\u00e7\u00e3o do bulldozer<\/td>\n<td>mm<\/td>\n<td>497<\/td>\n<\/tr>\n<tr>\n<td width=\"204\">Configura\u00e7\u00e3o standard<\/td>\n<td>\/<\/td>\n<td>\/<\/td>\n<td>Lan\u00e7a \u00fanica<\/td>\n<\/tr>\n<tr>\n<td width=\"204\">Configura\u00e7\u00e3o opcional 1<\/td>\n<td>\/<\/td>\n<td>\/<\/td>\n<td width=\"211\">\/<\/td>\n<\/tr>\n<tr>\n<td width=\"204\">Configura\u00e7\u00e3o opcional 2<\/td>\n<td>\/<\/td>\n<td>\/<\/td>\n<td width=\"211\">\/<\/td>\n<\/tr>\n<\/tbody>\n<\/table>\n<\/div>\n<p><img fetchpriority=\"high\" decoding=\"async\" class=\"alignnone size-medium wp-image-1888\" src=\"https:\/\/www.hcxmachinery.com\/wp-content\/uploads\/2024\/10\/150WD\u4ea7\u54c1\u76f8\u518c\u56fe1\u6700\u65b0-300x300.webp\" alt=\"\" width=\"300\" height=\"300\" title=\"\" srcset=\"https:\/\/www.hcxmachinery.com\/wp-content\/uploads\/2024\/10\/150WD\u4ea7\u54c1\u76f8\u518c\u56fe1\u6700\u65b0-300x300.webp 300w, https:\/\/www.hcxmachinery.com\/wp-content\/uploads\/2024\/10\/150WD\u4ea7\u54c1\u76f8\u518c\u56fe1\u6700\u65b0-150x150.webp 150w, https:\/\/www.hcxmachinery.com\/wp-content\/uploads\/2024\/10\/150WD\u4ea7\u54c1\u76f8\u518c\u56fe1\u6700\u65b0-768x768.webp 768w, https:\/\/www.hcxmachinery.com\/wp-content\/uploads\/2024\/10\/150WD\u4ea7\u54c1\u76f8\u518c\u56fe1\u6700\u65b0-600x600.webp 600w, https:\/\/www.hcxmachinery.com\/wp-content\/uploads\/2024\/10\/150WD\u4ea7\u54c1\u76f8\u518c\u56fe1\u6700\u65b0-100x100.webp 100w, https:\/\/www.hcxmachinery.com\/wp-content\/uploads\/2024\/10\/150WD\u4ea7\u54c1\u76f8\u518c\u56fe1\u6700\u65b0.webp 800w\" sizes=\"(max-width: 300px) 100vw, 300px\" \/> <img decoding=\"async\" class=\"alignnone size-medium wp-image-1887\" src=\"https:\/\/www.hcxmachinery.com\/wp-content\/uploads\/2024\/10\/150WD\u4ea7\u54c1\u76f8\u518c\u56fe7\u6700\u65b0-300x300.webp\" alt=\"\" width=\"300\" height=\"300\" title=\"\" srcset=\"https:\/\/www.hcxmachinery.com\/wp-content\/uploads\/2024\/10\/150WD\u4ea7\u54c1\u76f8\u518c\u56fe7\u6700\u65b0-300x300.webp 300w, https:\/\/www.hcxmachinery.com\/wp-content\/uploads\/2024\/10\/150WD\u4ea7\u54c1\u76f8\u518c\u56fe7\u6700\u65b0-150x150.webp 150w, https:\/\/www.hcxmachinery.com\/wp-content\/uploads\/2024\/10\/150WD\u4ea7\u54c1\u76f8\u518c\u56fe7\u6700\u65b0-768x768.webp 768w, https:\/\/www.hcxmachinery.com\/wp-content\/uploads\/2024\/10\/150WD\u4ea7\u54c1\u76f8\u518c\u56fe7\u6700\u65b0-600x600.webp 600w, https:\/\/www.hcxmachinery.com\/wp-content\/uploads\/2024\/10\/150WD\u4ea7\u54c1\u76f8\u518c\u56fe7\u6700\u65b0-100x100.webp 100w, https:\/\/www.hcxmachinery.com\/wp-content\/uploads\/2024\/10\/150WD\u4ea7\u54c1\u76f8\u518c\u56fe7\u6700\u65b0.webp 800w\" sizes=\"(max-width: 300px) 100vw, 300px\" \/> <img decoding=\"async\" class=\"alignnone size-medium wp-image-1889\" src=\"https:\/\/www.hcxmachinery.com\/wp-content\/uploads\/2024\/10\/150WD\u4ea7\u54c1\u76f8\u518c\u56fe2\u6700\u65b0-300x300.webp\" alt=\"\" width=\"300\" height=\"300\" title=\"\" srcset=\"https:\/\/www.hcxmachinery.com\/wp-content\/uploads\/2024\/10\/150WD\u4ea7\u54c1\u76f8\u518c\u56fe2\u6700\u65b0-300x300.webp 300w, https:\/\/www.hcxmachinery.com\/wp-content\/uploads\/2024\/10\/150WD\u4ea7\u54c1\u76f8\u518c\u56fe2\u6700\u65b0-150x150.webp 150w, https:\/\/www.hcxmachinery.com\/wp-content\/uploads\/2024\/10\/150WD\u4ea7\u54c1\u76f8\u518c\u56fe2\u6700\u65b0-768x768.webp 768w, https:\/\/www.hcxmachinery.com\/wp-content\/uploads\/2024\/10\/150WD\u4ea7\u54c1\u76f8\u518c\u56fe2\u6700\u65b0-600x600.webp 600w, https:\/\/www.hcxmachinery.com\/wp-content\/uploads\/2024\/10\/150WD\u4ea7\u54c1\u76f8\u518c\u56fe2\u6700\u65b0-100x100.webp 100w, https:\/\/www.hcxmachinery.com\/wp-content\/uploads\/2024\/10\/150WD\u4ea7\u54c1\u76f8\u518c\u56fe2\u6700\u65b0.webp 800w\" sizes=\"(max-width: 300px) 100vw, 300px\" \/> <img loading=\"lazy\" decoding=\"async\" class=\"alignnone size-medium wp-image-1890\" src=\"https:\/\/www.hcxmachinery.com\/wp-content\/uploads\/2024\/10\/150WD\u4ea7\u54c1\u76f8\u518c\u56fe3\u6700\u65b0-300x300.webp\" alt=\"\" width=\"300\" height=\"300\" title=\"\" srcset=\"https:\/\/www.hcxmachinery.com\/wp-content\/uploads\/2024\/10\/150WD\u4ea7\u54c1\u76f8\u518c\u56fe3\u6700\u65b0-300x300.webp 300w, https:\/\/www.hcxmachinery.com\/wp-content\/uploads\/2024\/10\/150WD\u4ea7\u54c1\u76f8\u518c\u56fe3\u6700\u65b0-150x150.webp 150w, https:\/\/www.hcxmachinery.com\/wp-content\/uploads\/2024\/10\/150WD\u4ea7\u54c1\u76f8\u518c\u56fe3\u6700\u65b0-768x768.webp 768w, https:\/\/www.hcxmachinery.com\/wp-content\/uploads\/2024\/10\/150WD\u4ea7\u54c1\u76f8\u518c\u56fe3\u6700\u65b0-600x600.webp 600w, https:\/\/www.hcxmachinery.com\/wp-content\/uploads\/2024\/10\/150WD\u4ea7\u54c1\u76f8\u518c\u56fe3\u6700\u65b0-100x100.webp 100w, https:\/\/www.hcxmachinery.com\/wp-content\/uploads\/2024\/10\/150WD\u4ea7\u54c1\u76f8\u518c\u56fe3\u6700\u65b0.webp 800w\" sizes=\"(max-width: 300px) 100vw, 300px\" \/> <img loading=\"lazy\" decoding=\"async\" class=\"alignnone size-medium wp-image-1891\" src=\"https:\/\/www.hcxmachinery.com\/wp-content\/uploads\/2024\/10\/150WD\u4ea7\u54c1\u76f8\u518c\u56fe4\u6700\u65b0-300x300.webp\" alt=\"\" width=\"300\" height=\"300\" title=\"\" srcset=\"https:\/\/www.hcxmachinery.com\/wp-content\/uploads\/2024\/10\/150WD\u4ea7\u54c1\u76f8\u518c\u56fe4\u6700\u65b0-300x300.webp 300w, https:\/\/www.hcxmachinery.com\/wp-content\/uploads\/2024\/10\/150WD\u4ea7\u54c1\u76f8\u518c\u56fe4\u6700\u65b0-150x150.webp 150w, https:\/\/www.hcxmachinery.com\/wp-content\/uploads\/2024\/10\/150WD\u4ea7\u54c1\u76f8\u518c\u56fe4\u6700\u65b0-768x768.webp 768w, https:\/\/www.hcxmachinery.com\/wp-content\/uploads\/2024\/10\/150WD\u4ea7\u54c1\u76f8\u518c\u56fe4\u6700\u65b0-600x600.webp 600w, https:\/\/www.hcxmachinery.com\/wp-content\/uploads\/2024\/10\/150WD\u4ea7\u54c1\u76f8\u518c\u56fe4\u6700\u65b0-100x100.webp 100w, https:\/\/www.hcxmachinery.com\/wp-content\/uploads\/2024\/10\/150WD\u4ea7\u54c1\u76f8\u518c\u56fe4\u6700\u65b0.webp 800w\" sizes=\"(max-width: 300px) 100vw, 300px\" \/> <img loading=\"lazy\" decoding=\"async\" class=\"alignnone size-medium wp-image-1892\" src=\"https:\/\/www.hcxmachinery.com\/wp-content\/uploads\/2024\/10\/150WD\u4ea7\u54c1\u76f8\u518c\u56fe5\u6700\u65b0-300x300.webp\" alt=\"\" width=\"300\" height=\"300\" title=\"\" srcset=\"https:\/\/www.hcxmachinery.com\/wp-content\/uploads\/2024\/10\/150WD\u4ea7\u54c1\u76f8\u518c\u56fe5\u6700\u65b0-300x300.webp 300w, https:\/\/www.hcxmachinery.com\/wp-content\/uploads\/2024\/10\/150WD\u4ea7\u54c1\u76f8\u518c\u56fe5\u6700\u65b0-150x150.webp 150w, https:\/\/www.hcxmachinery.com\/wp-content\/uploads\/2024\/10\/150WD\u4ea7\u54c1\u76f8\u518c\u56fe5\u6700\u65b0-768x768.webp 768w, https:\/\/www.hcxmachinery.com\/wp-content\/uploads\/2024\/10\/150WD\u4ea7\u54c1\u76f8\u518c\u56fe5\u6700\u65b0-600x600.webp 600w, https:\/\/www.hcxmachinery.com\/wp-content\/uploads\/2024\/10\/150WD\u4ea7\u54c1\u76f8\u518c\u56fe5\u6700\u65b0-100x100.webp 100w, https:\/\/www.hcxmachinery.com\/wp-content\/uploads\/2024\/10\/150WD\u4ea7\u54c1\u76f8\u518c\u56fe5\u6700\u65b0.webp 800w\" sizes=\"(max-width: 300px) 100vw, 300px\" \/> <img loading=\"lazy\" decoding=\"async\" class=\"alignnone size-medium wp-image-1893\" src=\"https:\/\/www.hcxmachinery.com\/wp-content\/uploads\/2024\/10\/150WD\u4ea7\u54c1\u76f8\u518c\u56fe6\u6700\u65b0-300x300.webp\" alt=\"\" width=\"300\" height=\"300\" title=\"\" srcset=\"https:\/\/www.hcxmachinery.com\/wp-content\/uploads\/2024\/10\/150WD\u4ea7\u54c1\u76f8\u518c\u56fe6\u6700\u65b0-300x300.webp 300w, https:\/\/www.hcxmachinery.com\/wp-content\/uploads\/2024\/10\/150WD\u4ea7\u54c1\u76f8\u518c\u56fe6\u6700\u65b0-150x150.webp 150w, https:\/\/www.hcxmachinery.com\/wp-content\/uploads\/2024\/10\/150WD\u4ea7\u54c1\u76f8\u518c\u56fe6\u6700\u65b0-768x768.webp 768w, https:\/\/www.hcxmachinery.com\/wp-content\/uploads\/2024\/10\/150WD\u4ea7\u54c1\u76f8\u518c\u56fe6\u6700\u65b0-600x600.webp 600w, https:\/\/www.hcxmachinery.com\/wp-content\/uploads\/2024\/10\/150WD\u4ea7\u54c1\u76f8\u518c\u56fe6\u6700\u65b0-100x100.webp 100w, https:\/\/www.hcxmachinery.com\/wp-content\/uploads\/2024\/10\/150WD\u4ea7\u54c1\u76f8\u518c\u56fe6\u6700\u65b0.webp 800w\" sizes=\"(max-width: 300px) 100vw, 300px\" \/><\/p>","protected":false},"excerpt":{"rendered":"<p>XE150WD The hydraulic excavator is equipped with a low-speed high-torque engine with high efficiency and low fuelconsumption. The large undercarrige [&hellip;]<\/p>","protected":false},"featured_media":1884,"template":"","meta":{"_acf_changed":false,"site-sidebar-layout":"default","site-content-layout":"","ast-site-content-layout":"default","site-content-style":"default","site-sidebar-style":"default","ast-global-header-display":"","ast-banner-title-visibility":"","ast-main-header-display":"","ast-hfb-above-header-display":"","ast-hfb-below-header-display":"","ast-hfb-mobile-header-display":"","site-post-title":"","ast-breadcrumbs-content":"","ast-featured-img":"","footer-sml-layout":"","theme-transparent-header-meta":"default","adv-header-id-meta":"","stick-header-meta":"default","header-above-stick-meta":"","header-main-stick-meta":"","header-below-stick-meta":"","astra-migrate-meta-layouts":"set","ast-page-background-enabled":"default","ast-page-background-meta":{"desktop":{"background-color":"var(--ast-global-color-4)","background-image":"","background-repeat":"repeat","background-position":"center center","background-size":"auto","background-attachment":"scroll","background-type":"","background-media":"","overlay-type":"","overlay-color":"","overlay-opacity":"","overlay-gradient":""},"tablet":{"background-color":"","background-image":"","background-repeat":"repeat","background-position":"center center","background-size":"auto","background-attachment":"scroll","background-type":"","background-media":"","overlay-type":"","overlay-color":"","overlay-opacity":"","overlay-gradient":""},"mobile":{"background-color":"","background-image":"","background-repeat":"repeat","background-position":"center center","background-size":"auto","background-attachment":"scroll","background-type":"","background-media":"","overlay-type":"","overlay-color":"","overlay-opacity":"","overlay-gradient":""}},"ast-content-background-meta":{"desktop":{"background-color":"var(--ast-global-color-5)","background-image":"","background-repeat":"repeat","background-position":"center center","background-size":"auto","background-attachment":"scroll","background-type":"","background-media":"","overlay-type":"","overlay-color":"","overlay-opacity":"","overlay-gradient":""},"tablet":{"background-color":"var(--ast-global-color-5)","background-image":"","background-repeat":"repeat","background-position":"center center","background-size":"auto","background-attachment":"scroll","background-type":"","background-media":"","overlay-type":"","overlay-color":"","overlay-opacity":"","overlay-gradient":""},"mobile":{"background-color":"var(--ast-global-color-5)","background-image":"","background-repeat":"repeat","background-position":"center center","background-size":"auto","background-attachment":"scroll","background-type":"","background-media":"","overlay-type":"","overlay-color":"","overlay-opacity":"","overlay-gradient":""}}},"product_cat":[19,38],"product_tag":[],"class_list":{"0":"post-1279","1":"product","2":"type-product","3":"status-publish","4":"has-post-thumbnail","6":"product_cat-excavator","7":"product_cat-whee-excavator","8":"desktop-align-left","9":"tablet-align-left","10":"mobile-align-left","11":"ast-product-gallery-layout-horizontal-slider","12":"ast-magnify-disabled","13":"ast-product-tabs-layout-horizontal","15":"first","16":"instock","17":"shipping-taxable","18":"product-type-simple"},"acf":[],"_links":{"self":[{"href":"https:\/\/www.hcxmachinery.com\/pt\/wp-json\/wp\/v2\/product\/1279"}],"collection":[{"href":"https:\/\/www.hcxmachinery.com\/pt\/wp-json\/wp\/v2\/product"}],"about":[{"href":"https:\/\/www.hcxmachinery.com\/pt\/wp-json\/wp\/v2\/types\/product"}],"version-history":[{"count":13,"href":"https:\/\/www.hcxmachinery.com\/pt\/wp-json\/wp\/v2\/product\/1279\/revisions"}],"predecessor-version":[{"id":3331,"href":"https:\/\/www.hcxmachinery.com\/pt\/wp-json\/wp\/v2\/product\/1279\/revisions\/3331"}],"wp:featuredmedia":[{"embeddable":true,"href":"https:\/\/www.hcxmachinery.com\/pt\/wp-json\/wp\/v2\/media\/1884"}],"wp:attachment":[{"href":"https:\/\/www.hcxmachinery.com\/pt\/wp-json\/wp\/v2\/media?parent=1279"}],"wp:term":[{"taxonomy":"product_cat","embeddable":true,"href":"https:\/\/www.hcxmachinery.com\/pt\/wp-json\/wp\/v2\/product_cat?post=1279"},{"taxonomy":"product_tag","embeddable":true,"href":"https:\/\/www.hcxmachinery.com\/pt\/wp-json\/wp\/v2\/product_tag?post=1279"}],"curies":[{"name":"wp","href":"https:\/\/api.w.org\/{rel}","templated":true}]}}