{"id":1269,"date":"2022-08-04T13:17:38","date_gmt":"2022-08-04T13:17:38","guid":{"rendered":"https:\/\/hcxmachinery.com\/?post_type=product&#038;p=1269"},"modified":"2025-12-08T07:53:50","modified_gmt":"2025-12-08T07:53:50","slug":"xe650gk","status":"publish","type":"product","link":"https:\/\/www.hcxmachinery.com\/pt\/produto\/xe650gk\/","title":{"rendered":"65T Escavadora de rastos XE650GK usada em bom estado para venda"},"content":{"rendered":"<h2>XE650GK<\/h2>\n<p>Esta escavadora hidr\u00e1ulica pode ser utilizada para escava\u00e7\u00e3o, carregamento, abertura de valas, esmagamento, perfura\u00e7\u00e3o, corte de clipes, eleva\u00e7\u00e3o e outras fun\u00e7\u00f5es, que tem desempenhado um papel cada vez mais importante na energia hidroel\u00e9trica, transporte, municipal, jardim, reconstru\u00e7\u00e3o de terras agr\u00edcolas, oleoduto e outros campos de constru\u00e7\u00e3o e produ\u00e7\u00e3o em pequena escala. O motor apresenta baixo consumo de energia, resposta r\u00e1pida, controlo preciso e pequeno impacto, e mant\u00e9m uma forte for\u00e7a de escava\u00e7\u00e3o e excelente efici\u00eancia operacional. Ao adotar uma nova gera\u00e7\u00e3o de sistema hidr\u00e1ulico de dete\u00e7\u00e3o de carga, a perda de press\u00e3o do sistema \u00e9 muito menor. Com tr\u00eas partes estruturais principais melhoradas e optimizadas, \u00e9 mais fi\u00e1vel e dur\u00e1vel. Com o cap\u00f4 traseiro e a porta lateral totalmente abertos, os pontos de manuten\u00e7\u00e3o di\u00e1ria est\u00e3o ao alcance.<\/p>\n<h2 class=\"fe-bold mb-3\">PAR\u00c2METROS<\/h2>\n<div class=\"scrollable-div\">\n<table width=\"895\">\n<tbody>\n<tr>\n<td colspan=\"2\" width=\"598\">Modelo de vendas<\/td>\n<td width=\"140\">Unidade<\/td>\n<td width=\"157\">Medi\u00e7\u00e3o<\/td>\n<\/tr>\n<tr>\n<td colspan=\"2\">Peso operacional<\/td>\n<td>Kg<\/td>\n<td>64800<\/td>\n<\/tr>\n<tr>\n<td colspan=\"2\">Capacidade do balde<\/td>\n<td>m\u00b3<\/td>\n<td>4.0\uff5e4.5<\/td>\n<\/tr>\n<tr>\n<td rowspan=\"10\" width=\"166\">Motor<\/td>\n<td>Modelo<\/td>\n<td>\/<\/td>\n<td width=\"157\">M15<\/td>\n<\/tr>\n<tr>\n<td>Inje\u00e7\u00e3o direta<\/td>\n<td>\/<\/td>\n<td width=\"157\">\u221a<\/td>\n<\/tr>\n<tr>\n<td>\u00a0Quatro tempos<\/td>\n<td>\/<\/td>\n<td width=\"157\">\u221a<\/td>\n<\/tr>\n<tr>\n<td>\u00a0Arrefecimento a \u00e1gua<\/td>\n<td>\/<\/td>\n<td width=\"157\">\u221a<\/td>\n<\/tr>\n<tr>\n<td>Turboalimenta\u00e7\u00e3o<\/td>\n<td>\/<\/td>\n<td width=\"157\">\u221a<\/td>\n<\/tr>\n<tr>\n<td>Arrefecimento por ar<\/td>\n<td>\/<\/td>\n<td width=\"157\">\u221a<\/td>\n<\/tr>\n<tr>\n<td>N.\u00ba de cilindros<\/td>\n<td>\/<\/td>\n<td width=\"157\">6<\/td>\n<\/tr>\n<tr>\n<td>\u00a0Pot\u00eancia de sa\u00edda<\/td>\n<td>kw\/rpm<\/td>\n<td width=\"157\">563\/2000<\/td>\n<\/tr>\n<tr>\n<td>Bin\u00e1rio\/velocidade m\u00e1xima<\/td>\n<td>N.m\/rpm<\/td>\n<td width=\"157\">2900\/1200<\/td>\n<\/tr>\n<tr>\n<td>Desloca\u00e7\u00e3o<\/td>\n<td>L<\/td>\n<td width=\"157\">14.5<\/td>\n<\/tr>\n<tr>\n<td rowspan=\"7\" width=\"166\">Desempenho principal<\/td>\n<td>\u00a0Velocidade de desloca\u00e7\u00e3o<\/td>\n<td>km\/h<\/td>\n<td width=\"157\">4.5\/2.7<\/td>\n<\/tr>\n<tr>\n<td>\u00a0Velocidade de oscila\u00e7\u00e3o<\/td>\n<td>r\/min<\/td>\n<td width=\"157\">7.2<\/td>\n<\/tr>\n<tr>\n<td>Capacidade de classifica\u00e7\u00e3o<\/td>\n<td>\u00b0<\/td>\n<td width=\"157\">\u226435<\/td>\n<\/tr>\n<tr>\n<td>Press\u00e3o no solo<\/td>\n<td>kPa<\/td>\n<td width=\"157\">105<\/td>\n<\/tr>\n<tr>\n<td>\u00a0For\u00e7a de escava\u00e7\u00e3o do balde<\/td>\n<td>kN<\/td>\n<td width=\"157\">346<\/td>\n<\/tr>\n<tr>\n<td width=\"431\">For\u00e7a de escava\u00e7\u00e3o do bra\u00e7o<\/td>\n<td>kN<\/td>\n<td width=\"157\">310<\/td>\n<\/tr>\n<tr>\n<td width=\"431\">\u00a0Tra\u00e7\u00e3o m\u00e1xima<\/td>\n<td>kN<\/td>\n<td width=\"157\">463<\/td>\n<\/tr>\n<tr>\n<td rowspan=\"6\" width=\"166\">Sistema hidr\u00e1ulico<\/td>\n<td>\u00a0Bomba principal<\/td>\n<td>\/<\/td>\n<td>2\u00d7bomba de \u00eambolo<\/td>\n<\/tr>\n<tr>\n<td>\u00a0Caudal nominal da bomba principal<\/td>\n<td>L\/min<\/td>\n<td width=\"157\">2\u00d7462<\/td>\n<\/tr>\n<tr>\n<td>\u00a0Press\u00e3o da v\u00e1lvula de seguran\u00e7a principal<\/td>\n<td>MPa<\/td>\n<td width=\"157\">34.3\/37<\/td>\n<\/tr>\n<tr>\n<td>\u00a0Press\u00e3o do sistema de desloca\u00e7\u00e3o<\/td>\n<td>MPa<\/td>\n<td width=\"157\">34.3<\/td>\n<\/tr>\n<tr>\n<td>\u00a0Press\u00e3o do sistema rotativo<\/td>\n<td>MPa<\/td>\n<td width=\"157\">32<\/td>\n<\/tr>\n<tr>\n<td>\u00a0Press\u00e3o do sistema piloto<\/td>\n<td>MPa<\/td>\n<td width=\"157\">3.9<\/td>\n<\/tr>\n<tr>\n<td rowspan=\"3\" width=\"166\">Capacidade de \u00f3leo<\/td>\n<td>Capacidade do dep\u00f3sito de combust\u00edvel<\/td>\n<td>L<\/td>\n<td width=\"157\">800<\/td>\n<\/tr>\n<tr>\n<td>\u00a0Capacidade do dep\u00f3sito hidr\u00e1ulico<\/td>\n<td>L<\/td>\n<td width=\"157\">650<\/td>\n<\/tr>\n<tr>\n<td>\u00a0Capacidade do \u00f3leo do motor<\/td>\n<td>L<\/td>\n<td width=\"157\">56<\/td>\n<\/tr>\n<tr>\n<td rowspan=\"13\" width=\"166\">Tamanho da apar\u00eancia<\/td>\n<td>A Comprimento total<\/td>\n<td>mm<\/td>\n<td width=\"157\">12900<\/td>\n<\/tr>\n<tr>\n<td>B Largura total<\/td>\n<td>mm<\/td>\n<td width=\"157\">4005<\/td>\n<\/tr>\n<tr>\n<td>C Altura total<\/td>\n<td>mm<\/td>\n<td width=\"157\">4430<\/td>\n<\/tr>\n<tr>\n<td>D Largura da plataforma<\/td>\n<td>mm<\/td>\n<td width=\"157\">3400<\/td>\n<\/tr>\n<tr>\n<td>E Comprimento da via<\/td>\n<td>mm<\/td>\n<td width=\"157\">5730<\/td>\n<\/tr>\n<tr>\n<td>F Largura total do quadro<\/td>\n<td>mm<\/td>\n<td width=\"157\">3500(excluindo pedais<span style=\"font-size: 16px; font-family: inherit;\">)<\/span><\/td>\n<\/tr>\n<tr>\n<td>G Largura da via<\/td>\n<td>mm<\/td>\n<td width=\"157\">600<\/td>\n<\/tr>\n<tr>\n<td>H Comprimento at\u00e9 ao centro dos rolos<\/td>\n<td>mm<\/td>\n<td width=\"157\">4610<\/td>\n<\/tr>\n<tr>\n<td>I Gabarito da via<\/td>\n<td>mm<\/td>\n<td width=\"157\">2900<\/td>\n<\/tr>\n<tr>\n<td>J Folga do contrapeso<\/td>\n<td>mm<\/td>\n<td width=\"157\">1560<\/td>\n<\/tr>\n<tr>\n<td>K Dist\u00e2ncia m\u00ednima ao solo<\/td>\n<td>mm<\/td>\n<td width=\"157\">615<\/td>\n<\/tr>\n<tr>\n<td>L Raio m\u00ednimo de oscila\u00e7\u00e3o da cauda<\/td>\n<td>mm<\/td>\n<td width=\"157\">4110<\/td>\n<\/tr>\n<tr>\n<td>M Altura da via<\/td>\n<td>mm<\/td>\n<td width=\"157\">1296<\/td>\n<\/tr>\n<tr>\n<td rowspan=\"7\" width=\"166\">\u00c2mbito de aplica\u00e7\u00e3o<\/td>\n<td>A Altura m\u00e1xima de escava\u00e7\u00e3o<\/td>\n<td>mm<\/td>\n<td width=\"157\">11410<\/td>\n<\/tr>\n<tr>\n<td>B Altura m\u00e1xima de descarga<\/td>\n<td>mm<\/td>\n<td width=\"157\">7455<\/td>\n<\/tr>\n<tr>\n<td>C Profundidade m\u00e1xima de escava\u00e7\u00e3o<\/td>\n<td>mm<\/td>\n<td width=\"157\">6710<\/td>\n<\/tr>\n<tr>\n<td width=\"431\">D Profundidade m\u00e1xima de corte para um fundo nivelado de 2240 mm (8 p\u00e9s)<\/td>\n<td>mm<\/td>\n<td width=\"157\">7255<\/td>\n<\/tr>\n<tr>\n<td>E Profundidade m\u00e1xima de escava\u00e7\u00e3o vertical da parede<\/td>\n<td>mm<\/td>\n<td>\/<\/td>\n<\/tr>\n<tr>\n<td width=\"431\">F Raio m\u00e1ximo de escava\u00e7\u00e3o<\/td>\n<td>mm<\/td>\n<td width=\"157\">12240<\/td>\n<\/tr>\n<tr>\n<td width=\"431\">\u00a0Raio de oscila\u00e7\u00e3o m\u00ednimo<\/td>\n<td>mm<\/td>\n<td width=\"157\">5175<\/td>\n<\/tr>\n<tr>\n<td rowspan=\"3\" width=\"166\">Configura\u00e7\u00e3o standard<\/td>\n<td width=\"431\">\u00a0Comprimento da lan\u00e7a<\/td>\n<td width=\"140\">mm<\/td>\n<td width=\"157\">7100<\/td>\n<\/tr>\n<tr>\n<td width=\"431\">Comprimento do bra\u00e7o<\/td>\n<td width=\"140\">mm<\/td>\n<td width=\"157\">2900<\/td>\n<\/tr>\n<tr>\n<td width=\"431\">Capacidade do balde<\/td>\n<td width=\"140\">m\u00b3<\/td>\n<td width=\"157\">4.0<\/td>\n<\/tr>\n<tr>\n<td rowspan=\"3\" width=\"166\">Configura\u00e7\u00e3o opcional<\/td>\n<td width=\"431\">Comprimento da lan\u00e7a<\/td>\n<td width=\"140\">m\u00b3<\/td>\n<td width=\"157\">&#8211;<\/td>\n<\/tr>\n<tr>\n<td width=\"431\">Comprimento do bra\u00e7o<\/td>\n<td width=\"140\">m\u00b3<\/td>\n<td width=\"157\">&#8211;<\/td>\n<\/tr>\n<tr>\n<td width=\"431\">Capacidade do balde<\/td>\n<td width=\"140\">m\u00b3<\/td>\n<td width=\"157\">4.5<\/td>\n<\/tr>\n<\/tbody>\n<\/table>\n<\/div>\n<p><img fetchpriority=\"high\" decoding=\"async\" class=\"alignnone size-medium wp-image-2078\" src=\"https:\/\/www.hcxmachinery.com\/wp-content\/uploads\/2022\/08\/650GK\u6b63\u9762_WH_800x800px-300x300.webp\" alt=\"\" width=\"300\" height=\"300\" title=\"\" srcset=\"https:\/\/www.hcxmachinery.com\/wp-content\/uploads\/2022\/08\/650GK\u6b63\u9762_WH_800x800px-300x300.webp 300w, https:\/\/www.hcxmachinery.com\/wp-content\/uploads\/2022\/08\/650GK\u6b63\u9762_WH_800x800px-150x150.webp 150w, https:\/\/www.hcxmachinery.com\/wp-content\/uploads\/2022\/08\/650GK\u6b63\u9762_WH_800x800px-768x768.webp 768w, https:\/\/www.hcxmachinery.com\/wp-content\/uploads\/2022\/08\/650GK\u6b63\u9762_WH_800x800px-600x600.webp 600w, https:\/\/www.hcxmachinery.com\/wp-content\/uploads\/2022\/08\/650GK\u6b63\u9762_WH_800x800px-100x100.webp 100w, https:\/\/www.hcxmachinery.com\/wp-content\/uploads\/2022\/08\/650GK\u6b63\u9762_WH_800x800px.webp 800w\" sizes=\"(max-width: 300px) 100vw, 300px\" \/> <img decoding=\"async\" class=\"alignnone size-medium wp-image-2077\" src=\"https:\/\/www.hcxmachinery.com\/wp-content\/uploads\/2022\/08\/650GK\u9a7e\u9a76\u5ba42_WH_800x800px-300x300.webp\" alt=\"\" width=\"300\" height=\"300\" title=\"\" srcset=\"https:\/\/www.hcxmachinery.com\/wp-content\/uploads\/2022\/08\/650GK\u9a7e\u9a76\u5ba42_WH_800x800px-300x300.webp 300w, https:\/\/www.hcxmachinery.com\/wp-content\/uploads\/2022\/08\/650GK\u9a7e\u9a76\u5ba42_WH_800x800px-150x150.webp 150w, https:\/\/www.hcxmachinery.com\/wp-content\/uploads\/2022\/08\/650GK\u9a7e\u9a76\u5ba42_WH_800x800px-768x768.webp 768w, https:\/\/www.hcxmachinery.com\/wp-content\/uploads\/2022\/08\/650GK\u9a7e\u9a76\u5ba42_WH_800x800px-600x600.webp 600w, https:\/\/www.hcxmachinery.com\/wp-content\/uploads\/2022\/08\/650GK\u9a7e\u9a76\u5ba42_WH_800x800px-100x100.webp 100w, https:\/\/www.hcxmachinery.com\/wp-content\/uploads\/2022\/08\/650GK\u9a7e\u9a76\u5ba42_WH_800x800px.webp 800w\" sizes=\"(max-width: 300px) 100vw, 300px\" \/> <img decoding=\"async\" class=\"alignnone size-medium wp-image-2076\" src=\"https:\/\/www.hcxmachinery.com\/wp-content\/uploads\/2022\/08\/650GK\u9a7e\u9a76\u5ba41_WH_800x800px-300x300.webp\" alt=\"\" width=\"300\" height=\"300\" title=\"\" srcset=\"https:\/\/www.hcxmachinery.com\/wp-content\/uploads\/2022\/08\/650GK\u9a7e\u9a76\u5ba41_WH_800x800px-300x300.webp 300w, https:\/\/www.hcxmachinery.com\/wp-content\/uploads\/2022\/08\/650GK\u9a7e\u9a76\u5ba41_WH_800x800px-150x150.webp 150w, https:\/\/www.hcxmachinery.com\/wp-content\/uploads\/2022\/08\/650GK\u9a7e\u9a76\u5ba41_WH_800x800px-768x768.webp 768w, https:\/\/www.hcxmachinery.com\/wp-content\/uploads\/2022\/08\/650GK\u9a7e\u9a76\u5ba41_WH_800x800px-600x600.webp 600w, https:\/\/www.hcxmachinery.com\/wp-content\/uploads\/2022\/08\/650GK\u9a7e\u9a76\u5ba41_WH_800x800px-100x100.webp 100w, https:\/\/www.hcxmachinery.com\/wp-content\/uploads\/2022\/08\/650GK\u9a7e\u9a76\u5ba41_WH_800x800px.webp 800w\" sizes=\"(max-width: 300px) 100vw, 300px\" \/> <img loading=\"lazy\" decoding=\"async\" class=\"alignnone size-medium wp-image-2075\" src=\"https:\/\/www.hcxmachinery.com\/wp-content\/uploads\/2022\/08\/650GK\u540e\u9762_WH_800x800px-300x300.webp\" alt=\"\" width=\"300\" height=\"300\" title=\"\" srcset=\"https:\/\/www.hcxmachinery.com\/wp-content\/uploads\/2022\/08\/650GK\u540e\u9762_WH_800x800px-300x300.webp 300w, https:\/\/www.hcxmachinery.com\/wp-content\/uploads\/2022\/08\/650GK\u540e\u9762_WH_800x800px-150x150.webp 150w, https:\/\/www.hcxmachinery.com\/wp-content\/uploads\/2022\/08\/650GK\u540e\u9762_WH_800x800px-768x768.webp 768w, https:\/\/www.hcxmachinery.com\/wp-content\/uploads\/2022\/08\/650GK\u540e\u9762_WH_800x800px-600x600.webp 600w, https:\/\/www.hcxmachinery.com\/wp-content\/uploads\/2022\/08\/650GK\u540e\u9762_WH_800x800px-100x100.webp 100w, https:\/\/www.hcxmachinery.com\/wp-content\/uploads\/2022\/08\/650GK\u540e\u9762_WH_800x800px.webp 800w\" sizes=\"(max-width: 300px) 100vw, 300px\" \/> <img loading=\"lazy\" decoding=\"async\" class=\"alignnone size-medium wp-image-2074\" src=\"https:\/\/www.hcxmachinery.com\/wp-content\/uploads\/2022\/08\/650GK\u53d1\u52a8\u673a_WH_800x800px-300x300.webp\" alt=\"\" width=\"300\" height=\"300\" title=\"\" srcset=\"https:\/\/www.hcxmachinery.com\/wp-content\/uploads\/2022\/08\/650GK\u53d1\u52a8\u673a_WH_800x800px-300x300.webp 300w, https:\/\/www.hcxmachinery.com\/wp-content\/uploads\/2022\/08\/650GK\u53d1\u52a8\u673a_WH_800x800px-150x150.webp 150w, https:\/\/www.hcxmachinery.com\/wp-content\/uploads\/2022\/08\/650GK\u53d1\u52a8\u673a_WH_800x800px-768x768.webp 768w, https:\/\/www.hcxmachinery.com\/wp-content\/uploads\/2022\/08\/650GK\u53d1\u52a8\u673a_WH_800x800px-600x600.webp 600w, https:\/\/www.hcxmachinery.com\/wp-content\/uploads\/2022\/08\/650GK\u53d1\u52a8\u673a_WH_800x800px-100x100.webp 100w, https:\/\/www.hcxmachinery.com\/wp-content\/uploads\/2022\/08\/650GK\u53d1\u52a8\u673a_WH_800x800px.webp 800w\" sizes=\"(max-width: 300px) 100vw, 300px\" \/> <img loading=\"lazy\" decoding=\"async\" class=\"alignnone size-medium wp-image-2073\" src=\"https:\/\/www.hcxmachinery.com\/wp-content\/uploads\/2022\/08\/650GK\u5e95\u76d8_WH_800x800px-300x300.webp\" alt=\"\" width=\"300\" height=\"300\" title=\"\" srcset=\"https:\/\/www.hcxmachinery.com\/wp-content\/uploads\/2022\/08\/650GK\u5e95\u76d8_WH_800x800px-300x300.webp 300w, https:\/\/www.hcxmachinery.com\/wp-content\/uploads\/2022\/08\/650GK\u5e95\u76d8_WH_800x800px-150x150.webp 150w, https:\/\/www.hcxmachinery.com\/wp-content\/uploads\/2022\/08\/650GK\u5e95\u76d8_WH_800x800px-768x768.webp 768w, https:\/\/www.hcxmachinery.com\/wp-content\/uploads\/2022\/08\/650GK\u5e95\u76d8_WH_800x800px-600x600.webp 600w, https:\/\/www.hcxmachinery.com\/wp-content\/uploads\/2022\/08\/650GK\u5e95\u76d8_WH_800x800px-100x100.webp 100w, https:\/\/www.hcxmachinery.com\/wp-content\/uploads\/2022\/08\/650GK\u5e95\u76d8_WH_800x800px.webp 800w\" sizes=\"(max-width: 300px) 100vw, 300px\" \/> <img loading=\"lazy\" decoding=\"async\" class=\"alignnone size-medium wp-image-2072\" src=\"https:\/\/www.hcxmachinery.com\/wp-content\/uploads\/2022\/08\/650GK\u4fa7\u97622_WH_800x800px-300x300.webp\" alt=\"\" width=\"300\" height=\"300\" title=\"\" srcset=\"https:\/\/www.hcxmachinery.com\/wp-content\/uploads\/2022\/08\/650GK\u4fa7\u97622_WH_800x800px-300x300.webp 300w, https:\/\/www.hcxmachinery.com\/wp-content\/uploads\/2022\/08\/650GK\u4fa7\u97622_WH_800x800px-150x150.webp 150w, https:\/\/www.hcxmachinery.com\/wp-content\/uploads\/2022\/08\/650GK\u4fa7\u97622_WH_800x800px-768x768.webp 768w, https:\/\/www.hcxmachinery.com\/wp-content\/uploads\/2022\/08\/650GK\u4fa7\u97622_WH_800x800px-600x600.webp 600w, https:\/\/www.hcxmachinery.com\/wp-content\/uploads\/2022\/08\/650GK\u4fa7\u97622_WH_800x800px-100x100.webp 100w, https:\/\/www.hcxmachinery.com\/wp-content\/uploads\/2022\/08\/650GK\u4fa7\u97622_WH_800x800px.webp 800w\" sizes=\"(max-width: 300px) 100vw, 300px\" \/> <img loading=\"lazy\" decoding=\"async\" class=\"alignnone size-medium wp-image-2071\" src=\"https:\/\/www.hcxmachinery.com\/wp-content\/uploads\/2022\/08\/650GK\u4fa7\u97621_WH_800x800px-300x300.webp\" alt=\"\" width=\"300\" height=\"300\" title=\"\" srcset=\"https:\/\/www.hcxmachinery.com\/wp-content\/uploads\/2022\/08\/650GK\u4fa7\u97621_WH_800x800px-300x300.webp 300w, https:\/\/www.hcxmachinery.com\/wp-content\/uploads\/2022\/08\/650GK\u4fa7\u97621_WH_800x800px-150x150.webp 150w, https:\/\/www.hcxmachinery.com\/wp-content\/uploads\/2022\/08\/650GK\u4fa7\u97621_WH_800x800px-768x768.webp 768w, https:\/\/www.hcxmachinery.com\/wp-content\/uploads\/2022\/08\/650GK\u4fa7\u97621_WH_800x800px-600x600.webp 600w, https:\/\/www.hcxmachinery.com\/wp-content\/uploads\/2022\/08\/650GK\u4fa7\u97621_WH_800x800px-100x100.webp 100w, https:\/\/www.hcxmachinery.com\/wp-content\/uploads\/2022\/08\/650GK\u4fa7\u97621_WH_800x800px.webp 800w\" sizes=\"(max-width: 300px) 100vw, 300px\" \/><\/p>\n<p>&nbsp;<\/p>","protected":false},"excerpt":{"rendered":"<p>XE650GK This hydraulic excavator can be used for digging, loading, ditching, crushing, drilling, clip cutting, lifting and other functions, which [&hellip;]<\/p>","protected":false},"featured_media":1921,"template":"","meta":{"_acf_changed":false,"site-sidebar-layout":"default","site-content-layout":"","ast-site-content-layout":"default","site-content-style":"default","site-sidebar-style":"default","ast-global-header-display":"","ast-banner-title-visibility":"","ast-main-header-display":"","ast-hfb-above-header-display":"","ast-hfb-below-header-display":"","ast-hfb-mobile-header-display":"","site-post-title":"","ast-breadcrumbs-content":"","ast-featured-img":"","footer-sml-layout":"","theme-transparent-header-meta":"default","adv-header-id-meta":"","stick-header-meta":"default","header-above-stick-meta":"","header-main-stick-meta":"","header-below-stick-meta":"","astra-migrate-meta-layouts":"set","ast-page-background-enabled":"default","ast-page-background-meta":{"desktop":{"background-color":"var(--ast-global-color-4)","background-image":"","background-repeat":"repeat","background-position":"center center","background-size":"auto","background-attachment":"scroll","background-type":"","background-media":"","overlay-type":"","overlay-color":"","overlay-opacity":"","overlay-gradient":""},"tablet":{"background-color":"","background-image":"","background-repeat":"repeat","background-position":"center center","background-size":"auto","background-attachment":"scroll","background-type":"","background-media":"","overlay-type":"","overlay-color":"","overlay-opacity":"","overlay-gradient":""},"mobile":{"background-color":"","background-image":"","background-repeat":"repeat","background-position":"center center","background-size":"auto","background-attachment":"scroll","background-type":"","background-media":"","overlay-type":"","overlay-color":"","overlay-opacity":"","overlay-gradient":""}},"ast-content-background-meta":{"desktop":{"background-color":"var(--ast-global-color-5)","background-image":"","background-repeat":"repeat","background-position":"center center","background-size":"auto","background-attachment":"scroll","background-type":"","background-media":"","overlay-type":"","overlay-color":"","overlay-opacity":"","overlay-gradient":""},"tablet":{"background-color":"var(--ast-global-color-5)","background-image":"","background-repeat":"repeat","background-position":"center center","background-size":"auto","background-attachment":"scroll","background-type":"","background-media":"","overlay-type":"","overlay-color":"","overlay-opacity":"","overlay-gradient":""},"mobile":{"background-color":"var(--ast-global-color-5)","background-image":"","background-repeat":"repeat","background-position":"center center","background-size":"auto","background-attachment":"scroll","background-type":"","background-media":"","overlay-type":"","overlay-color":"","overlay-opacity":"","overlay-gradient":""}}},"product_cat":[19,37],"product_tag":[],"class_list":{"0":"post-1269","1":"product","2":"type-product","3":"status-publish","4":"has-post-thumbnail","6":"product_cat-excavator","7":"product_cat-big-excavator","8":"desktop-align-left","9":"tablet-align-left","10":"mobile-align-left","11":"ast-product-gallery-layout-horizontal-slider","12":"ast-magnify-disabled","13":"ast-product-tabs-layout-horizontal","15":"first","16":"instock","17":"shipping-taxable","18":"product-type-simple"},"acf":[],"_links":{"self":[{"href":"https:\/\/www.hcxmachinery.com\/pt\/wp-json\/wp\/v2\/product\/1269"}],"collection":[{"href":"https:\/\/www.hcxmachinery.com\/pt\/wp-json\/wp\/v2\/product"}],"about":[{"href":"https:\/\/www.hcxmachinery.com\/pt\/wp-json\/wp\/v2\/types\/product"}],"version-history":[{"count":13,"href":"https:\/\/www.hcxmachinery.com\/pt\/wp-json\/wp\/v2\/product\/1269\/revisions"}],"predecessor-version":[{"id":3313,"href":"https:\/\/www.hcxmachinery.com\/pt\/wp-json\/wp\/v2\/product\/1269\/revisions\/3313"}],"wp:featuredmedia":[{"embeddable":true,"href":"https:\/\/www.hcxmachinery.com\/pt\/wp-json\/wp\/v2\/media\/1921"}],"wp:attachment":[{"href":"https:\/\/www.hcxmachinery.com\/pt\/wp-json\/wp\/v2\/media?parent=1269"}],"wp:term":[{"taxonomy":"product_cat","embeddable":true,"href":"https:\/\/www.hcxmachinery.com\/pt\/wp-json\/wp\/v2\/product_cat?post=1269"},{"taxonomy":"product_tag","embeddable":true,"href":"https:\/\/www.hcxmachinery.com\/pt\/wp-json\/wp\/v2\/product_tag?post=1269"}],"curies":[{"name":"wp","href":"https:\/\/api.w.org\/{rel}","templated":true}]}}