{"id":1244,"date":"2024-10-31T13:07:24","date_gmt":"2024-10-31T13:07:24","guid":{"rendered":"https:\/\/hcxmachinery.com\/?post_type=product&#038;p=1244"},"modified":"2025-12-08T07:59:11","modified_gmt":"2025-12-08T07:59:11","slug":"xe135d","status":"publish","type":"product","link":"https:\/\/www.hcxmachinery.com\/pt\/produto\/xe135d\/","title":{"rendered":"Escavadeira XCMG 135D usada em bom estado para venda"},"content":{"rendered":"<h2>XE135D<\/h2>\n<p>A escavadora hidr\u00e1ulica est\u00e1 equipada com um motor de bin\u00e1rio elevado de baixa velocidade com elevada efici\u00eancia e baixo consumo de combust\u00edvel. A grande estrutura inferior e o amortecedor piloto s\u00e3o mais est\u00e1veis e confort\u00e1veis de operar; as pe\u00e7as de manuten\u00e7\u00e3o s\u00e3o movidas para fora, o per\u00edodo de manuten\u00e7\u00e3o \u00e9 prolongado, a manuten\u00e7\u00e3o \u00e9 mais conveniente; uma variedade de acess\u00f3rios opcionais, bem como fun\u00e7\u00f5es de controlo adaptativo de altitude, a adaptabilidade do ambiente \u00e9 melhor. Pode ser amplamente utilizado em pequenas e m\u00e9dias obras de terra e pedra, constru\u00e7\u00e3o de estradas e pontes, abertura de valas e constru\u00e7\u00e3o, conserva\u00e7\u00e3o de \u00e1gua em terras agr\u00edcolas, dragagem de rios e constru\u00e7\u00e3o municipal. Tamb\u00e9m pode realizar diferentes opera\u00e7\u00f5es, como escava\u00e7\u00e3o, tritura\u00e7\u00e3o e desmontagem, e \u00e9 altamente adapt\u00e1vel \u00e0s condi\u00e7\u00f5es de trabalho.<\/p>\n<h2 class=\"fe-bold mb-3\">PAR\u00c2METROS<\/h2>\n<div class=\"scrollable-div\">\n<table width=\"892\">\n<tbody>\n<tr>\n<td colspan=\"2\" width=\"598\">Modelo de vendas<\/td>\n<td width=\"140\">Unidade<\/td>\n<td width=\"154\">Medi\u00e7\u00e3o<\/td>\n<\/tr>\n<tr>\n<td colspan=\"2\">Peso operacional<\/td>\n<td>Kg<\/td>\n<td width=\"154\">13200<\/td>\n<\/tr>\n<tr>\n<td colspan=\"2\">Capacidade do balde<\/td>\n<td>m\u00b3<\/td>\n<td width=\"154\">0.32-0.61<\/td>\n<\/tr>\n<tr>\n<td rowspan=\"10\" width=\"166\">Motor<\/td>\n<td>Modelo<\/td>\n<td>\/<\/td>\n<td width=\"154\">QSF3.8<\/td>\n<\/tr>\n<tr>\n<td>Inje\u00e7\u00e3o direta<\/td>\n<td>\/<\/td>\n<td width=\"154\">\u221a<\/td>\n<\/tr>\n<tr>\n<td>\u00a0Quatro tempos<\/td>\n<td>\/<\/td>\n<td width=\"154\">\u221a<\/td>\n<\/tr>\n<tr>\n<td>\u00a0Arrefecimento a \u00e1gua<\/td>\n<td>\/<\/td>\n<td width=\"154\">\u221a<\/td>\n<\/tr>\n<tr>\n<td>Turboalimenta\u00e7\u00e3o<\/td>\n<td>\/<\/td>\n<td width=\"154\">\u221a<\/td>\n<\/tr>\n<tr>\n<td>Arrefecimento por ar<\/td>\n<td>\/<\/td>\n<td width=\"154\">\u221a<\/td>\n<\/tr>\n<tr>\n<td>N.\u00ba de cilindros<\/td>\n<td>\/<\/td>\n<td>4<\/td>\n<\/tr>\n<tr>\n<td>\u00a0Pot\u00eancia de sa\u00edda<\/td>\n<td>kw\/rpm<\/td>\n<td>86\/2200<\/td>\n<\/tr>\n<tr>\n<td>Bin\u00e1rio\/velocidade m\u00e1xima<\/td>\n<td>N.m\/rpm<\/td>\n<td>470\/1300<\/td>\n<\/tr>\n<tr>\n<td>Desloca\u00e7\u00e3o<\/td>\n<td>L<\/td>\n<td>3.8<\/td>\n<\/tr>\n<tr>\n<td rowspan=\"7\" width=\"166\">Desempenho principal<\/td>\n<td>\u00a0Velocidade de desloca\u00e7\u00e3o<\/td>\n<td>km\/h<\/td>\n<td width=\"154\">5.2\/2.9<\/td>\n<\/tr>\n<tr>\n<td>\u00a0Velocidade de oscila\u00e7\u00e3o<\/td>\n<td>r\/min<\/td>\n<td width=\"154\">11<\/td>\n<\/tr>\n<tr>\n<td>Capacidade de classifica\u00e7\u00e3o<\/td>\n<td>\u00b0<\/td>\n<td width=\"154\">35<\/td>\n<\/tr>\n<tr>\n<td>Press\u00e3o no solo<\/td>\n<td>kPa<\/td>\n<td width=\"154\">40.4<\/td>\n<\/tr>\n<tr>\n<td>\u00a0For\u00e7a de escava\u00e7\u00e3o do balde<\/td>\n<td>kN<\/td>\n<td width=\"154\">99.1<\/td>\n<\/tr>\n<tr>\n<td width=\"431\">For\u00e7a de escava\u00e7\u00e3o do bra\u00e7o<\/td>\n<td>kN<\/td>\n<td width=\"154\">68<\/td>\n<\/tr>\n<tr>\n<td width=\"431\">\u00a0Tra\u00e7\u00e3o m\u00e1xima<\/td>\n<td>kN<\/td>\n<td>134<\/td>\n<\/tr>\n<tr>\n<td rowspan=\"6\" width=\"166\">Sistema hidr\u00e1ulico<\/td>\n<td>\u00a0Bomba principal<\/td>\n<td>\/<\/td>\n<td>\/<\/td>\n<\/tr>\n<tr>\n<td>\u00a0Caudal nominal da bomba principal<\/td>\n<td>L\/min<\/td>\n<td>125.4*2<\/td>\n<\/tr>\n<tr>\n<td>\u00a0Press\u00e3o da v\u00e1lvula de seguran\u00e7a principal<\/td>\n<td>MPa<\/td>\n<td>31.4\/34.3<\/td>\n<\/tr>\n<tr>\n<td>\u00a0Press\u00e3o do sistema de desloca\u00e7\u00e3o<\/td>\n<td>MPa<\/td>\n<td>34.4<\/td>\n<\/tr>\n<tr>\n<td>\u00a0Press\u00e3o do sistema rotativo<\/td>\n<td>MPa<\/td>\n<td>25<\/td>\n<\/tr>\n<tr>\n<td>\u00a0Press\u00e3o do sistema piloto<\/td>\n<td>MPa<\/td>\n<td>3.9<\/td>\n<\/tr>\n<tr>\n<td rowspan=\"3\" width=\"166\">Capacidade de \u00f3leo<\/td>\n<td>Capacidade do dep\u00f3sito de combust\u00edvel<\/td>\n<td>L<\/td>\n<td width=\"154\">260<\/td>\n<\/tr>\n<tr>\n<td>\u00a0Capacidade do dep\u00f3sito hidr\u00e1ulico<\/td>\n<td>L<\/td>\n<td width=\"154\">105<\/td>\n<\/tr>\n<tr>\n<td>\u00a0Capacidade do \u00f3leo do motor<\/td>\n<td>L<\/td>\n<td>11<\/td>\n<\/tr>\n<tr>\n<td rowspan=\"13\" width=\"166\">Tamanho da apar\u00eancia<\/td>\n<td>A Comprimento total<\/td>\n<td>mm<\/td>\n<td width=\"154\">7795<\/td>\n<\/tr>\n<tr>\n<td>B Largura total<\/td>\n<td>mm<\/td>\n<td width=\"154\">2525<\/td>\n<\/tr>\n<tr>\n<td>C Altura total<\/td>\n<td>mm<\/td>\n<td width=\"154\">2880<\/td>\n<\/tr>\n<tr>\n<td>D Largura da plataforma<\/td>\n<td>mm<\/td>\n<td>2490<\/td>\n<\/tr>\n<tr>\n<td>E Comprimento da via<\/td>\n<td>mm<\/td>\n<td>3648<\/td>\n<\/tr>\n<tr>\n<td>F Largura total do quadro<\/td>\n<td>mm<\/td>\n<td>2490<\/td>\n<\/tr>\n<tr>\n<td>G Largura da via<\/td>\n<td>mm<\/td>\n<td width=\"154\">500<\/td>\n<\/tr>\n<tr>\n<td>H Comprimento at\u00e9 ao centro dos rolos<\/td>\n<td>mm<\/td>\n<td>2918<\/td>\n<\/tr>\n<tr>\n<td>I Gabarito da via<\/td>\n<td>mm<\/td>\n<td>1990<\/td>\n<\/tr>\n<tr>\n<td>J Folga do contrapeso<\/td>\n<td>mm<\/td>\n<td width=\"154\">931<\/td>\n<\/tr>\n<tr>\n<td>K Dist\u00e2ncia m\u00ednima ao solo<\/td>\n<td>mm<\/td>\n<td>466<\/td>\n<\/tr>\n<tr>\n<td>L Raio m\u00ednimo de oscila\u00e7\u00e3o da cauda<\/td>\n<td>mm<\/td>\n<td width=\"154\">2325<\/td>\n<\/tr>\n<tr>\n<td>M Altura da via<\/td>\n<td>mm<\/td>\n<td>802<\/td>\n<\/tr>\n<tr>\n<td rowspan=\"7\" width=\"166\">\u00c2mbito de aplica\u00e7\u00e3o<\/td>\n<td>A Altura m\u00e1xima de escava\u00e7\u00e3o<\/td>\n<td>mm<\/td>\n<td width=\"154\">8638<\/td>\n<\/tr>\n<tr>\n<td>B Altura m\u00e1xima de descarga<\/td>\n<td>mm<\/td>\n<td width=\"154\">6174<\/td>\n<\/tr>\n<tr>\n<td>C Profundidade m\u00e1xima de escava\u00e7\u00e3o<\/td>\n<td>mm<\/td>\n<td width=\"154\">5546<\/td>\n<\/tr>\n<tr>\n<td width=\"431\">D Profundidade m\u00e1xima de corte para um fundo nivelado de 2240 mm (8 p\u00e9s)<\/td>\n<td>mm<\/td>\n<td>5335<\/td>\n<\/tr>\n<tr>\n<td>E Profundidade m\u00e1xima de escava\u00e7\u00e3o vertical da parede<\/td>\n<td>mm<\/td>\n<td width=\"154\">4698<\/td>\n<\/tr>\n<tr>\n<td width=\"431\">F Raio m\u00e1ximo de escava\u00e7\u00e3o<\/td>\n<td>mm<\/td>\n<td width=\"154\">8304<\/td>\n<\/tr>\n<tr>\n<td width=\"431\">\u00a0Raio de oscila\u00e7\u00e3o m\u00ednimo<\/td>\n<td>mm<\/td>\n<td width=\"154\">2445<\/td>\n<\/tr>\n<tr>\n<td rowspan=\"3\" width=\"166\">Configura\u00e7\u00e3o standard<\/td>\n<td width=\"431\">\u00a0Comprimento da lan\u00e7a<\/td>\n<td width=\"140\">mm<\/td>\n<td>4600<\/td>\n<\/tr>\n<tr>\n<td width=\"431\">Comprimento do bra\u00e7o<\/td>\n<td width=\"140\">mm<\/td>\n<td>2520<\/td>\n<\/tr>\n<tr>\n<td width=\"431\">Capacidade do balde<\/td>\n<td width=\"140\">m\u00b3<\/td>\n<td width=\"154\">0.52 Strengthened bucket<\/td>\n<\/tr>\n<tr>\n<td rowspan=\"3\" width=\"166\">Configura\u00e7\u00e3o opcional<\/td>\n<td width=\"431\">Comprimento da lan\u00e7a<\/td>\n<td width=\"140\">m\u00b3<\/td>\n<td>\/<\/td>\n<\/tr>\n<tr>\n<td width=\"431\">Comprimento do bra\u00e7o<\/td>\n<td width=\"140\">m\u00b3<\/td>\n<td>2100\/3010<\/td>\n<\/tr>\n<tr>\n<td width=\"431\">Capacidade do balde<\/td>\n<td width=\"140\">m\u00b3<\/td>\n<td width=\"154\">0.32\/0.4\/0.61<\/td>\n<\/tr>\n<\/tbody>\n<\/table>\n<\/div>\n<p><img fetchpriority=\"high\" decoding=\"async\" class=\"alignnone size-medium wp-image-1902\" src=\"https:\/\/www.hcxmachinery.com\/wp-content\/uploads\/2024\/10\/135D\u4ea7\u54c1\u76f8\u518c\u56fe7\u6700\u65b0-300x300.webp\" alt=\"\" width=\"300\" height=\"300\" title=\"\" srcset=\"https:\/\/www.hcxmachinery.com\/wp-content\/uploads\/2024\/10\/135D\u4ea7\u54c1\u76f8\u518c\u56fe7\u6700\u65b0-300x300.webp 300w, https:\/\/www.hcxmachinery.com\/wp-content\/uploads\/2024\/10\/135D\u4ea7\u54c1\u76f8\u518c\u56fe7\u6700\u65b0-150x150.webp 150w, https:\/\/www.hcxmachinery.com\/wp-content\/uploads\/2024\/10\/135D\u4ea7\u54c1\u76f8\u518c\u56fe7\u6700\u65b0-768x768.webp 768w, https:\/\/www.hcxmachinery.com\/wp-content\/uploads\/2024\/10\/135D\u4ea7\u54c1\u76f8\u518c\u56fe7\u6700\u65b0-600x600.webp 600w, https:\/\/www.hcxmachinery.com\/wp-content\/uploads\/2024\/10\/135D\u4ea7\u54c1\u76f8\u518c\u56fe7\u6700\u65b0-100x100.webp 100w, https:\/\/www.hcxmachinery.com\/wp-content\/uploads\/2024\/10\/135D\u4ea7\u54c1\u76f8\u518c\u56fe7\u6700\u65b0.webp 800w\" sizes=\"(max-width: 300px) 100vw, 300px\" \/> <img decoding=\"async\" class=\"alignnone size-medium wp-image-1901\" src=\"https:\/\/www.hcxmachinery.com\/wp-content\/uploads\/2024\/10\/135D\u4ea7\u54c1\u76f8\u518c\u56fe6\u6700\u65b0-300x300.webp\" alt=\"\" width=\"300\" height=\"300\" title=\"\" srcset=\"https:\/\/www.hcxmachinery.com\/wp-content\/uploads\/2024\/10\/135D\u4ea7\u54c1\u76f8\u518c\u56fe6\u6700\u65b0-300x300.webp 300w, https:\/\/www.hcxmachinery.com\/wp-content\/uploads\/2024\/10\/135D\u4ea7\u54c1\u76f8\u518c\u56fe6\u6700\u65b0-150x150.webp 150w, https:\/\/www.hcxmachinery.com\/wp-content\/uploads\/2024\/10\/135D\u4ea7\u54c1\u76f8\u518c\u56fe6\u6700\u65b0-768x768.webp 768w, https:\/\/www.hcxmachinery.com\/wp-content\/uploads\/2024\/10\/135D\u4ea7\u54c1\u76f8\u518c\u56fe6\u6700\u65b0-600x600.webp 600w, https:\/\/www.hcxmachinery.com\/wp-content\/uploads\/2024\/10\/135D\u4ea7\u54c1\u76f8\u518c\u56fe6\u6700\u65b0-100x100.webp 100w, https:\/\/www.hcxmachinery.com\/wp-content\/uploads\/2024\/10\/135D\u4ea7\u54c1\u76f8\u518c\u56fe6\u6700\u65b0.webp 800w\" sizes=\"(max-width: 300px) 100vw, 300px\" \/> <img decoding=\"async\" class=\"alignnone size-medium wp-image-1900\" src=\"https:\/\/www.hcxmachinery.com\/wp-content\/uploads\/2024\/10\/135D\u4ea7\u54c1\u76f8\u518c\u56fe5\u6700\u65b0-300x300.webp\" alt=\"\" width=\"300\" height=\"300\" title=\"\" srcset=\"https:\/\/www.hcxmachinery.com\/wp-content\/uploads\/2024\/10\/135D\u4ea7\u54c1\u76f8\u518c\u56fe5\u6700\u65b0-300x300.webp 300w, https:\/\/www.hcxmachinery.com\/wp-content\/uploads\/2024\/10\/135D\u4ea7\u54c1\u76f8\u518c\u56fe5\u6700\u65b0-150x150.webp 150w, https:\/\/www.hcxmachinery.com\/wp-content\/uploads\/2024\/10\/135D\u4ea7\u54c1\u76f8\u518c\u56fe5\u6700\u65b0-768x768.webp 768w, https:\/\/www.hcxmachinery.com\/wp-content\/uploads\/2024\/10\/135D\u4ea7\u54c1\u76f8\u518c\u56fe5\u6700\u65b0-600x600.webp 600w, https:\/\/www.hcxmachinery.com\/wp-content\/uploads\/2024\/10\/135D\u4ea7\u54c1\u76f8\u518c\u56fe5\u6700\u65b0-100x100.webp 100w, https:\/\/www.hcxmachinery.com\/wp-content\/uploads\/2024\/10\/135D\u4ea7\u54c1\u76f8\u518c\u56fe5\u6700\u65b0.webp 800w\" sizes=\"(max-width: 300px) 100vw, 300px\" \/> <img loading=\"lazy\" decoding=\"async\" class=\"alignnone size-medium wp-image-1899\" src=\"https:\/\/www.hcxmachinery.com\/wp-content\/uploads\/2024\/10\/135D\u4ea7\u54c1\u76f8\u518c\u56fe4\u6700\u65b0-300x300.webp\" alt=\"\" width=\"300\" height=\"300\" title=\"\" srcset=\"https:\/\/www.hcxmachinery.com\/wp-content\/uploads\/2024\/10\/135D\u4ea7\u54c1\u76f8\u518c\u56fe4\u6700\u65b0-300x300.webp 300w, https:\/\/www.hcxmachinery.com\/wp-content\/uploads\/2024\/10\/135D\u4ea7\u54c1\u76f8\u518c\u56fe4\u6700\u65b0-150x150.webp 150w, https:\/\/www.hcxmachinery.com\/wp-content\/uploads\/2024\/10\/135D\u4ea7\u54c1\u76f8\u518c\u56fe4\u6700\u65b0-768x768.webp 768w, https:\/\/www.hcxmachinery.com\/wp-content\/uploads\/2024\/10\/135D\u4ea7\u54c1\u76f8\u518c\u56fe4\u6700\u65b0-600x600.webp 600w, https:\/\/www.hcxmachinery.com\/wp-content\/uploads\/2024\/10\/135D\u4ea7\u54c1\u76f8\u518c\u56fe4\u6700\u65b0-100x100.webp 100w, https:\/\/www.hcxmachinery.com\/wp-content\/uploads\/2024\/10\/135D\u4ea7\u54c1\u76f8\u518c\u56fe4\u6700\u65b0.webp 800w\" sizes=\"(max-width: 300px) 100vw, 300px\" \/> <img loading=\"lazy\" decoding=\"async\" class=\"alignnone size-medium wp-image-1898\" src=\"https:\/\/www.hcxmachinery.com\/wp-content\/uploads\/2024\/10\/135D\u4ea7\u54c1\u76f8\u518c\u56fe3\u6700\u65b0-300x300.webp\" alt=\"\" width=\"300\" height=\"300\" title=\"\" srcset=\"https:\/\/www.hcxmachinery.com\/wp-content\/uploads\/2024\/10\/135D\u4ea7\u54c1\u76f8\u518c\u56fe3\u6700\u65b0-300x300.webp 300w, https:\/\/www.hcxmachinery.com\/wp-content\/uploads\/2024\/10\/135D\u4ea7\u54c1\u76f8\u518c\u56fe3\u6700\u65b0-150x150.webp 150w, https:\/\/www.hcxmachinery.com\/wp-content\/uploads\/2024\/10\/135D\u4ea7\u54c1\u76f8\u518c\u56fe3\u6700\u65b0-768x768.webp 768w, https:\/\/www.hcxmachinery.com\/wp-content\/uploads\/2024\/10\/135D\u4ea7\u54c1\u76f8\u518c\u56fe3\u6700\u65b0-600x600.webp 600w, https:\/\/www.hcxmachinery.com\/wp-content\/uploads\/2024\/10\/135D\u4ea7\u54c1\u76f8\u518c\u56fe3\u6700\u65b0-100x100.webp 100w, https:\/\/www.hcxmachinery.com\/wp-content\/uploads\/2024\/10\/135D\u4ea7\u54c1\u76f8\u518c\u56fe3\u6700\u65b0.webp 800w\" sizes=\"(max-width: 300px) 100vw, 300px\" \/> <img loading=\"lazy\" decoding=\"async\" class=\"alignnone size-medium wp-image-1897\" src=\"https:\/\/www.hcxmachinery.com\/wp-content\/uploads\/2024\/10\/135D\u4ea7\u54c1\u76f8\u518c\u56fe2\u6700\u65b0-300x300.webp\" alt=\"\" width=\"300\" height=\"300\" title=\"\" srcset=\"https:\/\/www.hcxmachinery.com\/wp-content\/uploads\/2024\/10\/135D\u4ea7\u54c1\u76f8\u518c\u56fe2\u6700\u65b0-300x300.webp 300w, https:\/\/www.hcxmachinery.com\/wp-content\/uploads\/2024\/10\/135D\u4ea7\u54c1\u76f8\u518c\u56fe2\u6700\u65b0-150x150.webp 150w, https:\/\/www.hcxmachinery.com\/wp-content\/uploads\/2024\/10\/135D\u4ea7\u54c1\u76f8\u518c\u56fe2\u6700\u65b0-768x768.webp 768w, https:\/\/www.hcxmachinery.com\/wp-content\/uploads\/2024\/10\/135D\u4ea7\u54c1\u76f8\u518c\u56fe2\u6700\u65b0-600x600.webp 600w, https:\/\/www.hcxmachinery.com\/wp-content\/uploads\/2024\/10\/135D\u4ea7\u54c1\u76f8\u518c\u56fe2\u6700\u65b0-100x100.webp 100w, https:\/\/www.hcxmachinery.com\/wp-content\/uploads\/2024\/10\/135D\u4ea7\u54c1\u76f8\u518c\u56fe2\u6700\u65b0.webp 800w\" sizes=\"(max-width: 300px) 100vw, 300px\" \/> <img loading=\"lazy\" decoding=\"async\" class=\"alignnone size-medium wp-image-1896\" src=\"https:\/\/www.hcxmachinery.com\/wp-content\/uploads\/2024\/10\/135D\u4ea7\u54c1\u76f8\u518c\u56fe1\u6700\u65b0-300x300.webp\" alt=\"\" width=\"300\" height=\"300\" title=\"\" srcset=\"https:\/\/www.hcxmachinery.com\/wp-content\/uploads\/2024\/10\/135D\u4ea7\u54c1\u76f8\u518c\u56fe1\u6700\u65b0-300x300.webp 300w, https:\/\/www.hcxmachinery.com\/wp-content\/uploads\/2024\/10\/135D\u4ea7\u54c1\u76f8\u518c\u56fe1\u6700\u65b0-150x150.webp 150w, https:\/\/www.hcxmachinery.com\/wp-content\/uploads\/2024\/10\/135D\u4ea7\u54c1\u76f8\u518c\u56fe1\u6700\u65b0-768x768.webp 768w, https:\/\/www.hcxmachinery.com\/wp-content\/uploads\/2024\/10\/135D\u4ea7\u54c1\u76f8\u518c\u56fe1\u6700\u65b0-600x600.webp 600w, https:\/\/www.hcxmachinery.com\/wp-content\/uploads\/2024\/10\/135D\u4ea7\u54c1\u76f8\u518c\u56fe1\u6700\u65b0-100x100.webp 100w, https:\/\/www.hcxmachinery.com\/wp-content\/uploads\/2024\/10\/135D\u4ea7\u54c1\u76f8\u518c\u56fe1\u6700\u65b0.webp 800w\" sizes=\"(max-width: 300px) 100vw, 300px\" \/> <img loading=\"lazy\" decoding=\"async\" class=\"alignnone size-medium wp-image-1895\" src=\"https:\/\/www.hcxmachinery.com\/wp-content\/uploads\/2024\/10\/135D\u4ea7\u54c1\u76f8\u518c\u56fe8\u6700\u65b0-300x300.webp\" alt=\"\" width=\"300\" height=\"300\" title=\"\" srcset=\"https:\/\/www.hcxmachinery.com\/wp-content\/uploads\/2024\/10\/135D\u4ea7\u54c1\u76f8\u518c\u56fe8\u6700\u65b0-300x300.webp 300w, https:\/\/www.hcxmachinery.com\/wp-content\/uploads\/2024\/10\/135D\u4ea7\u54c1\u76f8\u518c\u56fe8\u6700\u65b0-150x150.webp 150w, https:\/\/www.hcxmachinery.com\/wp-content\/uploads\/2024\/10\/135D\u4ea7\u54c1\u76f8\u518c\u56fe8\u6700\u65b0-768x768.webp 768w, https:\/\/www.hcxmachinery.com\/wp-content\/uploads\/2024\/10\/135D\u4ea7\u54c1\u76f8\u518c\u56fe8\u6700\u65b0-600x600.webp 600w, https:\/\/www.hcxmachinery.com\/wp-content\/uploads\/2024\/10\/135D\u4ea7\u54c1\u76f8\u518c\u56fe8\u6700\u65b0-100x100.webp 100w, https:\/\/www.hcxmachinery.com\/wp-content\/uploads\/2024\/10\/135D\u4ea7\u54c1\u76f8\u518c\u56fe8\u6700\u65b0.webp 800w\" sizes=\"(max-width: 300px) 100vw, 300px\" \/><\/p>","protected":false},"excerpt":{"rendered":"<p>XE135D The hydraulic excavator is equipped with a low-speed high-torque engine with high efficiency and low fuelconsumption. The large undercarrige [&hellip;]<\/p>","protected":false},"featured_media":1883,"template":"","meta":{"_acf_changed":false,"site-sidebar-layout":"default","site-content-layout":"","ast-site-content-layout":"default","site-content-style":"default","site-sidebar-style":"default","ast-global-header-display":"","ast-banner-title-visibility":"","ast-main-header-display":"","ast-hfb-above-header-display":"","ast-hfb-below-header-display":"","ast-hfb-mobile-header-display":"","site-post-title":"","ast-breadcrumbs-content":"","ast-featured-img":"","footer-sml-layout":"","theme-transparent-header-meta":"default","adv-header-id-meta":"","stick-header-meta":"default","header-above-stick-meta":"","header-main-stick-meta":"","header-below-stick-meta":"","astra-migrate-meta-layouts":"set","ast-page-background-enabled":"default","ast-page-background-meta":{"desktop":{"background-color":"var(--ast-global-color-4)","background-image":"","background-repeat":"repeat","background-position":"center center","background-size":"auto","background-attachment":"scroll","background-type":"","background-media":"","overlay-type":"","overlay-color":"","overlay-opacity":"","overlay-gradient":""},"tablet":{"background-color":"","background-image":"","background-repeat":"repeat","background-position":"center center","background-size":"auto","background-attachment":"scroll","background-type":"","background-media":"","overlay-type":"","overlay-color":"","overlay-opacity":"","overlay-gradient":""},"mobile":{"background-color":"","background-image":"","background-repeat":"repeat","background-position":"center center","background-size":"auto","background-attachment":"scroll","background-type":"","background-media":"","overlay-type":"","overlay-color":"","overlay-opacity":"","overlay-gradient":""}},"ast-content-background-meta":{"desktop":{"background-color":"var(--ast-global-color-5)","background-image":"","background-repeat":"repeat","background-position":"center center","background-size":"auto","background-attachment":"scroll","background-type":"","background-media":"","overlay-type":"","overlay-color":"","overlay-opacity":"","overlay-gradient":""},"tablet":{"background-color":"var(--ast-global-color-5)","background-image":"","background-repeat":"repeat","background-position":"center center","background-size":"auto","background-attachment":"scroll","background-type":"","background-media":"","overlay-type":"","overlay-color":"","overlay-opacity":"","overlay-gradient":""},"mobile":{"background-color":"var(--ast-global-color-5)","background-image":"","background-repeat":"repeat","background-position":"center center","background-size":"auto","background-attachment":"scroll","background-type":"","background-media":"","overlay-type":"","overlay-color":"","overlay-opacity":"","overlay-gradient":""}}},"product_cat":[19,36],"product_tag":[],"class_list":{"0":"post-1244","1":"product","2":"type-product","3":"status-publish","4":"has-post-thumbnail","6":"product_cat-excavator","7":"product_cat-medium-excavator","8":"desktop-align-left","9":"tablet-align-left","10":"mobile-align-left","11":"ast-product-gallery-layout-horizontal-slider","12":"ast-magnify-disabled","13":"ast-product-tabs-layout-horizontal","15":"first","16":"instock","17":"shipping-taxable","18":"product-type-simple"},"acf":[],"_links":{"self":[{"href":"https:\/\/www.hcxmachinery.com\/pt\/wp-json\/wp\/v2\/product\/1244"}],"collection":[{"href":"https:\/\/www.hcxmachinery.com\/pt\/wp-json\/wp\/v2\/product"}],"about":[{"href":"https:\/\/www.hcxmachinery.com\/pt\/wp-json\/wp\/v2\/types\/product"}],"version-history":[{"count":15,"href":"https:\/\/www.hcxmachinery.com\/pt\/wp-json\/wp\/v2\/product\/1244\/revisions"}],"predecessor-version":[{"id":3319,"href":"https:\/\/www.hcxmachinery.com\/pt\/wp-json\/wp\/v2\/product\/1244\/revisions\/3319"}],"wp:featuredmedia":[{"embeddable":true,"href":"https:\/\/www.hcxmachinery.com\/pt\/wp-json\/wp\/v2\/media\/1883"}],"wp:attachment":[{"href":"https:\/\/www.hcxmachinery.com\/pt\/wp-json\/wp\/v2\/media?parent=1244"}],"wp:term":[{"taxonomy":"product_cat","embeddable":true,"href":"https:\/\/www.hcxmachinery.com\/pt\/wp-json\/wp\/v2\/product_cat?post=1244"},{"taxonomy":"product_tag","embeddable":true,"href":"https:\/\/www.hcxmachinery.com\/pt\/wp-json\/wp\/v2\/product_tag?post=1244"}],"curies":[{"name":"wp","href":"https:\/\/api.w.org\/{rel}","templated":true}]}}