{"id":1233,"date":"2024-10-31T12:45:42","date_gmt":"2024-10-31T12:45:42","guid":{"rendered":"https:\/\/hcxmachinery.com\/?post_type=product&#038;p=1233"},"modified":"2025-12-08T08:03:17","modified_gmt":"2025-12-08T08:03:17","slug":"xe26u","status":"publish","type":"product","link":"https:\/\/www.hcxmachinery.com\/pt\/produto\/xe26u\/","title":{"rendered":"Escavadora XCMG 26U usada em bom estado para venda"},"content":{"rendered":"<h2>XE26U<\/h2>\n<p>A escavadora hidr\u00e1ulica est\u00e1 equipada com um motor de bin\u00e1rio elevado de baixa velocidade com elevada efici\u00eancia e baixo consumo de combust\u00edvel. As pe\u00e7as de manuten\u00e7\u00e3o s\u00e3o movidas para fora, o per\u00edodo de manuten\u00e7\u00e3o \u00e9 alargado, a manuten\u00e7\u00e3o \u00e9 mais conveniente; uma variedade de acess\u00f3rios opcionais, bem como fun\u00e7\u00f5es de controlo adaptativo de altitude, a adaptabilidade do ambiente \u00e9 melhor. Pode ser amplamente utilizado em pequenas e m\u00e9dias obras de terra e pedra, constru\u00e7\u00e3o de estradas e pontes, abertura de valas e constru\u00e7\u00e3o, conserva\u00e7\u00e3o de \u00e1gua em terras agr\u00edcolas, dragagem de rios e constru\u00e7\u00e3o municipal. Tamb\u00e9m pode realizar diferentes opera\u00e7\u00f5es, como escava\u00e7\u00e3o, tritura\u00e7\u00e3o e desmontagem, e \u00e9 altamente adapt\u00e1vel \u00e0s condi\u00e7\u00f5es de trabalho.<\/p>\n<h2 class=\"fe-bold mb-3\">PAR\u00c2METROS<\/h2>\n<div class=\"scrollable-div\">\n<table width=\"977\">\n<tbody>\n<tr>\n<td colspan=\"2\" width=\"669\">Modelo<\/td>\n<td width=\"148\">Unidade<\/td>\n<td width=\"159\">Medi\u00e7\u00e3o<\/td>\n<\/tr>\n<tr>\n<td colspan=\"2\">Peso operacional<\/td>\n<td>Kg<\/td>\n<td width=\"159\">2780<\/td>\n<\/tr>\n<tr>\n<td colspan=\"2\">Capacidade do balde<\/td>\n<td>m\u00b3<\/td>\n<td width=\"159\">0.06<\/td>\n<\/tr>\n<tr>\n<td rowspan=\"9\" width=\"250\">Motor<\/td>\n<td>Modelo<\/td>\n<td>\/<\/td>\n<td width=\"159\">\u00a0D1105<\/td>\n<\/tr>\n<tr>\n<td>Inje\u00e7\u00e3o direta<\/td>\n<td>\/<\/td>\n<td width=\"159\">&#8211;<\/td>\n<\/tr>\n<tr>\n<td>Quatro tempos<\/td>\n<td>\/<\/td>\n<td width=\"159\">\u221a<\/td>\n<\/tr>\n<tr>\n<td>Arrefecimento a \u00e1gua<\/td>\n<td>\/<\/td>\n<td width=\"159\">\u221a<\/td>\n<\/tr>\n<tr>\n<td>Turboalimenta\u00e7\u00e3o<\/td>\n<td>\/<\/td>\n<td width=\"159\">&#8211;<\/td>\n<\/tr>\n<tr>\n<td>N.\u00ba de cilindros<\/td>\n<td>\/<\/td>\n<td width=\"159\">3<\/td>\n<\/tr>\n<tr>\n<td>Pot\u00eancia de sa\u00edda<\/td>\n<td>kw\/rpm<\/td>\n<td width=\"159\">15.4\/2400<\/td>\n<\/tr>\n<tr>\n<td>Bin\u00e1rio\/velocidade m\u00e1xima<\/td>\n<td>N.m<\/td>\n<td width=\"159\">70.3\/1600<\/td>\n<\/tr>\n<tr>\n<td>Desloca\u00e7\u00e3o<\/td>\n<td>L<\/td>\n<td width=\"159\">1.123<\/td>\n<\/tr>\n<tr>\n<td rowspan=\"7\" width=\"250\">Desempenho principal<\/td>\n<td>Velocidade de desloca\u00e7\u00e3o<\/td>\n<td>km\/h<\/td>\n<td width=\"159\">3.6\/2.4<\/td>\n<\/tr>\n<tr>\n<td>Velocidade de oscila\u00e7\u00e3o<\/td>\n<td>r\/min<\/td>\n<td width=\"159\">10<\/td>\n<\/tr>\n<tr>\n<td width=\"419\">Capacidade de classifica\u00e7\u00e3o<\/td>\n<td>\u00b0<\/td>\n<td width=\"159\">\u226430<\/td>\n<\/tr>\n<tr>\n<td width=\"419\">\u00a0Press\u00e3o no solo<\/td>\n<td>kPa<\/td>\n<td width=\"159\">26.3<\/td>\n<\/tr>\n<tr>\n<td width=\"419\">\u00a0For\u00e7a de escava\u00e7\u00e3o do balde<\/td>\n<td>kN<\/td>\n<td width=\"159\">23<\/td>\n<\/tr>\n<tr>\n<td width=\"419\">\u00a0For\u00e7a de escava\u00e7\u00e3o do bra\u00e7o<\/td>\n<td>kN<\/td>\n<td width=\"159\">14<\/td>\n<\/tr>\n<tr>\n<td width=\"419\">\u00a0Tra\u00e7\u00e3o m\u00e1xima<\/td>\n<td>kN<\/td>\n<td width=\"159\">29.7<\/td>\n<\/tr>\n<tr>\n<td rowspan=\"5\" width=\"250\">Sistema hidr\u00e1ulico<\/td>\n<td width=\"419\">\u00a0Caudal nominal da bomba principal<\/td>\n<td>L\/min<\/td>\n<td width=\"159\">82.8<\/td>\n<\/tr>\n<tr>\n<td>\u00a0Press\u00e3o da v\u00e1lvula de seguran\u00e7a principal<\/td>\n<td>MPa<\/td>\n<td width=\"159\">24.3<\/td>\n<\/tr>\n<tr>\n<td>\u00a0Press\u00e3o do sistema de desloca\u00e7\u00e3o<\/td>\n<td>MPa<\/td>\n<td width=\"159\">24.3<\/td>\n<\/tr>\n<tr>\n<td>\u00a0Press\u00e3o do sistema de oscila\u00e7\u00e3o<\/td>\n<td>MPa<\/td>\n<td width=\"159\">16.2<\/td>\n<\/tr>\n<tr>\n<td>\u00a0Press\u00e3o do sistema piloto<\/td>\n<td>MPa<\/td>\n<td width=\"159\">3.5<\/td>\n<\/tr>\n<tr>\n<td rowspan=\"3\" width=\"250\">Capacidade de \u00f3leo<\/td>\n<td width=\"419\">\u00a0Capacidade do dep\u00f3sito de combust\u00edvel<\/td>\n<td>L<\/td>\n<td width=\"159\">33<\/td>\n<\/tr>\n<tr>\n<td width=\"419\">\u00a0Capacidade do dep\u00f3sito hidr\u00e1ulico<\/td>\n<td>L<\/td>\n<td width=\"159\">22<\/td>\n<\/tr>\n<tr>\n<td>\u00a0Capacidade do \u00f3leo do motor<\/td>\n<td>L<\/td>\n<td width=\"159\">5.1<\/td>\n<\/tr>\n<tr>\n<td rowspan=\"11\" width=\"250\">Tamanho da apar\u00eancia<\/td>\n<td width=\"419\">A Comprimento total<\/td>\n<td>mm<\/td>\n<td width=\"159\">4190<\/td>\n<\/tr>\n<tr>\n<td width=\"419\">B Largura total<\/td>\n<td>mm<\/td>\n<td width=\"159\">1500<\/td>\n<\/tr>\n<tr>\n<td width=\"419\">C Altura total<\/td>\n<td>mm<\/td>\n<td width=\"159\">2580<\/td>\n<\/tr>\n<tr>\n<td width=\"419\">D Largura da plataforma<\/td>\n<td>mm<\/td>\n<td width=\"159\">1350<\/td>\n<\/tr>\n<tr>\n<td>E Largura total do quadro<\/td>\n<td>mm<\/td>\n<td width=\"159\">1500<\/td>\n<\/tr>\n<tr>\n<td>F Largura da via<\/td>\n<td>mm<\/td>\n<td width=\"159\">300<\/td>\n<\/tr>\n<tr>\n<td>Banda de rodagem G<\/td>\n<td>mm<\/td>\n<td width=\"159\">1560<\/td>\n<\/tr>\n<tr>\n<td>H Bitola da via<\/td>\n<td>mm<\/td>\n<td width=\"159\">1200<\/td>\n<\/tr>\n<tr>\n<td>I Folga do contrapeso<\/td>\n<td>mm<\/td>\n<td width=\"159\">535<\/td>\n<\/tr>\n<tr>\n<td>J Dist\u00e2ncia m\u00ednima ao solo<\/td>\n<td>mm<\/td>\n<td width=\"159\">290<\/td>\n<\/tr>\n<tr>\n<td>Dozer (largura\/altura)<\/td>\n<td>mm<\/td>\n<td width=\"159\">\/<\/td>\n<\/tr>\n<tr>\n<td rowspan=\"9\" width=\"250\">\u00c2mbito de aplica\u00e7\u00e3o<\/td>\n<td>A Altura m\u00e1xima de escava\u00e7\u00e3o<\/td>\n<td>mm<\/td>\n<td width=\"159\">4390<\/td>\n<\/tr>\n<tr>\n<td>B Altura m\u00e1xima de descarga<\/td>\n<td>mm<\/td>\n<td width=\"159\">3120<\/td>\n<\/tr>\n<tr>\n<td>C Profundidade m\u00e1xima de escava\u00e7\u00e3o<\/td>\n<td>mm<\/td>\n<td width=\"159\">2800<\/td>\n<\/tr>\n<tr>\n<td>D \u6700 Profundidade m\u00e1xima de escava\u00e7\u00e3o vertical da parede<\/td>\n<td>mm<\/td>\n<td width=\"159\">2310<\/td>\n<\/tr>\n<tr>\n<td>\u00a0Raio m\u00e1ximo de escava\u00e7\u00e3o<\/td>\n<td>mm<\/td>\n<td width=\"159\">4750<\/td>\n<\/tr>\n<tr>\n<td>\u00a0Raio de oscila\u00e7\u00e3o m\u00ednimo<\/td>\n<td>mm<\/td>\n<td width=\"159\">1980<\/td>\n<\/tr>\n<tr>\n<td>\u00a0Raio de viragem m\u00ednimo da cauda<\/td>\n<td>mm<\/td>\n<td width=\"159\">790<\/td>\n<\/tr>\n<tr>\n<td>\u00a0Altura m\u00e1xima de eleva\u00e7\u00e3o do bulldozer<\/td>\n<td>mm<\/td>\n<td width=\"159\">300<\/td>\n<\/tr>\n<tr>\n<td>\u00a0Profundidade m\u00e1xima de escava\u00e7\u00e3o do bulldozer<\/td>\n<td>mm<\/td>\n<td width=\"159\">330<\/td>\n<\/tr>\n<tr>\n<td rowspan=\"3\" width=\"250\">Configura\u00e7\u00e3o standard<\/td>\n<td width=\"419\">\u00a0Comprimento da lan\u00e7a<\/td>\n<td width=\"148\">mm<\/td>\n<td width=\"159\">2090<\/td>\n<\/tr>\n<tr>\n<td width=\"419\">\u00a0Comprimento do bra\u00e7o<\/td>\n<td width=\"148\">mm<\/td>\n<td width=\"159\">1300<\/td>\n<\/tr>\n<tr>\n<td width=\"419\">Capacidade do balde<\/td>\n<td width=\"148\">m\u00b3<\/td>\n<td width=\"159\">0.06<\/td>\n<\/tr>\n<tr>\n<td rowspan=\"3\" width=\"250\">Configura\u00e7\u00e3o opcional<\/td>\n<td rowspan=\"2\" width=\"419\">Capacidade do balde<\/td>\n<td rowspan=\"2\" width=\"148\">m\u00b3<\/td>\n<td width=\"159\">0.026\/0.042\/0.06\/0.13<\/td>\n<\/tr>\n<tr>\n<td width=\"159\">\/<\/td>\n<\/tr>\n<tr>\n<td>Equipamentos auxiliares e outros<\/td>\n<td>\/<\/td>\n<td width=\"159\">\/<\/td>\n<\/tr>\n<\/tbody>\n<\/table>\n<\/div>\n<p><img fetchpriority=\"high\" decoding=\"async\" class=\"alignnone size-medium wp-image-1938\" src=\"https:\/\/www.hcxmachinery.com\/wp-content\/uploads\/2024\/10\/26U\u4ea7\u54c1\u76f8\u518c\u56fe6\u6700\u65b0-300x300.webp\" alt=\"\" width=\"300\" height=\"300\" title=\"\" srcset=\"https:\/\/www.hcxmachinery.com\/wp-content\/uploads\/2024\/10\/26U\u4ea7\u54c1\u76f8\u518c\u56fe6\u6700\u65b0-300x300.webp 300w, https:\/\/www.hcxmachinery.com\/wp-content\/uploads\/2024\/10\/26U\u4ea7\u54c1\u76f8\u518c\u56fe6\u6700\u65b0-150x150.webp 150w, https:\/\/www.hcxmachinery.com\/wp-content\/uploads\/2024\/10\/26U\u4ea7\u54c1\u76f8\u518c\u56fe6\u6700\u65b0-768x768.webp 768w, https:\/\/www.hcxmachinery.com\/wp-content\/uploads\/2024\/10\/26U\u4ea7\u54c1\u76f8\u518c\u56fe6\u6700\u65b0-600x600.webp 600w, https:\/\/www.hcxmachinery.com\/wp-content\/uploads\/2024\/10\/26U\u4ea7\u54c1\u76f8\u518c\u56fe6\u6700\u65b0-100x100.webp 100w, https:\/\/www.hcxmachinery.com\/wp-content\/uploads\/2024\/10\/26U\u4ea7\u54c1\u76f8\u518c\u56fe6\u6700\u65b0.webp 800w\" sizes=\"(max-width: 300px) 100vw, 300px\" \/> <img decoding=\"async\" class=\"alignnone size-medium wp-image-1937\" src=\"https:\/\/www.hcxmachinery.com\/wp-content\/uploads\/2024\/10\/26U\u4ea7\u54c1\u76f8\u518c\u56fe5\u6700\u65b0-300x300.webp\" alt=\"\" width=\"300\" height=\"300\" title=\"\" srcset=\"https:\/\/www.hcxmachinery.com\/wp-content\/uploads\/2024\/10\/26U\u4ea7\u54c1\u76f8\u518c\u56fe5\u6700\u65b0-300x300.webp 300w, https:\/\/www.hcxmachinery.com\/wp-content\/uploads\/2024\/10\/26U\u4ea7\u54c1\u76f8\u518c\u56fe5\u6700\u65b0-150x150.webp 150w, https:\/\/www.hcxmachinery.com\/wp-content\/uploads\/2024\/10\/26U\u4ea7\u54c1\u76f8\u518c\u56fe5\u6700\u65b0-768x768.webp 768w, https:\/\/www.hcxmachinery.com\/wp-content\/uploads\/2024\/10\/26U\u4ea7\u54c1\u76f8\u518c\u56fe5\u6700\u65b0-600x600.webp 600w, https:\/\/www.hcxmachinery.com\/wp-content\/uploads\/2024\/10\/26U\u4ea7\u54c1\u76f8\u518c\u56fe5\u6700\u65b0-100x100.webp 100w, https:\/\/www.hcxmachinery.com\/wp-content\/uploads\/2024\/10\/26U\u4ea7\u54c1\u76f8\u518c\u56fe5\u6700\u65b0.webp 800w\" sizes=\"(max-width: 300px) 100vw, 300px\" \/> <img decoding=\"async\" class=\"alignnone size-medium wp-image-1936\" src=\"https:\/\/www.hcxmachinery.com\/wp-content\/uploads\/2024\/10\/26U\u4ea7\u54c1\u76f8\u518c\u56fe4\u6700\u65b0-300x300.webp\" alt=\"\" width=\"300\" height=\"300\" title=\"\" srcset=\"https:\/\/www.hcxmachinery.com\/wp-content\/uploads\/2024\/10\/26U\u4ea7\u54c1\u76f8\u518c\u56fe4\u6700\u65b0-300x300.webp 300w, https:\/\/www.hcxmachinery.com\/wp-content\/uploads\/2024\/10\/26U\u4ea7\u54c1\u76f8\u518c\u56fe4\u6700\u65b0-150x150.webp 150w, https:\/\/www.hcxmachinery.com\/wp-content\/uploads\/2024\/10\/26U\u4ea7\u54c1\u76f8\u518c\u56fe4\u6700\u65b0-768x768.webp 768w, https:\/\/www.hcxmachinery.com\/wp-content\/uploads\/2024\/10\/26U\u4ea7\u54c1\u76f8\u518c\u56fe4\u6700\u65b0-600x600.webp 600w, https:\/\/www.hcxmachinery.com\/wp-content\/uploads\/2024\/10\/26U\u4ea7\u54c1\u76f8\u518c\u56fe4\u6700\u65b0-100x100.webp 100w, https:\/\/www.hcxmachinery.com\/wp-content\/uploads\/2024\/10\/26U\u4ea7\u54c1\u76f8\u518c\u56fe4\u6700\u65b0.webp 800w\" sizes=\"(max-width: 300px) 100vw, 300px\" \/> <img loading=\"lazy\" decoding=\"async\" class=\"alignnone size-medium wp-image-1935\" src=\"https:\/\/www.hcxmachinery.com\/wp-content\/uploads\/2024\/10\/26U\u4ea7\u54c1\u76f8\u518c\u56fe3\u6700\u65b0-300x300.webp\" alt=\"\" width=\"300\" height=\"300\" title=\"\" srcset=\"https:\/\/www.hcxmachinery.com\/wp-content\/uploads\/2024\/10\/26U\u4ea7\u54c1\u76f8\u518c\u56fe3\u6700\u65b0-300x300.webp 300w, https:\/\/www.hcxmachinery.com\/wp-content\/uploads\/2024\/10\/26U\u4ea7\u54c1\u76f8\u518c\u56fe3\u6700\u65b0-150x150.webp 150w, https:\/\/www.hcxmachinery.com\/wp-content\/uploads\/2024\/10\/26U\u4ea7\u54c1\u76f8\u518c\u56fe3\u6700\u65b0-768x768.webp 768w, https:\/\/www.hcxmachinery.com\/wp-content\/uploads\/2024\/10\/26U\u4ea7\u54c1\u76f8\u518c\u56fe3\u6700\u65b0-600x600.webp 600w, https:\/\/www.hcxmachinery.com\/wp-content\/uploads\/2024\/10\/26U\u4ea7\u54c1\u76f8\u518c\u56fe3\u6700\u65b0-100x100.webp 100w, https:\/\/www.hcxmachinery.com\/wp-content\/uploads\/2024\/10\/26U\u4ea7\u54c1\u76f8\u518c\u56fe3\u6700\u65b0.webp 800w\" sizes=\"(max-width: 300px) 100vw, 300px\" \/> <img loading=\"lazy\" decoding=\"async\" class=\"alignnone size-medium wp-image-1934\" src=\"https:\/\/www.hcxmachinery.com\/wp-content\/uploads\/2024\/10\/26U\u4ea7\u54c1\u76f8\u518c\u56fe2\u6700\u65b0-300x300.webp\" alt=\"\" width=\"300\" height=\"300\" title=\"\" srcset=\"https:\/\/www.hcxmachinery.com\/wp-content\/uploads\/2024\/10\/26U\u4ea7\u54c1\u76f8\u518c\u56fe2\u6700\u65b0-300x300.webp 300w, https:\/\/www.hcxmachinery.com\/wp-content\/uploads\/2024\/10\/26U\u4ea7\u54c1\u76f8\u518c\u56fe2\u6700\u65b0-150x150.webp 150w, https:\/\/www.hcxmachinery.com\/wp-content\/uploads\/2024\/10\/26U\u4ea7\u54c1\u76f8\u518c\u56fe2\u6700\u65b0-768x768.webp 768w, https:\/\/www.hcxmachinery.com\/wp-content\/uploads\/2024\/10\/26U\u4ea7\u54c1\u76f8\u518c\u56fe2\u6700\u65b0-600x600.webp 600w, https:\/\/www.hcxmachinery.com\/wp-content\/uploads\/2024\/10\/26U\u4ea7\u54c1\u76f8\u518c\u56fe2\u6700\u65b0-100x100.webp 100w, https:\/\/www.hcxmachinery.com\/wp-content\/uploads\/2024\/10\/26U\u4ea7\u54c1\u76f8\u518c\u56fe2\u6700\u65b0.webp 800w\" sizes=\"(max-width: 300px) 100vw, 300px\" \/> <img loading=\"lazy\" decoding=\"async\" class=\"alignnone size-medium wp-image-1933\" src=\"https:\/\/www.hcxmachinery.com\/wp-content\/uploads\/2024\/10\/26U\u4ea7\u54c1\u76f8\u518c\u56fe1\u6700\u65b0-300x300.webp\" alt=\"\" width=\"300\" height=\"300\" title=\"\" srcset=\"https:\/\/www.hcxmachinery.com\/wp-content\/uploads\/2024\/10\/26U\u4ea7\u54c1\u76f8\u518c\u56fe1\u6700\u65b0-300x300.webp 300w, https:\/\/www.hcxmachinery.com\/wp-content\/uploads\/2024\/10\/26U\u4ea7\u54c1\u76f8\u518c\u56fe1\u6700\u65b0-150x150.webp 150w, https:\/\/www.hcxmachinery.com\/wp-content\/uploads\/2024\/10\/26U\u4ea7\u54c1\u76f8\u518c\u56fe1\u6700\u65b0-768x768.webp 768w, https:\/\/www.hcxmachinery.com\/wp-content\/uploads\/2024\/10\/26U\u4ea7\u54c1\u76f8\u518c\u56fe1\u6700\u65b0-600x600.webp 600w, https:\/\/www.hcxmachinery.com\/wp-content\/uploads\/2024\/10\/26U\u4ea7\u54c1\u76f8\u518c\u56fe1\u6700\u65b0-100x100.webp 100w, https:\/\/www.hcxmachinery.com\/wp-content\/uploads\/2024\/10\/26U\u4ea7\u54c1\u76f8\u518c\u56fe1\u6700\u65b0.webp 800w\" sizes=\"(max-width: 300px) 100vw, 300px\" \/> <img loading=\"lazy\" decoding=\"async\" class=\"alignnone size-medium wp-image-1939\" src=\"https:\/\/www.hcxmachinery.com\/wp-content\/uploads\/2024\/10\/26U\u4ea7\u54c1\u76f8\u518c\u56fe7\u6700\u65b0-300x300.webp\" alt=\"\" width=\"300\" height=\"300\" title=\"\" srcset=\"https:\/\/www.hcxmachinery.com\/wp-content\/uploads\/2024\/10\/26U\u4ea7\u54c1\u76f8\u518c\u56fe7\u6700\u65b0-300x300.webp 300w, https:\/\/www.hcxmachinery.com\/wp-content\/uploads\/2024\/10\/26U\u4ea7\u54c1\u76f8\u518c\u56fe7\u6700\u65b0-150x150.webp 150w, https:\/\/www.hcxmachinery.com\/wp-content\/uploads\/2024\/10\/26U\u4ea7\u54c1\u76f8\u518c\u56fe7\u6700\u65b0-768x768.webp 768w, https:\/\/www.hcxmachinery.com\/wp-content\/uploads\/2024\/10\/26U\u4ea7\u54c1\u76f8\u518c\u56fe7\u6700\u65b0-600x600.webp 600w, https:\/\/www.hcxmachinery.com\/wp-content\/uploads\/2024\/10\/26U\u4ea7\u54c1\u76f8\u518c\u56fe7\u6700\u65b0-100x100.webp 100w, https:\/\/www.hcxmachinery.com\/wp-content\/uploads\/2024\/10\/26U\u4ea7\u54c1\u76f8\u518c\u56fe7\u6700\u65b0.webp 800w\" sizes=\"(max-width: 300px) 100vw, 300px\" \/><\/p>","protected":false},"excerpt":{"rendered":"<p>XE26U The hydraulic excavator is equipped with a low-speed high-torque engine with high efficiency and low fuelconsumption. The maintenance parts [&hellip;]<\/p>","protected":false},"featured_media":1879,"template":"","meta":{"_acf_changed":false,"site-sidebar-layout":"default","site-content-layout":"","ast-site-content-layout":"default","site-content-style":"default","site-sidebar-style":"default","ast-global-header-display":"","ast-banner-title-visibility":"","ast-main-header-display":"","ast-hfb-above-header-display":"","ast-hfb-below-header-display":"","ast-hfb-mobile-header-display":"","site-post-title":"","ast-breadcrumbs-content":"","ast-featured-img":"","footer-sml-layout":"","theme-transparent-header-meta":"default","adv-header-id-meta":"","stick-header-meta":"default","header-above-stick-meta":"","header-main-stick-meta":"","header-below-stick-meta":"","astra-migrate-meta-layouts":"set","ast-page-background-enabled":"default","ast-page-background-meta":{"desktop":{"background-color":"var(--ast-global-color-4)","background-image":"","background-repeat":"repeat","background-position":"center center","background-size":"auto","background-attachment":"scroll","background-type":"","background-media":"","overlay-type":"","overlay-color":"","overlay-opacity":"","overlay-gradient":""},"tablet":{"background-color":"","background-image":"","background-repeat":"repeat","background-position":"center center","background-size":"auto","background-attachment":"scroll","background-type":"","background-media":"","overlay-type":"","overlay-color":"","overlay-opacity":"","overlay-gradient":""},"mobile":{"background-color":"","background-image":"","background-repeat":"repeat","background-position":"center center","background-size":"auto","background-attachment":"scroll","background-type":"","background-media":"","overlay-type":"","overlay-color":"","overlay-opacity":"","overlay-gradient":""}},"ast-content-background-meta":{"desktop":{"background-color":"var(--ast-global-color-5)","background-image":"","background-repeat":"repeat","background-position":"center center","background-size":"auto","background-attachment":"scroll","background-type":"","background-media":"","overlay-type":"","overlay-color":"","overlay-opacity":"","overlay-gradient":""},"tablet":{"background-color":"var(--ast-global-color-5)","background-image":"","background-repeat":"repeat","background-position":"center center","background-size":"auto","background-attachment":"scroll","background-type":"","background-media":"","overlay-type":"","overlay-color":"","overlay-opacity":"","overlay-gradient":""},"mobile":{"background-color":"var(--ast-global-color-5)","background-image":"","background-repeat":"repeat","background-position":"center center","background-size":"auto","background-attachment":"scroll","background-type":"","background-media":"","overlay-type":"","overlay-color":"","overlay-opacity":"","overlay-gradient":""}}},"product_cat":[19,34],"product_tag":[],"class_list":{"0":"post-1233","1":"product","2":"type-product","3":"status-publish","4":"has-post-thumbnail","6":"product_cat-excavator","7":"product_cat-micro-excavator","8":"desktop-align-left","9":"tablet-align-left","10":"mobile-align-left","11":"ast-product-gallery-layout-horizontal-slider","12":"ast-magnify-disabled","13":"ast-product-tabs-layout-horizontal","15":"first","16":"instock","17":"shipping-taxable","18":"product-type-simple"},"acf":[],"_links":{"self":[{"href":"https:\/\/www.hcxmachinery.com\/pt\/wp-json\/wp\/v2\/product\/1233"}],"collection":[{"href":"https:\/\/www.hcxmachinery.com\/pt\/wp-json\/wp\/v2\/product"}],"about":[{"href":"https:\/\/www.hcxmachinery.com\/pt\/wp-json\/wp\/v2\/types\/product"}],"version-history":[{"count":11,"href":"https:\/\/www.hcxmachinery.com\/pt\/wp-json\/wp\/v2\/product\/1233\/revisions"}],"predecessor-version":[{"id":3328,"href":"https:\/\/www.hcxmachinery.com\/pt\/wp-json\/wp\/v2\/product\/1233\/revisions\/3328"}],"wp:featuredmedia":[{"embeddable":true,"href":"https:\/\/www.hcxmachinery.com\/pt\/wp-json\/wp\/v2\/media\/1879"}],"wp:attachment":[{"href":"https:\/\/www.hcxmachinery.com\/pt\/wp-json\/wp\/v2\/media?parent=1233"}],"wp:term":[{"taxonomy":"product_cat","embeddable":true,"href":"https:\/\/www.hcxmachinery.com\/pt\/wp-json\/wp\/v2\/product_cat?post=1233"},{"taxonomy":"product_tag","embeddable":true,"href":"https:\/\/www.hcxmachinery.com\/pt\/wp-json\/wp\/v2\/product_tag?post=1233"}],"curies":[{"name":"wp","href":"https:\/\/api.w.org\/{rel}","templated":true}]}}