{"id":936,"date":"2023-08-07T15:34:11","date_gmt":"2023-08-07T15:34:11","guid":{"rendered":"https:\/\/hcxmachinery.com\/?post_type=product&#038;p=936"},"modified":"2025-12-08T07:59:51","modified_gmt":"2025-12-08T07:59:51","slug":"xe215da","status":"publish","type":"product","link":"https:\/\/www.hcxmachinery.com\/fr\/produit\/xe215da\/","title":{"rendered":"21.5T XE215DA Excavator in Good Condition Used Original For Sale"},"content":{"rendered":"<h2>XE215DA<\/h2>\n<p>L'excavateur hydraulique est \u00e9quip\u00e9 d'un moteur \u00e0 basse vitesse et \u00e0 couple \u00e9lev\u00e9, \u00e0 haut rendement et \u00e0 faible consommation de carburant. Le grand ch\u00e2ssis et le tampon pilote sont plus stables et plus confortables \u00e0 utiliser ; les pi\u00e8ces de maintenance sont d\u00e9plac\u00e9es vers l'ext\u00e9rieur, la p\u00e9riode de maintenance est prolong\u00e9e, la maintenance est plus pratique ; l'adaptabilit\u00e9 \u00e0 l'environnement est meilleure. Il dispose d'une vari\u00e9t\u00e9 d'accessoires optionnels, ainsi que de fonctions de contr\u00f4le adaptatif de l'altitude. Elle peut \u00eatre largement utilis\u00e9e dans les travaux de terre et de pierre de petite et moyenne taille, la construction d'autoroutes et de ponts, le creusement de tranch\u00e9es et la construction, la conservation de l'eau des terres agricoles, le dragage des rivi\u00e8res et la construction municipale. Elle peut \u00e9galement r\u00e9aliser diff\u00e9rentes op\u00e9rations telles que le creusement, le concassage et le d\u00e9mant\u00e8lement, et s'adapte parfaitement aux conditions de travail.<\/p>\n<h2 class=\"fe-bold mb-3\">PARAM\u00c8TRES<\/h2>\n<p>&nbsp;<\/p>\n<table class=\"tg\" style=\"height: 2973px;\" width=\"1275\">\n<thead>\n<tr>\n<th class=\"tg-efol\" colspan=\"2\">Mod\u00e8le de vente<\/th>\n<th class=\"tg-nltw\" style=\"text-align: left;\">Unit\u00e9<\/th>\n<th class=\"tg-nltw\" style=\"text-align: left;\">Mesures<\/th>\n<\/tr>\n<\/thead>\n<tbody>\n<tr>\n<td class=\"tg-wa1i\" colspan=\"2\">Poids en ordre de marche<\/td>\n<td class=\"tg-nrix\">Kg<\/td>\n<td class=\"tg-nrix\">21500<\/td>\n<\/tr>\n<tr>\n<td class=\"tg-wa1i\" colspan=\"2\">Capacit\u00e9 du godet<\/td>\n<td class=\"tg-nrix\">m\u00b3<\/td>\n<td class=\"tg-nrix\">1.05<\/td>\n<\/tr>\n<tr>\n<td class=\"tg-wa1i\" rowspan=\"10\">Moteur<\/td>\n<td class=\"tg-yla0\">Mod\u00e8le<\/td>\n<td class=\"tg-nrix\">\/<\/td>\n<td class=\"tg-nrix\">QSB7<\/td>\n<\/tr>\n<tr>\n<td class=\"tg-yla0\">Injection directe<\/td>\n<td class=\"tg-nrix\">\/<\/td>\n<td class=\"tg-nrix\">\u221a<\/td>\n<\/tr>\n<tr>\n<td class=\"tg-yla0\">Quatre coups<\/td>\n<td class=\"tg-nrix\">\/<\/td>\n<td class=\"tg-nrix\">\u221a<\/td>\n<\/tr>\n<tr>\n<td class=\"tg-yla0\">Refroidissement par eau<\/td>\n<td class=\"tg-nrix\">\/<\/td>\n<td class=\"tg-nrix\">\u221a<\/td>\n<\/tr>\n<tr>\n<td class=\"tg-yla0\">Turbocompresseur<\/td>\n<td class=\"tg-nrix\">\/<\/td>\n<td class=\"tg-nrix\">\u221a<\/td>\n<\/tr>\n<tr>\n<td class=\"tg-yla0\">Refroidissement par air<\/td>\n<td class=\"tg-nrix\">\/<\/td>\n<td class=\"tg-nrix\">\u221a<\/td>\n<\/tr>\n<tr>\n<td class=\"tg-yla0\">Nombre de cylindres<\/td>\n<td class=\"tg-nrix\">\/<\/td>\n<td class=\"tg-nrix\">6<\/td>\n<\/tr>\n<tr>\n<td class=\"tg-yla0\">Puissance de sortie<\/td>\n<td class=\"tg-nrix\">kw\/tr\/min<\/td>\n<td class=\"tg-nrix\">135\/2050<\/td>\n<\/tr>\n<tr>\n<td class=\"tg-yla0\">Couple\/vitesse maximal(e)<\/td>\n<td class=\"tg-nrix\">N.m\/rpm<\/td>\n<td class=\"tg-nrix\">740\/900-1600<\/td>\n<\/tr>\n<tr>\n<td class=\"tg-yla0\">D\u00e9placement<\/td>\n<td class=\"tg-nrix\">L<\/td>\n<td class=\"tg-nrix\">6.7<\/td>\n<\/tr>\n<tr>\n<td class=\"tg-wa1i\" rowspan=\"7\">Principales performances<\/td>\n<td class=\"tg-yla0\">Vitesse de d\u00e9placement<\/td>\n<td class=\"tg-nrix\">km\/h<\/td>\n<td class=\"tg-nrix\">5.4\/3.1<\/td>\n<\/tr>\n<tr>\n<td class=\"tg-yla0\">Vitesse d'oscillation<\/td>\n<td class=\"tg-nrix\">r\/min<\/td>\n<td class=\"tg-nrix\">11.8<\/td>\n<\/tr>\n<tr>\n<td class=\"tg-yla0\">Aptitude au classement<\/td>\n<td class=\"tg-nrix\">\u00b0<\/td>\n<td class=\"tg-nrix\">\u226435<\/td>\n<\/tr>\n<tr>\n<td class=\"tg-yla0\">Pression au sol<\/td>\n<td class=\"tg-nrix\">kPa<\/td>\n<td class=\"tg-nrix\">47.2<\/td>\n<\/tr>\n<tr>\n<td class=\"tg-yla0\">Force de creusement du godet<\/td>\n<td class=\"tg-nrix\">kN<\/td>\n<td class=\"tg-nrix\">149<\/td>\n<\/tr>\n<tr>\n<td class=\"tg-yla0\">Force de creusement du bras<\/td>\n<td class=\"tg-nrix\">kN<\/td>\n<td class=\"tg-nrix\">111<\/td>\n<\/tr>\n<tr>\n<td class=\"tg-yla0\">Force de traction maximale<\/td>\n<td class=\"tg-nrix\">kN<\/td>\n<td class=\"tg-nrix\">184<\/td>\n<\/tr>\n<tr>\n<td class=\"tg-wa1i\" rowspan=\"6\">Syst\u00e8me hydraulique<\/td>\n<td class=\"tg-yla0\">D\u00e9bit nominal de la pompe principale<\/td>\n<td class=\"tg-nrix\">\/<\/td>\n<td class=\"tg-nrix\">\/<\/td>\n<\/tr>\n<tr>\n<td class=\"tg-yla0\">D\u00e9bit nominal de la pompe principale<\/td>\n<td class=\"tg-nrix\">L\/min<\/td>\n<td class=\"tg-nrix\">2\u00d7216<\/td>\n<\/tr>\n<tr>\n<td class=\"tg-yla0\">Pression de la soupape de s\u00e9curit\u00e9 principale<\/td>\n<td class=\"tg-nrix\">MPa<\/td>\n<td class=\"tg-nrix\">34.3\/37<\/td>\n<\/tr>\n<tr>\n<td class=\"tg-yla0\">Pression du syst\u00e8me de d\u00e9placement<\/td>\n<td class=\"tg-nrix\">MPa<\/td>\n<td class=\"tg-nrix\">34.3<\/td>\n<\/tr>\n<tr>\n<td class=\"tg-yla0\">Pression du syst\u00e8me de balancier<\/td>\n<td class=\"tg-nrix\">MPa<\/td>\n<td class=\"tg-nrix\">27.5<\/td>\n<\/tr>\n<tr>\n<td class=\"tg-yla0\">Pression du syst\u00e8me pilote<\/td>\n<td class=\"tg-nrix\">MPa<\/td>\n<td class=\"tg-nrix\">3.9<\/td>\n<\/tr>\n<tr>\n<td class=\"tg-wa1i\" rowspan=\"3\">Capacit\u00e9 d'huile<\/td>\n<td class=\"tg-yla0\">Capacit\u00e9 du r\u00e9servoir de carburant<\/td>\n<td class=\"tg-nrix\">L<\/td>\n<td class=\"tg-nrix\">400<\/td>\n<\/tr>\n<tr>\n<td class=\"tg-yla0\">Capacit\u00e9 du r\u00e9servoir hydraulique<\/td>\n<td class=\"tg-nrix\">L<\/td>\n<td class=\"tg-nrix\">220<\/td>\n<\/tr>\n<tr>\n<td class=\"tg-yla0\">Capacit\u00e9 d'huile moteur<\/td>\n<td class=\"tg-nrix\">L<\/td>\n<td class=\"tg-nrix\">19.5<\/td>\n<\/tr>\n<tr>\n<td class=\"tg-wa1i\" rowspan=\"13\">Taille de l'apparence<\/td>\n<td class=\"tg-yla0\">A Longueur totale<\/td>\n<td class=\"tg-nrix\">mm<\/td>\n<td class=\"tg-nrix\">9625<\/td>\n<\/tr>\n<tr>\n<td class=\"tg-yla0\">B Largeur totale<\/td>\n<td class=\"tg-nrix\">mm<\/td>\n<td class=\"tg-nrix\">2990<\/td>\n<\/tr>\n<tr>\n<td class=\"tg-yla0\">C Hauteur totale<\/td>\n<td class=\"tg-nrix\">mm<\/td>\n<td class=\"tg-nrix\">3100<\/td>\n<\/tr>\n<tr>\n<td class=\"tg-yla0\">D Largeur de la plate-forme<\/td>\n<td class=\"tg-nrix\">mm<\/td>\n<td class=\"tg-nrix\">2830<\/td>\n<\/tr>\n<tr>\n<td class=\"tg-yla0\">E Longueur de la voie<\/td>\n<td class=\"tg-nrix\">mm<\/td>\n<td class=\"tg-nrix\">4255<\/td>\n<\/tr>\n<tr>\n<td class=\"tg-yla0\">F Largeur totale du ch\u00e2ssis<\/td>\n<td class=\"tg-nrix\">mm<\/td>\n<td class=\"tg-nrix\">2990<\/td>\n<\/tr>\n<tr>\n<td class=\"tg-yla0\">G Largeur de la voie<\/td>\n<td class=\"tg-nrix\">mm<\/td>\n<td class=\"tg-nrix\">600<\/td>\n<\/tr>\n<tr>\n<td class=\"tg-yla0\">H Longueur au centre des rouleaux<\/td>\n<td class=\"tg-nrix\">mm<\/td>\n<td class=\"tg-nrix\">3462<\/td>\n<\/tr>\n<tr>\n<td class=\"tg-yla0\">I Voie de circulation<\/td>\n<td class=\"tg-nrix\">mm<\/td>\n<td class=\"tg-nrix\">2390<\/td>\n<\/tr>\n<tr>\n<td class=\"tg-yla0\">J D\u00e9gagement du contrepoids<\/td>\n<td class=\"tg-nrix\">mm<\/td>\n<td class=\"tg-nrix\">1050<\/td>\n<\/tr>\n<tr>\n<td class=\"tg-yla0\">K Garde au sol minimale<\/td>\n<td class=\"tg-nrix\">mm<\/td>\n<td class=\"tg-nrix\">486<\/td>\n<\/tr>\n<tr>\n<td class=\"tg-yla0\">L Rayon de pivotement min. de la queue<\/td>\n<td class=\"tg-nrix\">mm<\/td>\n<td class=\"tg-nrix\">2844<\/td>\n<\/tr>\n<tr>\n<td class=\"tg-yla0\">M Hauteur de la voie<\/td>\n<td class=\"tg-nrix\">mm<\/td>\n<td class=\"tg-nrix\">942<\/td>\n<\/tr>\n<tr>\n<td class=\"tg-wa1i\" rowspan=\"7\">Champ d'application<\/td>\n<td class=\"tg-yla0\">A Hauteur de creusement max.<\/td>\n<td class=\"tg-nrix\">mm<\/td>\n<td class=\"tg-nrix\">9620<\/td>\n<\/tr>\n<tr>\n<td class=\"tg-yla0\">B Hauteur de d\u00e9versement max.<\/td>\n<td class=\"tg-nrix\">mm<\/td>\n<td class=\"tg-nrix\">6780<\/td>\n<\/tr>\n<tr>\n<td class=\"tg-yla0\">C Profondeur de fouille maximale<\/td>\n<td class=\"tg-nrix\">mm<\/td>\n<td class=\"tg-nrix\">6680<\/td>\n<\/tr>\n<tr>\n<td class=\"tg-yla0\">D Profondeur de coupe maximale pour un fond plat de 2240 mm (8 ft)<\/td>\n<td class=\"tg-nrix\">mm<\/td>\n<td class=\"tg-nrix\">6500<\/td>\n<\/tr>\n<tr>\n<td class=\"tg-yla0\">E Profondeur maximale de creusement des parois verticales<\/td>\n<td class=\"tg-nrix\">mm<\/td>\n<td class=\"tg-nrix\">5715<\/td>\n<\/tr>\n<tr>\n<td class=\"tg-yla0\">Rayon de creusement max.<\/td>\n<td class=\"tg-nrix\">mm<\/td>\n<td class=\"tg-nrix\">9940<\/td>\n<\/tr>\n<tr>\n<td class=\"tg-yla0\">Rayon de pivotement min.<\/td>\n<td class=\"tg-nrix\">mm<\/td>\n<td class=\"tg-nrix\">3530<\/td>\n<\/tr>\n<tr>\n<td class=\"tg-wa1i\" rowspan=\"3\">Configuration standard<\/td>\n<td class=\"tg-yla0\">Longueur de la fl\u00e8che<\/td>\n<td class=\"tg-nrix\">mm<\/td>\n<td class=\"tg-8d8j\">5680<\/td>\n<\/tr>\n<tr>\n<td class=\"tg-yla0\">Longueur du bras<\/td>\n<td class=\"tg-nrix\">mm<\/td>\n<td class=\"tg-8d8j\">2910<\/td>\n<\/tr>\n<tr>\n<td class=\"tg-yla0\">Capacit\u00e9 du godet<\/td>\n<td class=\"tg-nrix\">m\u00b3<\/td>\n<td class=\"tg-nrix\">1.05<\/td>\n<\/tr>\n<tr>\n<td class=\"tg-wa1i\" rowspan=\"3\">Configuration optionnelle<\/td>\n<td class=\"tg-yla0\">Longueur de la fl\u00e8che<\/td>\n<td class=\"tg-nrix\">m\u00b3<\/td>\n<td class=\"tg-8d8j\">\/<\/td>\n<\/tr>\n<tr>\n<td class=\"tg-yla0\">Longueur du bras<\/td>\n<td class=\"tg-nrix\">m\u00b3<\/td>\n<td class=\"tg-nrix\">2400<\/td>\n<\/tr>\n<tr>\n<td class=\"tg-yla0\">Capacit\u00e9 du godet<\/td>\n<td class=\"tg-nrix\">m\u00b3<\/td>\n<td class=\"tg-f4yw\">1.2\/1.3 Godet de travail de la terre<br \/>\n0,93\/1,0 Seau renforc\u00e9<br \/>\n0,9\/1,0 Godet en roche<\/td>\n<\/tr>\n<\/tbody>\n<\/table>\n<p><img fetchpriority=\"high\" decoding=\"async\" class=\"alignnone size-medium wp-image-2451\" src=\"https:\/\/www.hcxmachinery.com\/wp-content\/uploads\/2023\/08\/215DA\u53f3\uff082025.1.10\uff09_WH_800x800px-300x300.webp\" alt=\"\" width=\"300\" height=\"300\" title=\"\" srcset=\"https:\/\/www.hcxmachinery.com\/wp-content\/uploads\/2023\/08\/215DA\u53f3\uff082025.1.10\uff09_WH_800x800px-300x300.webp 300w, https:\/\/www.hcxmachinery.com\/wp-content\/uploads\/2023\/08\/215DA\u53f3\uff082025.1.10\uff09_WH_800x800px-150x150.webp 150w, https:\/\/www.hcxmachinery.com\/wp-content\/uploads\/2023\/08\/215DA\u53f3\uff082025.1.10\uff09_WH_800x800px-768x768.webp 768w, https:\/\/www.hcxmachinery.com\/wp-content\/uploads\/2023\/08\/215DA\u53f3\uff082025.1.10\uff09_WH_800x800px-600x600.webp 600w, https:\/\/www.hcxmachinery.com\/wp-content\/uploads\/2023\/08\/215DA\u53f3\uff082025.1.10\uff09_WH_800x800px-100x100.webp 100w, https:\/\/www.hcxmachinery.com\/wp-content\/uploads\/2023\/08\/215DA\u53f3\uff082025.1.10\uff09_WH_800x800px.webp 800w\" sizes=\"(max-width: 300px) 100vw, 300px\" \/><img decoding=\"async\" class=\"alignnone size-medium wp-image-2452\" src=\"https:\/\/www.hcxmachinery.com\/wp-content\/uploads\/2023\/08\/215DA\u5de62025.1.10_WH_800x800px-300x300.webp\" alt=\"\" width=\"300\" height=\"300\" title=\"\" srcset=\"https:\/\/www.hcxmachinery.com\/wp-content\/uploads\/2023\/08\/215DA\u5de62025.1.10_WH_800x800px-300x300.webp 300w, https:\/\/www.hcxmachinery.com\/wp-content\/uploads\/2023\/08\/215DA\u5de62025.1.10_WH_800x800px-150x150.webp 150w, https:\/\/www.hcxmachinery.com\/wp-content\/uploads\/2023\/08\/215DA\u5de62025.1.10_WH_800x800px-768x768.webp 768w, https:\/\/www.hcxmachinery.com\/wp-content\/uploads\/2023\/08\/215DA\u5de62025.1.10_WH_800x800px-600x600.webp 600w, https:\/\/www.hcxmachinery.com\/wp-content\/uploads\/2023\/08\/215DA\u5de62025.1.10_WH_800x800px-100x100.webp 100w, https:\/\/www.hcxmachinery.com\/wp-content\/uploads\/2023\/08\/215DA\u5de62025.1.10_WH_800x800px.webp 800w\" sizes=\"(max-width: 300px) 100vw, 300px\" \/><img decoding=\"async\" class=\"alignnone size-medium wp-image-2450\" src=\"https:\/\/www.hcxmachinery.com\/wp-content\/uploads\/2023\/08\/215DA\u524d2025.1.10_WH_800x800px-300x300.webp\" alt=\"\" width=\"300\" height=\"300\" title=\"\" srcset=\"https:\/\/www.hcxmachinery.com\/wp-content\/uploads\/2023\/08\/215DA\u524d2025.1.10_WH_800x800px-300x300.webp 300w, https:\/\/www.hcxmachinery.com\/wp-content\/uploads\/2023\/08\/215DA\u524d2025.1.10_WH_800x800px-150x150.webp 150w, https:\/\/www.hcxmachinery.com\/wp-content\/uploads\/2023\/08\/215DA\u524d2025.1.10_WH_800x800px-768x768.webp 768w, https:\/\/www.hcxmachinery.com\/wp-content\/uploads\/2023\/08\/215DA\u524d2025.1.10_WH_800x800px-600x600.webp 600w, https:\/\/www.hcxmachinery.com\/wp-content\/uploads\/2023\/08\/215DA\u524d2025.1.10_WH_800x800px-100x100.webp 100w, https:\/\/www.hcxmachinery.com\/wp-content\/uploads\/2023\/08\/215DA\u524d2025.1.10_WH_800x800px.webp 800w\" sizes=\"(max-width: 300px) 100vw, 300px\" \/><img loading=\"lazy\" decoding=\"async\" class=\"alignnone size-medium wp-image-2445\" src=\"https:\/\/www.hcxmachinery.com\/wp-content\/uploads\/2023\/08\/215DA\u540e2025.1.10_WH_800x800px-300x300.webp\" alt=\"\" width=\"300\" height=\"300\" title=\"\" srcset=\"https:\/\/www.hcxmachinery.com\/wp-content\/uploads\/2023\/08\/215DA\u540e2025.1.10_WH_800x800px-300x300.webp 300w, https:\/\/www.hcxmachinery.com\/wp-content\/uploads\/2023\/08\/215DA\u540e2025.1.10_WH_800x800px-150x150.webp 150w, https:\/\/www.hcxmachinery.com\/wp-content\/uploads\/2023\/08\/215DA\u540e2025.1.10_WH_800x800px-768x768.webp 768w, https:\/\/www.hcxmachinery.com\/wp-content\/uploads\/2023\/08\/215DA\u540e2025.1.10_WH_800x800px-600x600.webp 600w, https:\/\/www.hcxmachinery.com\/wp-content\/uploads\/2023\/08\/215DA\u540e2025.1.10_WH_800x800px-100x100.webp 100w, https:\/\/www.hcxmachinery.com\/wp-content\/uploads\/2023\/08\/215DA\u540e2025.1.10_WH_800x800px.webp 800w\" sizes=\"(max-width: 300px) 100vw, 300px\" \/><img loading=\"lazy\" decoding=\"async\" class=\"alignnone size-medium wp-image-2448\" src=\"https:\/\/www.hcxmachinery.com\/wp-content\/uploads\/2023\/08\/215DA\u9a7e\u9a76\u5ba43\uff082025.1.10\uff09_WH_800x800px-300x300.webp\" alt=\"\" width=\"300\" height=\"300\" title=\"\" srcset=\"https:\/\/www.hcxmachinery.com\/wp-content\/uploads\/2023\/08\/215DA\u9a7e\u9a76\u5ba43\uff082025.1.10\uff09_WH_800x800px-300x300.webp 300w, https:\/\/www.hcxmachinery.com\/wp-content\/uploads\/2023\/08\/215DA\u9a7e\u9a76\u5ba43\uff082025.1.10\uff09_WH_800x800px-150x150.webp 150w, https:\/\/www.hcxmachinery.com\/wp-content\/uploads\/2023\/08\/215DA\u9a7e\u9a76\u5ba43\uff082025.1.10\uff09_WH_800x800px-768x768.webp 768w, https:\/\/www.hcxmachinery.com\/wp-content\/uploads\/2023\/08\/215DA\u9a7e\u9a76\u5ba43\uff082025.1.10\uff09_WH_800x800px-600x600.webp 600w, https:\/\/www.hcxmachinery.com\/wp-content\/uploads\/2023\/08\/215DA\u9a7e\u9a76\u5ba43\uff082025.1.10\uff09_WH_800x800px-100x100.webp 100w, https:\/\/www.hcxmachinery.com\/wp-content\/uploads\/2023\/08\/215DA\u9a7e\u9a76\u5ba43\uff082025.1.10\uff09_WH_800x800px.webp 800w\" sizes=\"(max-width: 300px) 100vw, 300px\" \/> <img loading=\"lazy\" decoding=\"async\" class=\"alignnone size-medium wp-image-2447\" src=\"https:\/\/www.hcxmachinery.com\/wp-content\/uploads\/2023\/08\/215DA\u9a7e\u9a76\u5ba42\uff082025.1.10\uff09_WH_800x800px-300x300.webp\" alt=\"\" width=\"300\" height=\"300\" title=\"\" srcset=\"https:\/\/www.hcxmachinery.com\/wp-content\/uploads\/2023\/08\/215DA\u9a7e\u9a76\u5ba42\uff082025.1.10\uff09_WH_800x800px-300x300.webp 300w, https:\/\/www.hcxmachinery.com\/wp-content\/uploads\/2023\/08\/215DA\u9a7e\u9a76\u5ba42\uff082025.1.10\uff09_WH_800x800px-150x150.webp 150w, https:\/\/www.hcxmachinery.com\/wp-content\/uploads\/2023\/08\/215DA\u9a7e\u9a76\u5ba42\uff082025.1.10\uff09_WH_800x800px-768x768.webp 768w, https:\/\/www.hcxmachinery.com\/wp-content\/uploads\/2023\/08\/215DA\u9a7e\u9a76\u5ba42\uff082025.1.10\uff09_WH_800x800px-600x600.webp 600w, https:\/\/www.hcxmachinery.com\/wp-content\/uploads\/2023\/08\/215DA\u9a7e\u9a76\u5ba42\uff082025.1.10\uff09_WH_800x800px-100x100.webp 100w, https:\/\/www.hcxmachinery.com\/wp-content\/uploads\/2023\/08\/215DA\u9a7e\u9a76\u5ba42\uff082025.1.10\uff09_WH_800x800px.webp 800w\" sizes=\"(max-width: 300px) 100vw, 300px\" \/> <img loading=\"lazy\" decoding=\"async\" class=\"alignnone size-medium wp-image-2446\" src=\"https:\/\/www.hcxmachinery.com\/wp-content\/uploads\/2023\/08\/215DA\u9a7e\u9a76\u5ba41\uff082025.1.10\uff09_WH_800x800px-300x300.webp\" alt=\"\" width=\"300\" height=\"300\" title=\"\" srcset=\"https:\/\/www.hcxmachinery.com\/wp-content\/uploads\/2023\/08\/215DA\u9a7e\u9a76\u5ba41\uff082025.1.10\uff09_WH_800x800px-300x300.webp 300w, https:\/\/www.hcxmachinery.com\/wp-content\/uploads\/2023\/08\/215DA\u9a7e\u9a76\u5ba41\uff082025.1.10\uff09_WH_800x800px-150x150.webp 150w, https:\/\/www.hcxmachinery.com\/wp-content\/uploads\/2023\/08\/215DA\u9a7e\u9a76\u5ba41\uff082025.1.10\uff09_WH_800x800px-768x768.webp 768w, https:\/\/www.hcxmachinery.com\/wp-content\/uploads\/2023\/08\/215DA\u9a7e\u9a76\u5ba41\uff082025.1.10\uff09_WH_800x800px-600x600.webp 600w, https:\/\/www.hcxmachinery.com\/wp-content\/uploads\/2023\/08\/215DA\u9a7e\u9a76\u5ba41\uff082025.1.10\uff09_WH_800x800px-100x100.webp 100w, https:\/\/www.hcxmachinery.com\/wp-content\/uploads\/2023\/08\/215DA\u9a7e\u9a76\u5ba41\uff082025.1.10\uff09_WH_800x800px.webp 800w\" sizes=\"(max-width: 300px) 100vw, 300px\" \/><img loading=\"lazy\" decoding=\"async\" class=\"alignnone size-medium wp-image-2441\" src=\"https:\/\/www.hcxmachinery.com\/wp-content\/uploads\/2023\/08\/215DA\u4fa7\u9762\uff082025.1.10\uff09_WH_800x800px-300x300.webp\" alt=\"\" width=\"300\" height=\"300\" title=\"\" srcset=\"https:\/\/www.hcxmachinery.com\/wp-content\/uploads\/2023\/08\/215DA\u4fa7\u9762\uff082025.1.10\uff09_WH_800x800px-300x300.webp 300w, https:\/\/www.hcxmachinery.com\/wp-content\/uploads\/2023\/08\/215DA\u4fa7\u9762\uff082025.1.10\uff09_WH_800x800px-150x150.webp 150w, https:\/\/www.hcxmachinery.com\/wp-content\/uploads\/2023\/08\/215DA\u4fa7\u9762\uff082025.1.10\uff09_WH_800x800px-768x768.webp 768w, https:\/\/www.hcxmachinery.com\/wp-content\/uploads\/2023\/08\/215DA\u4fa7\u9762\uff082025.1.10\uff09_WH_800x800px-600x600.webp 600w, https:\/\/www.hcxmachinery.com\/wp-content\/uploads\/2023\/08\/215DA\u4fa7\u9762\uff082025.1.10\uff09_WH_800x800px-100x100.webp 100w, https:\/\/www.hcxmachinery.com\/wp-content\/uploads\/2023\/08\/215DA\u4fa7\u9762\uff082025.1.10\uff09_WH_800x800px.webp 800w\" sizes=\"(max-width: 300px) 100vw, 300px\" \/> <img loading=\"lazy\" decoding=\"async\" class=\"alignnone size-medium wp-image-2442\" src=\"https:\/\/www.hcxmachinery.com\/wp-content\/uploads\/2023\/08\/215DA\u94f2\u65972025.1.10_WH_800x800px-300x300.webp\" alt=\"\" width=\"300\" height=\"300\" title=\"\" srcset=\"https:\/\/www.hcxmachinery.com\/wp-content\/uploads\/2023\/08\/215DA\u94f2\u65972025.1.10_WH_800x800px-300x300.webp 300w, https:\/\/www.hcxmachinery.com\/wp-content\/uploads\/2023\/08\/215DA\u94f2\u65972025.1.10_WH_800x800px-150x150.webp 150w, https:\/\/www.hcxmachinery.com\/wp-content\/uploads\/2023\/08\/215DA\u94f2\u65972025.1.10_WH_800x800px-768x768.webp 768w, https:\/\/www.hcxmachinery.com\/wp-content\/uploads\/2023\/08\/215DA\u94f2\u65972025.1.10_WH_800x800px-600x600.webp 600w, https:\/\/www.hcxmachinery.com\/wp-content\/uploads\/2023\/08\/215DA\u94f2\u65972025.1.10_WH_800x800px-100x100.webp 100w, https:\/\/www.hcxmachinery.com\/wp-content\/uploads\/2023\/08\/215DA\u94f2\u65972025.1.10_WH_800x800px.webp 800w\" sizes=\"(max-width: 300px) 100vw, 300px\" \/> <img loading=\"lazy\" decoding=\"async\" class=\"alignnone size-medium wp-image-2443\" src=\"https:\/\/www.hcxmachinery.com\/wp-content\/uploads\/2023\/08\/215DA\u5e95\u76d8\uff082025.1.10\uff09_WH_800x800px-300x300.webp\" alt=\"\" width=\"300\" height=\"300\" title=\"\" srcset=\"https:\/\/www.hcxmachinery.com\/wp-content\/uploads\/2023\/08\/215DA\u5e95\u76d8\uff082025.1.10\uff09_WH_800x800px-300x300.webp 300w, https:\/\/www.hcxmachinery.com\/wp-content\/uploads\/2023\/08\/215DA\u5e95\u76d8\uff082025.1.10\uff09_WH_800x800px-150x150.webp 150w, https:\/\/www.hcxmachinery.com\/wp-content\/uploads\/2023\/08\/215DA\u5e95\u76d8\uff082025.1.10\uff09_WH_800x800px-768x768.webp 768w, https:\/\/www.hcxmachinery.com\/wp-content\/uploads\/2023\/08\/215DA\u5e95\u76d8\uff082025.1.10\uff09_WH_800x800px-600x600.webp 600w, https:\/\/www.hcxmachinery.com\/wp-content\/uploads\/2023\/08\/215DA\u5e95\u76d8\uff082025.1.10\uff09_WH_800x800px-100x100.webp 100w, https:\/\/www.hcxmachinery.com\/wp-content\/uploads\/2023\/08\/215DA\u5e95\u76d8\uff082025.1.10\uff09_WH_800x800px.webp 800w\" sizes=\"(max-width: 300px) 100vw, 300px\" \/> <img loading=\"lazy\" decoding=\"async\" class=\"alignnone size-medium wp-image-2449\" src=\"https:\/\/www.hcxmachinery.com\/wp-content\/uploads\/2023\/08\/215DA\u6ee4\u6cb9\u56682025.1.10_WH_800x800px-300x300.webp\" alt=\"\" width=\"300\" height=\"300\" title=\"\" srcset=\"https:\/\/www.hcxmachinery.com\/wp-content\/uploads\/2023\/08\/215DA\u6ee4\u6cb9\u56682025.1.10_WH_800x800px-300x300.webp 300w, https:\/\/www.hcxmachinery.com\/wp-content\/uploads\/2023\/08\/215DA\u6ee4\u6cb9\u56682025.1.10_WH_800x800px-150x150.webp 150w, https:\/\/www.hcxmachinery.com\/wp-content\/uploads\/2023\/08\/215DA\u6ee4\u6cb9\u56682025.1.10_WH_800x800px-768x768.webp 768w, https:\/\/www.hcxmachinery.com\/wp-content\/uploads\/2023\/08\/215DA\u6ee4\u6cb9\u56682025.1.10_WH_800x800px-600x600.webp 600w, https:\/\/www.hcxmachinery.com\/wp-content\/uploads\/2023\/08\/215DA\u6ee4\u6cb9\u56682025.1.10_WH_800x800px-100x100.webp 100w, https:\/\/www.hcxmachinery.com\/wp-content\/uploads\/2023\/08\/215DA\u6ee4\u6cb9\u56682025.1.10_WH_800x800px.webp 800w\" sizes=\"(max-width: 300px) 100vw, 300px\" \/> <img loading=\"lazy\" decoding=\"async\" class=\"alignnone size-medium wp-image-2444\" src=\"https:\/\/www.hcxmachinery.com\/wp-content\/uploads\/2023\/08\/215DA\u53d1\u52a8\u673a\uff082025.1.10\uff09_WH_800x800px-300x300.webp\" alt=\"\" width=\"300\" height=\"300\" title=\"\" srcset=\"https:\/\/www.hcxmachinery.com\/wp-content\/uploads\/2023\/08\/215DA\u53d1\u52a8\u673a\uff082025.1.10\uff09_WH_800x800px-300x300.webp 300w, https:\/\/www.hcxmachinery.com\/wp-content\/uploads\/2023\/08\/215DA\u53d1\u52a8\u673a\uff082025.1.10\uff09_WH_800x800px-150x150.webp 150w, https:\/\/www.hcxmachinery.com\/wp-content\/uploads\/2023\/08\/215DA\u53d1\u52a8\u673a\uff082025.1.10\uff09_WH_800x800px-768x768.webp 768w, https:\/\/www.hcxmachinery.com\/wp-content\/uploads\/2023\/08\/215DA\u53d1\u52a8\u673a\uff082025.1.10\uff09_WH_800x800px-600x600.webp 600w, https:\/\/www.hcxmachinery.com\/wp-content\/uploads\/2023\/08\/215DA\u53d1\u52a8\u673a\uff082025.1.10\uff09_WH_800x800px-100x100.webp 100w, https:\/\/www.hcxmachinery.com\/wp-content\/uploads\/2023\/08\/215DA\u53d1\u52a8\u673a\uff082025.1.10\uff09_WH_800x800px.webp 800w\" sizes=\"(max-width: 300px) 100vw, 300px\" \/><\/p>","protected":false},"excerpt":{"rendered":"<p>XE215DA The hydraulic excavator is equipped with a low-speed high-torque engine with high efficiency and low fuel\u00a0consumption. The large undercarrige [&hellip;]<\/p>","protected":false},"featured_media":1748,"template":"","meta":{"_acf_changed":false,"site-sidebar-layout":"default","site-content-layout":"","ast-site-content-layout":"default","site-content-style":"default","site-sidebar-style":"default","ast-global-header-display":"","ast-banner-title-visibility":"","ast-main-header-display":"","ast-hfb-above-header-display":"","ast-hfb-below-header-display":"","ast-hfb-mobile-header-display":"","site-post-title":"","ast-breadcrumbs-content":"","ast-featured-img":"","footer-sml-layout":"","theme-transparent-header-meta":"default","adv-header-id-meta":"","stick-header-meta":"default","header-above-stick-meta":"","header-main-stick-meta":"","header-below-stick-meta":"","astra-migrate-meta-layouts":"set","ast-page-background-enabled":"default","ast-page-background-meta":{"desktop":{"background-color":"var(--ast-global-color-4)","background-image":"","background-repeat":"repeat","background-position":"center center","background-size":"auto","background-attachment":"scroll","background-type":"","background-media":"","overlay-type":"","overlay-color":"","overlay-opacity":"","overlay-gradient":""},"tablet":{"background-color":"","background-image":"","background-repeat":"repeat","background-position":"center center","background-size":"auto","background-attachment":"scroll","background-type":"","background-media":"","overlay-type":"","overlay-color":"","overlay-opacity":"","overlay-gradient":""},"mobile":{"background-color":"","background-image":"","background-repeat":"repeat","background-position":"center center","background-size":"auto","background-attachment":"scroll","background-type":"","background-media":"","overlay-type":"","overlay-color":"","overlay-opacity":"","overlay-gradient":""}},"ast-content-background-meta":{"desktop":{"background-color":"var(--ast-global-color-5)","background-image":"","background-repeat":"repeat","background-position":"center center","background-size":"auto","background-attachment":"scroll","background-type":"","background-media":"","overlay-type":"","overlay-color":"","overlay-opacity":"","overlay-gradient":""},"tablet":{"background-color":"var(--ast-global-color-5)","background-image":"","background-repeat":"repeat","background-position":"center center","background-size":"auto","background-attachment":"scroll","background-type":"","background-media":"","overlay-type":"","overlay-color":"","overlay-opacity":"","overlay-gradient":""},"mobile":{"background-color":"var(--ast-global-color-5)","background-image":"","background-repeat":"repeat","background-position":"center center","background-size":"auto","background-attachment":"scroll","background-type":"","background-media":"","overlay-type":"","overlay-color":"","overlay-opacity":"","overlay-gradient":""}}},"product_cat":[19,36],"product_tag":[],"class_list":{"0":"post-936","1":"product","2":"type-product","3":"status-publish","4":"has-post-thumbnail","6":"product_cat-excavator","7":"product_cat-medium-excavator","8":"desktop-align-left","9":"tablet-align-left","10":"mobile-align-left","11":"ast-product-gallery-layout-horizontal-slider","12":"ast-magnify-disabled","13":"ast-product-tabs-layout-horizontal","15":"first","16":"instock","17":"shipping-taxable","18":"product-type-simple"},"acf":[],"_links":{"self":[{"href":"https:\/\/www.hcxmachinery.com\/fr\/wp-json\/wp\/v2\/product\/936"}],"collection":[{"href":"https:\/\/www.hcxmachinery.com\/fr\/wp-json\/wp\/v2\/product"}],"about":[{"href":"https:\/\/www.hcxmachinery.com\/fr\/wp-json\/wp\/v2\/types\/product"}],"version-history":[{"count":26,"href":"https:\/\/www.hcxmachinery.com\/fr\/wp-json\/wp\/v2\/product\/936\/revisions"}],"predecessor-version":[{"id":3323,"href":"https:\/\/www.hcxmachinery.com\/fr\/wp-json\/wp\/v2\/product\/936\/revisions\/3323"}],"wp:featuredmedia":[{"embeddable":true,"href":"https:\/\/www.hcxmachinery.com\/fr\/wp-json\/wp\/v2\/media\/1748"}],"wp:attachment":[{"href":"https:\/\/www.hcxmachinery.com\/fr\/wp-json\/wp\/v2\/media?parent=936"}],"wp:term":[{"taxonomy":"product_cat","embeddable":true,"href":"https:\/\/www.hcxmachinery.com\/fr\/wp-json\/wp\/v2\/product_cat?post=936"},{"taxonomy":"product_tag","embeddable":true,"href":"https:\/\/www.hcxmachinery.com\/fr\/wp-json\/wp\/v2\/product_tag?post=936"}],"curies":[{"name":"wp","href":"https:\/\/api.w.org\/{rel}","templated":true}]}}