{"id":853,"date":"2024-09-16T14:15:24","date_gmt":"2024-09-16T14:15:24","guid":{"rendered":"https:\/\/hcxmachinery.com\/?post_type=product&#038;p=853"},"modified":"2024-12-16T07:03:25","modified_gmt":"2024-12-16T07:03:25","slug":"xe490dk-modele-dexcavateur","status":"publish","type":"product","link":"https:\/\/www.hcxmachinery.com\/fr\/produit\/xe490dk-modele-dexcavateur\/","title":{"rendered":"Mod\u00e8le de pelle XE490DK de haute qualit\u00e9"},"content":{"rendered":"<h2><strong>CARACT\u00c9RISTIQUES DU PRODUIT\u00a0<\/strong><\/h2>\n<div class=\"auto-hide-last-sibling-br paragraph-JOTKXA paragraph-element br-paragraph-space\">Il s'agit d'un produit remarquable qui combine l'essence d'une v\u00e9ritable pelleteuse et une maquette d'une grande finesse.<\/div>\n<div class=\"auto-hide-last-sibling-br paragraph-JOTKXA paragraph-element br-paragraph-space\">Notre mod\u00e8le est con\u00e7u sur la base d'une v\u00e9ritable excavatrice XE490DK. Il peut facilement g\u00e9rer des terrains complexes tout comme son homologue r\u00e9el. Avec sa force puissante, il d\u00e9montre d'excellentes performances. Chaque articulation du mod\u00e8le est tr\u00e8s flexible, ce qui permet une large gamme de mouvements. Il peut \u00eatre contr\u00f4l\u00e9 ind\u00e9pendamment, ce qui offre une exp\u00e9rience immersive. La commande de rotation \u00e0 680 degr\u00e9s am\u00e9liore encore sa maniabilit\u00e9.<\/div>\n<p>&nbsp;<\/p>\n<div class=\"auto-hide-last-sibling-br paragraph-JOTKXA paragraph-element br-paragraph-space\">Ce mod\u00e8le est fabriqu\u00e9 \u00e0 l'\u00e9chelle 1:18 et pr\u00e9sente un aspect tr\u00e8s r\u00e9aliste. Il comporte seize canaux qui restituent fid\u00e8lement les op\u00e9rations de la v\u00e9ritable machine. \u00c9quip\u00e9 d'une batterie au lithium de 7,4 V, il assure une alimentation stable et fiable. Les lumi\u00e8res LED sur la fl\u00e8che ajoutent une touche d'authenticit\u00e9 et de charme. Fabriqu\u00e9 \u00e0 partir de mat\u00e9riaux de haute qualit\u00e9, il est non seulement robuste mais aussi durable, ce qui en fait un choix id\u00e9al pour les collectionneurs et les passionn\u00e9s.<\/div>","protected":false},"excerpt":{"rendered":"<p>INTRODUCTION DU PRODUIT<br \/>\nCe mod\u00e8le est fabriqu\u00e9 \u00e0 l'\u00e9chelle 1:18 et pr\u00e9sente un aspect tr\u00e8s r\u00e9aliste. Il comporte seize canaux qui restituent fid\u00e8lement les op\u00e9rations de la v\u00e9ritable machine. \u00c9quip\u00e9 d'une batterie au lithium de 7,4 V, il assure une alimentation stable et fiable. Les lumi\u00e8res LED sur la fl\u00e8che ajoutent une touche d'authenticit\u00e9 et de charme. Fabriqu\u00e9 \u00e0 partir de mat\u00e9riaux de haute qualit\u00e9, il est non seulement robuste mais aussi durable, ce qui en fait un choix id\u00e9al pour les collectionneurs et les passionn\u00e9s.<\/p>","protected":false},"featured_media":1717,"template":"","meta":{"_acf_changed":false,"site-sidebar-layout":"default","site-content-layout":"","ast-site-content-layout":"default","site-content-style":"default","site-sidebar-style":"default","ast-global-header-display":"","ast-banner-title-visibility":"","ast-main-header-display":"","ast-hfb-above-header-display":"","ast-hfb-below-header-display":"","ast-hfb-mobile-header-display":"","site-post-title":"","ast-breadcrumbs-content":"","ast-featured-img":"","footer-sml-layout":"","theme-transparent-header-meta":"default","adv-header-id-meta":"","stick-header-meta":"default","header-above-stick-meta":"","header-main-stick-meta":"","header-below-stick-meta":"","astra-migrate-meta-layouts":"set","ast-page-background-enabled":"default","ast-page-background-meta":{"desktop":{"background-color":"var(--ast-global-color-4)","background-image":"","background-repeat":"repeat","background-position":"center center","background-size":"auto","background-attachment":"scroll","background-type":"","background-media":"","overlay-type":"","overlay-color":"","overlay-opacity":"","overlay-gradient":""},"tablet":{"background-color":"","background-image":"","background-repeat":"repeat","background-position":"center center","background-size":"auto","background-attachment":"scroll","background-type":"","background-media":"","overlay-type":"","overlay-color":"","overlay-opacity":"","overlay-gradient":""},"mobile":{"background-color":"","background-image":"","background-repeat":"repeat","background-position":"center center","background-size":"auto","background-attachment":"scroll","background-type":"","background-media":"","overlay-type":"","overlay-color":"","overlay-opacity":"","overlay-gradient":""}},"ast-content-background-meta":{"desktop":{"background-color":"var(--ast-global-color-5)","background-image":"","background-repeat":"repeat","background-position":"center center","background-size":"auto","background-attachment":"scroll","background-type":"","background-media":"","overlay-type":"","overlay-color":"","overlay-opacity":"","overlay-gradient":""},"tablet":{"background-color":"var(--ast-global-color-5)","background-image":"","background-repeat":"repeat","background-position":"center center","background-size":"auto","background-attachment":"scroll","background-type":"","background-media":"","overlay-type":"","overlay-color":"","overlay-opacity":"","overlay-gradient":""},"mobile":{"background-color":"var(--ast-global-color-5)","background-image":"","background-repeat":"repeat","background-position":"center center","background-size":"auto","background-attachment":"scroll","background-type":"","background-media":"","overlay-type":"","overlay-color":"","overlay-opacity":"","overlay-gradient":""}}},"product_cat":[27],"product_tag":[],"class_list":{"0":"post-853","1":"product","2":"type-product","3":"status-publish","4":"has-post-thumbnail","6":"product_cat-multi-functional-attachment","7":"desktop-align-left","8":"tablet-align-left","9":"mobile-align-left","10":"ast-product-gallery-layout-horizontal-slider","11":"ast-magnify-disabled","12":"ast-product-tabs-layout-horizontal","14":"first","15":"instock","16":"shipping-taxable","17":"product-type-simple"},"acf":[],"_links":{"self":[{"href":"https:\/\/www.hcxmachinery.com\/fr\/wp-json\/wp\/v2\/product\/853"}],"collection":[{"href":"https:\/\/www.hcxmachinery.com\/fr\/wp-json\/wp\/v2\/product"}],"about":[{"href":"https:\/\/www.hcxmachinery.com\/fr\/wp-json\/wp\/v2\/types\/product"}],"version-history":[{"count":7,"href":"https:\/\/www.hcxmachinery.com\/fr\/wp-json\/wp\/v2\/product\/853\/revisions"}],"predecessor-version":[{"id":2146,"href":"https:\/\/www.hcxmachinery.com\/fr\/wp-json\/wp\/v2\/product\/853\/revisions\/2146"}],"wp:featuredmedia":[{"embeddable":true,"href":"https:\/\/www.hcxmachinery.com\/fr\/wp-json\/wp\/v2\/media\/1717"}],"wp:attachment":[{"href":"https:\/\/www.hcxmachinery.com\/fr\/wp-json\/wp\/v2\/media?parent=853"}],"wp:term":[{"taxonomy":"product_cat","embeddable":true,"href":"https:\/\/www.hcxmachinery.com\/fr\/wp-json\/wp\/v2\/product_cat?post=853"},{"taxonomy":"product_tag","embeddable":true,"href":"https:\/\/www.hcxmachinery.com\/fr\/wp-json\/wp\/v2\/product_tag?post=853"}],"curies":[{"name":"wp","href":"https:\/\/api.w.org\/{rel}","templated":true}]}}