{"id":830,"date":"2024-09-16T13:55:35","date_gmt":"2024-09-16T13:55:35","guid":{"rendered":"https:\/\/hcxmachinery.com\/?post_type=product&#038;p=830"},"modified":"2024-12-20T07:00:21","modified_gmt":"2024-12-20T07:00:21","slug":"raccord-rapide","status":"publish","type":"product","link":"https:\/\/www.hcxmachinery.com\/fr\/produit\/raccord-rapide\/","title":{"rendered":"Attache rapide hydraulique XCMG-K200 de bonne qualit\u00e9"},"content":{"rendered":"<h2><strong>CARACT\u00c9RISTIQUES DU PRODUIT<\/strong><\/h2>\n<p>Ce produit pr\u00e9sente les avantages d'un large \u00e9ventail d'applications, de la s\u00e9curit\u00e9 et de la fiabilit\u00e9, de l'am\u00e9lioration de l'efficacit\u00e9 du travail et de la durabilit\u00e9.<\/p>\n<h2>PARAM\u00c8TRES<\/h2>\n<div class=\"123\">\n<table width=\"873\">\n<tbody>\n<tr>\n<td width=\"99\">Num\u00e9ro de s\u00e9rie<\/td>\n<td width=\"295\">Mod\u00e8le de produit<\/td>\n<td width=\"158\">\u00a0Tonnage applicable (T)<\/td>\n<td width=\"72\">Longueur<\/td>\n<td width=\"72\">\u00a0Largeur<\/td>\n<td width=\"72\">Hauteur<\/td>\n<td width=\"105\">\u00a0Poids (KG)<\/td>\n<\/tr>\n<tr>\n<td>1<\/td>\n<td>\u00a0Attache rapide m\u00e9canique XCMG-K30<\/td>\n<td>4-6T<\/td>\n<td>60<\/td>\n<td>35<\/td>\n<td>35<\/td>\n<td>70KG<\/td>\n<\/tr>\n<tr>\n<td>2<\/td>\n<td>Attache rapide m\u00e9canique XCMG-K40<\/td>\n<td>7-8T<\/td>\n<td>60<\/td>\n<td>35<\/td>\n<td>35<\/td>\n<td>80KG<\/td>\n<\/tr>\n<tr>\n<td>3<\/td>\n<td>Attache rapide m\u00e9canique XCMG-K150<\/td>\n<td>13-15T<\/td>\n<td>85<\/td>\n<td>40<\/td>\n<td>45<\/td>\n<td>200KG<\/td>\n<\/tr>\n<tr>\n<td>4<\/td>\n<td>Attache rapide hydraulique XCMG-K200<\/td>\n<td>20-23T<\/td>\n<td>105<\/td>\n<td>50<\/td>\n<td>60<\/td>\n<td>400KG<\/td>\n<\/tr>\n<\/tbody>\n<\/table>\n<\/div>\n<p>&nbsp;<\/p>","protected":false},"excerpt":{"rendered":"<p><strong>INTRODUCTION DU PRODUIT<\/strong><br \/>\nLe produit est fabriqu\u00e9 en acier au mangan\u00e8se \u00e0 haute r\u00e9sistance et de conception m\u00e9canique int\u00e9gr\u00e9e. Il est durable et convient aux exigences d'assemblage des excavateurs de diff\u00e9rents tonnages. Par rapport \u00e0 la m\u00e9thode traditionnelle de remplacement des raccords, il peut \u00eatre r\u00e9alis\u00e9 en une seule op\u00e9ration, ce qui r\u00e9duit consid\u00e9rablement le temps de remplacement des raccords et am\u00e9liore l'efficacit\u00e9 du travail. Il r\u00e9duit la d\u00e9pendance des raccords de remplacement traditionnels \u00e0 l'\u00e9gard des \u00eatres humains et am\u00e9liore consid\u00e9rablement les performances en mati\u00e8re de s\u00e9curit\u00e9.<\/p>\n<p>&nbsp;<\/p>","protected":false},"featured_media":1949,"template":"","meta":{"_acf_changed":false,"site-sidebar-layout":"default","site-content-layout":"","ast-site-content-layout":"default","site-content-style":"default","site-sidebar-style":"default","ast-global-header-display":"","ast-banner-title-visibility":"","ast-main-header-display":"","ast-hfb-above-header-display":"","ast-hfb-below-header-display":"","ast-hfb-mobile-header-display":"","site-post-title":"","ast-breadcrumbs-content":"","ast-featured-img":"","footer-sml-layout":"","theme-transparent-header-meta":"default","adv-header-id-meta":"","stick-header-meta":"default","header-above-stick-meta":"","header-main-stick-meta":"","header-below-stick-meta":"","astra-migrate-meta-layouts":"set","ast-page-background-enabled":"default","ast-page-background-meta":{"desktop":{"background-color":"var(--ast-global-color-4)","background-image":"","background-repeat":"repeat","background-position":"center center","background-size":"auto","background-attachment":"scroll","background-type":"","background-media":"","overlay-type":"","overlay-color":"","overlay-opacity":"","overlay-gradient":""},"tablet":{"background-color":"","background-image":"","background-repeat":"repeat","background-position":"center center","background-size":"auto","background-attachment":"scroll","background-type":"","background-media":"","overlay-type":"","overlay-color":"","overlay-opacity":"","overlay-gradient":""},"mobile":{"background-color":"","background-image":"","background-repeat":"repeat","background-position":"center center","background-size":"auto","background-attachment":"scroll","background-type":"","background-media":"","overlay-type":"","overlay-color":"","overlay-opacity":"","overlay-gradient":""}},"ast-content-background-meta":{"desktop":{"background-color":"var(--ast-global-color-5)","background-image":"","background-repeat":"repeat","background-position":"center center","background-size":"auto","background-attachment":"scroll","background-type":"","background-media":"","overlay-type":"","overlay-color":"","overlay-opacity":"","overlay-gradient":""},"tablet":{"background-color":"var(--ast-global-color-5)","background-image":"","background-repeat":"repeat","background-position":"center center","background-size":"auto","background-attachment":"scroll","background-type":"","background-media":"","overlay-type":"","overlay-color":"","overlay-opacity":"","overlay-gradient":""},"mobile":{"background-color":"var(--ast-global-color-5)","background-image":"","background-repeat":"repeat","background-position":"center center","background-size":"auto","background-attachment":"scroll","background-type":"","background-media":"","overlay-type":"","overlay-color":"","overlay-opacity":"","overlay-gradient":""}}},"product_cat":[27],"product_tag":[],"class_list":{"0":"post-830","1":"product","2":"type-product","3":"status-publish","4":"has-post-thumbnail","6":"product_cat-multi-functional-attachment","7":"desktop-align-left","8":"tablet-align-left","9":"mobile-align-left","10":"ast-product-gallery-layout-horizontal-slider","11":"ast-magnify-disabled","12":"ast-product-tabs-layout-horizontal","14":"first","15":"instock","16":"shipping-taxable","17":"product-type-simple"},"acf":[],"_links":{"self":[{"href":"https:\/\/www.hcxmachinery.com\/fr\/wp-json\/wp\/v2\/product\/830"}],"collection":[{"href":"https:\/\/www.hcxmachinery.com\/fr\/wp-json\/wp\/v2\/product"}],"about":[{"href":"https:\/\/www.hcxmachinery.com\/fr\/wp-json\/wp\/v2\/types\/product"}],"version-history":[{"count":6,"href":"https:\/\/www.hcxmachinery.com\/fr\/wp-json\/wp\/v2\/product\/830\/revisions"}],"predecessor-version":[{"id":2316,"href":"https:\/\/www.hcxmachinery.com\/fr\/wp-json\/wp\/v2\/product\/830\/revisions\/2316"}],"wp:featuredmedia":[{"embeddable":true,"href":"https:\/\/www.hcxmachinery.com\/fr\/wp-json\/wp\/v2\/media\/1949"}],"wp:attachment":[{"href":"https:\/\/www.hcxmachinery.com\/fr\/wp-json\/wp\/v2\/media?parent=830"}],"wp:term":[{"taxonomy":"product_cat","embeddable":true,"href":"https:\/\/www.hcxmachinery.com\/fr\/wp-json\/wp\/v2\/product_cat?post=830"},{"taxonomy":"product_tag","embeddable":true,"href":"https:\/\/www.hcxmachinery.com\/fr\/wp-json\/wp\/v2\/product_tag?post=830"}],"curies":[{"name":"wp","href":"https:\/\/api.w.org\/{rel}","templated":true}]}}