{"id":792,"date":"2022-08-06T20:12:44","date_gmt":"2022-08-06T20:12:44","guid":{"rendered":"https:\/\/hcxmachinery.com\/?post_type=product&#038;p=792"},"modified":"2025-12-13T03:45:55","modified_gmt":"2025-12-13T03:45:55","slug":"xe490dk","status":"publish","type":"product","link":"https:\/\/www.hcxmachinery.com\/fr\/produit\/xe490dk\/","title":{"rendered":"XE490DK Excavatrice d'occasion Machines de construction durables \u00e0 vendre"},"content":{"rendered":"<h2><strong>XE490DK<\/strong><\/h2>\n<p>L'excavateur hydraulique XE490DK est le mod\u00e8le phare des grands excavateurs lanc\u00e9s par le d\u00e9partement des excavateurs de XCMG. Le produit int\u00e8gre l'exp\u00e9rience pr\u00e9cieuse acquise par XCMG au cours d'ann\u00e9es de recherche et de d\u00e9veloppement de produits d'excavation, et adopte des m\u00e9thodes de conception et de fabrication avanc\u00e9es. Par ailleurs, le produit adh\u00e8re au concept de conception \"haute efficacit\u00e9, haute s\u00e9curit\u00e9, faible \u00e9mission de carbone et protection de l'environnement\", et poss\u00e8de une capacit\u00e9 d'exploitation mini\u00e8re parfaite. Il peut \u00eatre utilis\u00e9 dans l'exploitation mini\u00e8re, la construction municipale, la construction d'autoroutes et de ponts, le creusement de foss\u00e9s, la construction d'installations de conservation de l'eau dans les terres agricoles, etc.<\/p>\n<h2 class=\"fe-bold mb-3\">PARAM\u00c8TRES<\/h2>\n<p>&nbsp;<\/p>\n<table class=\"tg\">\n<thead>\n<tr>\n<th class=\"tg-i231\" colspan=\"2\">Mod\u00e8le de vente<\/th>\n<th class=\"tg-ukly\">Unit\u00e9<\/th>\n<th class=\"tg-oov0\"><span style=\"color: #343434\">Mesures<\/span><\/th>\n<\/tr>\n<\/thead>\n<tbody>\n<tr>\n<td class=\"tg-wa1i\" colspan=\"2\">Poids en ordre de marche<\/td>\n<td class=\"tg-nrix\">Kg<\/td>\n<td class=\"tg-f4yw\">48100<\/td>\n<\/tr>\n<tr>\n<td class=\"tg-wa1i\" colspan=\"2\">Capacit\u00e9 du godet<\/td>\n<td class=\"tg-nrix\">m\u00b3<\/td>\n<td class=\"tg-7yig\">2.3-3.1<\/td>\n<\/tr>\n<tr>\n<td class=\"tg-wa1i\" rowspan=\"10\">Moteur<\/td>\n<td class=\"tg-yla0\">Mod\u00e8le<\/td>\n<td class=\"tg-nrix\">\/<\/td>\n<td class=\"tg-f4yw\">QSM11-375<\/td>\n<\/tr>\n<tr>\n<td class=\"tg-yla0\">Injection directe<\/td>\n<td class=\"tg-nrix\">\/<\/td>\n<td class=\"tg-f4yw\">\u221a<\/td>\n<\/tr>\n<tr>\n<td class=\"tg-yla0\">Quatre coups<\/td>\n<td class=\"tg-nrix\">\/<\/td>\n<td class=\"tg-f4yw\">\u221a<\/td>\n<\/tr>\n<tr>\n<td class=\"tg-yla0\">Refroidissement par eau<\/td>\n<td class=\"tg-nrix\">\/<\/td>\n<td class=\"tg-f4yw\">\u221a<\/td>\n<\/tr>\n<tr>\n<td class=\"tg-yla0\">Turbocompresseur<\/td>\n<td class=\"tg-nrix\">\/<\/td>\n<td class=\"tg-f4yw\">\u221a<\/td>\n<\/tr>\n<tr>\n<td class=\"tg-yla0\">Refroidissement par air<\/td>\n<td class=\"tg-nrix\">\/<\/td>\n<td class=\"tg-f4yw\">\u221a<\/td>\n<\/tr>\n<tr>\n<td class=\"tg-yla0\">Nombre de cylindres<\/td>\n<td class=\"tg-nrix\">\/<\/td>\n<td class=\"tg-f4yw\">6<\/td>\n<\/tr>\n<tr>\n<td class=\"tg-yla0\">Puissance de sortie<\/td>\n<td class=\"tg-nrix\">kw\/tr\/min<\/td>\n<td class=\"tg-f4yw\">280\/2000<\/td>\n<\/tr>\n<tr>\n<td class=\"tg-yla0\">Couple\/vitesse maximal(e)<\/td>\n<td class=\"tg-nrix\">N.m\/rpm<\/td>\n<td class=\"tg-f4yw\">1898\/1300<\/td>\n<\/tr>\n<tr>\n<td class=\"tg-yla0\">D\u00e9placement<\/td>\n<td class=\"tg-nrix\">L<\/td>\n<td class=\"tg-f4yw\">11<\/td>\n<\/tr>\n<tr>\n<td class=\"tg-wa1i\" rowspan=\"7\">Principales performances<\/td>\n<td class=\"tg-yla0\">Vitesse de d\u00e9placement<\/td>\n<td class=\"tg-nrix\">km\/h<\/td>\n<td class=\"tg-f4yw\">5.4\/3.2<\/td>\n<\/tr>\n<tr>\n<td class=\"tg-yla0\">Vitesse d'oscillation<\/td>\n<td class=\"tg-nrix\">r\/min<\/td>\n<td class=\"tg-f4yw\">9.2<\/td>\n<\/tr>\n<tr>\n<td class=\"tg-yla0\">Aptitude au classement<\/td>\n<td class=\"tg-nrix\">\u00b0<\/td>\n<td class=\"tg-f4yw\">35<\/td>\n<\/tr>\n<tr>\n<td class=\"tg-yla0\">Pression au sol<\/td>\n<td class=\"tg-nrix\">kPa<\/td>\n<td class=\"tg-f4yw\">85<\/td>\n<\/tr>\n<tr>\n<td class=\"tg-yla0\">Force de creusement du godet<\/td>\n<td class=\"tg-nrix\">kN<\/td>\n<td class=\"tg-f4yw\">301<\/td>\n<\/tr>\n<tr>\n<td class=\"tg-yla0\">Force de creusement du bras<\/td>\n<td class=\"tg-nrix\">kN<\/td>\n<td class=\"tg-f4yw\">248<\/td>\n<\/tr>\n<tr>\n<td class=\"tg-yla0\">Force de traction maximale<\/td>\n<td class=\"tg-nrix\">kN<\/td>\n<td class=\"tg-f4yw\">338<\/td>\n<\/tr>\n<tr>\n<td class=\"tg-wa1i\" rowspan=\"6\">Syst\u00e8me hydraulique<\/td>\n<td class=\"tg-yla0\">D\u00e9bit nominal de la pompe principale<\/td>\n<td class=\"tg-nrix\">\/<\/td>\n<td class=\"tg-nrix\">2\u00d7<br \/>\nPompes \u00e0 piston<\/td>\n<\/tr>\n<tr>\n<td class=\"tg-yla0\">D\u00e9bit nominal de la pompe principale<\/td>\n<td class=\"tg-nrix\">L\/min<\/td>\n<td class=\"tg-f4yw\">2\u00d7360<\/td>\n<\/tr>\n<tr>\n<td class=\"tg-yla0\">Pression de la soupape de s\u00e9curit\u00e9 principale<\/td>\n<td class=\"tg-nrix\">MPa<\/td>\n<td class=\"tg-f4yw\">34.3\/37<\/td>\n<\/tr>\n<tr>\n<td class=\"tg-yla0\">Pression du syst\u00e8me de d\u00e9placement<\/td>\n<td class=\"tg-nrix\">MPa<\/td>\n<td class=\"tg-f4yw\">34.3<\/td>\n<\/tr>\n<tr>\n<td class=\"tg-yla0\">Pression du syst\u00e8me de balancier<\/td>\n<td class=\"tg-nrix\">MPa<\/td>\n<td class=\"tg-f4yw\">31<\/td>\n<\/tr>\n<tr>\n<td class=\"tg-yla0\">Pression du syst\u00e8me pilote<\/td>\n<td class=\"tg-nrix\">MPa<\/td>\n<td class=\"tg-f4yw\">3.9<\/td>\n<\/tr>\n<tr>\n<td class=\"tg-wa1i\" rowspan=\"3\">Capacit\u00e9 d'huile<\/td>\n<td class=\"tg-yla0\">Capacit\u00e9 du r\u00e9servoir de carburant<\/td>\n<td class=\"tg-nrix\">L<\/td>\n<td class=\"tg-f4yw\">725<\/td>\n<\/tr>\n<tr>\n<td class=\"tg-yla0\">Capacit\u00e9 du r\u00e9servoir hydraulique<\/td>\n<td class=\"tg-nrix\">L<\/td>\n<td class=\"tg-f4yw\">430<\/td>\n<\/tr>\n<tr>\n<td class=\"tg-yla0\">Capacit\u00e9 d'huile moteur<\/td>\n<td class=\"tg-nrix\">L<\/td>\n<td class=\"tg-f4yw\">38<\/td>\n<\/tr>\n<tr>\n<td class=\"tg-wa1i\" rowspan=\"13\">Taille de l'apparence<\/td>\n<td class=\"tg-yla0\">A Longueur totale<\/td>\n<td class=\"tg-nrix\">mm<\/td>\n<td class=\"tg-f4yw\">11805<\/td>\n<\/tr>\n<tr>\n<td class=\"tg-yla0\">B Largeur totale<\/td>\n<td class=\"tg-nrix\">mm<\/td>\n<td class=\"tg-f4yw\">3582<\/td>\n<\/tr>\n<tr>\n<td class=\"tg-yla0\">C Hauteur totale<\/td>\n<td class=\"tg-nrix\">mm<\/td>\n<td class=\"tg-f4yw\">3890<\/td>\n<\/tr>\n<tr>\n<td class=\"tg-yla0\">D Largeur de la plate-forme<\/td>\n<td class=\"tg-nrix\">mm<\/td>\n<td class=\"tg-f4yw\">3095<\/td>\n<\/tr>\n<tr>\n<td class=\"tg-yla0\">E Longueur de la voie<\/td>\n<td class=\"tg-nrix\">mm<\/td>\n<td class=\"tg-f4yw\">5353<\/td>\n<\/tr>\n<tr>\n<td class=\"tg-yla0\">F Largeur totale du ch\u00e2ssis<\/td>\n<td class=\"tg-nrix\">mm<\/td>\n<td class=\"tg-f4yw\">3582<\/td>\n<\/tr>\n<tr>\n<td class=\"tg-yla0\">G Largeur de la voie<\/td>\n<td class=\"tg-nrix\">mm<\/td>\n<td class=\"tg-f4yw\">600<\/td>\n<\/tr>\n<tr>\n<td class=\"tg-yla0\">H Longueur au centre des rouleaux<\/td>\n<td class=\"tg-nrix\">mm<\/td>\n<td class=\"tg-f4yw\">4292<\/td>\n<\/tr>\n<tr>\n<td class=\"tg-yla0\">I Voie de circulation<\/td>\n<td class=\"tg-nrix\">mm<\/td>\n<td class=\"tg-f4yw\">2750<\/td>\n<\/tr>\n<tr>\n<td class=\"tg-yla0\">J D\u00e9gagement du contrepoids<\/td>\n<td class=\"tg-nrix\">mm<\/td>\n<td class=\"tg-f4yw\">1324<\/td>\n<\/tr>\n<tr>\n<td class=\"tg-yla0\">K Garde au sol minimale<\/td>\n<td class=\"tg-nrix\">mm<\/td>\n<td class=\"tg-f4yw\">519<\/td>\n<\/tr>\n<tr>\n<td class=\"tg-yla0\">L Rayon de pivotement min. de la queue<\/td>\n<td class=\"tg-nrix\">mm<\/td>\n<td class=\"tg-f4yw\">3800<\/td>\n<\/tr>\n<tr>\n<td class=\"tg-yla0\">M Hauteur de la voie<\/td>\n<td class=\"tg-nrix\">mm<\/td>\n<td class=\"tg-f4yw\">1198<\/td>\n<\/tr>\n<tr>\n<td class=\"tg-wa1i\" rowspan=\"7\">Champ d'application<\/td>\n<td class=\"tg-yla0\">A Hauteur de creusement max.<\/td>\n<td class=\"tg-nrix\">mm<\/td>\n<td class=\"tg-f4yw\">9855<\/td>\n<\/tr>\n<tr>\n<td class=\"tg-yla0\">B Hauteur de d\u00e9versement max.<\/td>\n<td class=\"tg-nrix\">mm<\/td>\n<td class=\"tg-f4yw\">6890<\/td>\n<\/tr>\n<tr>\n<td class=\"tg-yla0\">C Profondeur de fouille maximale<\/td>\n<td class=\"tg-nrix\">mm<\/td>\n<td class=\"tg-f4yw\">7000<\/td>\n<\/tr>\n<tr>\n<td class=\"tg-yla0\">D Profondeur de coupe maximale pour un fond plat de 2240 mm (8 ft)<\/td>\n<td class=\"tg-nrix\">mm<\/td>\n<td class=\"tg-f4yw\">6900<\/td>\n<\/tr>\n<tr>\n<td class=\"tg-yla0\">E Profondeur maximale de creusement des parois verticales<\/td>\n<td class=\"tg-nrix\">mm<\/td>\n<td class=\"tg-f4yw\">4500<\/td>\n<\/tr>\n<tr>\n<td class=\"tg-yla0\">Rayon de creusement max.<\/td>\n<td class=\"tg-nrix\">mm<\/td>\n<td class=\"tg-f4yw\">10855<\/td>\n<\/tr>\n<tr>\n<td class=\"tg-yla0\">Rayon de pivotement min.<\/td>\n<td class=\"tg-nrix\">mm<\/td>\n<td class=\"tg-f4yw\">4580<\/td>\n<\/tr>\n<tr>\n<td class=\"tg-wa1i\" rowspan=\"3\">Configuration standard<\/td>\n<td class=\"tg-yla0\">Longueur de la fl\u00e8che<\/td>\n<td class=\"tg-nrix\">mm<\/td>\n<td class=\"tg-f4yw\">6670<\/td>\n<\/tr>\n<tr>\n<td class=\"tg-yla0\">Longueur du bras<\/td>\n<td class=\"tg-nrix\">mm<\/td>\n<td class=\"tg-f4yw\">2900<\/td>\n<\/tr>\n<tr>\n<td class=\"tg-yla0\">Capacit\u00e9 du godet<\/td>\n<td class=\"tg-nrix\">m\u00b3<\/td>\n<td class=\"tg-f4yw\">2.5<\/td>\n<\/tr>\n<tr>\n<td class=\"tg-wa1i\" rowspan=\"3\">Configuration optionnelle<\/td>\n<td class=\"tg-yla0\">Longueur de la fl\u00e8che<\/td>\n<td class=\"tg-nrix\">m\u00b3<\/td>\n<td class=\"tg-f4yw\">7060<\/td>\n<\/tr>\n<tr>\n<td class=\"tg-yla0\">Longueur du bras<\/td>\n<td class=\"tg-nrix\">m\u00b3<\/td>\n<td class=\"tg-f4yw\">2400\/3380<\/td>\n<\/tr>\n<tr>\n<td class=\"tg-yla0\">Capacit\u00e9 du godet<\/td>\n<td class=\"tg-nrix\">m\u00b3<\/td>\n<td class=\"tg-f4yw\">2.3 Seau \u00e0 roches<br \/>\n2.5 Seau renforc\u00e9<br \/>\n3.1 Un seau renforc\u00e9<\/td>\n<\/tr>\n<\/tbody>\n<\/table>\n<p><img fetchpriority=\"high\" decoding=\"async\" class=\"alignnone size-medium wp-image-3380\" src=\"https:\/\/www.hcxmachinery.com\/wp-content\/uploads\/2022\/08\/XE500DK\u8be6\u60c5\u56fe-7-300x300.webp\" alt=\"\" width=\"300\" height=\"300\" title=\"\" srcset=\"https:\/\/www.hcxmachinery.com\/wp-content\/uploads\/2022\/08\/XE500DK\u8be6\u60c5\u56fe-7-300x300.webp 300w, https:\/\/www.hcxmachinery.com\/wp-content\/uploads\/2022\/08\/XE500DK\u8be6\u60c5\u56fe-7-150x150.webp 150w, https:\/\/www.hcxmachinery.com\/wp-content\/uploads\/2022\/08\/XE500DK\u8be6\u60c5\u56fe-7-768x768.webp 768w, https:\/\/www.hcxmachinery.com\/wp-content\/uploads\/2022\/08\/XE500DK\u8be6\u60c5\u56fe-7-12x12.webp 12w, https:\/\/www.hcxmachinery.com\/wp-content\/uploads\/2022\/08\/XE500DK\u8be6\u60c5\u56fe-7-600x600.webp 600w, https:\/\/www.hcxmachinery.com\/wp-content\/uploads\/2022\/08\/XE500DK\u8be6\u60c5\u56fe-7-100x100.webp 100w, https:\/\/www.hcxmachinery.com\/wp-content\/uploads\/2022\/08\/XE500DK\u8be6\u60c5\u56fe-7.webp 800w\" sizes=\"(max-width: 300px) 100vw, 300px\" \/> <img decoding=\"async\" class=\"alignnone size-medium wp-image-3379\" src=\"https:\/\/www.hcxmachinery.com\/wp-content\/uploads\/2022\/08\/XE500DK\u8be6\u60c5\u56fe-6-300x300.webp\" alt=\"\" width=\"300\" height=\"300\" title=\"\" srcset=\"https:\/\/www.hcxmachinery.com\/wp-content\/uploads\/2022\/08\/XE500DK\u8be6\u60c5\u56fe-6-300x300.webp 300w, https:\/\/www.hcxmachinery.com\/wp-content\/uploads\/2022\/08\/XE500DK\u8be6\u60c5\u56fe-6-150x150.webp 150w, https:\/\/www.hcxmachinery.com\/wp-content\/uploads\/2022\/08\/XE500DK\u8be6\u60c5\u56fe-6-768x768.webp 768w, https:\/\/www.hcxmachinery.com\/wp-content\/uploads\/2022\/08\/XE500DK\u8be6\u60c5\u56fe-6-12x12.webp 12w, https:\/\/www.hcxmachinery.com\/wp-content\/uploads\/2022\/08\/XE500DK\u8be6\u60c5\u56fe-6-600x600.webp 600w, https:\/\/www.hcxmachinery.com\/wp-content\/uploads\/2022\/08\/XE500DK\u8be6\u60c5\u56fe-6-100x100.webp 100w, https:\/\/www.hcxmachinery.com\/wp-content\/uploads\/2022\/08\/XE500DK\u8be6\u60c5\u56fe-6.webp 800w\" sizes=\"(max-width: 300px) 100vw, 300px\" \/> <img decoding=\"async\" class=\"alignnone size-medium wp-image-3378\" src=\"https:\/\/www.hcxmachinery.com\/wp-content\/uploads\/2022\/08\/XE500DK\u8be6\u60c5\u56fe-5-300x300.webp\" alt=\"\" width=\"300\" height=\"300\" title=\"\" srcset=\"https:\/\/www.hcxmachinery.com\/wp-content\/uploads\/2022\/08\/XE500DK\u8be6\u60c5\u56fe-5-300x300.webp 300w, https:\/\/www.hcxmachinery.com\/wp-content\/uploads\/2022\/08\/XE500DK\u8be6\u60c5\u56fe-5-150x150.webp 150w, https:\/\/www.hcxmachinery.com\/wp-content\/uploads\/2022\/08\/XE500DK\u8be6\u60c5\u56fe-5-768x768.webp 768w, https:\/\/www.hcxmachinery.com\/wp-content\/uploads\/2022\/08\/XE500DK\u8be6\u60c5\u56fe-5-12x12.webp 12w, https:\/\/www.hcxmachinery.com\/wp-content\/uploads\/2022\/08\/XE500DK\u8be6\u60c5\u56fe-5-600x600.webp 600w, https:\/\/www.hcxmachinery.com\/wp-content\/uploads\/2022\/08\/XE500DK\u8be6\u60c5\u56fe-5-100x100.webp 100w, https:\/\/www.hcxmachinery.com\/wp-content\/uploads\/2022\/08\/XE500DK\u8be6\u60c5\u56fe-5.webp 800w\" sizes=\"(max-width: 300px) 100vw, 300px\" \/> <img loading=\"lazy\" decoding=\"async\" class=\"alignnone size-medium wp-image-3377\" src=\"https:\/\/www.hcxmachinery.com\/wp-content\/uploads\/2022\/08\/XE500DK\u8be6\u60c5\u56fe-4-300x300.webp\" alt=\"\" width=\"300\" height=\"300\" title=\"\" srcset=\"https:\/\/www.hcxmachinery.com\/wp-content\/uploads\/2022\/08\/XE500DK\u8be6\u60c5\u56fe-4-300x300.webp 300w, https:\/\/www.hcxmachinery.com\/wp-content\/uploads\/2022\/08\/XE500DK\u8be6\u60c5\u56fe-4-150x150.webp 150w, https:\/\/www.hcxmachinery.com\/wp-content\/uploads\/2022\/08\/XE500DK\u8be6\u60c5\u56fe-4-768x768.webp 768w, https:\/\/www.hcxmachinery.com\/wp-content\/uploads\/2022\/08\/XE500DK\u8be6\u60c5\u56fe-4-12x12.webp 12w, https:\/\/www.hcxmachinery.com\/wp-content\/uploads\/2022\/08\/XE500DK\u8be6\u60c5\u56fe-4-600x600.webp 600w, https:\/\/www.hcxmachinery.com\/wp-content\/uploads\/2022\/08\/XE500DK\u8be6\u60c5\u56fe-4-100x100.webp 100w, https:\/\/www.hcxmachinery.com\/wp-content\/uploads\/2022\/08\/XE500DK\u8be6\u60c5\u56fe-4.webp 800w\" sizes=\"(max-width: 300px) 100vw, 300px\" \/> <img loading=\"lazy\" decoding=\"async\" class=\"alignnone size-medium wp-image-3376\" src=\"https:\/\/www.hcxmachinery.com\/wp-content\/uploads\/2022\/08\/XE500DK\u8be6\u60c5\u56fe-3-300x300.webp\" alt=\"\" width=\"300\" height=\"300\" title=\"\" srcset=\"https:\/\/www.hcxmachinery.com\/wp-content\/uploads\/2022\/08\/XE500DK\u8be6\u60c5\u56fe-3-300x300.webp 300w, https:\/\/www.hcxmachinery.com\/wp-content\/uploads\/2022\/08\/XE500DK\u8be6\u60c5\u56fe-3-150x150.webp 150w, https:\/\/www.hcxmachinery.com\/wp-content\/uploads\/2022\/08\/XE500DK\u8be6\u60c5\u56fe-3-768x768.webp 768w, https:\/\/www.hcxmachinery.com\/wp-content\/uploads\/2022\/08\/XE500DK\u8be6\u60c5\u56fe-3-12x12.webp 12w, https:\/\/www.hcxmachinery.com\/wp-content\/uploads\/2022\/08\/XE500DK\u8be6\u60c5\u56fe-3-600x600.webp 600w, https:\/\/www.hcxmachinery.com\/wp-content\/uploads\/2022\/08\/XE500DK\u8be6\u60c5\u56fe-3-100x100.webp 100w, https:\/\/www.hcxmachinery.com\/wp-content\/uploads\/2022\/08\/XE500DK\u8be6\u60c5\u56fe-3.webp 800w\" sizes=\"(max-width: 300px) 100vw, 300px\" \/> <img loading=\"lazy\" decoding=\"async\" class=\"alignnone size-medium wp-image-3375\" src=\"https:\/\/www.hcxmachinery.com\/wp-content\/uploads\/2022\/08\/XE500DK\u8be6\u60c5\u56fe-2-300x300.webp\" alt=\"\" width=\"300\" height=\"300\" title=\"\" srcset=\"https:\/\/www.hcxmachinery.com\/wp-content\/uploads\/2022\/08\/XE500DK\u8be6\u60c5\u56fe-2-300x300.webp 300w, https:\/\/www.hcxmachinery.com\/wp-content\/uploads\/2022\/08\/XE500DK\u8be6\u60c5\u56fe-2-150x150.webp 150w, https:\/\/www.hcxmachinery.com\/wp-content\/uploads\/2022\/08\/XE500DK\u8be6\u60c5\u56fe-2-768x768.webp 768w, https:\/\/www.hcxmachinery.com\/wp-content\/uploads\/2022\/08\/XE500DK\u8be6\u60c5\u56fe-2-12x12.webp 12w, https:\/\/www.hcxmachinery.com\/wp-content\/uploads\/2022\/08\/XE500DK\u8be6\u60c5\u56fe-2-600x600.webp 600w, https:\/\/www.hcxmachinery.com\/wp-content\/uploads\/2022\/08\/XE500DK\u8be6\u60c5\u56fe-2-100x100.webp 100w, https:\/\/www.hcxmachinery.com\/wp-content\/uploads\/2022\/08\/XE500DK\u8be6\u60c5\u56fe-2.webp 800w\" sizes=\"(max-width: 300px) 100vw, 300px\" \/> <img loading=\"lazy\" decoding=\"async\" class=\"alignnone size-medium wp-image-3374\" src=\"https:\/\/www.hcxmachinery.com\/wp-content\/uploads\/2022\/08\/XE500DK\u8be6\u60c5\u56fe-1-300x300.webp\" alt=\"\" width=\"300\" height=\"300\" title=\"\" srcset=\"https:\/\/www.hcxmachinery.com\/wp-content\/uploads\/2022\/08\/XE500DK\u8be6\u60c5\u56fe-1-300x300.webp 300w, https:\/\/www.hcxmachinery.com\/wp-content\/uploads\/2022\/08\/XE500DK\u8be6\u60c5\u56fe-1-150x150.webp 150w, https:\/\/www.hcxmachinery.com\/wp-content\/uploads\/2022\/08\/XE500DK\u8be6\u60c5\u56fe-1-768x768.webp 768w, https:\/\/www.hcxmachinery.com\/wp-content\/uploads\/2022\/08\/XE500DK\u8be6\u60c5\u56fe-1-12x12.webp 12w, https:\/\/www.hcxmachinery.com\/wp-content\/uploads\/2022\/08\/XE500DK\u8be6\u60c5\u56fe-1-600x600.webp 600w, https:\/\/www.hcxmachinery.com\/wp-content\/uploads\/2022\/08\/XE500DK\u8be6\u60c5\u56fe-1-100x100.webp 100w, https:\/\/www.hcxmachinery.com\/wp-content\/uploads\/2022\/08\/XE500DK\u8be6\u60c5\u56fe-1.webp 800w\" sizes=\"(max-width: 300px) 100vw, 300px\" \/><\/p>","protected":false},"excerpt":{"rendered":"<p>XE490DK XE490DK hydraulic excavator is the leading models of large excavators launched by XCMG excavator department. The product integrates the [&hellip;]<\/p>","protected":false},"featured_media":1919,"template":"","meta":{"_acf_changed":false,"site-sidebar-layout":"default","site-content-layout":"","ast-site-content-layout":"default","site-content-style":"default","site-sidebar-style":"default","ast-global-header-display":"","ast-banner-title-visibility":"","ast-main-header-display":"","ast-hfb-above-header-display":"","ast-hfb-below-header-display":"","ast-hfb-mobile-header-display":"","site-post-title":"","ast-breadcrumbs-content":"","ast-featured-img":"","footer-sml-layout":"","theme-transparent-header-meta":"default","adv-header-id-meta":"","stick-header-meta":"default","header-above-stick-meta":"","header-main-stick-meta":"","header-below-stick-meta":"","astra-migrate-meta-layouts":"set","ast-page-background-enabled":"default","ast-page-background-meta":{"desktop":{"background-color":"var(--ast-global-color-4)","background-image":"","background-repeat":"repeat","background-position":"center center","background-size":"auto","background-attachment":"scroll","background-type":"","background-media":"","overlay-type":"","overlay-color":"","overlay-opacity":"","overlay-gradient":""},"tablet":{"background-color":"","background-image":"","background-repeat":"repeat","background-position":"center center","background-size":"auto","background-attachment":"scroll","background-type":"","background-media":"","overlay-type":"","overlay-color":"","overlay-opacity":"","overlay-gradient":""},"mobile":{"background-color":"","background-image":"","background-repeat":"repeat","background-position":"center center","background-size":"auto","background-attachment":"scroll","background-type":"","background-media":"","overlay-type":"","overlay-color":"","overlay-opacity":"","overlay-gradient":""}},"ast-content-background-meta":{"desktop":{"background-color":"var(--ast-global-color-5)","background-image":"","background-repeat":"repeat","background-position":"center center","background-size":"auto","background-attachment":"scroll","background-type":"","background-media":"","overlay-type":"","overlay-color":"","overlay-opacity":"","overlay-gradient":""},"tablet":{"background-color":"var(--ast-global-color-5)","background-image":"","background-repeat":"repeat","background-position":"center center","background-size":"auto","background-attachment":"scroll","background-type":"","background-media":"","overlay-type":"","overlay-color":"","overlay-opacity":"","overlay-gradient":""},"mobile":{"background-color":"var(--ast-global-color-5)","background-image":"","background-repeat":"repeat","background-position":"center center","background-size":"auto","background-attachment":"scroll","background-type":"","background-media":"","overlay-type":"","overlay-color":"","overlay-opacity":"","overlay-gradient":""}}},"product_cat":[19,37],"product_tag":[],"class_list":{"0":"post-792","1":"product","2":"type-product","3":"status-publish","4":"has-post-thumbnail","6":"product_cat-excavator","7":"product_cat-big-excavator","8":"desktop-align-left","9":"tablet-align-left","10":"mobile-align-left","11":"ast-product-gallery-layout-horizontal-slider","12":"ast-magnify-disabled","13":"ast-product-tabs-layout-horizontal","15":"first","16":"instock","17":"shipping-taxable","18":"product-type-simple"},"acf":[],"_links":{"self":[{"href":"https:\/\/www.hcxmachinery.com\/fr\/wp-json\/wp\/v2\/product\/792"}],"collection":[{"href":"https:\/\/www.hcxmachinery.com\/fr\/wp-json\/wp\/v2\/product"}],"about":[{"href":"https:\/\/www.hcxmachinery.com\/fr\/wp-json\/wp\/v2\/types\/product"}],"version-history":[{"count":20,"href":"https:\/\/www.hcxmachinery.com\/fr\/wp-json\/wp\/v2\/product\/792\/revisions"}],"predecessor-version":[{"id":3381,"href":"https:\/\/www.hcxmachinery.com\/fr\/wp-json\/wp\/v2\/product\/792\/revisions\/3381"}],"wp:featuredmedia":[{"embeddable":true,"href":"https:\/\/www.hcxmachinery.com\/fr\/wp-json\/wp\/v2\/media\/1919"}],"wp:attachment":[{"href":"https:\/\/www.hcxmachinery.com\/fr\/wp-json\/wp\/v2\/media?parent=792"}],"wp:term":[{"taxonomy":"product_cat","embeddable":true,"href":"https:\/\/www.hcxmachinery.com\/fr\/wp-json\/wp\/v2\/product_cat?post=792"},{"taxonomy":"product_tag","embeddable":true,"href":"https:\/\/www.hcxmachinery.com\/fr\/wp-json\/wp\/v2\/product_tag?post=792"}],"curies":[{"name":"wp","href":"https:\/\/api.w.org\/{rel}","templated":true}]}}