{"id":756,"date":"2023-09-10T20:30:59","date_gmt":"2023-09-10T20:30:59","guid":{"rendered":"https:\/\/hcxmachinery.com\/?post_type=product&#038;p=756"},"modified":"2025-12-08T08:15:09","modified_gmt":"2025-12-08T08:15:09","slug":"xe60da","status":"publish","type":"product","link":"https:\/\/www.hcxmachinery.com\/fr\/produit\/xe60da\/","title":{"rendered":"Excavatrice XCMG 60DA d'occasion en bon \u00e9tat \u00e0 vendre"},"content":{"rendered":"<h2><strong>XE60DA<\/strong><\/h2>\n<p>L'excavatrice \u00e0 queue courte peut s'adapter aux conditions de travail \u00e9troites. Le groupe motopropulseur se caract\u00e9rise par un couple stable, une faible consommation de carburant et un faible niveau sonore. Le syst\u00e8me hydraulique sensible \u00e0 la charge permet d'am\u00e9liorer la maniabilit\u00e9 des actions compos\u00e9es, la vitesse de r\u00e9ponse, la pr\u00e9cision du contr\u00f4le et le faible impact. Il peut renforcer la zone locale de la fl\u00e8che et du bras supportant des contraintes \u00e9lev\u00e9es, tout en ajustant la structure, en dispersant les contraintes et en am\u00e9liorant la dur\u00e9e de vie. Le godet standard de type nouveau et la profondeur r\u00e9duite du godet permettent un d\u00e9chargement plus rapide et plus ais\u00e9. Elle est largement utilis\u00e9e pour les petits travaux de terre et de pierre, la construction municipale, la r\u00e9paration des routes, le concassage du b\u00e9ton, les c\u00e2bles enterr\u00e9s, la construction de r\u00e9servoirs d'eau sur les terres agricoles, la culture des jardins et le dragage des canaux fluviaux.<\/p>\n<h2 class=\"fe-bold mb-3\">PARAM\u00c8TRES<\/h2>\n<div class=\"scrollable-div\">\n<table class=\"tg\">\n<thead>\n<tr>\n<th class=\"tg-i231\" colspan=\"2\">Mod\u00e8le de vente<\/th>\n<th class=\"tg-jvoc\">Unit\u00e9<\/th>\n<th class=\"tg-wa1i\">Mesures<\/th>\n<\/tr>\n<\/thead>\n<tbody>\n<tr>\n<td class=\"tg-wa1i\" colspan=\"2\">Poids en ordre de marche<\/td>\n<td class=\"tg-nrix\">Kg<\/td>\n<td class=\"tg-nrix\">6010<\/td>\n<\/tr>\n<tr>\n<td class=\"tg-wa1i\" colspan=\"2\">Capacit\u00e9 du godet<\/td>\n<td class=\"tg-nrix\">m\u00b3<\/td>\n<td class=\"tg-nrix\">0.23<\/td>\n<\/tr>\n<tr>\n<td class=\"tg-wa1i\" rowspan=\"10\">Moteur<\/td>\n<td class=\"tg-yla0\">Mod\u00e8le<\/td>\n<td class=\"tg-nrix\">\/<\/td>\n<td class=\"tg-f4yw\">4TNV94L-BVXG<\/td>\n<\/tr>\n<tr>\n<td class=\"tg-yla0\">Injection directe<\/td>\n<td class=\"tg-nrix\">\/<\/td>\n<td class=\"tg-nrix\">\u221a<\/td>\n<\/tr>\n<tr>\n<td class=\"tg-yla0\">Quatre coups<\/td>\n<td class=\"tg-nrix\">\/<\/td>\n<td class=\"tg-nrix\">\u221a<\/td>\n<\/tr>\n<tr>\n<td class=\"tg-yla0\">Refroidissement par eau<\/td>\n<td class=\"tg-nrix\">\/<\/td>\n<td class=\"tg-nrix\">\u221a<\/td>\n<\/tr>\n<tr>\n<td class=\"tg-yla0\">Turbocompresseur<\/td>\n<td class=\"tg-nrix\">\/<\/td>\n<td class=\"tg-nrix\">\u00d7<\/td>\n<\/tr>\n<tr>\n<td class=\"tg-yla0\">Refroidissement par air<\/td>\n<td class=\"tg-nrix\">\/<\/td>\n<td class=\"tg-nrix\">4<\/td>\n<\/tr>\n<tr>\n<td class=\"tg-yla0\">Nombre de cylindres<\/td>\n<td class=\"tg-nrix\">\/<\/td>\n<td class=\"tg-f4yw\">36.2\/2100<\/td>\n<\/tr>\n<tr>\n<td class=\"tg-yla0\">Puissance de sortie<\/td>\n<td class=\"tg-nrix\">kw\/tr\/min<\/td>\n<td class=\"tg-nrix\">207.4\/1000<\/td>\n<\/tr>\n<tr>\n<td class=\"tg-yla0\">Couple\/vitesse maximal(e)<\/td>\n<td class=\"tg-nrix\">N.m\/rpm<\/td>\n<td class=\"tg-nrix\">3.054<\/td>\n<\/tr>\n<tr>\n<td class=\"tg-yla0\">D\u00e9placement<\/td>\n<td class=\"tg-nrix\">L<\/td>\n<td class=\"tg-nrix\">4.2\/2.2<\/td>\n<\/tr>\n<tr>\n<td class=\"tg-wa1i\" rowspan=\"7\">Principales performances<\/td>\n<td class=\"tg-yla0\">Vitesse de d\u00e9placement<\/td>\n<td class=\"tg-nrix\">km\/h<\/td>\n<td class=\"tg-nrix\">10<\/td>\n<\/tr>\n<tr>\n<td class=\"tg-yla0\">Vitesse d'oscillation<\/td>\n<td class=\"tg-nrix\">r\/min<\/td>\n<td class=\"tg-nrix\">35<\/td>\n<\/tr>\n<tr>\n<td class=\"tg-yla0\">Aptitude au classement<\/td>\n<td class=\"tg-nrix\">\u00b0<\/td>\n<td class=\"tg-nrix\">32.5<\/td>\n<\/tr>\n<tr>\n<td class=\"tg-yla0\">Pression au sol<\/td>\n<td class=\"tg-nrix\">kPa<\/td>\n<td class=\"tg-nrix\">48.3<\/td>\n<\/tr>\n<tr>\n<td class=\"tg-yla0\">Force de creusement du godet<\/td>\n<td class=\"tg-nrix\">kN<\/td>\n<td class=\"tg-nrix\">32.5<\/td>\n<\/tr>\n<tr>\n<td class=\"tg-yla0\">Force de creusement du bras<\/td>\n<td class=\"tg-nrix\">kN<\/td>\n<td class=\"tg-nrix\">50.5<\/td>\n<\/tr>\n<tr>\n<td class=\"tg-yla0\">Force de traction maximale<\/td>\n<td class=\"tg-nrix\">kN<\/td>\n<td class=\"tg-nrix\">151.2<\/td>\n<\/tr>\n<tr>\n<td class=\"tg-wa1i\" rowspan=\"6\">Syst\u00e8me hydraulique<\/td>\n<td class=\"tg-yla0\">D\u00e9bit nominal de la pompe principale<\/td>\n<td class=\"tg-nrix\">\/<\/td>\n<td class=\"tg-f4yw\">24.5<\/td>\n<\/tr>\n<tr>\n<td class=\"tg-yla0\">D\u00e9bit nominal de la pompe principale<\/td>\n<td class=\"tg-nrix\">L\/min<\/td>\n<td class=\"tg-nrix\">24.5<\/td>\n<\/tr>\n<tr>\n<td class=\"tg-yla0\">Pression de la soupape de s\u00e9curit\u00e9 principale<\/td>\n<td class=\"tg-nrix\">MPa<\/td>\n<td class=\"tg-nrix\">24<\/td>\n<\/tr>\n<tr>\n<td class=\"tg-yla0\">Pression du syst\u00e8me de d\u00e9placement<\/td>\n<td class=\"tg-nrix\">MPa<\/td>\n<td class=\"tg-nrix\">3.5<\/td>\n<\/tr>\n<tr>\n<td class=\"tg-yla0\">Pression du syst\u00e8me de balancier<\/td>\n<td class=\"tg-nrix\">MPa<\/td>\n<td class=\"tg-nrix\">110<\/td>\n<\/tr>\n<tr>\n<td class=\"tg-yla0\">Pression du syst\u00e8me pilote<\/td>\n<td class=\"tg-nrix\">MPa<\/td>\n<td class=\"tg-nrix\">77<\/td>\n<\/tr>\n<tr>\n<td class=\"tg-wa1i\" rowspan=\"3\">Capacit\u00e9 d'huile<\/td>\n<td class=\"tg-yla0\">Capacit\u00e9 du r\u00e9servoir de carburant<\/td>\n<td class=\"tg-nrix\">L<\/td>\n<td class=\"tg-nrix\">12<\/td>\n<\/tr>\n<tr>\n<td class=\"tg-yla0\">Capacit\u00e9 du r\u00e9servoir hydraulique<\/td>\n<td class=\"tg-nrix\">L<\/td>\n<td class=\"tg-nrix\">5860<\/td>\n<\/tr>\n<tr>\n<td class=\"tg-yla0\">Capacit\u00e9 d'huile moteur<\/td>\n<td class=\"tg-nrix\">L<\/td>\n<td class=\"tg-nrix\">1920<\/td>\n<\/tr>\n<tr>\n<td class=\"tg-wa1i\" rowspan=\"13\">Taille de l'apparence<\/td>\n<td class=\"tg-yla0\">A Longueur totale<\/td>\n<td class=\"tg-nrix\">mm<\/td>\n<td class=\"tg-nrix\">2585<\/td>\n<\/tr>\n<tr>\n<td class=\"tg-yla0\">B Largeur totale<\/td>\n<td class=\"tg-nrix\">mm<\/td>\n<td class=\"tg-nrix\">1780<\/td>\n<\/tr>\n<tr>\n<td class=\"tg-yla0\">C Hauteur totale<\/td>\n<td class=\"tg-nrix\">mm<\/td>\n<td class=\"tg-nrix\">1920<\/td>\n<\/tr>\n<tr>\n<td class=\"tg-yla0\">D Largeur de la plate-forme<\/td>\n<td class=\"tg-nrix\">mm<\/td>\n<td class=\"tg-nrix\">400<\/td>\n<\/tr>\n<tr>\n<td class=\"tg-yla0\">E Longueur de la voie<\/td>\n<td class=\"tg-nrix\">mm<\/td>\n<td class=\"tg-nrix\">1990<\/td>\n<\/tr>\n<tr>\n<td class=\"tg-yla0\">F Largeur totale du ch\u00e2ssis<\/td>\n<td class=\"tg-nrix\">mm<\/td>\n<td class=\"tg-nrix\">1500<\/td>\n<\/tr>\n<tr>\n<td class=\"tg-yla0\">G Largeur de la voie<\/td>\n<td class=\"tg-nrix\">mm<\/td>\n<td class=\"tg-nrix\">700<\/td>\n<\/tr>\n<tr>\n<td class=\"tg-yla0\">H Longueur au centre des rouleaux<\/td>\n<td class=\"tg-nrix\">mm<\/td>\n<td class=\"tg-nrix\">385<\/td>\n<\/tr>\n<tr>\n<td class=\"tg-yla0\">I Voie de circulation<\/td>\n<td class=\"tg-nrix\">mm<\/td>\n<td class=\"tg-nrix\">1920\u00d7340<\/td>\n<\/tr>\n<tr>\n<td class=\"tg-yla0\">J D\u00e9gagement du contrepoids<\/td>\n<td class=\"tg-nrix\">mm<\/td>\n<td class=\"tg-nrix\">5630<\/td>\n<\/tr>\n<tr>\n<td class=\"tg-yla0\">K Garde au sol minimale<\/td>\n<td class=\"tg-nrix\">mm<\/td>\n<td class=\"tg-nrix\">3945<\/td>\n<\/tr>\n<tr>\n<td class=\"tg-yla0\">L Rayon de pivotement min. de la queue<\/td>\n<td class=\"tg-nrix\">mm<\/td>\n<td class=\"tg-nrix\">3830<\/td>\n<\/tr>\n<tr>\n<td class=\"tg-yla0\">M Hauteur de la voie<\/td>\n<td class=\"tg-nrix\">mm<\/td>\n<td class=\"tg-nrix\">2680<\/td>\n<\/tr>\n<tr>\n<td class=\"tg-wa1i\" rowspan=\"7\">Champ d'application<\/td>\n<td class=\"tg-yla0\">A Hauteur de creusement max.<\/td>\n<td class=\"tg-nrix\">mm<\/td>\n<td class=\"tg-nrix\">6130<\/td>\n<\/tr>\n<tr>\n<td class=\"tg-yla0\">B Hauteur de d\u00e9versement max.<\/td>\n<td class=\"tg-nrix\">mm<\/td>\n<td class=\"tg-nrix\">2460<\/td>\n<\/tr>\n<tr>\n<td class=\"tg-yla0\">C Profondeur de fouille maximale<\/td>\n<td class=\"tg-nrix\">mm<\/td>\n<td class=\"tg-nrix\">1670<\/td>\n<\/tr>\n<tr>\n<td class=\"tg-yla0\">D Profondeur de coupe maximale pour un fond plat de 2240 mm (8 ft)<\/td>\n<td class=\"tg-nrix\">mm<\/td>\n<td class=\"tg-nrix\">390<\/td>\n<\/tr>\n<tr>\n<td class=\"tg-yla0\">E Profondeur maximale de creusement des parois verticales<\/td>\n<td class=\"tg-nrix\">mm<\/td>\n<td class=\"tg-nrix\">560<\/td>\n<\/tr>\n<tr>\n<td class=\"tg-yla0\">Rayon de creusement max.<\/td>\n<td class=\"tg-nrix\">mm<\/td>\n<td class=\"tg-nrix\">3000<\/td>\n<\/tr>\n<tr>\n<td class=\"tg-yla0\">Rayon de pivotement min.<\/td>\n<td class=\"tg-nrix\">mm<\/td>\n<td class=\"tg-nrix\">1600<\/td>\n<\/tr>\n<tr>\n<td class=\"tg-wa1i\" rowspan=\"3\">Configuration standard<\/td>\n<td class=\"tg-yla0\">Longueur de la fl\u00e8che<\/td>\n<td class=\"tg-nrix\">mm<\/td>\n<td class=\"tg-nrix\">0.23<\/td>\n<\/tr>\n<tr>\n<td class=\"tg-yla0\">Longueur du bras<\/td>\n<td class=\"tg-nrix\">mm<\/td>\n<td class=\"tg-nrix\">0.09<br \/>\nSeau \u00e9troit<\/td>\n<\/tr>\n<tr>\n<td class=\"tg-yla0\">Capacit\u00e9 du godet<\/td>\n<td class=\"tg-nrix\">m\u00b3<\/td>\n<td class=\"tg-nrix\">0.2<br \/>\nSeau renforc\u00e9<\/td>\n<\/tr>\n<tr>\n<td class=\"tg-wa1i\" rowspan=\"3\">Configuration optionnelle<\/td>\n<td class=\"tg-yla0\">Longueur de la fl\u00e8che<\/td>\n<td class=\"tg-nrix\">m\u00b3<\/td>\n<td class=\"tg-nrix\">Marteau de rupture,<br \/>\nAccouplement rapide m\u00e9canique, patin en caoutchouc<\/td>\n<\/tr>\n<tr>\n<td class=\"tg-yla0\">Longueur du bras<\/td>\n<td class=\"tg-nrix\">m\u00b3<\/td>\n<td class=\"tg-cly1\">\/<\/td>\n<\/tr>\n<tr>\n<td class=\"tg-yla0\">Capacit\u00e9 du godet<\/td>\n<td class=\"tg-nrix\">m\u00b3<\/td>\n<td class=\"tg-cly1\">\/<\/td>\n<\/tr>\n<\/tbody>\n<\/table>\n<\/div>\n<p>&nbsp;<\/p>\n<p><img fetchpriority=\"high\" decoding=\"async\" class=\"alignnone size-medium wp-image-1975\" src=\"https:\/\/www.hcxmachinery.com\/wp-content\/uploads\/2023\/09\/60DA\u4ea7\u54c1\u76f8\u518c\u56fe9\u6700\u65b0-300x300.webp\" alt=\"\" width=\"300\" height=\"300\" title=\"\" srcset=\"https:\/\/www.hcxmachinery.com\/wp-content\/uploads\/2023\/09\/60DA\u4ea7\u54c1\u76f8\u518c\u56fe9\u6700\u65b0-300x300.webp 300w, https:\/\/www.hcxmachinery.com\/wp-content\/uploads\/2023\/09\/60DA\u4ea7\u54c1\u76f8\u518c\u56fe9\u6700\u65b0-150x150.webp 150w, https:\/\/www.hcxmachinery.com\/wp-content\/uploads\/2023\/09\/60DA\u4ea7\u54c1\u76f8\u518c\u56fe9\u6700\u65b0-768x768.webp 768w, https:\/\/www.hcxmachinery.com\/wp-content\/uploads\/2023\/09\/60DA\u4ea7\u54c1\u76f8\u518c\u56fe9\u6700\u65b0-600x600.webp 600w, https:\/\/www.hcxmachinery.com\/wp-content\/uploads\/2023\/09\/60DA\u4ea7\u54c1\u76f8\u518c\u56fe9\u6700\u65b0-100x100.webp 100w, https:\/\/www.hcxmachinery.com\/wp-content\/uploads\/2023\/09\/60DA\u4ea7\u54c1\u76f8\u518c\u56fe9\u6700\u65b0.webp 800w\" sizes=\"(max-width: 300px) 100vw, 300px\" \/> <img decoding=\"async\" class=\"alignnone size-medium wp-image-1974\" src=\"https:\/\/www.hcxmachinery.com\/wp-content\/uploads\/2023\/09\/60DA\u4ea7\u54c1\u76f8\u518c\u56fe8\u6700\u65b0-300x300.webp\" alt=\"\" width=\"300\" height=\"300\" title=\"\" srcset=\"https:\/\/www.hcxmachinery.com\/wp-content\/uploads\/2023\/09\/60DA\u4ea7\u54c1\u76f8\u518c\u56fe8\u6700\u65b0-300x300.webp 300w, https:\/\/www.hcxmachinery.com\/wp-content\/uploads\/2023\/09\/60DA\u4ea7\u54c1\u76f8\u518c\u56fe8\u6700\u65b0-150x150.webp 150w, https:\/\/www.hcxmachinery.com\/wp-content\/uploads\/2023\/09\/60DA\u4ea7\u54c1\u76f8\u518c\u56fe8\u6700\u65b0-768x768.webp 768w, https:\/\/www.hcxmachinery.com\/wp-content\/uploads\/2023\/09\/60DA\u4ea7\u54c1\u76f8\u518c\u56fe8\u6700\u65b0-600x600.webp 600w, https:\/\/www.hcxmachinery.com\/wp-content\/uploads\/2023\/09\/60DA\u4ea7\u54c1\u76f8\u518c\u56fe8\u6700\u65b0-100x100.webp 100w, https:\/\/www.hcxmachinery.com\/wp-content\/uploads\/2023\/09\/60DA\u4ea7\u54c1\u76f8\u518c\u56fe8\u6700\u65b0.webp 800w\" sizes=\"(max-width: 300px) 100vw, 300px\" \/> <img decoding=\"async\" class=\"alignnone size-medium wp-image-1973\" src=\"https:\/\/www.hcxmachinery.com\/wp-content\/uploads\/2023\/09\/60DA\u4ea7\u54c1\u76f8\u518c\u56fe7\u6700\u65b0-300x300.webp\" alt=\"\" width=\"300\" height=\"300\" title=\"\" srcset=\"https:\/\/www.hcxmachinery.com\/wp-content\/uploads\/2023\/09\/60DA\u4ea7\u54c1\u76f8\u518c\u56fe7\u6700\u65b0-300x300.webp 300w, https:\/\/www.hcxmachinery.com\/wp-content\/uploads\/2023\/09\/60DA\u4ea7\u54c1\u76f8\u518c\u56fe7\u6700\u65b0-150x150.webp 150w, https:\/\/www.hcxmachinery.com\/wp-content\/uploads\/2023\/09\/60DA\u4ea7\u54c1\u76f8\u518c\u56fe7\u6700\u65b0-768x768.webp 768w, https:\/\/www.hcxmachinery.com\/wp-content\/uploads\/2023\/09\/60DA\u4ea7\u54c1\u76f8\u518c\u56fe7\u6700\u65b0-600x600.webp 600w, https:\/\/www.hcxmachinery.com\/wp-content\/uploads\/2023\/09\/60DA\u4ea7\u54c1\u76f8\u518c\u56fe7\u6700\u65b0-100x100.webp 100w, https:\/\/www.hcxmachinery.com\/wp-content\/uploads\/2023\/09\/60DA\u4ea7\u54c1\u76f8\u518c\u56fe7\u6700\u65b0.webp 800w\" sizes=\"(max-width: 300px) 100vw, 300px\" \/> <img loading=\"lazy\" decoding=\"async\" class=\"alignnone size-medium wp-image-1972\" src=\"https:\/\/www.hcxmachinery.com\/wp-content\/uploads\/2023\/09\/60DA\u4ea7\u54c1\u76f8\u518c\u56fe6\u6700\u65b0-300x300.webp\" alt=\"\" width=\"300\" height=\"300\" title=\"\" srcset=\"https:\/\/www.hcxmachinery.com\/wp-content\/uploads\/2023\/09\/60DA\u4ea7\u54c1\u76f8\u518c\u56fe6\u6700\u65b0-300x300.webp 300w, https:\/\/www.hcxmachinery.com\/wp-content\/uploads\/2023\/09\/60DA\u4ea7\u54c1\u76f8\u518c\u56fe6\u6700\u65b0-150x150.webp 150w, https:\/\/www.hcxmachinery.com\/wp-content\/uploads\/2023\/09\/60DA\u4ea7\u54c1\u76f8\u518c\u56fe6\u6700\u65b0-768x768.webp 768w, https:\/\/www.hcxmachinery.com\/wp-content\/uploads\/2023\/09\/60DA\u4ea7\u54c1\u76f8\u518c\u56fe6\u6700\u65b0-600x600.webp 600w, https:\/\/www.hcxmachinery.com\/wp-content\/uploads\/2023\/09\/60DA\u4ea7\u54c1\u76f8\u518c\u56fe6\u6700\u65b0-100x100.webp 100w, https:\/\/www.hcxmachinery.com\/wp-content\/uploads\/2023\/09\/60DA\u4ea7\u54c1\u76f8\u518c\u56fe6\u6700\u65b0.webp 800w\" sizes=\"(max-width: 300px) 100vw, 300px\" \/> <img loading=\"lazy\" decoding=\"async\" class=\"alignnone size-medium wp-image-1971\" src=\"https:\/\/www.hcxmachinery.com\/wp-content\/uploads\/2023\/09\/60DA\u4ea7\u54c1\u76f8\u518c\u56fe5\u6700\u65b0-300x300.webp\" alt=\"\" width=\"300\" height=\"300\" title=\"\" srcset=\"https:\/\/www.hcxmachinery.com\/wp-content\/uploads\/2023\/09\/60DA\u4ea7\u54c1\u76f8\u518c\u56fe5\u6700\u65b0-300x300.webp 300w, https:\/\/www.hcxmachinery.com\/wp-content\/uploads\/2023\/09\/60DA\u4ea7\u54c1\u76f8\u518c\u56fe5\u6700\u65b0-150x150.webp 150w, https:\/\/www.hcxmachinery.com\/wp-content\/uploads\/2023\/09\/60DA\u4ea7\u54c1\u76f8\u518c\u56fe5\u6700\u65b0-768x768.webp 768w, https:\/\/www.hcxmachinery.com\/wp-content\/uploads\/2023\/09\/60DA\u4ea7\u54c1\u76f8\u518c\u56fe5\u6700\u65b0-600x600.webp 600w, https:\/\/www.hcxmachinery.com\/wp-content\/uploads\/2023\/09\/60DA\u4ea7\u54c1\u76f8\u518c\u56fe5\u6700\u65b0-100x100.webp 100w, https:\/\/www.hcxmachinery.com\/wp-content\/uploads\/2023\/09\/60DA\u4ea7\u54c1\u76f8\u518c\u56fe5\u6700\u65b0.webp 800w\" sizes=\"(max-width: 300px) 100vw, 300px\" \/> <img loading=\"lazy\" decoding=\"async\" class=\"alignnone size-medium wp-image-1970\" src=\"https:\/\/www.hcxmachinery.com\/wp-content\/uploads\/2023\/09\/60DA\u4ea7\u54c1\u76f8\u518c\u56fe4\u6700\u65b0-300x300.webp\" alt=\"\" width=\"300\" height=\"300\" title=\"\" srcset=\"https:\/\/www.hcxmachinery.com\/wp-content\/uploads\/2023\/09\/60DA\u4ea7\u54c1\u76f8\u518c\u56fe4\u6700\u65b0-300x300.webp 300w, https:\/\/www.hcxmachinery.com\/wp-content\/uploads\/2023\/09\/60DA\u4ea7\u54c1\u76f8\u518c\u56fe4\u6700\u65b0-150x150.webp 150w, https:\/\/www.hcxmachinery.com\/wp-content\/uploads\/2023\/09\/60DA\u4ea7\u54c1\u76f8\u518c\u56fe4\u6700\u65b0-768x768.webp 768w, https:\/\/www.hcxmachinery.com\/wp-content\/uploads\/2023\/09\/60DA\u4ea7\u54c1\u76f8\u518c\u56fe4\u6700\u65b0-600x600.webp 600w, https:\/\/www.hcxmachinery.com\/wp-content\/uploads\/2023\/09\/60DA\u4ea7\u54c1\u76f8\u518c\u56fe4\u6700\u65b0-100x100.webp 100w, https:\/\/www.hcxmachinery.com\/wp-content\/uploads\/2023\/09\/60DA\u4ea7\u54c1\u76f8\u518c\u56fe4\u6700\u65b0.webp 800w\" sizes=\"(max-width: 300px) 100vw, 300px\" \/> <img loading=\"lazy\" decoding=\"async\" class=\"alignnone size-medium wp-image-1969\" src=\"https:\/\/www.hcxmachinery.com\/wp-content\/uploads\/2023\/09\/60DA\u4ea7\u54c1\u76f8\u518c\u56fe3\u6700\u65b0-300x300.webp\" alt=\"\" width=\"300\" height=\"300\" title=\"\" srcset=\"https:\/\/www.hcxmachinery.com\/wp-content\/uploads\/2023\/09\/60DA\u4ea7\u54c1\u76f8\u518c\u56fe3\u6700\u65b0-300x300.webp 300w, https:\/\/www.hcxmachinery.com\/wp-content\/uploads\/2023\/09\/60DA\u4ea7\u54c1\u76f8\u518c\u56fe3\u6700\u65b0-150x150.webp 150w, https:\/\/www.hcxmachinery.com\/wp-content\/uploads\/2023\/09\/60DA\u4ea7\u54c1\u76f8\u518c\u56fe3\u6700\u65b0-768x768.webp 768w, https:\/\/www.hcxmachinery.com\/wp-content\/uploads\/2023\/09\/60DA\u4ea7\u54c1\u76f8\u518c\u56fe3\u6700\u65b0-600x600.webp 600w, https:\/\/www.hcxmachinery.com\/wp-content\/uploads\/2023\/09\/60DA\u4ea7\u54c1\u76f8\u518c\u56fe3\u6700\u65b0-100x100.webp 100w, https:\/\/www.hcxmachinery.com\/wp-content\/uploads\/2023\/09\/60DA\u4ea7\u54c1\u76f8\u518c\u56fe3\u6700\u65b0.webp 800w\" sizes=\"(max-width: 300px) 100vw, 300px\" \/> <img loading=\"lazy\" decoding=\"async\" class=\"alignnone size-medium wp-image-1968\" src=\"https:\/\/www.hcxmachinery.com\/wp-content\/uploads\/2023\/09\/60DA\u4ea7\u54c1\u76f8\u518c\u56fe2\u6700\u65b0-300x300.webp\" alt=\"\" width=\"300\" height=\"300\" title=\"\" srcset=\"https:\/\/www.hcxmachinery.com\/wp-content\/uploads\/2023\/09\/60DA\u4ea7\u54c1\u76f8\u518c\u56fe2\u6700\u65b0-300x300.webp 300w, https:\/\/www.hcxmachinery.com\/wp-content\/uploads\/2023\/09\/60DA\u4ea7\u54c1\u76f8\u518c\u56fe2\u6700\u65b0-150x150.webp 150w, https:\/\/www.hcxmachinery.com\/wp-content\/uploads\/2023\/09\/60DA\u4ea7\u54c1\u76f8\u518c\u56fe2\u6700\u65b0-768x768.webp 768w, https:\/\/www.hcxmachinery.com\/wp-content\/uploads\/2023\/09\/60DA\u4ea7\u54c1\u76f8\u518c\u56fe2\u6700\u65b0-600x600.webp 600w, https:\/\/www.hcxmachinery.com\/wp-content\/uploads\/2023\/09\/60DA\u4ea7\u54c1\u76f8\u518c\u56fe2\u6700\u65b0-100x100.webp 100w, https:\/\/www.hcxmachinery.com\/wp-content\/uploads\/2023\/09\/60DA\u4ea7\u54c1\u76f8\u518c\u56fe2\u6700\u65b0.webp 800w\" sizes=\"(max-width: 300px) 100vw, 300px\" \/> <img loading=\"lazy\" decoding=\"async\" class=\"alignnone size-medium wp-image-1967\" src=\"https:\/\/www.hcxmachinery.com\/wp-content\/uploads\/2023\/09\/60DA\u4ea7\u54c1\u76f8\u518c\u56fe1\u6700\u65b0-300x300.webp\" alt=\"\" width=\"300\" height=\"300\" title=\"\" srcset=\"https:\/\/www.hcxmachinery.com\/wp-content\/uploads\/2023\/09\/60DA\u4ea7\u54c1\u76f8\u518c\u56fe1\u6700\u65b0-300x300.webp 300w, https:\/\/www.hcxmachinery.com\/wp-content\/uploads\/2023\/09\/60DA\u4ea7\u54c1\u76f8\u518c\u56fe1\u6700\u65b0-150x150.webp 150w, https:\/\/www.hcxmachinery.com\/wp-content\/uploads\/2023\/09\/60DA\u4ea7\u54c1\u76f8\u518c\u56fe1\u6700\u65b0-768x768.webp 768w, https:\/\/www.hcxmachinery.com\/wp-content\/uploads\/2023\/09\/60DA\u4ea7\u54c1\u76f8\u518c\u56fe1\u6700\u65b0-600x600.webp 600w, https:\/\/www.hcxmachinery.com\/wp-content\/uploads\/2023\/09\/60DA\u4ea7\u54c1\u76f8\u518c\u56fe1\u6700\u65b0-100x100.webp 100w, https:\/\/www.hcxmachinery.com\/wp-content\/uploads\/2023\/09\/60DA\u4ea7\u54c1\u76f8\u518c\u56fe1\u6700\u65b0.webp 800w\" sizes=\"(max-width: 300px) 100vw, 300px\" \/> <img loading=\"lazy\" decoding=\"async\" class=\"alignnone size-medium wp-image-1976\" src=\"https:\/\/www.hcxmachinery.com\/wp-content\/uploads\/2023\/09\/60DA\u4ea7\u54c1\u76f8\u518c\u56fe10\u6700\u65b0-300x300.webp\" alt=\"\" width=\"300\" height=\"300\" title=\"\" srcset=\"https:\/\/www.hcxmachinery.com\/wp-content\/uploads\/2023\/09\/60DA\u4ea7\u54c1\u76f8\u518c\u56fe10\u6700\u65b0-300x300.webp 300w, https:\/\/www.hcxmachinery.com\/wp-content\/uploads\/2023\/09\/60DA\u4ea7\u54c1\u76f8\u518c\u56fe10\u6700\u65b0-150x150.webp 150w, https:\/\/www.hcxmachinery.com\/wp-content\/uploads\/2023\/09\/60DA\u4ea7\u54c1\u76f8\u518c\u56fe10\u6700\u65b0-768x768.webp 768w, https:\/\/www.hcxmachinery.com\/wp-content\/uploads\/2023\/09\/60DA\u4ea7\u54c1\u76f8\u518c\u56fe10\u6700\u65b0-600x600.webp 600w, https:\/\/www.hcxmachinery.com\/wp-content\/uploads\/2023\/09\/60DA\u4ea7\u54c1\u76f8\u518c\u56fe10\u6700\u65b0-100x100.webp 100w, https:\/\/www.hcxmachinery.com\/wp-content\/uploads\/2023\/09\/60DA\u4ea7\u54c1\u76f8\u518c\u56fe10\u6700\u65b0.webp 800w\" sizes=\"(max-width: 300px) 100vw, 300px\" \/><\/p>","protected":false},"excerpt":{"rendered":"<p>XE60DA The excavator with short-tail design can apply to the narrow work conditions. The engine powertrain is featured with stable [&hellip;]<\/p>","protected":false},"featured_media":1881,"template":"","meta":{"_acf_changed":false,"site-sidebar-layout":"default","site-content-layout":"","ast-site-content-layout":"default","site-content-style":"default","site-sidebar-style":"default","ast-global-header-display":"","ast-banner-title-visibility":"","ast-main-header-display":"","ast-hfb-above-header-display":"","ast-hfb-below-header-display":"","ast-hfb-mobile-header-display":"","site-post-title":"","ast-breadcrumbs-content":"","ast-featured-img":"","footer-sml-layout":"","theme-transparent-header-meta":"default","adv-header-id-meta":"","stick-header-meta":"default","header-above-stick-meta":"","header-main-stick-meta":"","header-below-stick-meta":"","astra-migrate-meta-layouts":"set","ast-page-background-enabled":"default","ast-page-background-meta":{"desktop":{"background-color":"var(--ast-global-color-4)","background-image":"","background-repeat":"repeat","background-position":"center center","background-size":"auto","background-attachment":"scroll","background-type":"","background-media":"","overlay-type":"","overlay-color":"","overlay-opacity":"","overlay-gradient":""},"tablet":{"background-color":"","background-image":"","background-repeat":"repeat","background-position":"center center","background-size":"auto","background-attachment":"scroll","background-type":"","background-media":"","overlay-type":"","overlay-color":"","overlay-opacity":"","overlay-gradient":""},"mobile":{"background-color":"","background-image":"","background-repeat":"repeat","background-position":"center center","background-size":"auto","background-attachment":"scroll","background-type":"","background-media":"","overlay-type":"","overlay-color":"","overlay-opacity":"","overlay-gradient":""}},"ast-content-background-meta":{"desktop":{"background-color":"var(--ast-global-color-5)","background-image":"","background-repeat":"repeat","background-position":"center center","background-size":"auto","background-attachment":"scroll","background-type":"","background-media":"","overlay-type":"","overlay-color":"","overlay-opacity":"","overlay-gradient":""},"tablet":{"background-color":"var(--ast-global-color-5)","background-image":"","background-repeat":"repeat","background-position":"center center","background-size":"auto","background-attachment":"scroll","background-type":"","background-media":"","overlay-type":"","overlay-color":"","overlay-opacity":"","overlay-gradient":""},"mobile":{"background-color":"var(--ast-global-color-5)","background-image":"","background-repeat":"repeat","background-position":"center center","background-size":"auto","background-attachment":"scroll","background-type":"","background-media":"","overlay-type":"","overlay-color":"","overlay-opacity":"","overlay-gradient":""}}},"product_cat":[19,35],"product_tag":[],"class_list":{"0":"post-756","1":"product","2":"type-product","3":"status-publish","4":"has-post-thumbnail","6":"product_cat-excavator","7":"product_cat-small-excavator","8":"desktop-align-left","9":"tablet-align-left","10":"mobile-align-left","11":"ast-product-gallery-layout-horizontal-slider","12":"ast-magnify-disabled","13":"ast-product-tabs-layout-horizontal","15":"first","16":"instock","17":"shipping-taxable","18":"product-type-simple"},"acf":[],"_links":{"self":[{"href":"https:\/\/www.hcxmachinery.com\/fr\/wp-json\/wp\/v2\/product\/756"}],"collection":[{"href":"https:\/\/www.hcxmachinery.com\/fr\/wp-json\/wp\/v2\/product"}],"about":[{"href":"https:\/\/www.hcxmachinery.com\/fr\/wp-json\/wp\/v2\/types\/product"}],"version-history":[{"count":30,"href":"https:\/\/www.hcxmachinery.com\/fr\/wp-json\/wp\/v2\/product\/756\/revisions"}],"predecessor-version":[{"id":3335,"href":"https:\/\/www.hcxmachinery.com\/fr\/wp-json\/wp\/v2\/product\/756\/revisions\/3335"}],"wp:featuredmedia":[{"embeddable":true,"href":"https:\/\/www.hcxmachinery.com\/fr\/wp-json\/wp\/v2\/media\/1881"}],"wp:attachment":[{"href":"https:\/\/www.hcxmachinery.com\/fr\/wp-json\/wp\/v2\/media?parent=756"}],"wp:term":[{"taxonomy":"product_cat","embeddable":true,"href":"https:\/\/www.hcxmachinery.com\/fr\/wp-json\/wp\/v2\/product_cat?post=756"},{"taxonomy":"product_tag","embeddable":true,"href":"https:\/\/www.hcxmachinery.com\/fr\/wp-json\/wp\/v2\/product_tag?post=756"}],"curies":[{"name":"wp","href":"https:\/\/api.w.org\/{rel}","templated":true}]}}