{"id":3509,"date":"2026-01-21T06:35:02","date_gmt":"2026-01-21T06:35:02","guid":{"rendered":"https:\/\/www.hcxmachinery.com\/?post_type=product&#038;p=3509"},"modified":"2026-01-21T06:42:25","modified_gmt":"2026-01-21T06:42:25","slug":"chargeuse-compacte-xc7-sr07-de-bonne-qualite-a-vendre","status":"publish","type":"product","link":"https:\/\/www.hcxmachinery.com\/fr\/produit\/chargeuse-compacte-xc7-sr07-de-bonne-qualite-a-vendre\/","title":{"rendered":"XC7-SR07 SKID-STEER LOADER de bonne qualit\u00e9 \u00e0 vendre"},"content":{"rendered":"<h2>XC7-SR07<\/h2>\n<div>\n<p>La XC7-SR07 est une chargeuse compacte innovante d\u00e9velopp\u00e9e par XCMG sur la base d'une plate-forme internationale de recherche et de d\u00e9veloppement, en fonction des besoins du march\u00e9 national. Gr\u00e2ce \u00e0 sa technologie et \u00e0 ses performances am\u00e9lior\u00e9es, elle peut \u00eatre utilis\u00e9e pour une vari\u00e9t\u00e9 d'applications telles que la construction, l'entretien et le nettoyage des routes, la construction de b\u00e2timents, la sylviculture, l'am\u00e9nagement de jardins, l'agriculture, le pavage et le nivellement des pentes, et le levage et la manutention.<\/p>\n<\/div>\n<h2 class=\"ace-line ace-line old-record-id-TeiEf5zvsdiETYcxiymA447c9mf\">Param\u00e8tres<\/h2>\n<div>\n<table>\n<thead>\n<tr>\n<th>Objet<\/th>\n<th>Unit\u00e9<\/th>\n<th>Sp\u00e9cifications<\/th>\n<\/tr>\n<\/thead>\n<tbody>\n<tr>\n<td>Charge nominale<\/td>\n<td>kg<\/td>\n<td>750 - 910 (Configuration g\u00e9n\u00e9rale : 750 \/ 897 \/ 910)<\/td>\n<\/tr>\n<tr>\n<td>Charge de basculement<\/td>\n<td>kg<\/td>\n<td>1500 &#8211; 1794<\/td>\n<\/tr>\n<tr>\n<td>Poids en ordre de marche<\/td>\n<td>kg<\/td>\n<td>2950 - 3150 (configuration typique : 3140 - 3150)<\/td>\n<\/tr>\n<tr>\n<td>Capacit\u00e9 de la benne<\/td>\n<td>m\u00b3<\/td>\n<td>\u00a00.35 &#8211; 0.45<\/td>\n<\/tr>\n<tr>\n<td>Puissance nominale<\/td>\n<td>kW \/ hp<\/td>\n<td>36,8 \/ 49,3 (mod\u00e8le de moteur : Xinchai 4D27G31)<\/td>\n<\/tr>\n<tr>\n<td>Vitesse nominale<\/td>\n<td>tr\/min<\/td>\n<td>2400 &#8211; 2500<\/td>\n<\/tr>\n<tr>\n<td>Force d'arrachement maximale<\/td>\n<td>kN<\/td>\n<td>18 &#8211; 21.5<\/td>\n<\/tr>\n<tr>\n<td>Force de traction maximale<\/td>\n<td>kN<\/td>\n<td>25<\/td>\n<\/tr>\n<tr>\n<td>Vitesse de d\u00e9placement maximale<\/td>\n<td>km\/h<\/td>\n<td>14 &#8211; 16.2<\/td>\n<\/tr>\n<\/tbody>\n<\/table>\n<\/div>\n<h2>\u00a0Dimensions et plage de travail<\/h2>\n<div><\/div>\n<div>\n<div>\n<table>\n<thead>\n<tr>\n<th>Objet<\/th>\n<th>Unit\u00e9<\/th>\n<th>Sp\u00e9cifications<\/th>\n<\/tr>\n<\/thead>\n<tbody>\n<tr>\n<td>Dimensions globales (L\u00d7L\u00d7H)<\/td>\n<td>mm<\/td>\n<td>3310 - 3410 \u00d7 1640 - 1800 \u00d7 1950 - 1960<\/td>\n<\/tr>\n<tr>\n<td>Empattement<\/td>\n<td>mm<\/td>\n<td>1027 &#8211; 1079<\/td>\n<\/tr>\n<tr>\n<td>Trajectoire des roues<\/td>\n<td>mm<\/td>\n<td>1370 &#8211; 1380<\/td>\n<\/tr>\n<tr>\n<td>Garde au sol minimale<\/td>\n<td>mm<\/td>\n<td>183<\/td>\n<\/tr>\n<tr>\n<td>Hauteur maximale de fonctionnement<\/td>\n<td>mm<\/td>\n<td>3800 &#8211; 3878<\/td>\n<\/tr>\n<tr>\n<td>Hauteur de d\u00e9versement maximale<\/td>\n<td>mm<\/td>\n<td>2375 &#8211; 3057<\/td>\n<\/tr>\n<tr>\n<td>Angle de d\u00e9versement<\/td>\n<td>\u00b0<\/td>\n<td>40<\/td>\n<\/tr>\n<tr>\n<td>Port\u00e9e de d\u00e9versement<\/td>\n<td>mm<\/td>\n<td>575<\/td>\n<\/tr>\n<tr>\n<td>Rayon de braquage (sans godet)<\/td>\n<td>mm<\/td>\n<td>1183<\/td>\n<\/tr>\n<tr>\n<td>Rayon de braquage (avec godet)<\/td>\n<td>mm<\/td>\n<td>2066<\/td>\n<\/tr>\n<tr>\n<td>Aptitude au classement<\/td>\n<td>\u00b0<\/td>\n<td>25<\/td>\n<\/tr>\n<\/tbody>\n<\/table>\n<p><img fetchpriority=\"high\" decoding=\"async\" class=\"alignnone size-medium wp-image-3521\" src=\"https:\/\/www.hcxmachinery.com\/wp-content\/uploads\/2026\/01\/xc7-sr07\uff087\uff09_WH_800x800px-300x300.webp\" alt=\"\" width=\"300\" height=\"300\" title=\"\" srcset=\"https:\/\/www.hcxmachinery.com\/wp-content\/uploads\/2026\/01\/xc7-sr07\uff087\uff09_WH_800x800px-300x300.webp 300w, https:\/\/www.hcxmachinery.com\/wp-content\/uploads\/2026\/01\/xc7-sr07\uff087\uff09_WH_800x800px-150x150.webp 150w, https:\/\/www.hcxmachinery.com\/wp-content\/uploads\/2026\/01\/xc7-sr07\uff087\uff09_WH_800x800px-768x768.webp 768w, https:\/\/www.hcxmachinery.com\/wp-content\/uploads\/2026\/01\/xc7-sr07\uff087\uff09_WH_800x800px-12x12.webp 12w, https:\/\/www.hcxmachinery.com\/wp-content\/uploads\/2026\/01\/xc7-sr07\uff087\uff09_WH_800x800px-600x600.webp 600w, https:\/\/www.hcxmachinery.com\/wp-content\/uploads\/2026\/01\/xc7-sr07\uff087\uff09_WH_800x800px-100x100.webp 100w, https:\/\/www.hcxmachinery.com\/wp-content\/uploads\/2026\/01\/xc7-sr07\uff087\uff09_WH_800x800px.webp 800w\" sizes=\"(max-width: 300px) 100vw, 300px\" \/> <img decoding=\"async\" class=\"alignnone size-medium wp-image-3520\" src=\"https:\/\/www.hcxmachinery.com\/wp-content\/uploads\/2026\/01\/xc7-sr07\uff086\uff09_WH_800x800px-300x300.webp\" alt=\"\" width=\"300\" height=\"300\" title=\"\" srcset=\"https:\/\/www.hcxmachinery.com\/wp-content\/uploads\/2026\/01\/xc7-sr07\uff086\uff09_WH_800x800px-300x300.webp 300w, https:\/\/www.hcxmachinery.com\/wp-content\/uploads\/2026\/01\/xc7-sr07\uff086\uff09_WH_800x800px-150x150.webp 150w, https:\/\/www.hcxmachinery.com\/wp-content\/uploads\/2026\/01\/xc7-sr07\uff086\uff09_WH_800x800px-768x768.webp 768w, https:\/\/www.hcxmachinery.com\/wp-content\/uploads\/2026\/01\/xc7-sr07\uff086\uff09_WH_800x800px-12x12.webp 12w, https:\/\/www.hcxmachinery.com\/wp-content\/uploads\/2026\/01\/xc7-sr07\uff086\uff09_WH_800x800px-600x600.webp 600w, https:\/\/www.hcxmachinery.com\/wp-content\/uploads\/2026\/01\/xc7-sr07\uff086\uff09_WH_800x800px-100x100.webp 100w, https:\/\/www.hcxmachinery.com\/wp-content\/uploads\/2026\/01\/xc7-sr07\uff086\uff09_WH_800x800px.webp 800w\" sizes=\"(max-width: 300px) 100vw, 300px\" \/> <img decoding=\"async\" class=\"alignnone size-medium wp-image-3519\" src=\"https:\/\/www.hcxmachinery.com\/wp-content\/uploads\/2026\/01\/xc7-sr07\uff085\uff09_WH_800x800px-300x300.webp\" alt=\"\" width=\"300\" height=\"300\" title=\"\" srcset=\"https:\/\/www.hcxmachinery.com\/wp-content\/uploads\/2026\/01\/xc7-sr07\uff085\uff09_WH_800x800px-300x300.webp 300w, https:\/\/www.hcxmachinery.com\/wp-content\/uploads\/2026\/01\/xc7-sr07\uff085\uff09_WH_800x800px-150x150.webp 150w, https:\/\/www.hcxmachinery.com\/wp-content\/uploads\/2026\/01\/xc7-sr07\uff085\uff09_WH_800x800px-768x768.webp 768w, https:\/\/www.hcxmachinery.com\/wp-content\/uploads\/2026\/01\/xc7-sr07\uff085\uff09_WH_800x800px-12x12.webp 12w, https:\/\/www.hcxmachinery.com\/wp-content\/uploads\/2026\/01\/xc7-sr07\uff085\uff09_WH_800x800px-600x600.webp 600w, https:\/\/www.hcxmachinery.com\/wp-content\/uploads\/2026\/01\/xc7-sr07\uff085\uff09_WH_800x800px-100x100.webp 100w, https:\/\/www.hcxmachinery.com\/wp-content\/uploads\/2026\/01\/xc7-sr07\uff085\uff09_WH_800x800px.webp 800w\" sizes=\"(max-width: 300px) 100vw, 300px\" \/> <img loading=\"lazy\" decoding=\"async\" class=\"alignnone size-medium wp-image-3518\" src=\"https:\/\/www.hcxmachinery.com\/wp-content\/uploads\/2026\/01\/xc7-sr07\uff084\uff09_WH_800x800px-300x300.webp\" alt=\"\" width=\"300\" height=\"300\" title=\"\" srcset=\"https:\/\/www.hcxmachinery.com\/wp-content\/uploads\/2026\/01\/xc7-sr07\uff084\uff09_WH_800x800px-300x300.webp 300w, https:\/\/www.hcxmachinery.com\/wp-content\/uploads\/2026\/01\/xc7-sr07\uff084\uff09_WH_800x800px-150x150.webp 150w, https:\/\/www.hcxmachinery.com\/wp-content\/uploads\/2026\/01\/xc7-sr07\uff084\uff09_WH_800x800px-768x768.webp 768w, https:\/\/www.hcxmachinery.com\/wp-content\/uploads\/2026\/01\/xc7-sr07\uff084\uff09_WH_800x800px-12x12.webp 12w, https:\/\/www.hcxmachinery.com\/wp-content\/uploads\/2026\/01\/xc7-sr07\uff084\uff09_WH_800x800px-600x600.webp 600w, https:\/\/www.hcxmachinery.com\/wp-content\/uploads\/2026\/01\/xc7-sr07\uff084\uff09_WH_800x800px-100x100.webp 100w, https:\/\/www.hcxmachinery.com\/wp-content\/uploads\/2026\/01\/xc7-sr07\uff084\uff09_WH_800x800px.webp 800w\" sizes=\"(max-width: 300px) 100vw, 300px\" \/> <img loading=\"lazy\" decoding=\"async\" class=\"alignnone size-medium wp-image-3517\" src=\"https:\/\/www.hcxmachinery.com\/wp-content\/uploads\/2026\/01\/xc7-sr07\uff083\uff09_WH_800x800px-300x300.webp\" alt=\"\" width=\"300\" height=\"300\" title=\"\" srcset=\"https:\/\/www.hcxmachinery.com\/wp-content\/uploads\/2026\/01\/xc7-sr07\uff083\uff09_WH_800x800px-300x300.webp 300w, https:\/\/www.hcxmachinery.com\/wp-content\/uploads\/2026\/01\/xc7-sr07\uff083\uff09_WH_800x800px-150x150.webp 150w, https:\/\/www.hcxmachinery.com\/wp-content\/uploads\/2026\/01\/xc7-sr07\uff083\uff09_WH_800x800px-768x768.webp 768w, https:\/\/www.hcxmachinery.com\/wp-content\/uploads\/2026\/01\/xc7-sr07\uff083\uff09_WH_800x800px-12x12.webp 12w, https:\/\/www.hcxmachinery.com\/wp-content\/uploads\/2026\/01\/xc7-sr07\uff083\uff09_WH_800x800px-600x600.webp 600w, https:\/\/www.hcxmachinery.com\/wp-content\/uploads\/2026\/01\/xc7-sr07\uff083\uff09_WH_800x800px-100x100.webp 100w, https:\/\/www.hcxmachinery.com\/wp-content\/uploads\/2026\/01\/xc7-sr07\uff083\uff09_WH_800x800px.webp 800w\" sizes=\"(max-width: 300px) 100vw, 300px\" \/> <img loading=\"lazy\" decoding=\"async\" class=\"alignnone size-medium wp-image-3516\" src=\"https:\/\/www.hcxmachinery.com\/wp-content\/uploads\/2026\/01\/xc7-sr07\uff082\uff09_WH_800x800px-300x300.webp\" alt=\"\" width=\"300\" height=\"300\" title=\"\" srcset=\"https:\/\/www.hcxmachinery.com\/wp-content\/uploads\/2026\/01\/xc7-sr07\uff082\uff09_WH_800x800px-300x300.webp 300w, https:\/\/www.hcxmachinery.com\/wp-content\/uploads\/2026\/01\/xc7-sr07\uff082\uff09_WH_800x800px-150x150.webp 150w, https:\/\/www.hcxmachinery.com\/wp-content\/uploads\/2026\/01\/xc7-sr07\uff082\uff09_WH_800x800px-768x768.webp 768w, https:\/\/www.hcxmachinery.com\/wp-content\/uploads\/2026\/01\/xc7-sr07\uff082\uff09_WH_800x800px-12x12.webp 12w, https:\/\/www.hcxmachinery.com\/wp-content\/uploads\/2026\/01\/xc7-sr07\uff082\uff09_WH_800x800px-600x600.webp 600w, https:\/\/www.hcxmachinery.com\/wp-content\/uploads\/2026\/01\/xc7-sr07\uff082\uff09_WH_800x800px-100x100.webp 100w, https:\/\/www.hcxmachinery.com\/wp-content\/uploads\/2026\/01\/xc7-sr07\uff082\uff09_WH_800x800px.webp 800w\" sizes=\"(max-width: 300px) 100vw, 300px\" \/><\/p>\n<\/div>\n<\/div>","protected":false},"excerpt":{"rendered":"<p>XC7-SR07 XC7-SR07 is an innovative skid steer loader developed by XCMG based on the international R&amp;D platform according to the [&hellip;]<\/p>","protected":false},"featured_media":3515,"template":"","meta":{"_acf_changed":false,"site-sidebar-layout":"default","site-content-layout":"","ast-site-content-layout":"default","site-content-style":"default","site-sidebar-style":"default","ast-global-header-display":"","ast-banner-title-visibility":"","ast-main-header-display":"","ast-hfb-above-header-display":"","ast-hfb-below-header-display":"","ast-hfb-mobile-header-display":"","site-post-title":"","ast-breadcrumbs-content":"","ast-featured-img":"","footer-sml-layout":"","theme-transparent-header-meta":"default","adv-header-id-meta":"","stick-header-meta":"default","header-above-stick-meta":"","header-main-stick-meta":"","header-below-stick-meta":"","astra-migrate-meta-layouts":"set","ast-page-background-enabled":"default","ast-page-background-meta":{"desktop":{"background-color":"var(--ast-global-color-4)","background-image":"","background-repeat":"repeat","background-position":"center center","background-size":"auto","background-attachment":"scroll","background-type":"","background-media":"","overlay-type":"","overlay-color":"","overlay-opacity":"","overlay-gradient":""},"tablet":{"background-color":"","background-image":"","background-repeat":"repeat","background-position":"center center","background-size":"auto","background-attachment":"scroll","background-type":"","background-media":"","overlay-type":"","overlay-color":"","overlay-opacity":"","overlay-gradient":""},"mobile":{"background-color":"","background-image":"","background-repeat":"repeat","background-position":"center center","background-size":"auto","background-attachment":"scroll","background-type":"","background-media":"","overlay-type":"","overlay-color":"","overlay-opacity":"","overlay-gradient":""}},"ast-content-background-meta":{"desktop":{"background-color":"var(--ast-global-color-5)","background-image":"","background-repeat":"repeat","background-position":"center center","background-size":"auto","background-attachment":"scroll","background-type":"","background-media":"","overlay-type":"","overlay-color":"","overlay-opacity":"","overlay-gradient":""},"tablet":{"background-color":"var(--ast-global-color-5)","background-image":"","background-repeat":"repeat","background-position":"center center","background-size":"auto","background-attachment":"scroll","background-type":"","background-media":"","overlay-type":"","overlay-color":"","overlay-opacity":"","overlay-gradient":""},"mobile":{"background-color":"var(--ast-global-color-5)","background-image":"","background-repeat":"repeat","background-position":"center center","background-size":"auto","background-attachment":"scroll","background-type":"","background-media":"","overlay-type":"","overlay-color":"","overlay-opacity":"","overlay-gradient":""}}},"product_cat":[48],"product_tag":[],"class_list":{"0":"post-3509","1":"product","2":"type-product","3":"status-publish","4":"has-post-thumbnail","6":"product_cat-loader","7":"desktop-align-left","8":"tablet-align-left","9":"mobile-align-left","10":"ast-product-gallery-layout-horizontal-slider","11":"ast-magnify-disabled","12":"ast-product-tabs-layout-horizontal","14":"first","15":"instock","16":"shipping-taxable","17":"product-type-simple"},"acf":[],"_links":{"self":[{"href":"https:\/\/www.hcxmachinery.com\/fr\/wp-json\/wp\/v2\/product\/3509"}],"collection":[{"href":"https:\/\/www.hcxmachinery.com\/fr\/wp-json\/wp\/v2\/product"}],"about":[{"href":"https:\/\/www.hcxmachinery.com\/fr\/wp-json\/wp\/v2\/types\/product"}],"version-history":[{"count":9,"href":"https:\/\/www.hcxmachinery.com\/fr\/wp-json\/wp\/v2\/product\/3509\/revisions"}],"predecessor-version":[{"id":3528,"href":"https:\/\/www.hcxmachinery.com\/fr\/wp-json\/wp\/v2\/product\/3509\/revisions\/3528"}],"wp:featuredmedia":[{"embeddable":true,"href":"https:\/\/www.hcxmachinery.com\/fr\/wp-json\/wp\/v2\/media\/3515"}],"wp:attachment":[{"href":"https:\/\/www.hcxmachinery.com\/fr\/wp-json\/wp\/v2\/media?parent=3509"}],"wp:term":[{"taxonomy":"product_cat","embeddable":true,"href":"https:\/\/www.hcxmachinery.com\/fr\/wp-json\/wp\/v2\/product_cat?post=3509"},{"taxonomy":"product_tag","embeddable":true,"href":"https:\/\/www.hcxmachinery.com\/fr\/wp-json\/wp\/v2\/product_tag?post=3509"}],"curies":[{"name":"wp","href":"https:\/\/api.w.org\/{rel}","templated":true}]}}