{"id":3145,"date":"2025-09-27T01:47:32","date_gmt":"2025-09-27T01:47:32","guid":{"rendered":"https:\/\/www.hcxmachinery.com\/?post_type=product&#038;p=3145"},"modified":"2025-12-30T03:35:04","modified_gmt":"2025-12-30T03:35:04","slug":"chargeur-sur-roues-zl50gn","status":"publish","type":"product","link":"https:\/\/www.hcxmachinery.com\/fr\/produit\/chargeur-sur-roues-zl50gn\/","title":{"rendered":"Original Factory Quality ZL50GN Wheel Loader"},"content":{"rendered":"<h2>ZL50GN<\/h2>\n<p>En se concentrant sur la valeur client et en mettant l'accent sur l'exp\u00e9rience client, la chargeuse XCMG est l'\u00e9quipement de premier choix pour l'organisation de la production dans les domaines des ports, des mines, des constructions d'ing\u00e9nierie et de la logistique.<\/p>\n<h2>PARAM\u00c8TRES<\/h2>\n<div class=\"auto-hide-last-sibling-br mdbox-table-root table-container-GhL7Lo\" data-scroll-inline-overflow=\"false\" data-scroll-inline-at-start=\"true\" data-scroll-inline-start-overflow=\"false\" data-scroll-inline-at-end=\"true\" data-scroll-inline-end-overflow=\"false\">\n<div class=\"table-scroll-container-hgHkfW mdbox-table-scroll-container\">\n<table>\n<thead>\n<tr>\n<th>Description<\/th>\n<th>Sp\u00e9cifications<\/th>\n<th>Unit\u00e9<\/th>\n<\/tr>\n<\/thead>\n<tbody>\n<tr>\n<td>Charge de fonctionnement nominale<\/td>\n<td>5000<\/td>\n<td>kg<\/td>\n<\/tr>\n<tr>\n<td>Capacit\u00e9 du godet<\/td>\n<td>2.5~4.5<\/td>\n<td>m\u00b3<\/td>\n<\/tr>\n<tr>\n<td>Poids de la machine<\/td>\n<td>17500+300<\/td>\n<td>kg<\/td>\n<\/tr>\n<tr>\n<td>Hauteur de vidage au levage maximum<\/td>\n<td>3100~3780<\/td>\n<td>mm<\/td>\n<\/tr>\n<tr>\n<td>Port\u00e9e \u00e0 l'\u00e9l\u00e9vation maximale<\/td>\n<td>1100~1220<\/td>\n<td>mm<\/td>\n<\/tr>\n<tr>\n<td>Empattement<\/td>\n<td>3300<\/td>\n<td>mm<\/td>\n<\/tr>\n<tr>\n<td>Bande de roulement<\/td>\n<td>2250<\/td>\n<td>mm<\/td>\n<\/tr>\n<tr>\n<td>Force d'arrachement maximale<\/td>\n<td>175\u00b15<\/td>\n<td>kN<\/td>\n<\/tr>\n<tr>\n<td>Puissance max.<\/td>\n<td>160\u00b15<\/td>\n<td>kN<\/td>\n<\/tr>\n<tr>\n<td>Temps de cycle hydraulique - augmentation<\/td>\n<td>5.6<\/td>\n<td>s<\/td>\n<\/tr>\n<tr>\n<td>Dur\u00e9e totale du cycle hydraulique<\/td>\n<td>10.5<\/td>\n<td>s<\/td>\n<\/tr>\n<tr>\n<td>Rayon de braquage minimal au-dessus des pneus<\/td>\n<td>5925\u00b150<\/td>\n<td>mm<\/td>\n<\/tr>\n<tr>\n<td>Angle d'articulation<\/td>\n<td>38\u00b0<\/td>\n<td>&#8211;<\/td>\n<\/tr>\n<tr>\n<td>Aptitude au classement<\/td>\n<td>30\u00b0<\/td>\n<td>&#8211;<\/td>\n<\/tr>\n<tr>\n<td>Taille des pneus<\/td>\n<td>23.5-25-16PR<\/td>\n<td>&#8211;<\/td>\n<\/tr>\n<tr>\n<td>Dimensions globales de la machine (L\u00d7L\u00d7H)<\/td>\n<td>8225\u00d73016\u00d73515<\/td>\n<td>mm<\/td>\n<\/tr>\n<tr>\n<td>Mod\u00e8le (moteur)<\/td>\n<td>WD10G220E21<\/td>\n<td>&#8211;<\/td>\n<\/tr>\n<tr>\n<td>Puissance nominale (moteur)<\/td>\n<td>162<\/td>\n<td>kW<\/td>\n<\/tr>\n<tr>\n<td>Vitesse de d\u00e9placement - Pignon en I (F\/R)<\/td>\n<td>13\/17<\/td>\n<td>km\/h<\/td>\n<\/tr>\n<tr>\n<td>Vitesse de d\u00e9placement - engrenage II (F)<\/td>\n<td>41<\/td>\n<td>km\/h<\/td>\n<\/tr>\n<\/tbody>\n<\/table>\n<\/div>\n<\/div>\n<div class=\"auto-hide-last-sibling-br mdbox-table-root table-container-GhL7Lo\" data-scroll-inline-overflow=\"false\" data-scroll-inline-at-start=\"true\" data-scroll-inline-start-overflow=\"false\" data-scroll-inline-at-end=\"true\" data-scroll-inline-end-overflow=\"false\">\n<div class=\"table-scroll-container-hgHkfW mdbox-table-scroll-container\">\n<table>\n<thead>\n<tr>\n<th>Transmission \u00e0 arbre de renvoi \u00e0 commande \u00e9lectronique - Vitesse de d\u00e9placement<\/th>\n<th>Vitesse (avant\/arri\u00e8re)<\/th>\n<th>Vitesse<\/th>\n<th>Unit\u00e9<\/th>\n<\/tr>\n<\/thead>\n<tbody>\n<tr>\n<td><\/td>\n<td>Vitesse 1 (avant\/arri\u00e8re)<\/td>\n<td>6.5\/6.5<\/td>\n<td>km\/h<\/td>\n<\/tr>\n<tr>\n<td><\/td>\n<td>Vitesse 2 (avant\/arri\u00e8re)<\/td>\n<td>11\/11<\/td>\n<td>km\/h<\/td>\n<\/tr>\n<tr>\n<td><\/td>\n<td>Vitesse 3 (avant\/arri\u00e8re)<\/td>\n<td>24\/24<\/td>\n<td>km\/h<\/td>\n<\/tr>\n<tr>\n<td><\/td>\n<td>Vitesse 4 (avant\/arri\u00e8re)<\/td>\n<td>38\/-<\/td>\n<td>km\/h<\/td>\n<\/tr>\n<\/tbody>\n<\/table>\n<\/div>\n<\/div>\n<div class=\"auto-hide-last-sibling-br mdbox-table-root table-container-GhL7Lo\" data-scroll-inline-overflow=\"true\" data-scroll-inline-at-start=\"false\" data-scroll-inline-start-overflow=\"false\" data-scroll-inline-at-end=\"true\" data-scroll-inline-end-overflow=\"false\">\n<div class=\"table-scroll-container-hgHkfW mdbox-table-scroll-container\">\n<table>\n<thead>\n<tr>\n<th>Objet<\/th>\n<th>Benne \u00e0 d\u00e9versement lat\u00e9ral (dents d\u00e9cal\u00e9es)<\/th>\n<th>Pince<\/th>\n<th>Collier de serrage<\/th>\n<th>Coupe des dents<\/th>\n<th>Bouche du crapaud<\/th>\n<th>Seau de ramassage d'herbe<\/th>\n<th>Chasse-neige<\/th>\n<th>Fourche \u00e0 palette<\/th>\n<th>Unit\u00e9<\/th>\n<\/tr>\n<\/thead>\n<tbody>\n<tr>\n<td>Capacit\u00e9 du godet<\/td>\n<td>2.5<\/td>\n<td>&#8211;<\/td>\n<td>&#8211;<\/td>\n<td>&#8211;<\/td>\n<td>&#8211;<\/td>\n<td>&#8211;<\/td>\n<td>&#8211;<\/td>\n<td>&#8211;<\/td>\n<td>m\u00b3<\/td>\n<\/tr>\n<tr>\n<td>Charge nominale<\/td>\n<td>4500<\/td>\n<td>5000<\/td>\n<td>5000<\/td>\n<td>5000<\/td>\n<td>5000<\/td>\n<td>4500<\/td>\n<td>5000<\/td>\n<td>5000<\/td>\n<td>kg<\/td>\n<\/tr>\n<tr>\n<td>D\u00e9gagement de la benne au levage maximum (benne avant)<\/td>\n<td>3100<\/td>\n<td>3160<\/td>\n<td>3230<\/td>\n<td>3230<\/td>\n<td>3000<\/td>\n<td>3200<\/td>\n<td>3210<\/td>\n<td>3210<\/td>\n<td>mm<\/td>\n<\/tr>\n<tr>\n<td>Port\u00e9e au levage maximum (benne avant)<\/td>\n<td>1220<\/td>\n<td>1820<\/td>\n<td>1845<\/td>\n<td>1845<\/td>\n<td>1900<\/td>\n<td>2050<\/td>\n<td>1760<\/td>\n<td>1760<\/td>\n<td>mm<\/td>\n<\/tr>\n<tr>\n<td>Hauteur de d\u00e9versement\/port\u00e9e au levage maximum (d\u00e9versement lat\u00e9ral)<\/td>\n<td>4080\/1170<\/td>\n<td>&#8211;<\/td>\n<td>&#8211;<\/td>\n<td>&#8211;<\/td>\n<td>&#8211;<\/td>\n<td>&#8211;<\/td>\n<td>&#8211;<\/td>\n<td>&#8211;<\/td>\n<td>mm<\/td>\n<\/tr>\n<tr>\n<td>Hauteur totale au levage maximum<\/td>\n<td>3860<\/td>\n<td>3860<\/td>\n<td>3860<\/td>\n<td>3860<\/td>\n<td>3860<\/td>\n<td>3860<\/td>\n<td>3860<\/td>\n<td>3860<\/td>\n<td>mm<\/td>\n<\/tr>\n<tr>\n<td>Angle de d\u00e9versement maximal (outil de travail)<\/td>\n<td>45\u00b0<\/td>\n<td>30\u00b0<\/td>\n<td>30\u00b0<\/td>\n<td>30\u00b0<\/td>\n<td>35\u00b0<\/td>\n<td>20\u00b0<\/td>\n<td>26\u00b0<\/td>\n<td>&#8211;<\/td>\n<td>&#8211;<\/td>\n<\/tr>\n<tr>\n<td>Ouverture maximale<\/td>\n<td>2270<\/td>\n<td>1780<\/td>\n<td>1900<\/td>\n<td>2330<\/td>\n<td>2900<\/td>\n<td>&#8211;<\/td>\n<td>&#8211;<\/td>\n<td>&#8211;<\/td>\n<td>mm<\/td>\n<\/tr>\n<tr>\n<td>Diam\u00e8tre de serrage max.<\/td>\n<td>&#8211;<\/td>\n<td>1000<\/td>\n<td>430<\/td>\n<td>450<\/td>\n<td>850<\/td>\n<td>1470<\/td>\n<td>&#8211;<\/td>\n<td>&#8211;<\/td>\n<td>mm<\/td>\n<\/tr>\n<tr>\n<td>Largeur de travail maximale (chasse-neige)<\/td>\n<td>&#8211;<\/td>\n<td>&#8211;<\/td>\n<td>&#8211;<\/td>\n<td>&#8211;<\/td>\n<td>&#8211;<\/td>\n<td>&#8211;<\/td>\n<td>3800<\/td>\n<td>&#8211;<\/td>\n<td>mm<\/td>\n<\/tr>\n<tr>\n<td>Angle d'orientation (horizontal)<\/td>\n<td>&#8211;<\/td>\n<td>35\u00b0<\/td>\n<td>&#8211;<\/td>\n<td>&#8211;<\/td>\n<td>&#8211;<\/td>\n<td>&#8211;<\/td>\n<td>&#8211;<\/td>\n<td>&#8211;<\/td>\n<td>&#8211;<\/td>\n<\/tr>\n<tr>\n<td>Angle de pivotement (chasse-neige)<\/td>\n<td>&#8211;<\/td>\n<td>&#8211;<\/td>\n<td>&#8211;<\/td>\n<td>&#8211;<\/td>\n<td>&#8211;<\/td>\n<td>&#8211;<\/td>\n<td>\u00b16\u00b0<\/td>\n<td>&#8211;<\/td>\n<td>&#8211;<\/td>\n<\/tr>\n<tr>\n<td>Angle du dos du cheval au sol<\/td>\n<td>23\u00b0<\/td>\n<td>23\u00b0<\/td>\n<td>23\u00b0<\/td>\n<td>23\u00b0<\/td>\n<td>23\u00b0<\/td>\n<td>23\u00b0<\/td>\n<td>23\u00b0<\/td>\n<td>23\u00b0<\/td>\n<td>&#8211;<\/td>\n<\/tr>\n<tr>\n<td>Longueur (outil de travail)<\/td>\n<td>2050<\/td>\n<td>1855<\/td>\n<td>1855<\/td>\n<td>2180<\/td>\n<td>2330<\/td>\n<td>1940<\/td>\n<td>1945<\/td>\n<td>1945<\/td>\n<td>mm<\/td>\n<\/tr>\n<tr>\n<td>Largeur (outil de travail)<\/td>\n<td>2948<\/td>\n<td>2198<\/td>\n<td>2356<\/td>\n<td>2356<\/td>\n<td>1900<\/td>\n<td>2580<\/td>\n<td>3800<\/td>\n<td>2500<\/td>\n<td>mm<\/td>\n<\/tr>\n<tr>\n<td>Hauteur (outil de travail)<\/td>\n<td>1630<\/td>\n<td>1470<\/td>\n<td>1810<\/td>\n<td>1790<\/td>\n<td>1930<\/td>\n<td>1005<\/td>\n<td>1290<\/td>\n<td>1290<\/td>\n<td>mm<\/td>\n<\/tr>\n<tr>\n<td>Longueur des dents (fourche \u00e0 palette)<\/td>\n<td>&#8211;<\/td>\n<td>&#8211;<\/td>\n<td>&#8211;<\/td>\n<td>&#8211;<\/td>\n<td>&#8211;<\/td>\n<td>&#8211;<\/td>\n<td>&#8211;<\/td>\n<td>1200<\/td>\n<td>mm<\/td>\n<\/tr>\n<\/tbody>\n<\/table>\n<p><img fetchpriority=\"high\" decoding=\"async\" class=\"alignnone size-medium wp-image-3154\" src=\"https:\/\/www.hcxmachinery.com\/wp-content\/uploads\/2025\/09\/ZL50GN\uff088\uff09_WH_800x800px-300x300.webp\" alt=\"\" width=\"300\" height=\"300\" title=\"\" srcset=\"https:\/\/www.hcxmachinery.com\/wp-content\/uploads\/2025\/09\/ZL50GN\uff088\uff09_WH_800x800px-300x300.webp 300w, https:\/\/www.hcxmachinery.com\/wp-content\/uploads\/2025\/09\/ZL50GN\uff088\uff09_WH_800x800px-150x150.webp 150w, https:\/\/www.hcxmachinery.com\/wp-content\/uploads\/2025\/09\/ZL50GN\uff088\uff09_WH_800x800px-768x768.webp 768w, https:\/\/www.hcxmachinery.com\/wp-content\/uploads\/2025\/09\/ZL50GN\uff088\uff09_WH_800x800px-12x12.webp 12w, https:\/\/www.hcxmachinery.com\/wp-content\/uploads\/2025\/09\/ZL50GN\uff088\uff09_WH_800x800px-600x600.webp 600w, https:\/\/www.hcxmachinery.com\/wp-content\/uploads\/2025\/09\/ZL50GN\uff088\uff09_WH_800x800px-100x100.webp 100w, https:\/\/www.hcxmachinery.com\/wp-content\/uploads\/2025\/09\/ZL50GN\uff088\uff09_WH_800x800px.webp 800w\" sizes=\"(max-width: 300px) 100vw, 300px\" \/> <img decoding=\"async\" class=\"alignnone size-medium wp-image-3153\" src=\"https:\/\/www.hcxmachinery.com\/wp-content\/uploads\/2025\/09\/ZL50GN\uff087\uff09_WH_800x800px-300x300.webp\" alt=\"\" width=\"300\" height=\"300\" title=\"\" srcset=\"https:\/\/www.hcxmachinery.com\/wp-content\/uploads\/2025\/09\/ZL50GN\uff087\uff09_WH_800x800px-300x300.webp 300w, https:\/\/www.hcxmachinery.com\/wp-content\/uploads\/2025\/09\/ZL50GN\uff087\uff09_WH_800x800px-150x150.webp 150w, https:\/\/www.hcxmachinery.com\/wp-content\/uploads\/2025\/09\/ZL50GN\uff087\uff09_WH_800x800px-768x768.webp 768w, https:\/\/www.hcxmachinery.com\/wp-content\/uploads\/2025\/09\/ZL50GN\uff087\uff09_WH_800x800px-12x12.webp 12w, https:\/\/www.hcxmachinery.com\/wp-content\/uploads\/2025\/09\/ZL50GN\uff087\uff09_WH_800x800px-600x600.webp 600w, https:\/\/www.hcxmachinery.com\/wp-content\/uploads\/2025\/09\/ZL50GN\uff087\uff09_WH_800x800px-100x100.webp 100w, https:\/\/www.hcxmachinery.com\/wp-content\/uploads\/2025\/09\/ZL50GN\uff087\uff09_WH_800x800px.webp 800w\" sizes=\"(max-width: 300px) 100vw, 300px\" \/> <img decoding=\"async\" class=\"alignnone size-medium wp-image-3152\" src=\"https:\/\/www.hcxmachinery.com\/wp-content\/uploads\/2025\/09\/ZL50GN\uff086\uff09_WH_800x800px-300x300.webp\" alt=\"\" width=\"300\" height=\"300\" title=\"\" srcset=\"https:\/\/www.hcxmachinery.com\/wp-content\/uploads\/2025\/09\/ZL50GN\uff086\uff09_WH_800x800px-300x300.webp 300w, https:\/\/www.hcxmachinery.com\/wp-content\/uploads\/2025\/09\/ZL50GN\uff086\uff09_WH_800x800px-150x150.webp 150w, https:\/\/www.hcxmachinery.com\/wp-content\/uploads\/2025\/09\/ZL50GN\uff086\uff09_WH_800x800px-768x768.webp 768w, https:\/\/www.hcxmachinery.com\/wp-content\/uploads\/2025\/09\/ZL50GN\uff086\uff09_WH_800x800px-12x12.webp 12w, https:\/\/www.hcxmachinery.com\/wp-content\/uploads\/2025\/09\/ZL50GN\uff086\uff09_WH_800x800px-600x600.webp 600w, https:\/\/www.hcxmachinery.com\/wp-content\/uploads\/2025\/09\/ZL50GN\uff086\uff09_WH_800x800px-100x100.webp 100w, https:\/\/www.hcxmachinery.com\/wp-content\/uploads\/2025\/09\/ZL50GN\uff086\uff09_WH_800x800px.webp 800w\" sizes=\"(max-width: 300px) 100vw, 300px\" \/> <img loading=\"lazy\" decoding=\"async\" class=\"alignnone size-medium wp-image-3151\" src=\"https:\/\/www.hcxmachinery.com\/wp-content\/uploads\/2025\/09\/ZL50GN\uff085\uff09_WH_800x800px-300x300.webp\" alt=\"\" width=\"300\" height=\"300\" title=\"\" srcset=\"https:\/\/www.hcxmachinery.com\/wp-content\/uploads\/2025\/09\/ZL50GN\uff085\uff09_WH_800x800px-300x300.webp 300w, https:\/\/www.hcxmachinery.com\/wp-content\/uploads\/2025\/09\/ZL50GN\uff085\uff09_WH_800x800px-150x150.webp 150w, https:\/\/www.hcxmachinery.com\/wp-content\/uploads\/2025\/09\/ZL50GN\uff085\uff09_WH_800x800px-768x768.webp 768w, https:\/\/www.hcxmachinery.com\/wp-content\/uploads\/2025\/09\/ZL50GN\uff085\uff09_WH_800x800px-12x12.webp 12w, https:\/\/www.hcxmachinery.com\/wp-content\/uploads\/2025\/09\/ZL50GN\uff085\uff09_WH_800x800px-600x600.webp 600w, https:\/\/www.hcxmachinery.com\/wp-content\/uploads\/2025\/09\/ZL50GN\uff085\uff09_WH_800x800px-100x100.webp 100w, https:\/\/www.hcxmachinery.com\/wp-content\/uploads\/2025\/09\/ZL50GN\uff085\uff09_WH_800x800px.webp 800w\" sizes=\"(max-width: 300px) 100vw, 300px\" \/> <img loading=\"lazy\" decoding=\"async\" class=\"alignnone size-medium wp-image-3150\" src=\"https:\/\/www.hcxmachinery.com\/wp-content\/uploads\/2025\/09\/ZL50GN\uff084\uff09_WH_800x800px-300x300.webp\" alt=\"\" width=\"300\" height=\"300\" title=\"\" srcset=\"https:\/\/www.hcxmachinery.com\/wp-content\/uploads\/2025\/09\/ZL50GN\uff084\uff09_WH_800x800px-300x300.webp 300w, https:\/\/www.hcxmachinery.com\/wp-content\/uploads\/2025\/09\/ZL50GN\uff084\uff09_WH_800x800px-150x150.webp 150w, https:\/\/www.hcxmachinery.com\/wp-content\/uploads\/2025\/09\/ZL50GN\uff084\uff09_WH_800x800px-768x768.webp 768w, https:\/\/www.hcxmachinery.com\/wp-content\/uploads\/2025\/09\/ZL50GN\uff084\uff09_WH_800x800px-12x12.webp 12w, https:\/\/www.hcxmachinery.com\/wp-content\/uploads\/2025\/09\/ZL50GN\uff084\uff09_WH_800x800px-600x600.webp 600w, https:\/\/www.hcxmachinery.com\/wp-content\/uploads\/2025\/09\/ZL50GN\uff084\uff09_WH_800x800px-100x100.webp 100w, https:\/\/www.hcxmachinery.com\/wp-content\/uploads\/2025\/09\/ZL50GN\uff084\uff09_WH_800x800px.webp 800w\" sizes=\"(max-width: 300px) 100vw, 300px\" \/> <img loading=\"lazy\" decoding=\"async\" class=\"alignnone size-medium wp-image-3149\" src=\"https:\/\/www.hcxmachinery.com\/wp-content\/uploads\/2025\/09\/ZL50GN\uff083\uff09_WH_800x800px-300x300.webp\" alt=\"\" width=\"300\" height=\"300\" title=\"\" srcset=\"https:\/\/www.hcxmachinery.com\/wp-content\/uploads\/2025\/09\/ZL50GN\uff083\uff09_WH_800x800px-300x300.webp 300w, https:\/\/www.hcxmachinery.com\/wp-content\/uploads\/2025\/09\/ZL50GN\uff083\uff09_WH_800x800px-150x150.webp 150w, https:\/\/www.hcxmachinery.com\/wp-content\/uploads\/2025\/09\/ZL50GN\uff083\uff09_WH_800x800px-768x768.webp 768w, https:\/\/www.hcxmachinery.com\/wp-content\/uploads\/2025\/09\/ZL50GN\uff083\uff09_WH_800x800px-12x12.webp 12w, https:\/\/www.hcxmachinery.com\/wp-content\/uploads\/2025\/09\/ZL50GN\uff083\uff09_WH_800x800px-600x600.webp 600w, https:\/\/www.hcxmachinery.com\/wp-content\/uploads\/2025\/09\/ZL50GN\uff083\uff09_WH_800x800px-100x100.webp 100w, https:\/\/www.hcxmachinery.com\/wp-content\/uploads\/2025\/09\/ZL50GN\uff083\uff09_WH_800x800px.webp 800w\" sizes=\"(max-width: 300px) 100vw, 300px\" \/> <img loading=\"lazy\" decoding=\"async\" class=\"alignnone size-medium wp-image-3148\" src=\"https:\/\/www.hcxmachinery.com\/wp-content\/uploads\/2025\/09\/ZL50GN\uff082\uff09_WH_800x800px-300x300.webp\" alt=\"\" width=\"300\" height=\"300\" title=\"\" srcset=\"https:\/\/www.hcxmachinery.com\/wp-content\/uploads\/2025\/09\/ZL50GN\uff082\uff09_WH_800x800px-300x300.webp 300w, https:\/\/www.hcxmachinery.com\/wp-content\/uploads\/2025\/09\/ZL50GN\uff082\uff09_WH_800x800px-150x150.webp 150w, https:\/\/www.hcxmachinery.com\/wp-content\/uploads\/2025\/09\/ZL50GN\uff082\uff09_WH_800x800px-768x768.webp 768w, https:\/\/www.hcxmachinery.com\/wp-content\/uploads\/2025\/09\/ZL50GN\uff082\uff09_WH_800x800px-12x12.webp 12w, https:\/\/www.hcxmachinery.com\/wp-content\/uploads\/2025\/09\/ZL50GN\uff082\uff09_WH_800x800px-600x600.webp 600w, https:\/\/www.hcxmachinery.com\/wp-content\/uploads\/2025\/09\/ZL50GN\uff082\uff09_WH_800x800px-100x100.webp 100w, https:\/\/www.hcxmachinery.com\/wp-content\/uploads\/2025\/09\/ZL50GN\uff082\uff09_WH_800x800px.webp 800w\" sizes=\"(max-width: 300px) 100vw, 300px\" \/> <img loading=\"lazy\" decoding=\"async\" class=\"alignnone size-medium wp-image-3147\" src=\"https:\/\/www.hcxmachinery.com\/wp-content\/uploads\/2025\/09\/ZL50GN\uff081\uff09_WH_800x800px-300x300.webp\" alt=\"\" width=\"300\" height=\"300\" title=\"\" srcset=\"https:\/\/www.hcxmachinery.com\/wp-content\/uploads\/2025\/09\/ZL50GN\uff081\uff09_WH_800x800px-300x300.webp 300w, https:\/\/www.hcxmachinery.com\/wp-content\/uploads\/2025\/09\/ZL50GN\uff081\uff09_WH_800x800px-150x150.webp 150w, https:\/\/www.hcxmachinery.com\/wp-content\/uploads\/2025\/09\/ZL50GN\uff081\uff09_WH_800x800px-768x768.webp 768w, https:\/\/www.hcxmachinery.com\/wp-content\/uploads\/2025\/09\/ZL50GN\uff081\uff09_WH_800x800px-12x12.webp 12w, https:\/\/www.hcxmachinery.com\/wp-content\/uploads\/2025\/09\/ZL50GN\uff081\uff09_WH_800x800px-600x600.webp 600w, https:\/\/www.hcxmachinery.com\/wp-content\/uploads\/2025\/09\/ZL50GN\uff081\uff09_WH_800x800px-100x100.webp 100w, https:\/\/www.hcxmachinery.com\/wp-content\/uploads\/2025\/09\/ZL50GN\uff081\uff09_WH_800x800px.webp 800w\" sizes=\"(max-width: 300px) 100vw, 300px\" \/><\/p>\n<\/div>\n<\/div>","protected":false},"excerpt":{"rendered":"<p>En se concentrant sur la valeur client et en mettant l'accent sur l'exp\u00e9rience client, la chargeuse XCMG est l'\u00e9quipement de premier choix pour l'organisation de la production dans les domaines des ports, des mines, des constructions d'ing\u00e9nierie et de la logistique.<\/p>","protected":false},"featured_media":3373,"template":"","meta":{"_acf_changed":false,"site-sidebar-layout":"default","site-content-layout":"","ast-site-content-layout":"default","site-content-style":"default","site-sidebar-style":"default","ast-global-header-display":"","ast-banner-title-visibility":"","ast-main-header-display":"","ast-hfb-above-header-display":"","ast-hfb-below-header-display":"","ast-hfb-mobile-header-display":"","site-post-title":"","ast-breadcrumbs-content":"","ast-featured-img":"","footer-sml-layout":"","theme-transparent-header-meta":"default","adv-header-id-meta":"","stick-header-meta":"default","header-above-stick-meta":"","header-main-stick-meta":"","header-below-stick-meta":"","astra-migrate-meta-layouts":"set","ast-page-background-enabled":"default","ast-page-background-meta":{"desktop":{"background-color":"var(--ast-global-color-4)","background-image":"","background-repeat":"repeat","background-position":"center center","background-size":"auto","background-attachment":"scroll","background-type":"","background-media":"","overlay-type":"","overlay-color":"","overlay-opacity":"","overlay-gradient":""},"tablet":{"background-color":"","background-image":"","background-repeat":"repeat","background-position":"center center","background-size":"auto","background-attachment":"scroll","background-type":"","background-media":"","overlay-type":"","overlay-color":"","overlay-opacity":"","overlay-gradient":""},"mobile":{"background-color":"","background-image":"","background-repeat":"repeat","background-position":"center center","background-size":"auto","background-attachment":"scroll","background-type":"","background-media":"","overlay-type":"","overlay-color":"","overlay-opacity":"","overlay-gradient":""}},"ast-content-background-meta":{"desktop":{"background-color":"var(--ast-global-color-5)","background-image":"","background-repeat":"repeat","background-position":"center center","background-size":"auto","background-attachment":"scroll","background-type":"","background-media":"","overlay-type":"","overlay-color":"","overlay-opacity":"","overlay-gradient":""},"tablet":{"background-color":"var(--ast-global-color-5)","background-image":"","background-repeat":"repeat","background-position":"center center","background-size":"auto","background-attachment":"scroll","background-type":"","background-media":"","overlay-type":"","overlay-color":"","overlay-opacity":"","overlay-gradient":""},"mobile":{"background-color":"var(--ast-global-color-5)","background-image":"","background-repeat":"repeat","background-position":"center center","background-size":"auto","background-attachment":"scroll","background-type":"","background-media":"","overlay-type":"","overlay-color":"","overlay-opacity":"","overlay-gradient":""}}},"product_cat":[48],"product_tag":[],"class_list":{"0":"post-3145","1":"product","2":"type-product","3":"status-publish","4":"has-post-thumbnail","6":"product_cat-loader","7":"desktop-align-left","8":"tablet-align-left","9":"mobile-align-left","10":"ast-product-gallery-layout-horizontal-slider","11":"ast-magnify-disabled","12":"ast-product-tabs-layout-horizontal","14":"first","15":"instock","16":"shipping-taxable","17":"product-type-simple"},"acf":[],"_links":{"self":[{"href":"https:\/\/www.hcxmachinery.com\/fr\/wp-json\/wp\/v2\/product\/3145"}],"collection":[{"href":"https:\/\/www.hcxmachinery.com\/fr\/wp-json\/wp\/v2\/product"}],"about":[{"href":"https:\/\/www.hcxmachinery.com\/fr\/wp-json\/wp\/v2\/types\/product"}],"version-history":[{"count":8,"href":"https:\/\/www.hcxmachinery.com\/fr\/wp-json\/wp\/v2\/product\/3145\/revisions"}],"predecessor-version":[{"id":3449,"href":"https:\/\/www.hcxmachinery.com\/fr\/wp-json\/wp\/v2\/product\/3145\/revisions\/3449"}],"wp:featuredmedia":[{"embeddable":true,"href":"https:\/\/www.hcxmachinery.com\/fr\/wp-json\/wp\/v2\/media\/3373"}],"wp:attachment":[{"href":"https:\/\/www.hcxmachinery.com\/fr\/wp-json\/wp\/v2\/media?parent=3145"}],"wp:term":[{"taxonomy":"product_cat","embeddable":true,"href":"https:\/\/www.hcxmachinery.com\/fr\/wp-json\/wp\/v2\/product_cat?post=3145"},{"taxonomy":"product_tag","embeddable":true,"href":"https:\/\/www.hcxmachinery.com\/fr\/wp-json\/wp\/v2\/product_tag?post=3145"}],"curies":[{"name":"wp","href":"https:\/\/api.w.org\/{rel}","templated":true}]}}