{"id":312,"date":"2023-09-08T20:00:39","date_gmt":"2023-09-08T20:00:39","guid":{"rendered":"https:\/\/hcxmachinery.com\/?post_type=product&#038;p=312"},"modified":"2025-12-08T08:14:38","modified_gmt":"2025-12-08T08:14:38","slug":"xe17u","status":"publish","type":"product","link":"https:\/\/www.hcxmachinery.com\/fr\/produit\/xe17u\/","title":{"rendered":"Excavateur XCMG 75DA en bon \u00e9tat \u00e0 vendre"},"content":{"rendered":"<h2><strong>XE75DA<\/strong><\/h2>\n<p>Cette pelle hydraulique peut \u00eatre utilis\u00e9e pour creuser, charger, creuser des foss\u00e9s, \u00e9craser, forer, couper des clips, soulever et autres fonctions. Elle a jou\u00e9 un r\u00f4le de plus en plus important dans les domaines de l'hydro\u00e9lectricit\u00e9, des transports, des municipalit\u00e9s, des jardins, de la reconstruction des terres agricoles, des ol\u00e9oducs et d'autres domaines de construction et de production \u00e0 petite \u00e9chelle. Elle adopte le moteur japonais Kubota V2607 pour r\u00e9pondre \u00e0 la norme d'\u00e9missions National 3. Le moteur se caract\u00e9rise par une faible consommation d'\u00e9nergie, une r\u00e9ponse rapide, une commande pr\u00e9cise et un faible impact, et maintient une forte force d'excavation et une excellente efficacit\u00e9 de fonctionnement. En adoptant la nouvelle g\u00e9n\u00e9ration de syst\u00e8me hydraulique \u00e0 d\u00e9tection de charge, la perte de pression du syst\u00e8me est beaucoup moins importante. Avec trois parties structurelles majeures am\u00e9lior\u00e9es et optimis\u00e9es, elle est plus fiable et durable. Avec un capot arri\u00e8re et une porte lat\u00e9rale enti\u00e8rement ouverts, les points d'entretien quotidien sont \u00e0 port\u00e9e de main.<\/p>\n<h2 class=\"fe-bold mb-3\">PARAM\u00c8TRES<\/h2>\n<div>\n<table class=\"table table-bordered\">\n<tbody>\n<tr style=\"height: 24.00pt;\">\n<td class=\"et4\" style=\"height: 24.00pt; width: 399.35pt;\" colspan=\"2\" width=\"798\" height=\"48\">Mod\u00e8le de vente<\/td>\n<td class=\"et6\" style=\"width: 114.70pt;\" width=\"229\">Unit\u00e9<\/td>\n<td class=\"et7\" style=\"width: 105.90pt;\" width=\"211\">Mesures<\/td>\n<\/tr>\n<tr style=\"height: 17.50pt;\">\n<td class=\"et8\" style=\"height: 17.50pt;\" colspan=\"2\" height=\"35\">Poids en ordre de marche<\/td>\n<td class=\"et10\">Kg<\/td>\n<td class=\"et11\" style=\"width: 105.90pt;\" width=\"211\">7460<\/td>\n<\/tr>\n<tr style=\"height: 17.50pt;\">\n<td class=\"et8\" style=\"height: 17.50pt;\" colspan=\"2\" height=\"35\">Capacit\u00e9 du godet<\/td>\n<td class=\"et10\">m\u00b3<\/td>\n<td class=\"et11\" style=\"width: 105.90pt;\" width=\"211\">0.3<\/td>\n<\/tr>\n<tr style=\"height: 17.50pt;\">\n<td class=\"et12\" style=\"height: 175.00pt; width: 154.10pt;\" rowspan=\"10\" width=\"308\" height=\"350\">Moteur<\/td>\n<td class=\"et13\">Mod\u00e8le<\/td>\n<td class=\"et10\">\/<\/td>\n<td class=\"et14\" style=\"width: 105.90pt;\" width=\"211\">V2607-DI-TE3B<\/td>\n<\/tr>\n<tr style=\"height: 17.50pt;\">\n<td class=\"et13\">Injection directe<\/td>\n<td class=\"et10\">\/<\/td>\n<td class=\"et11\" style=\"width: 105.90pt;\" width=\"211\">\u221a<\/td>\n<\/tr>\n<tr style=\"height: 17.50pt;\">\n<td class=\"et13\">Quatre coups<\/td>\n<td class=\"et10\">\/<\/td>\n<td class=\"et11\" style=\"width: 105.90pt;\" width=\"211\">\u221a<\/td>\n<\/tr>\n<tr style=\"height: 17.50pt;\">\n<td class=\"et13\">Refroidissement par eau<\/td>\n<td class=\"et10\">\/<\/td>\n<td class=\"et11\" style=\"width: 105.90pt;\" width=\"211\">\u221a<\/td>\n<\/tr>\n<tr style=\"height: 17.50pt;\">\n<td class=\"et13\">Turbocompresseur<\/td>\n<td class=\"et10\">\/<\/td>\n<td class=\"et11\" style=\"width: 105.90pt;\" width=\"211\">\u221a<\/td>\n<\/tr>\n<tr style=\"height: 17.50pt;\">\n<td class=\"et13\">Refroidissement par air<\/td>\n<td class=\"et10\">\/<\/td>\n<td class=\"et11\" style=\"width: 105.90pt;\" width=\"211\">4<\/td>\n<\/tr>\n<tr style=\"height: 17.50pt;\">\n<td class=\"et13\">Nombre de cylindres<\/td>\n<td class=\"et10\">\/<\/td>\n<td class=\"et14\" style=\"width: 105.90pt;\" width=\"211\">42.4\/2000<\/td>\n<\/tr>\n<tr style=\"height: 17.50pt;\">\n<td class=\"et13\">Puissance de sortie<\/td>\n<td class=\"et10\">kw\/tr\/min<\/td>\n<td class=\"et11\" style=\"width: 105.90pt;\" width=\"211\">222.5\/1600<\/td>\n<\/tr>\n<tr style=\"height: 17.50pt;\">\n<td class=\"et13\">Couple\/vitesse maximal(e)<\/td>\n<td class=\"et10\">N.m\/rpm<\/td>\n<td class=\"et11\" style=\"width: 105.90pt;\" width=\"211\">2.615<\/td>\n<\/tr>\n<tr style=\"height: 17.50pt;\">\n<td class=\"et13\">D\u00e9placement<\/td>\n<td class=\"et10\">L<\/td>\n<td class=\"et11\" style=\"width: 105.90pt;\" width=\"211\">5.4\/2.9<\/td>\n<\/tr>\n<tr style=\"height: 17.50pt;\">\n<td class=\"et12\" style=\"height: 122.50pt; width: 154.10pt;\" rowspan=\"7\" width=\"308\" height=\"245\">Principales performances<\/td>\n<td class=\"et13\">Vitesse de d\u00e9placement<\/td>\n<td class=\"et10\">km\/h<\/td>\n<td class=\"et11\" style=\"width: 105.90pt;\" width=\"211\">10<\/td>\n<\/tr>\n<tr style=\"height: 17.50pt;\">\n<td class=\"et13\">Vitesse d'oscillation<\/td>\n<td class=\"et10\">r\/min<\/td>\n<td class=\"et11\" style=\"width: 105.90pt;\" width=\"211\">35<\/td>\n<\/tr>\n<tr style=\"height: 17.50pt;\">\n<td class=\"et13\">Aptitude au classement<\/td>\n<td class=\"et10\">\u00b0<\/td>\n<td class=\"et11\" style=\"width: 105.90pt;\" width=\"211\">33.5<\/td>\n<\/tr>\n<tr style=\"height: 17.50pt;\">\n<td class=\"et13\">Pression au sol<\/td>\n<td class=\"et10\">kPa<\/td>\n<td class=\"et11\" style=\"width: 105.90pt;\" width=\"211\">57<\/td>\n<\/tr>\n<tr style=\"height: 17.50pt;\">\n<td class=\"et13\">Force de creusement du godet<\/td>\n<td class=\"et10\">kN<\/td>\n<td class=\"et14\" style=\"width: 105.90pt;\" width=\"211\">38<\/td>\n<\/tr>\n<tr style=\"height: 17.50pt;\">\n<td class=\"et15\" style=\"width: 245.25pt;\" width=\"490\">Force de creusement du bras<\/td>\n<td class=\"et10\">kN<\/td>\n<td class=\"et11\" style=\"width: 105.90pt;\" width=\"211\">68.3<\/td>\n<\/tr>\n<tr style=\"height: 17.50pt;\">\n<td class=\"et15\" style=\"width: 245.25pt;\" width=\"490\">Force de traction maximale<\/td>\n<td class=\"et10\">kN<\/td>\n<td class=\"et11\" style=\"width: 105.90pt;\" width=\"211\">160<\/td>\n<\/tr>\n<tr style=\"height: 28.50pt;\">\n<td class=\"et12\" style=\"height: 118.00pt; width: 154.10pt;\" rowspan=\"6\" width=\"308\" height=\"236\">Syst\u00e8me hydraulique<\/td>\n<td class=\"et13\">D\u00e9bit nominal de la pompe principale<\/td>\n<td class=\"et10\">\/<\/td>\n<td class=\"et14\" style=\"width: 105.90pt;\" width=\"211\">28<\/td>\n<\/tr>\n<tr style=\"height: 19.50pt;\">\n<td class=\"et13\">D\u00e9bit nominal de la pompe principale<\/td>\n<td class=\"et10\">L\/min<\/td>\n<td class=\"et14\" style=\"width: 105.90pt;\" width=\"211\">27.4<\/td>\n<\/tr>\n<tr style=\"height: 17.50pt;\">\n<td class=\"et13\">Pression de la soupape de s\u00e9curit\u00e9 principale<\/td>\n<td class=\"et10\">MPa<\/td>\n<td class=\"et14\" style=\"width: 105.90pt;\" width=\"211\">18.6<\/td>\n<\/tr>\n<tr style=\"height: 17.50pt;\">\n<td class=\"et13\">Pression du syst\u00e8me de d\u00e9placement<\/td>\n<td class=\"et10\">MPa<\/td>\n<td class=\"et14\" style=\"width: 105.90pt;\" width=\"211\">3.5<\/td>\n<\/tr>\n<tr style=\"height: 17.50pt;\">\n<td class=\"et13\">Pression du syst\u00e8me de balancier<\/td>\n<td class=\"et10\">MPa<\/td>\n<td class=\"et11\" style=\"width: 105.90pt;\" width=\"211\">130<\/td>\n<\/tr>\n<tr style=\"height: 17.50pt;\">\n<td class=\"et13\">Pression du syst\u00e8me pilote<\/td>\n<td class=\"et10\">MPa<\/td>\n<td class=\"et14\" style=\"width: 105.90pt;\" width=\"211\">76<\/td>\n<\/tr>\n<tr style=\"height: 17.50pt;\">\n<td class=\"et12\" style=\"height: 52.50pt; width: 154.10pt;\" rowspan=\"3\" width=\"308\" height=\"105\">Capacit\u00e9 d'huile<\/td>\n<td class=\"et13\">Capacit\u00e9 du r\u00e9servoir de carburant<\/td>\n<td class=\"et10\">L<\/td>\n<td class=\"et11\" style=\"width: 105.90pt;\" width=\"211\">10<\/td>\n<\/tr>\n<tr style=\"height: 17.50pt;\">\n<td class=\"et13\">Capacit\u00e9 du r\u00e9servoir hydraulique<\/td>\n<td class=\"et10\">L<\/td>\n<td class=\"et11\" style=\"width: 105.90pt;\" width=\"211\">6150<\/td>\n<\/tr>\n<tr style=\"height: 17.50pt;\">\n<td class=\"et13\">Capacit\u00e9 d'huile moteur<\/td>\n<td class=\"et10\">L<\/td>\n<td class=\"et11\" style=\"width: 105.90pt;\" width=\"211\">2230<\/td>\n<\/tr>\n<tr style=\"height: 17.50pt;\">\n<td class=\"et12\" style=\"height: 229.50pt; width: 154.10pt;\" rowspan=\"13\" width=\"308\" height=\"459\">Taille de l'apparence<\/td>\n<td class=\"et13\">A Longueur totale<\/td>\n<td class=\"et10\">mm<\/td>\n<td class=\"et11\" style=\"width: 105.90pt;\" width=\"211\">2685<\/td>\n<\/tr>\n<tr style=\"height: 17.50pt;\">\n<td class=\"et13\">B Largeur totale<\/td>\n<td class=\"et10\">mm<\/td>\n<td class=\"et11\" style=\"width: 105.90pt;\" width=\"211\">2070<\/td>\n<\/tr>\n<tr style=\"height: 19.50pt;\">\n<td class=\"et13\">C Hauteur totale<\/td>\n<td class=\"et10\">mm<\/td>\n<td class=\"et11\" style=\"width: 105.90pt;\" width=\"211\">2200<\/td>\n<\/tr>\n<tr style=\"height: 17.50pt;\">\n<td class=\"et13\">D Largeur de la plate-forme<\/td>\n<td class=\"et10\">mm<\/td>\n<td class=\"et11\" style=\"width: 105.90pt;\" width=\"211\">450<\/td>\n<\/tr>\n<tr style=\"height: 17.50pt;\">\n<td class=\"et13\">E Longueur de la voie<\/td>\n<td class=\"et10\">mm<\/td>\n<td class=\"et11\" style=\"width: 105.90pt;\" width=\"211\">2195<\/td>\n<\/tr>\n<tr style=\"height: 17.50pt;\">\n<td class=\"et13\">F Largeur totale du ch\u00e2ssis<\/td>\n<td class=\"et10\">mm<\/td>\n<td class=\"et11\" style=\"width: 105.90pt;\" width=\"211\">1750<\/td>\n<\/tr>\n<tr style=\"height: 17.50pt;\">\n<td class=\"et13\">G Largeur de la voie<\/td>\n<td class=\"et10\">mm<\/td>\n<td class=\"et11\" style=\"width: 105.90pt;\" width=\"211\">815<\/td>\n<\/tr>\n<tr style=\"height: 17.50pt;\">\n<td class=\"et13\">H Longueur au centre des rouleaux<\/td>\n<td class=\"et10\">mm<\/td>\n<td class=\"et11\" style=\"width: 105.90pt;\" width=\"211\">380<\/td>\n<\/tr>\n<tr style=\"height: 17.50pt;\">\n<td class=\"et13\">I Voie de circulation<\/td>\n<td class=\"et10\">mm<\/td>\n<td class=\"et11\" style=\"width: 105.90pt;\" width=\"211\">2200\/396<\/td>\n<\/tr>\n<tr style=\"height: 17.50pt;\">\n<td class=\"et13\">J D\u00e9gagement du contrepoids<\/td>\n<td class=\"et10\">mm<\/td>\n<td class=\"et11\" style=\"width: 105.90pt;\" width=\"211\">7085<\/td>\n<\/tr>\n<tr style=\"height: 17.50pt;\">\n<td class=\"et13\">K Garde au sol minimale<\/td>\n<td class=\"et10\">mm<\/td>\n<td class=\"et11\" style=\"width: 105.90pt;\" width=\"211\">5160<\/td>\n<\/tr>\n<tr style=\"height: 17.50pt;\">\n<td class=\"et13\">L Rayon de pivotement min. de la queue<\/td>\n<td class=\"et10\">mm<\/td>\n<td class=\"et11\" style=\"width: 105.90pt;\" width=\"211\">4020<\/td>\n<\/tr>\n<tr style=\"height: 17.50pt;\">\n<td class=\"et13\">M Hauteur de la voie<\/td>\n<td class=\"et10\">mm<\/td>\n<td class=\"et11\" style=\"width: 105.90pt;\" width=\"211\">2920<\/td>\n<\/tr>\n<tr style=\"height: 17.50pt;\">\n<td class=\"et12\" style=\"height: 133.00pt; width: 154.10pt;\" rowspan=\"7\" width=\"308\" height=\"266\">Champ d'application<\/td>\n<td class=\"et13\">A Hauteur de creusement max.<\/td>\n<td class=\"et10\">mm<\/td>\n<td class=\"et11\" style=\"width: 105.90pt;\" width=\"211\">6260<\/td>\n<\/tr>\n<tr style=\"height: 17.50pt;\">\n<td class=\"et13\">B Hauteur de d\u00e9versement max.<\/td>\n<td class=\"et10\">mm<\/td>\n<td class=\"et11\" style=\"width: 105.90pt;\" width=\"211\">1818<\/td>\n<\/tr>\n<tr style=\"height: 17.50pt;\">\n<td class=\"et13\">C Profondeur de fouille maximale<\/td>\n<td class=\"et10\">mm<\/td>\n<td class=\"et11\" style=\"width: 105.90pt;\" width=\"211\">1800<\/td>\n<\/tr>\n<tr style=\"height: 28.00pt;\">\n<td class=\"et16\" style=\"width: 245.25pt;\" width=\"490\">D Profondeur de coupe maximale pour un fond plat de 2240 mm (8 ft)<\/td>\n<td class=\"et10\">mm<\/td>\n<td class=\"et11\" style=\"width: 105.90pt;\" width=\"211\">363<\/td>\n<\/tr>\n<tr style=\"height: 17.50pt;\">\n<td class=\"et13\">E Profondeur maximale de creusement des parois verticales<\/td>\n<td class=\"et10\">mm<\/td>\n<td class=\"et11\" style=\"width: 105.90pt;\" width=\"211\">346<\/td>\n<\/tr>\n<tr style=\"height: 17.50pt;\">\n<td class=\"et15\" style=\"width: 245.25pt;\" width=\"490\">Rayon de creusement max.<\/td>\n<td class=\"et10\">mm<\/td>\n<td class=\"et11\" style=\"width: 105.90pt;\" width=\"211\">3720<\/td>\n<\/tr>\n<tr style=\"height: 17.50pt;\">\n<td class=\"et15\" style=\"width: 245.25pt;\" width=\"490\">Rayon de pivotement min.<\/td>\n<td class=\"et10\">mm<\/td>\n<td class=\"et11\" style=\"width: 105.90pt;\" width=\"211\">1622<\/td>\n<\/tr>\n<tr style=\"height: 17.50pt;\">\n<td class=\"et12\" style=\"height: 63.00pt; width: 154.10pt;\" rowspan=\"3\" width=\"308\" height=\"126\">Configuration standard<\/td>\n<td class=\"et15\" style=\"width: 245.25pt;\" width=\"490\">Longueur de la fl\u00e8che<\/td>\n<td class=\"et11\" style=\"width: 114.70pt;\" width=\"229\">mm<\/td>\n<td class=\"et11\" style=\"width: 105.90pt;\" width=\"211\">0.3<\/td>\n<\/tr>\n<tr style=\"height: 28.00pt;\">\n<td class=\"et15\" style=\"width: 245.25pt;\" width=\"490\">Longueur du bras<\/td>\n<td class=\"et11\" style=\"width: 114.70pt;\" width=\"229\">mm<\/td>\n<td class=\"et11\" style=\"width: 105.90pt;\" width=\"211\">0.18<br \/>\nSeau \u00e9troit<\/td>\n<\/tr>\n<tr style=\"height: 17.50pt;\">\n<td class=\"et15\" style=\"width: 245.25pt;\" width=\"490\">Capacit\u00e9 du godet<\/td>\n<td class=\"et11\" style=\"width: 114.70pt;\" width=\"229\">m\u00b3<\/td>\n<td class=\"et11\" style=\"width: 105.90pt;\" width=\"211\">\/<\/td>\n<\/tr>\n<tr style=\"height: 56.00pt;\">\n<td class=\"et12\" style=\"height: 145.50pt; width: 154.10pt;\" rowspan=\"3\" width=\"308\" height=\"291\">Configuration optionnelle<\/td>\n<td class=\"et15\" style=\"width: 245.25pt;\" width=\"490\">Longueur de la fl\u00e8che<\/td>\n<td class=\"et11\" style=\"width: 114.70pt;\" width=\"229\">m\u00b3<\/td>\n<td class=\"et11\" style=\"width: 105.90pt;\" width=\"211\">Marteau de rupture,<br \/>\nAccouplement rapide m\u00e9canique, patin en caoutchouc<\/td>\n<\/tr>\n<tr style=\"height: 17.50pt;\">\n<td class=\"et15\" style=\"width: 245.25pt;\" width=\"490\">Longueur du bras<\/td>\n<td class=\"et11\" style=\"width: 114.70pt;\" width=\"229\">m\u00b3<\/td>\n<td class=\"et17\">\/<\/td>\n<\/tr>\n<tr style=\"height: 72.00pt;\">\n<td class=\"et15\" style=\"width: 245.25pt;\" width=\"490\">Capacit\u00e9 du godet<\/td>\n<td class=\"et11\" style=\"width: 114.70pt;\" width=\"229\">m\u00b3<\/td>\n<td class=\"et17\">\/<\/td>\n<\/tr>\n<\/tbody>\n<\/table>\n<\/div>","protected":false},"excerpt":{"rendered":"<p>XE75DA This hydraulic excavator can be used for digging, loading, ditching, crushing, drilling, clip cutting, lifting and other functions, which [&hellip;]<\/p>","protected":false},"featured_media":2251,"template":"","meta":{"_acf_changed":false,"site-sidebar-layout":"default","site-content-layout":"","ast-site-content-layout":"default","site-content-style":"default","site-sidebar-style":"default","ast-global-header-display":"","ast-banner-title-visibility":"","ast-main-header-display":"","ast-hfb-above-header-display":"","ast-hfb-below-header-display":"","ast-hfb-mobile-header-display":"","site-post-title":"","ast-breadcrumbs-content":"","ast-featured-img":"","footer-sml-layout":"","theme-transparent-header-meta":"default","adv-header-id-meta":"","stick-header-meta":"default","header-above-stick-meta":"","header-main-stick-meta":"","header-below-stick-meta":"","astra-migrate-meta-layouts":"set","ast-page-background-enabled":"default","ast-page-background-meta":{"desktop":{"background-color":"var(--ast-global-color-4)","background-image":"","background-repeat":"repeat","background-position":"center center","background-size":"auto","background-attachment":"scroll","background-type":"","background-media":"","overlay-type":"","overlay-color":"","overlay-opacity":"","overlay-gradient":""},"tablet":{"background-color":"","background-image":"","background-repeat":"repeat","background-position":"center center","background-size":"auto","background-attachment":"scroll","background-type":"","background-media":"","overlay-type":"","overlay-color":"","overlay-opacity":"","overlay-gradient":""},"mobile":{"background-color":"","background-image":"","background-repeat":"repeat","background-position":"center center","background-size":"auto","background-attachment":"scroll","background-type":"","background-media":"","overlay-type":"","overlay-color":"","overlay-opacity":"","overlay-gradient":""}},"ast-content-background-meta":{"desktop":{"background-color":"var(--ast-global-color-5)","background-image":"","background-repeat":"repeat","background-position":"center center","background-size":"auto","background-attachment":"scroll","background-type":"","background-media":"","overlay-type":"","overlay-color":"","overlay-opacity":"","overlay-gradient":""},"tablet":{"background-color":"var(--ast-global-color-5)","background-image":"","background-repeat":"repeat","background-position":"center center","background-size":"auto","background-attachment":"scroll","background-type":"","background-media":"","overlay-type":"","overlay-color":"","overlay-opacity":"","overlay-gradient":""},"mobile":{"background-color":"var(--ast-global-color-5)","background-image":"","background-repeat":"repeat","background-position":"center center","background-size":"auto","background-attachment":"scroll","background-type":"","background-media":"","overlay-type":"","overlay-color":"","overlay-opacity":"","overlay-gradient":""}}},"product_cat":[19,35],"product_tag":[],"class_list":{"0":"post-312","1":"product","2":"type-product","3":"status-publish","4":"has-post-thumbnail","6":"product_cat-excavator","7":"product_cat-small-excavator","8":"desktop-align-left","9":"tablet-align-left","10":"mobile-align-left","11":"ast-product-gallery-layout-horizontal-slider","12":"ast-magnify-disabled","13":"ast-product-tabs-layout-horizontal","15":"first","16":"instock","17":"shipping-taxable","18":"product-type-simple"},"acf":[],"_links":{"self":[{"href":"https:\/\/www.hcxmachinery.com\/fr\/wp-json\/wp\/v2\/product\/312"}],"collection":[{"href":"https:\/\/www.hcxmachinery.com\/fr\/wp-json\/wp\/v2\/product"}],"about":[{"href":"https:\/\/www.hcxmachinery.com\/fr\/wp-json\/wp\/v2\/types\/product"}],"version-history":[{"count":27,"href":"https:\/\/www.hcxmachinery.com\/fr\/wp-json\/wp\/v2\/product\/312\/revisions"}],"predecessor-version":[{"id":3334,"href":"https:\/\/www.hcxmachinery.com\/fr\/wp-json\/wp\/v2\/product\/312\/revisions\/3334"}],"wp:featuredmedia":[{"embeddable":true,"href":"https:\/\/www.hcxmachinery.com\/fr\/wp-json\/wp\/v2\/media\/2251"}],"wp:attachment":[{"href":"https:\/\/www.hcxmachinery.com\/fr\/wp-json\/wp\/v2\/media?parent=312"}],"wp:term":[{"taxonomy":"product_cat","embeddable":true,"href":"https:\/\/www.hcxmachinery.com\/fr\/wp-json\/wp\/v2\/product_cat?post=312"},{"taxonomy":"product_tag","embeddable":true,"href":"https:\/\/www.hcxmachinery.com\/fr\/wp-json\/wp\/v2\/product_tag?post=312"}],"curies":[{"name":"wp","href":"https:\/\/api.w.org\/{rel}","templated":true}]}}