{"id":2740,"date":"2025-05-22T08:58:03","date_gmt":"2025-05-22T08:58:03","guid":{"rendered":"https:\/\/www.hcxmachinery.com\/?post_type=product&#038;p=2740"},"modified":"2025-12-30T02:55:38","modified_gmt":"2025-12-30T02:55:38","slug":"excavateur-de-bonne-qualite-xe335gk-pour-la-vente","status":"publish","type":"product","link":"https:\/\/www.hcxmachinery.com\/fr\/produit\/excavateur-de-bonne-qualite-xe335gk-pour-la-vente\/","title":{"rendered":"Pelle d'occasion de bonne qualit\u00e9 XE335GK \u00e0 vendre"},"content":{"rendered":"<h1>XE335GK<\/h1>\n<p>L'excavateur hydraulique est \u00e9quip\u00e9 d'un moteur \u00e0 basse vitesse et \u00e0 couple \u00e9lev\u00e9, avec un rendement \u00e9lev\u00e9 et une faible consommation de carburant. Le grand ch\u00e2ssis et le tampon pilote sont plus stables et plus confortables \u00e0 utiliser ; les pi\u00e8ces d'entretien sont d\u00e9plac\u00e9es vers l'ext\u00e9rieur, la p\u00e9riode d'entretien est prolong\u00e9e, l'entretien est plus pratique ; une vari\u00e9t\u00e9 d'accessoires en option, ainsi que des fonctions de contr\u00f4le adaptatif de l'altitude, l'adaptabilit\u00e9 \u00e0 l'environnement est meilleure. Elle peut \u00eatre largement utilis\u00e9e dans les travaux de terre et de pierre de petite et moyenne taille, la construction d'autoroutes et de ponts, le creusement de tranch\u00e9es et la construction, la conservation de l'eau des terres agricoles, le dragage des rivi\u00e8res et la construction municipale. Elle peut \u00e9galement r\u00e9aliser diff\u00e9rentes op\u00e9rations telles que le creusement, le concassage et le d\u00e9mant\u00e8lement, et s'adapte parfaitement aux conditions de travail.<\/p>\n<h1>PARAM\u00c8TRES<\/h1>\n<table>\n<tbody>\n<tr>\n<td width=\"0\"><\/td>\n<td colspan=\"2\" width=\"379\">\u00a0Mod\u00e8le<\/td>\n<td width=\"56\">Unit\u00e9<\/td>\n<td width=\"122\"><strong><b>XE<\/b><\/strong><strong><b>335GK<\/b><\/strong><\/td>\n<td width=\"0\"><\/td>\n<\/tr>\n<tr>\n<td width=\"0\"><\/td>\n<td colspan=\"2\" width=\"379\">Poids en ordre de marche<\/td>\n<td width=\"56\">Kg<\/td>\n<td width=\"122\">33500<\/td>\n<td width=\"0\"><\/td>\n<\/tr>\n<tr>\n<td width=\"0\"><\/td>\n<td colspan=\"2\" width=\"379\">Capacit\u00e9 du godet<\/td>\n<td width=\"56\">m\u00b3<\/td>\n<td width=\"122\">1.6<\/td>\n<td width=\"0\"><\/td>\n<\/tr>\n<tr>\n<td colspan=\"2\" width=\"98\">\u00a0Moteur<\/td>\n<td width=\"281\">Mod\u00e8le<\/td>\n<td width=\"56\">\/<\/td>\n<td colspan=\"2\" width=\"123\">Cummins L9<\/td>\n<\/tr>\n<tr>\n<td colspan=\"2\" width=\"98\"><\/td>\n<td width=\"281\">Injection \u00e9lectrique<\/td>\n<td width=\"56\">\/<\/td>\n<td colspan=\"2\" width=\"123\">\u221a<\/td>\n<\/tr>\n<tr>\n<td colspan=\"2\" width=\"98\"><\/td>\n<td width=\"281\">Quatre coups<\/td>\n<td width=\"56\">\/<\/td>\n<td colspan=\"2\" width=\"123\">\u221a<\/td>\n<\/tr>\n<tr>\n<td colspan=\"2\" width=\"98\"><\/td>\n<td width=\"281\">\u00a0Refroidissement par eau<\/td>\n<td width=\"56\">\/<\/td>\n<td colspan=\"2\" width=\"123\">\u221a<\/td>\n<\/tr>\n<tr>\n<td colspan=\"2\" width=\"98\"><\/td>\n<td width=\"281\">Turbocompresseur<\/td>\n<td width=\"56\">\/<\/td>\n<td colspan=\"2\" width=\"123\">\u221a<\/td>\n<\/tr>\n<tr>\n<td colspan=\"2\" width=\"98\"><\/td>\n<td width=\"281\">Refroidisseur air-air<\/td>\n<td width=\"56\">\/<\/td>\n<td colspan=\"2\" width=\"123\">\u221a<\/td>\n<\/tr>\n<tr>\n<td colspan=\"2\" width=\"98\"><\/td>\n<td width=\"281\">\u00a0Nombre de cylindres<\/td>\n<td width=\"56\">\/<\/td>\n<td colspan=\"2\" width=\"123\">6<\/td>\n<\/tr>\n<tr>\n<td colspan=\"2\" width=\"98\"><\/td>\n<td width=\"281\">\u00a0Puissance\/vitesse nominale\uff08ISO\uff09<\/td>\n<td width=\"56\">kw\/tr\/min<\/td>\n<td colspan=\"2\" width=\"123\">219\/1900<\/td>\n<\/tr>\n<tr>\n<td colspan=\"2\" width=\"98\"><\/td>\n<td width=\"281\">\u00a0Couple\/vitesse maximal(e)<\/td>\n<td width=\"56\">N.m<\/td>\n<td colspan=\"2\" width=\"123\">1388\/1100<\/td>\n<\/tr>\n<tr>\n<td colspan=\"2\" width=\"98\"><\/td>\n<td width=\"281\">\u00a0D\u00e9placement<\/td>\n<td width=\"56\">L<\/td>\n<td colspan=\"2\" width=\"123\">8.9<\/td>\n<\/tr>\n<tr>\n<td colspan=\"2\" width=\"98\">Principales performances<\/td>\n<td width=\"281\">Vitesse de d\u00e9placement\uff08H\/L)<\/td>\n<td width=\"56\">km\/h<\/td>\n<td colspan=\"2\" width=\"123\">5.5\/3.3<\/td>\n<\/tr>\n<tr>\n<td colspan=\"2\" width=\"98\"><\/td>\n<td width=\"281\">\u00a0Vitesse d'oscillation<\/td>\n<td width=\"56\">r\/min<\/td>\n<td colspan=\"2\" width=\"123\">10.5<\/td>\n<\/tr>\n<tr>\n<td colspan=\"2\" width=\"98\"><\/td>\n<td width=\"281\">Aptitude au classement<\/td>\n<td width=\"56\">\u00b0<\/td>\n<td colspan=\"2\" width=\"123\">\u226435<\/td>\n<\/tr>\n<tr>\n<td colspan=\"2\" width=\"98\"><\/td>\n<td width=\"281\">Pression au sol<\/td>\n<td width=\"56\">kPa<\/td>\n<td colspan=\"2\" width=\"123\">59.5<\/td>\n<\/tr>\n<tr>\n<td colspan=\"2\" width=\"98\"><\/td>\n<td width=\"281\">Force de creusement du godet<\/td>\n<td width=\"56\">kN<\/td>\n<td colspan=\"2\" width=\"123\">206<\/td>\n<\/tr>\n<tr>\n<td colspan=\"2\" width=\"98\"><\/td>\n<td width=\"281\">Force de creusement du bras<\/td>\n<td width=\"56\">kN<\/td>\n<td colspan=\"2\" width=\"123\">160<\/td>\n<\/tr>\n<tr>\n<td colspan=\"2\" width=\"98\"><\/td>\n<td width=\"281\">\u00a0Force de traction maximale<\/td>\n<td width=\"56\">kN<\/td>\n<td colspan=\"2\" width=\"123\">257<\/td>\n<\/tr>\n<tr>\n<td colspan=\"2\" width=\"98\">Syst\u00e8me hydraulique<\/td>\n<td width=\"281\">Pompe principale<\/td>\n<td width=\"56\">\/<\/td>\n<td colspan=\"2\" width=\"123\">&nbsp;<\/p>\n<p>Deux pompes \u00e0 piston<\/td>\n<\/tr>\n<tr>\n<td colspan=\"2\" width=\"98\"><\/td>\n<td width=\"281\">D\u00e9bit nominal de la pompe principale<\/td>\n<td width=\"56\">L\/min<\/td>\n<td colspan=\"2\" width=\"123\">2\u00d7306<\/td>\n<\/tr>\n<tr>\n<td colspan=\"2\" width=\"98\"><\/td>\n<td width=\"281\">Pression de la soupape de s\u00e9curit\u00e9 principale<\/td>\n<td width=\"56\">MPa<\/td>\n<td colspan=\"2\" width=\"123\">34.3\/37<\/td>\n<\/tr>\n<tr>\n<td colspan=\"2\" width=\"98\"><\/td>\n<td width=\"281\">Pression du syst\u00e8me de d\u00e9placement<\/td>\n<td width=\"56\">MPa<\/td>\n<td colspan=\"2\" width=\"123\">34.3<\/td>\n<\/tr>\n<tr>\n<td colspan=\"2\" width=\"98\"><\/td>\n<td width=\"281\">Pression du syst\u00e8me de balancier<\/td>\n<td width=\"56\">MPa<\/td>\n<td colspan=\"2\" width=\"123\">30<\/td>\n<\/tr>\n<tr>\n<td colspan=\"2\" width=\"98\"><\/td>\n<td width=\"281\">Pression du syst\u00e8me pilote<\/td>\n<td width=\"56\">MPa<\/td>\n<td colspan=\"2\" width=\"123\">3.9<\/td>\n<\/tr>\n<tr>\n<td colspan=\"2\" width=\"98\">Capacit\u00e9 d'huile<\/td>\n<td width=\"281\">Capacit\u00e9 du r\u00e9servoir de carburant<\/td>\n<td width=\"56\">L<\/td>\n<td colspan=\"2\" width=\"123\">536<\/td>\n<\/tr>\n<tr>\n<td colspan=\"2\" width=\"98\"><\/td>\n<td width=\"281\">Capacit\u00e9 du r\u00e9servoir hydraulique<\/td>\n<td width=\"56\">L<\/td>\n<td colspan=\"2\" width=\"123\">320<\/td>\n<\/tr>\n<tr>\n<td colspan=\"2\" width=\"98\"><\/td>\n<td width=\"281\">Capacit\u00e9 d'huile moteur<\/td>\n<td width=\"56\">L<\/td>\n<td colspan=\"2\" width=\"123\">38<\/td>\n<\/tr>\n<tr>\n<td colspan=\"2\" width=\"98\">Taille de l'apparence<\/td>\n<td width=\"281\">A Longueur totale<\/td>\n<td width=\"56\">mm<\/td>\n<td colspan=\"2\" width=\"123\">10713<\/td>\n<\/tr>\n<tr>\n<td colspan=\"2\" width=\"98\"><\/td>\n<td width=\"281\">B Largeur totale<\/td>\n<td width=\"56\">mm<\/td>\n<td colspan=\"2\" width=\"123\">3190<\/td>\n<\/tr>\n<tr>\n<td colspan=\"2\" width=\"98\"><\/td>\n<td width=\"281\">C Hauteur totale<\/td>\n<td width=\"56\">mm<\/td>\n<td colspan=\"2\" width=\"123\">3634<\/td>\n<\/tr>\n<tr>\n<td colspan=\"2\" width=\"98\"><\/td>\n<td width=\"281\">D Largeur de la plate-forme<\/td>\n<td width=\"56\">mm<\/td>\n<td colspan=\"2\" width=\"123\">2970<\/td>\n<\/tr>\n<tr>\n<td colspan=\"2\" width=\"98\"><\/td>\n<td width=\"281\">E Longueur de la voie<\/td>\n<td width=\"56\">mm<\/td>\n<td colspan=\"2\" width=\"123\">4945<\/td>\n<\/tr>\n<tr>\n<td colspan=\"2\" width=\"98\"><\/td>\n<td width=\"281\">F Largeur totale du ch\u00e2ssis<\/td>\n<td width=\"56\">mm<\/td>\n<td colspan=\"2\" width=\"123\">3190<\/td>\n<\/tr>\n<tr>\n<td colspan=\"2\" width=\"98\"><\/td>\n<td width=\"281\">G Largeur des chaussures de piste<\/td>\n<td width=\"56\">mm<\/td>\n<td colspan=\"2\" width=\"123\">600<\/td>\n<\/tr>\n<tr>\n<td colspan=\"2\" width=\"98\"><\/td>\n<td width=\"281\">H Empattement de la chenille<\/td>\n<td width=\"56\">mm<\/td>\n<td colspan=\"2\" width=\"123\">4028<\/td>\n<\/tr>\n<tr>\n<td colspan=\"2\" width=\"98\"><\/td>\n<td width=\"281\">I Voie de circulation<\/td>\n<td width=\"56\">mm<\/td>\n<td colspan=\"2\" width=\"123\">2590<\/td>\n<\/tr>\n<tr>\n<td colspan=\"2\" width=\"98\"><\/td>\n<td width=\"281\">J D\u00e9gagement du contrepoids<\/td>\n<td width=\"56\">mm<\/td>\n<td colspan=\"2\" width=\"123\">1200<\/td>\n<\/tr>\n<tr>\n<td colspan=\"2\" width=\"98\"><\/td>\n<td width=\"281\">K Garde au sol minimale<\/td>\n<td width=\"56\">mm<\/td>\n<td colspan=\"2\" width=\"123\">538<\/td>\n<\/tr>\n<tr>\n<td colspan=\"2\" width=\"98\"><\/td>\n<td width=\"281\">L Rayon de pivotement min. de la queue<\/td>\n<td width=\"56\">mm<\/td>\n<td colspan=\"2\" width=\"123\">3380<\/td>\n<\/tr>\n<tr>\n<td colspan=\"2\" width=\"98\"><\/td>\n<td width=\"281\">M Hauteur de la voie<\/td>\n<td width=\"56\">mm<\/td>\n<td colspan=\"2\" width=\"123\">1084<\/td>\n<\/tr>\n<tr>\n<td colspan=\"2\" width=\"98\">Champ d'application<\/td>\n<td width=\"281\">A Hauteur de creusement max.<\/td>\n<td width=\"56\">mm<\/td>\n<td colspan=\"2\" width=\"123\">10174<\/td>\n<\/tr>\n<tr>\n<td colspan=\"2\" width=\"98\"><\/td>\n<td width=\"281\">B Hauteur de d\u00e9versement max.<\/td>\n<td width=\"56\">mm<\/td>\n<td colspan=\"2\" width=\"123\">7065<\/td>\n<\/tr>\n<tr>\n<td colspan=\"2\" width=\"98\"><\/td>\n<td width=\"281\">C Profondeur de fouille maximale<\/td>\n<td width=\"56\">mm<\/td>\n<td colspan=\"2\" width=\"123\">6725<\/td>\n<\/tr>\n<tr>\n<td colspan=\"2\" width=\"98\"><\/td>\n<td width=\"281\">D Profondeur maximale de coupe pour un fond plat de 2240 mm (8 ft)<\/td>\n<td width=\"56\">mm<\/td>\n<td colspan=\"2\" width=\"123\">6568<\/td>\n<\/tr>\n<tr>\n<td colspan=\"2\" width=\"98\"><\/td>\n<td width=\"281\">E Rayon de creusement max.<\/td>\n<td width=\"56\">mm<\/td>\n<td colspan=\"2\" width=\"123\">10420<\/td>\n<\/tr>\n<tr>\n<td colspan=\"2\" width=\"98\"><\/td>\n<td width=\"281\">F Rayon de pivotement min.<\/td>\n<td width=\"56\">mm<\/td>\n<td colspan=\"2\" width=\"123\">3920<\/td>\n<\/tr>\n<tr>\n<td colspan=\"2\" width=\"98\">Standard<\/td>\n<td width=\"281\">Longueur de la fl\u00e8che<\/td>\n<td width=\"56\">mm<\/td>\n<td colspan=\"2\" width=\"123\">6150<\/td>\n<\/tr>\n<tr>\n<td colspan=\"2\" width=\"98\"><\/td>\n<td width=\"281\">Longueur du bras<\/td>\n<td width=\"56\">mm<\/td>\n<td colspan=\"2\" width=\"123\">2900<\/td>\n<\/tr>\n<tr>\n<td colspan=\"2\" width=\"98\"><\/td>\n<td width=\"281\">Capacit\u00e9 du godet<\/td>\n<td width=\"56\">m\u00b3<\/td>\n<td colspan=\"2\" width=\"123\">1.6-1.9<\/td>\n<\/tr>\n<tr>\n<td colspan=\"2\" width=\"98\">En option<\/td>\n<td width=\"281\">Longueur de la fl\u00e8che<\/td>\n<td width=\"56\">mm<\/td>\n<td colspan=\"2\" width=\"123\"><\/td>\n<\/tr>\n<tr>\n<td colspan=\"2\" width=\"98\"><\/td>\n<td width=\"281\">Longueur du bras<\/td>\n<td width=\"56\">mm<\/td>\n<td colspan=\"2\" width=\"123\"><\/td>\n<\/tr>\n<tr>\n<td colspan=\"2\" width=\"98\"><\/td>\n<td width=\"281\">Capacit\u00e9 du godet<\/td>\n<td width=\"56\">m\u00b3<\/td>\n<td colspan=\"2\" width=\"123\"><\/td>\n<\/tr>\n<\/tbody>\n<\/table>\n<p><img fetchpriority=\"high\" decoding=\"async\" class=\"alignnone size-medium wp-image-2744\" src=\"https:\/\/www.hcxmachinery.com\/wp-content\/uploads\/2025\/05\/XE335GK-03_\u526f\u672c_WH_800x800px-300x300.webp\" alt=\"\" width=\"300\" height=\"300\" title=\"\" srcset=\"https:\/\/www.hcxmachinery.com\/wp-content\/uploads\/2025\/05\/XE335GK-03_\u526f\u672c_WH_800x800px-300x300.webp 300w, https:\/\/www.hcxmachinery.com\/wp-content\/uploads\/2025\/05\/XE335GK-03_\u526f\u672c_WH_800x800px-150x150.webp 150w, https:\/\/www.hcxmachinery.com\/wp-content\/uploads\/2025\/05\/XE335GK-03_\u526f\u672c_WH_800x800px-768x768.webp 768w, https:\/\/www.hcxmachinery.com\/wp-content\/uploads\/2025\/05\/XE335GK-03_\u526f\u672c_WH_800x800px-600x600.webp 600w, https:\/\/www.hcxmachinery.com\/wp-content\/uploads\/2025\/05\/XE335GK-03_\u526f\u672c_WH_800x800px-100x100.webp 100w, https:\/\/www.hcxmachinery.com\/wp-content\/uploads\/2025\/05\/XE335GK-03_\u526f\u672c_WH_800x800px.webp 800w\" sizes=\"(max-width: 300px) 100vw, 300px\" \/> <img decoding=\"async\" class=\"alignnone size-medium wp-image-2743\" src=\"https:\/\/www.hcxmachinery.com\/wp-content\/uploads\/2025\/05\/XE335GK-02_WH_800x800px-300x300.webp\" alt=\"\" width=\"300\" height=\"300\" title=\"\" srcset=\"https:\/\/www.hcxmachinery.com\/wp-content\/uploads\/2025\/05\/XE335GK-02_WH_800x800px-300x300.webp 300w, https:\/\/www.hcxmachinery.com\/wp-content\/uploads\/2025\/05\/XE335GK-02_WH_800x800px-150x150.webp 150w, https:\/\/www.hcxmachinery.com\/wp-content\/uploads\/2025\/05\/XE335GK-02_WH_800x800px-768x768.webp 768w, https:\/\/www.hcxmachinery.com\/wp-content\/uploads\/2025\/05\/XE335GK-02_WH_800x800px-600x600.webp 600w, https:\/\/www.hcxmachinery.com\/wp-content\/uploads\/2025\/05\/XE335GK-02_WH_800x800px-100x100.webp 100w, https:\/\/www.hcxmachinery.com\/wp-content\/uploads\/2025\/05\/XE335GK-02_WH_800x800px.webp 800w\" sizes=\"(max-width: 300px) 100vw, 300px\" \/> <img decoding=\"async\" class=\"alignnone size-medium wp-image-2742\" src=\"https:\/\/www.hcxmachinery.com\/wp-content\/uploads\/2025\/05\/XE335GK-01_\u526f\u672c_WH_800x800px-300x300.webp\" alt=\"\" width=\"300\" height=\"300\" title=\"\"><\/p>","protected":false},"excerpt":{"rendered":"<p>XE335GK The hydraulic excavator is equipped with a low-speed high-torque engine with high efficiency and low fuelconsumption. The large undercarrige [&hellip;]<\/p>","protected":false},"featured_media":2741,"template":"","meta":{"_acf_changed":false,"site-sidebar-layout":"default","site-content-layout":"","ast-site-content-layout":"default","site-content-style":"default","site-sidebar-style":"default","ast-global-header-display":"","ast-banner-title-visibility":"","ast-main-header-display":"","ast-hfb-above-header-display":"","ast-hfb-below-header-display":"","ast-hfb-mobile-header-display":"","site-post-title":"","ast-breadcrumbs-content":"","ast-featured-img":"","footer-sml-layout":"","theme-transparent-header-meta":"default","adv-header-id-meta":"","stick-header-meta":"default","header-above-stick-meta":"","header-main-stick-meta":"","header-below-stick-meta":"","astra-migrate-meta-layouts":"set","ast-page-background-enabled":"default","ast-page-background-meta":{"desktop":{"background-color":"var(--ast-global-color-4)","background-image":"","background-repeat":"repeat","background-position":"center center","background-size":"auto","background-attachment":"scroll","background-type":"","background-media":"","overlay-type":"","overlay-color":"","overlay-opacity":"","overlay-gradient":""},"tablet":{"background-color":"","background-image":"","background-repeat":"repeat","background-position":"center center","background-size":"auto","background-attachment":"scroll","background-type":"","background-media":"","overlay-type":"","overlay-color":"","overlay-opacity":"","overlay-gradient":""},"mobile":{"background-color":"","background-image":"","background-repeat":"repeat","background-position":"center center","background-size":"auto","background-attachment":"scroll","background-type":"","background-media":"","overlay-type":"","overlay-color":"","overlay-opacity":"","overlay-gradient":""}},"ast-content-background-meta":{"desktop":{"background-color":"var(--ast-global-color-5)","background-image":"","background-repeat":"repeat","background-position":"center center","background-size":"auto","background-attachment":"scroll","background-type":"","background-media":"","overlay-type":"","overlay-color":"","overlay-opacity":"","overlay-gradient":""},"tablet":{"background-color":"var(--ast-global-color-5)","background-image":"","background-repeat":"repeat","background-position":"center center","background-size":"auto","background-attachment":"scroll","background-type":"","background-media":"","overlay-type":"","overlay-color":"","overlay-opacity":"","overlay-gradient":""},"mobile":{"background-color":"var(--ast-global-color-5)","background-image":"","background-repeat":"repeat","background-position":"center center","background-size":"auto","background-attachment":"scroll","background-type":"","background-media":"","overlay-type":"","overlay-color":"","overlay-opacity":"","overlay-gradient":""}}},"product_cat":[19,37],"product_tag":[],"class_list":{"0":"post-2740","1":"product","2":"type-product","3":"status-publish","4":"has-post-thumbnail","6":"product_cat-excavator","7":"product_cat-big-excavator","8":"desktop-align-left","9":"tablet-align-left","10":"mobile-align-left","11":"ast-product-gallery-layout-horizontal-slider","12":"ast-magnify-disabled","13":"ast-product-tabs-layout-horizontal","15":"first","16":"instock","17":"shipping-taxable","18":"product-type-simple"},"acf":[],"_links":{"self":[{"href":"https:\/\/www.hcxmachinery.com\/fr\/wp-json\/wp\/v2\/product\/2740"}],"collection":[{"href":"https:\/\/www.hcxmachinery.com\/fr\/wp-json\/wp\/v2\/product"}],"about":[{"href":"https:\/\/www.hcxmachinery.com\/fr\/wp-json\/wp\/v2\/types\/product"}],"version-history":[{"count":9,"href":"https:\/\/www.hcxmachinery.com\/fr\/wp-json\/wp\/v2\/product\/2740\/revisions"}],"predecessor-version":[{"id":3433,"href":"https:\/\/www.hcxmachinery.com\/fr\/wp-json\/wp\/v2\/product\/2740\/revisions\/3433"}],"wp:featuredmedia":[{"embeddable":true,"href":"https:\/\/www.hcxmachinery.com\/fr\/wp-json\/wp\/v2\/media\/2741"}],"wp:attachment":[{"href":"https:\/\/www.hcxmachinery.com\/fr\/wp-json\/wp\/v2\/media?parent=2740"}],"wp:term":[{"taxonomy":"product_cat","embeddable":true,"href":"https:\/\/www.hcxmachinery.com\/fr\/wp-json\/wp\/v2\/product_cat?post=2740"},{"taxonomy":"product_tag","embeddable":true,"href":"https:\/\/www.hcxmachinery.com\/fr\/wp-json\/wp\/v2\/product_tag?post=2740"}],"curies":[{"name":"wp","href":"https:\/\/api.w.org\/{rel}","templated":true}]}}