{"id":2692,"date":"2025-05-08T06:37:53","date_gmt":"2025-05-08T06:37:53","guid":{"rendered":"https:\/\/www.hcxmachinery.com\/?post_type=product&#038;p=2692"},"modified":"2025-12-30T02:59:23","modified_gmt":"2025-12-30T02:59:23","slug":"xe245gh-de-bonne-qualite-pour-la-vente","status":"publish","type":"product","link":"https:\/\/www.hcxmachinery.com\/fr\/produit\/xe245gh-de-bonne-qualite-pour-la-vente\/","title":{"rendered":"XE245GH d'occasion de bonne qualit\u00e9 \u00e0 vendre"},"content":{"rendered":"<h1>XE245GH<\/h1>\n<p>Elle est largement utilis\u00e9e dans les travaux de terrassement, la construction municipale, la construction d'autoroutes et de ponts, le creusement de foss\u00e9s, les travaux d'irrigation et de conservation de l'eau, l'exploitation de petites mines et d'autres projets. Ch\u00e2ssis renforc\u00e9, large gabarit, plus fiable et durable. Nouvelle cabine avec un fonctionnement confortable et s\u00fbr et nouvelle apparence de l'ensemble de la machine;Conception am\u00e9lior\u00e9e de la grande capacit\u00e9 du godet, nouveau type de godet optimis\u00e9, bonne adaptabilit\u00e9 \u00e0 de multiples conditions de travail, efficacit\u00e9 op\u00e9rationnelle grandement am\u00e9lior\u00e9e.Le d\u00e9veloppement ind\u00e9pendant du syst\u00e8me de contr\u00f4le intelligent, par le biais de la r\u00e9gulation automatique de la distribution du flux et du contr\u00f4le pr\u00e9cis de l'adaptation de la puissance, la mine lourdement charg\u00e9e est efficace, faible consommation.<\/p>\n<h1>PARAM\u00c8TRES<\/h1>\n<table>\n<tbody>\n<tr>\n<td width=\"0\"><\/td>\n<td colspan=\"2\" width=\"379\">\u00a0Mod\u00e8le<\/td>\n<td width=\"56\">Unit\u00e9<\/td>\n<td width=\"122\"><strong><b>XE245GH<\/b><\/strong><\/td>\n<td width=\"0\"><\/td>\n<\/tr>\n<tr>\n<td width=\"0\"><\/td>\n<td colspan=\"2\" width=\"379\">\u00a0Poids en ordre de marche<\/td>\n<td width=\"56\">Kg<\/td>\n<td width=\"122\">25800<\/td>\n<td width=\"0\"><\/td>\n<\/tr>\n<tr>\n<td width=\"0\"><\/td>\n<td colspan=\"2\" width=\"379\">Capacit\u00e9 du godet<\/td>\n<td width=\"56\">m\u00b3<\/td>\n<td width=\"122\">0.9\uff5e1.5<\/td>\n<td width=\"0\"><\/td>\n<\/tr>\n<tr>\n<td colspan=\"2\" rowspan=\"10\" width=\"98\"><\/td>\n<td width=\"281\"><\/td>\n<td width=\"56\">\/<\/td>\n<td colspan=\"2\" width=\"123\">Cummins B7<\/td>\n<\/tr>\n<tr>\n<td width=\"281\">Injection \u00e9lectrique<\/td>\n<td width=\"56\">\/<\/td>\n<td colspan=\"2\" width=\"123\">\u221a<\/td>\n<\/tr>\n<tr>\n<td width=\"281\">Quatre coups<\/td>\n<td width=\"56\">\/<\/td>\n<td colspan=\"2\" width=\"123\">\u221a<\/td>\n<\/tr>\n<tr>\n<td width=\"281\">\u00a0Refroidissement par eau<\/td>\n<td width=\"56\">\/<\/td>\n<td colspan=\"2\" width=\"123\">\u221a<\/td>\n<\/tr>\n<tr>\n<td width=\"281\">Turbocompresseur<\/td>\n<td width=\"56\">\/<\/td>\n<td colspan=\"2\" width=\"123\">\u221a<\/td>\n<\/tr>\n<tr>\n<td width=\"281\">Refroidisseur air-air<\/td>\n<td width=\"56\">\/<\/td>\n<td colspan=\"2\" width=\"123\">\u221a<\/td>\n<\/tr>\n<tr>\n<td width=\"281\">\u00a0Nombre de cylindres<\/td>\n<td width=\"56\">\/<\/td>\n<td colspan=\"2\" width=\"123\">6<\/td>\n<\/tr>\n<tr>\n<td width=\"281\">Puissance\/vitesse nominale\uff08ISO\uff09<\/td>\n<td width=\"56\">kw\/tr\/min<\/td>\n<td colspan=\"2\" width=\"123\">150\/2000<\/td>\n<\/tr>\n<tr>\n<td width=\"281\">\u00a0Couple\/vitesse maximal(e)<\/td>\n<td width=\"56\">N.m<\/td>\n<td colspan=\"2\" width=\"123\">890\/1200<\/td>\n<\/tr>\n<tr>\n<td width=\"281\">\u00a0D\u00e9placement<\/td>\n<td width=\"56\">L<\/td>\n<td colspan=\"2\" width=\"123\">6.7<\/td>\n<\/tr>\n<tr>\n<td colspan=\"2\" rowspan=\"7\" width=\"98\">Principales performances<\/td>\n<td width=\"281\">\u00a0Vitesse de d\u00e9placement\uff08H\/L)<\/td>\n<td width=\"56\">km\/h<\/td>\n<td colspan=\"2\" width=\"123\">5.0\/3.3<\/td>\n<\/tr>\n<tr>\n<td width=\"281\">\u00a0Vitesse d'oscillation<\/td>\n<td width=\"56\">r\/min<\/td>\n<td colspan=\"2\" width=\"123\">10.5<\/td>\n<\/tr>\n<tr>\n<td width=\"281\">Aptitude au classement<\/td>\n<td width=\"56\">\u00b0<\/td>\n<td colspan=\"2\" width=\"123\">\u226435<\/td>\n<\/tr>\n<tr>\n<td width=\"281\">Pression au sol<\/td>\n<td width=\"56\">kPa<\/td>\n<td colspan=\"2\" width=\"123\">53.5<\/td>\n<\/tr>\n<tr>\n<td width=\"281\">Force de creusement du godet<\/td>\n<td width=\"56\">kN<\/td>\n<td colspan=\"2\" width=\"123\">172\/185<\/td>\n<\/tr>\n<tr>\n<td width=\"281\">Force de creusement du bras<\/td>\n<td width=\"56\">kN<\/td>\n<td colspan=\"2\" width=\"123\">118\/129<\/td>\n<\/tr>\n<tr>\n<td width=\"281\">Force de traction maximale<\/td>\n<td width=\"56\">kN<\/td>\n<td colspan=\"2\" width=\"123\">210<\/td>\n<\/tr>\n<tr>\n<td colspan=\"2\" rowspan=\"6\" width=\"98\">Syst\u00e8me hydraulique<\/td>\n<td width=\"281\">Pompe principale<\/td>\n<td width=\"56\">\/<\/td>\n<td colspan=\"2\" width=\"123\">&nbsp;<\/p>\n<p>Deux pompes \u00e0 piston<\/td>\n<\/tr>\n<tr>\n<td width=\"281\">D\u00e9bit nominal de la pompe principale<\/td>\n<td width=\"56\">L\/min<\/td>\n<td colspan=\"2\" width=\"123\">2\u00d7240<\/td>\n<\/tr>\n<tr>\n<td width=\"281\">Pression de la soupape de s\u00e9curit\u00e9 principale<\/td>\n<td width=\"56\">MPa<\/td>\n<td colspan=\"2\" width=\"123\">34.3\/37<\/td>\n<\/tr>\n<tr>\n<td width=\"281\">Pression du syst\u00e8me de d\u00e9placement<\/td>\n<td width=\"56\">MPa<\/td>\n<td colspan=\"2\" width=\"123\">34.3<\/td>\n<\/tr>\n<tr>\n<td width=\"281\">Pression du syst\u00e8me de balancier<\/td>\n<td width=\"56\">MPa<\/td>\n<td colspan=\"2\" width=\"123\">30.6<\/td>\n<\/tr>\n<tr>\n<td width=\"281\">Pression du syst\u00e8me pilote<\/td>\n<td width=\"56\">MPa<\/td>\n<td colspan=\"2\" width=\"123\">3.9<\/td>\n<\/tr>\n<tr>\n<td colspan=\"2\" rowspan=\"3\" width=\"98\">Capacit\u00e9 d'huile<\/td>\n<td width=\"281\">Capacit\u00e9 du r\u00e9servoir de carburant<\/td>\n<td width=\"56\">L<\/td>\n<td colspan=\"2\" width=\"123\">400<\/td>\n<\/tr>\n<tr>\n<td width=\"281\">Capacit\u00e9 du r\u00e9servoir hydraulique<\/td>\n<td width=\"56\">L<\/td>\n<td colspan=\"2\" width=\"123\">150<\/td>\n<\/tr>\n<tr>\n<td width=\"281\">Capacit\u00e9 d'huile moteur<\/td>\n<td width=\"56\">L<\/td>\n<td colspan=\"2\" width=\"123\">30<\/td>\n<\/tr>\n<tr>\n<td colspan=\"2\" rowspan=\"13\" width=\"98\">Taille de l'apparence<\/td>\n<td width=\"281\">A Longueur totale<\/td>\n<td width=\"56\">mm<\/td>\n<td colspan=\"2\" width=\"123\">10250<\/td>\n<\/tr>\n<tr>\n<td width=\"281\">B Largeur totale<\/td>\n<td width=\"56\">mm<\/td>\n<td colspan=\"2\" width=\"123\">3190<\/td>\n<\/tr>\n<tr>\n<td width=\"281\">C Hauteur totale<\/td>\n<td width=\"56\">mm<\/td>\n<td colspan=\"2\" width=\"123\">3300<\/td>\n<\/tr>\n<tr>\n<td width=\"281\">D Largeur de la plate-forme<\/td>\n<td width=\"56\">mm<\/td>\n<td colspan=\"2\" width=\"123\">2995<\/td>\n<\/tr>\n<tr>\n<td width=\"281\">E Longueur de la voie<\/td>\n<td width=\"56\">mm<\/td>\n<td colspan=\"2\" width=\"123\">4445<\/td>\n<\/tr>\n<tr>\n<td width=\"281\">F Largeur totale du ch\u00e2ssis<\/td>\n<td width=\"56\">mm<\/td>\n<td colspan=\"2\" width=\"123\">3190<\/td>\n<\/tr>\n<tr>\n<td width=\"281\">G Largeur des chaussures de piste<\/td>\n<td width=\"56\">mm<\/td>\n<td colspan=\"2\" width=\"123\">600<\/td>\n<\/tr>\n<tr>\n<td width=\"281\">H Empattement de la chenille<\/td>\n<td width=\"56\">mm<\/td>\n<td colspan=\"2\" width=\"123\">3650<\/td>\n<\/tr>\n<tr>\n<td width=\"281\">I Voie de circulation<\/td>\n<td width=\"56\">mm<\/td>\n<td colspan=\"2\" width=\"123\">2590<\/td>\n<\/tr>\n<tr>\n<td width=\"281\">J D\u00e9gagement du contrepoids<\/td>\n<td width=\"56\">mm<\/td>\n<td colspan=\"2\" width=\"123\">1140<\/td>\n<\/tr>\n<tr>\n<td width=\"281\">K Garde au sol minimale<\/td>\n<td width=\"56\">mm<\/td>\n<td colspan=\"2\" width=\"123\">481<\/td>\n<\/tr>\n<tr>\n<td width=\"281\">L Rayon de pivotement min. de la queue<\/td>\n<td width=\"56\">mm<\/td>\n<td colspan=\"2\" width=\"123\">3025<\/td>\n<\/tr>\n<tr>\n<td width=\"281\">M Hauteur de la voie<\/td>\n<td width=\"56\">mm<\/td>\n<td colspan=\"2\" width=\"123\">945<\/td>\n<\/tr>\n<tr>\n<td colspan=\"2\" rowspan=\"6\" width=\"98\">\u4f5c\u4e1a\u8303\u56f4<br \/>\nChamp d'application<\/td>\n<td width=\"281\">A Hauteur de creusement max.<\/td>\n<td width=\"56\">mm<\/td>\n<td colspan=\"2\" width=\"123\">10095<\/td>\n<\/tr>\n<tr>\n<td width=\"281\">B Hauteur de d\u00e9versement max.<\/td>\n<td width=\"56\">mm<\/td>\n<td colspan=\"2\" width=\"123\">7170<\/td>\n<\/tr>\n<tr>\n<td width=\"281\">C Profondeur de fouille maximale<\/td>\n<td width=\"56\">mm<\/td>\n<td colspan=\"2\" width=\"123\">6925<\/td>\n<\/tr>\n<tr>\n<td width=\"281\">D Profondeur maximale de coupe pour un fond plat de 2240 mm (8 ft)<\/td>\n<td width=\"56\">mm<\/td>\n<td colspan=\"2\" width=\"123\">6695<\/td>\n<\/tr>\n<tr>\n<td width=\"281\">E Rayon de creusement max.<\/td>\n<td width=\"56\">mm<\/td>\n<td colspan=\"2\" width=\"123\">10240<\/td>\n<\/tr>\n<tr>\n<td width=\"281\">F Rayon de pivotement min.<\/td>\n<td width=\"56\">mm<\/td>\n<td colspan=\"2\" width=\"123\">3490<\/td>\n<\/tr>\n<tr>\n<td colspan=\"2\" rowspan=\"3\" width=\"98\">Standard<\/td>\n<td width=\"281\">Longueur de la fl\u00e8che<\/td>\n<td width=\"56\">mm<\/td>\n<td colspan=\"2\" width=\"123\">6000<\/td>\n<\/tr>\n<tr>\n<td width=\"281\">Longueur du bras<\/td>\n<td width=\"56\">mm<\/td>\n<td colspan=\"2\" width=\"123\">2964<\/td>\n<\/tr>\n<tr>\n<td width=\"281\">Capacit\u00e9 du godet<\/td>\n<td width=\"56\">m\u00b3<\/td>\n<td colspan=\"2\" width=\"123\">1.4<\/td>\n<\/tr>\n<tr>\n<td colspan=\"2\" rowspan=\"3\" width=\"98\">En option<\/td>\n<td width=\"281\">Longueur de la fl\u00e8che<\/td>\n<td width=\"56\">mm<\/td>\n<td colspan=\"2\" width=\"123\">\/<\/td>\n<\/tr>\n<tr>\n<td width=\"281\">Longueur du bras<\/td>\n<td width=\"56\">mm<\/td>\n<td colspan=\"2\" width=\"123\">2500<\/td>\n<\/tr>\n<tr>\n<td width=\"281\">Capacit\u00e9 du godet<\/td>\n<td width=\"56\">m\u00b3<\/td>\n<td colspan=\"2\" width=\"123\">1.2\uff5e1.5(\u571f\u65b9\u6597)<\/p>\n<p>1.1\uff5e1.4(\u52a0\u5f3a\u6597)<\/p>\n<p>0,9\uff5e1,2(\u5ca9\u77f3\u6597)<\/td>\n<\/tr>\n<\/tbody>\n<\/table>\n<p><img fetchpriority=\"high\" decoding=\"async\" class=\"alignnone size-medium wp-image-2696\" src=\"https:\/\/www.hcxmachinery.com\/wp-content\/uploads\/2025\/05\/XE245GH-04_WH_800x800px-300x300.webp\" alt=\"\" width=\"300\" height=\"300\" title=\"\" srcset=\"https:\/\/www.hcxmachinery.com\/wp-content\/uploads\/2025\/05\/XE245GH-04_WH_800x800px-300x300.webp 300w, https:\/\/www.hcxmachinery.com\/wp-content\/uploads\/2025\/05\/XE245GH-04_WH_800x800px-150x150.webp 150w, https:\/\/www.hcxmachinery.com\/wp-content\/uploads\/2025\/05\/XE245GH-04_WH_800x800px-768x768.webp 768w, https:\/\/www.hcxmachinery.com\/wp-content\/uploads\/2025\/05\/XE245GH-04_WH_800x800px-600x600.webp 600w, https:\/\/www.hcxmachinery.com\/wp-content\/uploads\/2025\/05\/XE245GH-04_WH_800x800px-100x100.webp 100w, https:\/\/www.hcxmachinery.com\/wp-content\/uploads\/2025\/05\/XE245GH-04_WH_800x800px.webp 800w\" sizes=\"(max-width: 300px) 100vw, 300px\" \/> <img decoding=\"async\" class=\"alignnone size-medium wp-image-2695\" src=\"https:\/\/www.hcxmachinery.com\/wp-content\/uploads\/2025\/05\/XE245GH-03_WH_800x800px-300x300.webp\" alt=\"\" width=\"300\" height=\"300\" title=\"\" srcset=\"https:\/\/www.hcxmachinery.com\/wp-content\/uploads\/2025\/05\/XE245GH-03_WH_800x800px-300x300.webp 300w, https:\/\/www.hcxmachinery.com\/wp-content\/uploads\/2025\/05\/XE245GH-03_WH_800x800px-150x150.webp 150w, https:\/\/www.hcxmachinery.com\/wp-content\/uploads\/2025\/05\/XE245GH-03_WH_800x800px-768x768.webp 768w, https:\/\/www.hcxmachinery.com\/wp-content\/uploads\/2025\/05\/XE245GH-03_WH_800x800px-600x600.webp 600w, https:\/\/www.hcxmachinery.com\/wp-content\/uploads\/2025\/05\/XE245GH-03_WH_800x800px-100x100.webp 100w, https:\/\/www.hcxmachinery.com\/wp-content\/uploads\/2025\/05\/XE245GH-03_WH_800x800px.webp 800w\" sizes=\"(max-width: 300px) 100vw, 300px\" \/> <img decoding=\"async\" class=\"alignnone size-medium wp-image-2694\" src=\"https:\/\/www.hcxmachinery.com\/wp-content\/uploads\/2025\/05\/XE245GH-02_WH_800x800px-300x300.webp\" alt=\"\" width=\"300\" height=\"300\" title=\"\" srcset=\"https:\/\/www.hcxmachinery.com\/wp-content\/uploads\/2025\/05\/XE245GH-02_WH_800x800px-300x300.webp 300w, https:\/\/www.hcxmachinery.com\/wp-content\/uploads\/2025\/05\/XE245GH-02_WH_800x800px-150x150.webp 150w, https:\/\/www.hcxmachinery.com\/wp-content\/uploads\/2025\/05\/XE245GH-02_WH_800x800px-768x768.webp 768w, https:\/\/www.hcxmachinery.com\/wp-content\/uploads\/2025\/05\/XE245GH-02_WH_800x800px-600x600.webp 600w, https:\/\/www.hcxmachinery.com\/wp-content\/uploads\/2025\/05\/XE245GH-02_WH_800x800px-100x100.webp 100w, https:\/\/www.hcxmachinery.com\/wp-content\/uploads\/2025\/05\/XE245GH-02_WH_800x800px.webp 800w\" sizes=\"(max-width: 300px) 100vw, 300px\" \/> <img loading=\"lazy\" decoding=\"async\" class=\"alignnone size-medium wp-image-2693\" src=\"https:\/\/www.hcxmachinery.com\/wp-content\/uploads\/2025\/05\/XE245GH-01_WH_800x800px-300x300.webp\" alt=\"\" width=\"300\" height=\"300\" title=\"\" srcset=\"https:\/\/www.hcxmachinery.com\/wp-content\/uploads\/2025\/05\/XE245GH-01_WH_800x800px-300x300.webp 300w, https:\/\/www.hcxmachinery.com\/wp-content\/uploads\/2025\/05\/XE245GH-01_WH_800x800px-150x150.webp 150w, https:\/\/www.hcxmachinery.com\/wp-content\/uploads\/2025\/05\/XE245GH-01_WH_800x800px-768x768.webp 768w, https:\/\/www.hcxmachinery.com\/wp-content\/uploads\/2025\/05\/XE245GH-01_WH_800x800px-600x600.webp 600w, https:\/\/www.hcxmachinery.com\/wp-content\/uploads\/2025\/05\/XE245GH-01_WH_800x800px-100x100.webp 100w, https:\/\/www.hcxmachinery.com\/wp-content\/uploads\/2025\/05\/XE245GH-01_WH_800x800px.webp 800w\" sizes=\"(max-width: 300px) 100vw, 300px\" \/><\/p>","protected":false},"excerpt":{"rendered":"<p>XE245GH It is widely used in earthworks, municipal construction, highway and bridge construction, ditches and ditches digging, irrigation and water [&hellip;]<\/p>","protected":false},"featured_media":2697,"template":"","meta":{"_acf_changed":false,"site-sidebar-layout":"default","site-content-layout":"","ast-site-content-layout":"default","site-content-style":"default","site-sidebar-style":"default","ast-global-header-display":"","ast-banner-title-visibility":"","ast-main-header-display":"","ast-hfb-above-header-display":"","ast-hfb-below-header-display":"","ast-hfb-mobile-header-display":"","site-post-title":"","ast-breadcrumbs-content":"","ast-featured-img":"","footer-sml-layout":"","theme-transparent-header-meta":"default","adv-header-id-meta":"","stick-header-meta":"default","header-above-stick-meta":"","header-main-stick-meta":"","header-below-stick-meta":"","astra-migrate-meta-layouts":"set","ast-page-background-enabled":"default","ast-page-background-meta":{"desktop":{"background-color":"var(--ast-global-color-4)","background-image":"","background-repeat":"repeat","background-position":"center center","background-size":"auto","background-attachment":"scroll","background-type":"","background-media":"","overlay-type":"","overlay-color":"","overlay-opacity":"","overlay-gradient":""},"tablet":{"background-color":"","background-image":"","background-repeat":"repeat","background-position":"center center","background-size":"auto","background-attachment":"scroll","background-type":"","background-media":"","overlay-type":"","overlay-color":"","overlay-opacity":"","overlay-gradient":""},"mobile":{"background-color":"","background-image":"","background-repeat":"repeat","background-position":"center center","background-size":"auto","background-attachment":"scroll","background-type":"","background-media":"","overlay-type":"","overlay-color":"","overlay-opacity":"","overlay-gradient":""}},"ast-content-background-meta":{"desktop":{"background-color":"var(--ast-global-color-5)","background-image":"","background-repeat":"repeat","background-position":"center center","background-size":"auto","background-attachment":"scroll","background-type":"","background-media":"","overlay-type":"","overlay-color":"","overlay-opacity":"","overlay-gradient":""},"tablet":{"background-color":"var(--ast-global-color-5)","background-image":"","background-repeat":"repeat","background-position":"center center","background-size":"auto","background-attachment":"scroll","background-type":"","background-media":"","overlay-type":"","overlay-color":"","overlay-opacity":"","overlay-gradient":""},"mobile":{"background-color":"var(--ast-global-color-5)","background-image":"","background-repeat":"repeat","background-position":"center center","background-size":"auto","background-attachment":"scroll","background-type":"","background-media":"","overlay-type":"","overlay-color":"","overlay-opacity":"","overlay-gradient":""}}},"product_cat":[19,36],"product_tag":[],"class_list":{"0":"post-2692","1":"product","2":"type-product","3":"status-publish","4":"has-post-thumbnail","6":"product_cat-excavator","7":"product_cat-medium-excavator","8":"desktop-align-left","9":"tablet-align-left","10":"mobile-align-left","11":"ast-product-gallery-layout-horizontal-slider","12":"ast-magnify-disabled","13":"ast-product-tabs-layout-horizontal","15":"first","16":"instock","17":"shipping-taxable","18":"product-type-simple"},"acf":[],"_links":{"self":[{"href":"https:\/\/www.hcxmachinery.com\/fr\/wp-json\/wp\/v2\/product\/2692"}],"collection":[{"href":"https:\/\/www.hcxmachinery.com\/fr\/wp-json\/wp\/v2\/product"}],"about":[{"href":"https:\/\/www.hcxmachinery.com\/fr\/wp-json\/wp\/v2\/types\/product"}],"version-history":[{"count":7,"href":"https:\/\/www.hcxmachinery.com\/fr\/wp-json\/wp\/v2\/product\/2692\/revisions"}],"predecessor-version":[{"id":3436,"href":"https:\/\/www.hcxmachinery.com\/fr\/wp-json\/wp\/v2\/product\/2692\/revisions\/3436"}],"wp:featuredmedia":[{"embeddable":true,"href":"https:\/\/www.hcxmachinery.com\/fr\/wp-json\/wp\/v2\/media\/2697"}],"wp:attachment":[{"href":"https:\/\/www.hcxmachinery.com\/fr\/wp-json\/wp\/v2\/media?parent=2692"}],"wp:term":[{"taxonomy":"product_cat","embeddable":true,"href":"https:\/\/www.hcxmachinery.com\/fr\/wp-json\/wp\/v2\/product_cat?post=2692"},{"taxonomy":"product_tag","embeddable":true,"href":"https:\/\/www.hcxmachinery.com\/fr\/wp-json\/wp\/v2\/product_tag?post=2692"}],"curies":[{"name":"wp","href":"https:\/\/api.w.org\/{rel}","templated":true}]}}