{"id":2678,"date":"2025-04-30T07:24:02","date_gmt":"2025-04-30T07:24:02","guid":{"rendered":"https:\/\/www.hcxmachinery.com\/?post_type=product&#038;p=2678"},"modified":"2025-12-30T03:38:06","modified_gmt":"2025-12-30T03:38:06","slug":"xe205ga-excavateur-hydraulique","status":"publish","type":"product","link":"https:\/\/www.hcxmachinery.com\/fr\/produit\/xe205ga-excavateur-hydraulique\/","title":{"rendered":"Original Quality Used Excavator XE205GA For Sale"},"content":{"rendered":"<h2>XE205GA<\/h2>\n<p>L'excavateur hydraulique XE205GA est un produit de nouvelle g\u00e9n\u00e9ration de XCMG, qui a \u00e9t\u00e9 am\u00e9lior\u00e9 de mani\u00e8re compl\u00e8te en adoptant un nouveau concept de conception, en combinant l'exp\u00e9rience de la derni\u00e8re g\u00e9n\u00e9ration de produits et en s'appuyant sur le syst\u00e8me de test avanc\u00e9 de XCMG pour r\u00e9pondre aux limites d'\u00e9mission de la quatri\u00e8me phase de la Chine. Ce produit, dot\u00e9 d'une configuration haut de gamme et de performances avanc\u00e9es, est fiable, durable, confortable, s\u00fbr et facile \u00e0 entretenir. Il peut \u00eatre largement utilis\u00e9 dans l'irrigation et la conservation de l'eau, le dragage des rivi\u00e8res et la construction municipale. Il peut r\u00e9pondre \u00e0 diff\u00e9rentes exigences op\u00e9rationnelles telles que l'excavation, le d\u00e9mant\u00e8lement et la d\u00e9molition, et s'adapte bien aux conditions de travail et \u00e0 l'environnement.<\/p>\n<h2>PARAM\u00c8TRES<\/h2>\n<table>\n<tbody>\n<tr>\n<td colspan=\"2\" width=\"361\">\u00a0Mod\u00e8le<\/td>\n<td width=\"66\">Unit\u00e9<\/td>\n<td width=\"132\"><strong>XE205GH<\/strong><\/td>\n<\/tr>\n<tr>\n<td colspan=\"2\" width=\"361\">Poids en ordre de marche<\/td>\n<td width=\"66\">kg<\/td>\n<td width=\"132\">21500<\/td>\n<\/tr>\n<tr>\n<td colspan=\"2\" width=\"361\">Capacit\u00e9 du godet<\/td>\n<td width=\"66\">m\u00b3<\/td>\n<td width=\"132\">1.0\uff5e1.2<\/td>\n<\/tr>\n<tr>\n<td rowspan=\"10\" width=\"98\">Moteur<\/td>\n<td width=\"262\">Mod\u00e8le<\/td>\n<td width=\"66\">\/<\/td>\n<td width=\"132\">Cummins B7<\/td>\n<\/tr>\n<tr>\n<td width=\"262\">Injection directe<\/td>\n<td width=\"66\">\/<\/td>\n<td width=\"132\">\u221a<\/td>\n<\/tr>\n<tr>\n<td width=\"262\">Quatre coups<\/td>\n<td width=\"66\">\/<\/td>\n<td width=\"132\">\u221a<\/td>\n<\/tr>\n<tr>\n<td width=\"262\">Refroidissement par eau<\/td>\n<td width=\"66\">\/<\/td>\n<td width=\"132\">\u221a<\/td>\n<\/tr>\n<tr>\n<td width=\"262\">Turbocompresseur<\/td>\n<td width=\"66\">\/<\/td>\n<td width=\"132\">\u221a<\/td>\n<\/tr>\n<tr>\n<td width=\"262\">Refroidisseur air-air<\/td>\n<td width=\"66\">\/<\/td>\n<td width=\"132\">\u221a<\/td>\n<\/tr>\n<tr>\n<td width=\"262\">\u00a0Nombre de cylindres<\/td>\n<td width=\"66\">\/<\/td>\n<td width=\"132\">6<\/td>\n<\/tr>\n<tr>\n<td width=\"262\">\u00a0Puissance\/vitesse nominale<\/td>\n<td width=\"66\">kW\/tr\/min<\/td>\n<td width=\"132\">129\/2000<\/td>\n<\/tr>\n<tr>\n<td width=\"262\">\u00a0Couple\/vitesse maximal(e)<\/td>\n<td width=\"66\">N.m<\/td>\n<td width=\"132\">850\/1400<\/td>\n<\/tr>\n<tr>\n<td width=\"262\">D\u00e9placement<\/td>\n<td width=\"66\">L<\/td>\n<td width=\"132\">6.7<\/td>\n<\/tr>\n<tr>\n<td rowspan=\"7\" width=\"98\">Principales performances<\/td>\n<td width=\"262\">\u00a0Vitesse de d\u00e9placement\uff08H\/L)<\/td>\n<td width=\"66\">km\/h<\/td>\n<td width=\"132\">5.5\/3.0<\/td>\n<\/tr>\n<tr>\n<td width=\"262\">\u00a0Vitesse d'oscillation<\/td>\n<td width=\"66\">r\/min<\/td>\n<td width=\"132\">13.3<\/td>\n<\/tr>\n<tr>\n<td width=\"262\">Aptitude au classement<\/td>\n<td width=\"66\">\u00b0<\/td>\n<td width=\"132\">\u226435<\/td>\n<\/tr>\n<tr>\n<td width=\"262\">Pression au sol<\/td>\n<td width=\"66\">kPa<\/td>\n<td width=\"132\">47.5<\/td>\n<\/tr>\n<tr>\n<td width=\"262\">Force de creusement du godet<\/td>\n<td width=\"66\">kN<\/td>\n<td width=\"132\">157<\/td>\n<\/tr>\n<tr>\n<td width=\"262\">Force de creusement du bras<\/td>\n<td width=\"66\">kN<\/td>\n<td width=\"132\">116<\/td>\n<\/tr>\n<tr>\n<td width=\"262\">\u00a0Force de traction maximale<\/td>\n<td width=\"66\">kN<\/td>\n<td width=\"132\">198<\/td>\n<\/tr>\n<tr>\n<td rowspan=\"6\" width=\"98\">Syst\u00e8me hydraulique<\/td>\n<td width=\"262\">Pompe principale<\/td>\n<td width=\"66\">\/<\/td>\n<td width=\"132\">&nbsp;<\/p>\n<p>Deux pompes \u00e0 piston<\/td>\n<\/tr>\n<tr>\n<td width=\"262\">D\u00e9bit nominal de la pompe principale<\/td>\n<td width=\"66\">L\/min<\/td>\n<td width=\"132\">2\u00d7227<\/td>\n<\/tr>\n<tr>\n<td width=\"262\">Pression de la soupape de s\u00e9curit\u00e9 principale<\/td>\n<td width=\"66\">MPa<\/td>\n<td width=\"132\">34.3\/37<\/td>\n<\/tr>\n<tr>\n<td width=\"262\">Pression du syst\u00e8me de d\u00e9placement<\/td>\n<td width=\"66\">MPa<\/td>\n<td width=\"132\">34.3<\/td>\n<\/tr>\n<tr>\n<td width=\"262\">Pression du syst\u00e8me de balancier<\/td>\n<td width=\"66\">MPa<\/td>\n<td width=\"132\">28<\/td>\n<\/tr>\n<tr>\n<td width=\"262\">Pression du syst\u00e8me pilote<\/td>\n<td width=\"66\">MPa<\/td>\n<td width=\"132\">3.9<\/td>\n<\/tr>\n<tr>\n<td rowspan=\"3\" width=\"98\">Capacit\u00e9 d'huile<\/td>\n<td width=\"262\">Capacit\u00e9 du r\u00e9servoir de carburant<\/td>\n<td width=\"66\">L<\/td>\n<td width=\"132\">400<\/td>\n<\/tr>\n<tr>\n<td width=\"262\">Capacit\u00e9 du r\u00e9servoir hydraulique<\/td>\n<td width=\"66\">L<\/td>\n<td width=\"132\">150<\/td>\n<\/tr>\n<tr>\n<td width=\"262\">Capacit\u00e9 d'huile moteur<\/td>\n<td width=\"66\">L<\/td>\n<td width=\"132\">22<\/td>\n<\/tr>\n<tr>\n<td rowspan=\"13\" width=\"98\">Taille de l'apparence<\/td>\n<td width=\"262\">A Longueur totale<\/td>\n<td width=\"66\">mm<\/td>\n<td width=\"132\">9800<\/td>\n<\/tr>\n<tr>\n<td width=\"262\">B Largeur totale<\/td>\n<td width=\"66\">mm<\/td>\n<td width=\"132\">2920<\/td>\n<\/tr>\n<tr>\n<td width=\"262\">C Hauteur totale<\/td>\n<td width=\"66\">mm<\/td>\n<td width=\"132\">3050<\/td>\n<\/tr>\n<tr>\n<td width=\"262\">D Largeur de la plate-forme<\/td>\n<td width=\"66\">mm<\/td>\n<td width=\"132\">2830<\/td>\n<\/tr>\n<tr>\n<td width=\"262\">E Longueur de la voie<\/td>\n<td width=\"66\">mm<\/td>\n<td width=\"132\">4155<\/td>\n<\/tr>\n<tr>\n<td width=\"262\">F Largeur totale du ch\u00e2ssis<\/td>\n<td width=\"66\">mm<\/td>\n<td width=\"132\">2890<\/td>\n<\/tr>\n<tr>\n<td width=\"262\">G Largeur des chaussures de piste<\/td>\n<td width=\"66\">mm<\/td>\n<td width=\"132\">600<\/td>\n<\/tr>\n<tr>\n<td width=\"262\">Longueur au centre des rouleaux<\/td>\n<td width=\"66\">mm<\/td>\n<td width=\"132\">3370<\/td>\n<\/tr>\n<tr>\n<td width=\"262\">I Voie de circulation<\/td>\n<td width=\"66\">mm<\/td>\n<td width=\"132\">2290<\/td>\n<\/tr>\n<tr>\n<td width=\"262\">J D\u00e9gagement du contrepoids<\/td>\n<td width=\"66\">mm<\/td>\n<td width=\"132\">1050<\/td>\n<\/tr>\n<tr>\n<td width=\"262\">K Garde au sol minimale<\/td>\n<td width=\"66\">mm<\/td>\n<td width=\"132\">485<\/td>\n<\/tr>\n<tr>\n<td width=\"262\">L Rayon de pivotement min. de la queue<\/td>\n<td width=\"66\">mm<\/td>\n<td width=\"132\">3000<\/td>\n<\/tr>\n<tr>\n<td width=\"262\">M Hauteur de la voie<\/td>\n<td width=\"66\">mm<\/td>\n<td width=\"132\">906<\/td>\n<\/tr>\n<tr>\n<td rowspan=\"7\" width=\"98\">Champ d'application<\/td>\n<td width=\"262\">A Hauteur de creusement max.<\/td>\n<td width=\"66\">mm<\/td>\n<td width=\"132\">9630<\/td>\n<\/tr>\n<tr>\n<td width=\"262\">B Hauteur de d\u00e9versement max.<\/td>\n<td width=\"66\">mm<\/td>\n<td width=\"132\">6780<\/td>\n<\/tr>\n<tr>\n<td width=\"262\">C Profondeur de fouille maximale<\/td>\n<td width=\"66\">mm<\/td>\n<td width=\"132\">6660<\/td>\n<\/tr>\n<tr>\n<td width=\"262\">D Profondeur maximale de coupe pour un fond plat de 2240 mm (8 ft)<\/td>\n<td width=\"66\">mm<\/td>\n<td width=\"132\">6480<\/td>\n<\/tr>\n<tr>\n<td width=\"262\">E Profondeur maximale de creusement des parois verticales<\/td>\n<td width=\"66\">mm<\/td>\n<td width=\"132\">5700<\/td>\n<\/tr>\n<tr>\n<td width=\"262\">F Rayon de creusement max.<\/td>\n<td width=\"66\">mm<\/td>\n<td width=\"132\">9920<\/td>\n<\/tr>\n<tr>\n<td width=\"262\">G Rayon de pivotement min.<\/td>\n<td width=\"66\">mm<\/td>\n<td width=\"132\">3530<\/td>\n<\/tr>\n<tr>\n<td rowspan=\"3\" width=\"98\">Standard<\/td>\n<td width=\"262\">Longueur de la fl\u00e8che<\/td>\n<td width=\"66\">mm<\/td>\n<td width=\"132\">5680<\/td>\n<\/tr>\n<tr>\n<td width=\"262\">Longueur du bras<\/td>\n<td width=\"66\">mm<\/td>\n<td width=\"132\">2910<\/td>\n<\/tr>\n<tr>\n<td width=\"262\">Capacit\u00e9 du godet<\/td>\n<td width=\"66\">m\u00b3<\/td>\n<td width=\"132\">1.0<\/td>\n<\/tr>\n<tr>\n<td rowspan=\"3\" width=\"98\">En option<\/td>\n<td width=\"262\">Longueur de la fl\u00e8che<\/td>\n<td width=\"66\">mm<\/td>\n<td width=\"132\">&#8211;<\/td>\n<\/tr>\n<tr>\n<td width=\"262\">Longueur du bras<\/td>\n<td width=\"66\">mm<\/td>\n<td width=\"132\">2400<\/td>\n<\/tr>\n<tr>\n<td width=\"262\">Capacit\u00e9 du godet<\/td>\n<td width=\"66\">m\u00b3<\/td>\n<td width=\"132\">1.1\/1.2 (godet de terrassement)<\/p>\n<p>1.0\/1.1 (Seau renforc\u00e9)<\/td>\n<\/tr>\n<\/tbody>\n<\/table>\n<p>&nbsp;<\/p>\n<table>\n<tbody>\n<tr>\n<td width=\"122\"><strong>Non.<\/strong><\/td>\n<td width=\"122\"><strong>Nom de la pi\u00e8ce<\/strong><\/td>\n<td width=\"122\"><strong>Fabrication<\/strong><\/td>\n<td width=\"122\"><strong>Remarques<\/strong><\/td>\n<\/tr>\n<tr>\n<td width=\"122\">1<\/td>\n<td width=\"122\">Moteur<\/td>\n<td width=\"122\">Cummins<\/td>\n<td width=\"122\"><\/td>\n<\/tr>\n<tr>\n<td width=\"122\">2<\/td>\n<td width=\"122\">Pompe principale<\/td>\n<td width=\"122\">XCMG<\/td>\n<td width=\"122\"><\/td>\n<\/tr>\n<tr>\n<td width=\"122\">3<\/td>\n<td width=\"122\">Soupape principale<\/td>\n<td width=\"122\">XCMG<\/td>\n<td width=\"122\"><\/td>\n<\/tr>\n<tr>\n<td width=\"122\">4<\/td>\n<td width=\"122\">Moteur de voyage<\/td>\n<td width=\"122\">XCMG<\/td>\n<td width=\"122\"><\/td>\n<\/tr>\n<tr>\n<td width=\"122\">5<\/td>\n<td width=\"122\">Moteur \u00e0 balancier<\/td>\n<td width=\"122\">XCMG<\/td>\n<td width=\"122\"><\/td>\n<\/tr>\n<tr>\n<td width=\"122\">6<\/td>\n<td width=\"122\">AC<\/td>\n<td width=\"122\">TAYBO(Shanghai)<\/td>\n<td width=\"122\"><\/td>\n<\/tr>\n<tr>\n<td width=\"122\">7<\/td>\n<td width=\"122\">Pignon, galet tendeur, galet porteur, galet de roulement et galet de roulement<\/td>\n<td width=\"122\">XCMG<\/td>\n<td width=\"122\"><\/td>\n<\/tr>\n<\/tbody>\n<\/table>\n<p><img fetchpriority=\"high\" decoding=\"async\" class=\"alignnone size-medium wp-image-2675\" src=\"https:\/\/www.hcxmachinery.com\/wp-content\/uploads\/2025\/04\/XE205GA-06_WH_800x800px-300x300.jpg\" alt=\"\" width=\"300\" height=\"300\" title=\"\" srcset=\"https:\/\/www.hcxmachinery.com\/wp-content\/uploads\/2025\/04\/XE205GA-06_WH_800x800px-300x300.jpg 300w, https:\/\/www.hcxmachinery.com\/wp-content\/uploads\/2025\/04\/XE205GA-06_WH_800x800px-150x150.jpg 150w, https:\/\/www.hcxmachinery.com\/wp-content\/uploads\/2025\/04\/XE205GA-06_WH_800x800px-768x768.jpg 768w, https:\/\/www.hcxmachinery.com\/wp-content\/uploads\/2025\/04\/XE205GA-06_WH_800x800px-600x600.jpg 600w, https:\/\/www.hcxmachinery.com\/wp-content\/uploads\/2025\/04\/XE205GA-06_WH_800x800px-100x100.jpg 100w, https:\/\/www.hcxmachinery.com\/wp-content\/uploads\/2025\/04\/XE205GA-06_WH_800x800px.jpg 800w\" sizes=\"(max-width: 300px) 100vw, 300px\" \/> <img decoding=\"async\" class=\"alignnone size-medium wp-image-2674\" src=\"https:\/\/www.hcxmachinery.com\/wp-content\/uploads\/2025\/04\/XE205GA-05_WH_800x800px-300x300.jpg\" alt=\"\" width=\"300\" height=\"300\" title=\"\" srcset=\"https:\/\/www.hcxmachinery.com\/wp-content\/uploads\/2025\/04\/XE205GA-05_WH_800x800px-300x300.jpg 300w, https:\/\/www.hcxmachinery.com\/wp-content\/uploads\/2025\/04\/XE205GA-05_WH_800x800px-150x150.jpg 150w, https:\/\/www.hcxmachinery.com\/wp-content\/uploads\/2025\/04\/XE205GA-05_WH_800x800px-768x768.jpg 768w, https:\/\/www.hcxmachinery.com\/wp-content\/uploads\/2025\/04\/XE205GA-05_WH_800x800px-600x600.jpg 600w, https:\/\/www.hcxmachinery.com\/wp-content\/uploads\/2025\/04\/XE205GA-05_WH_800x800px-100x100.jpg 100w, https:\/\/www.hcxmachinery.com\/wp-content\/uploads\/2025\/04\/XE205GA-05_WH_800x800px.jpg 800w\" sizes=\"(max-width: 300px) 100vw, 300px\" \/> <img decoding=\"async\" class=\"alignnone size-medium wp-image-2673\" src=\"https:\/\/www.hcxmachinery.com\/wp-content\/uploads\/2025\/04\/XE205GA-04_WH_800x800px-300x300.jpg\" alt=\"\" width=\"300\" height=\"300\" title=\"\" srcset=\"https:\/\/www.hcxmachinery.com\/wp-content\/uploads\/2025\/04\/XE205GA-04_WH_800x800px-300x300.jpg 300w, https:\/\/www.hcxmachinery.com\/wp-content\/uploads\/2025\/04\/XE205GA-04_WH_800x800px-150x150.jpg 150w, https:\/\/www.hcxmachinery.com\/wp-content\/uploads\/2025\/04\/XE205GA-04_WH_800x800px-768x768.jpg 768w, https:\/\/www.hcxmachinery.com\/wp-content\/uploads\/2025\/04\/XE205GA-04_WH_800x800px-600x600.jpg 600w, https:\/\/www.hcxmachinery.com\/wp-content\/uploads\/2025\/04\/XE205GA-04_WH_800x800px-100x100.jpg 100w, https:\/\/www.hcxmachinery.com\/wp-content\/uploads\/2025\/04\/XE205GA-04_WH_800x800px.jpg 800w\" sizes=\"(max-width: 300px) 100vw, 300px\" \/> <img loading=\"lazy\" decoding=\"async\" class=\"alignnone size-medium wp-image-2672\" src=\"https:\/\/www.hcxmachinery.com\/wp-content\/uploads\/2025\/04\/XE205GA-03_WH_800x800px-300x300.jpg\" alt=\"\" width=\"300\" height=\"300\" title=\"\" srcset=\"https:\/\/www.hcxmachinery.com\/wp-content\/uploads\/2025\/04\/XE205GA-03_WH_800x800px-300x300.jpg 300w, https:\/\/www.hcxmachinery.com\/wp-content\/uploads\/2025\/04\/XE205GA-03_WH_800x800px-150x150.jpg 150w, https:\/\/www.hcxmachinery.com\/wp-content\/uploads\/2025\/04\/XE205GA-03_WH_800x800px-768x768.jpg 768w, https:\/\/www.hcxmachinery.com\/wp-content\/uploads\/2025\/04\/XE205GA-03_WH_800x800px-600x600.jpg 600w, https:\/\/www.hcxmachinery.com\/wp-content\/uploads\/2025\/04\/XE205GA-03_WH_800x800px-100x100.jpg 100w, https:\/\/www.hcxmachinery.com\/wp-content\/uploads\/2025\/04\/XE205GA-03_WH_800x800px.jpg 800w\" sizes=\"(max-width: 300px) 100vw, 300px\" \/> <img loading=\"lazy\" decoding=\"async\" class=\"alignnone size-medium wp-image-2671\" src=\"https:\/\/www.hcxmachinery.com\/wp-content\/uploads\/2025\/04\/XE205GA-02_WH_800x800px-300x300.jpg\" alt=\"\" width=\"300\" height=\"300\" title=\"\" srcset=\"https:\/\/www.hcxmachinery.com\/wp-content\/uploads\/2025\/04\/XE205GA-02_WH_800x800px-300x300.jpg 300w, https:\/\/www.hcxmachinery.com\/wp-content\/uploads\/2025\/04\/XE205GA-02_WH_800x800px-150x150.jpg 150w, https:\/\/www.hcxmachinery.com\/wp-content\/uploads\/2025\/04\/XE205GA-02_WH_800x800px-768x768.jpg 768w, https:\/\/www.hcxmachinery.com\/wp-content\/uploads\/2025\/04\/XE205GA-02_WH_800x800px-600x600.jpg 600w, https:\/\/www.hcxmachinery.com\/wp-content\/uploads\/2025\/04\/XE205GA-02_WH_800x800px-100x100.jpg 100w, https:\/\/www.hcxmachinery.com\/wp-content\/uploads\/2025\/04\/XE205GA-02_WH_800x800px.jpg 800w\" sizes=\"(max-width: 300px) 100vw, 300px\" \/> <img loading=\"lazy\" decoding=\"async\" class=\"alignnone size-medium wp-image-2670\" src=\"https:\/\/www.hcxmachinery.com\/wp-content\/uploads\/2025\/04\/XE205GA-01_WH_800x800px-300x300.jpg\" alt=\"\" width=\"300\" height=\"300\" title=\"\" srcset=\"https:\/\/www.hcxmachinery.com\/wp-content\/uploads\/2025\/04\/XE205GA-01_WH_800x800px-300x300.jpg 300w, https:\/\/www.hcxmachinery.com\/wp-content\/uploads\/2025\/04\/XE205GA-01_WH_800x800px-150x150.jpg 150w, https:\/\/www.hcxmachinery.com\/wp-content\/uploads\/2025\/04\/XE205GA-01_WH_800x800px-768x768.jpg 768w, https:\/\/www.hcxmachinery.com\/wp-content\/uploads\/2025\/04\/XE205GA-01_WH_800x800px-600x600.jpg 600w, https:\/\/www.hcxmachinery.com\/wp-content\/uploads\/2025\/04\/XE205GA-01_WH_800x800px-100x100.jpg 100w, https:\/\/www.hcxmachinery.com\/wp-content\/uploads\/2025\/04\/XE205GA-01_WH_800x800px.jpg 800w\" sizes=\"(max-width: 300px) 100vw, 300px\" \/><\/p>","protected":false},"excerpt":{"rendered":"<p>XE205GA XE205GA\u00a0 hydraulic excavator is a new generation of product of XCMG, which is upgraded comprehensively by adopting new design [&hellip;]<\/p>","protected":false},"featured_media":2677,"template":"","meta":{"_acf_changed":false,"site-sidebar-layout":"default","site-content-layout":"","ast-site-content-layout":"default","site-content-style":"default","site-sidebar-style":"default","ast-global-header-display":"","ast-banner-title-visibility":"","ast-main-header-display":"","ast-hfb-above-header-display":"","ast-hfb-below-header-display":"","ast-hfb-mobile-header-display":"","site-post-title":"","ast-breadcrumbs-content":"","ast-featured-img":"","footer-sml-layout":"","theme-transparent-header-meta":"default","adv-header-id-meta":"","stick-header-meta":"default","header-above-stick-meta":"","header-main-stick-meta":"","header-below-stick-meta":"","astra-migrate-meta-layouts":"set","ast-page-background-enabled":"default","ast-page-background-meta":{"desktop":{"background-color":"var(--ast-global-color-4)","background-image":"","background-repeat":"repeat","background-position":"center center","background-size":"auto","background-attachment":"scroll","background-type":"","background-media":"","overlay-type":"","overlay-color":"","overlay-opacity":"","overlay-gradient":""},"tablet":{"background-color":"","background-image":"","background-repeat":"repeat","background-position":"center center","background-size":"auto","background-attachment":"scroll","background-type":"","background-media":"","overlay-type":"","overlay-color":"","overlay-opacity":"","overlay-gradient":""},"mobile":{"background-color":"","background-image":"","background-repeat":"repeat","background-position":"center center","background-size":"auto","background-attachment":"scroll","background-type":"","background-media":"","overlay-type":"","overlay-color":"","overlay-opacity":"","overlay-gradient":""}},"ast-content-background-meta":{"desktop":{"background-color":"var(--ast-global-color-5)","background-image":"","background-repeat":"repeat","background-position":"center center","background-size":"auto","background-attachment":"scroll","background-type":"","background-media":"","overlay-type":"","overlay-color":"","overlay-opacity":"","overlay-gradient":""},"tablet":{"background-color":"var(--ast-global-color-5)","background-image":"","background-repeat":"repeat","background-position":"center center","background-size":"auto","background-attachment":"scroll","background-type":"","background-media":"","overlay-type":"","overlay-color":"","overlay-opacity":"","overlay-gradient":""},"mobile":{"background-color":"var(--ast-global-color-5)","background-image":"","background-repeat":"repeat","background-position":"center center","background-size":"auto","background-attachment":"scroll","background-type":"","background-media":"","overlay-type":"","overlay-color":"","overlay-opacity":"","overlay-gradient":""}}},"product_cat":[36],"product_tag":[],"class_list":{"0":"post-2678","1":"product","2":"type-product","3":"status-publish","4":"has-post-thumbnail","6":"product_cat-medium-excavator","7":"desktop-align-left","8":"tablet-align-left","9":"mobile-align-left","10":"ast-product-gallery-layout-horizontal-slider","11":"ast-magnify-disabled","12":"ast-product-tabs-layout-horizontal","14":"first","15":"instock","16":"shipping-taxable","17":"product-type-simple"},"acf":[],"_links":{"self":[{"href":"https:\/\/www.hcxmachinery.com\/fr\/wp-json\/wp\/v2\/product\/2678"}],"collection":[{"href":"https:\/\/www.hcxmachinery.com\/fr\/wp-json\/wp\/v2\/product"}],"about":[{"href":"https:\/\/www.hcxmachinery.com\/fr\/wp-json\/wp\/v2\/types\/product"}],"version-history":[{"count":13,"href":"https:\/\/www.hcxmachinery.com\/fr\/wp-json\/wp\/v2\/product\/2678\/revisions"}],"predecessor-version":[{"id":3451,"href":"https:\/\/www.hcxmachinery.com\/fr\/wp-json\/wp\/v2\/product\/2678\/revisions\/3451"}],"wp:featuredmedia":[{"embeddable":true,"href":"https:\/\/www.hcxmachinery.com\/fr\/wp-json\/wp\/v2\/media\/2677"}],"wp:attachment":[{"href":"https:\/\/www.hcxmachinery.com\/fr\/wp-json\/wp\/v2\/media?parent=2678"}],"wp:term":[{"taxonomy":"product_cat","embeddable":true,"href":"https:\/\/www.hcxmachinery.com\/fr\/wp-json\/wp\/v2\/product_cat?post=2678"},{"taxonomy":"product_tag","embeddable":true,"href":"https:\/\/www.hcxmachinery.com\/fr\/wp-json\/wp\/v2\/product_tag?post=2678"}],"curies":[{"name":"wp","href":"https:\/\/api.w.org\/{rel}","templated":true}]}}