{"id":2635,"date":"2025-04-28T03:25:11","date_gmt":"2025-04-28T03:25:11","guid":{"rendered":"https:\/\/www.hcxmachinery.com\/?post_type=product&#038;p=2635"},"modified":"2025-12-30T03:05:10","modified_gmt":"2025-12-30T03:05:10","slug":"excavateur-de-bonne-qualite-xe155ga-pour-la-vente","status":"publish","type":"product","link":"https:\/\/www.hcxmachinery.com\/fr\/produit\/excavateur-de-bonne-qualite-xe155ga-pour-la-vente\/","title":{"rendered":"Excavatrice d'occasion de bonne qualit\u00e9 XE155GA \u00e0 vendre"},"content":{"rendered":"<h1>XE155GA<\/h1>\n<p>L'excavateur hydraulique est \u00e9quip\u00e9 d'un moteur \u00e0 basse vitesse et \u00e0 couple \u00e9lev\u00e9, avec un rendement \u00e9lev\u00e9 et une faible consommation de carburant. Le grand ch\u00e2ssis et le tampon pilote sont plus stables et plus confortables \u00e0 utiliser ; les pi\u00e8ces d'entretien sont d\u00e9plac\u00e9es vers l'ext\u00e9rieur, la p\u00e9riode d'entretien est prolong\u00e9e, l'entretien est plus pratique ; une vari\u00e9t\u00e9 d'accessoires en option, ainsi que des fonctions de contr\u00f4le adaptatif de l'altitude, l'adaptabilit\u00e9 \u00e0 l'environnement est meilleure. Elle peut \u00eatre largement utilis\u00e9e dans les travaux de terre et de pierre de petite et moyenne taille, la construction d'autoroutes et de ponts, le creusement de tranch\u00e9es et la construction, la conservation de l'eau des terres agricoles, le dragage des rivi\u00e8res et la construction municipale. Elle peut \u00e9galement r\u00e9aliser diff\u00e9rentes op\u00e9rations telles que le creusement, le concassage et le d\u00e9mant\u00e8lement, et s'adapte parfaitement aux conditions de travail.<\/p>\n<h1>PARAM\u00c8TRES<\/h1>\n<table>\n<tbody>\n<tr>\n<td colspan=\"2\" width=\"69.3600%\">Mod\u00e8le<\/td>\n<td width=\"10.2000%\">Unit\u00e9<\/td>\n<td width=\"20.4200%\"><strong><b>XE155GA<\/b><\/strong><\/td>\n<\/tr>\n<tr>\n<td colspan=\"2\" width=\"69.3600%\">\u00a0Poids en ordre de marche<\/td>\n<td width=\"10.2000%\">Kg<\/td>\n<td width=\"20.4200%\">14600<\/td>\n<\/tr>\n<tr>\n<td colspan=\"2\" width=\"69.3600%\">Capacit\u00e9 du godet<\/td>\n<td width=\"10.2000%\">m\u00b3<\/td>\n<td width=\"20.4200%\">0.32\uff5e0.72<\/td>\n<\/tr>\n<tr>\n<td rowspan=\"10\" width=\"14.9800%\">\u00a0Moteur<\/td>\n<td width=\"54.3800%\">Mod\u00e8le<\/td>\n<td width=\"10.2000%\">\/<\/td>\n<td width=\"20.4200%\">F4.5CS4129<\/td>\n<\/tr>\n<tr>\n<td width=\"54.3800%\">Injection directe<\/td>\n<td width=\"10.2000%\">\/<\/td>\n<td width=\"20.4200%\">\u221a<\/td>\n<\/tr>\n<tr>\n<td width=\"54.3800%\">Quatre coups<\/td>\n<td width=\"10.2000%\">\/<\/td>\n<td width=\"20.4200%\">\u221a<\/td>\n<\/tr>\n<tr>\n<td width=\"54.3800%\">\u00a0Refroidissement par eau<\/td>\n<td width=\"10.2000%\">\/<\/td>\n<td width=\"20.4200%\">\u221a<\/td>\n<\/tr>\n<tr>\n<td width=\"54.3800%\">Turbocompresseur<\/td>\n<td width=\"10.2000%\">\/<\/td>\n<td width=\"20.4200%\">\u221a<\/td>\n<\/tr>\n<tr>\n<td width=\"54.3800%\">Refroidisseur air-air<\/td>\n<td width=\"10.2000%\">\/<\/td>\n<td width=\"20.4200%\">\u221a<\/td>\n<\/tr>\n<tr>\n<td width=\"54.3800%\">\u00a0Nombre de cylindres<\/td>\n<td width=\"10.2000%\">\/<\/td>\n<td width=\"20.4200%\">4<\/td>\n<\/tr>\n<tr>\n<td width=\"54.3800%\">\u00a0Puissance\/vitesse nominale\uff08ISO\uff09<\/td>\n<td width=\"10.2000%\">kw\/tr\/min<\/td>\n<td width=\"20.4200%\">96\/2200<\/td>\n<\/tr>\n<tr>\n<td width=\"54.3800%\">\u00a0Couple\/vitesse maximal(e)<\/td>\n<td width=\"10.2000%\">N.m<\/td>\n<td width=\"20.4200%\">570\/1300<\/td>\n<\/tr>\n<tr>\n<td width=\"54.3800%\">\u00a0Cylindr\u00e9e du piston<\/td>\n<td width=\"10.2000%\">L<\/td>\n<td width=\"20.4200%\">4.5<\/td>\n<\/tr>\n<tr>\n<td rowspan=\"7\" width=\"14.9800%\">Principales performances<\/td>\n<td width=\"54.3800%\">\u00a0Vitesse de d\u00e9placement\uff08H\/L)<\/td>\n<td width=\"10.2000%\">km\/h<\/td>\n<td width=\"20.4200%\">5.3\/3.0<\/td>\n<\/tr>\n<tr>\n<td width=\"54.3800%\">\u00a0Vitesse d'oscillation<\/td>\n<td width=\"10.2000%\">r\/min<\/td>\n<td width=\"20.4200%\">11<\/td>\n<\/tr>\n<tr>\n<td width=\"54.3800%\">Aptitude au classement<\/td>\n<td width=\"10.2000%\">\u00b0<\/td>\n<td width=\"20.4200%\">\u226435<\/td>\n<\/tr>\n<tr>\n<td width=\"54.3800%\">Pression au sol<\/td>\n<td width=\"10.2000%\">kPa<\/td>\n<td width=\"20.4200%\">37<\/td>\n<\/tr>\n<tr>\n<td width=\"54.3800%\">Force de creusement du godet<\/td>\n<td width=\"10.2000%\">kN<\/td>\n<td width=\"20.4200%\">107<\/td>\n<\/tr>\n<tr>\n<td width=\"54.3800%\">Force de creusement du bras<\/td>\n<td width=\"10.2000%\">kN<\/td>\n<td width=\"20.4200%\">80<\/td>\n<\/tr>\n<tr>\n<td width=\"54.3800%\">\u00a0Force de traction maximale<\/td>\n<td width=\"10.2000%\">kN<\/td>\n<td width=\"20.4200%\">134<\/td>\n<\/tr>\n<tr>\n<td rowspan=\"6\" width=\"14.9800%\">Syst\u00e8me hydraulique<\/td>\n<td width=\"54.3800%\">Pompe principale<\/td>\n<td width=\"10.2000%\">\/<\/td>\n<td width=\"20.4200%\">2\u00d7Pompe variable<\/td>\n<\/tr>\n<tr>\n<td width=\"54.3800%\">D\u00e9bit nominal de la pompe principale<\/td>\n<td width=\"10.2000%\">L\/min<\/td>\n<td width=\"20.4200%\">2\u00d7129<\/td>\n<\/tr>\n<tr>\n<td width=\"54.3800%\">Pression de r\u00e9glage de la soupape de d\u00e9charge<\/td>\n<td width=\"10.2000%\">MPa<\/td>\n<td width=\"20.4200%\">34.3\/37<\/td>\n<\/tr>\n<tr>\n<td width=\"54.3800%\">Pression du syst\u00e8me de d\u00e9placement<\/td>\n<td width=\"10.2000%\">MPa<\/td>\n<td width=\"20.4200%\">34.4<\/td>\n<\/tr>\n<tr>\n<td width=\"54.3800%\">Pression du syst\u00e8me de balancier<\/td>\n<td width=\"10.2000%\">MPa<\/td>\n<td width=\"20.4200%\">25<\/td>\n<\/tr>\n<tr>\n<td width=\"54.3800%\">Pression du syst\u00e8me pilote<\/td>\n<td width=\"10.2000%\">MPa<\/td>\n<td width=\"20.4200%\">3.9<\/td>\n<\/tr>\n<tr>\n<td rowspan=\"3\" width=\"14.9800%\">Capacit\u00e9 d'huile<\/td>\n<td width=\"54.3800%\">Capacit\u00e9 du r\u00e9servoir de carburant<\/td>\n<td width=\"10.2000%\">L<\/td>\n<td width=\"20.4200%\">240<\/td>\n<\/tr>\n<tr>\n<td width=\"54.3800%\">Capacit\u00e9 du r\u00e9servoir hydraulique<\/td>\n<td width=\"10.2000%\">L<\/td>\n<td width=\"20.4200%\">95<\/td>\n<\/tr>\n<tr>\n<td width=\"54.3800%\">Capacit\u00e9 d'huile moteur<\/td>\n<td width=\"10.2000%\">L<\/td>\n<td width=\"20.4200%\">11<\/td>\n<\/tr>\n<tr>\n<td rowspan=\"13\" width=\"14.9800%\">Taille de l'apparence<\/td>\n<td width=\"54.3800%\">Longueur totale<\/td>\n<td width=\"10.2000%\">mm<\/td>\n<td width=\"20.4200%\">7825<\/td>\n<\/tr>\n<tr>\n<td width=\"54.3800%\">Largeur totale<\/td>\n<td width=\"10.2000%\">mm<\/td>\n<td width=\"20.4200%\">2590<\/td>\n<\/tr>\n<tr>\n<td width=\"54.3800%\">\u00a0Hauteur totale<\/td>\n<td width=\"10.2000%\">mm<\/td>\n<td width=\"20.4200%\">2950<\/td>\n<\/tr>\n<tr>\n<td width=\"54.3800%\">\u00a0Largeur de la plate-forme<\/td>\n<td width=\"10.2000%\">mm<\/td>\n<td width=\"20.4200%\">2490<\/td>\n<\/tr>\n<tr>\n<td width=\"54.3800%\">Longueur de la voie<\/td>\n<td width=\"10.2000%\">mm<\/td>\n<td width=\"20.4200%\">3648<\/td>\n<\/tr>\n<tr>\n<td width=\"54.3800%\">Largeur totale du ch\u00e2ssis<\/td>\n<td width=\"10.2000%\">mm<\/td>\n<td width=\"20.4200%\">2490<\/td>\n<\/tr>\n<tr>\n<td width=\"54.3800%\">Largeur des chaussures de piste<\/td>\n<td width=\"10.2000%\">mm<\/td>\n<td width=\"20.4200%\">600<\/td>\n<\/tr>\n<tr>\n<td width=\"54.3800%\">Distance du gobelet<\/td>\n<td width=\"10.2000%\">mm<\/td>\n<td width=\"20.4200%\">2918<\/td>\n<\/tr>\n<tr>\n<td width=\"54.3800%\">\u00c9cartement des rails<\/td>\n<td width=\"10.2000%\">mm<\/td>\n<td width=\"20.4200%\">1990<\/td>\n<\/tr>\n<tr>\n<td width=\"54.3800%\">\u00a0D\u00e9gagement du contrepoids<\/td>\n<td width=\"10.2000%\">mm<\/td>\n<td width=\"20.4200%\">931<\/td>\n<\/tr>\n<tr>\n<td width=\"54.3800%\">Garde au sol minimale<\/td>\n<td width=\"10.2000%\">mm<\/td>\n<td width=\"20.4200%\">466<\/td>\n<\/tr>\n<tr>\n<td width=\"54.3800%\">Rayon minimal d'oscillation de la queue<\/td>\n<td width=\"10.2000%\">mm<\/td>\n<td width=\"20.4200%\">2360<\/td>\n<\/tr>\n<tr>\n<td width=\"54.3800%\">Hauteur de la voie<\/td>\n<td width=\"10.2000%\">mm<\/td>\n<td width=\"20.4200%\">802<\/td>\n<\/tr>\n<tr>\n<td rowspan=\"7\" width=\"14.9800%\">Champ d'application<\/td>\n<td width=\"54.3800%\">Hauteur de fouille maximale<\/td>\n<td width=\"10.2000%\">mm<\/td>\n<td width=\"20.4200%\">8620<\/td>\n<\/tr>\n<tr>\n<td width=\"54.3800%\">Hauteur de d\u00e9versement maximale<\/td>\n<td width=\"10.2000%\">mm<\/td>\n<td width=\"20.4200%\">6175<\/td>\n<\/tr>\n<tr>\n<td width=\"54.3800%\">Profondeur de fouille maximale<\/td>\n<td width=\"10.2000%\">mm<\/td>\n<td width=\"20.4200%\">5545<\/td>\n<\/tr>\n<tr>\n<td width=\"54.3800%\">Profondeur maximale de coupe pour un fond de 8 pieds<\/td>\n<td width=\"10.2000%\">mm<\/td>\n<td width=\"20.4200%\">5335<\/td>\n<\/tr>\n<tr>\n<td width=\"54.3800%\">Profondeur de fouille verticale maximale<\/td>\n<td width=\"10.2000%\">mm<\/td>\n<td width=\"20.4200%\">4575<\/td>\n<\/tr>\n<tr>\n<td width=\"54.3800%\">Rayon de creusement maximum<\/td>\n<td width=\"10.2000%\">mm<\/td>\n<td width=\"20.4200%\">8295<\/td>\n<\/tr>\n<tr>\n<td width=\"54.3800%\">Rayon de pivotement minimum<\/td>\n<td width=\"10.2000%\">mm<\/td>\n<td width=\"20.4200%\">2445<\/td>\n<\/tr>\n<tr>\n<td rowspan=\"3\" width=\"14.9800%\">Standard<\/td>\n<td width=\"54.3800%\">Longueur de la fl\u00e8che<\/td>\n<td width=\"10.2000%\">mm<\/td>\n<td width=\"20.4200%\">4600<\/td>\n<\/tr>\n<tr>\n<td width=\"54.3800%\">Longueur du bras<\/td>\n<td width=\"10.2000%\">mm<\/td>\n<td width=\"20.4200%\">2520<\/td>\n<\/tr>\n<tr>\n<td width=\"54.3800%\">Capacit\u00e9 du godet<\/td>\n<td width=\"10.2000%\">m\u00b3<\/td>\n<td width=\"20.4200%\">0,65(Renforcer le seau)<\/td>\n<\/tr>\n<tr>\n<td rowspan=\"3\" width=\"14.9800%\">En option<\/td>\n<td width=\"54.3800%\">Longueur de la fl\u00e8che<\/td>\n<td width=\"10.2000%\">mm<\/td>\n<td width=\"20.4200%\">&#8211;<\/td>\n<\/tr>\n<tr>\n<td width=\"54.3800%\">Longueur du bras<\/td>\n<td width=\"10.2000%\">mm<\/td>\n<td width=\"20.4200%\">2100\/3010<\/td>\n<\/tr>\n<tr>\n<td width=\"54.3800%\">Capacit\u00e9 du godet<\/td>\n<td width=\"10.2000%\">m\u00b3<\/td>\n<td width=\"20.4200%\">0.32\/0.4\/0.61\/0.72(Earthwork bucket)<\/p>\n<p>0.52\uff08Rock bucket\uff09 (seau \u00e0 pierres)<\/td>\n<\/tr>\n<\/tbody>\n<\/table>\n<p><img fetchpriority=\"high\" decoding=\"async\" class=\"alignnone size-medium wp-image-2666\" src=\"https:\/\/www.hcxmachinery.com\/wp-content\/uploads\/2025\/04\/XE155GA-01_WH_800x800px-300x300.jpg\" alt=\"\" width=\"300\" height=\"300\" title=\"\" srcset=\"https:\/\/www.hcxmachinery.com\/wp-content\/uploads\/2025\/04\/XE155GA-01_WH_800x800px-300x300.jpg 300w, https:\/\/www.hcxmachinery.com\/wp-content\/uploads\/2025\/04\/XE155GA-01_WH_800x800px-150x150.jpg 150w, https:\/\/www.hcxmachinery.com\/wp-content\/uploads\/2025\/04\/XE155GA-01_WH_800x800px-768x768.jpg 768w, https:\/\/www.hcxmachinery.com\/wp-content\/uploads\/2025\/04\/XE155GA-01_WH_800x800px-600x600.jpg 600w, https:\/\/www.hcxmachinery.com\/wp-content\/uploads\/2025\/04\/XE155GA-01_WH_800x800px-100x100.jpg 100w, https:\/\/www.hcxmachinery.com\/wp-content\/uploads\/2025\/04\/XE155GA-01_WH_800x800px.jpg 800w\" sizes=\"(max-width: 300px) 100vw, 300px\" \/> <img decoding=\"async\" class=\"alignnone size-medium wp-image-2667\" src=\"https:\/\/www.hcxmachinery.com\/wp-content\/uploads\/2025\/04\/XE155GA-02_WH_800x800px-300x300.jpg\" alt=\"\" width=\"300\" height=\"300\" title=\"\" srcset=\"https:\/\/www.hcxmachinery.com\/wp-content\/uploads\/2025\/04\/XE155GA-02_WH_800x800px-300x300.jpg 300w, https:\/\/www.hcxmachinery.com\/wp-content\/uploads\/2025\/04\/XE155GA-02_WH_800x800px-150x150.jpg 150w, https:\/\/www.hcxmachinery.com\/wp-content\/uploads\/2025\/04\/XE155GA-02_WH_800x800px-768x768.jpg 768w, https:\/\/www.hcxmachinery.com\/wp-content\/uploads\/2025\/04\/XE155GA-02_WH_800x800px-600x600.jpg 600w, https:\/\/www.hcxmachinery.com\/wp-content\/uploads\/2025\/04\/XE155GA-02_WH_800x800px-100x100.jpg 100w, https:\/\/www.hcxmachinery.com\/wp-content\/uploads\/2025\/04\/XE155GA-02_WH_800x800px.jpg 800w\" sizes=\"(max-width: 300px) 100vw, 300px\" \/> <img decoding=\"async\" class=\"alignnone size-medium wp-image-2668\" src=\"https:\/\/www.hcxmachinery.com\/wp-content\/uploads\/2025\/04\/XE155GA-03_WH_800x800px-300x300.jpg\" alt=\"\" width=\"300\" height=\"300\" title=\"\" srcset=\"https:\/\/www.hcxmachinery.com\/wp-content\/uploads\/2025\/04\/XE155GA-03_WH_800x800px-300x300.jpg 300w, https:\/\/www.hcxmachinery.com\/wp-content\/uploads\/2025\/04\/XE155GA-03_WH_800x800px-150x150.jpg 150w, https:\/\/www.hcxmachinery.com\/wp-content\/uploads\/2025\/04\/XE155GA-03_WH_800x800px-768x768.jpg 768w, https:\/\/www.hcxmachinery.com\/wp-content\/uploads\/2025\/04\/XE155GA-03_WH_800x800px-600x600.jpg 600w, https:\/\/www.hcxmachinery.com\/wp-content\/uploads\/2025\/04\/XE155GA-03_WH_800x800px-100x100.jpg 100w, https:\/\/www.hcxmachinery.com\/wp-content\/uploads\/2025\/04\/XE155GA-03_WH_800x800px.jpg 800w\" sizes=\"(max-width: 300px) 100vw, 300px\" \/> <img loading=\"lazy\" decoding=\"async\" class=\"alignnone size-medium wp-image-2669\" src=\"https:\/\/www.hcxmachinery.com\/wp-content\/uploads\/2025\/04\/XE155GA-04_WH_800x800px-300x300.jpg\" alt=\"\" width=\"300\" height=\"300\" title=\"\" srcset=\"https:\/\/www.hcxmachinery.com\/wp-content\/uploads\/2025\/04\/XE155GA-04_WH_800x800px-300x300.jpg 300w, https:\/\/www.hcxmachinery.com\/wp-content\/uploads\/2025\/04\/XE155GA-04_WH_800x800px-150x150.jpg 150w, https:\/\/www.hcxmachinery.com\/wp-content\/uploads\/2025\/04\/XE155GA-04_WH_800x800px-768x768.jpg 768w, https:\/\/www.hcxmachinery.com\/wp-content\/uploads\/2025\/04\/XE155GA-04_WH_800x800px-600x600.jpg 600w, https:\/\/www.hcxmachinery.com\/wp-content\/uploads\/2025\/04\/XE155GA-04_WH_800x800px-100x100.jpg 100w, https:\/\/www.hcxmachinery.com\/wp-content\/uploads\/2025\/04\/XE155GA-04_WH_800x800px.jpg 800w\" sizes=\"(max-width: 300px) 100vw, 300px\" \/><\/p>","protected":false},"excerpt":{"rendered":"<p>XE155GA The hydraulic excavator is equipped with a low-speed high-torque engine with high efficiency and low fuelconsumption. The large undercarrige [&hellip;]<\/p>","protected":false},"featured_media":2636,"template":"","meta":{"_acf_changed":false,"site-sidebar-layout":"default","site-content-layout":"","ast-site-content-layout":"default","site-content-style":"default","site-sidebar-style":"default","ast-global-header-display":"","ast-banner-title-visibility":"","ast-main-header-display":"","ast-hfb-above-header-display":"","ast-hfb-below-header-display":"","ast-hfb-mobile-header-display":"","site-post-title":"","ast-breadcrumbs-content":"","ast-featured-img":"","footer-sml-layout":"","theme-transparent-header-meta":"default","adv-header-id-meta":"","stick-header-meta":"default","header-above-stick-meta":"","header-main-stick-meta":"","header-below-stick-meta":"","astra-migrate-meta-layouts":"set","ast-page-background-enabled":"default","ast-page-background-meta":{"desktop":{"background-color":"var(--ast-global-color-4)","background-image":"","background-repeat":"repeat","background-position":"center center","background-size":"auto","background-attachment":"scroll","background-type":"","background-media":"","overlay-type":"","overlay-color":"","overlay-opacity":"","overlay-gradient":""},"tablet":{"background-color":"","background-image":"","background-repeat":"repeat","background-position":"center center","background-size":"auto","background-attachment":"scroll","background-type":"","background-media":"","overlay-type":"","overlay-color":"","overlay-opacity":"","overlay-gradient":""},"mobile":{"background-color":"","background-image":"","background-repeat":"repeat","background-position":"center center","background-size":"auto","background-attachment":"scroll","background-type":"","background-media":"","overlay-type":"","overlay-color":"","overlay-opacity":"","overlay-gradient":""}},"ast-content-background-meta":{"desktop":{"background-color":"var(--ast-global-color-5)","background-image":"","background-repeat":"repeat","background-position":"center center","background-size":"auto","background-attachment":"scroll","background-type":"","background-media":"","overlay-type":"","overlay-color":"","overlay-opacity":"","overlay-gradient":""},"tablet":{"background-color":"var(--ast-global-color-5)","background-image":"","background-repeat":"repeat","background-position":"center center","background-size":"auto","background-attachment":"scroll","background-type":"","background-media":"","overlay-type":"","overlay-color":"","overlay-opacity":"","overlay-gradient":""},"mobile":{"background-color":"var(--ast-global-color-5)","background-image":"","background-repeat":"repeat","background-position":"center center","background-size":"auto","background-attachment":"scroll","background-type":"","background-media":"","overlay-type":"","overlay-color":"","overlay-opacity":"","overlay-gradient":""}}},"product_cat":[36],"product_tag":[],"class_list":{"0":"post-2635","1":"product","2":"type-product","3":"status-publish","4":"has-post-thumbnail","6":"product_cat-medium-excavator","7":"desktop-align-left","8":"tablet-align-left","9":"mobile-align-left","10":"ast-product-gallery-layout-horizontal-slider","11":"ast-magnify-disabled","12":"ast-product-tabs-layout-horizontal","14":"first","15":"instock","16":"shipping-taxable","17":"product-type-simple"},"acf":[],"_links":{"self":[{"href":"https:\/\/www.hcxmachinery.com\/fr\/wp-json\/wp\/v2\/product\/2635"}],"collection":[{"href":"https:\/\/www.hcxmachinery.com\/fr\/wp-json\/wp\/v2\/product"}],"about":[{"href":"https:\/\/www.hcxmachinery.com\/fr\/wp-json\/wp\/v2\/types\/product"}],"version-history":[{"count":7,"href":"https:\/\/www.hcxmachinery.com\/fr\/wp-json\/wp\/v2\/product\/2635\/revisions"}],"predecessor-version":[{"id":3442,"href":"https:\/\/www.hcxmachinery.com\/fr\/wp-json\/wp\/v2\/product\/2635\/revisions\/3442"}],"wp:featuredmedia":[{"embeddable":true,"href":"https:\/\/www.hcxmachinery.com\/fr\/wp-json\/wp\/v2\/media\/2636"}],"wp:attachment":[{"href":"https:\/\/www.hcxmachinery.com\/fr\/wp-json\/wp\/v2\/media?parent=2635"}],"wp:term":[{"taxonomy":"product_cat","embeddable":true,"href":"https:\/\/www.hcxmachinery.com\/fr\/wp-json\/wp\/v2\/product_cat?post=2635"},{"taxonomy":"product_tag","embeddable":true,"href":"https:\/\/www.hcxmachinery.com\/fr\/wp-json\/wp\/v2\/product_tag?post=2635"}],"curies":[{"name":"wp","href":"https:\/\/api.w.org\/{rel}","templated":true}]}}