{"id":2060,"date":"2024-12-16T02:13:17","date_gmt":"2024-12-16T02:13:17","guid":{"rendered":"https:\/\/www.hcxmachinery.com\/?post_type=product&#038;p=2060"},"modified":"2025-12-30T07:08:53","modified_gmt":"2025-12-30T07:08:53","slug":"xe650dp-enfonceur-de-pieux-de-bonne-qualite-pour-la-vente","status":"publish","type":"product","link":"https:\/\/www.hcxmachinery.com\/fr\/produit\/xe650dp-enfonceur-de-pieux-de-bonne-qualite-pour-la-vente\/","title":{"rendered":"Vente d'un enfonceur de pieux d'occasion de bonne qualit\u00e9 XE650DP"},"content":{"rendered":"<h2>XE650DP<\/h2>\n<p>Ce produit pr\u00e9sente l'avantage d'une faible vitesse et d'un couple \u00e9lev\u00e9, ce qui permet de r\u00e9pondre \u00e0 la forte puissance de sortie dans des conditions de travail difficiles et de minimiser la consommation de carburant, et offre une bonne \u00e9conomie d'utilisation. Il est dot\u00e9 d'un syst\u00e8me de refroidissement ind\u00e9pendant \u00e0 entra\u00eenement hydraulique tr\u00e8s adaptable, qui peut s'adapter \u00e0 des conditions de travail \u00e0 basse temp\u00e9rature ; sa fonction d'inversion du ventilateur est pratique pour le nettoyage du radiateur. Il est \u00e9quip\u00e9 d'une pompe principale de plus grande cylindr\u00e9e et d'un nouveau type de soupape principale, avec une faible perte de pression, des performances stables, une bonne man\u0153uvrabilit\u00e9, un contr\u00f4le pr\u00e9cis, etc.<\/p>\n<h2>PARAM\u00c8TRES<\/h2>\n<table width=\"472\">\n<tbody>\n<tr>\n<td width=\"245\"><strong>Param\u00e8tres<\/strong><\/td>\n<td width=\"72\"><strong>Unit\u00e9<\/strong><\/td>\n<td width=\"155\"><strong>XE650DP\u00a0<\/strong><\/td>\n<\/tr>\n<tr>\n<td width=\"245\">Poids en ordre de marche<\/td>\n<td width=\"72\">kg<\/td>\n<td width=\"155\">62000<\/td>\n<\/tr>\n<tr>\n<td colspan=\"3\" width=\"472\"><strong>Moteur<\/strong><\/td>\n<\/tr>\n<tr>\n<td width=\"245\">Mod\u00e8le de moteur<\/td>\n<td width=\"72\">\/<\/td>\n<td>Cummins QSM11<\/td>\n<\/tr>\n<tr>\n<td>Injection directe<\/td>\n<td width=\"72\">\/<\/td>\n<td width=\"155\">\u221a<\/td>\n<\/tr>\n<tr>\n<td>Quatre coups<\/td>\n<td width=\"72\">\/<\/td>\n<td width=\"155\">\u221a<\/td>\n<\/tr>\n<tr>\n<td>Refroidissement par eau<\/td>\n<td width=\"72\">\/<\/td>\n<td width=\"155\">\u221a<\/td>\n<\/tr>\n<tr>\n<td>Turbocompresseur<\/td>\n<td width=\"72\">\/<\/td>\n<td width=\"155\">\u221a<\/td>\n<\/tr>\n<tr>\n<td width=\"245\">Refroidissement interm\u00e9diaire air-air<\/td>\n<td width=\"72\">\/<\/td>\n<td width=\"155\">\u221a<\/td>\n<\/tr>\n<tr>\n<td width=\"245\">Nombre de cylindres<\/td>\n<td width=\"72\">\/<\/td>\n<td width=\"155\">6<\/td>\n<\/tr>\n<tr>\n<td width=\"245\">Puissance du moteur<\/td>\n<td width=\"72\">kW\/tr\/min<\/td>\n<td width=\"155\">280\/2000<\/td>\n<\/tr>\n<tr>\n<td>Couple\/vitesse maximal(e)<\/td>\n<td width=\"72\">N.m\/rpm<\/td>\n<td width=\"155\">1898\/(1300r\/min)<\/td>\n<\/tr>\n<tr>\n<td>D\u00e9placement<\/td>\n<td width=\"72\">L<\/td>\n<td width=\"155\">11<\/td>\n<\/tr>\n<tr>\n<td colspan=\"3\" width=\"472\"><strong>Performance principale<\/strong><\/td>\n<\/tr>\n<tr>\n<td width=\"245\">Vitesse de d\u00e9placement<\/td>\n<td width=\"72\">km\/h<\/td>\n<td width=\"155\">5.2\/2.9<\/td>\n<\/tr>\n<tr>\n<td width=\"245\">Vitesse d'oscillation<\/td>\n<td width=\"72\">r\/min<\/td>\n<td width=\"155\">9.2<\/td>\n<\/tr>\n<tr>\n<td width=\"245\">Aptitude \u00e0 la notation<\/td>\n<td width=\"72\">\/<\/td>\n<td width=\"155\">\u226435<\/td>\n<\/tr>\n<tr>\n<td width=\"245\">Pression au sol<\/td>\n<td width=\"72\">kPa<\/td>\n<td width=\"155\">80<\/td>\n<\/tr>\n<tr>\n<td width=\"245\">Force de traction maximale<\/td>\n<td width=\"72\">kN<\/td>\n<td width=\"155\">370<\/td>\n<\/tr>\n<tr>\n<td width=\"245\">Force de vibration<\/td>\n<td width=\"72\">kN<\/td>\n<td width=\"155\">595<\/td>\n<\/tr>\n<tr>\n<td colspan=\"3\" width=\"472\">Syst\u00e8me hydraulique<\/td>\n<\/tr>\n<tr>\n<td width=\"245\">Pompe principale<\/td>\n<td width=\"72\">\/<\/td>\n<td width=\"155\">2 Pompes \u00e0 piston<\/td>\n<\/tr>\n<tr>\n<td width=\"245\">D\u00e9bit nominal de la pompe principale<\/td>\n<td width=\"72\">L\/min<\/td>\n<td width=\"155\">2\u00d7360<\/td>\n<\/tr>\n<tr>\n<td width=\"245\">Pression de la soupape de s\u00e9curit\u00e9 principale<\/td>\n<td width=\"72\">MPa<\/td>\n<td width=\"155\">34.3\/37<\/td>\n<\/tr>\n<tr>\n<td width=\"245\">Pression du syst\u00e8me de d\u00e9placement<\/td>\n<td width=\"72\">MPa<\/td>\n<td width=\"155\">34.3<\/td>\n<\/tr>\n<tr>\n<td width=\"245\">Pression du syst\u00e8me d'oscillation<\/td>\n<td width=\"72\">MPa<\/td>\n<td width=\"155\">31<\/td>\n<\/tr>\n<tr>\n<td width=\"245\">Pression du syst\u00e8me pilote<\/td>\n<td width=\"72\">MPa<\/td>\n<td width=\"155\">3.9<\/td>\n<\/tr>\n<tr>\n<td colspan=\"3\" width=\"472\"><strong>Volume d'huile<\/strong><\/td>\n<\/tr>\n<tr>\n<td width=\"245\">Volume du r\u00e9servoir de carburant<\/td>\n<td width=\"72\">L<\/td>\n<td width=\"155\">725<\/td>\n<\/tr>\n<tr>\n<td width=\"245\">Volume du r\u00e9servoir d'huile hydraulique<\/td>\n<td width=\"72\">L<\/td>\n<td width=\"155\">430<\/td>\n<\/tr>\n<tr>\n<td width=\"245\">Volume d'huile moteur<\/td>\n<td width=\"72\">L<\/td>\n<td width=\"155\">38<\/td>\n<\/tr>\n<tr>\n<td colspan=\"3\" width=\"472\"><strong>Dimensions ext\u00e9rieures<\/strong><\/td>\n<\/tr>\n<tr>\n<td width=\"245\">A Longueur totale<\/td>\n<td width=\"72\">mm<\/td>\n<td width=\"155\">17890<\/td>\n<\/tr>\n<tr>\n<td width=\"245\">B Largeur totale<\/td>\n<td width=\"72\">mm<\/td>\n<td width=\"155\">3572<\/td>\n<\/tr>\n<tr>\n<td width=\"245\">C Hauteur totale<\/td>\n<td width=\"72\">mm<\/td>\n<td width=\"155\">3340<\/td>\n<\/tr>\n<tr>\n<td width=\"245\">D Largeur du plateau tournant<\/td>\n<td width=\"72\">mm<\/td>\n<td width=\"155\">3095<\/td>\n<\/tr>\n<tr>\n<td width=\"245\">E Longueur des chenilles<\/td>\n<td width=\"72\">mm<\/td>\n<td width=\"155\">5470<\/td>\n<\/tr>\n<tr>\n<td width=\"245\">F Largeur totale du ch\u00e2ssis<\/td>\n<td width=\"72\">mm<\/td>\n<td width=\"155\">3572<\/td>\n<\/tr>\n<tr>\n<td width=\"245\">G Largeur du plateau de la chenille<\/td>\n<td width=\"72\">mm<\/td>\n<td width=\"155\">800<\/td>\n<\/tr>\n<tr>\n<td width=\"245\">H Empattement des chenilles<\/td>\n<td width=\"72\">mm<\/td>\n<td width=\"155\">4407<\/td>\n<\/tr>\n<tr>\n<td width=\"245\">Jauge I (distance centrale)<\/td>\n<td width=\"72\">mm<\/td>\n<td width=\"155\">2740<\/td>\n<\/tr>\n<tr>\n<td width=\"245\">J Garde au sol du contrepoids<\/td>\n<td width=\"72\">mm<\/td>\n<td width=\"155\">1353<\/td>\n<\/tr>\n<tr>\n<td width=\"245\">K Garde au sol minimale<\/td>\n<td width=\"72\">mm<\/td>\n<td width=\"155\">518<\/td>\n<\/tr>\n<tr>\n<td width=\"245\">L Rayon de pivotement minimal de la queue<\/td>\n<td width=\"72\">mm<\/td>\n<td width=\"155\">4750<\/td>\n<\/tr>\n<tr>\n<td width=\"245\">M Hauteur des chenilles<\/td>\n<td width=\"72\">mm<\/td>\n<td width=\"155\">1221<\/td>\n<\/tr>\n<tr>\n<td colspan=\"3\" width=\"472\">Configuration<\/td>\n<\/tr>\n<tr>\n<td width=\"245\">N1 Hauteur maximale de la pince<\/td>\n<td width=\"72\">mm<\/td>\n<td width=\"155\">20600<\/td>\n<\/tr>\n<tr>\n<td width=\"245\">Distance entre la hauteur de serrage maximale de N2 et l'extr\u00e9mit\u00e9 avant du rail<\/td>\n<td width=\"72\">mm<\/td>\n<td width=\"155\">2800<\/td>\n<\/tr>\n<tr>\n<td width=\"245\">Longueur de la rampe<\/td>\n<td width=\"72\">mm<\/td>\n<td width=\"155\">13180<\/td>\n<\/tr>\n<tr>\n<td width=\"245\">Longueur du bras<\/td>\n<td width=\"72\">mm<\/td>\n<td width=\"155\">6200<\/td>\n<\/tr>\n<\/tbody>\n<\/table>\n<p>&nbsp;<\/p>","protected":false},"excerpt":{"rendered":"<p>XE650DP This product has the advantage of low-speed and large torque output, which can meet the strong power output under [&hellip;]<\/p>","protected":false},"featured_media":2070,"template":"","meta":{"_acf_changed":false,"site-sidebar-layout":"default","site-content-layout":"","ast-site-content-layout":"default","site-content-style":"default","site-sidebar-style":"default","ast-global-header-display":"","ast-banner-title-visibility":"","ast-main-header-display":"","ast-hfb-above-header-display":"","ast-hfb-below-header-display":"","ast-hfb-mobile-header-display":"","site-post-title":"","ast-breadcrumbs-content":"","ast-featured-img":"","footer-sml-layout":"","theme-transparent-header-meta":"default","adv-header-id-meta":"","stick-header-meta":"default","header-above-stick-meta":"","header-main-stick-meta":"","header-below-stick-meta":"","astra-migrate-meta-layouts":"set","ast-page-background-enabled":"default","ast-page-background-meta":{"desktop":{"background-color":"var(--ast-global-color-4)","background-image":"","background-repeat":"repeat","background-position":"center center","background-size":"auto","background-attachment":"scroll","background-type":"","background-media":"","overlay-type":"","overlay-color":"","overlay-opacity":"","overlay-gradient":""},"tablet":{"background-color":"","background-image":"","background-repeat":"repeat","background-position":"center center","background-size":"auto","background-attachment":"scroll","background-type":"","background-media":"","overlay-type":"","overlay-color":"","overlay-opacity":"","overlay-gradient":""},"mobile":{"background-color":"","background-image":"","background-repeat":"repeat","background-position":"center center","background-size":"auto","background-attachment":"scroll","background-type":"","background-media":"","overlay-type":"","overlay-color":"","overlay-opacity":"","overlay-gradient":""}},"ast-content-background-meta":{"desktop":{"background-color":"var(--ast-global-color-5)","background-image":"","background-repeat":"repeat","background-position":"center center","background-size":"auto","background-attachment":"scroll","background-type":"","background-media":"","overlay-type":"","overlay-color":"","overlay-opacity":"","overlay-gradient":""},"tablet":{"background-color":"var(--ast-global-color-5)","background-image":"","background-repeat":"repeat","background-position":"center center","background-size":"auto","background-attachment":"scroll","background-type":"","background-media":"","overlay-type":"","overlay-color":"","overlay-opacity":"","overlay-gradient":""},"mobile":{"background-color":"var(--ast-global-color-5)","background-image":"","background-repeat":"repeat","background-position":"center center","background-size":"auto","background-attachment":"scroll","background-type":"","background-media":"","overlay-type":"","overlay-color":"","overlay-opacity":"","overlay-gradient":""}}},"product_cat":[19,40],"product_tag":[47],"class_list":{"0":"post-2060","1":"product","2":"type-product","3":"status-publish","4":"has-post-thumbnail","6":"product_cat-excavator","7":"product_cat-special-operations-excavator","8":"product_tag-47","9":"desktop-align-left","10":"tablet-align-left","11":"mobile-align-left","12":"ast-product-gallery-layout-horizontal-slider","13":"ast-magnify-disabled","14":"ast-product-tabs-layout-horizontal","16":"first","17":"instock","18":"shipping-taxable","19":"product-type-simple"},"acf":[],"_links":{"self":[{"href":"https:\/\/www.hcxmachinery.com\/fr\/wp-json\/wp\/v2\/product\/2060"}],"collection":[{"href":"https:\/\/www.hcxmachinery.com\/fr\/wp-json\/wp\/v2\/product"}],"about":[{"href":"https:\/\/www.hcxmachinery.com\/fr\/wp-json\/wp\/v2\/types\/product"}],"version-history":[{"count":19,"href":"https:\/\/www.hcxmachinery.com\/fr\/wp-json\/wp\/v2\/product\/2060\/revisions"}],"predecessor-version":[{"id":3461,"href":"https:\/\/www.hcxmachinery.com\/fr\/wp-json\/wp\/v2\/product\/2060\/revisions\/3461"}],"wp:featuredmedia":[{"embeddable":true,"href":"https:\/\/www.hcxmachinery.com\/fr\/wp-json\/wp\/v2\/media\/2070"}],"wp:attachment":[{"href":"https:\/\/www.hcxmachinery.com\/fr\/wp-json\/wp\/v2\/media?parent=2060"}],"wp:term":[{"taxonomy":"product_cat","embeddable":true,"href":"https:\/\/www.hcxmachinery.com\/fr\/wp-json\/wp\/v2\/product_cat?post=2060"},{"taxonomy":"product_tag","embeddable":true,"href":"https:\/\/www.hcxmachinery.com\/fr\/wp-json\/wp\/v2\/product_tag?post=2060"}],"curies":[{"name":"wp","href":"https:\/\/api.w.org\/{rel}","templated":true}]}}