{"id":2007,"date":"2024-12-16T01:53:22","date_gmt":"2024-12-16T01:53:22","guid":{"rendered":"https:\/\/www.hcxmachinery.com\/?post_type=product&#038;p=2007"},"modified":"2025-12-08T08:08:16","modified_gmt":"2025-12-08T08:08:16","slug":"excavateur-doccasion-xe335e-de-bonne-qualite-pour-la-vente","status":"publish","type":"product","link":"https:\/\/www.hcxmachinery.com\/fr\/produit\/excavateur-doccasion-xe335e-de-bonne-qualite-pour-la-vente\/","title":{"rendered":"Pelle d'occasion de bonne qualit\u00e9 XE335E \u00e0 vendre"},"content":{"rendered":"<h2>XE335E<\/h2>\n<p>1. \u00e9conomie d'\u00e9nergie et respect de l'environnement : le moteur sp\u00e9cial XCMG a une courbe de couple personnalis\u00e9e, un couple \u00e9lev\u00e9 \u00e0 basse vitesse, une bonne \u00e9conomie, un mode de puissance constante dans une plage de vitesse sp\u00e9cifique, et maintient toujours une puissance de sortie \u00e9lev\u00e9e en cas de charge lourde et de vitesse faible.<\/p>\n<p>2. plus fiable et durable : le cadre en X renforc\u00e9, les quatre roues et la courroie rendent la qualit\u00e9 plus fiable ; la structure de moulage en une seule pi\u00e8ce du bras mobile et de la barre du godet rend la force plus r\u00e9guli\u00e8re et la dur\u00e9e de vie plus longue ; la structure \u00e0 double arc du godet de grande capacit\u00e9 r\u00e9duit efficacement la r\u00e9sistance au creusage et rend le fonctionnement plus efficace.<\/p>\n<p>3. un contr\u00f4le plus intelligent : Le syst\u00e8me XEICS, dont les droits de propri\u00e9t\u00e9 intellectuelle sont ind\u00e9pendants, adopte la communication par bus CAN pour r\u00e9aliser la fonction de contr\u00f4le correspondante, ce qui permet de s'adapter efficacement \u00e0 l'environnement de travail, aux conditions de travail et \u00e0 la charge de travail.<\/p>\n<p>4. plus confortable et plus s\u00fbr : cabine pressuris\u00e9e, garantissant efficacement la propret\u00e9 de la cabine ; amortisseur scell\u00e9 \u00e0 l'huile de silicone import\u00e9e, si\u00e8ge \u00e0 suspension \u00e0 gaz, op\u00e9ration plus confortable ; cadre de cabine \u00e0 absorption d'\u00e9nergie \u00e9lev\u00e9e, nouvelle structure de protection, plus s\u00fbre et plus fiable.<\/p>\n<p><img fetchpriority=\"high\" decoding=\"async\" class=\"alignnone size-medium wp-image-2012\" src=\"https:\/\/www.hcxmachinery.com\/wp-content\/uploads\/2024\/12\/335\u4ea7\u54c1\u7ec6\u8282\u56fe1_WH_800x800px-300x300.webp\" alt=\"\" width=\"300\" height=\"300\" title=\"\" srcset=\"https:\/\/www.hcxmachinery.com\/wp-content\/uploads\/2024\/12\/335\u4ea7\u54c1\u7ec6\u8282\u56fe1_WH_800x800px-300x300.webp 300w, https:\/\/www.hcxmachinery.com\/wp-content\/uploads\/2024\/12\/335\u4ea7\u54c1\u7ec6\u8282\u56fe1_WH_800x800px-150x150.webp 150w, https:\/\/www.hcxmachinery.com\/wp-content\/uploads\/2024\/12\/335\u4ea7\u54c1\u7ec6\u8282\u56fe1_WH_800x800px-768x768.webp 768w, https:\/\/www.hcxmachinery.com\/wp-content\/uploads\/2024\/12\/335\u4ea7\u54c1\u7ec6\u8282\u56fe1_WH_800x800px-600x600.webp 600w, https:\/\/www.hcxmachinery.com\/wp-content\/uploads\/2024\/12\/335\u4ea7\u54c1\u7ec6\u8282\u56fe1_WH_800x800px-100x100.webp 100w, https:\/\/www.hcxmachinery.com\/wp-content\/uploads\/2024\/12\/335\u4ea7\u54c1\u7ec6\u8282\u56fe1_WH_800x800px.webp 800w\" sizes=\"(max-width: 300px) 100vw, 300px\" \/> <img decoding=\"async\" class=\"alignnone size-medium wp-image-2013\" src=\"https:\/\/www.hcxmachinery.com\/wp-content\/uploads\/2024\/12\/335\u4ea7\u54c1\u7ec6\u8282\u56fe2_WH_800x800px-300x300.webp\" alt=\"\" width=\"300\" height=\"300\" title=\"\" srcset=\"https:\/\/www.hcxmachinery.com\/wp-content\/uploads\/2024\/12\/335\u4ea7\u54c1\u7ec6\u8282\u56fe2_WH_800x800px-300x300.webp 300w, https:\/\/www.hcxmachinery.com\/wp-content\/uploads\/2024\/12\/335\u4ea7\u54c1\u7ec6\u8282\u56fe2_WH_800x800px-150x150.webp 150w, https:\/\/www.hcxmachinery.com\/wp-content\/uploads\/2024\/12\/335\u4ea7\u54c1\u7ec6\u8282\u56fe2_WH_800x800px-768x768.webp 768w, https:\/\/www.hcxmachinery.com\/wp-content\/uploads\/2024\/12\/335\u4ea7\u54c1\u7ec6\u8282\u56fe2_WH_800x800px-600x600.webp 600w, https:\/\/www.hcxmachinery.com\/wp-content\/uploads\/2024\/12\/335\u4ea7\u54c1\u7ec6\u8282\u56fe2_WH_800x800px-100x100.webp 100w, https:\/\/www.hcxmachinery.com\/wp-content\/uploads\/2024\/12\/335\u4ea7\u54c1\u7ec6\u8282\u56fe2_WH_800x800px.webp 800w\" sizes=\"(max-width: 300px) 100vw, 300px\" \/> <img decoding=\"async\" class=\"alignnone size-medium wp-image-2014\" src=\"https:\/\/www.hcxmachinery.com\/wp-content\/uploads\/2024\/12\/335\u4ea7\u54c1\u7ec6\u8282\u56fe3_WH_800x800px-300x300.webp\" alt=\"\" width=\"300\" height=\"300\" title=\"\" srcset=\"https:\/\/www.hcxmachinery.com\/wp-content\/uploads\/2024\/12\/335\u4ea7\u54c1\u7ec6\u8282\u56fe3_WH_800x800px-300x300.webp 300w, https:\/\/www.hcxmachinery.com\/wp-content\/uploads\/2024\/12\/335\u4ea7\u54c1\u7ec6\u8282\u56fe3_WH_800x800px-150x150.webp 150w, https:\/\/www.hcxmachinery.com\/wp-content\/uploads\/2024\/12\/335\u4ea7\u54c1\u7ec6\u8282\u56fe3_WH_800x800px-768x768.webp 768w, https:\/\/www.hcxmachinery.com\/wp-content\/uploads\/2024\/12\/335\u4ea7\u54c1\u7ec6\u8282\u56fe3_WH_800x800px-600x600.webp 600w, https:\/\/www.hcxmachinery.com\/wp-content\/uploads\/2024\/12\/335\u4ea7\u54c1\u7ec6\u8282\u56fe3_WH_800x800px-100x100.webp 100w, https:\/\/www.hcxmachinery.com\/wp-content\/uploads\/2024\/12\/335\u4ea7\u54c1\u7ec6\u8282\u56fe3_WH_800x800px.webp 800w\" sizes=\"(max-width: 300px) 100vw, 300px\" \/> <img loading=\"lazy\" decoding=\"async\" class=\"alignnone size-medium wp-image-2015\" src=\"https:\/\/www.hcxmachinery.com\/wp-content\/uploads\/2024\/12\/335\u4ea7\u54c1\u7ec6\u8282\u56fe4_WH_800x800px-300x300.webp\" alt=\"\" width=\"300\" height=\"300\" title=\"\" srcset=\"https:\/\/www.hcxmachinery.com\/wp-content\/uploads\/2024\/12\/335\u4ea7\u54c1\u7ec6\u8282\u56fe4_WH_800x800px-300x300.webp 300w, https:\/\/www.hcxmachinery.com\/wp-content\/uploads\/2024\/12\/335\u4ea7\u54c1\u7ec6\u8282\u56fe4_WH_800x800px-150x150.webp 150w, https:\/\/www.hcxmachinery.com\/wp-content\/uploads\/2024\/12\/335\u4ea7\u54c1\u7ec6\u8282\u56fe4_WH_800x800px-768x768.webp 768w, https:\/\/www.hcxmachinery.com\/wp-content\/uploads\/2024\/12\/335\u4ea7\u54c1\u7ec6\u8282\u56fe4_WH_800x800px-600x600.webp 600w, https:\/\/www.hcxmachinery.com\/wp-content\/uploads\/2024\/12\/335\u4ea7\u54c1\u7ec6\u8282\u56fe4_WH_800x800px-100x100.webp 100w, https:\/\/www.hcxmachinery.com\/wp-content\/uploads\/2024\/12\/335\u4ea7\u54c1\u7ec6\u8282\u56fe4_WH_800x800px.webp 800w\" sizes=\"(max-width: 300px) 100vw, 300px\" \/> <img loading=\"lazy\" decoding=\"async\" class=\"alignnone size-medium wp-image-2016\" src=\"https:\/\/www.hcxmachinery.com\/wp-content\/uploads\/2024\/12\/335\u4ea7\u54c1\u7ec6\u8282\u56fe5_WH_800x800px-300x300.webp\" alt=\"\" width=\"300\" height=\"300\" title=\"\" srcset=\"https:\/\/www.hcxmachinery.com\/wp-content\/uploads\/2024\/12\/335\u4ea7\u54c1\u7ec6\u8282\u56fe5_WH_800x800px-300x300.webp 300w, https:\/\/www.hcxmachinery.com\/wp-content\/uploads\/2024\/12\/335\u4ea7\u54c1\u7ec6\u8282\u56fe5_WH_800x800px-150x150.webp 150w, https:\/\/www.hcxmachinery.com\/wp-content\/uploads\/2024\/12\/335\u4ea7\u54c1\u7ec6\u8282\u56fe5_WH_800x800px-768x768.webp 768w, https:\/\/www.hcxmachinery.com\/wp-content\/uploads\/2024\/12\/335\u4ea7\u54c1\u7ec6\u8282\u56fe5_WH_800x800px-600x600.webp 600w, https:\/\/www.hcxmachinery.com\/wp-content\/uploads\/2024\/12\/335\u4ea7\u54c1\u7ec6\u8282\u56fe5_WH_800x800px-100x100.webp 100w, https:\/\/www.hcxmachinery.com\/wp-content\/uploads\/2024\/12\/335\u4ea7\u54c1\u7ec6\u8282\u56fe5_WH_800x800px.webp 800w\" sizes=\"(max-width: 300px) 100vw, 300px\" \/> <img loading=\"lazy\" decoding=\"async\" class=\"alignnone size-medium wp-image-2017\" src=\"https:\/\/www.hcxmachinery.com\/wp-content\/uploads\/2024\/12\/335\u4ea7\u54c1\u7ec6\u8282\u56fe6_WH_800x800px-300x300.webp\" alt=\"\" width=\"300\" height=\"300\" title=\"\" srcset=\"https:\/\/www.hcxmachinery.com\/wp-content\/uploads\/2024\/12\/335\u4ea7\u54c1\u7ec6\u8282\u56fe6_WH_800x800px-300x300.webp 300w, https:\/\/www.hcxmachinery.com\/wp-content\/uploads\/2024\/12\/335\u4ea7\u54c1\u7ec6\u8282\u56fe6_WH_800x800px-150x150.webp 150w, https:\/\/www.hcxmachinery.com\/wp-content\/uploads\/2024\/12\/335\u4ea7\u54c1\u7ec6\u8282\u56fe6_WH_800x800px-768x768.webp 768w, https:\/\/www.hcxmachinery.com\/wp-content\/uploads\/2024\/12\/335\u4ea7\u54c1\u7ec6\u8282\u56fe6_WH_800x800px-600x600.webp 600w, https:\/\/www.hcxmachinery.com\/wp-content\/uploads\/2024\/12\/335\u4ea7\u54c1\u7ec6\u8282\u56fe6_WH_800x800px-100x100.webp 100w, https:\/\/www.hcxmachinery.com\/wp-content\/uploads\/2024\/12\/335\u4ea7\u54c1\u7ec6\u8282\u56fe6_WH_800x800px.webp 800w\" sizes=\"(max-width: 300px) 100vw, 300px\" \/> <img loading=\"lazy\" decoding=\"async\" class=\"alignnone size-medium wp-image-2018\" src=\"https:\/\/www.hcxmachinery.com\/wp-content\/uploads\/2024\/12\/335\u4ea7\u54c1\u7ec6\u8282\u56fe7_WH_800x800px-300x300.webp\" alt=\"\" width=\"300\" height=\"300\" title=\"\" srcset=\"https:\/\/www.hcxmachinery.com\/wp-content\/uploads\/2024\/12\/335\u4ea7\u54c1\u7ec6\u8282\u56fe7_WH_800x800px-300x300.webp 300w, https:\/\/www.hcxmachinery.com\/wp-content\/uploads\/2024\/12\/335\u4ea7\u54c1\u7ec6\u8282\u56fe7_WH_800x800px-150x150.webp 150w, https:\/\/www.hcxmachinery.com\/wp-content\/uploads\/2024\/12\/335\u4ea7\u54c1\u7ec6\u8282\u56fe7_WH_800x800px-768x768.webp 768w, https:\/\/www.hcxmachinery.com\/wp-content\/uploads\/2024\/12\/335\u4ea7\u54c1\u7ec6\u8282\u56fe7_WH_800x800px-600x600.webp 600w, https:\/\/www.hcxmachinery.com\/wp-content\/uploads\/2024\/12\/335\u4ea7\u54c1\u7ec6\u8282\u56fe7_WH_800x800px-100x100.webp 100w, https:\/\/www.hcxmachinery.com\/wp-content\/uploads\/2024\/12\/335\u4ea7\u54c1\u7ec6\u8282\u56fe7_WH_800x800px.webp 800w\" sizes=\"(max-width: 300px) 100vw, 300px\" \/> <img loading=\"lazy\" decoding=\"async\" class=\"alignnone size-medium wp-image-2019\" src=\"https:\/\/www.hcxmachinery.com\/wp-content\/uploads\/2024\/12\/335\u4ea7\u54c1\u7ec6\u8282\u56fe8_WH_800x800px-300x300.webp\" alt=\"\" width=\"300\" height=\"300\" title=\"\" srcset=\"https:\/\/www.hcxmachinery.com\/wp-content\/uploads\/2024\/12\/335\u4ea7\u54c1\u7ec6\u8282\u56fe8_WH_800x800px-300x300.webp 300w, https:\/\/www.hcxmachinery.com\/wp-content\/uploads\/2024\/12\/335\u4ea7\u54c1\u7ec6\u8282\u56fe8_WH_800x800px-150x150.webp 150w, https:\/\/www.hcxmachinery.com\/wp-content\/uploads\/2024\/12\/335\u4ea7\u54c1\u7ec6\u8282\u56fe8_WH_800x800px-768x768.webp 768w, https:\/\/www.hcxmachinery.com\/wp-content\/uploads\/2024\/12\/335\u4ea7\u54c1\u7ec6\u8282\u56fe8_WH_800x800px-600x600.webp 600w, https:\/\/www.hcxmachinery.com\/wp-content\/uploads\/2024\/12\/335\u4ea7\u54c1\u7ec6\u8282\u56fe8_WH_800x800px-100x100.webp 100w, https:\/\/www.hcxmachinery.com\/wp-content\/uploads\/2024\/12\/335\u4ea7\u54c1\u7ec6\u8282\u56fe8_WH_800x800px.webp 800w\" sizes=\"(max-width: 300px) 100vw, 300px\" \/> <img loading=\"lazy\" decoding=\"async\" class=\"alignnone size-medium wp-image-2020\" src=\"https:\/\/www.hcxmachinery.com\/wp-content\/uploads\/2024\/12\/335\u4ea7\u54c1\u7ec6\u8282\u56fe9_WH_800x800px-300x300.webp\" alt=\"\" width=\"300\" height=\"300\" title=\"\" srcset=\"https:\/\/www.hcxmachinery.com\/wp-content\/uploads\/2024\/12\/335\u4ea7\u54c1\u7ec6\u8282\u56fe9_WH_800x800px-300x300.webp 300w, https:\/\/www.hcxmachinery.com\/wp-content\/uploads\/2024\/12\/335\u4ea7\u54c1\u7ec6\u8282\u56fe9_WH_800x800px-150x150.webp 150w, https:\/\/www.hcxmachinery.com\/wp-content\/uploads\/2024\/12\/335\u4ea7\u54c1\u7ec6\u8282\u56fe9_WH_800x800px-768x768.webp 768w, https:\/\/www.hcxmachinery.com\/wp-content\/uploads\/2024\/12\/335\u4ea7\u54c1\u7ec6\u8282\u56fe9_WH_800x800px-600x600.webp 600w, https:\/\/www.hcxmachinery.com\/wp-content\/uploads\/2024\/12\/335\u4ea7\u54c1\u7ec6\u8282\u56fe9_WH_800x800px-100x100.webp 100w, https:\/\/www.hcxmachinery.com\/wp-content\/uploads\/2024\/12\/335\u4ea7\u54c1\u7ec6\u8282\u56fe9_WH_800x800px.webp 800w\" sizes=\"(max-width: 300px) 100vw, 300px\" \/><\/p>\n<h2><\/h2>\n<p>&nbsp;<\/p>","protected":false},"excerpt":{"rendered":"<p>XE335E 1.More energy-saving and environment-friendly: XCMG special motor with customized torque curve, low-speed high torque, good economy, constant power mode [&hellip;]<\/p>","protected":false},"featured_media":2011,"template":"","meta":{"_acf_changed":false,"site-sidebar-layout":"default","site-content-layout":"","ast-site-content-layout":"default","site-content-style":"default","site-sidebar-style":"default","ast-global-header-display":"","ast-banner-title-visibility":"","ast-main-header-display":"","ast-hfb-above-header-display":"","ast-hfb-below-header-display":"","ast-hfb-mobile-header-display":"","site-post-title":"","ast-breadcrumbs-content":"","ast-featured-img":"","footer-sml-layout":"","theme-transparent-header-meta":"default","adv-header-id-meta":"","stick-header-meta":"default","header-above-stick-meta":"","header-main-stick-meta":"","header-below-stick-meta":"","astra-migrate-meta-layouts":"set","ast-page-background-enabled":"default","ast-page-background-meta":{"desktop":{"background-color":"var(--ast-global-color-4)","background-image":"","background-repeat":"repeat","background-position":"center center","background-size":"auto","background-attachment":"scroll","background-type":"","background-media":"","overlay-type":"","overlay-color":"","overlay-opacity":"","overlay-gradient":""},"tablet":{"background-color":"","background-image":"","background-repeat":"repeat","background-position":"center center","background-size":"auto","background-attachment":"scroll","background-type":"","background-media":"","overlay-type":"","overlay-color":"","overlay-opacity":"","overlay-gradient":""},"mobile":{"background-color":"","background-image":"","background-repeat":"repeat","background-position":"center center","background-size":"auto","background-attachment":"scroll","background-type":"","background-media":"","overlay-type":"","overlay-color":"","overlay-opacity":"","overlay-gradient":""}},"ast-content-background-meta":{"desktop":{"background-color":"var(--ast-global-color-5)","background-image":"","background-repeat":"repeat","background-position":"center center","background-size":"auto","background-attachment":"scroll","background-type":"","background-media":"","overlay-type":"","overlay-color":"","overlay-opacity":"","overlay-gradient":""},"tablet":{"background-color":"var(--ast-global-color-5)","background-image":"","background-repeat":"repeat","background-position":"center center","background-size":"auto","background-attachment":"scroll","background-type":"","background-media":"","overlay-type":"","overlay-color":"","overlay-opacity":"","overlay-gradient":""},"mobile":{"background-color":"var(--ast-global-color-5)","background-image":"","background-repeat":"repeat","background-position":"center center","background-size":"auto","background-attachment":"scroll","background-type":"","background-media":"","overlay-type":"","overlay-color":"","overlay-opacity":"","overlay-gradient":""}}},"product_cat":[19,39],"product_tag":[],"class_list":{"0":"post-2007","1":"product","2":"type-product","3":"status-publish","4":"has-post-thumbnail","6":"product_cat-excavator","7":"product_cat-new-energy-excavator","8":"desktop-align-left","9":"tablet-align-left","10":"mobile-align-left","11":"ast-product-gallery-layout-horizontal-slider","12":"ast-magnify-disabled","13":"ast-product-tabs-layout-horizontal","15":"first","16":"instock","17":"shipping-taxable","18":"product-type-simple"},"acf":[],"_links":{"self":[{"href":"https:\/\/www.hcxmachinery.com\/fr\/wp-json\/wp\/v2\/product\/2007"}],"collection":[{"href":"https:\/\/www.hcxmachinery.com\/fr\/wp-json\/wp\/v2\/product"}],"about":[{"href":"https:\/\/www.hcxmachinery.com\/fr\/wp-json\/wp\/v2\/types\/product"}],"version-history":[{"count":9,"href":"https:\/\/www.hcxmachinery.com\/fr\/wp-json\/wp\/v2\/product\/2007\/revisions"}],"predecessor-version":[{"id":3330,"href":"https:\/\/www.hcxmachinery.com\/fr\/wp-json\/wp\/v2\/product\/2007\/revisions\/3330"}],"wp:featuredmedia":[{"embeddable":true,"href":"https:\/\/www.hcxmachinery.com\/fr\/wp-json\/wp\/v2\/media\/2011"}],"wp:attachment":[{"href":"https:\/\/www.hcxmachinery.com\/fr\/wp-json\/wp\/v2\/media?parent=2007"}],"wp:term":[{"taxonomy":"product_cat","embeddable":true,"href":"https:\/\/www.hcxmachinery.com\/fr\/wp-json\/wp\/v2\/product_cat?post=2007"},{"taxonomy":"product_tag","embeddable":true,"href":"https:\/\/www.hcxmachinery.com\/fr\/wp-json\/wp\/v2\/product_tag?post=2007"}],"curies":[{"name":"wp","href":"https:\/\/api.w.org\/{rel}","templated":true}]}}