{"id":1875,"date":"2024-12-16T01:04:54","date_gmt":"2024-12-16T01:04:54","guid":{"rendered":"https:\/\/www.hcxmachinery.com\/?post_type=product&#038;p=1875"},"modified":"2025-12-30T03:41:34","modified_gmt":"2025-12-30T03:41:34","slug":"xe220sl-excavateur-marin","status":"publish","type":"product","link":"https:\/\/www.hcxmachinery.com\/fr\/produit\/xe220sl-excavateur-marin\/","title":{"rendered":"Pelle marine de bonne qualit\u00e9 XE220SL"},"content":{"rendered":"<h2 class=\"auto-hide-last-sibling-br paragraph-JOTKXA paragraph-element br-paragraph-space\">XE220SL<\/h2>\n<div class=\"auto-hide-last-sibling-br paragraph-JOTKXA paragraph-element br-paragraph-space\">Les lignes de produits des excavatrices marines, qui pr\u00e9sentent la plus grande capacit\u00e9 d'adaptation de l'industrie, peuvent r\u00e9pondre \u00e0 des exigences personnalis\u00e9es. Elles s'appliquent \u00e0 l'excavation fluviale, au dragage, \u00e0 la r\u00e9paration de talus, \u00e0 la construction de digues et de canalisations de drainage, \u00e0 la pr\u00e9vention des inondations et aux travaux de sauvetage et de nettoyage d'urgence, au traitement des estrans c\u00f4tiers et aux projets de r\u00e9cup\u00e9ration de la mer, ainsi qu'aux projets de localisation de puits dans les champs p\u00e9troliers et gaziers en eaux peu profondes.<\/div>\n<div class=\"auto-hide-last-sibling-br paragraph-JOTKXA paragraph-element br-paragraph-space\">Nos principaux clients sont les entreprises de maintenance municipales, les grands projets de traitement des zones de mar\u00e9e et de r\u00e9cup\u00e9ration de la mer, ainsi que les op\u00e9rations de sauvetage d'urgence.<\/div>\n<div><\/div>\n<div>\n<table width=\"362\">\n<tbody>\n<tr>\n<td colspan=\"2\" width=\"362\">\n<h1>PARAM\u00c8TRES<\/h1>\n<\/td>\n<\/tr>\n<tr>\n<td width=\"253\">Mod\u00e8le<\/td>\n<td width=\"109\">XE220SL<\/td>\n<\/tr>\n<tr>\n<td width=\"253\">Poids brut (kg)<\/td>\n<td width=\"109\">30600<\/td>\n<\/tr>\n<tr>\n<td width=\"253\">Capacit\u00e9 de la benne (m\u00b3)<\/td>\n<td width=\"109\">0.8<\/td>\n<\/tr>\n<tr>\n<td width=\"253\">Rayon de creusement maximum (mm)<\/td>\n<td width=\"109\">12090<\/td>\n<\/tr>\n<tr>\n<td width=\"253\">Capacit\u00e9 du r\u00e9servoir de diesel (L)<\/td>\n<td width=\"109\">1200<\/td>\n<\/tr>\n<\/tbody>\n<\/table>\n<p>&nbsp;<\/p>\n<\/div>","protected":false},"excerpt":{"rendered":"<p class=\"auto-hide-last-sibling-br paragraph-JOTKXA paragraph-element br-paragraph-space\">INTRODUCTION DU PRODUIT<\/p>\n<div class=\"auto-hide-last-sibling-br paragraph-JOTKXA paragraph-element br-paragraph-space\">Les lignes de produits des excavatrices marines, qui pr\u00e9sentent la plus grande capacit\u00e9 d'adaptation de l'industrie, peuvent r\u00e9pondre \u00e0 des exigences personnalis\u00e9es. Elles s'appliquent \u00e0 l'excavation fluviale, au dragage, \u00e0 la r\u00e9paration de talus, \u00e0 la construction de digues et de canalisations de drainage, \u00e0 la pr\u00e9vention des inondations et aux travaux de sauvetage et de nettoyage d'urgence, au traitement des estrans c\u00f4tiers et aux projets de r\u00e9cup\u00e9ration de la mer, ainsi qu'aux projets de localisation de puits dans les champs p\u00e9troliers et gaziers en eaux peu profondes.<\/div>","protected":false},"featured_media":1876,"template":"","meta":{"_acf_changed":false,"site-sidebar-layout":"default","site-content-layout":"","ast-site-content-layout":"default","site-content-style":"default","site-sidebar-style":"default","ast-global-header-display":"","ast-banner-title-visibility":"","ast-main-header-display":"","ast-hfb-above-header-display":"","ast-hfb-below-header-display":"","ast-hfb-mobile-header-display":"","site-post-title":"","ast-breadcrumbs-content":"","ast-featured-img":"","footer-sml-layout":"","theme-transparent-header-meta":"default","adv-header-id-meta":"","stick-header-meta":"default","header-above-stick-meta":"","header-main-stick-meta":"","header-below-stick-meta":"","astra-migrate-meta-layouts":"set","ast-page-background-enabled":"default","ast-page-background-meta":{"desktop":{"background-color":"var(--ast-global-color-4)","background-image":"","background-repeat":"repeat","background-position":"center center","background-size":"auto","background-attachment":"scroll","background-type":"","background-media":"","overlay-type":"","overlay-color":"","overlay-opacity":"","overlay-gradient":""},"tablet":{"background-color":"","background-image":"","background-repeat":"repeat","background-position":"center center","background-size":"auto","background-attachment":"scroll","background-type":"","background-media":"","overlay-type":"","overlay-color":"","overlay-opacity":"","overlay-gradient":""},"mobile":{"background-color":"","background-image":"","background-repeat":"repeat","background-position":"center center","background-size":"auto","background-attachment":"scroll","background-type":"","background-media":"","overlay-type":"","overlay-color":"","overlay-opacity":"","overlay-gradient":""}},"ast-content-background-meta":{"desktop":{"background-color":"var(--ast-global-color-5)","background-image":"","background-repeat":"repeat","background-position":"center center","background-size":"auto","background-attachment":"scroll","background-type":"","background-media":"","overlay-type":"","overlay-color":"","overlay-opacity":"","overlay-gradient":""},"tablet":{"background-color":"var(--ast-global-color-5)","background-image":"","background-repeat":"repeat","background-position":"center center","background-size":"auto","background-attachment":"scroll","background-type":"","background-media":"","overlay-type":"","overlay-color":"","overlay-opacity":"","overlay-gradient":""},"mobile":{"background-color":"var(--ast-global-color-5)","background-image":"","background-repeat":"repeat","background-position":"center center","background-size":"auto","background-attachment":"scroll","background-type":"","background-media":"","overlay-type":"","overlay-color":"","overlay-opacity":"","overlay-gradient":""}}},"product_cat":[40],"product_tag":[],"class_list":{"0":"post-1875","1":"product","2":"type-product","3":"status-publish","4":"has-post-thumbnail","6":"product_cat-special-operations-excavator","7":"desktop-align-left","8":"tablet-align-left","9":"mobile-align-left","10":"ast-product-gallery-layout-horizontal-slider","11":"ast-product-gallery-with-no-image","12":"ast-magnify-disabled","13":"ast-product-tabs-layout-horizontal","15":"first","16":"instock","17":"shipping-taxable","18":"product-type-simple"},"acf":[],"_links":{"self":[{"href":"https:\/\/www.hcxmachinery.com\/fr\/wp-json\/wp\/v2\/product\/1875"}],"collection":[{"href":"https:\/\/www.hcxmachinery.com\/fr\/wp-json\/wp\/v2\/product"}],"about":[{"href":"https:\/\/www.hcxmachinery.com\/fr\/wp-json\/wp\/v2\/types\/product"}],"version-history":[{"count":16,"href":"https:\/\/www.hcxmachinery.com\/fr\/wp-json\/wp\/v2\/product\/1875\/revisions"}],"predecessor-version":[{"id":3454,"href":"https:\/\/www.hcxmachinery.com\/fr\/wp-json\/wp\/v2\/product\/1875\/revisions\/3454"}],"wp:featuredmedia":[{"embeddable":true,"href":"https:\/\/www.hcxmachinery.com\/fr\/wp-json\/wp\/v2\/media\/1876"}],"wp:attachment":[{"href":"https:\/\/www.hcxmachinery.com\/fr\/wp-json\/wp\/v2\/media?parent=1875"}],"wp:term":[{"taxonomy":"product_cat","embeddable":true,"href":"https:\/\/www.hcxmachinery.com\/fr\/wp-json\/wp\/v2\/product_cat?post=1875"},{"taxonomy":"product_tag","embeddable":true,"href":"https:\/\/www.hcxmachinery.com\/fr\/wp-json\/wp\/v2\/product_tag?post=1875"}],"curies":[{"name":"wp","href":"https:\/\/api.w.org\/{rel}","templated":true}]}}