{"id":1870,"date":"2024-12-16T00:55:50","date_gmt":"2024-12-16T00:55:50","guid":{"rendered":"https:\/\/www.hcxmachinery.com\/?post_type=product&#038;p=1870"},"modified":"2025-12-08T08:14:15","modified_gmt":"2025-12-08T08:14:15","slug":"xe600em-grappin-a-chenilles","status":"publish","type":"product","link":"https:\/\/www.hcxmachinery.com\/fr\/produit\/xe600em-grappin-a-chenilles\/","title":{"rendered":"Machine de pr\u00e9hension de mat\u00e9riaux sur chenilles de haute qualit\u00e9 XE600EM"},"content":{"rendered":"<h2 class=\"auto-hide-last-sibling-br paragraph-JOTKXA paragraph-element br-paragraph-space\">CARACT\u00c9RISTIQUES DU PRODUIT<\/h2>\n<div class=\"auto-hide-last-sibling-br paragraph-JOTKXA paragraph-element br-paragraph-space\">La machine de pr\u00e9hension de mat\u00e9riaux XCMG est un tout nouveau produit d\u00e9velopp\u00e9 ind\u00e9pendamment par le groupe XCMG. Elle est plus puissante, consomme moins de carburant et a de meilleures performances de travail. Elle peut r\u00e9pondre \u00e0 une grande vari\u00e9t\u00e9 d'exigences op\u00e9rationnelles. Sa capacit\u00e9 d'adaptation aux conditions de travail a encore \u00e9t\u00e9 am\u00e9lior\u00e9e.<\/div>\n<div class=\"auto-hide-last-sibling-br paragraph-JOTKXA paragraph-element br-paragraph-space\">La machine est \u00e9quip\u00e9e en standard d'une pince \u00e0 cinq dents, qui convient au chargement, au d\u00e9chargement, \u00e0 l'empilage et au transbordement de mat\u00e9riaux tels que la ferraille d'acier, les mat\u00e9riaux fragment\u00e9s et le bois dans les entreprises sid\u00e9rurgiques, les ports, les quais, les ports ferroviaires et les cours de marchandises. Il peut \u00eatre \u00e9quip\u00e9 en option de divers outils de travail tels que des pinces \u00e0 coquilles, des pinces \u00e0 bois, des ventouses \u00e9lectriques et des appareils de levage pour saisir, charger, d\u00e9charger et trier divers mat\u00e9riaux tels que le charbon brut, les grumes, les m\u00e9taux, les copeaux de bois et le fourrage, r\u00e9pondant ainsi aux besoins des clients dans diverses conditions de travail. Le poids op\u00e9rationnel de cette machine de pr\u00e9hension de mat\u00e9riaux XE600EM est de 60 000 kg. La capacit\u00e9 de la benne est de 1,0 m\u00b3 et la puissance nominale du moteur \u00e9lectrique est de 200 kW \u00e0 1485 tr\/min.<\/div>\n<div><\/div>\n<h2>PARAM\u00c8TRES<\/h2>\n<div>\n<table width=\"355\">\n<tbody>\n<tr>\n<td colspan=\"3\" width=\"355\">\n<h5>Moteur \u00e9lectrique<\/h5>\n<\/td>\n<\/tr>\n<tr>\n<td width=\"156\">Mod\u00e8le<\/td>\n<td width=\"78\">\/<\/td>\n<td width=\"121\">\u00a0YE3-315<\/td>\n<\/tr>\n<tr>\n<td width=\"156\">Puissance nominale \/ Vitesse de rotation<\/td>\n<td width=\"78\">kw\/tr\/min<\/td>\n<td width=\"121\">\u00a0200\/1485<\/td>\n<\/tr>\n<tr>\n<td width=\"156\">Tension<\/td>\n<td width=\"78\">V<\/td>\n<td width=\"121\">\u00a0\u00a0 380<\/td>\n<\/tr>\n<tr>\n<td width=\"156\">Nombre de phases<\/td>\n<td width=\"78\"><\/td>\n<td width=\"121\">\u00a0\u00a0 Triphas\u00e9<\/td>\n<\/tr>\n<tr>\n<td width=\"156\">Formulaire actuel<\/td>\n<td width=\"78\"><\/td>\n<td width=\"121\">\u00a0\u00a0 CA (courant alternatif)<\/td>\n<\/tr>\n<tr>\n<td colspan=\"3\" width=\"355\">\n<h5>Performance principale<\/h5>\n<\/td>\n<\/tr>\n<tr>\n<td width=\"156\">Vitesse de d\u00e9placement<\/td>\n<td width=\"78\">km\/h<\/td>\n<td width=\"121\">\u00a0 5.4\/3.2<\/td>\n<\/tr>\n<tr>\n<td width=\"156\">Vitesse d'oscillation<\/td>\n<td width=\"78\">r\/min<\/td>\n<td width=\"121\">\u00a0\u00a0 00-8<\/td>\n<\/tr>\n<tr>\n<td width=\"156\">Capacit\u00e9 d'escalade<\/td>\n<td width=\"78\">%<\/td>\n<td width=\"121\">\u00a0\u00a0 40<\/td>\n<\/tr>\n<tr>\n<td width=\"156\">Force de traction maximale<\/td>\n<td width=\"78\">kN<\/td>\n<td width=\"121\">\u00a0\u00a0 335<\/td>\n<\/tr>\n<tr>\n<td width=\"156\">Pression au sol<\/td>\n<td width=\"78\">kPa<\/td>\n<td width=\"121\">\u00a0\u00a0 105<\/td>\n<\/tr>\n<tr>\n<td colspan=\"3\" width=\"355\">\n<h5>Syst\u00e8me hydraulique<\/h5>\n<\/td>\n<\/tr>\n<tr>\n<td width=\"156\">D\u00e9bit nominal de la pompe principale<\/td>\n<td width=\"78\">L\/min<\/td>\n<td width=\"121\">\u00a0 2\u00d7314<\/td>\n<\/tr>\n<tr>\n<td width=\"156\">Pression de la soupape de s\u00fbret\u00e9 principale<\/td>\n<td width=\"78\">MPa<\/td>\n<td width=\"121\">\u00a034.3\/37<\/td>\n<\/tr>\n<tr>\n<td width=\"156\">Pression de la vanne du syst\u00e8me de d\u00e9placement<\/td>\n<td width=\"78\">MPa<\/td>\n<td width=\"121\">\u00a0\u00a0 34.3<\/td>\n<\/tr>\n<tr>\n<td width=\"156\">Pression du syst\u00e8me d'oscillation<\/td>\n<td width=\"78\">MPa<\/td>\n<td width=\"121\">\u00a0\u00a0 26.5<\/td>\n<\/tr>\n<tr>\n<td width=\"156\">Pression du syst\u00e8me pilote<\/td>\n<td width=\"78\">MPa<\/td>\n<td width=\"121\">\u00a0\u00a0 3.9<\/td>\n<\/tr>\n<tr>\n<td colspan=\"3\" width=\"355\">\n<h5>Capacit\u00e9 d'huile<\/h5>\n<\/td>\n<\/tr>\n<tr>\n<td width=\"156\">Volume du r\u00e9servoir d'huile hydraulique<\/td>\n<td width=\"78\">L<\/td>\n<td width=\"121\">\u00a0\u00a0 430<\/td>\n<\/tr>\n<tr>\n<td colspan=\"3\" width=\"355\">\n<h5>Dimension<\/h5>\n<\/td>\n<\/tr>\n<tr>\n<td width=\"156\">Longueur totale (y compris le tambour de c\u00e2ble)<\/td>\n<td width=\"78\">mm<\/td>\n<td width=\"121\">15365<\/td>\n<\/tr>\n<tr>\n<td width=\"156\">Largeur totale<\/td>\n<td width=\"78\">mm<\/td>\n<td width=\"121\">4400<\/td>\n<\/tr>\n<tr>\n<td width=\"156\">Hauteur totale<\/td>\n<td width=\"78\">mm<\/td>\n<td width=\"121\">3410<\/td>\n<\/tr>\n<tr>\n<td colspan=\"3\" width=\"355\">\n<h5>Plage de travail<\/h5>\n<\/td>\n<\/tr>\n<tr>\n<td width=\"156\">Hauteur de levage maximale<\/td>\n<td width=\"78\">mm<\/td>\n<td width=\"121\">12175<\/td>\n<\/tr>\n<tr>\n<td width=\"156\">Profondeur de fouille maximale<\/td>\n<td width=\"78\">mm<\/td>\n<td width=\"121\">9160<\/td>\n<\/tr>\n<tr>\n<td width=\"156\">Rayon de creusement maximum<\/td>\n<td width=\"78\">mm<\/td>\n<td width=\"121\">16290<\/td>\n<\/tr>\n<tr>\n<td colspan=\"2\" width=\"234\">Charge th\u00e9orique au rayon de travail maximal (y compris la benne) T<\/td>\n<td width=\"121\">4.8<\/td>\n<\/tr>\n<tr>\n<td colspan=\"3\" width=\"355\">\n<h5>\u00c9quipements optionnels<\/h5>\n<\/td>\n<\/tr>\n<tr>\n<td width=\"156\">Capacit\u00e9 de la benne pour les grappins \u00e0 coquille<\/td>\n<td width=\"78\">m\u00b3<\/td>\n<td width=\"121\">1.5~3<\/td>\n<\/tr>\n<\/tbody>\n<\/table>\n<\/div>","protected":false},"excerpt":{"rendered":"<p class=\"auto-hide-last-sibling-br paragraph-JOTKXA paragraph-element br-paragraph-space\">INTRODUCTION DU PRODUIT<\/p>\n<p>The operating weight of this material-grabbing machine XE600EM is 60,000 Kg. The capacity of the plum-blossom grab is 1.0 m\u00b3, and the rated power of the electric motor is 200 kW at 1485 rpm.<\/p>","protected":false},"featured_media":1871,"template":"","meta":{"_acf_changed":false,"site-sidebar-layout":"default","site-content-layout":"","ast-site-content-layout":"default","site-content-style":"default","site-sidebar-style":"default","ast-global-header-display":"","ast-banner-title-visibility":"","ast-main-header-display":"","ast-hfb-above-header-display":"","ast-hfb-below-header-display":"","ast-hfb-mobile-header-display":"","site-post-title":"","ast-breadcrumbs-content":"","ast-featured-img":"","footer-sml-layout":"","theme-transparent-header-meta":"default","adv-header-id-meta":"","stick-header-meta":"default","header-above-stick-meta":"","header-main-stick-meta":"","header-below-stick-meta":"","astra-migrate-meta-layouts":"set","ast-page-background-enabled":"default","ast-page-background-meta":{"desktop":{"background-color":"var(--ast-global-color-4)","background-image":"","background-repeat":"repeat","background-position":"center center","background-size":"auto","background-attachment":"scroll","background-type":"","background-media":"","overlay-type":"","overlay-color":"","overlay-opacity":"","overlay-gradient":""},"tablet":{"background-color":"","background-image":"","background-repeat":"repeat","background-position":"center center","background-size":"auto","background-attachment":"scroll","background-type":"","background-media":"","overlay-type":"","overlay-color":"","overlay-opacity":"","overlay-gradient":""},"mobile":{"background-color":"","background-image":"","background-repeat":"repeat","background-position":"center center","background-size":"auto","background-attachment":"scroll","background-type":"","background-media":"","overlay-type":"","overlay-color":"","overlay-opacity":"","overlay-gradient":""}},"ast-content-background-meta":{"desktop":{"background-color":"var(--ast-global-color-5)","background-image":"","background-repeat":"repeat","background-position":"center center","background-size":"auto","background-attachment":"scroll","background-type":"","background-media":"","overlay-type":"","overlay-color":"","overlay-opacity":"","overlay-gradient":""},"tablet":{"background-color":"var(--ast-global-color-5)","background-image":"","background-repeat":"repeat","background-position":"center center","background-size":"auto","background-attachment":"scroll","background-type":"","background-media":"","overlay-type":"","overlay-color":"","overlay-opacity":"","overlay-gradient":""},"mobile":{"background-color":"var(--ast-global-color-5)","background-image":"","background-repeat":"repeat","background-position":"center center","background-size":"auto","background-attachment":"scroll","background-type":"","background-media":"","overlay-type":"","overlay-color":"","overlay-opacity":"","overlay-gradient":""}}},"product_cat":[40],"product_tag":[],"class_list":{"0":"post-1870","1":"product","2":"type-product","3":"status-publish","4":"has-post-thumbnail","6":"product_cat-special-operations-excavator","7":"desktop-align-left","8":"tablet-align-left","9":"mobile-align-left","10":"ast-product-gallery-layout-horizontal-slider","11":"ast-product-gallery-with-no-image","12":"ast-magnify-disabled","13":"ast-product-tabs-layout-horizontal","15":"first","16":"instock","17":"shipping-taxable","18":"product-type-simple"},"acf":[],"_links":{"self":[{"href":"https:\/\/www.hcxmachinery.com\/fr\/wp-json\/wp\/v2\/product\/1870"}],"collection":[{"href":"https:\/\/www.hcxmachinery.com\/fr\/wp-json\/wp\/v2\/product"}],"about":[{"href":"https:\/\/www.hcxmachinery.com\/fr\/wp-json\/wp\/v2\/types\/product"}],"version-history":[{"count":14,"href":"https:\/\/www.hcxmachinery.com\/fr\/wp-json\/wp\/v2\/product\/1870\/revisions"}],"predecessor-version":[{"id":3332,"href":"https:\/\/www.hcxmachinery.com\/fr\/wp-json\/wp\/v2\/product\/1870\/revisions\/3332"}],"wp:featuredmedia":[{"embeddable":true,"href":"https:\/\/www.hcxmachinery.com\/fr\/wp-json\/wp\/v2\/media\/1871"}],"wp:attachment":[{"href":"https:\/\/www.hcxmachinery.com\/fr\/wp-json\/wp\/v2\/media?parent=1870"}],"wp:term":[{"taxonomy":"product_cat","embeddable":true,"href":"https:\/\/www.hcxmachinery.com\/fr\/wp-json\/wp\/v2\/product_cat?post=1870"},{"taxonomy":"product_tag","embeddable":true,"href":"https:\/\/www.hcxmachinery.com\/fr\/wp-json\/wp\/v2\/product_tag?post=1870"}],"curies":[{"name":"wp","href":"https:\/\/api.w.org\/{rel}","templated":true}]}}