{"id":1256,"date":"2024-10-31T13:06:13","date_gmt":"2024-10-31T13:06:13","guid":{"rendered":"https:\/\/hcxmachinery.com\/?post_type=product&#038;p=1256"},"modified":"2025-12-08T07:59:19","modified_gmt":"2025-12-08T07:59:19","slug":"xe155dk","status":"publish","type":"product","link":"https:\/\/www.hcxmachinery.com\/fr\/produit\/xe155dk\/","title":{"rendered":"15.5T XCMG 155DK Medium Hydraulic Crawler Excavator \u00e0 vendre"},"content":{"rendered":"<h2>XE155DK<\/h2>\n<p>L'excavateur hydraulique est \u00e9quip\u00e9 d'un moteur \u00e0 basse vitesse et \u00e0 couple \u00e9lev\u00e9, avec un rendement \u00e9lev\u00e9 et une faible consommation de carburant. Le grand ch\u00e2ssis et le tampon pilote sont plus stables et plus confortables \u00e0 utiliser ; les pi\u00e8ces de maintenance sont d\u00e9plac\u00e9es vers l'ext\u00e9rieur, la p\u00e9riode de maintenance est prolong\u00e9e, la maintenance est plus pratique ; une vari\u00e9t\u00e9 d'accessoires optionnels, ainsi que des fonctions de contr\u00f4le adaptatif de l'altitude, l'adaptabilit\u00e9 \u00e0 l'environnement est meilleure. Elle peut \u00eatre largement utilis\u00e9e dans les travaux de terre et de pierre de petite et moyenne taille, la construction d'autoroutes et de ponts, le creusement de tranch\u00e9es et la construction, la conservation de l'eau des terres agricoles, le dragage des rivi\u00e8res et la construction municipale. Elle peut \u00e9galement r\u00e9aliser diff\u00e9rentes op\u00e9rations telles que le creusement, le concassage et le d\u00e9mant\u00e8lement, et s'adapte parfaitement aux conditions de travail.<\/p>\n<h2 class=\"fe-bold mb-3\">PARAM\u00c8TRES<\/h2>\n<div class=\"scrollable-div\">\n<table width=\"900\">\n<tbody>\n<tr>\n<td colspan=\"2\" width=\"598\">Mod\u00e8le de vente<\/td>\n<td width=\"140\">Unit\u00e9<\/td>\n<td width=\"162\">Mesures<\/td>\n<\/tr>\n<tr>\n<td colspan=\"2\">Poids en ordre de marche<\/td>\n<td>Kg<\/td>\n<td width=\"162\">14600<\/td>\n<\/tr>\n<tr>\n<td colspan=\"2\">Capacit\u00e9 du godet<\/td>\n<td>m\u00b3<\/td>\n<td width=\"162\">0.32-0.71<\/td>\n<\/tr>\n<tr>\n<td rowspan=\"10\" width=\"166\">Moteur<\/td>\n<td>Mod\u00e8le<\/td>\n<td>\/<\/td>\n<td width=\"162\">QSF3.8<\/td>\n<\/tr>\n<tr>\n<td>Injection directe<\/td>\n<td>\/<\/td>\n<td width=\"162\">\u221a<\/td>\n<\/tr>\n<tr>\n<td>\u00a0Quatre coups<\/td>\n<td>\/<\/td>\n<td width=\"162\">\u221a<\/td>\n<\/tr>\n<tr>\n<td>\u00a0Refroidissement par eau<\/td>\n<td>\/<\/td>\n<td width=\"162\">\u221a<\/td>\n<\/tr>\n<tr>\n<td>Turbocompresseur<\/td>\n<td>\/<\/td>\n<td width=\"162\">\u221a<\/td>\n<\/tr>\n<tr>\n<td>Refroidissement par air<\/td>\n<td>\/<\/td>\n<td width=\"162\">\u221a<\/td>\n<\/tr>\n<tr>\n<td>Nombre de cylindres<\/td>\n<td>\/<\/td>\n<td>4<\/td>\n<\/tr>\n<tr>\n<td>\u00a0Puissance de sortie<\/td>\n<td>kw\/tr\/min<\/td>\n<td>93\/2200<\/td>\n<\/tr>\n<tr>\n<td>Couple\/vitesse maximal(e)<\/td>\n<td>N.m\/rpm<\/td>\n<td>500\/1300<\/td>\n<\/tr>\n<tr>\n<td>D\u00e9placement<\/td>\n<td>L<\/td>\n<td>3.8<\/td>\n<\/tr>\n<tr>\n<td rowspan=\"7\" width=\"166\">Principales performances<\/td>\n<td>\u00a0Vitesse de d\u00e9placement<\/td>\n<td>km\/h<\/td>\n<td width=\"162\">5.3\/3.2<\/td>\n<\/tr>\n<tr>\n<td>\u00a0Vitesse d'oscillation<\/td>\n<td>r\/min<\/td>\n<td width=\"162\">11.7<\/td>\n<\/tr>\n<tr>\n<td>Aptitude au classement<\/td>\n<td>\u00b0<\/td>\n<td width=\"162\">35<\/td>\n<\/tr>\n<tr>\n<td>Pression au sol<\/td>\n<td>kPa<\/td>\n<td width=\"162\">37<\/td>\n<\/tr>\n<tr>\n<td>\u00a0Force de creusement du godet<\/td>\n<td>kN<\/td>\n<td width=\"162\">106.9<\/td>\n<\/tr>\n<tr>\n<td width=\"431\">Force de creusement du bras<\/td>\n<td>kN<\/td>\n<td width=\"162\">73.4<\/td>\n<\/tr>\n<tr>\n<td width=\"431\">\u00a0Traction maximale<\/td>\n<td>kN<\/td>\n<td>134<\/td>\n<\/tr>\n<tr>\n<td rowspan=\"6\" width=\"166\">Syst\u00e8me hydraulique<\/td>\n<td>\u00a0Pompe principale<\/td>\n<td>\/<\/td>\n<td>\/<\/td>\n<\/tr>\n<tr>\n<td>\u00a0D\u00e9bit nominal de la pompe principale<\/td>\n<td>L\/min<\/td>\n<td>123.5*2<\/td>\n<\/tr>\n<tr>\n<td>\u00a0Pression de la soupape de s\u00e9curit\u00e9 principale<\/td>\n<td>MPa<\/td>\n<td>34.3\/37<\/td>\n<\/tr>\n<tr>\n<td>\u00a0Pression du syst\u00e8me de d\u00e9placement<\/td>\n<td>MPa<\/td>\n<td>34.4<\/td>\n<\/tr>\n<tr>\n<td>\u00a0Pression du syst\u00e8me rotatif<\/td>\n<td>MPa<\/td>\n<td>25<\/td>\n<\/tr>\n<tr>\n<td>\u00a0Pression du syst\u00e8me pilote<\/td>\n<td>MPa<\/td>\n<td>3.9<\/td>\n<\/tr>\n<tr>\n<td rowspan=\"3\" width=\"166\">Capacit\u00e9 d'huile<\/td>\n<td>Capacit\u00e9 du r\u00e9servoir de carburant<\/td>\n<td>L<\/td>\n<td width=\"162\">260<\/td>\n<\/tr>\n<tr>\n<td>\u00a0Capacit\u00e9 du r\u00e9servoir hydraulique<\/td>\n<td>L<\/td>\n<td width=\"162\">105<\/td>\n<\/tr>\n<tr>\n<td>\u00a0Capacit\u00e9 d'huile moteur<\/td>\n<td>L<\/td>\n<td>11.7<\/td>\n<\/tr>\n<tr>\n<td rowspan=\"13\" width=\"166\">Taille de l'apparence<\/td>\n<td>A Longueur totale<\/td>\n<td>mm<\/td>\n<td width=\"162\">7795<\/td>\n<\/tr>\n<tr>\n<td>B Largeur totale<\/td>\n<td>mm<\/td>\n<td width=\"162\">2672<\/td>\n<\/tr>\n<tr>\n<td>C Hauteur totale<\/td>\n<td>mm<\/td>\n<td width=\"162\">2900<\/td>\n<\/tr>\n<tr>\n<td>D Largeur de la plate-forme<\/td>\n<td>mm<\/td>\n<td>2672<\/td>\n<\/tr>\n<tr>\n<td>E Longueur de la voie<\/td>\n<td>mm<\/td>\n<td>3658<\/td>\n<\/tr>\n<tr>\n<td>F Largeur totale du ch\u00e2ssis<\/td>\n<td>mm<\/td>\n<td>2590<\/td>\n<\/tr>\n<tr>\n<td>G Largeur de la voie<\/td>\n<td>mm<\/td>\n<td width=\"162\">600<\/td>\n<\/tr>\n<tr>\n<td>H Longueur au centre des rouleaux<\/td>\n<td>mm<\/td>\n<td>2910<\/td>\n<\/tr>\n<tr>\n<td>I Voie de circulation<\/td>\n<td>mm<\/td>\n<td>1990<\/td>\n<\/tr>\n<tr>\n<td>J D\u00e9gagement du contrepoids<\/td>\n<td>mm<\/td>\n<td width=\"162\">948<\/td>\n<\/tr>\n<tr>\n<td>K Garde au sol minimale<\/td>\n<td>mm<\/td>\n<td>477<\/td>\n<\/tr>\n<tr>\n<td>L Rayon de pivotement min. de la queue<\/td>\n<td>mm<\/td>\n<td width=\"162\">2325<\/td>\n<\/tr>\n<tr>\n<td>M Hauteur de la voie<\/td>\n<td>mm<\/td>\n<td>836<\/td>\n<\/tr>\n<tr>\n<td rowspan=\"7\" width=\"166\">Champ d'application<\/td>\n<td>A Hauteur de creusement max.<\/td>\n<td>mm<\/td>\n<td width=\"162\">8649<\/td>\n<\/tr>\n<tr>\n<td>B Hauteur de d\u00e9versement max.<\/td>\n<td>mm<\/td>\n<td width=\"162\">6185<\/td>\n<\/tr>\n<tr>\n<td>C Profondeur de fouille maximale<\/td>\n<td>mm<\/td>\n<td width=\"162\">5535<\/td>\n<\/tr>\n<tr>\n<td width=\"431\">D Profondeur de coupe maximale pour un fond plat de 2240 mm (8 ft)<\/td>\n<td>mm<\/td>\n<td>5324<\/td>\n<\/tr>\n<tr>\n<td>E Profondeur maximale de creusement des parois verticales<\/td>\n<td>mm<\/td>\n<td width=\"162\">4697<\/td>\n<\/tr>\n<tr>\n<td width=\"431\">F Rayon de creusement max.<\/td>\n<td>mm<\/td>\n<td width=\"162\">8304<\/td>\n<\/tr>\n<tr>\n<td width=\"431\">\u00a0Rayon de pivotement min.<\/td>\n<td>mm<\/td>\n<td width=\"162\">2445<\/td>\n<\/tr>\n<tr>\n<td rowspan=\"3\" width=\"166\">Configuration standard<\/td>\n<td width=\"431\">\u00a0Longueur de la fl\u00e8che<\/td>\n<td width=\"140\">mm<\/td>\n<td>4600<\/td>\n<\/tr>\n<tr>\n<td width=\"431\">Longueur du bras<\/td>\n<td width=\"140\">mm<\/td>\n<td>2520<\/td>\n<\/tr>\n<tr>\n<td width=\"431\">Capacit\u00e9 du godet<\/td>\n<td width=\"140\">m\u00b3<\/td>\n<td width=\"162\">0,65 Seau renforc\u00e9<\/td>\n<\/tr>\n<tr>\n<td rowspan=\"3\" width=\"166\">Configuration optionnelle<\/td>\n<td width=\"431\">Longueur de la fl\u00e8che<\/td>\n<td width=\"140\">m\u00b3<\/td>\n<td>\/<\/td>\n<\/tr>\n<tr>\n<td width=\"431\">Longueur du bras<\/td>\n<td width=\"140\">m\u00b3<\/td>\n<td>2100\/3010<\/td>\n<\/tr>\n<tr>\n<td width=\"431\">Capacit\u00e9 du godet<\/td>\n<td width=\"140\">m\u00b3<\/td>\n<td width=\"162\">0,32\/0,4\/0,71 Godet de terrassement<br \/>\n0,52 Seau \u00e0 roches<\/td>\n<\/tr>\n<\/tbody>\n<\/table>\n<\/div>\n<p>&nbsp;<\/p>\n<p><img fetchpriority=\"high\" decoding=\"async\" class=\"alignnone size-medium wp-image-1913\" src=\"https:\/\/www.hcxmachinery.com\/wp-content\/uploads\/2024\/10\/155DK\u4ea7\u54c1\u76f8\u518c\u56fe7\u6700\u65b0-300x300.webp\" alt=\"\" width=\"300\" height=\"300\" title=\"\" srcset=\"https:\/\/www.hcxmachinery.com\/wp-content\/uploads\/2024\/10\/155DK\u4ea7\u54c1\u76f8\u518c\u56fe7\u6700\u65b0-300x300.webp 300w, https:\/\/www.hcxmachinery.com\/wp-content\/uploads\/2024\/10\/155DK\u4ea7\u54c1\u76f8\u518c\u56fe7\u6700\u65b0-150x150.webp 150w, https:\/\/www.hcxmachinery.com\/wp-content\/uploads\/2024\/10\/155DK\u4ea7\u54c1\u76f8\u518c\u56fe7\u6700\u65b0-768x768.webp 768w, https:\/\/www.hcxmachinery.com\/wp-content\/uploads\/2024\/10\/155DK\u4ea7\u54c1\u76f8\u518c\u56fe7\u6700\u65b0-600x600.webp 600w, https:\/\/www.hcxmachinery.com\/wp-content\/uploads\/2024\/10\/155DK\u4ea7\u54c1\u76f8\u518c\u56fe7\u6700\u65b0-100x100.webp 100w, https:\/\/www.hcxmachinery.com\/wp-content\/uploads\/2024\/10\/155DK\u4ea7\u54c1\u76f8\u518c\u56fe7\u6700\u65b0.webp 800w\" sizes=\"(max-width: 300px) 100vw, 300px\" \/> <img decoding=\"async\" class=\"alignnone size-medium wp-image-1912\" src=\"https:\/\/www.hcxmachinery.com\/wp-content\/uploads\/2024\/10\/155DK\u4ea7\u54c1\u76f8\u518c\u56fe6\u6700\u65b0-300x300.webp\" alt=\"\" width=\"300\" height=\"300\" title=\"\" srcset=\"https:\/\/www.hcxmachinery.com\/wp-content\/uploads\/2024\/10\/155DK\u4ea7\u54c1\u76f8\u518c\u56fe6\u6700\u65b0-300x300.webp 300w, https:\/\/www.hcxmachinery.com\/wp-content\/uploads\/2024\/10\/155DK\u4ea7\u54c1\u76f8\u518c\u56fe6\u6700\u65b0-150x150.webp 150w, https:\/\/www.hcxmachinery.com\/wp-content\/uploads\/2024\/10\/155DK\u4ea7\u54c1\u76f8\u518c\u56fe6\u6700\u65b0-768x768.webp 768w, https:\/\/www.hcxmachinery.com\/wp-content\/uploads\/2024\/10\/155DK\u4ea7\u54c1\u76f8\u518c\u56fe6\u6700\u65b0-600x600.webp 600w, https:\/\/www.hcxmachinery.com\/wp-content\/uploads\/2024\/10\/155DK\u4ea7\u54c1\u76f8\u518c\u56fe6\u6700\u65b0-100x100.webp 100w, https:\/\/www.hcxmachinery.com\/wp-content\/uploads\/2024\/10\/155DK\u4ea7\u54c1\u76f8\u518c\u56fe6\u6700\u65b0.webp 800w\" sizes=\"(max-width: 300px) 100vw, 300px\" \/> <img decoding=\"async\" class=\"alignnone size-medium wp-image-1911\" src=\"https:\/\/www.hcxmachinery.com\/wp-content\/uploads\/2024\/10\/155DK\u4ea7\u54c1\u76f8\u518c\u56fe5\u6700\u65b0-300x300.webp\" alt=\"\" width=\"300\" height=\"300\" title=\"\" srcset=\"https:\/\/www.hcxmachinery.com\/wp-content\/uploads\/2024\/10\/155DK\u4ea7\u54c1\u76f8\u518c\u56fe5\u6700\u65b0-300x300.webp 300w, https:\/\/www.hcxmachinery.com\/wp-content\/uploads\/2024\/10\/155DK\u4ea7\u54c1\u76f8\u518c\u56fe5\u6700\u65b0-150x150.webp 150w, https:\/\/www.hcxmachinery.com\/wp-content\/uploads\/2024\/10\/155DK\u4ea7\u54c1\u76f8\u518c\u56fe5\u6700\u65b0-768x768.webp 768w, https:\/\/www.hcxmachinery.com\/wp-content\/uploads\/2024\/10\/155DK\u4ea7\u54c1\u76f8\u518c\u56fe5\u6700\u65b0-600x600.webp 600w, https:\/\/www.hcxmachinery.com\/wp-content\/uploads\/2024\/10\/155DK\u4ea7\u54c1\u76f8\u518c\u56fe5\u6700\u65b0-100x100.webp 100w, https:\/\/www.hcxmachinery.com\/wp-content\/uploads\/2024\/10\/155DK\u4ea7\u54c1\u76f8\u518c\u56fe5\u6700\u65b0.webp 800w\" sizes=\"(max-width: 300px) 100vw, 300px\" \/> <img loading=\"lazy\" decoding=\"async\" class=\"alignnone size-medium wp-image-1910\" src=\"https:\/\/www.hcxmachinery.com\/wp-content\/uploads\/2024\/10\/155DK\u4ea7\u54c1\u76f8\u518c\u56fe4\u6700\u65b0-300x300.webp\" alt=\"\" width=\"300\" height=\"300\" title=\"\" srcset=\"https:\/\/www.hcxmachinery.com\/wp-content\/uploads\/2024\/10\/155DK\u4ea7\u54c1\u76f8\u518c\u56fe4\u6700\u65b0-300x300.webp 300w, https:\/\/www.hcxmachinery.com\/wp-content\/uploads\/2024\/10\/155DK\u4ea7\u54c1\u76f8\u518c\u56fe4\u6700\u65b0-150x150.webp 150w, https:\/\/www.hcxmachinery.com\/wp-content\/uploads\/2024\/10\/155DK\u4ea7\u54c1\u76f8\u518c\u56fe4\u6700\u65b0-768x768.webp 768w, https:\/\/www.hcxmachinery.com\/wp-content\/uploads\/2024\/10\/155DK\u4ea7\u54c1\u76f8\u518c\u56fe4\u6700\u65b0-600x600.webp 600w, https:\/\/www.hcxmachinery.com\/wp-content\/uploads\/2024\/10\/155DK\u4ea7\u54c1\u76f8\u518c\u56fe4\u6700\u65b0-100x100.webp 100w, https:\/\/www.hcxmachinery.com\/wp-content\/uploads\/2024\/10\/155DK\u4ea7\u54c1\u76f8\u518c\u56fe4\u6700\u65b0.webp 800w\" sizes=\"(max-width: 300px) 100vw, 300px\" \/> <img loading=\"lazy\" decoding=\"async\" class=\"alignnone size-medium wp-image-1909\" src=\"https:\/\/www.hcxmachinery.com\/wp-content\/uploads\/2024\/10\/155DK\u4ea7\u54c1\u76f8\u518c\u56fe3\u6700\u65b0-300x300.webp\" alt=\"\" width=\"300\" height=\"300\" title=\"\" srcset=\"https:\/\/www.hcxmachinery.com\/wp-content\/uploads\/2024\/10\/155DK\u4ea7\u54c1\u76f8\u518c\u56fe3\u6700\u65b0-300x300.webp 300w, https:\/\/www.hcxmachinery.com\/wp-content\/uploads\/2024\/10\/155DK\u4ea7\u54c1\u76f8\u518c\u56fe3\u6700\u65b0-150x150.webp 150w, https:\/\/www.hcxmachinery.com\/wp-content\/uploads\/2024\/10\/155DK\u4ea7\u54c1\u76f8\u518c\u56fe3\u6700\u65b0-768x768.webp 768w, https:\/\/www.hcxmachinery.com\/wp-content\/uploads\/2024\/10\/155DK\u4ea7\u54c1\u76f8\u518c\u56fe3\u6700\u65b0-600x600.webp 600w, https:\/\/www.hcxmachinery.com\/wp-content\/uploads\/2024\/10\/155DK\u4ea7\u54c1\u76f8\u518c\u56fe3\u6700\u65b0-100x100.webp 100w, https:\/\/www.hcxmachinery.com\/wp-content\/uploads\/2024\/10\/155DK\u4ea7\u54c1\u76f8\u518c\u56fe3\u6700\u65b0.webp 800w\" sizes=\"(max-width: 300px) 100vw, 300px\" \/> <img loading=\"lazy\" decoding=\"async\" class=\"alignnone size-medium wp-image-1908\" src=\"https:\/\/www.hcxmachinery.com\/wp-content\/uploads\/2024\/10\/155DK\u4ea7\u54c1\u76f8\u518c\u56fe2\u6700\u65b0-300x300.webp\" alt=\"\" width=\"300\" height=\"300\" title=\"\" srcset=\"https:\/\/www.hcxmachinery.com\/wp-content\/uploads\/2024\/10\/155DK\u4ea7\u54c1\u76f8\u518c\u56fe2\u6700\u65b0-300x300.webp 300w, https:\/\/www.hcxmachinery.com\/wp-content\/uploads\/2024\/10\/155DK\u4ea7\u54c1\u76f8\u518c\u56fe2\u6700\u65b0-150x150.webp 150w, https:\/\/www.hcxmachinery.com\/wp-content\/uploads\/2024\/10\/155DK\u4ea7\u54c1\u76f8\u518c\u56fe2\u6700\u65b0-768x768.webp 768w, https:\/\/www.hcxmachinery.com\/wp-content\/uploads\/2024\/10\/155DK\u4ea7\u54c1\u76f8\u518c\u56fe2\u6700\u65b0-600x600.webp 600w, https:\/\/www.hcxmachinery.com\/wp-content\/uploads\/2024\/10\/155DK\u4ea7\u54c1\u76f8\u518c\u56fe2\u6700\u65b0-100x100.webp 100w, https:\/\/www.hcxmachinery.com\/wp-content\/uploads\/2024\/10\/155DK\u4ea7\u54c1\u76f8\u518c\u56fe2\u6700\u65b0.webp 800w\" sizes=\"(max-width: 300px) 100vw, 300px\" \/> <img loading=\"lazy\" decoding=\"async\" class=\"alignnone size-medium wp-image-1907\" src=\"https:\/\/www.hcxmachinery.com\/wp-content\/uploads\/2024\/10\/155DK\u4ea7\u54c1\u76f8\u518c\u56fe1\u6700\u65b0-300x300.webp\" alt=\"\" width=\"300\" height=\"300\" title=\"\" srcset=\"https:\/\/www.hcxmachinery.com\/wp-content\/uploads\/2024\/10\/155DK\u4ea7\u54c1\u76f8\u518c\u56fe1\u6700\u65b0-300x300.webp 300w, https:\/\/www.hcxmachinery.com\/wp-content\/uploads\/2024\/10\/155DK\u4ea7\u54c1\u76f8\u518c\u56fe1\u6700\u65b0-150x150.webp 150w, https:\/\/www.hcxmachinery.com\/wp-content\/uploads\/2024\/10\/155DK\u4ea7\u54c1\u76f8\u518c\u56fe1\u6700\u65b0-768x768.webp 768w, https:\/\/www.hcxmachinery.com\/wp-content\/uploads\/2024\/10\/155DK\u4ea7\u54c1\u76f8\u518c\u56fe1\u6700\u65b0-600x600.webp 600w, https:\/\/www.hcxmachinery.com\/wp-content\/uploads\/2024\/10\/155DK\u4ea7\u54c1\u76f8\u518c\u56fe1\u6700\u65b0-100x100.webp 100w, https:\/\/www.hcxmachinery.com\/wp-content\/uploads\/2024\/10\/155DK\u4ea7\u54c1\u76f8\u518c\u56fe1\u6700\u65b0.webp 800w\" sizes=\"(max-width: 300px) 100vw, 300px\" \/><\/p>","protected":false},"excerpt":{"rendered":"<p>XE155DK The hydraulic excavator is equipped with a low-speed high-torque engine with high efficiency and low fuelconsumption. The large undercarrige [&hellip;]<\/p>","protected":false},"featured_media":1885,"template":"","meta":{"_acf_changed":false,"site-sidebar-layout":"default","site-content-layout":"","ast-site-content-layout":"default","site-content-style":"default","site-sidebar-style":"default","ast-global-header-display":"","ast-banner-title-visibility":"","ast-main-header-display":"","ast-hfb-above-header-display":"","ast-hfb-below-header-display":"","ast-hfb-mobile-header-display":"","site-post-title":"","ast-breadcrumbs-content":"","ast-featured-img":"","footer-sml-layout":"","theme-transparent-header-meta":"default","adv-header-id-meta":"","stick-header-meta":"default","header-above-stick-meta":"","header-main-stick-meta":"","header-below-stick-meta":"","astra-migrate-meta-layouts":"set","ast-page-background-enabled":"default","ast-page-background-meta":{"desktop":{"background-color":"var(--ast-global-color-4)","background-image":"","background-repeat":"repeat","background-position":"center center","background-size":"auto","background-attachment":"scroll","background-type":"","background-media":"","overlay-type":"","overlay-color":"","overlay-opacity":"","overlay-gradient":""},"tablet":{"background-color":"","background-image":"","background-repeat":"repeat","background-position":"center center","background-size":"auto","background-attachment":"scroll","background-type":"","background-media":"","overlay-type":"","overlay-color":"","overlay-opacity":"","overlay-gradient":""},"mobile":{"background-color":"","background-image":"","background-repeat":"repeat","background-position":"center center","background-size":"auto","background-attachment":"scroll","background-type":"","background-media":"","overlay-type":"","overlay-color":"","overlay-opacity":"","overlay-gradient":""}},"ast-content-background-meta":{"desktop":{"background-color":"var(--ast-global-color-5)","background-image":"","background-repeat":"repeat","background-position":"center center","background-size":"auto","background-attachment":"scroll","background-type":"","background-media":"","overlay-type":"","overlay-color":"","overlay-opacity":"","overlay-gradient":""},"tablet":{"background-color":"var(--ast-global-color-5)","background-image":"","background-repeat":"repeat","background-position":"center center","background-size":"auto","background-attachment":"scroll","background-type":"","background-media":"","overlay-type":"","overlay-color":"","overlay-opacity":"","overlay-gradient":""},"mobile":{"background-color":"var(--ast-global-color-5)","background-image":"","background-repeat":"repeat","background-position":"center center","background-size":"auto","background-attachment":"scroll","background-type":"","background-media":"","overlay-type":"","overlay-color":"","overlay-opacity":"","overlay-gradient":""}}},"product_cat":[19,36],"product_tag":[],"class_list":{"0":"post-1256","1":"product","2":"type-product","3":"status-publish","4":"has-post-thumbnail","6":"product_cat-excavator","7":"product_cat-medium-excavator","8":"desktop-align-left","9":"tablet-align-left","10":"mobile-align-left","11":"ast-product-gallery-layout-horizontal-slider","12":"ast-magnify-disabled","13":"ast-product-tabs-layout-horizontal","15":"first","16":"instock","17":"shipping-taxable","18":"product-type-simple"},"acf":[],"_links":{"self":[{"href":"https:\/\/www.hcxmachinery.com\/fr\/wp-json\/wp\/v2\/product\/1256"}],"collection":[{"href":"https:\/\/www.hcxmachinery.com\/fr\/wp-json\/wp\/v2\/product"}],"about":[{"href":"https:\/\/www.hcxmachinery.com\/fr\/wp-json\/wp\/v2\/types\/product"}],"version-history":[{"count":14,"href":"https:\/\/www.hcxmachinery.com\/fr\/wp-json\/wp\/v2\/product\/1256\/revisions"}],"predecessor-version":[{"id":3320,"href":"https:\/\/www.hcxmachinery.com\/fr\/wp-json\/wp\/v2\/product\/1256\/revisions\/3320"}],"wp:featuredmedia":[{"embeddable":true,"href":"https:\/\/www.hcxmachinery.com\/fr\/wp-json\/wp\/v2\/media\/1885"}],"wp:attachment":[{"href":"https:\/\/www.hcxmachinery.com\/fr\/wp-json\/wp\/v2\/media?parent=1256"}],"wp:term":[{"taxonomy":"product_cat","embeddable":true,"href":"https:\/\/www.hcxmachinery.com\/fr\/wp-json\/wp\/v2\/product_cat?post=1256"},{"taxonomy":"product_tag","embeddable":true,"href":"https:\/\/www.hcxmachinery.com\/fr\/wp-json\/wp\/v2\/product_tag?post=1256"}],"curies":[{"name":"wp","href":"https:\/\/api.w.org\/{rel}","templated":true}]}}