{"id":1223,"date":"2024-10-31T12:46:16","date_gmt":"2024-10-31T12:46:16","guid":{"rendered":"https:\/\/hcxmachinery.com\/?post_type=product&#038;p=1223"},"modified":"2025-12-08T08:03:21","modified_gmt":"2025-12-08T08:03:21","slug":"xe17u-2","status":"publish","type":"product","link":"https:\/\/www.hcxmachinery.com\/fr\/produit\/xe17u-2\/","title":{"rendered":"Good Price Used XCMG 17U Micro Hydraulic Crawler Excavator For Sale"},"content":{"rendered":"<h2>XE17U<\/h2>\n<p>L'excavateur hydraulique est \u00e9quip\u00e9 d'un moteur \u00e0 basse vitesse et \u00e0 couple \u00e9lev\u00e9, avec un rendement \u00e9lev\u00e9 et une faible consommation de carburant. Les pi\u00e8ces d'entretien sont d\u00e9plac\u00e9es vers l'ext\u00e9rieur, la p\u00e9riode d'entretien est prolong\u00e9e, l'entretien est plus pratique ; une vari\u00e9t\u00e9 d'accessoires en option, ainsi que des fonctions de contr\u00f4le adaptatif de l'altitude, l'adaptabilit\u00e9 \u00e0 l'environnement est meilleure. Elle peut \u00eatre largement utilis\u00e9e dans les travaux de terre et de pierre de petite et moyenne taille, la construction d'autoroutes et de ponts, le creusement de tranch\u00e9es et la construction, la conservation de l'eau des terres agricoles, le dragage des rivi\u00e8res et la construction municipale. Elle peut \u00e9galement r\u00e9aliser diff\u00e9rentes op\u00e9rations telles que le creusement, le concassage et le d\u00e9mant\u00e8lement, et s'adapte parfaitement aux conditions de travail.<\/p>\n<h2 class=\"fe-bold mb-3\">PARAM\u00c8TRES<\/h2>\n<div class=\"scrollable-div\">\n<table width=\"977\">\n<tbody>\n<tr>\n<td colspan=\"2\" width=\"669\">Mod\u00e8le<\/td>\n<td width=\"148\">Unit\u00e9<\/td>\n<td width=\"159\">XE17U<\/td>\n<\/tr>\n<tr>\n<td colspan=\"2\">Poids en ordre de marche<\/td>\n<td>Kg<\/td>\n<td width=\"159\">1795<\/td>\n<\/tr>\n<tr>\n<td colspan=\"2\">Capacit\u00e9 du godet<\/td>\n<td>m\u00b3<\/td>\n<td width=\"159\">0.04<\/td>\n<\/tr>\n<tr>\n<td rowspan=\"9\" width=\"250\">Moteur<\/td>\n<td>Mod\u00e8le<\/td>\n<td>\/<\/td>\n<td width=\"159\">D902<\/td>\n<\/tr>\n<tr>\n<td>Injection directe<\/td>\n<td>\/<\/td>\n<td width=\"159\">\u00d7<\/td>\n<\/tr>\n<tr>\n<td>Quatre coups<\/td>\n<td>\/<\/td>\n<td width=\"159\">\u221a<\/td>\n<\/tr>\n<tr>\n<td>Refroidissement par eau<\/td>\n<td>\/<\/td>\n<td width=\"159\">\u221a<\/td>\n<\/tr>\n<tr>\n<td>Turbocompresseur<\/td>\n<td>\/<\/td>\n<td width=\"159\">\u00d7<\/td>\n<\/tr>\n<tr>\n<td>Nombre de cylindres<\/td>\n<td>\/<\/td>\n<td width=\"159\">3<\/td>\n<\/tr>\n<tr>\n<td>Puissance de sortie<\/td>\n<td>kw\/tr\/min<\/td>\n<td width=\"159\">11.8\/2300<\/td>\n<\/tr>\n<tr>\n<td>Couple\/vitesse maximal(e)<\/td>\n<td>N.m<\/td>\n<td width=\"159\">51.3\/1800<\/td>\n<\/tr>\n<tr>\n<td>D\u00e9placement<\/td>\n<td>L<\/td>\n<td width=\"159\">0.898<\/td>\n<\/tr>\n<tr>\n<td rowspan=\"7\" width=\"250\">Principales performances<\/td>\n<td>Vitesse de d\u00e9placement<\/td>\n<td>km\/h<\/td>\n<td width=\"159\">4.1\/2.6<\/td>\n<\/tr>\n<tr>\n<td>Vitesse d'oscillation<\/td>\n<td>r\/min<\/td>\n<td width=\"159\">9<\/td>\n<\/tr>\n<tr>\n<td width=\"419\">Aptitude au classement<\/td>\n<td>\u00b0<\/td>\n<td width=\"159\">\u226430<\/td>\n<\/tr>\n<tr>\n<td width=\"419\">\u00a0Pression au sol<\/td>\n<td>kPa<\/td>\n<td width=\"159\">28.5<\/td>\n<\/tr>\n<tr>\n<td width=\"419\">\u00a0Force de creusement du godet<\/td>\n<td>kN<\/td>\n<td width=\"159\">16<\/td>\n<\/tr>\n<tr>\n<td width=\"419\">\u00a0Force de creusement du bras<\/td>\n<td>kN<\/td>\n<td width=\"159\">10<\/td>\n<\/tr>\n<tr>\n<td width=\"419\">\u00a0Traction maximale<\/td>\n<td>kN<\/td>\n<td width=\"159\">21.4<\/td>\n<\/tr>\n<tr>\n<td rowspan=\"5\" width=\"250\">Syst\u00e8me hydraulique<\/td>\n<td width=\"419\">\u00a0D\u00e9bit nominal de la pompe principale<\/td>\n<td>L\/min<\/td>\n<td width=\"159\">64.4<\/td>\n<\/tr>\n<tr>\n<td>\u00a0Pression de la soupape de s\u00e9curit\u00e9 principale<\/td>\n<td>MPa<\/td>\n<td width=\"159\">25.3<\/td>\n<\/tr>\n<tr>\n<td>\u00a0Pression du syst\u00e8me de d\u00e9placement<\/td>\n<td>MPa<\/td>\n<td width=\"159\">21<\/td>\n<\/tr>\n<tr>\n<td>\u00a0Pression du syst\u00e8me de balancier<\/td>\n<td>MPa<\/td>\n<td width=\"159\">11<\/td>\n<\/tr>\n<tr>\n<td>\u00a0Pression du syst\u00e8me pilote<\/td>\n<td>MPa<\/td>\n<td width=\"159\">3.5<\/td>\n<\/tr>\n<tr>\n<td rowspan=\"3\" width=\"250\">Capacit\u00e9 d'huile<\/td>\n<td width=\"419\">\u00a0Capacit\u00e9 du r\u00e9servoir de carburant<\/td>\n<td>L<\/td>\n<td width=\"159\">20<\/td>\n<\/tr>\n<tr>\n<td width=\"419\">\u00a0Capacit\u00e9 du r\u00e9servoir hydraulique<\/td>\n<td>L<\/td>\n<td width=\"159\">18<\/td>\n<\/tr>\n<tr>\n<td>\u00a0Capacit\u00e9 d'huile moteur<\/td>\n<td>L<\/td>\n<td width=\"159\">3.8<\/td>\n<\/tr>\n<tr>\n<td rowspan=\"11\" width=\"250\">Taille de l'apparence<\/td>\n<td width=\"419\">A Longueur totale<\/td>\n<td>mm<\/td>\n<td width=\"159\">3560<\/td>\n<\/tr>\n<tr>\n<td width=\"419\">B Largeur totale<\/td>\n<td>mm<\/td>\n<td width=\"159\">990\/1240<\/td>\n<\/tr>\n<tr>\n<td width=\"419\">C Hauteur totale<\/td>\n<td>mm<\/td>\n<td width=\"159\">2350<\/td>\n<\/tr>\n<tr>\n<td width=\"419\">D Largeur de la plate-forme<\/td>\n<td>mm<\/td>\n<td width=\"159\">990<\/td>\n<\/tr>\n<tr>\n<td>E Largeur totale du ch\u00e2ssis<\/td>\n<td>mm<\/td>\n<td width=\"159\">990\/1240<\/td>\n<\/tr>\n<tr>\n<td>F Largeur de la voie<\/td>\n<td>mm<\/td>\n<td width=\"159\">230<\/td>\n<\/tr>\n<tr>\n<td>Bande de roulement<\/td>\n<td>mm<\/td>\n<td width=\"159\">1270<\/td>\n<\/tr>\n<tr>\n<td>H \u00c9cartement des voies<\/td>\n<td>mm<\/td>\n<td width=\"159\">760\/1010<\/td>\n<\/tr>\n<tr>\n<td>I D\u00e9gagement du contrepoids<\/td>\n<td>mm<\/td>\n<td width=\"159\">450<\/td>\n<\/tr>\n<tr>\n<td>J Garde au sol min.<\/td>\n<td>mm<\/td>\n<td width=\"159\">145<\/td>\n<\/tr>\n<tr>\n<td>Dozer (largeur\/hauteur)<\/td>\n<td>mm<\/td>\n<td width=\"159\">\/<\/td>\n<\/tr>\n<tr>\n<td rowspan=\"9\" width=\"250\">Champ d'application<\/td>\n<td>A Hauteur de creusement max.<\/td>\n<td>mm<\/td>\n<td width=\"159\">3475<\/td>\n<\/tr>\n<tr>\n<td>B Hauteur de d\u00e9versement max.<\/td>\n<td>mm<\/td>\n<td width=\"159\">2415<\/td>\n<\/tr>\n<tr>\n<td>C Profondeur de fouille maximale<\/td>\n<td>mm<\/td>\n<td width=\"159\">2290<\/td>\n<\/tr>\n<tr>\n<td>D \u6700 Profondeur maximale de creusement des parois verticales<\/td>\n<td>mm<\/td>\n<td width=\"159\">1750<\/td>\n<\/tr>\n<tr>\n<td>\u00a0Rayon de creusement max.<\/td>\n<td>mm<\/td>\n<td width=\"159\">3900<\/td>\n<\/tr>\n<tr>\n<td>\u00a0Rayon de pivotement min.<\/td>\n<td>mm<\/td>\n<td width=\"159\">1550<\/td>\n<\/tr>\n<tr>\n<td>\u00a0Rayon de braquage minimal de la queue<\/td>\n<td>mm<\/td>\n<td width=\"159\">620<\/td>\n<\/tr>\n<tr>\n<td>\u00a0Hauteur de levage maximale du bouteur<\/td>\n<td>mm<\/td>\n<td width=\"159\">277<\/td>\n<\/tr>\n<tr>\n<td>\u00a0Profondeur de fouille maximale du bouteur<\/td>\n<td>mm<\/td>\n<td width=\"159\">225<\/td>\n<\/tr>\n<tr>\n<td rowspan=\"3\" width=\"250\">Configuration standard<\/td>\n<td width=\"419\">\u00a0Longueur de la fl\u00e8che<\/td>\n<td width=\"148\">mm<\/td>\n<td width=\"159\">1828<\/td>\n<\/tr>\n<tr>\n<td width=\"419\">\u00a0Longueur du bras<\/td>\n<td width=\"148\">mm<\/td>\n<td width=\"159\">950<\/td>\n<\/tr>\n<tr>\n<td width=\"419\">Capacit\u00e9 du godet<\/td>\n<td width=\"148\">m\u00b3<\/td>\n<td width=\"159\">0.04<\/td>\n<\/tr>\n<tr>\n<td rowspan=\"3\" width=\"250\">Configuration optionnelle<\/td>\n<td rowspan=\"2\" width=\"419\">Capacit\u00e9 du godet<\/td>\n<td rowspan=\"2\" width=\"148\">m\u00b3<\/td>\n<td width=\"159\">\/<\/td>\n<\/tr>\n<tr>\n<td width=\"159\">\/<\/td>\n<\/tr>\n<tr>\n<td>\u00c9quipements auxiliaires et autres<\/td>\n<td>\/<\/td>\n<td width=\"159\">\/<\/td>\n<\/tr>\n<\/tbody>\n<\/table>\n<\/div>\n<p><img fetchpriority=\"high\" decoding=\"async\" class=\"alignnone size-medium wp-image-1930\" src=\"https:\/\/www.hcxmachinery.com\/wp-content\/uploads\/2024\/10\/17U\u4ea7\u54c1\u76f8\u518c\u56fe6\u6700\u65b0-300x300.webp\" alt=\"\" width=\"300\" height=\"300\" title=\"\" srcset=\"https:\/\/www.hcxmachinery.com\/wp-content\/uploads\/2024\/10\/17U\u4ea7\u54c1\u76f8\u518c\u56fe6\u6700\u65b0-300x300.webp 300w, https:\/\/www.hcxmachinery.com\/wp-content\/uploads\/2024\/10\/17U\u4ea7\u54c1\u76f8\u518c\u56fe6\u6700\u65b0-150x150.webp 150w, https:\/\/www.hcxmachinery.com\/wp-content\/uploads\/2024\/10\/17U\u4ea7\u54c1\u76f8\u518c\u56fe6\u6700\u65b0-768x768.webp 768w, https:\/\/www.hcxmachinery.com\/wp-content\/uploads\/2024\/10\/17U\u4ea7\u54c1\u76f8\u518c\u56fe6\u6700\u65b0-600x600.webp 600w, https:\/\/www.hcxmachinery.com\/wp-content\/uploads\/2024\/10\/17U\u4ea7\u54c1\u76f8\u518c\u56fe6\u6700\u65b0-100x100.webp 100w, https:\/\/www.hcxmachinery.com\/wp-content\/uploads\/2024\/10\/17U\u4ea7\u54c1\u76f8\u518c\u56fe6\u6700\u65b0.webp 800w\" sizes=\"(max-width: 300px) 100vw, 300px\" \/> <img decoding=\"async\" class=\"alignnone size-medium wp-image-1928\" src=\"https:\/\/www.hcxmachinery.com\/wp-content\/uploads\/2024\/10\/17U\u4ea7\u54c1\u76f8\u518c\u56fe5\u6700\u65b0-300x300.webp\" alt=\"\" width=\"300\" height=\"300\" title=\"\" srcset=\"https:\/\/www.hcxmachinery.com\/wp-content\/uploads\/2024\/10\/17U\u4ea7\u54c1\u76f8\u518c\u56fe5\u6700\u65b0-300x300.webp 300w, https:\/\/www.hcxmachinery.com\/wp-content\/uploads\/2024\/10\/17U\u4ea7\u54c1\u76f8\u518c\u56fe5\u6700\u65b0-150x150.webp 150w, https:\/\/www.hcxmachinery.com\/wp-content\/uploads\/2024\/10\/17U\u4ea7\u54c1\u76f8\u518c\u56fe5\u6700\u65b0-768x768.webp 768w, https:\/\/www.hcxmachinery.com\/wp-content\/uploads\/2024\/10\/17U\u4ea7\u54c1\u76f8\u518c\u56fe5\u6700\u65b0-600x600.webp 600w, https:\/\/www.hcxmachinery.com\/wp-content\/uploads\/2024\/10\/17U\u4ea7\u54c1\u76f8\u518c\u56fe5\u6700\u65b0-100x100.webp 100w, https:\/\/www.hcxmachinery.com\/wp-content\/uploads\/2024\/10\/17U\u4ea7\u54c1\u76f8\u518c\u56fe5\u6700\u65b0.webp 800w\" sizes=\"(max-width: 300px) 100vw, 300px\" \/> <img decoding=\"async\" class=\"alignnone size-medium wp-image-1927\" src=\"https:\/\/www.hcxmachinery.com\/wp-content\/uploads\/2024\/10\/17U\u4ea7\u54c1\u76f8\u518c\u56fe4\u6700\u65b0-300x300.webp\" alt=\"\" width=\"300\" height=\"300\" title=\"\" srcset=\"https:\/\/www.hcxmachinery.com\/wp-content\/uploads\/2024\/10\/17U\u4ea7\u54c1\u76f8\u518c\u56fe4\u6700\u65b0-300x300.webp 300w, https:\/\/www.hcxmachinery.com\/wp-content\/uploads\/2024\/10\/17U\u4ea7\u54c1\u76f8\u518c\u56fe4\u6700\u65b0-150x150.webp 150w, https:\/\/www.hcxmachinery.com\/wp-content\/uploads\/2024\/10\/17U\u4ea7\u54c1\u76f8\u518c\u56fe4\u6700\u65b0-768x768.webp 768w, https:\/\/www.hcxmachinery.com\/wp-content\/uploads\/2024\/10\/17U\u4ea7\u54c1\u76f8\u518c\u56fe4\u6700\u65b0-600x600.webp 600w, https:\/\/www.hcxmachinery.com\/wp-content\/uploads\/2024\/10\/17U\u4ea7\u54c1\u76f8\u518c\u56fe4\u6700\u65b0-100x100.webp 100w, https:\/\/www.hcxmachinery.com\/wp-content\/uploads\/2024\/10\/17U\u4ea7\u54c1\u76f8\u518c\u56fe4\u6700\u65b0.webp 800w\" sizes=\"(max-width: 300px) 100vw, 300px\" \/> <img loading=\"lazy\" decoding=\"async\" class=\"alignnone size-medium wp-image-1926\" src=\"https:\/\/www.hcxmachinery.com\/wp-content\/uploads\/2024\/10\/17U\u4ea7\u54c1\u76f8\u518c\u56fe3\u6700\u65b0-300x300.webp\" alt=\"\" width=\"300\" height=\"300\" title=\"\" srcset=\"https:\/\/www.hcxmachinery.com\/wp-content\/uploads\/2024\/10\/17U\u4ea7\u54c1\u76f8\u518c\u56fe3\u6700\u65b0-300x300.webp 300w, https:\/\/www.hcxmachinery.com\/wp-content\/uploads\/2024\/10\/17U\u4ea7\u54c1\u76f8\u518c\u56fe3\u6700\u65b0-150x150.webp 150w, https:\/\/www.hcxmachinery.com\/wp-content\/uploads\/2024\/10\/17U\u4ea7\u54c1\u76f8\u518c\u56fe3\u6700\u65b0-768x768.webp 768w, https:\/\/www.hcxmachinery.com\/wp-content\/uploads\/2024\/10\/17U\u4ea7\u54c1\u76f8\u518c\u56fe3\u6700\u65b0-600x600.webp 600w, https:\/\/www.hcxmachinery.com\/wp-content\/uploads\/2024\/10\/17U\u4ea7\u54c1\u76f8\u518c\u56fe3\u6700\u65b0-100x100.webp 100w, https:\/\/www.hcxmachinery.com\/wp-content\/uploads\/2024\/10\/17U\u4ea7\u54c1\u76f8\u518c\u56fe3\u6700\u65b0.webp 800w\" sizes=\"(max-width: 300px) 100vw, 300px\" \/> <img loading=\"lazy\" decoding=\"async\" class=\"alignnone size-medium wp-image-1925\" src=\"https:\/\/www.hcxmachinery.com\/wp-content\/uploads\/2024\/10\/17U\u4ea7\u54c1\u76f8\u518c\u56fe2\u6700\u65b0-300x300.webp\" alt=\"\" width=\"300\" height=\"300\" title=\"\" srcset=\"https:\/\/www.hcxmachinery.com\/wp-content\/uploads\/2024\/10\/17U\u4ea7\u54c1\u76f8\u518c\u56fe2\u6700\u65b0-300x300.webp 300w, https:\/\/www.hcxmachinery.com\/wp-content\/uploads\/2024\/10\/17U\u4ea7\u54c1\u76f8\u518c\u56fe2\u6700\u65b0-150x150.webp 150w, https:\/\/www.hcxmachinery.com\/wp-content\/uploads\/2024\/10\/17U\u4ea7\u54c1\u76f8\u518c\u56fe2\u6700\u65b0-768x768.webp 768w, https:\/\/www.hcxmachinery.com\/wp-content\/uploads\/2024\/10\/17U\u4ea7\u54c1\u76f8\u518c\u56fe2\u6700\u65b0-600x600.webp 600w, https:\/\/www.hcxmachinery.com\/wp-content\/uploads\/2024\/10\/17U\u4ea7\u54c1\u76f8\u518c\u56fe2\u6700\u65b0-100x100.webp 100w, https:\/\/www.hcxmachinery.com\/wp-content\/uploads\/2024\/10\/17U\u4ea7\u54c1\u76f8\u518c\u56fe2\u6700\u65b0.webp 800w\" sizes=\"(max-width: 300px) 100vw, 300px\" \/> <img loading=\"lazy\" decoding=\"async\" class=\"alignnone size-medium wp-image-1924\" src=\"https:\/\/www.hcxmachinery.com\/wp-content\/uploads\/2024\/10\/17U\u4ea7\u54c1\u76f8\u518c\u56fe1\u6700\u65b0-300x300.webp\" alt=\"\" width=\"300\" height=\"300\" title=\"\" srcset=\"https:\/\/www.hcxmachinery.com\/wp-content\/uploads\/2024\/10\/17U\u4ea7\u54c1\u76f8\u518c\u56fe1\u6700\u65b0-300x300.webp 300w, https:\/\/www.hcxmachinery.com\/wp-content\/uploads\/2024\/10\/17U\u4ea7\u54c1\u76f8\u518c\u56fe1\u6700\u65b0-150x150.webp 150w, https:\/\/www.hcxmachinery.com\/wp-content\/uploads\/2024\/10\/17U\u4ea7\u54c1\u76f8\u518c\u56fe1\u6700\u65b0-768x768.webp 768w, https:\/\/www.hcxmachinery.com\/wp-content\/uploads\/2024\/10\/17U\u4ea7\u54c1\u76f8\u518c\u56fe1\u6700\u65b0-600x600.webp 600w, https:\/\/www.hcxmachinery.com\/wp-content\/uploads\/2024\/10\/17U\u4ea7\u54c1\u76f8\u518c\u56fe1\u6700\u65b0-100x100.webp 100w, https:\/\/www.hcxmachinery.com\/wp-content\/uploads\/2024\/10\/17U\u4ea7\u54c1\u76f8\u518c\u56fe1\u6700\u65b0.webp 800w\" sizes=\"(max-width: 300px) 100vw, 300px\" \/> <img loading=\"lazy\" decoding=\"async\" class=\"alignnone size-medium wp-image-1923\" src=\"https:\/\/www.hcxmachinery.com\/wp-content\/uploads\/2024\/10\/17U\u4ea7\u54c1\u76f8\u518c\u56fe7\u6700\u65b0-300x300.webp\" alt=\"\" width=\"300\" height=\"300\" title=\"\" srcset=\"https:\/\/www.hcxmachinery.com\/wp-content\/uploads\/2024\/10\/17U\u4ea7\u54c1\u76f8\u518c\u56fe7\u6700\u65b0-300x300.webp 300w, https:\/\/www.hcxmachinery.com\/wp-content\/uploads\/2024\/10\/17U\u4ea7\u54c1\u76f8\u518c\u56fe7\u6700\u65b0-150x150.webp 150w, https:\/\/www.hcxmachinery.com\/wp-content\/uploads\/2024\/10\/17U\u4ea7\u54c1\u76f8\u518c\u56fe7\u6700\u65b0-768x768.webp 768w, https:\/\/www.hcxmachinery.com\/wp-content\/uploads\/2024\/10\/17U\u4ea7\u54c1\u76f8\u518c\u56fe7\u6700\u65b0-600x600.webp 600w, https:\/\/www.hcxmachinery.com\/wp-content\/uploads\/2024\/10\/17U\u4ea7\u54c1\u76f8\u518c\u56fe7\u6700\u65b0-100x100.webp 100w, https:\/\/www.hcxmachinery.com\/wp-content\/uploads\/2024\/10\/17U\u4ea7\u54c1\u76f8\u518c\u56fe7\u6700\u65b0.webp 800w\" sizes=\"(max-width: 300px) 100vw, 300px\" \/><\/p>","protected":false},"excerpt":{"rendered":"<p>XE17U The hydraulic excavator is equipped with a low-speed high-torque engine with high efficiency and low fuelconsumption. The maintenance parts [&hellip;]<\/p>","protected":false},"featured_media":1878,"template":"","meta":{"_acf_changed":false,"site-sidebar-layout":"default","site-content-layout":"","ast-site-content-layout":"default","site-content-style":"default","site-sidebar-style":"default","ast-global-header-display":"","ast-banner-title-visibility":"","ast-main-header-display":"","ast-hfb-above-header-display":"","ast-hfb-below-header-display":"","ast-hfb-mobile-header-display":"","site-post-title":"","ast-breadcrumbs-content":"","ast-featured-img":"","footer-sml-layout":"","theme-transparent-header-meta":"default","adv-header-id-meta":"","stick-header-meta":"default","header-above-stick-meta":"","header-main-stick-meta":"","header-below-stick-meta":"","astra-migrate-meta-layouts":"set","ast-page-background-enabled":"default","ast-page-background-meta":{"desktop":{"background-color":"var(--ast-global-color-4)","background-image":"","background-repeat":"repeat","background-position":"center center","background-size":"auto","background-attachment":"scroll","background-type":"","background-media":"","overlay-type":"","overlay-color":"","overlay-opacity":"","overlay-gradient":""},"tablet":{"background-color":"","background-image":"","background-repeat":"repeat","background-position":"center center","background-size":"auto","background-attachment":"scroll","background-type":"","background-media":"","overlay-type":"","overlay-color":"","overlay-opacity":"","overlay-gradient":""},"mobile":{"background-color":"","background-image":"","background-repeat":"repeat","background-position":"center center","background-size":"auto","background-attachment":"scroll","background-type":"","background-media":"","overlay-type":"","overlay-color":"","overlay-opacity":"","overlay-gradient":""}},"ast-content-background-meta":{"desktop":{"background-color":"var(--ast-global-color-5)","background-image":"","background-repeat":"repeat","background-position":"center center","background-size":"auto","background-attachment":"scroll","background-type":"","background-media":"","overlay-type":"","overlay-color":"","overlay-opacity":"","overlay-gradient":""},"tablet":{"background-color":"var(--ast-global-color-5)","background-image":"","background-repeat":"repeat","background-position":"center center","background-size":"auto","background-attachment":"scroll","background-type":"","background-media":"","overlay-type":"","overlay-color":"","overlay-opacity":"","overlay-gradient":""},"mobile":{"background-color":"var(--ast-global-color-5)","background-image":"","background-repeat":"repeat","background-position":"center center","background-size":"auto","background-attachment":"scroll","background-type":"","background-media":"","overlay-type":"","overlay-color":"","overlay-opacity":"","overlay-gradient":""}}},"product_cat":[19,34],"product_tag":[],"class_list":{"0":"post-1223","1":"product","2":"type-product","3":"status-publish","4":"has-post-thumbnail","6":"product_cat-excavator","7":"product_cat-micro-excavator","8":"desktop-align-left","9":"tablet-align-left","10":"mobile-align-left","11":"ast-product-gallery-layout-horizontal-slider","12":"ast-magnify-disabled","13":"ast-product-tabs-layout-horizontal","15":"first","16":"instock","17":"shipping-taxable","18":"product-type-simple"},"acf":[],"_links":{"self":[{"href":"https:\/\/www.hcxmachinery.com\/fr\/wp-json\/wp\/v2\/product\/1223"}],"collection":[{"href":"https:\/\/www.hcxmachinery.com\/fr\/wp-json\/wp\/v2\/product"}],"about":[{"href":"https:\/\/www.hcxmachinery.com\/fr\/wp-json\/wp\/v2\/types\/product"}],"version-history":[{"count":13,"href":"https:\/\/www.hcxmachinery.com\/fr\/wp-json\/wp\/v2\/product\/1223\/revisions"}],"predecessor-version":[{"id":3329,"href":"https:\/\/www.hcxmachinery.com\/fr\/wp-json\/wp\/v2\/product\/1223\/revisions\/3329"}],"wp:featuredmedia":[{"embeddable":true,"href":"https:\/\/www.hcxmachinery.com\/fr\/wp-json\/wp\/v2\/media\/1878"}],"wp:attachment":[{"href":"https:\/\/www.hcxmachinery.com\/fr\/wp-json\/wp\/v2\/media?parent=1223"}],"wp:term":[{"taxonomy":"product_cat","embeddable":true,"href":"https:\/\/www.hcxmachinery.com\/fr\/wp-json\/wp\/v2\/product_cat?post=1223"},{"taxonomy":"product_tag","embeddable":true,"href":"https:\/\/www.hcxmachinery.com\/fr\/wp-json\/wp\/v2\/product_tag?post=1223"}],"curies":[{"name":"wp","href":"https:\/\/api.w.org\/{rel}","templated":true}]}}