{"id":59,"date":"2024-09-13T13:37:14","date_gmt":"2024-09-13T13:37:14","guid":{"rendered":"https:\/\/hcxmachinery.com\/?page_id=59"},"modified":"2025-01-02T03:20:04","modified_gmt":"2025-01-02T03:20:04","slug":"a-propos-de-nous","status":"publish","type":"page","link":"https:\/\/www.hcxmachinery.com\/fr\/a-propos-de-nous\/","title":{"rendered":"\u00c0 PROPOS DE NOUS"},"content":{"rendered":"<div data-elementor-type=\"wp-page\" data-elementor-id=\"59\" class=\"elementor elementor-59\" data-elementor-post-type=\"page\">\n\t\t\t\t<div class=\"elementor-element elementor-element-c58f417 e-flex e-con-boxed e-con e-parent\" data-id=\"c58f417\" data-element_type=\"container\" data-settings=\"{&quot;background_background&quot;:&quot;classic&quot;}\">\n\t\t\t\t\t<div class=\"e-con-inner\">\n\t\t\t\t<div class=\"elementor-element elementor-element-d703458 elementor-widget elementor-widget-heading\" data-id=\"d703458\" data-element_type=\"widget\" data-widget_type=\"heading.default\">\n\t\t\t\t<div class=\"elementor-widget-container\">\n\t\t\t<h2 class=\"elementor-heading-title elementor-size-default\">\u00c0 PROPOS DE NOUS<\/h2>\t\t<\/div>\n\t\t\t\t<\/div>\n\t\t\t\t<div class=\"elementor-element elementor-element-16e6947 elementor-widget elementor-widget-text-editor\" data-id=\"16e6947\" data-element_type=\"widget\" data-widget_type=\"text-editor.default\">\n\t\t\t\t<div class=\"elementor-widget-container\">\n\t\t\t\t\t\t\t<p><b>Exportateur professionnel de machines de construction d'occasion en Chine<\/b><\/p>\t\t\t\t\t\t<\/div>\n\t\t\t\t<\/div>\n\t\t\t\t\t<\/div>\n\t\t\t\t<\/div>\n\t\t<div class=\"elementor-element elementor-element-273e76e e-flex e-con-boxed e-con e-parent\" data-id=\"273e76e\" data-element_type=\"container\">\n\t\t\t\t\t<div class=\"e-con-inner\">\n\t\t\t\t<div class=\"elementor-element elementor-element-ec1328b elementor-widget elementor-widget-text-editor\" data-id=\"ec1328b\" data-element_type=\"widget\" data-widget_type=\"text-editor.default\">\n\t\t\t\t<div class=\"elementor-widget-container\">\n\t\t\t\t\t\t\t<p class=\"MsoNormal\">Fond\u00e9e en 2011, HCX est situ\u00e9e \u00e0 Suzhou, dans la province de Jiangsu, en Chine. Son capital social s'\u00e9l\u00e8ve \u00e0 60 millions de RMB et elle est principalement engag\u00e9e dans la vente de machines et d'\u00e9quipements, la location de machines et d'\u00e9quipements, la maintenance de machines et d'\u00e9quipements, la vente de pi\u00e8ces d\u00e9tach\u00e9es pour machines et d'autres activit\u00e9s commerciales.<\/p>\t\t\t\t\t\t<\/div>\n\t\t\t\t<\/div>\n\t\t\t\t<div class=\"elementor-element elementor-element-34a6f90 elementor-widget elementor-widget-text-editor\" data-id=\"34a6f90\" data-element_type=\"widget\" data-widget_type=\"text-editor.default\">\n\t\t\t\t<div class=\"elementor-widget-container\">\n\t\t\t\t\t\t\t<p>L'entreprise est l'un des plus grands concessionnaires de machines d'excavation XCMG en Chine, avec des ventes de produits couvrant toute la s\u00e9rie d'excavateurs hydrauliques XCMG de 1,5 tonne \u00e0 700 tonnes. \u00c0 l'heure actuelle, l'entreprise emploie plus de 240 personnes, r\u00e9alise un chiffre d'affaires annuel de 600 millions de RMB et d\u00e9tient une part de march\u00e9 qui la place r\u00e9guli\u00e8rement au premier rang de l'industrie. Aujourd'hui, la soci\u00e9t\u00e9 d\u00e9veloppe activement le march\u00e9 des excavateurs d'occasion \u00e0 l'\u00e9tranger, fournissant aux clients \u00e9trangers des produits d'excavateurs XCMG plus rentables !<\/p>\t\t\t\t\t\t<\/div>\n\t\t\t\t<\/div>\n\t\t\t\t<div class=\"elementor-element elementor-element-bd669f5 elementor-widget elementor-widget-text-editor\" data-id=\"bd669f5\" data-element_type=\"widget\" data-widget_type=\"text-editor.default\">\n\t\t\t\t<div class=\"elementor-widget-container\">\n\t\t\t\t\t\t\t<p>Nous nous r\u00e9jouissons de collaborer avec vous !\u00a0<\/p>\t\t\t\t\t\t<\/div>\n\t\t\t\t<\/div>\n\t\t\t\t\t<\/div>\n\t\t\t\t<\/div>\n\t\t<div class=\"elementor-element elementor-element-7c32fcb e-flex e-con-boxed e-con e-parent\" data-id=\"7c32fcb\" data-element_type=\"container\" data-settings=\"{&quot;background_background&quot;:&quot;classic&quot;}\">\n\t\t\t\t\t<div class=\"e-con-inner\">\n\t\t<div class=\"elementor-element elementor-element-b92c27c e-con-full e-flex e-con e-child\" data-id=\"b92c27c\" data-element_type=\"container\">\n\t\t\t\t<div class=\"elementor-element elementor-element-9bfa3c2 elementor-widget__width-initial elementor-widget elementor-widget-counter\" data-id=\"9bfa3c2\" data-element_type=\"widget\" data-widget_type=\"counter.default\">\n\t\t\t\t<div class=\"elementor-widget-container\">\n\t\t\t\t\t<div class=\"elementor-counter\">\n\t\t\t\t\t\t<div class=\"elementor-counter-number-wrapper\">\n\t\t\t\t<span class=\"elementor-counter-number-prefix\"><\/span>\n\t\t\t\t<span class=\"elementor-counter-number\" data-duration=\"2000\" data-to-value=\"2011\" data-from-value=\"0\" data-delimiter=\",\">0<\/span>\n\t\t\t\t<span class=\"elementor-counter-number-suffix\"><\/span>\n\t\t\t<\/div>\n\t\t<\/div>\n\t\t\t\t<\/div>\n\t\t\t\t<\/div>\n\t\t\t\t<div class=\"elementor-element elementor-element-818f73a elementor-widget__width-initial elementor-widget elementor-widget-text-editor\" data-id=\"818f73a\" data-element_type=\"widget\" data-widget_type=\"text-editor.default\">\n\t\t\t\t<div class=\"elementor-widget-container\">\n\t\t\t\t\t\t\t<p>HCX a \u00e9t\u00e9 fond\u00e9<\/p>\t\t\t\t\t\t<\/div>\n\t\t\t\t<\/div>\n\t\t\t\t<\/div>\n\t\t<div class=\"elementor-element elementor-element-7791ada e-con-full e-flex e-con e-child\" data-id=\"7791ada\" data-element_type=\"container\">\n\t\t\t\t<div class=\"elementor-element elementor-element-1b3ee76 elementor-widget__width-initial elementor-widget elementor-widget-counter\" data-id=\"1b3ee76\" data-element_type=\"widget\" data-widget_type=\"counter.default\">\n\t\t\t\t<div class=\"elementor-widget-container\">\n\t\t\t\t\t<div class=\"elementor-counter\">\n\t\t\t\t\t\t<div class=\"elementor-counter-number-wrapper\">\n\t\t\t\t<span class=\"elementor-counter-number-prefix\"><\/span>\n\t\t\t\t<span class=\"elementor-counter-number\" data-duration=\"2000\" data-to-value=\"300\" data-from-value=\"0\" data-delimiter=\",\">0<\/span>\n\t\t\t\t<span class=\"elementor-counter-number-suffix\">+<\/span>\n\t\t\t<\/div>\n\t\t<\/div>\n\t\t\t\t<\/div>\n\t\t\t\t<\/div>\n\t\t\t\t<div class=\"elementor-element elementor-element-31a61c1 elementor-widget__width-initial elementor-widget elementor-widget-text-editor\" data-id=\"31a61c1\" data-element_type=\"widget\" data-widget_type=\"text-editor.default\">\n\t\t\t\t<div class=\"elementor-widget-container\">\n\t\t\t\t\t\t\t<p class=\"MsoNormal\"><span style=\"mso-spacerun: 'yes'; font-family: \u5b8b\u4f53; mso-ascii-font-family: Calibri; mso-hansi-font-family: Calibri; mso-bidi-font-family: 'Times New Roman'; font-size: 14.0000pt; mso-font-kerning: 1.0000pt;\"><span style=\"font-family: Calibri;\">Salari\u00e9s<\/span><\/span><\/p>\t\t\t\t\t\t<\/div>\n\t\t\t\t<\/div>\n\t\t\t\t<\/div>\n\t\t<div class=\"elementor-element elementor-element-ba864c4 e-con-full e-flex e-con e-child\" data-id=\"ba864c4\" data-element_type=\"container\">\n\t\t\t\t<div class=\"elementor-element elementor-element-063523c elementor-widget__width-initial elementor-widget elementor-widget-counter\" data-id=\"063523c\" data-element_type=\"widget\" data-widget_type=\"counter.default\">\n\t\t\t\t<div class=\"elementor-widget-container\">\n\t\t\t\t\t<div class=\"elementor-counter\">\n\t\t\t\t\t\t<div class=\"elementor-counter-number-wrapper\">\n\t\t\t\t<span class=\"elementor-counter-number-prefix\"><\/span>\n\t\t\t\t<span class=\"elementor-counter-number\" data-duration=\"2000\" data-to-value=\"190\" data-from-value=\"0\" data-delimiter=\",\">0<\/span>\n\t\t\t\t<span class=\"elementor-counter-number-suffix\">+<\/span>\n\t\t\t<\/div>\n\t\t<\/div>\n\t\t\t\t<\/div>\n\t\t\t\t<\/div>\n\t\t\t\t<div class=\"elementor-element elementor-element-a6431b0 elementor-widget__width-initial elementor-widget elementor-widget-text-editor\" data-id=\"a6431b0\" data-element_type=\"widget\" data-widget_type=\"text-editor.default\">\n\t\t\t\t<div class=\"elementor-widget-container\">\n\t\t\t\t\t\t\t<p class=\"MsoNormal\"><span style=\"mso-spacerun: 'yes'; font-family: \u5b8b\u4f53; mso-ascii-font-family: Calibri; mso-hansi-font-family: Calibri; mso-bidi-font-family: 'Times New Roman'; font-size: 14.0000pt; mso-font-kerning: 1.0000pt;\"><span style=\"font-family: Calibri;\">Pays couverts<\/span><\/span><\/p>\t\t\t\t\t\t<\/div>\n\t\t\t\t<\/div>\n\t\t\t\t<\/div>\n\t\t<div class=\"elementor-element elementor-element-bfe43d6 e-con-full e-flex e-con e-child\" data-id=\"bfe43d6\" data-element_type=\"container\">\n\t\t\t\t<div class=\"elementor-element elementor-element-fa6a071 elementor-widget__width-initial elementor-widget elementor-widget-counter\" data-id=\"fa6a071\" data-element_type=\"widget\" data-widget_type=\"counter.default\">\n\t\t\t\t<div class=\"elementor-widget-container\">\n\t\t\t\t\t<div class=\"elementor-counter\">\n\t\t\t\t\t\t<div class=\"elementor-counter-number-wrapper\">\n\t\t\t\t<span class=\"elementor-counter-number-prefix\"><\/span>\n\t\t\t\t<span class=\"elementor-counter-number\" data-duration=\"2000\" data-to-value=\"70\" data-from-value=\"0\" data-delimiter=\",\">0<\/span>\n\t\t\t\t<span class=\"elementor-counter-number-suffix\">+<\/span>\n\t\t\t<\/div>\n\t\t<\/div>\n\t\t\t\t<\/div>\n\t\t\t\t<\/div>\n\t\t\t\t<div class=\"elementor-element elementor-element-0df11c6 elementor-widget__width-initial elementor-widget elementor-widget-text-editor\" data-id=\"0df11c6\" data-element_type=\"widget\" data-widget_type=\"text-editor.default\">\n\t\t\t\t<div class=\"elementor-widget-container\">\n\t\t\t\t\t\t\t<p class=\"MsoNormal\"><span style=\"mso-spacerun: 'yes'; font-family: \u5b8b\u4f53; mso-ascii-font-family: Calibri; mso-hansi-font-family: Calibri; mso-bidi-font-family: 'Times New Roman'; font-size: 14.0000pt; mso-font-kerning: 1.0000pt;\"><span style=\"font-family: Calibri;\">Millions d'euros Ventes annuelles (USD)<\/span><\/span><\/p>\t\t\t\t\t\t<\/div>\n\t\t\t\t<\/div>\n\t\t\t\t<\/div>\n\t\t\t\t\t<\/div>\n\t\t\t\t<\/div>\n\t\t<div class=\"elementor-element elementor-element-fdcc6cc e-flex e-con-boxed e-con e-parent\" data-id=\"fdcc6cc\" data-element_type=\"container\" data-settings=\"{&quot;background_background&quot;:&quot;classic&quot;}\">\n\t\t\t\t\t<div class=\"e-con-inner\">\n\t\t\t\t<div class=\"elementor-element elementor-element-9400e3a elementor-widget elementor-widget-heading\" data-id=\"9400e3a\" data-element_type=\"widget\" data-widget_type=\"heading.default\">\n\t\t\t\t<div class=\"elementor-widget-container\">\n\t\t\t<h2 class=\"elementor-heading-title elementor-size-default\">Vous voulez en savoir plus ?<\/h2>\t\t<\/div>\n\t\t\t\t<\/div>\n\t\t\t\t<div class=\"elementor-element elementor-element-962fcdf elementor-align-center elementor-widget elementor-widget-button\" data-id=\"962fcdf\" data-element_type=\"widget\" data-widget_type=\"button.default\">\n\t\t\t\t<div class=\"elementor-widget-container\">\n\t\t\t\t\t<div class=\"elementor-button-wrapper\">\n\t\t\t<a class=\"elementor-button elementor-button-link elementor-size-sm\" href=\"\/fr\/contact\/\">\n\t\t\t\t\t\t<span class=\"elementor-button-content-wrapper\">\n\t\t\t\t\t\t\t\t\t<span class=\"elementor-button-text\">Nous contacter<\/span>\n\t\t\t\t\t<\/span>\n\t\t\t\t\t<\/a>\n\t\t<\/div>\n\t\t\t\t<\/div>\n\t\t\t\t<\/div>\n\t\t\t\t\t<\/div>\n\t\t\t\t<\/div>\n\t\t\t\t<\/div>","protected":false},"excerpt":{"rendered":"<p>ABOUT US Professional used construction machinery exporter from China Founded\u00a0in\u00a02011,\u00a0HCX\u00a0is\u00a0located\u00a0in\u00a0Suzhou,\u00a0Jiangsu\u00a0Province,\u00a0China,\u00a0with\u00a0a\u00a0registered\u00a0capital\u00a0of\u00a0RMB\u00a060\u00a0million,\u00a0mainly\u00a0engaged\u00a0in\u00a0the\u00a0sales\u00a0of\u00a0machinery\u00a0and\u00a0equipment,\u00a0machinery\u00a0and\u00a0equipment\u00a0leasing,\u00a0machinery\u00a0and\u00a0equipment\u00a0maintenance,\u00a0machinery\u00a0spare\u00a0parts\u00a0sales\u00a0and\u00a0other\u00a0business\u00a0activities. The\u00a0company\u00a0is\u00a0one\u00a0of\u00a0the\u00a0largest\u00a0dealers\u00a0of\u00a0XCMG\u00a0excavating\u00a0machinery\u00a0in\u00a0China,\u00a0with\u00a0product\u00a0sales\u00a0covering\u00a0the\u00a0whole\u00a0series\u00a0of\u00a0XCMG\u00a0hydraulic\u00a0excavators\u00a0from\u00a01.5\u00a0tonnes\u00a0to\u00a0700\u00a0tonnes.\u00a0At\u00a0present,\u00a0the\u00a0company\u00a0has\u00a0more\u00a0than\u00a0240\u00a0employees,\u00a0with\u00a0an\u00a0annual\u00a0sales\u00a0volume\u00a0of\u00a0RMB\u00a0600\u00a0million,\u00a0and\u00a0a\u00a0market\u00a0share\u00a0that\u00a0ranks\u00a0steadily\u00a0in\u00a0the\u00a0first\u00a0echelon\u00a0of\u00a0the\u00a0industry.\u00a0Now\u00a0the\u00a0company\u00a0is\u00a0actively\u00a0developing\u00a0overseas\u00a0used\u00a0excavator\u00a0market,\u00a0providing\u00a0overseas\u00a0customers\u00a0with\u00a0more\u00a0cost-effective\u00a0XCMG\u00a0excavator\u00a0products! We\u00a0look\u00a0forward\u00a0to\u00a0cooperating\u00a0with\u00a0you!\u00a0 0 HCX was founded 0 + Employees 0 [&hellip;]<\/p>","protected":false},"author":1,"featured_media":0,"parent":0,"menu_order":0,"comment_status":"closed","ping_status":"closed","template":"","meta":{"_acf_changed":false,"site-sidebar-layout":"no-sidebar","site-content-layout":"","ast-site-content-layout":"full-width-container","site-content-style":"default","site-sidebar-style":"default","ast-global-header-display":"","ast-banner-title-visibility":"","ast-main-header-display":"","ast-hfb-above-header-display":"","ast-hfb-below-header-display":"","ast-hfb-mobile-header-display":"","site-post-title":"disabled","ast-breadcrumbs-content":"","ast-featured-img":"disabled","footer-sml-layout":"","theme-transparent-header-meta":"","adv-header-id-meta":"","stick-header-meta":"","header-above-stick-meta":"","header-main-stick-meta":"","header-below-stick-meta":"","astra-migrate-meta-layouts":"default","ast-page-background-enabled":"default","ast-page-background-meta":{"desktop":{"background-color":"var(--ast-global-color-4)","background-image":"","background-repeat":"repeat","background-position":"center center","background-size":"auto","background-attachment":"scroll","background-type":"","background-media":"","overlay-type":"","overlay-color":"","overlay-opacity":"","overlay-gradient":""},"tablet":{"background-color":"","background-image":"","background-repeat":"repeat","background-position":"center center","background-size":"auto","background-attachment":"scroll","background-type":"","background-media":"","overlay-type":"","overlay-color":"","overlay-opacity":"","overlay-gradient":""},"mobile":{"background-color":"","background-image":"","background-repeat":"repeat","background-position":"center center","background-size":"auto","background-attachment":"scroll","background-type":"","background-media":"","overlay-type":"","overlay-color":"","overlay-opacity":"","overlay-gradient":""}},"ast-content-background-meta":{"desktop":{"background-color":"var(--ast-global-color-5)","background-image":"","background-repeat":"repeat","background-position":"center center","background-size":"auto","background-attachment":"scroll","background-type":"","background-media":"","overlay-type":"","overlay-color":"","overlay-opacity":"","overlay-gradient":""},"tablet":{"background-color":"var(--ast-global-color-5)","background-image":"","background-repeat":"repeat","background-position":"center center","background-size":"auto","background-attachment":"scroll","background-type":"","background-media":"","overlay-type":"","overlay-color":"","overlay-opacity":"","overlay-gradient":""},"mobile":{"background-color":"var(--ast-global-color-5)","background-image":"","background-repeat":"repeat","background-position":"center center","background-size":"auto","background-attachment":"scroll","background-type":"","background-media":"","overlay-type":"","overlay-color":"","overlay-opacity":"","overlay-gradient":""}},"footnotes":""},"class_list":["post-59","page","type-page","status-publish","hentry"],"acf":[],"_links":{"self":[{"href":"https:\/\/www.hcxmachinery.com\/fr\/wp-json\/wp\/v2\/pages\/59"}],"collection":[{"href":"https:\/\/www.hcxmachinery.com\/fr\/wp-json\/wp\/v2\/pages"}],"about":[{"href":"https:\/\/www.hcxmachinery.com\/fr\/wp-json\/wp\/v2\/types\/page"}],"author":[{"embeddable":true,"href":"https:\/\/www.hcxmachinery.com\/fr\/wp-json\/wp\/v2\/users\/1"}],"replies":[{"embeddable":true,"href":"https:\/\/www.hcxmachinery.com\/fr\/wp-json\/wp\/v2\/comments?post=59"}],"version-history":[{"count":109,"href":"https:\/\/www.hcxmachinery.com\/fr\/wp-json\/wp\/v2\/pages\/59\/revisions"}],"predecessor-version":[{"id":2422,"href":"https:\/\/www.hcxmachinery.com\/fr\/wp-json\/wp\/v2\/pages\/59\/revisions\/2422"}],"wp:attachment":[{"href":"https:\/\/www.hcxmachinery.com\/fr\/wp-json\/wp\/v2\/media?parent=59"}],"curies":[{"name":"wp","href":"https:\/\/api.w.org\/{rel}","templated":true}]}}