{"id":1290,"date":"2024-11-01T01:47:06","date_gmt":"2024-11-01T01:47:06","guid":{"rendered":"https:\/\/hcxmachinery.com\/?page_id=1290"},"modified":"2024-11-01T01:48:03","modified_gmt":"2024-11-01T01:48:03","slug":"politique-de-confidentialite","status":"publish","type":"page","link":"https:\/\/www.hcxmachinery.com\/fr\/politique-de-confidentialite\/","title":{"rendered":"Politique de confidentialit\u00e9"},"content":{"rendered":"<h2 class=\"wp-block-heading has-text-align-center\">Politique de confidentialit\u00e9<\/h2><p>La confidentialit\u00e9 et la s\u00e9curit\u00e9 de vos informations sont tr\u00e8s importantes pour nous.<br>Pour en savoir plus, veuillez consulter la politique de confidentialit\u00e9 compl\u00e8te ci-dessous.<br>Introduction<br>Cette politique de confidentialit\u00e9 explique comment notre soci\u00e9t\u00e9 et ses affili\u00e9s collectent et utilisent vos informations. Notre politique de confidentialit\u00e9 s'applique \u00e0 toutes les personnes qui visitent et utilisent notre site web, notre soci\u00e9t\u00e9 et nos services en ligne, ainsi que les sites web et les services en ligne fournis par nos membres (collectivement d\u00e9nomm\u00e9s \"sites\"). Les soci\u00e9t\u00e9s affili\u00e9es sont des entit\u00e9s d\u00e9tenues directement ou indirectement par notre soci\u00e9t\u00e9, ou des entit\u00e9s contr\u00f4l\u00e9es ou contr\u00f4l\u00e9es conjointement par notre soci\u00e9t\u00e9. Les r\u00e9f\u00e9rences \u00e0 \"basic health\", \"nous\", \"notre\" ou \"nos\" dans la pr\u00e9sente politique de confidentialit\u00e9 d\u00e9signent l'entit\u00e9 responsable de la collecte et de l'utilisation de vos donn\u00e9es \u00e0 caract\u00e8re personnel, g\u00e9n\u00e9ralement l'entit\u00e9 qui obtient vos donn\u00e9es \u00e0 caract\u00e8re personnel dans chaque cas. Cette entit\u00e9 est \u00e9galement appel\u00e9e le responsable du traitement des donn\u00e9es. La pr\u00e9sente politique de confidentialit\u00e9 ne couvre pas les sites web et les services en ligne exploit\u00e9s par notre soci\u00e9t\u00e9 ou nos soci\u00e9t\u00e9s affili\u00e9es. Ces sites web et services en ligne ont des politiques de confidentialit\u00e9 distinctes et ne sont pas li\u00e9s \u00e0 la pr\u00e9sente politique de confidentialit\u00e9 ou fusionn\u00e9s par r\u00e9f\u00e9rence. Des politiques de confidentialit\u00e9 diff\u00e9rentes peuvent \u00e9galement s'appliquer \u00e0 d'autres parties de notre site web, telles que les zones prot\u00e9g\u00e9es par un mot de passe ou les pages web utilis\u00e9es pour le recrutement en ligne. Notre politique de confidentialit\u00e9 s'applique uniquement aux activit\u00e9s que nous menons sur ce site web et ne s'applique pas aux activit\u00e9s \"hors ligne\" ou non li\u00e9es \u00e0 ce site web. Cette politique de confidentialit\u00e9 a \u00e9t\u00e9 incorpor\u00e9e dans nos conditions g\u00e9n\u00e9rales et s'applique \u00e9galement lorsque vous utilisez notre site web. En utilisant ce site web et en fournissant vos donn\u00e9es personnelles et d'autres informations par l'interm\u00e9diaire de ce site web, vous reconnaissez que vos donn\u00e9es personnelles seront trait\u00e9es conform\u00e9ment aux conditions de la pr\u00e9sente politique de confidentialit\u00e9. Si vous n'\u00eates pas d'accord avec les pratiques d\u00e9crites dans cette politique de confidentialit\u00e9, veuillez ne pas nous fournir vos donn\u00e9es personnelles ou interagir avec le site web d'une autre mani\u00e8re. Nous nous r\u00e9servons le droit de modifier cette politique de confidentialit\u00e9 \u00e0 tout moment. Si nous apportons des modifications importantes \u00e0 notre politique de confidentialit\u00e9, nous vous en informerons sur ce site web avant que les modifications ne prennent effet. Vous pouvez d\u00e9terminer la date de la derni\u00e8re r\u00e9vision de cette politique de confidentialit\u00e9 en vous r\u00e9f\u00e9rant \u00e0 la date de \"derni\u00e8re mise \u00e0 jour\" ci-dessus. Vous pouvez consulter la derni\u00e8re version de cette politique de confidentialit\u00e9. Nous vous recommandons de v\u00e9rifier r\u00e9guli\u00e8rement si la politique de confidentialit\u00e9 a \u00e9t\u00e9 modifi\u00e9e.<\/p><p>Quelles sont les donn\u00e9es personnelles que nous recueillons \u00e0 votre sujet ?<br>Les donn\u00e9es \u00e0 caract\u00e8re personnel utilis\u00e9es dans la pr\u00e9sente politique de confidentialit\u00e9 d\u00e9signent toute information relative \u00e0 une personne identifi\u00e9e ou identifiable, ou telle que d\u00e9finie par les lois applicables. Lorsque vous visitez notre site web et interagissez volontairement avec lui, nous collectons les donn\u00e9es personnelles suivantes :<br>Vos nom et pr\u00e9nom ;<br>Nom de l'entreprise ;<br>Adresse de protocole Internet (IP) ;<br>Informations de contact (par exemple, num\u00e9ro de t\u00e9l\u00e9phone, adresse \u00e9lectronique) ;<br>ou d'autres informations que vous fournissez volontairement.<\/p><p>Quand recueillons-nous des donn\u00e9es \u00e0 caract\u00e8re personnel vous concernant ?<br>\u00c0 moins que vous ne choisissiez volontairement de divulguer de telles informations, notre soci\u00e9t\u00e9 ne recueillera aucune donn\u00e9e personnelle vous concernant par l'interm\u00e9diaire de ce site web. Nous pouvons vous demander de fournir certaines donn\u00e9es personnelles \u00e0 diff\u00e9rents moments et endroits du site web. Dans certains cas, si vous choisissez de ne pas nous fournir les donn\u00e9es personnelles demand\u00e9es, il se peut que vous ne puissiez pas acc\u00e9der \u00e0 l'ensemble du contenu de ce site web ou participer \u00e0 toutes ses fonctions. Par exemple, nous pouvons collecter des donn\u00e9es \u00e0 caract\u00e8re personnel lorsque vous effectuez les actions suivantes :<br>Acheter des produits de notre soci\u00e9t\u00e9 par l'interm\u00e9diaire de notre site web ;<br>Ouvrez ou r\u00e9pondez \u00e0 notre e-mail ;<br>Lorsque vous nous fournissez volontairement des informations dans le cadre d'enqu\u00eates aupr\u00e8s de la client\u00e8le, nous pouvons les relier aux donn\u00e9es \u00e0 caract\u00e8re personnel que nous avons pr\u00e9c\u00e9demment collect\u00e9es \u00e0 votre sujet ;<br>Contactez le service client\u00e8le, utilisez notre fonction \"connecter\" pour parler aux repr\u00e9sentants de notre soci\u00e9t\u00e9 ou utilisez nos outils d'assistance \u00e0 la client\u00e8le ;<br>Connecter, lier ou \"partager\" notre site web par le biais de sites de r\u00e9seaux sociaux ;<br>Si vous nous fournissez les donn\u00e9es personnelles d'un tiers, cela signifie que vous avez fourni au tiers une notification et que vous avez \u00e9t\u00e9 autoris\u00e9 par le tiers \u00e0 fournir ces informations.<\/p><p>Comment utilisons-nous les donn\u00e9es personnelles ?<br>Notre soci\u00e9t\u00e9 utilise les donn\u00e9es personnelles qu'elle recueille pour vous fournir des services ou conclure un accord contractuel avec vous lorsque vous visitez notre site web. Il s'agit notamment de :<br>Cr\u00e9er pour vous un compte de site web en ligne en fonction de vos besoins ;<br>Fournir un service \u00e0 la client\u00e8le (par exemple, r\u00e9pondre \u00e0 vos questions ou \u00e0 vos demandes) ;<br>vous envoyer des rappels, des mises \u00e0 jour, du soutien, des messages de gestion, des annonces de service et des informations demand\u00e9es ;<br>Nous utiliserons les donn\u00e9es \u00e0 caract\u00e8re personnel recueillies par un tiers ou par nous-m\u00eames pour des raisons commerciales l\u00e9gitimes, \u00e0 condition que ces donn\u00e9es soient compatibles avec vos droits et vos attentes en mati\u00e8re de protection de la vie priv\u00e9e. Il s'agit notamment de :<br>Exploiter, maintenir et am\u00e9liorer ce site web, nos services et nos produits ;<br>Effectuer des analyses et des recherches sur les clients ;<br>V\u00e9rifier votre capacit\u00e9 \u00e0 acc\u00e9der ou \u00e0 utiliser certains produits ou services qui ne sont disponibles que pour les personnes qui r\u00e9pondent \u00e0 certaines exigences ou normes de qualification, telles que les professionnels de la sant\u00e9 ;<br>vous permettre d'interagir avec certains fournisseurs de services de contenu tiers (par exemple, pour vous permettre d'\u00e9tablir un lien avec des sites web tiers ou de consulter leur contenu sur ce site web, ou de consulter notre contenu sur des sites web tiers) ;<br>vous permettre de choisir de participer aux fonctions interactives de notre site web ;<br>G\u00e9rer des enqu\u00eates en ligne ou des offres sp\u00e9ciales fournies par nous ou par nos partenaires commerciaux tiers ;<br>Am\u00e9liorer notre site web, notre service client\u00e8le, nos produits et services et l'exp\u00e9rience globale des utilisateurs ;<br>Am\u00e9liorer les autres informations dont nous disposons \u00e0 votre sujet pour nous aider \u00e0 mieux vous comprendre et \u00e0 d\u00e9terminer vos int\u00e9r\u00eats ;<br>D\u00e9terminer vos pr\u00e9f\u00e9rences afin que nous puissions vous informer de nos nouveaux produits ou d'autres produits, services et promotions susceptibles de vous int\u00e9resser ;<br>Notre entreprise dispose \u00e9galement d'une base juridique pour utiliser vos donn\u00e9es personnelles :<br>Pr\u00e9venir la fraude, assurer la s\u00e9curit\u00e9 publique, faire respecter les obligations de d\u00e9claration et les conditions g\u00e9n\u00e9rales de notre entreprise et se conformer aux lois, r\u00e9glementations, ordonnances judiciaires, citations \u00e0 compara\u00eetre ou autres proc\u00e9dures l\u00e9gales.<br>Lorsque la loi l'exige, nous pouvons \u00e9galement utiliser les informations collect\u00e9es conform\u00e9ment \u00e0 la pr\u00e9sente politique de confidentialit\u00e9 avec votre consentement \"opt-in\" pour vous fournir des biens ou des services que nous pensons susceptibles de vous int\u00e9resser.<\/p><p>Comment traiter les donn\u00e9es personnelles sensibles ?<br>Les donn\u00e9es personnelles sensibles utilis\u00e9es dans la politique de confidentialit\u00e9 (\u00e9galement appel\u00e9es \"cat\u00e9gories sp\u00e9ciales de donn\u00e9es personnelles\") se r\u00e9f\u00e8rent aux donn\u00e9es relatives \u00e0 votre race ou ethnicit\u00e9, vos opinions politiques, votre religion ou autres croyances, votre sant\u00e9, vos caract\u00e9ristiques g\u00e9n\u00e9tiques ou biologiques, votre vie sexuelle ou votre sexualit\u00e9. Les informations relatives \u00e0 l'orientation, aux ant\u00e9c\u00e9dents criminels ou \u00e0 l'appartenance syndicale. Notre soci\u00e9t\u00e9 ne collecte des donn\u00e9es personnelles sensibles que dans les circonstances limit\u00e9es suivantes :<br>Avec votre consentement explicite ;<br>Prot\u00e9ger vos int\u00e9r\u00eats vitaux ou ceux d'autres personnes si vous ne pouvez pas donner votre accord physiquement ou juridiquement ;<br>Si le traitement est n\u00e9cessaire \u00e0 des fins m\u00e9dicales pr\u00e9ventives ou professionnelles, pour fournir des soins ou des traitements m\u00e9dicaux ou sociaux ou pour g\u00e9rer des syst\u00e8mes et des services de soins m\u00e9dicaux ou sociaux conform\u00e9ment \u00e0 la l\u00e9gislation de l'Union ou des \u00c9tats membres ou conform\u00e9ment aux contrats conclus avec des professionnels de la sant\u00e9 ; ou utilis\u00e9 pour \u00e9tablir, exercer ou d\u00e9fendre des droits en justice, ou dans la mesure permise et exig\u00e9e par les lois applicables.<br>Sauf disposition contraire des lois applicables, vous ne devez pas nous fournir de donn\u00e9es personnelles sensibles lorsque vous utilisez notre site web. Si vous choisissez de ne pas le faire, votre d\u00e9cision ne vous emp\u00eachera pas d'utiliser notre site web.<\/p><p>Quelles sont les autres informations que nous recueillons ?<br>Comme beaucoup d'autres sites web, lorsque vous naviguez et interagissez avec notre site web, nous pouvons utiliser une technologie de collecte automatique pour collecter certaines informations sur votre appareil, vos op\u00e9rations de navigation et vos habitudes, y compris :<br>Les d\u00e9tails de votre visite sur notre site web, y compris les ressources que vous visitez et utilisez sur notre site web, les donn\u00e9es de trafic, les donn\u00e9es de localisation, les journaux, la langue ;<br>Date et heure d'acc\u00e8s, fr\u00e9quence et autres donn\u00e9es de communication ;<br>des informations sur l'ordinateur et la connexion Internet, y compris le syst\u00e8me d'exploitation, le domaine h\u00f4te et le type de navigateur (Internet Explorer, par exemple) ; ou<br>D\u00e9tails du site web recommand\u00e9 (URL).<br>Les informations que nous collectons automatiquement sont des donn\u00e9es statistiques qui peuvent nous aider \u00e0 am\u00e9liorer notre site web et \u00e0 fournir des services meilleurs et plus personnalis\u00e9s, notamment en nous permettant de :<br>D\u00e9terminer les sch\u00e9mas de fr\u00e9quentation du site web ;<br>Compter le nombre de visites de sites ;<br>Identifier la source du trafic afin de mesurer et d'am\u00e9liorer les performances du site web ;<br>partager ou vendre ces informations \u00e0 des tiers ;<br>nous aider \u00e0 comprendre quels sont les pages et les contenus les plus populaires et les moins populaires ; et<br>D\u00e9terminer la fr\u00e9quence et la derni\u00e8re date de votre visite sur notre site web.<\/p><p>Cookies et autres technologies<br>Lorsque vous visitez notre site web ou interagissez avec nos courriels, nous utilisons des cookies, des balises web\/pixels et d'autres technologies (collectivement appel\u00e9es \"cookies\") pour vous identifier. Les \"cookies\" sont de petites quantit\u00e9s de donn\u00e9es mises en cache ou stock\u00e9es sur un ordinateur en fonction de l'activit\u00e9 sur Internet. Ces cookies peuvent \u00eatre transmis dans le contexte d'une premi\u00e8re partie ou d'une tierce partie. Par exemple, nous pouvons recueillir des informations sur le type et la version de votre navigateur, votre syst\u00e8me d'exploitation, la langue de l'utilisateur, votre fournisseur d'acc\u00e8s \u00e0 Internet, les pages web consult\u00e9es, les liens cliqu\u00e9s, l'adresse IP, la pr\u00e9sence ou non d'un plug-in \"Flash\", la r\u00e9solution de l'\u00e9cran et les informations relatives \u00e0 la connexion. Nous recueillons \u00e9galement des informations sur les types de produits, les sites web visit\u00e9s avant et apr\u00e8s avoir visit\u00e9 notre site web, des informations d\u00e9taill\u00e9es sur les produits achet\u00e9s et les courriers \u00e9lectroniques que vous envoyez, transf\u00e9rez ou cliquez pour acc\u00e9der \u00e0 notre site web. En recueillant ces informations, nous pouvons mieux comprendre comment vous interagissez avec notre site web, vous offrir une exp\u00e9rience en ligne plus personnalis\u00e9e et optimis\u00e9e en suivant vos pr\u00e9f\u00e9rences, am\u00e9liorer notre site web, ex\u00e9cuter des contrats avec nos partenaires commerciaux, aider \u00e0 confirmer la r\u00e9ception de nos courriels et \u00e0 y r\u00e9pondre, et fournir un service \u00e0 la client\u00e8le plus efficace. Pour plus d'informations sur les cookies que nous collectons et sur la mani\u00e8re de les d\u00e9sactiver, veuillez consulter notre Politique en mati\u00e8re de cookies et la section 9 ci-dessous. Plugins de m\u00e9dias sociaux. Notre site web utilise des plugins sociaux (\"plugins\") des r\u00e9seaux sociaux Facebook, Twitter et LinkedIn. Ces plugins sont signal\u00e9s par les logos respectifs des r\u00e9seaux sociaux. Lorsque vous visitez le site, votre navigateur \u00e9tablit une connexion directe avec les serveurs de ces r\u00e9seaux sociaux. Le r\u00e9seau social transf\u00e8re le contenu du plug-in directement \u00e0 votre navigateur et l'int\u00e8gre ensuite au site web. L'int\u00e9gration des plug-ins permet aux r\u00e9seaux de m\u00e9dias sociaux de recevoir les informations que vous avez charg\u00e9es sur les pages correspondantes du site. Par exemple, si vous vous connectez \u00e0 Facebook, celui-ci pourra attribuer votre visite \u00e0 votre compte. Lorsque vous visitez notre site web, que vous interagissiez ou non avec le plug-in, vous avez d\u00e9j\u00e0 \u00e9chang\u00e9 ces informations. Si vous interagissez avec le plug-in, les informations correspondantes seront envoy\u00e9es directement \u00e0 Facebook via votre navigateur et y seront sauvegard\u00e9es. Vous pouvez trouver des informations sur la mani\u00e8re dont les r\u00e9seaux sociaux utilisent les donn\u00e9es, ainsi que vos droits et des param\u00e8tres facultatifs sur les sites de r\u00e9seaux sociaux pour prot\u00e9ger votre vie priv\u00e9e. Si vous ne souhaitez pas que les r\u00e9seaux sociaux collectent des donn\u00e9es vous concernant par l'interm\u00e9diaire de notre site web, vous devez vous connecter au domaine du r\u00e9seau social avant de visiter le site web. Afin d'emp\u00eacher l'\u00e9change d'informations avec les r\u00e9seaux sociaux lors de votre visite sur notre site web, vous pouvez refuser les cookies par le biais des param\u00e8tres de votre navigateur et d'autres outils.<\/p><p>Comment partageons-nous les informations ?<br>Notre soci\u00e9t\u00e9 s'engage \u00e0 pr\u00e9server la confidentialit\u00e9 de vos donn\u00e9es personnelles. Sauf dans les cas pr\u00e9vus dans la pr\u00e9sente politique de confidentialit\u00e9, nous ne vendrons pas, n'\u00e9changerons pas et ne louerons pas \u00e0 des tiers les donn\u00e9es \u00e0 caract\u00e8re personnel recueillies sur le site web. Nous pouvons partager vos donn\u00e9es personnelles conform\u00e9ment aux exigences ou autorisations l\u00e9gales suivantes :<br>Dans le cadre de ses activit\u00e9s quotidiennes, toute entreprise ne peut utiliser vos donn\u00e9es personnelles qu'aux fins d\u00e9crites dans la pr\u00e9sente politique de confidentialit\u00e9 (par exemple, pour r\u00e9pondre \u00e0 vos demandes concernant nos produits et services) ;<br>Avec les contractants, les vendeurs et les fournisseurs qui nous fournissent des services en notre nom, tels que le traitement et l'ex\u00e9cution des commandes, l'analyse et le stockage des donn\u00e9es, l'assistance au marketing direct et \u00e0 la distribution de courriers \u00e9lectroniques et d'autres communications, les services de pr\u00e9vention de la fraude, la livraison et la logistique, ainsi que toutes les autres finalit\u00e9s de la collecte susmentionn\u00e9e ;<br>Si nous ou l'une de nos soci\u00e9t\u00e9s affili\u00e9es d\u00e9posons le bilan ou le transfert de propri\u00e9t\u00e9 (ou d'actifs) li\u00e9 \u00e0 la r\u00e9organisation propos\u00e9e ou compl\u00e8te de l'une de nos soci\u00e9t\u00e9s affili\u00e9es, comme les fusions r\u00e9elles ou potentielles, les acquisitions ou les ventes d'unit\u00e9s d'affaires ;<br>Se conformer aux ordres juridiques et aux exigences gouvernementales, ou soutenir les fonctions d'audit, de conformit\u00e9 et de gouvernance d'entreprise, le cas \u00e9ch\u00e9ant ;<br>Pour lutter contre la fraude ou les activit\u00e9s criminelles, et pour prot\u00e9ger nos droits ou ceux de nos affili\u00e9s, utilisateurs et partenaires commerciaux, ou dans le cadre de proc\u00e9dures l\u00e9gales affectant notre soci\u00e9t\u00e9, y compris l'application de nos conditions g\u00e9n\u00e9rales d'utilisation.<\/p><p><\/p>","protected":false},"excerpt":{"rendered":"<p>Privacy Policy The privacy and security of your information is very important to us.Please view the full privacy policy below [&hellip;]<\/p>","protected":false},"author":1,"featured_media":0,"parent":0,"menu_order":0,"comment_status":"closed","ping_status":"closed","template":"","meta":{"_acf_changed":false,"site-sidebar-layout":"default","site-content-layout":"","ast-site-content-layout":"","site-content-style":"default","site-sidebar-style":"default","ast-global-header-display":"","ast-banner-title-visibility":"","ast-main-header-display":"","ast-hfb-above-header-display":"","ast-hfb-below-header-display":"","ast-hfb-mobile-header-display":"","site-post-title":"","ast-breadcrumbs-content":"","ast-featured-img":"","footer-sml-layout":"","theme-transparent-header-meta":"","adv-header-id-meta":"","stick-header-meta":"","header-above-stick-meta":"","header-main-stick-meta":"","header-below-stick-meta":"","astra-migrate-meta-layouts":"default","ast-page-background-enabled":"default","ast-page-background-meta":{"desktop":{"background-color":"var(--ast-global-color-4)","background-image":"","background-repeat":"repeat","background-position":"center center","background-size":"auto","background-attachment":"scroll","background-type":"","background-media":"","overlay-type":"","overlay-color":"","overlay-opacity":"","overlay-gradient":""},"tablet":{"background-color":"","background-image":"","background-repeat":"repeat","background-position":"center center","background-size":"auto","background-attachment":"scroll","background-type":"","background-media":"","overlay-type":"","overlay-color":"","overlay-opacity":"","overlay-gradient":""},"mobile":{"background-color":"","background-image":"","background-repeat":"repeat","background-position":"center center","background-size":"auto","background-attachment":"scroll","background-type":"","background-media":"","overlay-type":"","overlay-color":"","overlay-opacity":"","overlay-gradient":""}},"ast-content-background-meta":{"desktop":{"background-color":"var(--ast-global-color-5)","background-image":"","background-repeat":"repeat","background-position":"center center","background-size":"auto","background-attachment":"scroll","background-type":"","background-media":"","overlay-type":"","overlay-color":"","overlay-opacity":"","overlay-gradient":""},"tablet":{"background-color":"var(--ast-global-color-5)","background-image":"","background-repeat":"repeat","background-position":"center center","background-size":"auto","background-attachment":"scroll","background-type":"","background-media":"","overlay-type":"","overlay-color":"","overlay-opacity":"","overlay-gradient":""},"mobile":{"background-color":"var(--ast-global-color-5)","background-image":"","background-repeat":"repeat","background-position":"center center","background-size":"auto","background-attachment":"scroll","background-type":"","background-media":"","overlay-type":"","overlay-color":"","overlay-opacity":"","overlay-gradient":""}},"footnotes":""},"class_list":["post-1290","page","type-page","status-publish","hentry"],"acf":[],"_links":{"self":[{"href":"https:\/\/www.hcxmachinery.com\/fr\/wp-json\/wp\/v2\/pages\/1290"}],"collection":[{"href":"https:\/\/www.hcxmachinery.com\/fr\/wp-json\/wp\/v2\/pages"}],"about":[{"href":"https:\/\/www.hcxmachinery.com\/fr\/wp-json\/wp\/v2\/types\/page"}],"author":[{"embeddable":true,"href":"https:\/\/www.hcxmachinery.com\/fr\/wp-json\/wp\/v2\/users\/1"}],"replies":[{"embeddable":true,"href":"https:\/\/www.hcxmachinery.com\/fr\/wp-json\/wp\/v2\/comments?post=1290"}],"version-history":[{"count":2,"href":"https:\/\/www.hcxmachinery.com\/fr\/wp-json\/wp\/v2\/pages\/1290\/revisions"}],"predecessor-version":[{"id":1292,"href":"https:\/\/www.hcxmachinery.com\/fr\/wp-json\/wp\/v2\/pages\/1290\/revisions\/1292"}],"wp:attachment":[{"href":"https:\/\/www.hcxmachinery.com\/fr\/wp-json\/wp\/v2\/media?parent=1290"}],"curies":[{"name":"wp","href":"https:\/\/api.w.org\/{rel}","templated":true}]}}