{"id":936,"date":"2023-08-07T15:34:11","date_gmt":"2023-08-07T15:34:11","guid":{"rendered":"https:\/\/hcxmachinery.com\/?post_type=product&#038;p=936"},"modified":"2025-12-08T07:59:51","modified_gmt":"2025-12-08T07:59:51","slug":"xe215da","status":"publish","type":"product","link":"https:\/\/www.hcxmachinery.com\/es\/producto\/xe215da\/","title":{"rendered":"21.5T XE215DA Excavadora en Buen Estado Usado Original En Venta"},"content":{"rendered":"<h2>XE215DA<\/h2>\n<p>La excavadora hidr\u00e1ulica est\u00e1 equipada con un motor de baja velocidad y alto par con alta eficiencia y bajo consumo de combustible. El undercarrige grande y el amortiguador piloto son m\u00e1s estables y c\u00f3modos de operar; las piezas de mantenimiento se mueven hacia el exterior, el per\u00edodo de mantenimiento se extiende, el mantenimiento es m\u00e1s conveniente; la adaptabilidad del medio ambiente es mejor. Tiene variedad de accesorios opcionales, as\u00ed como funciones de control adaptativo de altitud. Se puede utilizar ampliamente en trabajos de tierra y piedra de tama\u00f1o peque\u00f1o y mediano, construcci\u00f3n de carreteras y puentes, excavaci\u00f3n de zanjas y construcci\u00f3n, conservaci\u00f3n de agua en tierras de cultivo, dragado de r\u00edos y construcci\u00f3n municipal. Tambi\u00e9n puede realizar diferentes operaciones, como excavaci\u00f3n, trituraci\u00f3n y desmontaje, y es muy adaptable a las condiciones de trabajo.<\/p>\n<h2 class=\"fe-bold mb-3\">PAR\u00c1METROS<\/h2>\n<p>&nbsp;<\/p>\n<table class=\"tg\" style=\"height: 2973px;\" width=\"1275\">\n<thead>\n<tr>\n<th class=\"tg-efol\" colspan=\"2\">Modelo de ventas<\/th>\n<th class=\"tg-nltw\" style=\"text-align: left;\">Unidad<\/th>\n<th class=\"tg-nltw\" style=\"text-align: left;\">Medici\u00f3n<\/th>\n<\/tr>\n<\/thead>\n<tbody>\n<tr>\n<td class=\"tg-wa1i\" colspan=\"2\">Peso operativo<\/td>\n<td class=\"tg-nrix\">Kg<\/td>\n<td class=\"tg-nrix\">21500<\/td>\n<\/tr>\n<tr>\n<td class=\"tg-wa1i\" colspan=\"2\">Capacidad de la cuchara<\/td>\n<td class=\"tg-nrix\">m\u00b3<\/td>\n<td class=\"tg-nrix\">1.05<\/td>\n<\/tr>\n<tr>\n<td class=\"tg-wa1i\" rowspan=\"10\">Motor<\/td>\n<td class=\"tg-yla0\">Modelo<\/td>\n<td class=\"tg-nrix\">\/<\/td>\n<td class=\"tg-nrix\">QSB7<\/td>\n<\/tr>\n<tr>\n<td class=\"tg-yla0\">Inyecci\u00f3n directa<\/td>\n<td class=\"tg-nrix\">\/<\/td>\n<td class=\"tg-nrix\">\u221a<\/td>\n<\/tr>\n<tr>\n<td class=\"tg-yla0\">Cuatro golpes<\/td>\n<td class=\"tg-nrix\">\/<\/td>\n<td class=\"tg-nrix\">\u221a<\/td>\n<\/tr>\n<tr>\n<td class=\"tg-yla0\">Refrigeraci\u00f3n por agua<\/td>\n<td class=\"tg-nrix\">\/<\/td>\n<td class=\"tg-nrix\">\u221a<\/td>\n<\/tr>\n<tr>\n<td class=\"tg-yla0\">Turboalimentaci\u00f3n<\/td>\n<td class=\"tg-nrix\">\/<\/td>\n<td class=\"tg-nrix\">\u221a<\/td>\n<\/tr>\n<tr>\n<td class=\"tg-yla0\">Refrigerado por aire<\/td>\n<td class=\"tg-nrix\">\/<\/td>\n<td class=\"tg-nrix\">\u221a<\/td>\n<\/tr>\n<tr>\n<td class=\"tg-yla0\">N\u00ba de cilindros<\/td>\n<td class=\"tg-nrix\">\/<\/td>\n<td class=\"tg-nrix\">6<\/td>\n<\/tr>\n<tr>\n<td class=\"tg-yla0\">Potencia de salida<\/td>\n<td class=\"tg-nrix\">kw\/rpm<\/td>\n<td class=\"tg-nrix\">135\/2050<\/td>\n<\/tr>\n<tr>\n<td class=\"tg-yla0\">Par\/velocidad m\u00e1ximos<\/td>\n<td class=\"tg-nrix\">N.m\/rpm<\/td>\n<td class=\"tg-nrix\">740\/900-1600<\/td>\n<\/tr>\n<tr>\n<td class=\"tg-yla0\">Desplazamiento<\/td>\n<td class=\"tg-nrix\">L<\/td>\n<td class=\"tg-nrix\">6.7<\/td>\n<\/tr>\n<tr>\n<td class=\"tg-wa1i\" rowspan=\"7\">Actuaci\u00f3n principal<\/td>\n<td class=\"tg-yla0\">Velocidad de desplazamiento<\/td>\n<td class=\"tg-nrix\">km\/h<\/td>\n<td class=\"tg-nrix\">5.4\/3.1<\/td>\n<\/tr>\n<tr>\n<td class=\"tg-yla0\">Velocidad de oscilaci\u00f3n<\/td>\n<td class=\"tg-nrix\">r\/min<\/td>\n<td class=\"tg-nrix\">11.8<\/td>\n<\/tr>\n<tr>\n<td class=\"tg-yla0\">Gradeabilidad<\/td>\n<td class=\"tg-nrix\">\u00b0<\/td>\n<td class=\"tg-nrix\">\u226435<\/td>\n<\/tr>\n<tr>\n<td class=\"tg-yla0\">Presi\u00f3n sobre el suelo<\/td>\n<td class=\"tg-nrix\">kPa<\/td>\n<td class=\"tg-nrix\">47.2<\/td>\n<\/tr>\n<tr>\n<td class=\"tg-yla0\">Fuerza de excavaci\u00f3n de la cuchara<\/td>\n<td class=\"tg-nrix\">kN<\/td>\n<td class=\"tg-nrix\">149<\/td>\n<\/tr>\n<tr>\n<td class=\"tg-yla0\">Fuerza de excavaci\u00f3n del brazo<\/td>\n<td class=\"tg-nrix\">kN<\/td>\n<td class=\"tg-nrix\">111<\/td>\n<\/tr>\n<tr>\n<td class=\"tg-yla0\">Fuerza de tracci\u00f3n m\u00e1xima<\/td>\n<td class=\"tg-nrix\">kN<\/td>\n<td class=\"tg-nrix\">184<\/td>\n<\/tr>\n<tr>\n<td class=\"tg-wa1i\" rowspan=\"6\">Sistema hidr\u00e1ulico<\/td>\n<td class=\"tg-yla0\">Caudal nominal de la bomba principal<\/td>\n<td class=\"tg-nrix\">\/<\/td>\n<td class=\"tg-nrix\">\/<\/td>\n<\/tr>\n<tr>\n<td class=\"tg-yla0\">Caudal nominal de la bomba principal<\/td>\n<td class=\"tg-nrix\">L\/min<\/td>\n<td class=\"tg-nrix\">2\u00d7216<\/td>\n<\/tr>\n<tr>\n<td class=\"tg-yla0\">Presi\u00f3n de la v\u00e1lvula de seguridad principal<\/td>\n<td class=\"tg-nrix\">MPa<\/td>\n<td class=\"tg-nrix\">34.3\/37<\/td>\n<\/tr>\n<tr>\n<td class=\"tg-yla0\">Presi\u00f3n del sistema de desplazamiento<\/td>\n<td class=\"tg-nrix\">MPa<\/td>\n<td class=\"tg-nrix\">34.3<\/td>\n<\/tr>\n<tr>\n<td class=\"tg-yla0\">Presi\u00f3n del sistema oscilante<\/td>\n<td class=\"tg-nrix\">MPa<\/td>\n<td class=\"tg-nrix\">27.5<\/td>\n<\/tr>\n<tr>\n<td class=\"tg-yla0\">Presi\u00f3n del sistema piloto<\/td>\n<td class=\"tg-nrix\">MPa<\/td>\n<td class=\"tg-nrix\">3.9<\/td>\n<\/tr>\n<tr>\n<td class=\"tg-wa1i\" rowspan=\"3\">Capacidad de aceite<\/td>\n<td class=\"tg-yla0\">Capacidad del dep\u00f3sito<\/td>\n<td class=\"tg-nrix\">L<\/td>\n<td class=\"tg-nrix\">400<\/td>\n<\/tr>\n<tr>\n<td class=\"tg-yla0\">Capacidad del dep\u00f3sito hidr\u00e1ulico<\/td>\n<td class=\"tg-nrix\">L<\/td>\n<td class=\"tg-nrix\">220<\/td>\n<\/tr>\n<tr>\n<td class=\"tg-yla0\">Capacidad de aceite del motor<\/td>\n<td class=\"tg-nrix\">L<\/td>\n<td class=\"tg-nrix\">19.5<\/td>\n<\/tr>\n<tr>\n<td class=\"tg-wa1i\" rowspan=\"13\">Tama\u00f1o<\/td>\n<td class=\"tg-yla0\">A Longitud total<\/td>\n<td class=\"tg-nrix\">mm<\/td>\n<td class=\"tg-nrix\">9625<\/td>\n<\/tr>\n<tr>\n<td class=\"tg-yla0\">B Anchura total<\/td>\n<td class=\"tg-nrix\">mm<\/td>\n<td class=\"tg-nrix\">2990<\/td>\n<\/tr>\n<tr>\n<td class=\"tg-yla0\">C Altura total<\/td>\n<td class=\"tg-nrix\">mm<\/td>\n<td class=\"tg-nrix\">3100<\/td>\n<\/tr>\n<tr>\n<td class=\"tg-yla0\">D Anchura de la plataforma<\/td>\n<td class=\"tg-nrix\">mm<\/td>\n<td class=\"tg-nrix\">2830<\/td>\n<\/tr>\n<tr>\n<td class=\"tg-yla0\">E Longitud de v\u00eda<\/td>\n<td class=\"tg-nrix\">mm<\/td>\n<td class=\"tg-nrix\">4255<\/td>\n<\/tr>\n<tr>\n<td class=\"tg-yla0\">F Anchura total del chasis<\/td>\n<td class=\"tg-nrix\">mm<\/td>\n<td class=\"tg-nrix\">2990<\/td>\n<\/tr>\n<tr>\n<td class=\"tg-yla0\">G Ancho de v\u00eda<\/td>\n<td class=\"tg-nrix\">mm<\/td>\n<td class=\"tg-nrix\">600<\/td>\n<\/tr>\n<tr>\n<td class=\"tg-yla0\">H Longitud hasta el centro de los rodillos<\/td>\n<td class=\"tg-nrix\">mm<\/td>\n<td class=\"tg-nrix\">3462<\/td>\n<\/tr>\n<tr>\n<td class=\"tg-yla0\">I Ancho de v\u00eda<\/td>\n<td class=\"tg-nrix\">mm<\/td>\n<td class=\"tg-nrix\">2390<\/td>\n<\/tr>\n<tr>\n<td class=\"tg-yla0\">J Distancia del contrapeso<\/td>\n<td class=\"tg-nrix\">mm<\/td>\n<td class=\"tg-nrix\">1050<\/td>\n<\/tr>\n<tr>\n<td class=\"tg-yla0\">K Distancia m\u00ednima al suelo<\/td>\n<td class=\"tg-nrix\">mm<\/td>\n<td class=\"tg-nrix\">486<\/td>\n<\/tr>\n<tr>\n<td class=\"tg-yla0\">L Radio m\u00edn. de giro de la cola<\/td>\n<td class=\"tg-nrix\">mm<\/td>\n<td class=\"tg-nrix\">2844<\/td>\n<\/tr>\n<tr>\n<td class=\"tg-yla0\">M Altura de la v\u00eda<\/td>\n<td class=\"tg-nrix\">mm<\/td>\n<td class=\"tg-nrix\">942<\/td>\n<\/tr>\n<tr>\n<td class=\"tg-wa1i\" rowspan=\"7\">\u00c1mbito de trabajo<\/td>\n<td class=\"tg-yla0\">A Altura m\u00e1xima de excavaci\u00f3n<\/td>\n<td class=\"tg-nrix\">mm<\/td>\n<td class=\"tg-nrix\">9620<\/td>\n<\/tr>\n<tr>\n<td class=\"tg-yla0\">B Altura m\u00e1x. de descarga<\/td>\n<td class=\"tg-nrix\">mm<\/td>\n<td class=\"tg-nrix\">6780<\/td>\n<\/tr>\n<tr>\n<td class=\"tg-yla0\">C Profundidad m\u00e1xima de excavaci\u00f3n<\/td>\n<td class=\"tg-nrix\">mm<\/td>\n<td class=\"tg-nrix\">6680<\/td>\n<\/tr>\n<tr>\n<td class=\"tg-yla0\">D Profundidad m\u00e1xima de corte para un fondo nivelado de 2240 mm (8 pies)<\/td>\n<td class=\"tg-nrix\">mm<\/td>\n<td class=\"tg-nrix\">6500<\/td>\n<\/tr>\n<tr>\n<td class=\"tg-yla0\">E Profundidad m\u00e1xima de excavaci\u00f3n vertical de la pared<\/td>\n<td class=\"tg-nrix\">mm<\/td>\n<td class=\"tg-nrix\">5715<\/td>\n<\/tr>\n<tr>\n<td class=\"tg-yla0\">Radio de excavaci\u00f3n m\u00e1x.<\/td>\n<td class=\"tg-nrix\">mm<\/td>\n<td class=\"tg-nrix\">9940<\/td>\n<\/tr>\n<tr>\n<td class=\"tg-yla0\">Radio de giro m\u00edn.<\/td>\n<td class=\"tg-nrix\">mm<\/td>\n<td class=\"tg-nrix\">3530<\/td>\n<\/tr>\n<tr>\n<td class=\"tg-wa1i\" rowspan=\"3\">Configuraci\u00f3n est\u00e1ndar<\/td>\n<td class=\"tg-yla0\">Longitud de la pluma<\/td>\n<td class=\"tg-nrix\">mm<\/td>\n<td class=\"tg-8d8j\">5680<\/td>\n<\/tr>\n<tr>\n<td class=\"tg-yla0\">Longitud del brazo<\/td>\n<td class=\"tg-nrix\">mm<\/td>\n<td class=\"tg-8d8j\">2910<\/td>\n<\/tr>\n<tr>\n<td class=\"tg-yla0\">Capacidad de la cuchara<\/td>\n<td class=\"tg-nrix\">m\u00b3<\/td>\n<td class=\"tg-nrix\">1.05<\/td>\n<\/tr>\n<tr>\n<td class=\"tg-wa1i\" rowspan=\"3\">Configuraci\u00f3n opcional<\/td>\n<td class=\"tg-yla0\">Longitud de la pluma<\/td>\n<td class=\"tg-nrix\">m\u00b3<\/td>\n<td class=\"tg-8d8j\">\/<\/td>\n<\/tr>\n<tr>\n<td class=\"tg-yla0\">Longitud del brazo<\/td>\n<td class=\"tg-nrix\">m\u00b3<\/td>\n<td class=\"tg-nrix\">2400<\/td>\n<\/tr>\n<tr>\n<td class=\"tg-yla0\">Capacidad de la cuchara<\/td>\n<td class=\"tg-nrix\">m\u00b3<\/td>\n<td class=\"tg-f4yw\">1.2\/1.3 Earth Working bucket<br \/>\n0.93\/1.0 Strengthened bucket<br \/>\n0.9\/1.0 Rock bucket<\/td>\n<\/tr>\n<\/tbody>\n<\/table>\n<p><img fetchpriority=\"high\" decoding=\"async\" class=\"alignnone size-medium wp-image-2451\" src=\"https:\/\/www.hcxmachinery.com\/wp-content\/uploads\/2023\/08\/215DA\u53f3\uff082025.1.10\uff09_WH_800x800px-300x300.webp\" alt=\"\" width=\"300\" height=\"300\" title=\"\" srcset=\"https:\/\/www.hcxmachinery.com\/wp-content\/uploads\/2023\/08\/215DA\u53f3\uff082025.1.10\uff09_WH_800x800px-300x300.webp 300w, https:\/\/www.hcxmachinery.com\/wp-content\/uploads\/2023\/08\/215DA\u53f3\uff082025.1.10\uff09_WH_800x800px-150x150.webp 150w, https:\/\/www.hcxmachinery.com\/wp-content\/uploads\/2023\/08\/215DA\u53f3\uff082025.1.10\uff09_WH_800x800px-768x768.webp 768w, https:\/\/www.hcxmachinery.com\/wp-content\/uploads\/2023\/08\/215DA\u53f3\uff082025.1.10\uff09_WH_800x800px-600x600.webp 600w, https:\/\/www.hcxmachinery.com\/wp-content\/uploads\/2023\/08\/215DA\u53f3\uff082025.1.10\uff09_WH_800x800px-100x100.webp 100w, https:\/\/www.hcxmachinery.com\/wp-content\/uploads\/2023\/08\/215DA\u53f3\uff082025.1.10\uff09_WH_800x800px.webp 800w\" sizes=\"(max-width: 300px) 100vw, 300px\" \/><img decoding=\"async\" class=\"alignnone size-medium wp-image-2452\" src=\"https:\/\/www.hcxmachinery.com\/wp-content\/uploads\/2023\/08\/215DA\u5de62025.1.10_WH_800x800px-300x300.webp\" alt=\"\" width=\"300\" height=\"300\" title=\"\" srcset=\"https:\/\/www.hcxmachinery.com\/wp-content\/uploads\/2023\/08\/215DA\u5de62025.1.10_WH_800x800px-300x300.webp 300w, https:\/\/www.hcxmachinery.com\/wp-content\/uploads\/2023\/08\/215DA\u5de62025.1.10_WH_800x800px-150x150.webp 150w, https:\/\/www.hcxmachinery.com\/wp-content\/uploads\/2023\/08\/215DA\u5de62025.1.10_WH_800x800px-768x768.webp 768w, https:\/\/www.hcxmachinery.com\/wp-content\/uploads\/2023\/08\/215DA\u5de62025.1.10_WH_800x800px-600x600.webp 600w, https:\/\/www.hcxmachinery.com\/wp-content\/uploads\/2023\/08\/215DA\u5de62025.1.10_WH_800x800px-100x100.webp 100w, https:\/\/www.hcxmachinery.com\/wp-content\/uploads\/2023\/08\/215DA\u5de62025.1.10_WH_800x800px.webp 800w\" sizes=\"(max-width: 300px) 100vw, 300px\" \/><img decoding=\"async\" class=\"alignnone size-medium wp-image-2450\" src=\"https:\/\/www.hcxmachinery.com\/wp-content\/uploads\/2023\/08\/215DA\u524d2025.1.10_WH_800x800px-300x300.webp\" alt=\"\" width=\"300\" height=\"300\" title=\"\" srcset=\"https:\/\/www.hcxmachinery.com\/wp-content\/uploads\/2023\/08\/215DA\u524d2025.1.10_WH_800x800px-300x300.webp 300w, https:\/\/www.hcxmachinery.com\/wp-content\/uploads\/2023\/08\/215DA\u524d2025.1.10_WH_800x800px-150x150.webp 150w, https:\/\/www.hcxmachinery.com\/wp-content\/uploads\/2023\/08\/215DA\u524d2025.1.10_WH_800x800px-768x768.webp 768w, https:\/\/www.hcxmachinery.com\/wp-content\/uploads\/2023\/08\/215DA\u524d2025.1.10_WH_800x800px-600x600.webp 600w, https:\/\/www.hcxmachinery.com\/wp-content\/uploads\/2023\/08\/215DA\u524d2025.1.10_WH_800x800px-100x100.webp 100w, https:\/\/www.hcxmachinery.com\/wp-content\/uploads\/2023\/08\/215DA\u524d2025.1.10_WH_800x800px.webp 800w\" sizes=\"(max-width: 300px) 100vw, 300px\" \/><img loading=\"lazy\" decoding=\"async\" class=\"alignnone size-medium wp-image-2445\" src=\"https:\/\/www.hcxmachinery.com\/wp-content\/uploads\/2023\/08\/215DA\u540e2025.1.10_WH_800x800px-300x300.webp\" alt=\"\" width=\"300\" height=\"300\" title=\"\" srcset=\"https:\/\/www.hcxmachinery.com\/wp-content\/uploads\/2023\/08\/215DA\u540e2025.1.10_WH_800x800px-300x300.webp 300w, https:\/\/www.hcxmachinery.com\/wp-content\/uploads\/2023\/08\/215DA\u540e2025.1.10_WH_800x800px-150x150.webp 150w, https:\/\/www.hcxmachinery.com\/wp-content\/uploads\/2023\/08\/215DA\u540e2025.1.10_WH_800x800px-768x768.webp 768w, https:\/\/www.hcxmachinery.com\/wp-content\/uploads\/2023\/08\/215DA\u540e2025.1.10_WH_800x800px-600x600.webp 600w, https:\/\/www.hcxmachinery.com\/wp-content\/uploads\/2023\/08\/215DA\u540e2025.1.10_WH_800x800px-100x100.webp 100w, https:\/\/www.hcxmachinery.com\/wp-content\/uploads\/2023\/08\/215DA\u540e2025.1.10_WH_800x800px.webp 800w\" sizes=\"(max-width: 300px) 100vw, 300px\" \/><img loading=\"lazy\" decoding=\"async\" class=\"alignnone size-medium wp-image-2448\" src=\"https:\/\/www.hcxmachinery.com\/wp-content\/uploads\/2023\/08\/215DA\u9a7e\u9a76\u5ba43\uff082025.1.10\uff09_WH_800x800px-300x300.webp\" alt=\"\" width=\"300\" height=\"300\" title=\"\" srcset=\"https:\/\/www.hcxmachinery.com\/wp-content\/uploads\/2023\/08\/215DA\u9a7e\u9a76\u5ba43\uff082025.1.10\uff09_WH_800x800px-300x300.webp 300w, https:\/\/www.hcxmachinery.com\/wp-content\/uploads\/2023\/08\/215DA\u9a7e\u9a76\u5ba43\uff082025.1.10\uff09_WH_800x800px-150x150.webp 150w, https:\/\/www.hcxmachinery.com\/wp-content\/uploads\/2023\/08\/215DA\u9a7e\u9a76\u5ba43\uff082025.1.10\uff09_WH_800x800px-768x768.webp 768w, https:\/\/www.hcxmachinery.com\/wp-content\/uploads\/2023\/08\/215DA\u9a7e\u9a76\u5ba43\uff082025.1.10\uff09_WH_800x800px-600x600.webp 600w, https:\/\/www.hcxmachinery.com\/wp-content\/uploads\/2023\/08\/215DA\u9a7e\u9a76\u5ba43\uff082025.1.10\uff09_WH_800x800px-100x100.webp 100w, https:\/\/www.hcxmachinery.com\/wp-content\/uploads\/2023\/08\/215DA\u9a7e\u9a76\u5ba43\uff082025.1.10\uff09_WH_800x800px.webp 800w\" sizes=\"(max-width: 300px) 100vw, 300px\" \/> <img loading=\"lazy\" decoding=\"async\" class=\"alignnone size-medium wp-image-2447\" src=\"https:\/\/www.hcxmachinery.com\/wp-content\/uploads\/2023\/08\/215DA\u9a7e\u9a76\u5ba42\uff082025.1.10\uff09_WH_800x800px-300x300.webp\" alt=\"\" width=\"300\" height=\"300\" title=\"\" srcset=\"https:\/\/www.hcxmachinery.com\/wp-content\/uploads\/2023\/08\/215DA\u9a7e\u9a76\u5ba42\uff082025.1.10\uff09_WH_800x800px-300x300.webp 300w, https:\/\/www.hcxmachinery.com\/wp-content\/uploads\/2023\/08\/215DA\u9a7e\u9a76\u5ba42\uff082025.1.10\uff09_WH_800x800px-150x150.webp 150w, https:\/\/www.hcxmachinery.com\/wp-content\/uploads\/2023\/08\/215DA\u9a7e\u9a76\u5ba42\uff082025.1.10\uff09_WH_800x800px-768x768.webp 768w, https:\/\/www.hcxmachinery.com\/wp-content\/uploads\/2023\/08\/215DA\u9a7e\u9a76\u5ba42\uff082025.1.10\uff09_WH_800x800px-600x600.webp 600w, https:\/\/www.hcxmachinery.com\/wp-content\/uploads\/2023\/08\/215DA\u9a7e\u9a76\u5ba42\uff082025.1.10\uff09_WH_800x800px-100x100.webp 100w, https:\/\/www.hcxmachinery.com\/wp-content\/uploads\/2023\/08\/215DA\u9a7e\u9a76\u5ba42\uff082025.1.10\uff09_WH_800x800px.webp 800w\" sizes=\"(max-width: 300px) 100vw, 300px\" \/> <img loading=\"lazy\" decoding=\"async\" class=\"alignnone size-medium wp-image-2446\" src=\"https:\/\/www.hcxmachinery.com\/wp-content\/uploads\/2023\/08\/215DA\u9a7e\u9a76\u5ba41\uff082025.1.10\uff09_WH_800x800px-300x300.webp\" alt=\"\" width=\"300\" height=\"300\" title=\"\" srcset=\"https:\/\/www.hcxmachinery.com\/wp-content\/uploads\/2023\/08\/215DA\u9a7e\u9a76\u5ba41\uff082025.1.10\uff09_WH_800x800px-300x300.webp 300w, https:\/\/www.hcxmachinery.com\/wp-content\/uploads\/2023\/08\/215DA\u9a7e\u9a76\u5ba41\uff082025.1.10\uff09_WH_800x800px-150x150.webp 150w, https:\/\/www.hcxmachinery.com\/wp-content\/uploads\/2023\/08\/215DA\u9a7e\u9a76\u5ba41\uff082025.1.10\uff09_WH_800x800px-768x768.webp 768w, https:\/\/www.hcxmachinery.com\/wp-content\/uploads\/2023\/08\/215DA\u9a7e\u9a76\u5ba41\uff082025.1.10\uff09_WH_800x800px-600x600.webp 600w, https:\/\/www.hcxmachinery.com\/wp-content\/uploads\/2023\/08\/215DA\u9a7e\u9a76\u5ba41\uff082025.1.10\uff09_WH_800x800px-100x100.webp 100w, https:\/\/www.hcxmachinery.com\/wp-content\/uploads\/2023\/08\/215DA\u9a7e\u9a76\u5ba41\uff082025.1.10\uff09_WH_800x800px.webp 800w\" sizes=\"(max-width: 300px) 100vw, 300px\" \/><img loading=\"lazy\" decoding=\"async\" class=\"alignnone size-medium wp-image-2441\" src=\"https:\/\/www.hcxmachinery.com\/wp-content\/uploads\/2023\/08\/215DA\u4fa7\u9762\uff082025.1.10\uff09_WH_800x800px-300x300.webp\" alt=\"\" width=\"300\" height=\"300\" title=\"\" srcset=\"https:\/\/www.hcxmachinery.com\/wp-content\/uploads\/2023\/08\/215DA\u4fa7\u9762\uff082025.1.10\uff09_WH_800x800px-300x300.webp 300w, https:\/\/www.hcxmachinery.com\/wp-content\/uploads\/2023\/08\/215DA\u4fa7\u9762\uff082025.1.10\uff09_WH_800x800px-150x150.webp 150w, https:\/\/www.hcxmachinery.com\/wp-content\/uploads\/2023\/08\/215DA\u4fa7\u9762\uff082025.1.10\uff09_WH_800x800px-768x768.webp 768w, https:\/\/www.hcxmachinery.com\/wp-content\/uploads\/2023\/08\/215DA\u4fa7\u9762\uff082025.1.10\uff09_WH_800x800px-600x600.webp 600w, https:\/\/www.hcxmachinery.com\/wp-content\/uploads\/2023\/08\/215DA\u4fa7\u9762\uff082025.1.10\uff09_WH_800x800px-100x100.webp 100w, https:\/\/www.hcxmachinery.com\/wp-content\/uploads\/2023\/08\/215DA\u4fa7\u9762\uff082025.1.10\uff09_WH_800x800px.webp 800w\" sizes=\"(max-width: 300px) 100vw, 300px\" \/> <img loading=\"lazy\" decoding=\"async\" class=\"alignnone size-medium wp-image-2442\" src=\"https:\/\/www.hcxmachinery.com\/wp-content\/uploads\/2023\/08\/215DA\u94f2\u65972025.1.10_WH_800x800px-300x300.webp\" alt=\"\" width=\"300\" height=\"300\" title=\"\" srcset=\"https:\/\/www.hcxmachinery.com\/wp-content\/uploads\/2023\/08\/215DA\u94f2\u65972025.1.10_WH_800x800px-300x300.webp 300w, https:\/\/www.hcxmachinery.com\/wp-content\/uploads\/2023\/08\/215DA\u94f2\u65972025.1.10_WH_800x800px-150x150.webp 150w, https:\/\/www.hcxmachinery.com\/wp-content\/uploads\/2023\/08\/215DA\u94f2\u65972025.1.10_WH_800x800px-768x768.webp 768w, https:\/\/www.hcxmachinery.com\/wp-content\/uploads\/2023\/08\/215DA\u94f2\u65972025.1.10_WH_800x800px-600x600.webp 600w, https:\/\/www.hcxmachinery.com\/wp-content\/uploads\/2023\/08\/215DA\u94f2\u65972025.1.10_WH_800x800px-100x100.webp 100w, https:\/\/www.hcxmachinery.com\/wp-content\/uploads\/2023\/08\/215DA\u94f2\u65972025.1.10_WH_800x800px.webp 800w\" sizes=\"(max-width: 300px) 100vw, 300px\" \/> <img loading=\"lazy\" decoding=\"async\" class=\"alignnone size-medium wp-image-2443\" src=\"https:\/\/www.hcxmachinery.com\/wp-content\/uploads\/2023\/08\/215DA\u5e95\u76d8\uff082025.1.10\uff09_WH_800x800px-300x300.webp\" alt=\"\" width=\"300\" height=\"300\" title=\"\" srcset=\"https:\/\/www.hcxmachinery.com\/wp-content\/uploads\/2023\/08\/215DA\u5e95\u76d8\uff082025.1.10\uff09_WH_800x800px-300x300.webp 300w, https:\/\/www.hcxmachinery.com\/wp-content\/uploads\/2023\/08\/215DA\u5e95\u76d8\uff082025.1.10\uff09_WH_800x800px-150x150.webp 150w, https:\/\/www.hcxmachinery.com\/wp-content\/uploads\/2023\/08\/215DA\u5e95\u76d8\uff082025.1.10\uff09_WH_800x800px-768x768.webp 768w, https:\/\/www.hcxmachinery.com\/wp-content\/uploads\/2023\/08\/215DA\u5e95\u76d8\uff082025.1.10\uff09_WH_800x800px-600x600.webp 600w, https:\/\/www.hcxmachinery.com\/wp-content\/uploads\/2023\/08\/215DA\u5e95\u76d8\uff082025.1.10\uff09_WH_800x800px-100x100.webp 100w, https:\/\/www.hcxmachinery.com\/wp-content\/uploads\/2023\/08\/215DA\u5e95\u76d8\uff082025.1.10\uff09_WH_800x800px.webp 800w\" sizes=\"(max-width: 300px) 100vw, 300px\" \/> <img loading=\"lazy\" decoding=\"async\" class=\"alignnone size-medium wp-image-2449\" src=\"https:\/\/www.hcxmachinery.com\/wp-content\/uploads\/2023\/08\/215DA\u6ee4\u6cb9\u56682025.1.10_WH_800x800px-300x300.webp\" alt=\"\" width=\"300\" height=\"300\" title=\"\" srcset=\"https:\/\/www.hcxmachinery.com\/wp-content\/uploads\/2023\/08\/215DA\u6ee4\u6cb9\u56682025.1.10_WH_800x800px-300x300.webp 300w, https:\/\/www.hcxmachinery.com\/wp-content\/uploads\/2023\/08\/215DA\u6ee4\u6cb9\u56682025.1.10_WH_800x800px-150x150.webp 150w, https:\/\/www.hcxmachinery.com\/wp-content\/uploads\/2023\/08\/215DA\u6ee4\u6cb9\u56682025.1.10_WH_800x800px-768x768.webp 768w, https:\/\/www.hcxmachinery.com\/wp-content\/uploads\/2023\/08\/215DA\u6ee4\u6cb9\u56682025.1.10_WH_800x800px-600x600.webp 600w, https:\/\/www.hcxmachinery.com\/wp-content\/uploads\/2023\/08\/215DA\u6ee4\u6cb9\u56682025.1.10_WH_800x800px-100x100.webp 100w, https:\/\/www.hcxmachinery.com\/wp-content\/uploads\/2023\/08\/215DA\u6ee4\u6cb9\u56682025.1.10_WH_800x800px.webp 800w\" sizes=\"(max-width: 300px) 100vw, 300px\" \/> <img loading=\"lazy\" decoding=\"async\" class=\"alignnone size-medium wp-image-2444\" src=\"https:\/\/www.hcxmachinery.com\/wp-content\/uploads\/2023\/08\/215DA\u53d1\u52a8\u673a\uff082025.1.10\uff09_WH_800x800px-300x300.webp\" alt=\"\" width=\"300\" height=\"300\" title=\"\" srcset=\"https:\/\/www.hcxmachinery.com\/wp-content\/uploads\/2023\/08\/215DA\u53d1\u52a8\u673a\uff082025.1.10\uff09_WH_800x800px-300x300.webp 300w, https:\/\/www.hcxmachinery.com\/wp-content\/uploads\/2023\/08\/215DA\u53d1\u52a8\u673a\uff082025.1.10\uff09_WH_800x800px-150x150.webp 150w, https:\/\/www.hcxmachinery.com\/wp-content\/uploads\/2023\/08\/215DA\u53d1\u52a8\u673a\uff082025.1.10\uff09_WH_800x800px-768x768.webp 768w, https:\/\/www.hcxmachinery.com\/wp-content\/uploads\/2023\/08\/215DA\u53d1\u52a8\u673a\uff082025.1.10\uff09_WH_800x800px-600x600.webp 600w, https:\/\/www.hcxmachinery.com\/wp-content\/uploads\/2023\/08\/215DA\u53d1\u52a8\u673a\uff082025.1.10\uff09_WH_800x800px-100x100.webp 100w, https:\/\/www.hcxmachinery.com\/wp-content\/uploads\/2023\/08\/215DA\u53d1\u52a8\u673a\uff082025.1.10\uff09_WH_800x800px.webp 800w\" sizes=\"(max-width: 300px) 100vw, 300px\" \/><\/p>","protected":false},"excerpt":{"rendered":"<p>XE215DA The hydraulic excavator is equipped with a low-speed high-torque engine with high efficiency and low fuel\u00a0consumption. The large undercarrige [&hellip;]<\/p>","protected":false},"featured_media":1748,"template":"","meta":{"_acf_changed":false,"site-sidebar-layout":"default","site-content-layout":"","ast-site-content-layout":"default","site-content-style":"default","site-sidebar-style":"default","ast-global-header-display":"","ast-banner-title-visibility":"","ast-main-header-display":"","ast-hfb-above-header-display":"","ast-hfb-below-header-display":"","ast-hfb-mobile-header-display":"","site-post-title":"","ast-breadcrumbs-content":"","ast-featured-img":"","footer-sml-layout":"","theme-transparent-header-meta":"default","adv-header-id-meta":"","stick-header-meta":"default","header-above-stick-meta":"","header-main-stick-meta":"","header-below-stick-meta":"","astra-migrate-meta-layouts":"set","ast-page-background-enabled":"default","ast-page-background-meta":{"desktop":{"background-color":"var(--ast-global-color-4)","background-image":"","background-repeat":"repeat","background-position":"center center","background-size":"auto","background-attachment":"scroll","background-type":"","background-media":"","overlay-type":"","overlay-color":"","overlay-opacity":"","overlay-gradient":""},"tablet":{"background-color":"","background-image":"","background-repeat":"repeat","background-position":"center center","background-size":"auto","background-attachment":"scroll","background-type":"","background-media":"","overlay-type":"","overlay-color":"","overlay-opacity":"","overlay-gradient":""},"mobile":{"background-color":"","background-image":"","background-repeat":"repeat","background-position":"center center","background-size":"auto","background-attachment":"scroll","background-type":"","background-media":"","overlay-type":"","overlay-color":"","overlay-opacity":"","overlay-gradient":""}},"ast-content-background-meta":{"desktop":{"background-color":"var(--ast-global-color-5)","background-image":"","background-repeat":"repeat","background-position":"center center","background-size":"auto","background-attachment":"scroll","background-type":"","background-media":"","overlay-type":"","overlay-color":"","overlay-opacity":"","overlay-gradient":""},"tablet":{"background-color":"var(--ast-global-color-5)","background-image":"","background-repeat":"repeat","background-position":"center center","background-size":"auto","background-attachment":"scroll","background-type":"","background-media":"","overlay-type":"","overlay-color":"","overlay-opacity":"","overlay-gradient":""},"mobile":{"background-color":"var(--ast-global-color-5)","background-image":"","background-repeat":"repeat","background-position":"center center","background-size":"auto","background-attachment":"scroll","background-type":"","background-media":"","overlay-type":"","overlay-color":"","overlay-opacity":"","overlay-gradient":""}}},"product_cat":[19,36],"product_tag":[],"class_list":{"0":"post-936","1":"product","2":"type-product","3":"status-publish","4":"has-post-thumbnail","6":"product_cat-excavator","7":"product_cat-medium-excavator","8":"desktop-align-left","9":"tablet-align-left","10":"mobile-align-left","11":"ast-product-gallery-layout-horizontal-slider","12":"ast-magnify-disabled","13":"ast-product-tabs-layout-horizontal","15":"first","16":"instock","17":"shipping-taxable","18":"product-type-simple"},"acf":[],"_links":{"self":[{"href":"https:\/\/www.hcxmachinery.com\/es\/wp-json\/wp\/v2\/product\/936"}],"collection":[{"href":"https:\/\/www.hcxmachinery.com\/es\/wp-json\/wp\/v2\/product"}],"about":[{"href":"https:\/\/www.hcxmachinery.com\/es\/wp-json\/wp\/v2\/types\/product"}],"version-history":[{"count":26,"href":"https:\/\/www.hcxmachinery.com\/es\/wp-json\/wp\/v2\/product\/936\/revisions"}],"predecessor-version":[{"id":3323,"href":"https:\/\/www.hcxmachinery.com\/es\/wp-json\/wp\/v2\/product\/936\/revisions\/3323"}],"wp:featuredmedia":[{"embeddable":true,"href":"https:\/\/www.hcxmachinery.com\/es\/wp-json\/wp\/v2\/media\/1748"}],"wp:attachment":[{"href":"https:\/\/www.hcxmachinery.com\/es\/wp-json\/wp\/v2\/media?parent=936"}],"wp:term":[{"taxonomy":"product_cat","embeddable":true,"href":"https:\/\/www.hcxmachinery.com\/es\/wp-json\/wp\/v2\/product_cat?post=936"},{"taxonomy":"product_tag","embeddable":true,"href":"https:\/\/www.hcxmachinery.com\/es\/wp-json\/wp\/v2\/product_tag?post=936"}],"curies":[{"name":"wp","href":"https:\/\/api.w.org\/{rel}","templated":true}]}}