{"id":912,"date":"2023-09-20T14:42:33","date_gmt":"2023-09-20T14:42:33","guid":{"rendered":"https:\/\/hcxmachinery.com\/?post_type=product&#038;p=912"},"modified":"2025-12-08T08:03:13","modified_gmt":"2025-12-08T08:03:13","slug":"xe35u","status":"publish","type":"product","link":"https:\/\/www.hcxmachinery.com\/es\/producto\/xe35u\/","title":{"rendered":"Buen Estado XCMG 35U Excavadora Usada En Venta"},"content":{"rendered":"<h2>XE35U<\/h2>\n<p>La excavadora hidr\u00e1ulica est\u00e1 equipada con un motor de baja velocidad y alto par con alta eficiencia y bajo consumo de combustible. El undercarrige grande y el amortiguador piloto son m\u00e1s estables y c\u00f3modos de operar; las piezas de mantenimiento se mueven hacia el exterior, el per\u00edodo de mantenimiento se extiende, el mantenimiento es m\u00e1s conveniente; una variedad de accesorios opcionales, as\u00ed como funciones de control de adaptaci\u00f3n de altitud, la adaptabilidad del medio ambiente es mejor. Se puede utilizar ampliamente en trabajos de tierra y piedra de tama\u00f1o peque\u00f1o y mediano, construcci\u00f3n de carreteras y puentes, excavaci\u00f3n de zanjas y construcci\u00f3n, conservaci\u00f3n de agua en tierras de cultivo, dragado de r\u00edos y construcci\u00f3n municipal. Tambi\u00e9n puede realizar diferentes operaciones como excavaci\u00f3n, trituraci\u00f3n y desmontaje, y es muy adaptable a las condiciones de trabajo. Puede equiparse con implementos de trabajo multifuncionales, dise\u00f1o sin cola, flexibilidad y versatilidad, el mayor espacio de conducci\u00f3n de su clase y aire acondicionado fr\u00edo-calor.<\/p>\n<h2 class=\"fe-bold mb-3\">PAR\u00c1METROS<\/h2>\n<div class=\"scrollable-div\">\n<table class=\"tg\">\n<thead>\n<tr>\n<th class=\"tg-i231\" style=\"text-align: left;\" colspan=\"2\">Modelo de ventas<\/th>\n<th class=\"tg-jvoc\" style=\"text-align: left;\">Unidad<\/th>\n<th class=\"tg-wa1i\" style=\"text-align: left;\">Medici\u00f3n<\/th>\n<\/tr>\n<\/thead>\n<tbody>\n<tr>\n<td class=\"tg-wa1i\" colspan=\"2\">Peso operativo<\/td>\n<td class=\"tg-nrix\">Kg<\/td>\n<td class=\"tg-nrix\">4200\/4100<\/td>\n<\/tr>\n<tr>\n<td class=\"tg-wa1i\" colspan=\"2\">Capacidad de la cuchara<\/td>\n<td class=\"tg-nrix\">m\u00b3<\/td>\n<td class=\"tg-nrix\">0.12<\/td>\n<\/tr>\n<tr>\n<td class=\"tg-wa1i\" rowspan=\"10\">Motor<\/td>\n<td class=\"tg-yla0\">Modelo<\/td>\n<td class=\"tg-nrix\">\/<\/td>\n<td class=\"tg-nrix\">3TNV88-Z<\/td>\n<\/tr>\n<tr>\n<td class=\"tg-yla0\">Inyecci\u00f3n directa<\/td>\n<td class=\"tg-nrix\">\/<\/td>\n<td class=\"tg-nrix\">\u00d7<\/td>\n<\/tr>\n<tr>\n<td class=\"tg-yla0\">Cuatro golpes<\/td>\n<td class=\"tg-nrix\">\/<\/td>\n<td class=\"tg-nrix\">\u221a<\/td>\n<\/tr>\n<tr>\n<td class=\"tg-yla0\">Refrigeraci\u00f3n por agua<\/td>\n<td class=\"tg-nrix\">\/<\/td>\n<td class=\"tg-nrix\">\u221a<\/td>\n<\/tr>\n<tr>\n<td class=\"tg-yla0\">Turboalimentaci\u00f3n<\/td>\n<td class=\"tg-nrix\">\/<\/td>\n<td class=\"tg-nrix\">\u00d7<\/td>\n<\/tr>\n<tr>\n<td class=\"tg-yla0\">Refrigerado por aire<\/td>\n<td class=\"tg-nrix\">\/<\/td>\n<td class=\"tg-nrix\">3<\/td>\n<\/tr>\n<tr>\n<td class=\"tg-yla0\">N\u00ba de cilindros<\/td>\n<td class=\"tg-nrix\">\/<\/td>\n<td class=\"tg-nrix\">22.2\/2400<\/td>\n<\/tr>\n<tr>\n<td class=\"tg-yla0\">Potencia de salida<\/td>\n<td class=\"tg-nrix\">kw\/rpm<\/td>\n<td class=\"tg-nrix\">103\/1600<\/td>\n<\/tr>\n<tr>\n<td class=\"tg-yla0\">Par\/velocidad m\u00e1ximos<\/td>\n<td class=\"tg-nrix\">N.m\/rpm<\/td>\n<td class=\"tg-nrix\">1.642<\/td>\n<\/tr>\n<tr>\n<td class=\"tg-yla0\">Desplazamiento<\/td>\n<td class=\"tg-nrix\">L<\/td>\n<td class=\"tg-nrix\">3.6\/2.2<\/td>\n<\/tr>\n<tr>\n<td class=\"tg-wa1i\" rowspan=\"7\">Actuaci\u00f3n principal<\/td>\n<td class=\"tg-yla0\">Velocidad de desplazamiento<\/td>\n<td class=\"tg-nrix\">km\/h<\/td>\n<td class=\"tg-nrix\">9<\/td>\n<\/tr>\n<tr>\n<td class=\"tg-yla0\">Velocidad de oscilaci\u00f3n<\/td>\n<td class=\"tg-nrix\">r\/min<\/td>\n<td class=\"tg-nrix\">\u226430<\/td>\n<\/tr>\n<tr>\n<td class=\"tg-yla0\">Gradeabilidad<\/td>\n<td class=\"tg-nrix\">\u00b0<\/td>\n<td class=\"tg-nrix\">36.6<\/td>\n<\/tr>\n<tr>\n<td class=\"tg-yla0\">Presi\u00f3n sobre el suelo<\/td>\n<td class=\"tg-nrix\">kPa<\/td>\n<td class=\"tg-nrix\">28.6<\/td>\n<\/tr>\n<tr>\n<td class=\"tg-yla0\">Fuerza de excavaci\u00f3n de la cuchara<\/td>\n<td class=\"tg-nrix\">kN<\/td>\n<td class=\"tg-nrix\">20.3<\/td>\n<\/tr>\n<tr>\n<td class=\"tg-yla0\">Fuerza de excavaci\u00f3n del brazo<\/td>\n<td class=\"tg-nrix\">kN<\/td>\n<td class=\"tg-nrix\">31.6<\/td>\n<\/tr>\n<tr>\n<td class=\"tg-yla0\">Fuerza de tracci\u00f3n m\u00e1xima<\/td>\n<td class=\"tg-nrix\">kN<\/td>\n<td class=\"tg-nrix\">108<\/td>\n<\/tr>\n<tr>\n<td class=\"tg-wa1i\" rowspan=\"6\">Sistema hidr\u00e1ulico<\/td>\n<td class=\"tg-yla0\">Caudal nominal de la bomba principal<\/td>\n<td class=\"tg-nrix\">\/<\/td>\n<td class=\"tg-nrix\">23<\/td>\n<\/tr>\n<tr>\n<td class=\"tg-yla0\">Caudal nominal de la bomba principal<\/td>\n<td class=\"tg-nrix\">L\/min<\/td>\n<td class=\"tg-nrix\">21<\/td>\n<\/tr>\n<tr>\n<td class=\"tg-yla0\">Presi\u00f3n de la v\u00e1lvula de seguridad principal<\/td>\n<td class=\"tg-nrix\">MPa<\/td>\n<td class=\"tg-nrix\">16.7<\/td>\n<\/tr>\n<tr>\n<td class=\"tg-yla0\">Presi\u00f3n del sistema de desplazamiento<\/td>\n<td class=\"tg-nrix\">MPa<\/td>\n<td class=\"tg-nrix\">3.9<\/td>\n<\/tr>\n<tr>\n<td class=\"tg-yla0\">Presi\u00f3n del sistema oscilante<\/td>\n<td class=\"tg-nrix\">MPa<\/td>\n<td class=\"tg-nrix\">40<\/td>\n<\/tr>\n<tr>\n<td class=\"tg-yla0\">Presi\u00f3n del sistema piloto<\/td>\n<td class=\"tg-nrix\">MPa<\/td>\n<td class=\"tg-nrix\">45<\/td>\n<\/tr>\n<tr>\n<td class=\"tg-wa1i\" rowspan=\"3\">Capacidad de aceite<\/td>\n<td class=\"tg-yla0\">Capacidad del dep\u00f3sito<\/td>\n<td class=\"tg-nrix\">L<\/td>\n<td class=\"tg-nrix\">7<\/td>\n<\/tr>\n<tr>\n<td class=\"tg-yla0\">Capacidad del dep\u00f3sito hidr\u00e1ulico<\/td>\n<td class=\"tg-nrix\">L<\/td>\n<td class=\"tg-nrix\">4970<\/td>\n<\/tr>\n<tr>\n<td class=\"tg-yla0\">Capacidad de aceite del motor<\/td>\n<td class=\"tg-nrix\">L<\/td>\n<td class=\"tg-nrix\">1740<\/td>\n<\/tr>\n<tr>\n<td class=\"tg-wa1i\" rowspan=\"13\">Tama\u00f1o<\/td>\n<td class=\"tg-yla0\">A Longitud total<\/td>\n<td class=\"tg-nrix\">mm<\/td>\n<td class=\"tg-nrix\">2550<\/td>\n<\/tr>\n<tr>\n<td class=\"tg-yla0\">B Anchura total<\/td>\n<td class=\"tg-nrix\">mm<\/td>\n<td class=\"tg-nrix\">1480<\/td>\n<\/tr>\n<tr>\n<td class=\"tg-yla0\">C Altura total<\/td>\n<td class=\"tg-nrix\">mm<\/td>\n<td class=\"tg-nrix\">1740<\/td>\n<\/tr>\n<tr>\n<td class=\"tg-yla0\">D Anchura de la plataforma<\/td>\n<td class=\"tg-nrix\">mm<\/td>\n<td class=\"tg-nrix\">300<\/td>\n<\/tr>\n<tr>\n<td class=\"tg-yla0\">E Longitud de v\u00eda<\/td>\n<td class=\"tg-nrix\">mm<\/td>\n<td class=\"tg-nrix\">1721<\/td>\n<\/tr>\n<tr>\n<td class=\"tg-yla0\">F Anchura total del chasis<\/td>\n<td class=\"tg-nrix\">mm<\/td>\n<td class=\"tg-nrix\">1440<\/td>\n<\/tr>\n<tr>\n<td class=\"tg-yla0\">G Ancho de v\u00eda<\/td>\n<td class=\"tg-nrix\">mm<\/td>\n<td class=\"tg-nrix\">587<\/td>\n<\/tr>\n<tr>\n<td class=\"tg-yla0\">H Longitud hasta el centro de los rodillos<\/td>\n<td class=\"tg-nrix\">mm<\/td>\n<td class=\"tg-nrix\">297<\/td>\n<\/tr>\n<tr>\n<td class=\"tg-yla0\">I Ancho de v\u00eda<\/td>\n<td class=\"tg-nrix\">mm<\/td>\n<td class=\"tg-ejev\">\/<\/td>\n<\/tr>\n<tr>\n<td class=\"tg-yla0\">J Distancia del contrapeso<\/td>\n<td class=\"tg-nrix\">mm<\/td>\n<td class=\"tg-nrix\">5000<\/td>\n<\/tr>\n<tr>\n<td class=\"tg-yla0\">K Distancia m\u00ednima al suelo<\/td>\n<td class=\"tg-nrix\">mm<\/td>\n<td class=\"tg-nrix\">3600<\/td>\n<\/tr>\n<tr>\n<td class=\"tg-yla0\">L Radio m\u00edn. de giro de la cola<\/td>\n<td class=\"tg-nrix\">mm<\/td>\n<td class=\"tg-nrix\">3060<\/td>\n<\/tr>\n<tr>\n<td class=\"tg-yla0\">M Altura de la v\u00eda<\/td>\n<td class=\"tg-nrix\">mm<\/td>\n<td class=\"tg-nrix\">2260<\/td>\n<\/tr>\n<tr>\n<td class=\"tg-wa1i\" rowspan=\"7\">\u00c1mbito de trabajo<\/td>\n<td class=\"tg-yla0\">A Altura m\u00e1xima de excavaci\u00f3n<\/td>\n<td class=\"tg-nrix\">mm<\/td>\n<td class=\"tg-nrix\">5300<\/td>\n<\/tr>\n<tr>\n<td class=\"tg-yla0\">B Altura m\u00e1x. de descarga<\/td>\n<td class=\"tg-nrix\">mm<\/td>\n<td class=\"tg-nrix\">2170<\/td>\n<\/tr>\n<tr>\n<td class=\"tg-yla0\">C Profundidad m\u00e1xima de excavaci\u00f3n<\/td>\n<td class=\"tg-nrix\">mm<\/td>\n<td class=\"tg-nrix\">870<\/td>\n<\/tr>\n<tr>\n<td class=\"tg-yla0\">D Profundidad m\u00e1xima de corte para un fondo nivelado de 2240 mm (8 pies)<\/td>\n<td class=\"tg-nrix\">mm<\/td>\n<td class=\"tg-nrix\">305<\/td>\n<\/tr>\n<tr>\n<td class=\"tg-yla0\">E Profundidad m\u00e1xima de excavaci\u00f3n vertical de la pared<\/td>\n<td class=\"tg-nrix\">mm<\/td>\n<td class=\"tg-nrix\">360<\/td>\n<\/tr>\n<tr>\n<td class=\"tg-yla0\">Radio de excavaci\u00f3n m\u00e1x.<\/td>\n<td class=\"tg-nrix\">mm<\/td>\n<td class=\"tg-nrix\">2560<\/td>\n<\/tr>\n<tr>\n<td class=\"tg-yla0\">Radio de giro m\u00edn.<\/td>\n<td class=\"tg-nrix\">mm<\/td>\n<td class=\"tg-nrix\">1350<\/td>\n<\/tr>\n<tr>\n<td class=\"tg-wa1i\" rowspan=\"3\">Configuraci\u00f3n est\u00e1ndar<\/td>\n<td class=\"tg-yla0\">Longitud de la pluma<\/td>\n<td class=\"tg-nrix\">mm<\/td>\n<td class=\"tg-nrix\">0.12<\/td>\n<\/tr>\n<tr>\n<td class=\"tg-yla0\">Longitud del brazo<\/td>\n<td class=\"tg-nrix\">mm<\/td>\n<td class=\"tg-nrix\">\/<\/td>\n<\/tr>\n<tr>\n<td class=\"tg-yla0\">Capacidad de la cuchara<\/td>\n<td class=\"tg-nrix\">m\u00b3<\/td>\n<td class=\"tg-nrix\">\/<\/td>\n<\/tr>\n<tr>\n<td class=\"tg-wa1i\" rowspan=\"3\">Configuraci\u00f3n opcional<\/td>\n<td class=\"tg-yla0\">Longitud de la pluma<\/td>\n<td class=\"tg-nrix\">m\u00b3<\/td>\n<td class=\"tg-ejev\">\/<\/td>\n<\/tr>\n<tr>\n<td class=\"tg-yla0\">Longitud del brazo<\/td>\n<td class=\"tg-nrix\">m\u00b3<\/td>\n<td class=\"tg-cly1\">\/<\/td>\n<\/tr>\n<tr>\n<td class=\"tg-yla0\">Capacidad de la cuchara<\/td>\n<td class=\"tg-nrix\">m\u00b3<\/td>\n<td class=\"tg-cly1\">\/<\/td>\n<\/tr>\n<\/tbody>\n<\/table>\n<\/div>\n<p><img fetchpriority=\"high\" decoding=\"async\" class=\"alignnone size-medium wp-image-1965\" src=\"https:\/\/www.hcxmachinery.com\/wp-content\/uploads\/2023\/09\/XE35U\u4ea7\u54c1\u76f8\u518c\u56fe8\u6700\u65b0-300x300.webp\" alt=\"\" width=\"300\" height=\"300\" title=\"\" srcset=\"https:\/\/www.hcxmachinery.com\/wp-content\/uploads\/2023\/09\/XE35U\u4ea7\u54c1\u76f8\u518c\u56fe8\u6700\u65b0-300x300.webp 300w, https:\/\/www.hcxmachinery.com\/wp-content\/uploads\/2023\/09\/XE35U\u4ea7\u54c1\u76f8\u518c\u56fe8\u6700\u65b0-150x150.webp 150w, https:\/\/www.hcxmachinery.com\/wp-content\/uploads\/2023\/09\/XE35U\u4ea7\u54c1\u76f8\u518c\u56fe8\u6700\u65b0-768x768.webp 768w, https:\/\/www.hcxmachinery.com\/wp-content\/uploads\/2023\/09\/XE35U\u4ea7\u54c1\u76f8\u518c\u56fe8\u6700\u65b0-600x600.webp 600w, https:\/\/www.hcxmachinery.com\/wp-content\/uploads\/2023\/09\/XE35U\u4ea7\u54c1\u76f8\u518c\u56fe8\u6700\u65b0-100x100.webp 100w, https:\/\/www.hcxmachinery.com\/wp-content\/uploads\/2023\/09\/XE35U\u4ea7\u54c1\u76f8\u518c\u56fe8\u6700\u65b0.webp 800w\" sizes=\"(max-width: 300px) 100vw, 300px\" \/> <img decoding=\"async\" class=\"alignnone size-medium wp-image-1964\" src=\"https:\/\/www.hcxmachinery.com\/wp-content\/uploads\/2023\/09\/XE35U\u4ea7\u54c1\u76f8\u518c\u56fe7\u6700\u65b0-300x300.webp\" alt=\"\" width=\"300\" height=\"300\" title=\"\" srcset=\"https:\/\/www.hcxmachinery.com\/wp-content\/uploads\/2023\/09\/XE35U\u4ea7\u54c1\u76f8\u518c\u56fe7\u6700\u65b0-300x300.webp 300w, https:\/\/www.hcxmachinery.com\/wp-content\/uploads\/2023\/09\/XE35U\u4ea7\u54c1\u76f8\u518c\u56fe7\u6700\u65b0-150x150.webp 150w, https:\/\/www.hcxmachinery.com\/wp-content\/uploads\/2023\/09\/XE35U\u4ea7\u54c1\u76f8\u518c\u56fe7\u6700\u65b0-768x768.webp 768w, https:\/\/www.hcxmachinery.com\/wp-content\/uploads\/2023\/09\/XE35U\u4ea7\u54c1\u76f8\u518c\u56fe7\u6700\u65b0-600x600.webp 600w, https:\/\/www.hcxmachinery.com\/wp-content\/uploads\/2023\/09\/XE35U\u4ea7\u54c1\u76f8\u518c\u56fe7\u6700\u65b0-100x100.webp 100w, https:\/\/www.hcxmachinery.com\/wp-content\/uploads\/2023\/09\/XE35U\u4ea7\u54c1\u76f8\u518c\u56fe7\u6700\u65b0.webp 800w\" sizes=\"(max-width: 300px) 100vw, 300px\" \/> <img decoding=\"async\" class=\"alignnone size-medium wp-image-1963\" src=\"https:\/\/www.hcxmachinery.com\/wp-content\/uploads\/2023\/09\/XE35U\u4ea7\u54c1\u76f8\u518c\u56fe6\u6700\u65b0-300x300.webp\" alt=\"\" width=\"300\" height=\"300\" title=\"\" srcset=\"https:\/\/www.hcxmachinery.com\/wp-content\/uploads\/2023\/09\/XE35U\u4ea7\u54c1\u76f8\u518c\u56fe6\u6700\u65b0-300x300.webp 300w, https:\/\/www.hcxmachinery.com\/wp-content\/uploads\/2023\/09\/XE35U\u4ea7\u54c1\u76f8\u518c\u56fe6\u6700\u65b0-150x150.webp 150w, https:\/\/www.hcxmachinery.com\/wp-content\/uploads\/2023\/09\/XE35U\u4ea7\u54c1\u76f8\u518c\u56fe6\u6700\u65b0-768x768.webp 768w, https:\/\/www.hcxmachinery.com\/wp-content\/uploads\/2023\/09\/XE35U\u4ea7\u54c1\u76f8\u518c\u56fe6\u6700\u65b0-600x600.webp 600w, https:\/\/www.hcxmachinery.com\/wp-content\/uploads\/2023\/09\/XE35U\u4ea7\u54c1\u76f8\u518c\u56fe6\u6700\u65b0-100x100.webp 100w, https:\/\/www.hcxmachinery.com\/wp-content\/uploads\/2023\/09\/XE35U\u4ea7\u54c1\u76f8\u518c\u56fe6\u6700\u65b0.webp 800w\" sizes=\"(max-width: 300px) 100vw, 300px\" \/> <img loading=\"lazy\" decoding=\"async\" class=\"alignnone size-medium wp-image-1960\" src=\"https:\/\/www.hcxmachinery.com\/wp-content\/uploads\/2023\/09\/XE35U\u4ea7\u54c1\u76f8\u518c\u56fe5\u6700\u65b0-300x300.webp\" alt=\"\" width=\"300\" height=\"300\" title=\"\" srcset=\"https:\/\/www.hcxmachinery.com\/wp-content\/uploads\/2023\/09\/XE35U\u4ea7\u54c1\u76f8\u518c\u56fe5\u6700\u65b0-300x300.webp 300w, https:\/\/www.hcxmachinery.com\/wp-content\/uploads\/2023\/09\/XE35U\u4ea7\u54c1\u76f8\u518c\u56fe5\u6700\u65b0-150x150.webp 150w, https:\/\/www.hcxmachinery.com\/wp-content\/uploads\/2023\/09\/XE35U\u4ea7\u54c1\u76f8\u518c\u56fe5\u6700\u65b0-768x768.webp 768w, https:\/\/www.hcxmachinery.com\/wp-content\/uploads\/2023\/09\/XE35U\u4ea7\u54c1\u76f8\u518c\u56fe5\u6700\u65b0-600x600.webp 600w, https:\/\/www.hcxmachinery.com\/wp-content\/uploads\/2023\/09\/XE35U\u4ea7\u54c1\u76f8\u518c\u56fe5\u6700\u65b0-100x100.webp 100w, https:\/\/www.hcxmachinery.com\/wp-content\/uploads\/2023\/09\/XE35U\u4ea7\u54c1\u76f8\u518c\u56fe5\u6700\u65b0.webp 800w\" sizes=\"(max-width: 300px) 100vw, 300px\" \/> <img loading=\"lazy\" decoding=\"async\" class=\"alignnone size-medium wp-image-1959\" src=\"https:\/\/www.hcxmachinery.com\/wp-content\/uploads\/2023\/09\/XE35U\u4ea7\u54c1\u76f8\u518c\u56fe4\u6700\u65b0-300x300.webp\" alt=\"\" width=\"300\" height=\"300\" title=\"\" srcset=\"https:\/\/www.hcxmachinery.com\/wp-content\/uploads\/2023\/09\/XE35U\u4ea7\u54c1\u76f8\u518c\u56fe4\u6700\u65b0-300x300.webp 300w, https:\/\/www.hcxmachinery.com\/wp-content\/uploads\/2023\/09\/XE35U\u4ea7\u54c1\u76f8\u518c\u56fe4\u6700\u65b0-150x150.webp 150w, https:\/\/www.hcxmachinery.com\/wp-content\/uploads\/2023\/09\/XE35U\u4ea7\u54c1\u76f8\u518c\u56fe4\u6700\u65b0-768x768.webp 768w, https:\/\/www.hcxmachinery.com\/wp-content\/uploads\/2023\/09\/XE35U\u4ea7\u54c1\u76f8\u518c\u56fe4\u6700\u65b0-600x600.webp 600w, https:\/\/www.hcxmachinery.com\/wp-content\/uploads\/2023\/09\/XE35U\u4ea7\u54c1\u76f8\u518c\u56fe4\u6700\u65b0-100x100.webp 100w, https:\/\/www.hcxmachinery.com\/wp-content\/uploads\/2023\/09\/XE35U\u4ea7\u54c1\u76f8\u518c\u56fe4\u6700\u65b0.webp 800w\" sizes=\"(max-width: 300px) 100vw, 300px\" \/> <img loading=\"lazy\" decoding=\"async\" class=\"alignnone size-medium wp-image-1958\" src=\"https:\/\/www.hcxmachinery.com\/wp-content\/uploads\/2023\/09\/XE35U\u4ea7\u54c1\u76f8\u518c\u56fe3\u6700\u65b0-300x300.webp\" alt=\"\" width=\"300\" height=\"300\" title=\"\" srcset=\"https:\/\/www.hcxmachinery.com\/wp-content\/uploads\/2023\/09\/XE35U\u4ea7\u54c1\u76f8\u518c\u56fe3\u6700\u65b0-300x300.webp 300w, https:\/\/www.hcxmachinery.com\/wp-content\/uploads\/2023\/09\/XE35U\u4ea7\u54c1\u76f8\u518c\u56fe3\u6700\u65b0-150x150.webp 150w, https:\/\/www.hcxmachinery.com\/wp-content\/uploads\/2023\/09\/XE35U\u4ea7\u54c1\u76f8\u518c\u56fe3\u6700\u65b0-768x768.webp 768w, https:\/\/www.hcxmachinery.com\/wp-content\/uploads\/2023\/09\/XE35U\u4ea7\u54c1\u76f8\u518c\u56fe3\u6700\u65b0-600x600.webp 600w, https:\/\/www.hcxmachinery.com\/wp-content\/uploads\/2023\/09\/XE35U\u4ea7\u54c1\u76f8\u518c\u56fe3\u6700\u65b0-100x100.webp 100w, https:\/\/www.hcxmachinery.com\/wp-content\/uploads\/2023\/09\/XE35U\u4ea7\u54c1\u76f8\u518c\u56fe3\u6700\u65b0.webp 800w\" sizes=\"(max-width: 300px) 100vw, 300px\" \/> <img loading=\"lazy\" decoding=\"async\" class=\"alignnone size-medium wp-image-1957\" src=\"https:\/\/www.hcxmachinery.com\/wp-content\/uploads\/2023\/09\/XE35U\u4ea7\u54c1\u76f8\u518c\u56fe2\u6700\u65b0-300x300.webp\" alt=\"\" width=\"300\" height=\"300\" title=\"\" srcset=\"https:\/\/www.hcxmachinery.com\/wp-content\/uploads\/2023\/09\/XE35U\u4ea7\u54c1\u76f8\u518c\u56fe2\u6700\u65b0-300x300.webp 300w, https:\/\/www.hcxmachinery.com\/wp-content\/uploads\/2023\/09\/XE35U\u4ea7\u54c1\u76f8\u518c\u56fe2\u6700\u65b0-150x150.webp 150w, https:\/\/www.hcxmachinery.com\/wp-content\/uploads\/2023\/09\/XE35U\u4ea7\u54c1\u76f8\u518c\u56fe2\u6700\u65b0-768x768.webp 768w, https:\/\/www.hcxmachinery.com\/wp-content\/uploads\/2023\/09\/XE35U\u4ea7\u54c1\u76f8\u518c\u56fe2\u6700\u65b0-600x600.webp 600w, https:\/\/www.hcxmachinery.com\/wp-content\/uploads\/2023\/09\/XE35U\u4ea7\u54c1\u76f8\u518c\u56fe2\u6700\u65b0-100x100.webp 100w, https:\/\/www.hcxmachinery.com\/wp-content\/uploads\/2023\/09\/XE35U\u4ea7\u54c1\u76f8\u518c\u56fe2\u6700\u65b0.webp 800w\" sizes=\"(max-width: 300px) 100vw, 300px\" \/> <img loading=\"lazy\" decoding=\"async\" class=\"alignnone size-medium wp-image-1956\" src=\"https:\/\/www.hcxmachinery.com\/wp-content\/uploads\/2023\/09\/XE35U\u4ea7\u54c1\u76f8\u518c\u56fe1\u6700\u65b0-300x300.webp\" alt=\"\" width=\"300\" height=\"300\" title=\"\" srcset=\"https:\/\/www.hcxmachinery.com\/wp-content\/uploads\/2023\/09\/XE35U\u4ea7\u54c1\u76f8\u518c\u56fe1\u6700\u65b0-300x300.webp 300w, https:\/\/www.hcxmachinery.com\/wp-content\/uploads\/2023\/09\/XE35U\u4ea7\u54c1\u76f8\u518c\u56fe1\u6700\u65b0-150x150.webp 150w, https:\/\/www.hcxmachinery.com\/wp-content\/uploads\/2023\/09\/XE35U\u4ea7\u54c1\u76f8\u518c\u56fe1\u6700\u65b0-768x768.webp 768w, https:\/\/www.hcxmachinery.com\/wp-content\/uploads\/2023\/09\/XE35U\u4ea7\u54c1\u76f8\u518c\u56fe1\u6700\u65b0-600x600.webp 600w, https:\/\/www.hcxmachinery.com\/wp-content\/uploads\/2023\/09\/XE35U\u4ea7\u54c1\u76f8\u518c\u56fe1\u6700\u65b0-100x100.webp 100w, https:\/\/www.hcxmachinery.com\/wp-content\/uploads\/2023\/09\/XE35U\u4ea7\u54c1\u76f8\u518c\u56fe1\u6700\u65b0.webp 800w\" sizes=\"(max-width: 300px) 100vw, 300px\" \/><\/p>","protected":false},"excerpt":{"rendered":"<p>XE35U The hydraulic excavator is equipped with a low-speed high-torque engine with high efficiency and low fuelconsumption. The large undercarrige [&hellip;]<\/p>","protected":false},"featured_media":1880,"template":"","meta":{"_acf_changed":false,"site-sidebar-layout":"default","site-content-layout":"","ast-site-content-layout":"default","site-content-style":"default","site-sidebar-style":"default","ast-global-header-display":"","ast-banner-title-visibility":"","ast-main-header-display":"","ast-hfb-above-header-display":"","ast-hfb-below-header-display":"","ast-hfb-mobile-header-display":"","site-post-title":"","ast-breadcrumbs-content":"","ast-featured-img":"","footer-sml-layout":"","theme-transparent-header-meta":"default","adv-header-id-meta":"","stick-header-meta":"default","header-above-stick-meta":"","header-main-stick-meta":"","header-below-stick-meta":"","astra-migrate-meta-layouts":"set","ast-page-background-enabled":"default","ast-page-background-meta":{"desktop":{"background-color":"var(--ast-global-color-4)","background-image":"","background-repeat":"repeat","background-position":"center center","background-size":"auto","background-attachment":"scroll","background-type":"","background-media":"","overlay-type":"","overlay-color":"","overlay-opacity":"","overlay-gradient":""},"tablet":{"background-color":"","background-image":"","background-repeat":"repeat","background-position":"center center","background-size":"auto","background-attachment":"scroll","background-type":"","background-media":"","overlay-type":"","overlay-color":"","overlay-opacity":"","overlay-gradient":""},"mobile":{"background-color":"","background-image":"","background-repeat":"repeat","background-position":"center center","background-size":"auto","background-attachment":"scroll","background-type":"","background-media":"","overlay-type":"","overlay-color":"","overlay-opacity":"","overlay-gradient":""}},"ast-content-background-meta":{"desktop":{"background-color":"var(--ast-global-color-5)","background-image":"","background-repeat":"repeat","background-position":"center center","background-size":"auto","background-attachment":"scroll","background-type":"","background-media":"","overlay-type":"","overlay-color":"","overlay-opacity":"","overlay-gradient":""},"tablet":{"background-color":"var(--ast-global-color-5)","background-image":"","background-repeat":"repeat","background-position":"center center","background-size":"auto","background-attachment":"scroll","background-type":"","background-media":"","overlay-type":"","overlay-color":"","overlay-opacity":"","overlay-gradient":""},"mobile":{"background-color":"var(--ast-global-color-5)","background-image":"","background-repeat":"repeat","background-position":"center center","background-size":"auto","background-attachment":"scroll","background-type":"","background-media":"","overlay-type":"","overlay-color":"","overlay-opacity":"","overlay-gradient":""}}},"product_cat":[19,34],"product_tag":[],"class_list":{"0":"post-912","1":"product","2":"type-product","3":"status-publish","4":"has-post-thumbnail","6":"product_cat-excavator","7":"product_cat-micro-excavator","8":"desktop-align-left","9":"tablet-align-left","10":"mobile-align-left","11":"ast-product-gallery-layout-horizontal-slider","12":"ast-magnify-disabled","13":"ast-product-tabs-layout-horizontal","15":"first","16":"instock","17":"shipping-taxable","18":"product-type-simple"},"acf":[],"_links":{"self":[{"href":"https:\/\/www.hcxmachinery.com\/es\/wp-json\/wp\/v2\/product\/912"}],"collection":[{"href":"https:\/\/www.hcxmachinery.com\/es\/wp-json\/wp\/v2\/product"}],"about":[{"href":"https:\/\/www.hcxmachinery.com\/es\/wp-json\/wp\/v2\/types\/product"}],"version-history":[{"count":22,"href":"https:\/\/www.hcxmachinery.com\/es\/wp-json\/wp\/v2\/product\/912\/revisions"}],"predecessor-version":[{"id":3327,"href":"https:\/\/www.hcxmachinery.com\/es\/wp-json\/wp\/v2\/product\/912\/revisions\/3327"}],"wp:featuredmedia":[{"embeddable":true,"href":"https:\/\/www.hcxmachinery.com\/es\/wp-json\/wp\/v2\/media\/1880"}],"wp:attachment":[{"href":"https:\/\/www.hcxmachinery.com\/es\/wp-json\/wp\/v2\/media?parent=912"}],"wp:term":[{"taxonomy":"product_cat","embeddable":true,"href":"https:\/\/www.hcxmachinery.com\/es\/wp-json\/wp\/v2\/product_cat?post=912"},{"taxonomy":"product_tag","embeddable":true,"href":"https:\/\/www.hcxmachinery.com\/es\/wp-json\/wp\/v2\/product_tag?post=912"}],"curies":[{"name":"wp","href":"https:\/\/api.w.org\/{rel}","templated":true}]}}