{"id":857,"date":"2024-09-16T14:17:28","date_gmt":"2024-09-16T14:17:28","guid":{"rendered":"https:\/\/hcxmachinery.com\/?post_type=product&#038;p=857"},"modified":"2024-12-23T01:38:15","modified_gmt":"2024-12-23T01:38:15","slug":"garra-para-troncos","status":"publish","type":"product","link":"https:\/\/www.hcxmachinery.com\/es\/producto\/garra-para-troncos\/","title":{"rendered":"Robustas pinzas mec\u00e1nicas para madera\/piedra\/acero"},"content":{"rendered":"<h2>CARACTER\u00cdSTICAS DEL PRODUCTO<\/h2>\n<p>equipos especiales para la carga y descarga de madera y piedra.<\/p>\n<h2>PAR\u00c1METROS<\/h2>\n<div class=\"123\">\n<table width=\"1049\">\n<tbody>\n<tr>\n<td width=\"394\">Descripci\u00f3n de los materiales<\/td>\n<td width=\"164\">Tonelaje adaptable<\/td>\n<td width=\"141\">longitud\uff08cm\uff09<\/td>\n<td width=\"110\">altura(cm)<\/td>\n<td width=\"114\">altitud(cm\uff09<\/td>\n<td width=\"126\">peso\uff08KG\uff09<\/td>\n<\/tr>\n<tr>\n<td width=\"394\">XCMG-DGM35 Cuchara mec\u00e1nica para madera\/piedra\/acero<\/td>\n<td>3T<\/td>\n<td>110<\/td>\n<td>40<\/td>\n<td>45<\/td>\n<td>110KG<\/td>\n<\/tr>\n<tr>\n<td width=\"394\">XCMG-DGM60 Cuchara mec\u00e1nica para madera\/piedra\/acero<\/td>\n<td width=\"164\">6T<\/td>\n<td>150<\/td>\n<td>65<\/td>\n<td>55<\/td>\n<td>320KG<\/td>\n<\/tr>\n<tr>\n<td width=\"394\">XCMG-DGM80 Cuchara mec\u00e1nica para madera\/piedra\/acero<\/td>\n<td width=\"164\">7-8T<\/td>\n<td>150<\/td>\n<td>65<\/td>\n<td>55<\/td>\n<td>320KG<\/td>\n<\/tr>\n<tr>\n<td width=\"394\">XCMG-DGM150 Cuchara mec\u00e1nica para madera\/piedra\/acero<\/td>\n<td width=\"164\">13-15T<\/td>\n<td>190<\/td>\n<td>65<\/td>\n<td>75<\/td>\n<td>640KG<\/td>\n<\/tr>\n<tr>\n<td width=\"394\">XCMG-DGM200 Cuchara mec\u00e1nica para madera\/piedra\/acero<\/td>\n<td width=\"164\">20-22T<\/td>\n<td>270<\/td>\n<td>90<\/td>\n<td>95<\/td>\n<td>1100KG<\/td>\n<\/tr>\n<tr>\n<td width=\"394\">XCMG-DGM300 Cuchara mec\u00e1nica para madera\/piedra\/acero<\/td>\n<td width=\"164\">27-33T<\/td>\n<td>270<\/td>\n<td>110<\/td>\n<td>105<\/td>\n<td>1300KG<\/td>\n<\/tr>\n<tr>\n<td width=\"394\">XCMG-DGM380 Cuchara mec\u00e1nica para madera\/piedra\/acero<\/td>\n<td>40T<\/td>\n<td>350<\/td>\n<td>120<\/td>\n<td>115<\/td>\n<td>1500KG<\/td>\n<\/tr>\n<\/tbody>\n<\/table>\n<\/div>\n<p><img fetchpriority=\"high\" decoding=\"async\" class=\"alignnone size-medium wp-image-2116\" src=\"https:\/\/www.hcxmachinery.com\/wp-content\/uploads\/2024\/12\/\u6293\u6728\u5668\u7ec6\u8282\u56fe6_WH_800x800px-300x300.webp\" alt=\"\" width=\"300\" height=\"300\" title=\"\" srcset=\"https:\/\/www.hcxmachinery.com\/wp-content\/uploads\/2024\/12\/\u6293\u6728\u5668\u7ec6\u8282\u56fe6_WH_800x800px-300x300.webp 300w, https:\/\/www.hcxmachinery.com\/wp-content\/uploads\/2024\/12\/\u6293\u6728\u5668\u7ec6\u8282\u56fe6_WH_800x800px-150x150.webp 150w, https:\/\/www.hcxmachinery.com\/wp-content\/uploads\/2024\/12\/\u6293\u6728\u5668\u7ec6\u8282\u56fe6_WH_800x800px-768x768.webp 768w, https:\/\/www.hcxmachinery.com\/wp-content\/uploads\/2024\/12\/\u6293\u6728\u5668\u7ec6\u8282\u56fe6_WH_800x800px-600x600.webp 600w, https:\/\/www.hcxmachinery.com\/wp-content\/uploads\/2024\/12\/\u6293\u6728\u5668\u7ec6\u8282\u56fe6_WH_800x800px-100x100.webp 100w, https:\/\/www.hcxmachinery.com\/wp-content\/uploads\/2024\/12\/\u6293\u6728\u5668\u7ec6\u8282\u56fe6_WH_800x800px.webp 800w\" sizes=\"(max-width: 300px) 100vw, 300px\" \/> <img decoding=\"async\" class=\"alignnone size-medium wp-image-2115\" src=\"https:\/\/www.hcxmachinery.com\/wp-content\/uploads\/2024\/12\/\u6293\u6728\u5668\u7ec6\u8282\u56fe5_WH_800x800px-300x300.webp\" alt=\"\" width=\"300\" height=\"300\" title=\"\" srcset=\"https:\/\/www.hcxmachinery.com\/wp-content\/uploads\/2024\/12\/\u6293\u6728\u5668\u7ec6\u8282\u56fe5_WH_800x800px-300x300.webp 300w, https:\/\/www.hcxmachinery.com\/wp-content\/uploads\/2024\/12\/\u6293\u6728\u5668\u7ec6\u8282\u56fe5_WH_800x800px-150x150.webp 150w, https:\/\/www.hcxmachinery.com\/wp-content\/uploads\/2024\/12\/\u6293\u6728\u5668\u7ec6\u8282\u56fe5_WH_800x800px-768x768.webp 768w, https:\/\/www.hcxmachinery.com\/wp-content\/uploads\/2024\/12\/\u6293\u6728\u5668\u7ec6\u8282\u56fe5_WH_800x800px-600x600.webp 600w, https:\/\/www.hcxmachinery.com\/wp-content\/uploads\/2024\/12\/\u6293\u6728\u5668\u7ec6\u8282\u56fe5_WH_800x800px-100x100.webp 100w, https:\/\/www.hcxmachinery.com\/wp-content\/uploads\/2024\/12\/\u6293\u6728\u5668\u7ec6\u8282\u56fe5_WH_800x800px.webp 800w\" sizes=\"(max-width: 300px) 100vw, 300px\" \/> <img decoding=\"async\" class=\"alignnone size-medium wp-image-2114\" src=\"https:\/\/www.hcxmachinery.com\/wp-content\/uploads\/2024\/12\/\u6293\u6728\u5668\u7ec6\u8282\u56fe4_WH_800x800px-300x300.webp\" alt=\"\" width=\"300\" height=\"300\" title=\"\" srcset=\"https:\/\/www.hcxmachinery.com\/wp-content\/uploads\/2024\/12\/\u6293\u6728\u5668\u7ec6\u8282\u56fe4_WH_800x800px-300x300.webp 300w, https:\/\/www.hcxmachinery.com\/wp-content\/uploads\/2024\/12\/\u6293\u6728\u5668\u7ec6\u8282\u56fe4_WH_800x800px-150x150.webp 150w, https:\/\/www.hcxmachinery.com\/wp-content\/uploads\/2024\/12\/\u6293\u6728\u5668\u7ec6\u8282\u56fe4_WH_800x800px-768x768.webp 768w, https:\/\/www.hcxmachinery.com\/wp-content\/uploads\/2024\/12\/\u6293\u6728\u5668\u7ec6\u8282\u56fe4_WH_800x800px-600x600.webp 600w, https:\/\/www.hcxmachinery.com\/wp-content\/uploads\/2024\/12\/\u6293\u6728\u5668\u7ec6\u8282\u56fe4_WH_800x800px-100x100.webp 100w, https:\/\/www.hcxmachinery.com\/wp-content\/uploads\/2024\/12\/\u6293\u6728\u5668\u7ec6\u8282\u56fe4_WH_800x800px.webp 800w\" sizes=\"(max-width: 300px) 100vw, 300px\" \/> <img loading=\"lazy\" decoding=\"async\" class=\"alignnone size-medium wp-image-2113\" src=\"https:\/\/www.hcxmachinery.com\/wp-content\/uploads\/2024\/12\/\u6293\u6728\u5668\u7ec6\u8282\u56fe3_WH_800x800px-300x300.webp\" alt=\"\" width=\"300\" height=\"300\" title=\"\" srcset=\"https:\/\/www.hcxmachinery.com\/wp-content\/uploads\/2024\/12\/\u6293\u6728\u5668\u7ec6\u8282\u56fe3_WH_800x800px-300x300.webp 300w, https:\/\/www.hcxmachinery.com\/wp-content\/uploads\/2024\/12\/\u6293\u6728\u5668\u7ec6\u8282\u56fe3_WH_800x800px-150x150.webp 150w, https:\/\/www.hcxmachinery.com\/wp-content\/uploads\/2024\/12\/\u6293\u6728\u5668\u7ec6\u8282\u56fe3_WH_800x800px-768x768.webp 768w, https:\/\/www.hcxmachinery.com\/wp-content\/uploads\/2024\/12\/\u6293\u6728\u5668\u7ec6\u8282\u56fe3_WH_800x800px-600x600.webp 600w, https:\/\/www.hcxmachinery.com\/wp-content\/uploads\/2024\/12\/\u6293\u6728\u5668\u7ec6\u8282\u56fe3_WH_800x800px-100x100.webp 100w, https:\/\/www.hcxmachinery.com\/wp-content\/uploads\/2024\/12\/\u6293\u6728\u5668\u7ec6\u8282\u56fe3_WH_800x800px.webp 800w\" sizes=\"(max-width: 300px) 100vw, 300px\" \/> <img loading=\"lazy\" decoding=\"async\" class=\"alignnone size-medium wp-image-2112\" src=\"https:\/\/www.hcxmachinery.com\/wp-content\/uploads\/2024\/12\/\u6293\u6728\u5668\u7ec6\u8282\u56fe2_WH_800x800px-300x300.webp\" alt=\"\" width=\"300\" height=\"300\" title=\"\" srcset=\"https:\/\/www.hcxmachinery.com\/wp-content\/uploads\/2024\/12\/\u6293\u6728\u5668\u7ec6\u8282\u56fe2_WH_800x800px-300x300.webp 300w, https:\/\/www.hcxmachinery.com\/wp-content\/uploads\/2024\/12\/\u6293\u6728\u5668\u7ec6\u8282\u56fe2_WH_800x800px-150x150.webp 150w, https:\/\/www.hcxmachinery.com\/wp-content\/uploads\/2024\/12\/\u6293\u6728\u5668\u7ec6\u8282\u56fe2_WH_800x800px-768x768.webp 768w, https:\/\/www.hcxmachinery.com\/wp-content\/uploads\/2024\/12\/\u6293\u6728\u5668\u7ec6\u8282\u56fe2_WH_800x800px-600x600.webp 600w, https:\/\/www.hcxmachinery.com\/wp-content\/uploads\/2024\/12\/\u6293\u6728\u5668\u7ec6\u8282\u56fe2_WH_800x800px-100x100.webp 100w, https:\/\/www.hcxmachinery.com\/wp-content\/uploads\/2024\/12\/\u6293\u6728\u5668\u7ec6\u8282\u56fe2_WH_800x800px.webp 800w\" sizes=\"(max-width: 300px) 100vw, 300px\" \/> <img loading=\"lazy\" decoding=\"async\" class=\"alignnone size-medium wp-image-2111\" src=\"https:\/\/www.hcxmachinery.com\/wp-content\/uploads\/2024\/12\/\u6293\u6728\u5668\u7ec6\u8282\u56fe1_WH_800x800px-300x300.webp\" alt=\"\" width=\"300\" height=\"300\" title=\"\" srcset=\"https:\/\/www.hcxmachinery.com\/wp-content\/uploads\/2024\/12\/\u6293\u6728\u5668\u7ec6\u8282\u56fe1_WH_800x800px-300x300.webp 300w, https:\/\/www.hcxmachinery.com\/wp-content\/uploads\/2024\/12\/\u6293\u6728\u5668\u7ec6\u8282\u56fe1_WH_800x800px-150x150.webp 150w, https:\/\/www.hcxmachinery.com\/wp-content\/uploads\/2024\/12\/\u6293\u6728\u5668\u7ec6\u8282\u56fe1_WH_800x800px-768x768.webp 768w, https:\/\/www.hcxmachinery.com\/wp-content\/uploads\/2024\/12\/\u6293\u6728\u5668\u7ec6\u8282\u56fe1_WH_800x800px-600x600.webp 600w, https:\/\/www.hcxmachinery.com\/wp-content\/uploads\/2024\/12\/\u6293\u6728\u5668\u7ec6\u8282\u56fe1_WH_800x800px-100x100.webp 100w, https:\/\/www.hcxmachinery.com\/wp-content\/uploads\/2024\/12\/\u6293\u6728\u5668\u7ec6\u8282\u56fe1_WH_800x800px.webp 800w\" sizes=\"(max-width: 300px) 100vw, 300px\" \/><\/p>","protected":false},"excerpt":{"rendered":"<p>INTRODUCCI\u00d3N DEL PRODUCTO<br \/>\nRotaci\u00f3n hidr\u00e1ulica de 360 grados para proporcionar un efecto de agarre m\u00e1s flexible<br \/>\nV\u00e1lvula de equilibrio incorporada en el cilindro de aceite, funcionamiento suave, mantiene la fuerza de sujeci\u00f3n, mayor seguridad<br \/>\nV\u00e1lvula de alivio bidireccional del motor y v\u00e1lvula de equilibrado bidireccional para evitar el impacto hidr\u00e1ulico en el motor<br \/>\nEstructura sencilla, peso ligero y mayor fuerza de agarre.<\/p>\n<p>Nuestra pinza para excavadoras ofrece un rendimiento excepcional. Cuenta con una funci\u00f3n de giro hidr\u00e1ulico de 360 grados, lo que permite operaciones de agarre flexibles desde varios \u00e1ngulos. El dise\u00f1o asegura un efecto de agarre notable y una mayor fuerza de agarre, lo que le permite manejar diferentes materiales con facilidad. Esta pinza est\u00e1 recomendada por la f\u00e1brica original, lo que garantiza su excelente rendimiento y calidad fiable. Combina alta calidad con un precio razonable, proporcionando una soluci\u00f3n rentable para sus necesidades de excavaci\u00f3n y manipulaci\u00f3n de materiales.<\/p>","protected":false},"featured_media":1710,"template":"","meta":{"_acf_changed":false,"site-sidebar-layout":"default","site-content-layout":"","ast-site-content-layout":"default","site-content-style":"default","site-sidebar-style":"default","ast-global-header-display":"","ast-banner-title-visibility":"","ast-main-header-display":"","ast-hfb-above-header-display":"","ast-hfb-below-header-display":"","ast-hfb-mobile-header-display":"","site-post-title":"","ast-breadcrumbs-content":"","ast-featured-img":"","footer-sml-layout":"","theme-transparent-header-meta":"default","adv-header-id-meta":"","stick-header-meta":"default","header-above-stick-meta":"","header-main-stick-meta":"","header-below-stick-meta":"","astra-migrate-meta-layouts":"set","ast-page-background-enabled":"default","ast-page-background-meta":{"desktop":{"background-color":"var(--ast-global-color-4)","background-image":"","background-repeat":"repeat","background-position":"center center","background-size":"auto","background-attachment":"scroll","background-type":"","background-media":"","overlay-type":"","overlay-color":"","overlay-opacity":"","overlay-gradient":""},"tablet":{"background-color":"","background-image":"","background-repeat":"repeat","background-position":"center center","background-size":"auto","background-attachment":"scroll","background-type":"","background-media":"","overlay-type":"","overlay-color":"","overlay-opacity":"","overlay-gradient":""},"mobile":{"background-color":"","background-image":"","background-repeat":"repeat","background-position":"center center","background-size":"auto","background-attachment":"scroll","background-type":"","background-media":"","overlay-type":"","overlay-color":"","overlay-opacity":"","overlay-gradient":""}},"ast-content-background-meta":{"desktop":{"background-color":"var(--ast-global-color-5)","background-image":"","background-repeat":"repeat","background-position":"center center","background-size":"auto","background-attachment":"scroll","background-type":"","background-media":"","overlay-type":"","overlay-color":"","overlay-opacity":"","overlay-gradient":""},"tablet":{"background-color":"var(--ast-global-color-5)","background-image":"","background-repeat":"repeat","background-position":"center center","background-size":"auto","background-attachment":"scroll","background-type":"","background-media":"","overlay-type":"","overlay-color":"","overlay-opacity":"","overlay-gradient":""},"mobile":{"background-color":"var(--ast-global-color-5)","background-image":"","background-repeat":"repeat","background-position":"center center","background-size":"auto","background-attachment":"scroll","background-type":"","background-media":"","overlay-type":"","overlay-color":"","overlay-opacity":"","overlay-gradient":""}}},"product_cat":[27],"product_tag":[],"class_list":{"0":"post-857","1":"product","2":"type-product","3":"status-publish","4":"has-post-thumbnail","6":"product_cat-multi-functional-attachment","7":"desktop-align-left","8":"tablet-align-left","9":"mobile-align-left","10":"ast-product-gallery-layout-horizontal-slider","11":"ast-magnify-disabled","12":"ast-product-tabs-layout-horizontal","14":"first","15":"instock","16":"shipping-taxable","17":"product-type-simple"},"acf":[],"_links":{"self":[{"href":"https:\/\/www.hcxmachinery.com\/es\/wp-json\/wp\/v2\/product\/857"}],"collection":[{"href":"https:\/\/www.hcxmachinery.com\/es\/wp-json\/wp\/v2\/product"}],"about":[{"href":"https:\/\/www.hcxmachinery.com\/es\/wp-json\/wp\/v2\/types\/product"}],"version-history":[{"count":11,"href":"https:\/\/www.hcxmachinery.com\/es\/wp-json\/wp\/v2\/product\/857\/revisions"}],"predecessor-version":[{"id":2395,"href":"https:\/\/www.hcxmachinery.com\/es\/wp-json\/wp\/v2\/product\/857\/revisions\/2395"}],"wp:featuredmedia":[{"embeddable":true,"href":"https:\/\/www.hcxmachinery.com\/es\/wp-json\/wp\/v2\/media\/1710"}],"wp:attachment":[{"href":"https:\/\/www.hcxmachinery.com\/es\/wp-json\/wp\/v2\/media?parent=857"}],"wp:term":[{"taxonomy":"product_cat","embeddable":true,"href":"https:\/\/www.hcxmachinery.com\/es\/wp-json\/wp\/v2\/product_cat?post=857"},{"taxonomy":"product_tag","embeddable":true,"href":"https:\/\/www.hcxmachinery.com\/es\/wp-json\/wp\/v2\/product_tag?post=857"}],"curies":[{"name":"wp","href":"https:\/\/api.w.org\/{rel}","templated":true}]}}