{"id":853,"date":"2024-09-16T14:15:24","date_gmt":"2024-09-16T14:15:24","guid":{"rendered":"https:\/\/hcxmachinery.com\/?post_type=product&#038;p=853"},"modified":"2024-12-16T07:03:25","modified_gmt":"2024-12-16T07:03:25","slug":"modelo-de-excavadora-xe490dk","status":"publish","type":"product","link":"https:\/\/www.hcxmachinery.com\/es\/producto\/modelo-de-excavadora-xe490dk\/","title":{"rendered":"Modelo de excavadora XE490DK de alta calidad"},"content":{"rendered":"<h2><strong>CARACTER\u00cdSTICAS DEL PRODUCTO\u00a0<\/strong><\/h2>\n<div class=\"auto-hide-last-sibling-br paragraph-JOTKXA paragraph-element br-paragraph-space\">Se trata de un producto extraordinario que combina la esencia de una excavadora real y un modelo exquisitamente elaborado.<\/div>\n<div class=\"auto-hide-last-sibling-br paragraph-JOTKXA paragraph-element br-paragraph-space\">Nuestro modelo est\u00e1 dise\u00f1ado a partir de una excavadora XE490DK real. Puede manejar f\u00e1cilmente terrenos complejos al igual que su contraparte real. Con su potente fuerza, demuestra un excelente rendimiento. Cada articulaci\u00f3n del modelo es muy flexible, lo que permite una amplia gama de movimientos. Se puede controlar de forma independiente, lo que proporciona una experiencia de manejo envolvente. El control de rotaci\u00f3n de 680 grados mejora a\u00fan m\u00e1s su maniobrabilidad.<\/div>\n<p>&nbsp;<\/p>\n<div class=\"auto-hide-last-sibling-br paragraph-JOTKXA paragraph-element br-paragraph-space\">Este modelo est\u00e1 fabricado a escala 1:18, por lo que presenta un aspecto muy realista. Dispone de diecis\u00e9is canales que reproducen con precisi\u00f3n el funcionamiento de la m\u00e1quina real. Equipada con una bater\u00eda de litio de 7,4 V, garantiza una alimentaci\u00f3n estable y fiable. Las luces LED de la pluma a\u00f1aden un toque de autenticidad y encanto. Fabricada con materiales de alta calidad, no s\u00f3lo es resistente sino tambi\u00e9n duradera, lo que la convierte en una opci\u00f3n ideal tanto para coleccionistas como para entusiastas.<\/div>","protected":false},"excerpt":{"rendered":"<p>INTRODUCCI\u00d3N DEL PRODUCTO<br \/>\nEste modelo est\u00e1 fabricado a escala 1:18, por lo que presenta un aspecto muy realista. Dispone de diecis\u00e9is canales que reproducen con precisi\u00f3n el funcionamiento de la m\u00e1quina real. Equipada con una bater\u00eda de litio de 7,4 V, garantiza una alimentaci\u00f3n estable y fiable. Las luces LED de la pluma a\u00f1aden un toque de autenticidad y encanto. Fabricada con materiales de alta calidad, no s\u00f3lo es resistente sino tambi\u00e9n duradera, lo que la convierte en una opci\u00f3n ideal tanto para coleccionistas como para entusiastas.<\/p>","protected":false},"featured_media":1717,"template":"","meta":{"_acf_changed":false,"site-sidebar-layout":"default","site-content-layout":"","ast-site-content-layout":"default","site-content-style":"default","site-sidebar-style":"default","ast-global-header-display":"","ast-banner-title-visibility":"","ast-main-header-display":"","ast-hfb-above-header-display":"","ast-hfb-below-header-display":"","ast-hfb-mobile-header-display":"","site-post-title":"","ast-breadcrumbs-content":"","ast-featured-img":"","footer-sml-layout":"","theme-transparent-header-meta":"default","adv-header-id-meta":"","stick-header-meta":"default","header-above-stick-meta":"","header-main-stick-meta":"","header-below-stick-meta":"","astra-migrate-meta-layouts":"set","ast-page-background-enabled":"default","ast-page-background-meta":{"desktop":{"background-color":"var(--ast-global-color-4)","background-image":"","background-repeat":"repeat","background-position":"center center","background-size":"auto","background-attachment":"scroll","background-type":"","background-media":"","overlay-type":"","overlay-color":"","overlay-opacity":"","overlay-gradient":""},"tablet":{"background-color":"","background-image":"","background-repeat":"repeat","background-position":"center center","background-size":"auto","background-attachment":"scroll","background-type":"","background-media":"","overlay-type":"","overlay-color":"","overlay-opacity":"","overlay-gradient":""},"mobile":{"background-color":"","background-image":"","background-repeat":"repeat","background-position":"center center","background-size":"auto","background-attachment":"scroll","background-type":"","background-media":"","overlay-type":"","overlay-color":"","overlay-opacity":"","overlay-gradient":""}},"ast-content-background-meta":{"desktop":{"background-color":"var(--ast-global-color-5)","background-image":"","background-repeat":"repeat","background-position":"center center","background-size":"auto","background-attachment":"scroll","background-type":"","background-media":"","overlay-type":"","overlay-color":"","overlay-opacity":"","overlay-gradient":""},"tablet":{"background-color":"var(--ast-global-color-5)","background-image":"","background-repeat":"repeat","background-position":"center center","background-size":"auto","background-attachment":"scroll","background-type":"","background-media":"","overlay-type":"","overlay-color":"","overlay-opacity":"","overlay-gradient":""},"mobile":{"background-color":"var(--ast-global-color-5)","background-image":"","background-repeat":"repeat","background-position":"center center","background-size":"auto","background-attachment":"scroll","background-type":"","background-media":"","overlay-type":"","overlay-color":"","overlay-opacity":"","overlay-gradient":""}}},"product_cat":[27],"product_tag":[],"class_list":{"0":"post-853","1":"product","2":"type-product","3":"status-publish","4":"has-post-thumbnail","6":"product_cat-multi-functional-attachment","7":"desktop-align-left","8":"tablet-align-left","9":"mobile-align-left","10":"ast-product-gallery-layout-horizontal-slider","11":"ast-magnify-disabled","12":"ast-product-tabs-layout-horizontal","14":"first","15":"instock","16":"shipping-taxable","17":"product-type-simple"},"acf":[],"_links":{"self":[{"href":"https:\/\/www.hcxmachinery.com\/es\/wp-json\/wp\/v2\/product\/853"}],"collection":[{"href":"https:\/\/www.hcxmachinery.com\/es\/wp-json\/wp\/v2\/product"}],"about":[{"href":"https:\/\/www.hcxmachinery.com\/es\/wp-json\/wp\/v2\/types\/product"}],"version-history":[{"count":7,"href":"https:\/\/www.hcxmachinery.com\/es\/wp-json\/wp\/v2\/product\/853\/revisions"}],"predecessor-version":[{"id":2146,"href":"https:\/\/www.hcxmachinery.com\/es\/wp-json\/wp\/v2\/product\/853\/revisions\/2146"}],"wp:featuredmedia":[{"embeddable":true,"href":"https:\/\/www.hcxmachinery.com\/es\/wp-json\/wp\/v2\/media\/1717"}],"wp:attachment":[{"href":"https:\/\/www.hcxmachinery.com\/es\/wp-json\/wp\/v2\/media?parent=853"}],"wp:term":[{"taxonomy":"product_cat","embeddable":true,"href":"https:\/\/www.hcxmachinery.com\/es\/wp-json\/wp\/v2\/product_cat?post=853"},{"taxonomy":"product_tag","embeddable":true,"href":"https:\/\/www.hcxmachinery.com\/es\/wp-json\/wp\/v2\/product_tag?post=853"}],"curies":[{"name":"wp","href":"https:\/\/api.w.org\/{rel}","templated":true}]}}