{"id":844,"date":"2024-09-16T14:10:18","date_gmt":"2024-09-16T14:10:18","guid":{"rendered":"https:\/\/hcxmachinery.com\/?post_type=product&#038;p=844"},"modified":"2024-12-16T07:34:54","modified_gmt":"2024-12-16T07:34:54","slug":"cadena-de-oruga","status":"publish","type":"product","link":"https:\/\/www.hcxmachinery.com\/es\/producto\/cadena-de-oruga\/","title":{"rendered":"Venta de cadenas de oruga duraderas y rentables"},"content":{"rendered":"<h2>CARACTER\u00cdSTICAS DEL PRODUCTO<\/h2>\n<div class=\"inter-hOmJ9L\">\n<div class=\"container-BwY979\">\n<div class=\"item-mSprm1\">\n<div class=\"container-rBgb6B chrome70-container leftVisible-RT0C1Y undefined\">\n<div class=\"inner-LOKNYu inner-item-AQrr_W\" data-target-id=\"message-box-target-id\" data-testid=\"union_message\">\n<div class=\"message-block-container-CKPFh2\" data-testid=\"message-block-container\">\n<div class=\"message-box-y4MH8s\" data-testid=\"receive_message\">\n<div class=\"message-box-content-wrapper-fgNGpz\">\n<div class=\"message-content message-box-content-xoCEoU receive-message-box-content-bNaFpa samantha-message-box-content-gWlptz\" data-testid=\"message_content\">\n<div class=\"container-ZYIsnH flow-markdown-body theme-samantha-Nbr9UN\" dir=\"ltr\" data-testid=\"message_text_content\" data-show-indicator=\"false\">\n<div class=\"auto-hide-last-sibling-br paragraph-JOTKXA paragraph-element br-paragraph-space\">Nuestra cadena de oruga para excavadoras est\u00e1 dise\u00f1ada para cumplir las normas m\u00e1s exigentes. Presenta una excelente resistencia al desgaste, lo que le permite soportar una fricci\u00f3n continua y cargas pesadas durante el funcionamiento. Gracias a sus excelentes propiedades mec\u00e1nicas, garantiza un rendimiento y una durabilidad fiables. El largo ciclo de sustituci\u00f3n reduce significativamente el tiempo de inactividad y la frecuencia de mantenimiento. Adem\u00e1s, su bajo coste de mantenimiento la convierte en una opci\u00f3n rentable para los propietarios de excavadoras, ya que proporciona un apoyo fiable para diversas tareas de construcci\u00f3n y movimiento de tierras.<\/div>\n<\/div>\n<\/div>\n<\/div>\n<div class=\"answer-action-bar-wEWc6C bottom-action-bar-wrapper-qtqrci large-space-b582O0 answer-action-bar\" data-testid=\"message_action_bar\">\n<div class=\"container-seCXVJ container-TRt1mF bottom-action-bar-iUQiGg\">\n<div class=\"left-Qpwvoi\"><\/div>\n<\/div>\n<\/div>\n<\/div>\n<\/div>\n<\/div>\n<\/div>\n<\/div>\n<\/div>\n<\/div>\n<div class=\"top-JSf3Yc\">\n<div class=\"container-rBgb6B chrome70-container leftVisible-RT0C1Y undefined\"><\/div>\n<\/div>","protected":false},"excerpt":{"rendered":"<p>INTRODUCCI\u00d3N DEL PRODUCTO<\/p>\n<p><span style=\"font-size: 16px\">Nuestra cadena de oruga para excavadoras est\u00e1 dise\u00f1ada para cumplir las normas m\u00e1s exigentes. Presenta una excelente resistencia al desgaste, lo que le permite soportar una fricci\u00f3n continua y cargas pesadas durante el funcionamiento. Gracias a sus excelentes propiedades mec\u00e1nicas, garantiza un rendimiento y una durabilidad fiables. El largo ciclo de sustituci\u00f3n reduce significativamente el tiempo de inactividad y la frecuencia de mantenimiento. Adem\u00e1s, su bajo coste de mantenimiento la convierte en una opci\u00f3n rentable para los propietarios de excavadoras, ya que proporciona un apoyo fiable para diversas tareas de construcci\u00f3n y movimiento de tierras.<\/span><\/p>\n<div class=\"inter-hOmJ9L\">\n<div class=\"container-BwY979\">\n<div class=\"item-mSprm1\">\n<div class=\"container-rBgb6B chrome70-container leftVisible-RT0C1Y undefined\">\n<div class=\"inner-LOKNYu inner-item-AQrr_W\" data-target-id=\"message-box-target-id\" data-testid=\"union_message\">\n<div class=\"message-block-container-CKPFh2\" data-testid=\"message-block-container\">\n<div class=\"message-box-y4MH8s\" data-testid=\"receive_message\">\n<div class=\"answer-action-bar-wEWc6C bottom-action-bar-wrapper-qtqrci large-space-b582O0 answer-action-bar\" data-testid=\"message_action_bar\">\n<div class=\"container-seCXVJ container-TRt1mF bottom-action-bar-iUQiGg\">\n<div class=\"left-Qpwvoi\"><\/div>\n<\/div>\n<\/div>\n<\/div>\n<\/div>\n<\/div>\n<\/div>\n<\/div>\n<\/div>\n<\/div>\n<div class=\"top-JSf3Yc\">\n<div class=\"container-rBgb6B chrome70-container leftVisible-RT0C1Y undefined\"><\/div>\n<\/div>","protected":false},"featured_media":1721,"template":"","meta":{"_acf_changed":false,"site-sidebar-layout":"default","site-content-layout":"","ast-site-content-layout":"default","site-content-style":"default","site-sidebar-style":"default","ast-global-header-display":"","ast-banner-title-visibility":"","ast-main-header-display":"","ast-hfb-above-header-display":"","ast-hfb-below-header-display":"","ast-hfb-mobile-header-display":"","site-post-title":"","ast-breadcrumbs-content":"","ast-featured-img":"","footer-sml-layout":"","theme-transparent-header-meta":"default","adv-header-id-meta":"","stick-header-meta":"default","header-above-stick-meta":"","header-main-stick-meta":"","header-below-stick-meta":"","astra-migrate-meta-layouts":"set","ast-page-background-enabled":"default","ast-page-background-meta":{"desktop":{"background-color":"var(--ast-global-color-4)","background-image":"","background-repeat":"repeat","background-position":"center center","background-size":"auto","background-attachment":"scroll","background-type":"","background-media":"","overlay-type":"","overlay-color":"","overlay-opacity":"","overlay-gradient":""},"tablet":{"background-color":"","background-image":"","background-repeat":"repeat","background-position":"center center","background-size":"auto","background-attachment":"scroll","background-type":"","background-media":"","overlay-type":"","overlay-color":"","overlay-opacity":"","overlay-gradient":""},"mobile":{"background-color":"","background-image":"","background-repeat":"repeat","background-position":"center center","background-size":"auto","background-attachment":"scroll","background-type":"","background-media":"","overlay-type":"","overlay-color":"","overlay-opacity":"","overlay-gradient":""}},"ast-content-background-meta":{"desktop":{"background-color":"var(--ast-global-color-5)","background-image":"","background-repeat":"repeat","background-position":"center center","background-size":"auto","background-attachment":"scroll","background-type":"","background-media":"","overlay-type":"","overlay-color":"","overlay-opacity":"","overlay-gradient":""},"tablet":{"background-color":"var(--ast-global-color-5)","background-image":"","background-repeat":"repeat","background-position":"center center","background-size":"auto","background-attachment":"scroll","background-type":"","background-media":"","overlay-type":"","overlay-color":"","overlay-opacity":"","overlay-gradient":""},"mobile":{"background-color":"var(--ast-global-color-5)","background-image":"","background-repeat":"repeat","background-position":"center center","background-size":"auto","background-attachment":"scroll","background-type":"","background-media":"","overlay-type":"","overlay-color":"","overlay-opacity":"","overlay-gradient":""}}},"product_cat":[27],"product_tag":[],"class_list":{"0":"post-844","1":"product","2":"type-product","3":"status-publish","4":"has-post-thumbnail","6":"product_cat-multi-functional-attachment","7":"desktop-align-left","8":"tablet-align-left","9":"mobile-align-left","10":"ast-product-gallery-layout-horizontal-slider","11":"ast-product-gallery-with-no-image","12":"ast-magnify-disabled","13":"ast-product-tabs-layout-horizontal","15":"first","16":"instock","17":"shipping-taxable","18":"product-type-simple"},"acf":[],"_links":{"self":[{"href":"https:\/\/www.hcxmachinery.com\/es\/wp-json\/wp\/v2\/product\/844"}],"collection":[{"href":"https:\/\/www.hcxmachinery.com\/es\/wp-json\/wp\/v2\/product"}],"about":[{"href":"https:\/\/www.hcxmachinery.com\/es\/wp-json\/wp\/v2\/types\/product"}],"version-history":[{"count":7,"href":"https:\/\/www.hcxmachinery.com\/es\/wp-json\/wp\/v2\/product\/844\/revisions"}],"predecessor-version":[{"id":2160,"href":"https:\/\/www.hcxmachinery.com\/es\/wp-json\/wp\/v2\/product\/844\/revisions\/2160"}],"wp:featuredmedia":[{"embeddable":true,"href":"https:\/\/www.hcxmachinery.com\/es\/wp-json\/wp\/v2\/media\/1721"}],"wp:attachment":[{"href":"https:\/\/www.hcxmachinery.com\/es\/wp-json\/wp\/v2\/media?parent=844"}],"wp:term":[{"taxonomy":"product_cat","embeddable":true,"href":"https:\/\/www.hcxmachinery.com\/es\/wp-json\/wp\/v2\/product_cat?post=844"},{"taxonomy":"product_tag","embeddable":true,"href":"https:\/\/www.hcxmachinery.com\/es\/wp-json\/wp\/v2\/product_tag?post=844"}],"curies":[{"name":"wp","href":"https:\/\/api.w.org\/{rel}","templated":true}]}}