{"id":842,"date":"2024-09-16T14:08:47","date_gmt":"2024-09-16T14:08:47","guid":{"rendered":"https:\/\/hcxmachinery.com\/?post_type=product&#038;p=842"},"modified":"2024-12-16T07:41:01","modified_gmt":"2024-12-16T07:41:01","slug":"roldana-con-rodamiento","status":"publish","type":"product","link":"https:\/\/www.hcxmachinery.com\/es\/producto\/roldana-con-rodamiento\/","title":{"rendered":"Stock original XCMG rodillo de pista para la venta"},"content":{"rendered":"<h2><strong>CARACTER\u00cdSTICAS DEL PRODUCTO<\/strong><\/h2>\n<div class=\"inter-hOmJ9L\">\n<div class=\"container-BwY979\">\n<div class=\"item-mSprm1\">\n<div class=\"container-rBgb6B chrome70-container leftVisible-RT0C1Y undefined\">\n<div class=\"inner-LOKNYu inner-item-AQrr_W\" data-target-id=\"message-box-target-id\" data-testid=\"union_message\">\n<div class=\"message-block-container-CKPFh2\" data-testid=\"message-block-container\">\n<div class=\"message-box-y4MH8s\" data-testid=\"receive_message\">\n<div class=\"message-box-content-wrapper-fgNGpz\">\n<div class=\"message-content message-box-content-xoCEoU receive-message-box-content-bNaFpa samantha-message-box-content-gWlptz\" data-testid=\"message_content\">\n<div class=\"container-ZYIsnH flow-markdown-body theme-samantha-Nbr9UN\" dir=\"ltr\" data-testid=\"message_text_content\" data-show-indicator=\"false\">\n<div class=\"auto-hide-last-sibling-br paragraph-JOTKXA paragraph-element br-paragraph-space\">Nuestro rodillo de oruga est\u00e1 dise\u00f1ado con tecnolog\u00eda avanzada y materiales de alta calidad. Presenta una resistencia al desgaste extremadamente fuerte, lo que le permite soportar la fricci\u00f3n continua y el impacto durante el funcionamiento. El tratamiento de sellado \u00fanico se aplica para mantener fuera el polvo, la suciedad y la humedad, asegurando que sus componentes internos funcionen de manera \u00f3ptima. Este rodillo portador est\u00e1 dise\u00f1ado para soportar cargas de sobrepeso con facilidad, proporcionando un soporte estable para el sistema de orugas de la excavadora. Gracias a su extraordinaria durabilidad y rendimiento fiable, ofrece una vida \u00fatil significativamente larga, reduciendo la necesidad de sustituciones y mantenimiento frecuentes y, en \u00faltima instancia, mejorando la productividad general y la rentabilidad de la excavadora.<\/div>\n<\/div>\n<\/div>\n<\/div>\n<\/div>\n<\/div>\n<\/div>\n<\/div>\n<\/div>\n<\/div>\n<\/div>","protected":false},"excerpt":{"rendered":"<p>INTRODUCCI\u00d3N DEL PRODUCTO<\/p>\n<p>Nuestro rodillo de oruga est\u00e1 dise\u00f1ado con tecnolog\u00eda avanzada y materiales de alta calidad. Presenta una resistencia al desgaste extremadamente fuerte, lo que le permite soportar la fricci\u00f3n continua y el impacto durante el funcionamiento. El tratamiento de sellado \u00fanico se aplica para mantener fuera el polvo, la suciedad y la humedad, asegurando que sus componentes internos funcionen de manera \u00f3ptima. Este rodillo portador est\u00e1 dise\u00f1ado para soportar cargas de sobrepeso con facilidad, proporcionando un soporte estable para el sistema de orugas de la excavadora. Gracias a su extraordinaria durabilidad y rendimiento fiable, ofrece una vida \u00fatil significativamente larga, reduciendo la necesidad de sustituciones y mantenimiento frecuentes y, en \u00faltima instancia, mejorando la productividad general y la rentabilidad de la excavadora.<\/p>","protected":false},"featured_media":1725,"template":"","meta":{"_acf_changed":false,"site-sidebar-layout":"default","site-content-layout":"","ast-site-content-layout":"default","site-content-style":"default","site-sidebar-style":"default","ast-global-header-display":"","ast-banner-title-visibility":"","ast-main-header-display":"","ast-hfb-above-header-display":"","ast-hfb-below-header-display":"","ast-hfb-mobile-header-display":"","site-post-title":"","ast-breadcrumbs-content":"","ast-featured-img":"","footer-sml-layout":"","theme-transparent-header-meta":"default","adv-header-id-meta":"","stick-header-meta":"default","header-above-stick-meta":"","header-main-stick-meta":"","header-below-stick-meta":"","astra-migrate-meta-layouts":"set","ast-page-background-enabled":"default","ast-page-background-meta":{"desktop":{"background-color":"var(--ast-global-color-4)","background-image":"","background-repeat":"repeat","background-position":"center center","background-size":"auto","background-attachment":"scroll","background-type":"","background-media":"","overlay-type":"","overlay-color":"","overlay-opacity":"","overlay-gradient":""},"tablet":{"background-color":"","background-image":"","background-repeat":"repeat","background-position":"center center","background-size":"auto","background-attachment":"scroll","background-type":"","background-media":"","overlay-type":"","overlay-color":"","overlay-opacity":"","overlay-gradient":""},"mobile":{"background-color":"","background-image":"","background-repeat":"repeat","background-position":"center center","background-size":"auto","background-attachment":"scroll","background-type":"","background-media":"","overlay-type":"","overlay-color":"","overlay-opacity":"","overlay-gradient":""}},"ast-content-background-meta":{"desktop":{"background-color":"var(--ast-global-color-5)","background-image":"","background-repeat":"repeat","background-position":"center center","background-size":"auto","background-attachment":"scroll","background-type":"","background-media":"","overlay-type":"","overlay-color":"","overlay-opacity":"","overlay-gradient":""},"tablet":{"background-color":"var(--ast-global-color-5)","background-image":"","background-repeat":"repeat","background-position":"center center","background-size":"auto","background-attachment":"scroll","background-type":"","background-media":"","overlay-type":"","overlay-color":"","overlay-opacity":"","overlay-gradient":""},"mobile":{"background-color":"var(--ast-global-color-5)","background-image":"","background-repeat":"repeat","background-position":"center center","background-size":"auto","background-attachment":"scroll","background-type":"","background-media":"","overlay-type":"","overlay-color":"","overlay-opacity":"","overlay-gradient":""}}},"product_cat":[27],"product_tag":[],"class_list":{"0":"post-842","1":"product","2":"type-product","3":"status-publish","4":"has-post-thumbnail","6":"product_cat-multi-functional-attachment","7":"desktop-align-left","8":"tablet-align-left","9":"mobile-align-left","10":"ast-product-gallery-layout-horizontal-slider","11":"ast-product-gallery-with-no-image","12":"ast-magnify-disabled","13":"ast-product-tabs-layout-horizontal","15":"first","16":"instock","17":"shipping-taxable","18":"product-type-simple"},"acf":[],"_links":{"self":[{"href":"https:\/\/www.hcxmachinery.com\/es\/wp-json\/wp\/v2\/product\/842"}],"collection":[{"href":"https:\/\/www.hcxmachinery.com\/es\/wp-json\/wp\/v2\/product"}],"about":[{"href":"https:\/\/www.hcxmachinery.com\/es\/wp-json\/wp\/v2\/types\/product"}],"version-history":[{"count":8,"href":"https:\/\/www.hcxmachinery.com\/es\/wp-json\/wp\/v2\/product\/842\/revisions"}],"predecessor-version":[{"id":1726,"href":"https:\/\/www.hcxmachinery.com\/es\/wp-json\/wp\/v2\/product\/842\/revisions\/1726"}],"wp:featuredmedia":[{"embeddable":true,"href":"https:\/\/www.hcxmachinery.com\/es\/wp-json\/wp\/v2\/media\/1725"}],"wp:attachment":[{"href":"https:\/\/www.hcxmachinery.com\/es\/wp-json\/wp\/v2\/media?parent=842"}],"wp:term":[{"taxonomy":"product_cat","embeddable":true,"href":"https:\/\/www.hcxmachinery.com\/es\/wp-json\/wp\/v2\/product_cat?post=842"},{"taxonomy":"product_tag","embeddable":true,"href":"https:\/\/www.hcxmachinery.com\/es\/wp-json\/wp\/v2\/product_tag?post=842"}],"curies":[{"name":"wp","href":"https:\/\/api.w.org\/{rel}","templated":true}]}}