{"id":830,"date":"2024-09-16T13:55:35","date_gmt":"2024-09-16T13:55:35","guid":{"rendered":"https:\/\/hcxmachinery.com\/?post_type=product&#038;p=830"},"modified":"2024-12-20T07:00:21","modified_gmt":"2024-12-20T07:00:21","slug":"acoplador-rapido","status":"publish","type":"product","link":"https:\/\/www.hcxmachinery.com\/es\/producto\/acoplador-rapido\/","title":{"rendered":"Acoplador r\u00e1pido hidr\u00e1ulico XCMG-K200 de buena calidad"},"content":{"rendered":"<h2><strong>CARACTER\u00cdSTICAS DEL PRODUCTO<\/strong><\/h2>\n<p>Este producto tiene las ventajas de una amplia gama de aplicaciones, seguridad y fiabilidad, mejora de la eficacia del trabajo y durabilidad.<\/p>\n<h2>PAR\u00c1METROS<\/h2>\n<div class=\"123\">\n<table width=\"873\">\n<tbody>\n<tr>\n<td width=\"99\">N\u00famero de serie<\/td>\n<td width=\"295\">Modelo de producto<\/td>\n<td width=\"158\">\u00a0Tonelaje aplicable(T)<\/td>\n<td width=\"72\">Longitud<\/td>\n<td width=\"72\">\u00a0Anchura<\/td>\n<td width=\"72\">Altura<\/td>\n<td width=\"105\">\u00a0Peso (KG)<\/td>\n<\/tr>\n<tr>\n<td>1<\/td>\n<td>\u00a0Enganche r\u00e1pido mec\u00e1nico XCMG-K30<\/td>\n<td>4-6T<\/td>\n<td>60<\/td>\n<td>35<\/td>\n<td>35<\/td>\n<td>70KG<\/td>\n<\/tr>\n<tr>\n<td>2<\/td>\n<td>Enganche r\u00e1pido mec\u00e1nico XCMG-K40<\/td>\n<td>7-8T<\/td>\n<td>60<\/td>\n<td>35<\/td>\n<td>35<\/td>\n<td>80KG<\/td>\n<\/tr>\n<tr>\n<td>3<\/td>\n<td>Enganche r\u00e1pido mec\u00e1nico XCMG-K150<\/td>\n<td>13-15T<\/td>\n<td>85<\/td>\n<td>40<\/td>\n<td>45<\/td>\n<td>200KG<\/td>\n<\/tr>\n<tr>\n<td>4<\/td>\n<td>Enganche r\u00e1pido hidr\u00e1ulico XCMG-K200<\/td>\n<td>20-23T<\/td>\n<td>105<\/td>\n<td>50<\/td>\n<td>60<\/td>\n<td>400KG<\/td>\n<\/tr>\n<\/tbody>\n<\/table>\n<\/div>\n<p>&nbsp;<\/p>","protected":false},"excerpt":{"rendered":"<p><strong>INTRODUCCI\u00d3N DEL PRODUCTO<\/strong><br \/>\nEl producto est\u00e1 fabricado con acero al manganeso de alta resistencia y dise\u00f1o mec\u00e1nico integrado. Es duradero y adecuado para los requisitos de montaje de excavadoras de varios tonelajes. En comparaci\u00f3n con la forma tradicional de sustituci\u00f3n de accesorios, se puede completar con una sola operaci\u00f3n, lo que reduce en gran medida el tiempo de sustituci\u00f3n de accesorios y mejora la eficiencia del trabajo. Reduce la dependencia de la sustituci\u00f3n tradicional de los accesorios de los seres humanos y mejora en gran medida el rendimiento de seguridad.<\/p>\n<p>&nbsp;<\/p>","protected":false},"featured_media":1949,"template":"","meta":{"_acf_changed":false,"site-sidebar-layout":"default","site-content-layout":"","ast-site-content-layout":"default","site-content-style":"default","site-sidebar-style":"default","ast-global-header-display":"","ast-banner-title-visibility":"","ast-main-header-display":"","ast-hfb-above-header-display":"","ast-hfb-below-header-display":"","ast-hfb-mobile-header-display":"","site-post-title":"","ast-breadcrumbs-content":"","ast-featured-img":"","footer-sml-layout":"","theme-transparent-header-meta":"default","adv-header-id-meta":"","stick-header-meta":"default","header-above-stick-meta":"","header-main-stick-meta":"","header-below-stick-meta":"","astra-migrate-meta-layouts":"set","ast-page-background-enabled":"default","ast-page-background-meta":{"desktop":{"background-color":"var(--ast-global-color-4)","background-image":"","background-repeat":"repeat","background-position":"center center","background-size":"auto","background-attachment":"scroll","background-type":"","background-media":"","overlay-type":"","overlay-color":"","overlay-opacity":"","overlay-gradient":""},"tablet":{"background-color":"","background-image":"","background-repeat":"repeat","background-position":"center center","background-size":"auto","background-attachment":"scroll","background-type":"","background-media":"","overlay-type":"","overlay-color":"","overlay-opacity":"","overlay-gradient":""},"mobile":{"background-color":"","background-image":"","background-repeat":"repeat","background-position":"center center","background-size":"auto","background-attachment":"scroll","background-type":"","background-media":"","overlay-type":"","overlay-color":"","overlay-opacity":"","overlay-gradient":""}},"ast-content-background-meta":{"desktop":{"background-color":"var(--ast-global-color-5)","background-image":"","background-repeat":"repeat","background-position":"center center","background-size":"auto","background-attachment":"scroll","background-type":"","background-media":"","overlay-type":"","overlay-color":"","overlay-opacity":"","overlay-gradient":""},"tablet":{"background-color":"var(--ast-global-color-5)","background-image":"","background-repeat":"repeat","background-position":"center center","background-size":"auto","background-attachment":"scroll","background-type":"","background-media":"","overlay-type":"","overlay-color":"","overlay-opacity":"","overlay-gradient":""},"mobile":{"background-color":"var(--ast-global-color-5)","background-image":"","background-repeat":"repeat","background-position":"center center","background-size":"auto","background-attachment":"scroll","background-type":"","background-media":"","overlay-type":"","overlay-color":"","overlay-opacity":"","overlay-gradient":""}}},"product_cat":[27],"product_tag":[],"class_list":{"0":"post-830","1":"product","2":"type-product","3":"status-publish","4":"has-post-thumbnail","6":"product_cat-multi-functional-attachment","7":"desktop-align-left","8":"tablet-align-left","9":"mobile-align-left","10":"ast-product-gallery-layout-horizontal-slider","11":"ast-magnify-disabled","12":"ast-product-tabs-layout-horizontal","14":"first","15":"instock","16":"shipping-taxable","17":"product-type-simple"},"acf":[],"_links":{"self":[{"href":"https:\/\/www.hcxmachinery.com\/es\/wp-json\/wp\/v2\/product\/830"}],"collection":[{"href":"https:\/\/www.hcxmachinery.com\/es\/wp-json\/wp\/v2\/product"}],"about":[{"href":"https:\/\/www.hcxmachinery.com\/es\/wp-json\/wp\/v2\/types\/product"}],"version-history":[{"count":6,"href":"https:\/\/www.hcxmachinery.com\/es\/wp-json\/wp\/v2\/product\/830\/revisions"}],"predecessor-version":[{"id":2316,"href":"https:\/\/www.hcxmachinery.com\/es\/wp-json\/wp\/v2\/product\/830\/revisions\/2316"}],"wp:featuredmedia":[{"embeddable":true,"href":"https:\/\/www.hcxmachinery.com\/es\/wp-json\/wp\/v2\/media\/1949"}],"wp:attachment":[{"href":"https:\/\/www.hcxmachinery.com\/es\/wp-json\/wp\/v2\/media?parent=830"}],"wp:term":[{"taxonomy":"product_cat","embeddable":true,"href":"https:\/\/www.hcxmachinery.com\/es\/wp-json\/wp\/v2\/product_cat?post=830"},{"taxonomy":"product_tag","embeddable":true,"href":"https:\/\/www.hcxmachinery.com\/es\/wp-json\/wp\/v2\/product_tag?post=830"}],"curies":[{"name":"wp","href":"https:\/\/api.w.org\/{rel}","templated":true}]}}