{"id":825,"date":"2024-09-16T13:46:54","date_gmt":"2024-09-16T13:46:54","guid":{"rendered":"https:\/\/hcxmachinery.com\/?post_type=product&#038;p=825"},"modified":"2024-12-20T07:01:30","modified_gmt":"2024-12-20T07:01:30","slug":"disyuntor","status":"publish","type":"product","link":"https:\/\/www.hcxmachinery.com\/es\/producto\/disyuntor\/","title":{"rendered":"Buen Precio XEB140 Martillos Hidr\u00e1ulicos Originales XCMG"},"content":{"rendered":"<h2><strong>CARACTER\u00cdSTICAS DEL PRODUCTO<\/strong><\/h2>\n<p>1. La longitud total es reducida, por lo que es conveniente para recoger objetos en reversa, perfectamente emparejado con excavadoras, que tiene una alta eficiencia de trabajo y larga vida \u00fatil.<br \/>\n2. El concepto de dise\u00f1o de tasa de fallo cero garantiza un rendimiento estable, una gran fuerza de golpeo y una alta frecuencia de golpeo.<br \/>\n3. El dise\u00f1o mejorado de la carcasa tiene una estructura compacta y simple y una fuerte capacidad antidestrucci\u00f3n, adecuada para diversas condiciones de trabajo duras.<br \/>\n4. Las barras de perforaci\u00f3n de acero de aleaci\u00f3n especial de alta calidad tienen una gran durabilidad y fiabilidad.<\/p>\n<h2><strong>PAR\u00c1METROS<\/strong><\/h2>\n<p>&nbsp;<\/p>\n<div class=\"123\">\n<table style=\"border-collapse: collapse;width: 714.02pt\" border=\"0\" width=\"952\" cellspacing=\"0\" cellpadding=\"0\">\n<colgroup>\n<col style=\"width: 315.00pt\" width=\"420\" \/>\n<col style=\"width: 99.75pt\" span=\"4\" width=\"133\" \/> <\/colgroup>\n<tbody>\n<tr style=\"height: 13.50pt\">\n<td style=\"height: 13.50pt;width: 315.00pt\" width=\"420\" height=\"18\">Especificaci\u00f3n Nombre<\/td>\n<td style=\"width: 99.75pt\" width=\"133\">Unidad<\/td>\n<td style=\"width: 99.75pt\" width=\"133\">XEB68N<\/td>\n<td style=\"width: 99.75pt\" width=\"133\">XEB140<\/td>\n<td style=\"width: 99.75pt\" width=\"133\">XEB200<\/td>\n<\/tr>\n<tr style=\"height: 27.00pt\">\n<td style=\"height: 27.00pt\" height=\"36\">Peso de la m\u00e1quina principal<\/td>\n<td style=\"width: 99.75pt\" width=\"133\">kg<br \/>\nlbs<\/td>\n<td style=\"width: 99.75pt\" width=\"133\">156<br \/>\n343<\/td>\n<td style=\"width: 99.75pt\" width=\"133\">956<br \/>\n2103<\/td>\n<td>5900<\/td>\n<\/tr>\n<tr style=\"height: 13.50pt\">\n<td style=\"height: 13.50pt\" height=\"18\">Peso total (triangular\/recto\/tipo tranquilo)<\/td>\n<td style=\"width: 99.75pt\" width=\"133\">kg<\/td>\n<td>263\/343\/361<\/td>\n<td>1809\/2094\/2046<\/td>\n<td>\/<\/td>\n<\/tr>\n<tr style=\"height: 13.50pt\">\n<td style=\"height: 13.50pt\" height=\"18\">Longitud (triangular\/recta\/tipo silenciosa)<\/td>\n<td>mm<\/td>\n<td>1373\/1684\/1660<\/td>\n<td>2480\/2866\/2793<\/td>\n<td>4036<\/td>\n<\/tr>\n<tr style=\"height: 13.50pt\">\n<td style=\"height: 13.50pt\" height=\"18\">Anchura (triangular\/recta\/tipo silenciosa)<\/td>\n<td>mm<\/td>\n<td>385\/385\/385<\/td>\n<td>575\/575\/575<\/td>\n<td>\/<\/td>\n<\/tr>\n<tr style=\"height: 13.50pt\">\n<td style=\"height: 13.50pt\" height=\"18\">Altura (triangular\/recta\/tipo silencioso)<\/td>\n<td>mm<\/td>\n<td>696\/486\/486<\/td>\n<td>1335\/710\/710<\/td>\n<td>\/<\/td>\n<\/tr>\n<tr style=\"height: 40.50pt\">\n<td style=\"height: 40.50pt\" height=\"54\">Presi\u00f3n del aceite hidr\u00e1ulico<\/td>\n<td style=\"width: 99.75pt\" width=\"133\">kg\/cm\u00b2.<br \/>\npsi<br \/>\nbar<\/td>\n<td style=\"width: 99.75pt\" width=\"133\">110 &#8211; 140<br \/>\n1562-1988<br \/>\n108-137<\/td>\n<td style=\"width: 99.75pt\" width=\"133\">160-180<br \/>\n2272-2556<br \/>\n157-177<\/td>\n<td>250-300<\/td>\n<\/tr>\n<tr style=\"height: 27.00pt\">\n<td style=\"height: 27.00pt\" height=\"36\">Caudal de aceite hidr\u00e1ulico<\/td>\n<td style=\"width: 99.75pt\" width=\"133\">l\/min<br \/>\ngal\u00f3n\/min<\/td>\n<td style=\"width: 99.75pt\" width=\"133\">40 &#8211; 70<br \/>\n10.5 &#8211; 18.5<\/td>\n<td style=\"width: 99.75pt\" width=\"133\">120-180<br \/>\n31.7-47.6<\/td>\n<td>270-310<\/td>\n<\/tr>\n<tr style=\"height: 13.50pt\">\n<td style=\"height: 13.50pt\" height=\"18\">Impacto Frecuencia<\/td>\n<td>bpm<\/td>\n<td>500 &#8211; 900<\/td>\n<td>350-500<\/td>\n<td>100-150<\/td>\n<\/tr>\n<tr style=\"height: 27.00pt\">\n<td style=\"height: 27.00pt\" height=\"36\">Di\u00e1metro de la manguera de goma<\/td>\n<td style=\"width: 99.75pt\" width=\"133\">mm<br \/>\npulgada<\/td>\n<td style=\"width: 99.75pt\" width=\"133\">12.7<br \/>\n1\/2<\/td>\n<td style=\"width: 99.75pt\" width=\"133\">25.4<br \/>\n1<\/td>\n<td>\/<\/td>\n<\/tr>\n<tr style=\"height: 27.00pt\">\n<td style=\"height: 27.00pt\" height=\"36\">Di\u00e1metro de la barra de perforaci\u00f3n<\/td>\n<td style=\"width: 99.75pt\" width=\"133\">mm<br \/>\npulgada<\/td>\n<td style=\"width: 99.75pt\" width=\"133\">68<br \/>\n2.68<\/td>\n<td style=\"width: 99.75pt\" width=\"133\">140<br \/>\n5.51<\/td>\n<td>200<\/td>\n<\/tr>\n<tr style=\"height: 13.50pt\">\n<td style=\"height: 13.50pt\" height=\"18\">Peso de la barra de perforaci\u00f3n<\/td>\n<td>kg<\/td>\n<td>18<\/td>\n<td>135<\/td>\n<td>\/<\/td>\n<\/tr>\n<tr style=\"height: 13.50pt\">\n<td style=\"height: 13.50pt\" height=\"18\">Capacidad del cubo<\/td>\n<td>m\u00b3<\/td>\n<td>0.15 &#8211; 0.3<\/td>\n<td>0.7-0.9<\/td>\n<td>\/<\/td>\n<\/tr>\n<tr style=\"height: 13.50pt\">\n<td style=\"height: 13.50pt\" height=\"18\">Capacidad de peso del veh\u00edculo<\/td>\n<td>ton<\/td>\n<td>4-7<\/td>\n<td>18-26<\/td>\n<td>50-60<\/td>\n<\/tr>\n<tr style=\"height: 13.50pt\">\n<td style=\"height: 13.50pt\" height=\"18\">Tipo de v\u00e1lvula principal<\/td>\n<td>\/<\/td>\n<td>Incorporado<\/td>\n<td>Incorporado<\/td>\n<td>\/<\/td>\n<\/tr>\n<tr style=\"height: 13.50pt\">\n<td style=\"height: 13.50pt\" height=\"18\">Acumulador<\/td>\n<td>\/<\/td>\n<td>Ninguno<\/td>\n<td>S\u00ed<\/td>\n<td>\/<\/td>\n<\/tr>\n<\/tbody>\n<\/table>\n<\/div>","protected":false},"excerpt":{"rendered":"<p><strong>\u00a0INTRODUCCI\u00d3N DEL PRODUCTO<\/strong><\/p>\n<p>Los martillos hidr\u00e1ulicos originales de XCMG, basados en el sistema hidr\u00e1ulico dise\u00f1ado profesionalmente, logran una combinaci\u00f3n perfecta entre las excavadoras y los martillos hidr\u00e1ulicos. Los martillos hidr\u00e1ulicos originales de XCMG se basan en el sistema hidr\u00e1ulico dise\u00f1ado profesionalmente y logran una combinaci\u00f3n perfecta entre las excavadoras y los martillos hidr\u00e1ulicos.<\/p>","protected":false},"featured_media":1950,"template":"","meta":{"_acf_changed":false,"site-sidebar-layout":"default","site-content-layout":"","ast-site-content-layout":"default","site-content-style":"default","site-sidebar-style":"default","ast-global-header-display":"","ast-banner-title-visibility":"","ast-main-header-display":"","ast-hfb-above-header-display":"","ast-hfb-below-header-display":"","ast-hfb-mobile-header-display":"","site-post-title":"","ast-breadcrumbs-content":"","ast-featured-img":"","footer-sml-layout":"","theme-transparent-header-meta":"default","adv-header-id-meta":"","stick-header-meta":"default","header-above-stick-meta":"","header-main-stick-meta":"","header-below-stick-meta":"","astra-migrate-meta-layouts":"set","ast-page-background-enabled":"default","ast-page-background-meta":{"desktop":{"background-color":"var(--ast-global-color-4)","background-image":"","background-repeat":"repeat","background-position":"center center","background-size":"auto","background-attachment":"scroll","background-type":"","background-media":"","overlay-type":"","overlay-color":"","overlay-opacity":"","overlay-gradient":""},"tablet":{"background-color":"","background-image":"","background-repeat":"repeat","background-position":"center center","background-size":"auto","background-attachment":"scroll","background-type":"","background-media":"","overlay-type":"","overlay-color":"","overlay-opacity":"","overlay-gradient":""},"mobile":{"background-color":"","background-image":"","background-repeat":"repeat","background-position":"center center","background-size":"auto","background-attachment":"scroll","background-type":"","background-media":"","overlay-type":"","overlay-color":"","overlay-opacity":"","overlay-gradient":""}},"ast-content-background-meta":{"desktop":{"background-color":"var(--ast-global-color-5)","background-image":"","background-repeat":"repeat","background-position":"center center","background-size":"auto","background-attachment":"scroll","background-type":"","background-media":"","overlay-type":"","overlay-color":"","overlay-opacity":"","overlay-gradient":""},"tablet":{"background-color":"var(--ast-global-color-5)","background-image":"","background-repeat":"repeat","background-position":"center center","background-size":"auto","background-attachment":"scroll","background-type":"","background-media":"","overlay-type":"","overlay-color":"","overlay-opacity":"","overlay-gradient":""},"mobile":{"background-color":"var(--ast-global-color-5)","background-image":"","background-repeat":"repeat","background-position":"center center","background-size":"auto","background-attachment":"scroll","background-type":"","background-media":"","overlay-type":"","overlay-color":"","overlay-opacity":"","overlay-gradient":""}}},"product_cat":[27],"product_tag":[],"class_list":{"0":"post-825","1":"product","2":"type-product","3":"status-publish","4":"has-post-thumbnail","6":"product_cat-multi-functional-attachment","7":"desktop-align-left","8":"tablet-align-left","9":"mobile-align-left","10":"ast-product-gallery-layout-horizontal-slider","11":"ast-magnify-disabled","12":"ast-product-tabs-layout-horizontal","14":"first","15":"instock","16":"shipping-taxable","17":"product-type-simple"},"acf":[],"_links":{"self":[{"href":"https:\/\/www.hcxmachinery.com\/es\/wp-json\/wp\/v2\/product\/825"}],"collection":[{"href":"https:\/\/www.hcxmachinery.com\/es\/wp-json\/wp\/v2\/product"}],"about":[{"href":"https:\/\/www.hcxmachinery.com\/es\/wp-json\/wp\/v2\/types\/product"}],"version-history":[{"count":30,"href":"https:\/\/www.hcxmachinery.com\/es\/wp-json\/wp\/v2\/product\/825\/revisions"}],"predecessor-version":[{"id":2317,"href":"https:\/\/www.hcxmachinery.com\/es\/wp-json\/wp\/v2\/product\/825\/revisions\/2317"}],"wp:featuredmedia":[{"embeddable":true,"href":"https:\/\/www.hcxmachinery.com\/es\/wp-json\/wp\/v2\/media\/1950"}],"wp:attachment":[{"href":"https:\/\/www.hcxmachinery.com\/es\/wp-json\/wp\/v2\/media?parent=825"}],"wp:term":[{"taxonomy":"product_cat","embeddable":true,"href":"https:\/\/www.hcxmachinery.com\/es\/wp-json\/wp\/v2\/product_cat?post=825"},{"taxonomy":"product_tag","embeddable":true,"href":"https:\/\/www.hcxmachinery.com\/es\/wp-json\/wp\/v2\/product_tag?post=825"}],"curies":[{"name":"wp","href":"https:\/\/api.w.org\/{rel}","templated":true}]}}