{"id":792,"date":"2022-08-06T20:12:44","date_gmt":"2022-08-06T20:12:44","guid":{"rendered":"https:\/\/hcxmachinery.com\/?post_type=product&#038;p=792"},"modified":"2025-12-13T03:45:55","modified_gmt":"2025-12-13T03:45:55","slug":"xe490dk","status":"publish","type":"product","link":"https:\/\/www.hcxmachinery.com\/es\/producto\/xe490dk\/","title":{"rendered":"XE490DK Excavadora usada Maquinaria de construcci\u00f3n duradera en venta"},"content":{"rendered":"<h2><strong>XE490DK<\/strong><\/h2>\n<p>La excavadora hidr\u00e1ulica XE490DK es el modelo l\u00edder de excavadoras grandes lanzado por el departamento de excavadoras de XCMG. El producto integra la valiosa experiencia adquirida por XCMG en a\u00f1os de investigaci\u00f3n y desarrollo de productos de excavadoras, y adopta m\u00e9todos avanzados de dise\u00f1o y fabricaci\u00f3n. Mientras tanto, el producto se adhiere al concepto de dise\u00f1o de \"alta eficiencia, alta seguridad, baja emisi\u00f3n de carbono y protecci\u00f3n del medio ambiente\", y tiene una perfecta capacidad de operaci\u00f3n minera. Se puede utilizar en operaciones mineras, construcci\u00f3n municipal, construcci\u00f3n de carreteras y puentes, excavaci\u00f3n y zanjas, construcci\u00f3n de conservaci\u00f3n de agua en tierras de cultivo, etc.<\/p>\n<h2 class=\"fe-bold mb-3\">PAR\u00c1METROS<\/h2>\n<p>&nbsp;<\/p>\n<table class=\"tg\">\n<thead>\n<tr>\n<th class=\"tg-i231\" colspan=\"2\">Modelo de ventas<\/th>\n<th class=\"tg-ukly\">Unidad<\/th>\n<th class=\"tg-oov0\"><span style=\"color: #343434\">Medici\u00f3n<\/span><\/th>\n<\/tr>\n<\/thead>\n<tbody>\n<tr>\n<td class=\"tg-wa1i\" colspan=\"2\">Peso operativo<\/td>\n<td class=\"tg-nrix\">Kg<\/td>\n<td class=\"tg-f4yw\">48100<\/td>\n<\/tr>\n<tr>\n<td class=\"tg-wa1i\" colspan=\"2\">Capacidad de la cuchara<\/td>\n<td class=\"tg-nrix\">m\u00b3<\/td>\n<td class=\"tg-7yig\">2.3-3.1<\/td>\n<\/tr>\n<tr>\n<td class=\"tg-wa1i\" rowspan=\"10\">Motor<\/td>\n<td class=\"tg-yla0\">Modelo<\/td>\n<td class=\"tg-nrix\">\/<\/td>\n<td class=\"tg-f4yw\">QSM11-375<\/td>\n<\/tr>\n<tr>\n<td class=\"tg-yla0\">Inyecci\u00f3n directa<\/td>\n<td class=\"tg-nrix\">\/<\/td>\n<td class=\"tg-f4yw\">\u221a<\/td>\n<\/tr>\n<tr>\n<td class=\"tg-yla0\">Cuatro golpes<\/td>\n<td class=\"tg-nrix\">\/<\/td>\n<td class=\"tg-f4yw\">\u221a<\/td>\n<\/tr>\n<tr>\n<td class=\"tg-yla0\">Refrigeraci\u00f3n por agua<\/td>\n<td class=\"tg-nrix\">\/<\/td>\n<td class=\"tg-f4yw\">\u221a<\/td>\n<\/tr>\n<tr>\n<td class=\"tg-yla0\">Turboalimentaci\u00f3n<\/td>\n<td class=\"tg-nrix\">\/<\/td>\n<td class=\"tg-f4yw\">\u221a<\/td>\n<\/tr>\n<tr>\n<td class=\"tg-yla0\">Refrigerado por aire<\/td>\n<td class=\"tg-nrix\">\/<\/td>\n<td class=\"tg-f4yw\">\u221a<\/td>\n<\/tr>\n<tr>\n<td class=\"tg-yla0\">N\u00ba de cilindros<\/td>\n<td class=\"tg-nrix\">\/<\/td>\n<td class=\"tg-f4yw\">6<\/td>\n<\/tr>\n<tr>\n<td class=\"tg-yla0\">Potencia de salida<\/td>\n<td class=\"tg-nrix\">kw\/rpm<\/td>\n<td class=\"tg-f4yw\">280\/2000<\/td>\n<\/tr>\n<tr>\n<td class=\"tg-yla0\">Par\/velocidad m\u00e1ximos<\/td>\n<td class=\"tg-nrix\">N.m\/rpm<\/td>\n<td class=\"tg-f4yw\">1898\/1300<\/td>\n<\/tr>\n<tr>\n<td class=\"tg-yla0\">Desplazamiento<\/td>\n<td class=\"tg-nrix\">L<\/td>\n<td class=\"tg-f4yw\">11<\/td>\n<\/tr>\n<tr>\n<td class=\"tg-wa1i\" rowspan=\"7\">Actuaci\u00f3n principal<\/td>\n<td class=\"tg-yla0\">Velocidad de desplazamiento<\/td>\n<td class=\"tg-nrix\">km\/h<\/td>\n<td class=\"tg-f4yw\">5.4\/3.2<\/td>\n<\/tr>\n<tr>\n<td class=\"tg-yla0\">Velocidad de oscilaci\u00f3n<\/td>\n<td class=\"tg-nrix\">r\/min<\/td>\n<td class=\"tg-f4yw\">9.2<\/td>\n<\/tr>\n<tr>\n<td class=\"tg-yla0\">Gradeabilidad<\/td>\n<td class=\"tg-nrix\">\u00b0<\/td>\n<td class=\"tg-f4yw\">35<\/td>\n<\/tr>\n<tr>\n<td class=\"tg-yla0\">Presi\u00f3n sobre el suelo<\/td>\n<td class=\"tg-nrix\">kPa<\/td>\n<td class=\"tg-f4yw\">85<\/td>\n<\/tr>\n<tr>\n<td class=\"tg-yla0\">Fuerza de excavaci\u00f3n de la cuchara<\/td>\n<td class=\"tg-nrix\">kN<\/td>\n<td class=\"tg-f4yw\">301<\/td>\n<\/tr>\n<tr>\n<td class=\"tg-yla0\">Fuerza de excavaci\u00f3n del brazo<\/td>\n<td class=\"tg-nrix\">kN<\/td>\n<td class=\"tg-f4yw\">248<\/td>\n<\/tr>\n<tr>\n<td class=\"tg-yla0\">Fuerza de tracci\u00f3n m\u00e1xima<\/td>\n<td class=\"tg-nrix\">kN<\/td>\n<td class=\"tg-f4yw\">338<\/td>\n<\/tr>\n<tr>\n<td class=\"tg-wa1i\" rowspan=\"6\">Sistema hidr\u00e1ulico<\/td>\n<td class=\"tg-yla0\">Caudal nominal de la bomba principal<\/td>\n<td class=\"tg-nrix\">\/<\/td>\n<td class=\"tg-nrix\">2\u00d7<br \/>\nBombas de \u00e9mbolo buzo<\/td>\n<\/tr>\n<tr>\n<td class=\"tg-yla0\">Caudal nominal de la bomba principal<\/td>\n<td class=\"tg-nrix\">L\/min<\/td>\n<td class=\"tg-f4yw\">2\u00d7360<\/td>\n<\/tr>\n<tr>\n<td class=\"tg-yla0\">Presi\u00f3n de la v\u00e1lvula de seguridad principal<\/td>\n<td class=\"tg-nrix\">MPa<\/td>\n<td class=\"tg-f4yw\">34.3\/37<\/td>\n<\/tr>\n<tr>\n<td class=\"tg-yla0\">Presi\u00f3n del sistema de desplazamiento<\/td>\n<td class=\"tg-nrix\">MPa<\/td>\n<td class=\"tg-f4yw\">34.3<\/td>\n<\/tr>\n<tr>\n<td class=\"tg-yla0\">Presi\u00f3n del sistema oscilante<\/td>\n<td class=\"tg-nrix\">MPa<\/td>\n<td class=\"tg-f4yw\">31<\/td>\n<\/tr>\n<tr>\n<td class=\"tg-yla0\">Presi\u00f3n del sistema piloto<\/td>\n<td class=\"tg-nrix\">MPa<\/td>\n<td class=\"tg-f4yw\">3.9<\/td>\n<\/tr>\n<tr>\n<td class=\"tg-wa1i\" rowspan=\"3\">Capacidad de aceite<\/td>\n<td class=\"tg-yla0\">Capacidad del dep\u00f3sito<\/td>\n<td class=\"tg-nrix\">L<\/td>\n<td class=\"tg-f4yw\">725<\/td>\n<\/tr>\n<tr>\n<td class=\"tg-yla0\">Capacidad del dep\u00f3sito hidr\u00e1ulico<\/td>\n<td class=\"tg-nrix\">L<\/td>\n<td class=\"tg-f4yw\">430<\/td>\n<\/tr>\n<tr>\n<td class=\"tg-yla0\">Capacidad de aceite del motor<\/td>\n<td class=\"tg-nrix\">L<\/td>\n<td class=\"tg-f4yw\">38<\/td>\n<\/tr>\n<tr>\n<td class=\"tg-wa1i\" rowspan=\"13\">Tama\u00f1o<\/td>\n<td class=\"tg-yla0\">A Longitud total<\/td>\n<td class=\"tg-nrix\">mm<\/td>\n<td class=\"tg-f4yw\">11805<\/td>\n<\/tr>\n<tr>\n<td class=\"tg-yla0\">B Anchura total<\/td>\n<td class=\"tg-nrix\">mm<\/td>\n<td class=\"tg-f4yw\">3582<\/td>\n<\/tr>\n<tr>\n<td class=\"tg-yla0\">C Altura total<\/td>\n<td class=\"tg-nrix\">mm<\/td>\n<td class=\"tg-f4yw\">3890<\/td>\n<\/tr>\n<tr>\n<td class=\"tg-yla0\">D Anchura de la plataforma<\/td>\n<td class=\"tg-nrix\">mm<\/td>\n<td class=\"tg-f4yw\">3095<\/td>\n<\/tr>\n<tr>\n<td class=\"tg-yla0\">E Longitud de v\u00eda<\/td>\n<td class=\"tg-nrix\">mm<\/td>\n<td class=\"tg-f4yw\">5353<\/td>\n<\/tr>\n<tr>\n<td class=\"tg-yla0\">F Anchura total del chasis<\/td>\n<td class=\"tg-nrix\">mm<\/td>\n<td class=\"tg-f4yw\">3582<\/td>\n<\/tr>\n<tr>\n<td class=\"tg-yla0\">G Ancho de v\u00eda<\/td>\n<td class=\"tg-nrix\">mm<\/td>\n<td class=\"tg-f4yw\">600<\/td>\n<\/tr>\n<tr>\n<td class=\"tg-yla0\">H Longitud hasta el centro de los rodillos<\/td>\n<td class=\"tg-nrix\">mm<\/td>\n<td class=\"tg-f4yw\">4292<\/td>\n<\/tr>\n<tr>\n<td class=\"tg-yla0\">I Ancho de v\u00eda<\/td>\n<td class=\"tg-nrix\">mm<\/td>\n<td class=\"tg-f4yw\">2750<\/td>\n<\/tr>\n<tr>\n<td class=\"tg-yla0\">J Distancia del contrapeso<\/td>\n<td class=\"tg-nrix\">mm<\/td>\n<td class=\"tg-f4yw\">1324<\/td>\n<\/tr>\n<tr>\n<td class=\"tg-yla0\">K Distancia m\u00ednima al suelo<\/td>\n<td class=\"tg-nrix\">mm<\/td>\n<td class=\"tg-f4yw\">519<\/td>\n<\/tr>\n<tr>\n<td class=\"tg-yla0\">L Radio m\u00edn. de giro de la cola<\/td>\n<td class=\"tg-nrix\">mm<\/td>\n<td class=\"tg-f4yw\">3800<\/td>\n<\/tr>\n<tr>\n<td class=\"tg-yla0\">M Altura de la v\u00eda<\/td>\n<td class=\"tg-nrix\">mm<\/td>\n<td class=\"tg-f4yw\">1198<\/td>\n<\/tr>\n<tr>\n<td class=\"tg-wa1i\" rowspan=\"7\">\u00c1mbito de trabajo<\/td>\n<td class=\"tg-yla0\">A Altura m\u00e1xima de excavaci\u00f3n<\/td>\n<td class=\"tg-nrix\">mm<\/td>\n<td class=\"tg-f4yw\">9855<\/td>\n<\/tr>\n<tr>\n<td class=\"tg-yla0\">B Altura m\u00e1x. de descarga<\/td>\n<td class=\"tg-nrix\">mm<\/td>\n<td class=\"tg-f4yw\">6890<\/td>\n<\/tr>\n<tr>\n<td class=\"tg-yla0\">C Profundidad m\u00e1xima de excavaci\u00f3n<\/td>\n<td class=\"tg-nrix\">mm<\/td>\n<td class=\"tg-f4yw\">7000<\/td>\n<\/tr>\n<tr>\n<td class=\"tg-yla0\">D Profundidad m\u00e1xima de corte para un fondo nivelado de 2240 mm (8 pies)<\/td>\n<td class=\"tg-nrix\">mm<\/td>\n<td class=\"tg-f4yw\">6900<\/td>\n<\/tr>\n<tr>\n<td class=\"tg-yla0\">E Profundidad m\u00e1xima de excavaci\u00f3n vertical de la pared<\/td>\n<td class=\"tg-nrix\">mm<\/td>\n<td class=\"tg-f4yw\">4500<\/td>\n<\/tr>\n<tr>\n<td class=\"tg-yla0\">Radio de excavaci\u00f3n m\u00e1x.<\/td>\n<td class=\"tg-nrix\">mm<\/td>\n<td class=\"tg-f4yw\">10855<\/td>\n<\/tr>\n<tr>\n<td class=\"tg-yla0\">Radio de giro m\u00edn.<\/td>\n<td class=\"tg-nrix\">mm<\/td>\n<td class=\"tg-f4yw\">4580<\/td>\n<\/tr>\n<tr>\n<td class=\"tg-wa1i\" rowspan=\"3\">Configuraci\u00f3n est\u00e1ndar<\/td>\n<td class=\"tg-yla0\">Longitud de la pluma<\/td>\n<td class=\"tg-nrix\">mm<\/td>\n<td class=\"tg-f4yw\">6670<\/td>\n<\/tr>\n<tr>\n<td class=\"tg-yla0\">Longitud del brazo<\/td>\n<td class=\"tg-nrix\">mm<\/td>\n<td class=\"tg-f4yw\">2900<\/td>\n<\/tr>\n<tr>\n<td class=\"tg-yla0\">Capacidad de la cuchara<\/td>\n<td class=\"tg-nrix\">m\u00b3<\/td>\n<td class=\"tg-f4yw\">2.5<\/td>\n<\/tr>\n<tr>\n<td class=\"tg-wa1i\" rowspan=\"3\">Configuraci\u00f3n opcional<\/td>\n<td class=\"tg-yla0\">Longitud de la pluma<\/td>\n<td class=\"tg-nrix\">m\u00b3<\/td>\n<td class=\"tg-f4yw\">7060<\/td>\n<\/tr>\n<tr>\n<td class=\"tg-yla0\">Longitud del brazo<\/td>\n<td class=\"tg-nrix\">m\u00b3<\/td>\n<td class=\"tg-f4yw\">2400\/3380<\/td>\n<\/tr>\n<tr>\n<td class=\"tg-yla0\">Capacidad de la cuchara<\/td>\n<td class=\"tg-nrix\">m\u00b3<\/td>\n<td class=\"tg-f4yw\">2.3 Cubo de roca<br \/>\n2.5 Cubo reforzado<br \/>\n3.1 Cubo reforzado<\/td>\n<\/tr>\n<\/tbody>\n<\/table>\n<p><img fetchpriority=\"high\" decoding=\"async\" class=\"alignnone size-medium wp-image-3380\" src=\"https:\/\/www.hcxmachinery.com\/wp-content\/uploads\/2022\/08\/XE500DK\u8be6\u60c5\u56fe-7-300x300.webp\" alt=\"\" width=\"300\" height=\"300\" title=\"\" srcset=\"https:\/\/www.hcxmachinery.com\/wp-content\/uploads\/2022\/08\/XE500DK\u8be6\u60c5\u56fe-7-300x300.webp 300w, https:\/\/www.hcxmachinery.com\/wp-content\/uploads\/2022\/08\/XE500DK\u8be6\u60c5\u56fe-7-150x150.webp 150w, https:\/\/www.hcxmachinery.com\/wp-content\/uploads\/2022\/08\/XE500DK\u8be6\u60c5\u56fe-7-768x768.webp 768w, https:\/\/www.hcxmachinery.com\/wp-content\/uploads\/2022\/08\/XE500DK\u8be6\u60c5\u56fe-7-12x12.webp 12w, https:\/\/www.hcxmachinery.com\/wp-content\/uploads\/2022\/08\/XE500DK\u8be6\u60c5\u56fe-7-600x600.webp 600w, https:\/\/www.hcxmachinery.com\/wp-content\/uploads\/2022\/08\/XE500DK\u8be6\u60c5\u56fe-7-100x100.webp 100w, https:\/\/www.hcxmachinery.com\/wp-content\/uploads\/2022\/08\/XE500DK\u8be6\u60c5\u56fe-7.webp 800w\" sizes=\"(max-width: 300px) 100vw, 300px\" \/> <img decoding=\"async\" class=\"alignnone size-medium wp-image-3379\" src=\"https:\/\/www.hcxmachinery.com\/wp-content\/uploads\/2022\/08\/XE500DK\u8be6\u60c5\u56fe-6-300x300.webp\" alt=\"\" width=\"300\" height=\"300\" title=\"\" srcset=\"https:\/\/www.hcxmachinery.com\/wp-content\/uploads\/2022\/08\/XE500DK\u8be6\u60c5\u56fe-6-300x300.webp 300w, https:\/\/www.hcxmachinery.com\/wp-content\/uploads\/2022\/08\/XE500DK\u8be6\u60c5\u56fe-6-150x150.webp 150w, https:\/\/www.hcxmachinery.com\/wp-content\/uploads\/2022\/08\/XE500DK\u8be6\u60c5\u56fe-6-768x768.webp 768w, https:\/\/www.hcxmachinery.com\/wp-content\/uploads\/2022\/08\/XE500DK\u8be6\u60c5\u56fe-6-12x12.webp 12w, https:\/\/www.hcxmachinery.com\/wp-content\/uploads\/2022\/08\/XE500DK\u8be6\u60c5\u56fe-6-600x600.webp 600w, https:\/\/www.hcxmachinery.com\/wp-content\/uploads\/2022\/08\/XE500DK\u8be6\u60c5\u56fe-6-100x100.webp 100w, https:\/\/www.hcxmachinery.com\/wp-content\/uploads\/2022\/08\/XE500DK\u8be6\u60c5\u56fe-6.webp 800w\" sizes=\"(max-width: 300px) 100vw, 300px\" \/> <img decoding=\"async\" class=\"alignnone size-medium wp-image-3378\" src=\"https:\/\/www.hcxmachinery.com\/wp-content\/uploads\/2022\/08\/XE500DK\u8be6\u60c5\u56fe-5-300x300.webp\" alt=\"\" width=\"300\" height=\"300\" title=\"\" srcset=\"https:\/\/www.hcxmachinery.com\/wp-content\/uploads\/2022\/08\/XE500DK\u8be6\u60c5\u56fe-5-300x300.webp 300w, https:\/\/www.hcxmachinery.com\/wp-content\/uploads\/2022\/08\/XE500DK\u8be6\u60c5\u56fe-5-150x150.webp 150w, https:\/\/www.hcxmachinery.com\/wp-content\/uploads\/2022\/08\/XE500DK\u8be6\u60c5\u56fe-5-768x768.webp 768w, https:\/\/www.hcxmachinery.com\/wp-content\/uploads\/2022\/08\/XE500DK\u8be6\u60c5\u56fe-5-12x12.webp 12w, https:\/\/www.hcxmachinery.com\/wp-content\/uploads\/2022\/08\/XE500DK\u8be6\u60c5\u56fe-5-600x600.webp 600w, https:\/\/www.hcxmachinery.com\/wp-content\/uploads\/2022\/08\/XE500DK\u8be6\u60c5\u56fe-5-100x100.webp 100w, https:\/\/www.hcxmachinery.com\/wp-content\/uploads\/2022\/08\/XE500DK\u8be6\u60c5\u56fe-5.webp 800w\" sizes=\"(max-width: 300px) 100vw, 300px\" \/> <img loading=\"lazy\" decoding=\"async\" class=\"alignnone size-medium wp-image-3377\" src=\"https:\/\/www.hcxmachinery.com\/wp-content\/uploads\/2022\/08\/XE500DK\u8be6\u60c5\u56fe-4-300x300.webp\" alt=\"\" width=\"300\" height=\"300\" title=\"\" srcset=\"https:\/\/www.hcxmachinery.com\/wp-content\/uploads\/2022\/08\/XE500DK\u8be6\u60c5\u56fe-4-300x300.webp 300w, https:\/\/www.hcxmachinery.com\/wp-content\/uploads\/2022\/08\/XE500DK\u8be6\u60c5\u56fe-4-150x150.webp 150w, https:\/\/www.hcxmachinery.com\/wp-content\/uploads\/2022\/08\/XE500DK\u8be6\u60c5\u56fe-4-768x768.webp 768w, https:\/\/www.hcxmachinery.com\/wp-content\/uploads\/2022\/08\/XE500DK\u8be6\u60c5\u56fe-4-12x12.webp 12w, https:\/\/www.hcxmachinery.com\/wp-content\/uploads\/2022\/08\/XE500DK\u8be6\u60c5\u56fe-4-600x600.webp 600w, https:\/\/www.hcxmachinery.com\/wp-content\/uploads\/2022\/08\/XE500DK\u8be6\u60c5\u56fe-4-100x100.webp 100w, https:\/\/www.hcxmachinery.com\/wp-content\/uploads\/2022\/08\/XE500DK\u8be6\u60c5\u56fe-4.webp 800w\" sizes=\"(max-width: 300px) 100vw, 300px\" \/> <img loading=\"lazy\" decoding=\"async\" class=\"alignnone size-medium wp-image-3376\" src=\"https:\/\/www.hcxmachinery.com\/wp-content\/uploads\/2022\/08\/XE500DK\u8be6\u60c5\u56fe-3-300x300.webp\" alt=\"\" width=\"300\" height=\"300\" title=\"\" srcset=\"https:\/\/www.hcxmachinery.com\/wp-content\/uploads\/2022\/08\/XE500DK\u8be6\u60c5\u56fe-3-300x300.webp 300w, https:\/\/www.hcxmachinery.com\/wp-content\/uploads\/2022\/08\/XE500DK\u8be6\u60c5\u56fe-3-150x150.webp 150w, https:\/\/www.hcxmachinery.com\/wp-content\/uploads\/2022\/08\/XE500DK\u8be6\u60c5\u56fe-3-768x768.webp 768w, https:\/\/www.hcxmachinery.com\/wp-content\/uploads\/2022\/08\/XE500DK\u8be6\u60c5\u56fe-3-12x12.webp 12w, https:\/\/www.hcxmachinery.com\/wp-content\/uploads\/2022\/08\/XE500DK\u8be6\u60c5\u56fe-3-600x600.webp 600w, https:\/\/www.hcxmachinery.com\/wp-content\/uploads\/2022\/08\/XE500DK\u8be6\u60c5\u56fe-3-100x100.webp 100w, https:\/\/www.hcxmachinery.com\/wp-content\/uploads\/2022\/08\/XE500DK\u8be6\u60c5\u56fe-3.webp 800w\" sizes=\"(max-width: 300px) 100vw, 300px\" \/> <img loading=\"lazy\" decoding=\"async\" class=\"alignnone size-medium wp-image-3375\" src=\"https:\/\/www.hcxmachinery.com\/wp-content\/uploads\/2022\/08\/XE500DK\u8be6\u60c5\u56fe-2-300x300.webp\" alt=\"\" width=\"300\" height=\"300\" title=\"\" srcset=\"https:\/\/www.hcxmachinery.com\/wp-content\/uploads\/2022\/08\/XE500DK\u8be6\u60c5\u56fe-2-300x300.webp 300w, https:\/\/www.hcxmachinery.com\/wp-content\/uploads\/2022\/08\/XE500DK\u8be6\u60c5\u56fe-2-150x150.webp 150w, https:\/\/www.hcxmachinery.com\/wp-content\/uploads\/2022\/08\/XE500DK\u8be6\u60c5\u56fe-2-768x768.webp 768w, https:\/\/www.hcxmachinery.com\/wp-content\/uploads\/2022\/08\/XE500DK\u8be6\u60c5\u56fe-2-12x12.webp 12w, https:\/\/www.hcxmachinery.com\/wp-content\/uploads\/2022\/08\/XE500DK\u8be6\u60c5\u56fe-2-600x600.webp 600w, https:\/\/www.hcxmachinery.com\/wp-content\/uploads\/2022\/08\/XE500DK\u8be6\u60c5\u56fe-2-100x100.webp 100w, https:\/\/www.hcxmachinery.com\/wp-content\/uploads\/2022\/08\/XE500DK\u8be6\u60c5\u56fe-2.webp 800w\" sizes=\"(max-width: 300px) 100vw, 300px\" \/> <img loading=\"lazy\" decoding=\"async\" class=\"alignnone size-medium wp-image-3374\" src=\"https:\/\/www.hcxmachinery.com\/wp-content\/uploads\/2022\/08\/XE500DK\u8be6\u60c5\u56fe-1-300x300.webp\" alt=\"\" width=\"300\" height=\"300\" title=\"\" srcset=\"https:\/\/www.hcxmachinery.com\/wp-content\/uploads\/2022\/08\/XE500DK\u8be6\u60c5\u56fe-1-300x300.webp 300w, https:\/\/www.hcxmachinery.com\/wp-content\/uploads\/2022\/08\/XE500DK\u8be6\u60c5\u56fe-1-150x150.webp 150w, https:\/\/www.hcxmachinery.com\/wp-content\/uploads\/2022\/08\/XE500DK\u8be6\u60c5\u56fe-1-768x768.webp 768w, https:\/\/www.hcxmachinery.com\/wp-content\/uploads\/2022\/08\/XE500DK\u8be6\u60c5\u56fe-1-12x12.webp 12w, https:\/\/www.hcxmachinery.com\/wp-content\/uploads\/2022\/08\/XE500DK\u8be6\u60c5\u56fe-1-600x600.webp 600w, https:\/\/www.hcxmachinery.com\/wp-content\/uploads\/2022\/08\/XE500DK\u8be6\u60c5\u56fe-1-100x100.webp 100w, https:\/\/www.hcxmachinery.com\/wp-content\/uploads\/2022\/08\/XE500DK\u8be6\u60c5\u56fe-1.webp 800w\" sizes=\"(max-width: 300px) 100vw, 300px\" \/><\/p>","protected":false},"excerpt":{"rendered":"<p>Excavadora hidr\u00e1ulica XE490DK La excavadora hidr\u00e1ulica XE490DK es el modelo l\u00edder de excavadoras grandes lanzado por el departamento de excavadoras de XCMG. El producto integra el [...]<\/p>","protected":false},"featured_media":1919,"template":"","meta":{"_acf_changed":false,"site-sidebar-layout":"default","site-content-layout":"","ast-site-content-layout":"default","site-content-style":"default","site-sidebar-style":"default","ast-global-header-display":"","ast-banner-title-visibility":"","ast-main-header-display":"","ast-hfb-above-header-display":"","ast-hfb-below-header-display":"","ast-hfb-mobile-header-display":"","site-post-title":"","ast-breadcrumbs-content":"","ast-featured-img":"","footer-sml-layout":"","theme-transparent-header-meta":"default","adv-header-id-meta":"","stick-header-meta":"default","header-above-stick-meta":"","header-main-stick-meta":"","header-below-stick-meta":"","astra-migrate-meta-layouts":"set","ast-page-background-enabled":"default","ast-page-background-meta":{"desktop":{"background-color":"var(--ast-global-color-4)","background-image":"","background-repeat":"repeat","background-position":"center center","background-size":"auto","background-attachment":"scroll","background-type":"","background-media":"","overlay-type":"","overlay-color":"","overlay-opacity":"","overlay-gradient":""},"tablet":{"background-color":"","background-image":"","background-repeat":"repeat","background-position":"center center","background-size":"auto","background-attachment":"scroll","background-type":"","background-media":"","overlay-type":"","overlay-color":"","overlay-opacity":"","overlay-gradient":""},"mobile":{"background-color":"","background-image":"","background-repeat":"repeat","background-position":"center center","background-size":"auto","background-attachment":"scroll","background-type":"","background-media":"","overlay-type":"","overlay-color":"","overlay-opacity":"","overlay-gradient":""}},"ast-content-background-meta":{"desktop":{"background-color":"var(--ast-global-color-5)","background-image":"","background-repeat":"repeat","background-position":"center center","background-size":"auto","background-attachment":"scroll","background-type":"","background-media":"","overlay-type":"","overlay-color":"","overlay-opacity":"","overlay-gradient":""},"tablet":{"background-color":"var(--ast-global-color-5)","background-image":"","background-repeat":"repeat","background-position":"center center","background-size":"auto","background-attachment":"scroll","background-type":"","background-media":"","overlay-type":"","overlay-color":"","overlay-opacity":"","overlay-gradient":""},"mobile":{"background-color":"var(--ast-global-color-5)","background-image":"","background-repeat":"repeat","background-position":"center center","background-size":"auto","background-attachment":"scroll","background-type":"","background-media":"","overlay-type":"","overlay-color":"","overlay-opacity":"","overlay-gradient":""}}},"product_cat":[19,37],"product_tag":[],"class_list":{"0":"post-792","1":"product","2":"type-product","3":"status-publish","4":"has-post-thumbnail","6":"product_cat-excavator","7":"product_cat-big-excavator","8":"desktop-align-left","9":"tablet-align-left","10":"mobile-align-left","11":"ast-product-gallery-layout-horizontal-slider","12":"ast-magnify-disabled","13":"ast-product-tabs-layout-horizontal","15":"first","16":"instock","17":"shipping-taxable","18":"product-type-simple"},"acf":[],"_links":{"self":[{"href":"https:\/\/www.hcxmachinery.com\/es\/wp-json\/wp\/v2\/product\/792"}],"collection":[{"href":"https:\/\/www.hcxmachinery.com\/es\/wp-json\/wp\/v2\/product"}],"about":[{"href":"https:\/\/www.hcxmachinery.com\/es\/wp-json\/wp\/v2\/types\/product"}],"version-history":[{"count":20,"href":"https:\/\/www.hcxmachinery.com\/es\/wp-json\/wp\/v2\/product\/792\/revisions"}],"predecessor-version":[{"id":3381,"href":"https:\/\/www.hcxmachinery.com\/es\/wp-json\/wp\/v2\/product\/792\/revisions\/3381"}],"wp:featuredmedia":[{"embeddable":true,"href":"https:\/\/www.hcxmachinery.com\/es\/wp-json\/wp\/v2\/media\/1919"}],"wp:attachment":[{"href":"https:\/\/www.hcxmachinery.com\/es\/wp-json\/wp\/v2\/media?parent=792"}],"wp:term":[{"taxonomy":"product_cat","embeddable":true,"href":"https:\/\/www.hcxmachinery.com\/es\/wp-json\/wp\/v2\/product_cat?post=792"},{"taxonomy":"product_tag","embeddable":true,"href":"https:\/\/www.hcxmachinery.com\/es\/wp-json\/wp\/v2\/product_tag?post=792"}],"curies":[{"name":"wp","href":"https:\/\/api.w.org\/{rel}","templated":true}]}}