{"id":786,"date":"2023-08-05T20:07:01","date_gmt":"2023-08-05T20:07:01","guid":{"rendered":"https:\/\/hcxmachinery.com\/?post_type=product&#038;p=786"},"modified":"2025-12-08T08:00:05","modified_gmt":"2025-12-08T08:00:05","slug":"xe270dk","status":"publish","type":"product","link":"https:\/\/www.hcxmachinery.com\/es\/producto\/xe270dk\/","title":{"rendered":"Gran Condici\u00f3n Usado XE270DK Excavadora de orugas de bajo consumo de combustible para la venta"},"content":{"rendered":"<h2><strong>XE270DK<\/strong><\/h2>\n<p>XE270DK excavadora hidr\u00e1ulica es un producto modificado de la serie DK de XCMG, que est\u00e1 especialmente dise\u00f1ado para operaciones de servicio pesado en minas y canteras peque\u00f1as y medianas. Basado en \"eficiente, confiable, inteligente y ahorro de energ\u00eda\", profundiza en las prestaciones del producto. A trav\u00e9s de la optimizaci\u00f3n del programa, la velocidad de operaci\u00f3n se empareja con el consumo de combustible adaptable en todos los modos de trabajo, y el consumo de combustible se reducir\u00e1 en 6% sin afectar a la eficiencia. Con la pluma y el brazo reforzados, la cuchara para roca est\u00e1ndar de 1,3 m\u00b3 y la forma optimizada de la cuchara, la resistencia a la excavaci\u00f3n se reducir\u00e1 y la durabilidad se duplicar\u00e1. Se puede utilizar ampliamente en trabajos de tierra y piedra, construcci\u00f3n municipal, construcci\u00f3n de carreteras y puentes, excavaci\u00f3n de zanjas y construcci\u00f3n de canales, construcci\u00f3n de conservaci\u00f3n de agua en tierras de cultivo, operaciones de minas peque\u00f1as y otros proyectos.<\/p>\n<h2 class=\"fe-bold mb-3\">PAR\u00c1METROS<\/h2>\n<p>&nbsp;<\/p>\n<table class=\"tg\">\n<thead>\n<tr>\n<th class=\"tg-i231\" colspan=\"2\">Modelo de ventas<\/th>\n<th class=\"tg-jvoc\">Unidad<\/th>\n<th class=\"tg-wa1i\">Medici\u00f3n<\/th>\n<\/tr>\n<\/thead>\n<tbody>\n<tr>\n<td class=\"tg-wa1i\" colspan=\"2\">Peso operativo<\/td>\n<td class=\"tg-nrix\">Kg<\/td>\n<td class=\"tg-nrix\">26500<\/td>\n<\/tr>\n<tr>\n<td class=\"tg-wa1i\" colspan=\"2\">Capacidad de la cuchara<\/td>\n<td class=\"tg-nrix\">m\u00b3<\/td>\n<td class=\"tg-nrix\">1.1-1.5<\/td>\n<\/tr>\n<tr>\n<td class=\"tg-wa1i\" rowspan=\"10\">Motor<\/td>\n<td class=\"tg-yla0\">Modelo<\/td>\n<td class=\"tg-nrix\">\/<\/td>\n<td class=\"tg-nrix\">QSB7<\/td>\n<\/tr>\n<tr>\n<td class=\"tg-yla0\">Inyecci\u00f3n directa<\/td>\n<td class=\"tg-nrix\">\/<\/td>\n<td class=\"tg-nrix\">\u221a<\/td>\n<\/tr>\n<tr>\n<td class=\"tg-yla0\">Cuatro golpes<\/td>\n<td class=\"tg-nrix\">\/<\/td>\n<td class=\"tg-nrix\">\u221a<\/td>\n<\/tr>\n<tr>\n<td class=\"tg-yla0\">Refrigeraci\u00f3n por agua<\/td>\n<td class=\"tg-nrix\">\/<\/td>\n<td class=\"tg-nrix\">\u221a<\/td>\n<\/tr>\n<tr>\n<td class=\"tg-yla0\">Turboalimentaci\u00f3n<\/td>\n<td class=\"tg-nrix\">\/<\/td>\n<td class=\"tg-nrix\">\u221a<\/td>\n<\/tr>\n<tr>\n<td class=\"tg-yla0\">Refrigerado por aire<\/td>\n<td class=\"tg-nrix\">\/<\/td>\n<td class=\"tg-nrix\">\u221a<\/td>\n<\/tr>\n<tr>\n<td class=\"tg-yla0\">N\u00ba de cilindros<\/td>\n<td class=\"tg-nrix\">\/<\/td>\n<td class=\"tg-nrix\">6<\/td>\n<\/tr>\n<tr>\n<td class=\"tg-yla0\">Potencia de salida<\/td>\n<td class=\"tg-nrix\">kw\/rpm<\/td>\n<td class=\"tg-nrix\">150\/2050<\/td>\n<\/tr>\n<tr>\n<td class=\"tg-yla0\">Par\/velocidad m\u00e1ximos<\/td>\n<td class=\"tg-nrix\">N.m\/rpm<\/td>\n<td class=\"tg-nrix\">825\/1250<\/td>\n<\/tr>\n<tr>\n<td class=\"tg-yla0\">Desplazamiento<\/td>\n<td class=\"tg-nrix\">L<\/td>\n<td class=\"tg-nrix\">6.7<\/td>\n<\/tr>\n<tr>\n<td class=\"tg-wa1i\" rowspan=\"7\">Actuaci\u00f3n principal<\/td>\n<td class=\"tg-yla0\">Velocidad de desplazamiento<\/td>\n<td class=\"tg-nrix\">km\/h<\/td>\n<td class=\"tg-nrix\">6.1\/3.8<\/td>\n<\/tr>\n<tr>\n<td class=\"tg-yla0\">Velocidad de oscilaci\u00f3n<\/td>\n<td class=\"tg-nrix\">r\/min<\/td>\n<td class=\"tg-nrix\">11.4<\/td>\n<\/tr>\n<tr>\n<td class=\"tg-yla0\">Gradeabilidad<\/td>\n<td class=\"tg-nrix\">\u00b0<\/td>\n<td class=\"tg-nrix\">35<\/td>\n<\/tr>\n<tr>\n<td class=\"tg-yla0\">Presi\u00f3n sobre el suelo<\/td>\n<td class=\"tg-nrix\">kPa<\/td>\n<td class=\"tg-nrix\">52.1<\/td>\n<\/tr>\n<tr>\n<td class=\"tg-yla0\">Fuerza de excavaci\u00f3n de la cuchara<\/td>\n<td class=\"tg-nrix\">kN<\/td>\n<td class=\"tg-nrix\">185<\/td>\n<\/tr>\n<tr>\n<td class=\"tg-yla0\">Fuerza de excavaci\u00f3n del brazo<\/td>\n<td class=\"tg-nrix\">kN<\/td>\n<td class=\"tg-nrix\">129<\/td>\n<\/tr>\n<tr>\n<td class=\"tg-yla0\">Fuerza de tracci\u00f3n m\u00e1xima<\/td>\n<td class=\"tg-nrix\">kN<\/td>\n<td class=\"tg-nrix\">220<\/td>\n<\/tr>\n<tr>\n<td class=\"tg-wa1i\" rowspan=\"6\">Sistema hidr\u00e1ulico<\/td>\n<td class=\"tg-yla0\">Caudal nominal de la bomba principal<\/td>\n<td class=\"tg-nrix\">\/<\/td>\n<td class=\"tg-nrix\">\/<\/td>\n<\/tr>\n<tr>\n<td class=\"tg-yla0\">Caudal nominal de la bomba principal<\/td>\n<td class=\"tg-nrix\">L\/min<\/td>\n<td class=\"tg-nrix\">2\u00d7259<\/td>\n<\/tr>\n<tr>\n<td class=\"tg-yla0\">Presi\u00f3n de la v\u00e1lvula de seguridad principal<\/td>\n<td class=\"tg-nrix\">MPa<\/td>\n<td class=\"tg-nrix\">34.3\/37<\/td>\n<\/tr>\n<tr>\n<td class=\"tg-yla0\">Presi\u00f3n del sistema de desplazamiento<\/td>\n<td class=\"tg-nrix\">MPa<\/td>\n<td class=\"tg-nrix\">34.3<\/td>\n<\/tr>\n<tr>\n<td class=\"tg-yla0\">Presi\u00f3n del sistema oscilante<\/td>\n<td class=\"tg-nrix\">MPa<\/td>\n<td class=\"tg-nrix\">25<\/td>\n<\/tr>\n<tr>\n<td class=\"tg-yla0\">Presi\u00f3n del sistema piloto<\/td>\n<td class=\"tg-nrix\">MPa<\/td>\n<td class=\"tg-nrix\">3.9<\/td>\n<\/tr>\n<tr>\n<td class=\"tg-wa1i\" rowspan=\"3\">Capacidad de aceite<\/td>\n<td class=\"tg-yla0\">Capacidad del dep\u00f3sito<\/td>\n<td class=\"tg-nrix\">L<\/td>\n<td class=\"tg-nrix\">400<\/td>\n<\/tr>\n<tr>\n<td class=\"tg-yla0\">Capacidad del dep\u00f3sito hidr\u00e1ulico<\/td>\n<td class=\"tg-nrix\">L<\/td>\n<td class=\"tg-nrix\">220<\/td>\n<\/tr>\n<tr>\n<td class=\"tg-yla0\">Capacidad de aceite del motor<\/td>\n<td class=\"tg-nrix\">L<\/td>\n<td class=\"tg-nrix\">19.5<\/td>\n<\/tr>\n<tr>\n<td class=\"tg-wa1i\" rowspan=\"13\">Tama\u00f1o<\/td>\n<td class=\"tg-yla0\">A Longitud total<\/td>\n<td class=\"tg-nrix\">mm<\/td>\n<td class=\"tg-nrix\">10170<\/td>\n<\/tr>\n<tr>\n<td class=\"tg-yla0\">B Anchura total<\/td>\n<td class=\"tg-nrix\">mm<\/td>\n<td class=\"tg-nrix\">3190<\/td>\n<\/tr>\n<tr>\n<td class=\"tg-yla0\">C Altura total<\/td>\n<td class=\"tg-nrix\">mm<\/td>\n<td class=\"tg-nrix\">3175<\/td>\n<\/tr>\n<tr>\n<td class=\"tg-yla0\">D Anchura de la plataforma<\/td>\n<td class=\"tg-nrix\">mm<\/td>\n<td class=\"tg-nrix\">2995<\/td>\n<\/tr>\n<tr>\n<td class=\"tg-yla0\">E Longitud de v\u00eda<\/td>\n<td class=\"tg-nrix\">mm<\/td>\n<td class=\"tg-nrix\">4640<\/td>\n<\/tr>\n<tr>\n<td class=\"tg-yla0\">F Anchura total del chasis<\/td>\n<td class=\"tg-nrix\">mm<\/td>\n<td class=\"tg-nrix\">3190<\/td>\n<\/tr>\n<tr>\n<td class=\"tg-yla0\">G Ancho de v\u00eda<\/td>\n<td class=\"tg-nrix\">mm<\/td>\n<td class=\"tg-nrix\">600<\/td>\n<\/tr>\n<tr>\n<td class=\"tg-yla0\">H Longitud hasta el centro de los rodillos<\/td>\n<td class=\"tg-nrix\">mm<\/td>\n<td class=\"tg-nrix\">3790<\/td>\n<\/tr>\n<tr>\n<td class=\"tg-yla0\">I Ancho de v\u00eda<\/td>\n<td class=\"tg-nrix\">mm<\/td>\n<td class=\"tg-nrix\">2590<\/td>\n<\/tr>\n<tr>\n<td class=\"tg-yla0\">J Distancia del contrapeso<\/td>\n<td class=\"tg-nrix\">mm<\/td>\n<td class=\"tg-nrix\">1090<\/td>\n<\/tr>\n<tr>\n<td class=\"tg-yla0\">K Distancia m\u00ednima al suelo<\/td>\n<td class=\"tg-nrix\">mm<\/td>\n<td class=\"tg-nrix\">495<\/td>\n<\/tr>\n<tr>\n<td class=\"tg-yla0\">L Radio m\u00edn. de giro de la cola<\/td>\n<td class=\"tg-nrix\">mm<\/td>\n<td class=\"tg-nrix\">2955<\/td>\n<\/tr>\n<tr>\n<td class=\"tg-yla0\">M Altura de la v\u00eda<\/td>\n<td class=\"tg-nrix\">mm<\/td>\n<td class=\"tg-nrix\">988<\/td>\n<\/tr>\n<tr>\n<td class=\"tg-wa1i\" rowspan=\"7\">\u00c1mbito de trabajo<\/td>\n<td class=\"tg-yla0\">A Altura m\u00e1xima de excavaci\u00f3n<\/td>\n<td class=\"tg-nrix\">mm<\/td>\n<td class=\"tg-nrix\">10095<\/td>\n<\/tr>\n<tr>\n<td class=\"tg-yla0\">B Altura m\u00e1x. de descarga<\/td>\n<td class=\"tg-nrix\">mm<\/td>\n<td class=\"tg-nrix\">7170<\/td>\n<\/tr>\n<tr>\n<td class=\"tg-yla0\">C Profundidad m\u00e1xima de excavaci\u00f3n<\/td>\n<td class=\"tg-nrix\">mm<\/td>\n<td class=\"tg-nrix\">6925<\/td>\n<\/tr>\n<tr>\n<td class=\"tg-yla0\">D Profundidad m\u00e1xima de corte para un fondo nivelado de 2240 mm (8 pies)<\/td>\n<td class=\"tg-nrix\">mm<\/td>\n<td class=\"tg-nrix\">6705<\/td>\n<\/tr>\n<tr>\n<td class=\"tg-yla0\">E Profundidad m\u00e1xima de excavaci\u00f3n vertical de la pared<\/td>\n<td class=\"tg-nrix\">mm<\/td>\n<td class=\"tg-nrix\">5520<\/td>\n<\/tr>\n<tr>\n<td class=\"tg-yla0\">Radio de excavaci\u00f3n m\u00e1x.<\/td>\n<td class=\"tg-nrix\">mm<\/td>\n<td class=\"tg-nrix\">10240<\/td>\n<\/tr>\n<tr>\n<td class=\"tg-yla0\">Radio de giro m\u00edn.<\/td>\n<td class=\"tg-nrix\">mm<\/td>\n<td class=\"tg-nrix\">3510<\/td>\n<\/tr>\n<tr>\n<td class=\"tg-wa1i\" rowspan=\"3\">Configuraci\u00f3n est\u00e1ndar<\/td>\n<td class=\"tg-yla0\">Longitud de la pluma<\/td>\n<td class=\"tg-nrix\">mm<\/td>\n<td class=\"tg-nrix\">6000<\/td>\n<\/tr>\n<tr>\n<td class=\"tg-yla0\">Longitud del brazo<\/td>\n<td class=\"tg-nrix\">mm<\/td>\n<td class=\"tg-nrix\">2964<\/td>\n<\/tr>\n<tr>\n<td class=\"tg-yla0\">Capacidad de la cuchara<\/td>\n<td class=\"tg-nrix\">m\u00b3<\/td>\n<td class=\"tg-baqh\">1,4 cubo reforzado<\/td>\n<\/tr>\n<tr>\n<td class=\"tg-wa1i\" rowspan=\"3\">Configuraci\u00f3n opcional<\/td>\n<td class=\"tg-yla0\">Longitud de la pluma<\/td>\n<td class=\"tg-nrix\">m\u00b3<\/td>\n<td class=\"tg-nrix\">\/<\/td>\n<\/tr>\n<tr>\n<td class=\"tg-yla0\">Longitud del brazo<\/td>\n<td class=\"tg-nrix\">m\u00b3<\/td>\n<td class=\"tg-nrix\">2500<\/td>\n<\/tr>\n<tr>\n<td class=\"tg-yla0\">Capacidad de la cuchara<\/td>\n<td class=\"tg-nrix\">m\u00b3<\/td>\n<td class=\"tg-baqh\">1.1 Cubo de roca<\/p>\n<p>1,3\/1,4\/1,5 Cubo de tierra<\/td>\n<\/tr>\n<\/tbody>\n<\/table>\n<p><img fetchpriority=\"high\" decoding=\"async\" class=\"alignnone size-medium wp-image-1863\" src=\"https:\/\/www.hcxmachinery.com\/wp-content\/uploads\/2023\/08\/270DK\u4e0b\u8f66_WH_800x800px-300x300.webp\" alt=\"\" width=\"300\" height=\"300\" title=\"\" srcset=\"https:\/\/www.hcxmachinery.com\/wp-content\/uploads\/2023\/08\/270DK\u4e0b\u8f66_WH_800x800px-300x300.webp 300w, https:\/\/www.hcxmachinery.com\/wp-content\/uploads\/2023\/08\/270DK\u4e0b\u8f66_WH_800x800px-150x150.webp 150w, https:\/\/www.hcxmachinery.com\/wp-content\/uploads\/2023\/08\/270DK\u4e0b\u8f66_WH_800x800px-768x768.webp 768w, https:\/\/www.hcxmachinery.com\/wp-content\/uploads\/2023\/08\/270DK\u4e0b\u8f66_WH_800x800px-600x600.webp 600w, https:\/\/www.hcxmachinery.com\/wp-content\/uploads\/2023\/08\/270DK\u4e0b\u8f66_WH_800x800px-100x100.webp 100w, https:\/\/www.hcxmachinery.com\/wp-content\/uploads\/2023\/08\/270DK\u4e0b\u8f66_WH_800x800px.webp 800w\" sizes=\"(max-width: 300px) 100vw, 300px\" \/> <img decoding=\"async\" class=\"alignnone size-medium wp-image-1862\" src=\"https:\/\/www.hcxmachinery.com\/wp-content\/uploads\/2023\/08\/270DK\u9a7e\u9a76\u5ba43_WH_800x800px-300x300.webp\" alt=\"\" width=\"300\" height=\"300\" title=\"\" srcset=\"https:\/\/www.hcxmachinery.com\/wp-content\/uploads\/2023\/08\/270DK\u9a7e\u9a76\u5ba43_WH_800x800px-300x300.webp 300w, https:\/\/www.hcxmachinery.com\/wp-content\/uploads\/2023\/08\/270DK\u9a7e\u9a76\u5ba43_WH_800x800px-150x150.webp 150w, https:\/\/www.hcxmachinery.com\/wp-content\/uploads\/2023\/08\/270DK\u9a7e\u9a76\u5ba43_WH_800x800px-768x768.webp 768w, https:\/\/www.hcxmachinery.com\/wp-content\/uploads\/2023\/08\/270DK\u9a7e\u9a76\u5ba43_WH_800x800px-600x600.webp 600w, https:\/\/www.hcxmachinery.com\/wp-content\/uploads\/2023\/08\/270DK\u9a7e\u9a76\u5ba43_WH_800x800px-100x100.webp 100w, https:\/\/www.hcxmachinery.com\/wp-content\/uploads\/2023\/08\/270DK\u9a7e\u9a76\u5ba43_WH_800x800px.webp 800w\" sizes=\"(max-width: 300px) 100vw, 300px\" \/> <img decoding=\"async\" class=\"alignnone size-medium wp-image-1861\" src=\"https:\/\/www.hcxmachinery.com\/wp-content\/uploads\/2023\/08\/270DK\u9a7e\u9a76\u5ba42_WH_800x800px-300x300.webp\" alt=\"\" width=\"300\" height=\"300\" title=\"\" srcset=\"https:\/\/www.hcxmachinery.com\/wp-content\/uploads\/2023\/08\/270DK\u9a7e\u9a76\u5ba42_WH_800x800px-300x300.webp 300w, https:\/\/www.hcxmachinery.com\/wp-content\/uploads\/2023\/08\/270DK\u9a7e\u9a76\u5ba42_WH_800x800px-150x150.webp 150w, https:\/\/www.hcxmachinery.com\/wp-content\/uploads\/2023\/08\/270DK\u9a7e\u9a76\u5ba42_WH_800x800px-768x768.webp 768w, https:\/\/www.hcxmachinery.com\/wp-content\/uploads\/2023\/08\/270DK\u9a7e\u9a76\u5ba42_WH_800x800px-600x600.webp 600w, https:\/\/www.hcxmachinery.com\/wp-content\/uploads\/2023\/08\/270DK\u9a7e\u9a76\u5ba42_WH_800x800px-100x100.webp 100w, https:\/\/www.hcxmachinery.com\/wp-content\/uploads\/2023\/08\/270DK\u9a7e\u9a76\u5ba42_WH_800x800px.webp 800w\" sizes=\"(max-width: 300px) 100vw, 300px\" \/> <img loading=\"lazy\" decoding=\"async\" class=\"alignnone size-medium wp-image-1860\" src=\"https:\/\/www.hcxmachinery.com\/wp-content\/uploads\/2023\/08\/270DK\u9a7e\u9a76\u5ba4_WH_800x800px-300x300.webp\" alt=\"\" width=\"300\" height=\"300\" title=\"\" srcset=\"https:\/\/www.hcxmachinery.com\/wp-content\/uploads\/2023\/08\/270DK\u9a7e\u9a76\u5ba4_WH_800x800px-300x300.webp 300w, https:\/\/www.hcxmachinery.com\/wp-content\/uploads\/2023\/08\/270DK\u9a7e\u9a76\u5ba4_WH_800x800px-150x150.webp 150w, https:\/\/www.hcxmachinery.com\/wp-content\/uploads\/2023\/08\/270DK\u9a7e\u9a76\u5ba4_WH_800x800px-768x768.webp 768w, https:\/\/www.hcxmachinery.com\/wp-content\/uploads\/2023\/08\/270DK\u9a7e\u9a76\u5ba4_WH_800x800px-600x600.webp 600w, https:\/\/www.hcxmachinery.com\/wp-content\/uploads\/2023\/08\/270DK\u9a7e\u9a76\u5ba4_WH_800x800px-100x100.webp 100w, https:\/\/www.hcxmachinery.com\/wp-content\/uploads\/2023\/08\/270DK\u9a7e\u9a76\u5ba4_WH_800x800px.webp 800w\" sizes=\"(max-width: 300px) 100vw, 300px\" \/> <img loading=\"lazy\" decoding=\"async\" class=\"alignnone size-medium wp-image-1859\" src=\"https:\/\/www.hcxmachinery.com\/wp-content\/uploads\/2023\/08\/270DK\u53d1\u52a8\u673a_WH_800x800px-300x300.webp\" alt=\"\" width=\"300\" height=\"300\" title=\"\" srcset=\"https:\/\/www.hcxmachinery.com\/wp-content\/uploads\/2023\/08\/270DK\u53d1\u52a8\u673a_WH_800x800px-300x300.webp 300w, https:\/\/www.hcxmachinery.com\/wp-content\/uploads\/2023\/08\/270DK\u53d1\u52a8\u673a_WH_800x800px-150x150.webp 150w, https:\/\/www.hcxmachinery.com\/wp-content\/uploads\/2023\/08\/270DK\u53d1\u52a8\u673a_WH_800x800px-768x768.webp 768w, https:\/\/www.hcxmachinery.com\/wp-content\/uploads\/2023\/08\/270DK\u53d1\u52a8\u673a_WH_800x800px-600x600.webp 600w, https:\/\/www.hcxmachinery.com\/wp-content\/uploads\/2023\/08\/270DK\u53d1\u52a8\u673a_WH_800x800px-100x100.webp 100w, https:\/\/www.hcxmachinery.com\/wp-content\/uploads\/2023\/08\/270DK\u53d1\u52a8\u673a_WH_800x800px.webp 800w\" sizes=\"(max-width: 300px) 100vw, 300px\" \/> <img loading=\"lazy\" decoding=\"async\" class=\"alignnone size-medium wp-image-1858\" src=\"https:\/\/www.hcxmachinery.com\/wp-content\/uploads\/2023\/08\/270DK\u5e95\u76d8_WH_800x800px-300x300.webp\" alt=\"\" width=\"300\" height=\"300\" title=\"\" srcset=\"https:\/\/www.hcxmachinery.com\/wp-content\/uploads\/2023\/08\/270DK\u5e95\u76d8_WH_800x800px-300x300.webp 300w, https:\/\/www.hcxmachinery.com\/wp-content\/uploads\/2023\/08\/270DK\u5e95\u76d8_WH_800x800px-150x150.webp 150w, https:\/\/www.hcxmachinery.com\/wp-content\/uploads\/2023\/08\/270DK\u5e95\u76d8_WH_800x800px-768x768.webp 768w, https:\/\/www.hcxmachinery.com\/wp-content\/uploads\/2023\/08\/270DK\u5e95\u76d8_WH_800x800px-600x600.webp 600w, https:\/\/www.hcxmachinery.com\/wp-content\/uploads\/2023\/08\/270DK\u5e95\u76d8_WH_800x800px-100x100.webp 100w, https:\/\/www.hcxmachinery.com\/wp-content\/uploads\/2023\/08\/270DK\u5e95\u76d8_WH_800x800px.webp 800w\" sizes=\"(max-width: 300px) 100vw, 300px\" \/> <img loading=\"lazy\" decoding=\"async\" class=\"alignnone size-medium wp-image-1857\" src=\"https:\/\/www.hcxmachinery.com\/wp-content\/uploads\/2023\/08\/270DK\u4fa7\u97622_WH_800x800px-300x300.webp\" alt=\"\" width=\"300\" height=\"300\" title=\"\" srcset=\"https:\/\/www.hcxmachinery.com\/wp-content\/uploads\/2023\/08\/270DK\u4fa7\u97622_WH_800x800px-300x300.webp 300w, https:\/\/www.hcxmachinery.com\/wp-content\/uploads\/2023\/08\/270DK\u4fa7\u97622_WH_800x800px-150x150.webp 150w, https:\/\/www.hcxmachinery.com\/wp-content\/uploads\/2023\/08\/270DK\u4fa7\u97622_WH_800x800px-768x768.webp 768w, https:\/\/www.hcxmachinery.com\/wp-content\/uploads\/2023\/08\/270DK\u4fa7\u97622_WH_800x800px-600x600.webp 600w, https:\/\/www.hcxmachinery.com\/wp-content\/uploads\/2023\/08\/270DK\u4fa7\u97622_WH_800x800px-100x100.webp 100w, https:\/\/www.hcxmachinery.com\/wp-content\/uploads\/2023\/08\/270DK\u4fa7\u97622_WH_800x800px.webp 800w\" sizes=\"(max-width: 300px) 100vw, 300px\" \/> <img loading=\"lazy\" decoding=\"async\" class=\"alignnone size-medium wp-image-1856\" src=\"https:\/\/www.hcxmachinery.com\/wp-content\/uploads\/2023\/08\/270DK\u4fa7\u97621_WH_800x800px-300x300.webp\" alt=\"\" width=\"300\" height=\"300\" title=\"\" srcset=\"https:\/\/www.hcxmachinery.com\/wp-content\/uploads\/2023\/08\/270DK\u4fa7\u97621_WH_800x800px-300x300.webp 300w, https:\/\/www.hcxmachinery.com\/wp-content\/uploads\/2023\/08\/270DK\u4fa7\u97621_WH_800x800px-150x150.webp 150w, https:\/\/www.hcxmachinery.com\/wp-content\/uploads\/2023\/08\/270DK\u4fa7\u97621_WH_800x800px-768x768.webp 768w, https:\/\/www.hcxmachinery.com\/wp-content\/uploads\/2023\/08\/270DK\u4fa7\u97621_WH_800x800px-600x600.webp 600w, https:\/\/www.hcxmachinery.com\/wp-content\/uploads\/2023\/08\/270DK\u4fa7\u97621_WH_800x800px-100x100.webp 100w, https:\/\/www.hcxmachinery.com\/wp-content\/uploads\/2023\/08\/270DK\u4fa7\u97621_WH_800x800px.webp 800w\" sizes=\"(max-width: 300px) 100vw, 300px\" \/> <img loading=\"lazy\" decoding=\"async\" class=\"alignnone size-medium wp-image-1855\" src=\"https:\/\/www.hcxmachinery.com\/wp-content\/uploads\/2023\/08\/270DK\u4fa7\u540e_WH_800x800px-300x300.webp\" alt=\"\" width=\"300\" height=\"300\" title=\"\" srcset=\"https:\/\/www.hcxmachinery.com\/wp-content\/uploads\/2023\/08\/270DK\u4fa7\u540e_WH_800x800px-300x300.webp 300w, https:\/\/www.hcxmachinery.com\/wp-content\/uploads\/2023\/08\/270DK\u4fa7\u540e_WH_800x800px-150x150.webp 150w, https:\/\/www.hcxmachinery.com\/wp-content\/uploads\/2023\/08\/270DK\u4fa7\u540e_WH_800x800px-768x768.webp 768w, https:\/\/www.hcxmachinery.com\/wp-content\/uploads\/2023\/08\/270DK\u4fa7\u540e_WH_800x800px-600x600.webp 600w, https:\/\/www.hcxmachinery.com\/wp-content\/uploads\/2023\/08\/270DK\u4fa7\u540e_WH_800x800px-100x100.webp 100w, https:\/\/www.hcxmachinery.com\/wp-content\/uploads\/2023\/08\/270DK\u4fa7\u540e_WH_800x800px.webp 800w\" sizes=\"(max-width: 300px) 100vw, 300px\" \/><\/p>","protected":false},"excerpt":{"rendered":"<p>XE270DK XE270DK hydraulic excavator is a modified product of XCMG\u2019s DK series, which is specially designed for heavy-duty operations in [&hellip;]<\/p>","protected":false},"featured_media":1854,"template":"","meta":{"_acf_changed":false,"site-sidebar-layout":"default","site-content-layout":"","ast-site-content-layout":"default","site-content-style":"default","site-sidebar-style":"default","ast-global-header-display":"","ast-banner-title-visibility":"","ast-main-header-display":"","ast-hfb-above-header-display":"","ast-hfb-below-header-display":"","ast-hfb-mobile-header-display":"","site-post-title":"","ast-breadcrumbs-content":"","ast-featured-img":"","footer-sml-layout":"","theme-transparent-header-meta":"default","adv-header-id-meta":"","stick-header-meta":"default","header-above-stick-meta":"","header-main-stick-meta":"","header-below-stick-meta":"","astra-migrate-meta-layouts":"set","ast-page-background-enabled":"default","ast-page-background-meta":{"desktop":{"background-color":"var(--ast-global-color-4)","background-image":"","background-repeat":"repeat","background-position":"center center","background-size":"auto","background-attachment":"scroll","background-type":"","background-media":"","overlay-type":"","overlay-color":"","overlay-opacity":"","overlay-gradient":""},"tablet":{"background-color":"","background-image":"","background-repeat":"repeat","background-position":"center center","background-size":"auto","background-attachment":"scroll","background-type":"","background-media":"","overlay-type":"","overlay-color":"","overlay-opacity":"","overlay-gradient":""},"mobile":{"background-color":"","background-image":"","background-repeat":"repeat","background-position":"center center","background-size":"auto","background-attachment":"scroll","background-type":"","background-media":"","overlay-type":"","overlay-color":"","overlay-opacity":"","overlay-gradient":""}},"ast-content-background-meta":{"desktop":{"background-color":"var(--ast-global-color-5)","background-image":"","background-repeat":"repeat","background-position":"center center","background-size":"auto","background-attachment":"scroll","background-type":"","background-media":"","overlay-type":"","overlay-color":"","overlay-opacity":"","overlay-gradient":""},"tablet":{"background-color":"var(--ast-global-color-5)","background-image":"","background-repeat":"repeat","background-position":"center center","background-size":"auto","background-attachment":"scroll","background-type":"","background-media":"","overlay-type":"","overlay-color":"","overlay-opacity":"","overlay-gradient":""},"mobile":{"background-color":"var(--ast-global-color-5)","background-image":"","background-repeat":"repeat","background-position":"center center","background-size":"auto","background-attachment":"scroll","background-type":"","background-media":"","overlay-type":"","overlay-color":"","overlay-opacity":"","overlay-gradient":""}}},"product_cat":[19,36],"product_tag":[],"class_list":{"0":"post-786","1":"product","2":"type-product","3":"status-publish","4":"has-post-thumbnail","6":"product_cat-excavator","7":"product_cat-medium-excavator","8":"desktop-align-left","9":"tablet-align-left","10":"mobile-align-left","11":"ast-product-gallery-layout-horizontal-slider","12":"ast-magnify-disabled","13":"ast-product-tabs-layout-horizontal","15":"first","16":"instock","17":"shipping-taxable","18":"product-type-simple"},"acf":[],"_links":{"self":[{"href":"https:\/\/www.hcxmachinery.com\/es\/wp-json\/wp\/v2\/product\/786"}],"collection":[{"href":"https:\/\/www.hcxmachinery.com\/es\/wp-json\/wp\/v2\/product"}],"about":[{"href":"https:\/\/www.hcxmachinery.com\/es\/wp-json\/wp\/v2\/types\/product"}],"version-history":[{"count":18,"href":"https:\/\/www.hcxmachinery.com\/es\/wp-json\/wp\/v2\/product\/786\/revisions"}],"predecessor-version":[{"id":3325,"href":"https:\/\/www.hcxmachinery.com\/es\/wp-json\/wp\/v2\/product\/786\/revisions\/3325"}],"wp:featuredmedia":[{"embeddable":true,"href":"https:\/\/www.hcxmachinery.com\/es\/wp-json\/wp\/v2\/media\/1854"}],"wp:attachment":[{"href":"https:\/\/www.hcxmachinery.com\/es\/wp-json\/wp\/v2\/media?parent=786"}],"wp:term":[{"taxonomy":"product_cat","embeddable":true,"href":"https:\/\/www.hcxmachinery.com\/es\/wp-json\/wp\/v2\/product_cat?post=786"},{"taxonomy":"product_tag","embeddable":true,"href":"https:\/\/www.hcxmachinery.com\/es\/wp-json\/wp\/v2\/product_tag?post=786"}],"curies":[{"name":"wp","href":"https:\/\/api.w.org\/{rel}","templated":true}]}}