{"id":3509,"date":"2026-01-21T06:35:02","date_gmt":"2026-01-21T06:35:02","guid":{"rendered":"https:\/\/www.hcxmachinery.com\/?post_type=product&#038;p=3509"},"modified":"2026-01-21T06:42:25","modified_gmt":"2026-01-21T06:42:25","slug":"buena-calidad-xc7-sr07-minicargadora-para-la-venta","status":"publish","type":"product","link":"https:\/\/www.hcxmachinery.com\/es\/producto\/buena-calidad-xc7-sr07-minicargadora-para-la-venta\/","title":{"rendered":"Buena Calidad XC7-SR07 SKID-STEER LOADER Para la venta"},"content":{"rendered":"<h2>XC7-SR07<\/h2>\n<div>\n<p>XC7-SR07 es una cargadora de direcci\u00f3n deslizante innovadora desarrollada por XCMG basada en la plataforma internacional de I + D de acuerdo a las necesidades del mercado nacional. Con la tecnolog\u00eda actualizada y el rendimiento mejorado, se puede utilizar para una variedad de aplicaciones tales como la construcci\u00f3n de carreteras \/ mantenimiento \/ limpieza, ingenier\u00eda de construcci\u00f3n de edificios, la silvicultura, el paisaje del jard\u00edn, la agricultura, la pavimentaci\u00f3n \/ nivelaci\u00f3n de pendientes, y la elevaci\u00f3n \/ manipulaci\u00f3n.<\/p>\n<\/div>\n<h2 class=\"ace-line ace-line old-record-id-TeiEf5zvsdiETYcxiymA447c9mf\">Par\u00e1metro<\/h2>\n<div>\n<table>\n<thead>\n<tr>\n<th>Art\u00edculo<\/th>\n<th>Unidad<\/th>\n<th>Especificaci\u00f3n<\/th>\n<\/tr>\n<\/thead>\n<tbody>\n<tr>\n<td>Carga nominal<\/td>\n<td>kg<\/td>\n<td>750 - 910 (Configuraci\u00f3n general: 750 \/ 897 \/ 910)<\/td>\n<\/tr>\n<tr>\n<td>Carga de vuelco<\/td>\n<td>kg<\/td>\n<td>1500 &#8211; 1794<\/td>\n<\/tr>\n<tr>\n<td>Peso operativo<\/td>\n<td>kg<\/td>\n<td>2950 - 3150 (Configuraci\u00f3n t\u00edpica: 3140 - 3150)<\/td>\n<\/tr>\n<tr>\n<td>Capacidad del cubo<\/td>\n<td>m\u00b3<\/td>\n<td>\u00a00.35 &#8211; 0.45<\/td>\n<\/tr>\n<tr>\n<td>Potencia nominal<\/td>\n<td>kW \/ CV<\/td>\n<td>36,8 \/ 49,3 (Modelo de motor: Xinchai 4D27G31)<\/td>\n<\/tr>\n<tr>\n<td>Velocidad nominal<\/td>\n<td>rpm<\/td>\n<td>2400 &#8211; 2500<\/td>\n<\/tr>\n<tr>\n<td>Fuerza m\u00e1xima de arranque<\/td>\n<td>kN<\/td>\n<td>18 &#8211; 21.5<\/td>\n<\/tr>\n<tr>\n<td>Fuerza de tracci\u00f3n m\u00e1xima<\/td>\n<td>kN<\/td>\n<td>25<\/td>\n<\/tr>\n<tr>\n<td>Velocidad m\u00e1xima de desplazamiento<\/td>\n<td>km\/h<\/td>\n<td>14 &#8211; 16.2<\/td>\n<\/tr>\n<\/tbody>\n<\/table>\n<\/div>\n<h2>\u00a0Dimensiones y alcance<\/h2>\n<div><\/div>\n<div>\n<div>\n<table>\n<thead>\n<tr>\n<th>Art\u00edculo<\/th>\n<th>Unidad<\/th>\n<th>Especificaci\u00f3n<\/th>\n<\/tr>\n<\/thead>\n<tbody>\n<tr>\n<td>Dimensiones totales (L\u00d7A\u00d7H)<\/td>\n<td>mm<\/td>\n<td>3310 - 3410 \u00d7 1640 - 1800 \u00d7 1950 - 1960<\/td>\n<\/tr>\n<tr>\n<td>Distancia entre ejes<\/td>\n<td>mm<\/td>\n<td>1027 &#8211; 1079<\/td>\n<\/tr>\n<tr>\n<td>V\u00eda de las ruedas<\/td>\n<td>mm<\/td>\n<td>1370 &#8211; 1380<\/td>\n<\/tr>\n<tr>\n<td>Distancia m\u00ednima al suelo<\/td>\n<td>mm<\/td>\n<td>183<\/td>\n<\/tr>\n<tr>\n<td>Altura m\u00e1xima de funcionamiento<\/td>\n<td>mm<\/td>\n<td>3800 &#8211; 3878<\/td>\n<\/tr>\n<tr>\n<td>Altura m\u00e1xima de descarga<\/td>\n<td>mm<\/td>\n<td>2375 &#8211; 3057<\/td>\n<\/tr>\n<tr>\n<td>\u00c1ngulo de descarga<\/td>\n<td>\u00b0<\/td>\n<td>40<\/td>\n<\/tr>\n<tr>\n<td>Alcance del vertido<\/td>\n<td>mm<\/td>\n<td>575<\/td>\n<\/tr>\n<tr>\n<td>Radio de giro (sin cubo)<\/td>\n<td>mm<\/td>\n<td>1183<\/td>\n<\/tr>\n<tr>\n<td>Radio de giro (con cubo)<\/td>\n<td>mm<\/td>\n<td>2066<\/td>\n<\/tr>\n<tr>\n<td>Gradeabilidad<\/td>\n<td>\u00b0<\/td>\n<td>25<\/td>\n<\/tr>\n<\/tbody>\n<\/table>\n<p><img fetchpriority=\"high\" decoding=\"async\" class=\"alignnone size-medium wp-image-3521\" src=\"https:\/\/www.hcxmachinery.com\/wp-content\/uploads\/2026\/01\/xc7-sr07\uff087\uff09_WH_800x800px-300x300.webp\" alt=\"\" width=\"300\" height=\"300\" title=\"\" srcset=\"https:\/\/www.hcxmachinery.com\/wp-content\/uploads\/2026\/01\/xc7-sr07\uff087\uff09_WH_800x800px-300x300.webp 300w, https:\/\/www.hcxmachinery.com\/wp-content\/uploads\/2026\/01\/xc7-sr07\uff087\uff09_WH_800x800px-150x150.webp 150w, https:\/\/www.hcxmachinery.com\/wp-content\/uploads\/2026\/01\/xc7-sr07\uff087\uff09_WH_800x800px-768x768.webp 768w, https:\/\/www.hcxmachinery.com\/wp-content\/uploads\/2026\/01\/xc7-sr07\uff087\uff09_WH_800x800px-12x12.webp 12w, https:\/\/www.hcxmachinery.com\/wp-content\/uploads\/2026\/01\/xc7-sr07\uff087\uff09_WH_800x800px-600x600.webp 600w, https:\/\/www.hcxmachinery.com\/wp-content\/uploads\/2026\/01\/xc7-sr07\uff087\uff09_WH_800x800px-100x100.webp 100w, https:\/\/www.hcxmachinery.com\/wp-content\/uploads\/2026\/01\/xc7-sr07\uff087\uff09_WH_800x800px.webp 800w\" sizes=\"(max-width: 300px) 100vw, 300px\" \/> <img decoding=\"async\" class=\"alignnone size-medium wp-image-3520\" src=\"https:\/\/www.hcxmachinery.com\/wp-content\/uploads\/2026\/01\/xc7-sr07\uff086\uff09_WH_800x800px-300x300.webp\" alt=\"\" width=\"300\" height=\"300\" title=\"\" srcset=\"https:\/\/www.hcxmachinery.com\/wp-content\/uploads\/2026\/01\/xc7-sr07\uff086\uff09_WH_800x800px-300x300.webp 300w, https:\/\/www.hcxmachinery.com\/wp-content\/uploads\/2026\/01\/xc7-sr07\uff086\uff09_WH_800x800px-150x150.webp 150w, https:\/\/www.hcxmachinery.com\/wp-content\/uploads\/2026\/01\/xc7-sr07\uff086\uff09_WH_800x800px-768x768.webp 768w, https:\/\/www.hcxmachinery.com\/wp-content\/uploads\/2026\/01\/xc7-sr07\uff086\uff09_WH_800x800px-12x12.webp 12w, https:\/\/www.hcxmachinery.com\/wp-content\/uploads\/2026\/01\/xc7-sr07\uff086\uff09_WH_800x800px-600x600.webp 600w, https:\/\/www.hcxmachinery.com\/wp-content\/uploads\/2026\/01\/xc7-sr07\uff086\uff09_WH_800x800px-100x100.webp 100w, https:\/\/www.hcxmachinery.com\/wp-content\/uploads\/2026\/01\/xc7-sr07\uff086\uff09_WH_800x800px.webp 800w\" sizes=\"(max-width: 300px) 100vw, 300px\" \/> <img decoding=\"async\" class=\"alignnone size-medium wp-image-3519\" src=\"https:\/\/www.hcxmachinery.com\/wp-content\/uploads\/2026\/01\/xc7-sr07\uff085\uff09_WH_800x800px-300x300.webp\" alt=\"\" width=\"300\" height=\"300\" title=\"\" srcset=\"https:\/\/www.hcxmachinery.com\/wp-content\/uploads\/2026\/01\/xc7-sr07\uff085\uff09_WH_800x800px-300x300.webp 300w, https:\/\/www.hcxmachinery.com\/wp-content\/uploads\/2026\/01\/xc7-sr07\uff085\uff09_WH_800x800px-150x150.webp 150w, https:\/\/www.hcxmachinery.com\/wp-content\/uploads\/2026\/01\/xc7-sr07\uff085\uff09_WH_800x800px-768x768.webp 768w, https:\/\/www.hcxmachinery.com\/wp-content\/uploads\/2026\/01\/xc7-sr07\uff085\uff09_WH_800x800px-12x12.webp 12w, https:\/\/www.hcxmachinery.com\/wp-content\/uploads\/2026\/01\/xc7-sr07\uff085\uff09_WH_800x800px-600x600.webp 600w, https:\/\/www.hcxmachinery.com\/wp-content\/uploads\/2026\/01\/xc7-sr07\uff085\uff09_WH_800x800px-100x100.webp 100w, https:\/\/www.hcxmachinery.com\/wp-content\/uploads\/2026\/01\/xc7-sr07\uff085\uff09_WH_800x800px.webp 800w\" sizes=\"(max-width: 300px) 100vw, 300px\" \/> <img loading=\"lazy\" decoding=\"async\" class=\"alignnone size-medium wp-image-3518\" src=\"https:\/\/www.hcxmachinery.com\/wp-content\/uploads\/2026\/01\/xc7-sr07\uff084\uff09_WH_800x800px-300x300.webp\" alt=\"\" width=\"300\" height=\"300\" title=\"\" srcset=\"https:\/\/www.hcxmachinery.com\/wp-content\/uploads\/2026\/01\/xc7-sr07\uff084\uff09_WH_800x800px-300x300.webp 300w, https:\/\/www.hcxmachinery.com\/wp-content\/uploads\/2026\/01\/xc7-sr07\uff084\uff09_WH_800x800px-150x150.webp 150w, https:\/\/www.hcxmachinery.com\/wp-content\/uploads\/2026\/01\/xc7-sr07\uff084\uff09_WH_800x800px-768x768.webp 768w, https:\/\/www.hcxmachinery.com\/wp-content\/uploads\/2026\/01\/xc7-sr07\uff084\uff09_WH_800x800px-12x12.webp 12w, https:\/\/www.hcxmachinery.com\/wp-content\/uploads\/2026\/01\/xc7-sr07\uff084\uff09_WH_800x800px-600x600.webp 600w, https:\/\/www.hcxmachinery.com\/wp-content\/uploads\/2026\/01\/xc7-sr07\uff084\uff09_WH_800x800px-100x100.webp 100w, https:\/\/www.hcxmachinery.com\/wp-content\/uploads\/2026\/01\/xc7-sr07\uff084\uff09_WH_800x800px.webp 800w\" sizes=\"(max-width: 300px) 100vw, 300px\" \/> <img loading=\"lazy\" decoding=\"async\" class=\"alignnone size-medium wp-image-3517\" src=\"https:\/\/www.hcxmachinery.com\/wp-content\/uploads\/2026\/01\/xc7-sr07\uff083\uff09_WH_800x800px-300x300.webp\" alt=\"\" width=\"300\" height=\"300\" title=\"\" srcset=\"https:\/\/www.hcxmachinery.com\/wp-content\/uploads\/2026\/01\/xc7-sr07\uff083\uff09_WH_800x800px-300x300.webp 300w, https:\/\/www.hcxmachinery.com\/wp-content\/uploads\/2026\/01\/xc7-sr07\uff083\uff09_WH_800x800px-150x150.webp 150w, https:\/\/www.hcxmachinery.com\/wp-content\/uploads\/2026\/01\/xc7-sr07\uff083\uff09_WH_800x800px-768x768.webp 768w, https:\/\/www.hcxmachinery.com\/wp-content\/uploads\/2026\/01\/xc7-sr07\uff083\uff09_WH_800x800px-12x12.webp 12w, https:\/\/www.hcxmachinery.com\/wp-content\/uploads\/2026\/01\/xc7-sr07\uff083\uff09_WH_800x800px-600x600.webp 600w, https:\/\/www.hcxmachinery.com\/wp-content\/uploads\/2026\/01\/xc7-sr07\uff083\uff09_WH_800x800px-100x100.webp 100w, https:\/\/www.hcxmachinery.com\/wp-content\/uploads\/2026\/01\/xc7-sr07\uff083\uff09_WH_800x800px.webp 800w\" sizes=\"(max-width: 300px) 100vw, 300px\" \/> <img loading=\"lazy\" decoding=\"async\" class=\"alignnone size-medium wp-image-3516\" src=\"https:\/\/www.hcxmachinery.com\/wp-content\/uploads\/2026\/01\/xc7-sr07\uff082\uff09_WH_800x800px-300x300.webp\" alt=\"\" width=\"300\" height=\"300\" title=\"\" srcset=\"https:\/\/www.hcxmachinery.com\/wp-content\/uploads\/2026\/01\/xc7-sr07\uff082\uff09_WH_800x800px-300x300.webp 300w, https:\/\/www.hcxmachinery.com\/wp-content\/uploads\/2026\/01\/xc7-sr07\uff082\uff09_WH_800x800px-150x150.webp 150w, https:\/\/www.hcxmachinery.com\/wp-content\/uploads\/2026\/01\/xc7-sr07\uff082\uff09_WH_800x800px-768x768.webp 768w, https:\/\/www.hcxmachinery.com\/wp-content\/uploads\/2026\/01\/xc7-sr07\uff082\uff09_WH_800x800px-12x12.webp 12w, https:\/\/www.hcxmachinery.com\/wp-content\/uploads\/2026\/01\/xc7-sr07\uff082\uff09_WH_800x800px-600x600.webp 600w, https:\/\/www.hcxmachinery.com\/wp-content\/uploads\/2026\/01\/xc7-sr07\uff082\uff09_WH_800x800px-100x100.webp 100w, https:\/\/www.hcxmachinery.com\/wp-content\/uploads\/2026\/01\/xc7-sr07\uff082\uff09_WH_800x800px.webp 800w\" sizes=\"(max-width: 300px) 100vw, 300px\" \/><\/p>\n<\/div>\n<\/div>","protected":false},"excerpt":{"rendered":"<p>XC7-SR07 XC7-SR07 is an innovative skid steer loader developed by XCMG based on the international R&amp;D platform according to the [&hellip;]<\/p>","protected":false},"featured_media":3515,"template":"","meta":{"_acf_changed":false,"site-sidebar-layout":"default","site-content-layout":"","ast-site-content-layout":"default","site-content-style":"default","site-sidebar-style":"default","ast-global-header-display":"","ast-banner-title-visibility":"","ast-main-header-display":"","ast-hfb-above-header-display":"","ast-hfb-below-header-display":"","ast-hfb-mobile-header-display":"","site-post-title":"","ast-breadcrumbs-content":"","ast-featured-img":"","footer-sml-layout":"","theme-transparent-header-meta":"default","adv-header-id-meta":"","stick-header-meta":"default","header-above-stick-meta":"","header-main-stick-meta":"","header-below-stick-meta":"","astra-migrate-meta-layouts":"set","ast-page-background-enabled":"default","ast-page-background-meta":{"desktop":{"background-color":"var(--ast-global-color-4)","background-image":"","background-repeat":"repeat","background-position":"center center","background-size":"auto","background-attachment":"scroll","background-type":"","background-media":"","overlay-type":"","overlay-color":"","overlay-opacity":"","overlay-gradient":""},"tablet":{"background-color":"","background-image":"","background-repeat":"repeat","background-position":"center center","background-size":"auto","background-attachment":"scroll","background-type":"","background-media":"","overlay-type":"","overlay-color":"","overlay-opacity":"","overlay-gradient":""},"mobile":{"background-color":"","background-image":"","background-repeat":"repeat","background-position":"center center","background-size":"auto","background-attachment":"scroll","background-type":"","background-media":"","overlay-type":"","overlay-color":"","overlay-opacity":"","overlay-gradient":""}},"ast-content-background-meta":{"desktop":{"background-color":"var(--ast-global-color-5)","background-image":"","background-repeat":"repeat","background-position":"center center","background-size":"auto","background-attachment":"scroll","background-type":"","background-media":"","overlay-type":"","overlay-color":"","overlay-opacity":"","overlay-gradient":""},"tablet":{"background-color":"var(--ast-global-color-5)","background-image":"","background-repeat":"repeat","background-position":"center center","background-size":"auto","background-attachment":"scroll","background-type":"","background-media":"","overlay-type":"","overlay-color":"","overlay-opacity":"","overlay-gradient":""},"mobile":{"background-color":"var(--ast-global-color-5)","background-image":"","background-repeat":"repeat","background-position":"center center","background-size":"auto","background-attachment":"scroll","background-type":"","background-media":"","overlay-type":"","overlay-color":"","overlay-opacity":"","overlay-gradient":""}}},"product_cat":[48],"product_tag":[],"class_list":{"0":"post-3509","1":"product","2":"type-product","3":"status-publish","4":"has-post-thumbnail","6":"product_cat-loader","7":"desktop-align-left","8":"tablet-align-left","9":"mobile-align-left","10":"ast-product-gallery-layout-horizontal-slider","11":"ast-magnify-disabled","12":"ast-product-tabs-layout-horizontal","14":"first","15":"instock","16":"shipping-taxable","17":"product-type-simple"},"acf":[],"_links":{"self":[{"href":"https:\/\/www.hcxmachinery.com\/es\/wp-json\/wp\/v2\/product\/3509"}],"collection":[{"href":"https:\/\/www.hcxmachinery.com\/es\/wp-json\/wp\/v2\/product"}],"about":[{"href":"https:\/\/www.hcxmachinery.com\/es\/wp-json\/wp\/v2\/types\/product"}],"version-history":[{"count":9,"href":"https:\/\/www.hcxmachinery.com\/es\/wp-json\/wp\/v2\/product\/3509\/revisions"}],"predecessor-version":[{"id":3528,"href":"https:\/\/www.hcxmachinery.com\/es\/wp-json\/wp\/v2\/product\/3509\/revisions\/3528"}],"wp:featuredmedia":[{"embeddable":true,"href":"https:\/\/www.hcxmachinery.com\/es\/wp-json\/wp\/v2\/media\/3515"}],"wp:attachment":[{"href":"https:\/\/www.hcxmachinery.com\/es\/wp-json\/wp\/v2\/media?parent=3509"}],"wp:term":[{"taxonomy":"product_cat","embeddable":true,"href":"https:\/\/www.hcxmachinery.com\/es\/wp-json\/wp\/v2\/product_cat?post=3509"},{"taxonomy":"product_tag","embeddable":true,"href":"https:\/\/www.hcxmachinery.com\/es\/wp-json\/wp\/v2\/product_tag?post=3509"}],"curies":[{"name":"wp","href":"https:\/\/api.w.org\/{rel}","templated":true}]}}